{"id":128972,"date":"2018-07-27T21:02:06","date_gmt":"2018-07-27T21:02:06","guid":{"rendered":"https:\/\/www.trustedtranslations.com\/?page_id=128972"},"modified":"2024-09-04T17:17:23","modified_gmt":"2024-09-04T20:17:23","slug":"site-internet","status":"publish","type":"page","link":"https:\/\/www.trustedtranslations.com\/fr\/services\/humaine\/site-internet","title":{"rendered":"Site Internet"},"content":{"rendered":"","protected":false},"excerpt":{"rendered":"","protected":false},"author":1,"featured_media":235822,"parent":128976,"menu_order":2,"comment_status":"closed","ping_status":"closed","template":"","meta":{"site-sidebar-layout":"default","site-content-layout":"default","ast-site-content-layout":"default","site-content-style":"default","site-sidebar-style":"default","ast-global-header-display":"","ast-banner-title-visibility":"","ast-main-header-display":"","ast-hfb-above-header-display":"","ast-hfb-below-header-display":"","ast-hfb-mobile-header-display":"","site-post-title":"disabled","ast-breadcrumbs-content":"","ast-featured-img":"","footer-sml-layout":"","ast-disable-related-posts":"","theme-transparent-header-meta":"default","adv-header-id-meta":"","stick-header-meta":"","header-above-stick-meta":"","header-main-stick-meta":"","header-below-stick-meta":"","astra-migrate-meta-layouts":"set","ast-page-background-enabled":"default","ast-page-background-meta":{"desktop":{"background-color":"var(--ast-global-color-4)","background-image":"","background-repeat":"repeat","background-position":"center center","background-size":"auto","background-attachment":"scroll","background-type":"","background-media":"","overlay-type":"","overlay-color":"","overlay-opacity":"","overlay-gradient":""},"tablet":{"background-color":"","background-image":"","background-repeat":"repeat","background-position":"center center","background-size":"auto","background-attachment":"scroll","background-type":"","background-media":"","overlay-type":"","overlay-color":"","overlay-opacity":"","overlay-gradient":""},"mobile":{"background-color":"","background-image":"","background-repeat":"repeat","background-position":"center center","background-size":"auto","background-attachment":"scroll","background-type":"","background-media":"","overlay-type":"","overlay-color":"","overlay-opacity":"","overlay-gradient":""}},"ast-content-background-meta":{"desktop":{"background-color":"var(--ast-global-color-5)","background-image":"","background-repeat":"repeat","background-position":"center center","background-size":"auto","background-attachment":"scroll","background-type":"","background-media":"","overlay-type":"","overlay-color":"","overlay-opacity":"","overlay-gradient":""},"tablet":{"background-color":"var(--ast-global-color-5)","background-image":"","background-repeat":"repeat","background-position":"center center","background-size":"auto","background-attachment":"scroll","background-type":"","background-media":"","overlay-type":"","overlay-color":"","overlay-opacity":"","overlay-gradient":""},"mobile":{"background-color":"var(--ast-global-color-5)","background-image":"","background-repeat":"repeat","background-position":"center center","background-size":"auto","background-attachment":"scroll","background-type":"","background-media":"","overlay-type":"","overlay-color":"","overlay-opacity":"","overlay-gradient":""}},"footnotes":""},"class_list":["post-128972","page","type-page","status-publish","has-post-thumbnail","hentry"],"yoast_head":"<!-- This site is optimized with the Yoast SEO plugin v27.3 - https:\/\/yoast.com\/product\/yoast-seo-wordpress\/ -->\n<title>Traduction et localisation de sites Web - Trusted Translations, Inc.<\/title>\n<meta name=\"description\" content=\"Trusted Translations peut vous aider \u00e0 d\u00e9velopper une pr\u00e9sence Internet v\u00e9ritablement mondiale en traduisant soit l&#039;int\u00e9gralit\u00e9 de votre site Internet, soit uniquement les pages cl\u00e9s.\" \/>\n<meta name=\"robots\" content=\"index, follow, max-snippet:-1, max-image-preview:large, max-video-preview:-1\" \/>\n<link rel=\"canonical\" href=\"https:\/\/www.trustedtranslations.com\/fr\/services\/humaine\/site-internet\" \/>\n<meta property=\"og:locale\" content=\"fr_FR\" \/>\n<meta property=\"og:type\" content=\"article\" \/>\n<meta property=\"og:title\" content=\"Traduction et localisation de sites Web - Trusted Translations, Inc.\" \/>\n<meta property=\"og:description\" content=\"Trusted Translations peut vous aider \u00e0 d\u00e9velopper une pr\u00e9sence Internet v\u00e9ritablement mondiale en traduisant soit l&#039;int\u00e9gralit\u00e9 de votre site Internet, soit uniquement les pages cl\u00e9s.\" \/>\n<meta property=\"og:url\" content=\"https:\/\/www.trustedtranslations.com\/fr\/services\/humaine\/site-internet\" \/>\n<meta property=\"og:site_name\" content=\"Trusted Translations, Inc.\" \/>\n<meta property=\"article:publisher\" content=\"https:\/\/www.facebook.com\/Trusted.Translations\" \/>\n<meta property=\"article:modified_time\" content=\"2024-09-04T20:17:23+00:00\" \/>\n<meta property=\"og:image\" content=\"https:\/\/static.trustedtranslations.com\/wp-content\/uploads\/2024\/02\/TT-ICON_Human-translation.webp\" \/>\n\t<meta property=\"og:image:width\" content=\"150\" \/>\n\t<meta property=\"og:image:height\" content=\"150\" \/>\n\t<meta property=\"og:image:type\" content=\"image\/webp\" \/>\n<meta name=\"twitter:card\" content=\"summary_large_image\" \/>\n<meta name=\"twitter:site\" content=\"@TrustedT9ns\" \/>\n<script type=\"application\/ld+json\" class=\"yoast-schema-graph\">{\"@context\":\"https:\\\/\\\/schema.org\",\"@graph\":[{\"@type\":\"WebPage\",\"@id\":\"https:\\\/\\\/www.trustedtranslations.com\\\/fr\\\/services\\\/humaine\\\/site-internet\",\"url\":\"https:\\\/\\\/www.trustedtranslations.com\\\/fr\\\/services\\\/humaine\\\/site-internet\",\"name\":\"Traduction et localisation de sites Web - Trusted Translations, Inc.\",\"isPartOf\":{\"@id\":\"https:\\\/\\\/www.trustedtranslations.com\\\/fr\\\/#website\"},\"primaryImageOfPage\":{\"@id\":\"https:\\\/\\\/www.trustedtranslations.com\\\/fr\\\/services\\\/humaine\\\/site-internet#primaryimage\"},\"image\":{\"@id\":\"https:\\\/\\\/www.trustedtranslations.com\\\/fr\\\/services\\\/humaine\\\/site-internet#primaryimage\"},\"thumbnailUrl\":\"https:\\\/\\\/www.trustedtranslations.com\\\/wp-content\\\/uploads\\\/2024\\\/02\\\/TT-ICON_Human-translation.webp\",\"description\":\"Trusted Translations peut vous aider \u00e0 d\u00e9velopper une pr\u00e9sence Internet v\u00e9ritablement mondiale en traduisant soit l'int\u00e9gralit\u00e9 de votre site Internet, soit uniquement les pages cl\u00e9s.\",\"breadcrumb\":{\"@id\":\"https:\\\/\\\/www.trustedtranslations.com\\\/fr\\\/services\\\/humaine\\\/site-internet#breadcrumb\"},\"inLanguage\":\"fr-FR\",\"potentialAction\":[{\"@type\":\"ReadAction\",\"target\":[\"https:\\\/\\\/www.trustedtranslations.com\\\/fr\\\/services\\\/humaine\\\/site-internet\"]}]},{\"@type\":\"ImageObject\",\"inLanguage\":\"fr-FR\",\"@id\":\"https:\\\/\\\/www.trustedtranslations.com\\\/fr\\\/services\\\/humaine\\\/site-internet#primaryimage\",\"url\":\"https:\\\/\\\/www.trustedtranslations.com\\\/wp-content\\\/uploads\\\/2024\\\/02\\\/TT-ICON_Human-translation.webp\",\"contentUrl\":\"https:\\\/\\\/www.trustedtranslations.com\\\/wp-content\\\/uploads\\\/2024\\\/02\\\/TT-ICON_Human-translation.webp\",\"width\":150,\"height\":150,\"caption\":\"TT ICON Human translation\"},{\"@type\":\"BreadcrumbList\",\"@id\":\"https:\\\/\\\/www.trustedtranslations.com\\\/fr\\\/services\\\/humaine\\\/site-internet#breadcrumb\",\"itemListElement\":[{\"@type\":\"ListItem\",\"position\":1,\"name\":\"Accueil\",\"item\":\"https:\\\/\\\/www.trustedtranslations.com\\\/fr\"},{\"@type\":\"ListItem\",\"position\":2,\"name\":\"Services\",\"item\":\"https:\\\/\\\/www.trustedtranslations.com\\\/fr\\\/services\"},{\"@type\":\"ListItem\",\"position\":3,\"name\":\"Traduction humaine\",\"item\":\"https:\\\/\\\/www.trustedtranslations.com\\\/fr\\\/services\\\/humaine\"},{\"@type\":\"ListItem\",\"position\":4,\"name\":\"Site Internet\"}]},{\"@type\":\"WebSite\",\"@id\":\"https:\\\/\\\/www.trustedtranslations.com\\\/fr\\\/#website\",\"url\":\"https:\\\/\\\/www.trustedtranslations.com\\\/fr\\\/\",\"name\":\"Trusted Translations, Inc.\",\"description\":\"Leader in translation and interpretation services.\",\"publisher\":{\"@id\":\"https:\\\/\\\/www.trustedtranslations.com\\\/fr\\\/#organization\"},\"alternateName\":\"Trusted Translations\",\"potentialAction\":[{\"@type\":\"SearchAction\",\"target\":{\"@type\":\"EntryPoint\",\"urlTemplate\":\"https:\\\/\\\/www.trustedtranslations.com\\\/fr\\\/?s={search_term_string}\"},\"query-input\":{\"@type\":\"PropertyValueSpecification\",\"valueRequired\":true,\"valueName\":\"search_term_string\"}}],\"inLanguage\":\"fr-FR\"},{\"@type\":\"Organization\",\"@id\":\"https:\\\/\\\/www.trustedtranslations.com\\\/fr\\\/#organization\",\"name\":\"Trusted Translations\",\"alternateName\":\"Trusted Translations, Inc.\",\"url\":\"https:\\\/\\\/www.trustedtranslations.com\\\/fr\\\/\",\"logo\":{\"@type\":\"ImageObject\",\"inLanguage\":\"fr-FR\",\"@id\":\"https:\\\/\\\/www.trustedtranslations.com\\\/fr\\\/#\\\/schema\\\/logo\\\/image\\\/\",\"url\":\"https:\\\/\\\/static.trustedtranslations.com\\\/wp-content\\\/uploads\\\/2022\\\/01\\\/TT_logo_WSIColors-2.png\",\"contentUrl\":\"https:\\\/\\\/static.trustedtranslations.com\\\/wp-content\\\/uploads\\\/2022\\\/01\\\/TT_logo_WSIColors-2.png\",\"width\":500,\"height\":196,\"caption\":\"Trusted Translations\"},\"image\":{\"@id\":\"https:\\\/\\\/www.trustedtranslations.com\\\/fr\\\/#\\\/schema\\\/logo\\\/image\\\/\"},\"sameAs\":[\"https:\\\/\\\/www.facebook.com\\\/Trusted.Translations\",\"https:\\\/\\\/x.com\\\/TrustedT9ns\",\"https:\\\/\\\/www.linkedin.com\\\/company\\\/trusted-translations\"]}]}<\/script>\n<!-- \/ Yoast SEO plugin. -->","yoast_head_json":{"title":"Traduction et localisation de sites Web - Trusted Translations, Inc.","description":"Trusted Translations peut vous aider \u00e0 d\u00e9velopper une pr\u00e9sence Internet v\u00e9ritablement mondiale en traduisant soit l'int\u00e9gralit\u00e9 de votre site Internet, soit uniquement les pages cl\u00e9s.","robots":{"index":"index","follow":"follow","max-snippet":"max-snippet:-1","max-image-preview":"max-image-preview:large","max-video-preview":"max-video-preview:-1"},"canonical":"https:\/\/www.trustedtranslations.com\/fr\/services\/humaine\/site-internet","og_locale":"fr_FR","og_type":"article","og_title":"Traduction et localisation de sites Web - Trusted Translations, Inc.","og_description":"Trusted Translations peut vous aider \u00e0 d\u00e9velopper une pr\u00e9sence Internet v\u00e9ritablement mondiale en traduisant soit l'int\u00e9gralit\u00e9 de votre site Internet, soit uniquement les pages cl\u00e9s.","og_url":"https:\/\/www.trustedtranslations.com\/fr\/services\/humaine\/site-internet","og_site_name":"Trusted Translations, Inc.","article_publisher":"https:\/\/www.facebook.com\/Trusted.Translations","article_modified_time":"2024-09-04T20:17:23+00:00","og_image":[{"width":150,"height":150,"url":"https:\/\/static.trustedtranslations.com\/wp-content\/uploads\/2024\/02\/TT-ICON_Human-translation.webp","type":"image\/webp"}],"twitter_card":"summary_large_image","twitter_site":"@TrustedT9ns","schema":{"@context":"https:\/\/schema.org","@graph":[{"@type":"WebPage","@id":"https:\/\/www.trustedtranslations.com\/fr\/services\/humaine\/site-internet","url":"https:\/\/www.trustedtranslations.com\/fr\/services\/humaine\/site-internet","name":"Traduction et localisation de sites Web - Trusted Translations, Inc.","isPartOf":{"@id":"https:\/\/www.trustedtranslations.com\/fr\/#website"},"primaryImageOfPage":{"@id":"https:\/\/www.trustedtranslations.com\/fr\/services\/humaine\/site-internet#primaryimage"},"image":{"@id":"https:\/\/www.trustedtranslations.com\/fr\/services\/humaine\/site-internet#primaryimage"},"thumbnailUrl":"https:\/\/www.trustedtranslations.com\/wp-content\/uploads\/2024\/02\/TT-ICON_Human-translation.webp","description":"Trusted Translations peut vous aider \u00e0 d\u00e9velopper une pr\u00e9sence Internet v\u00e9ritablement mondiale en traduisant soit l'int\u00e9gralit\u00e9 de votre site Internet, soit uniquement les pages cl\u00e9s.","breadcrumb":{"@id":"https:\/\/www.trustedtranslations.com\/fr\/services\/humaine\/site-internet#breadcrumb"},"inLanguage":"fr-FR","potentialAction":[{"@type":"ReadAction","target":["https:\/\/www.trustedtranslations.com\/fr\/services\/humaine\/site-internet"]}]},{"@type":"ImageObject","inLanguage":"fr-FR","@id":"https:\/\/www.trustedtranslations.com\/fr\/services\/humaine\/site-internet#primaryimage","url":"https:\/\/www.trustedtranslations.com\/wp-content\/uploads\/2024\/02\/TT-ICON_Human-translation.webp","contentUrl":"https:\/\/www.trustedtranslations.com\/wp-content\/uploads\/2024\/02\/TT-ICON_Human-translation.webp","width":150,"height":150,"caption":"TT ICON Human translation"},{"@type":"BreadcrumbList","@id":"https:\/\/www.trustedtranslations.com\/fr\/services\/humaine\/site-internet#breadcrumb","itemListElement":[{"@type":"ListItem","position":1,"name":"Accueil","item":"https:\/\/www.trustedtranslations.com\/fr"},{"@type":"ListItem","position":2,"name":"Services","item":"https:\/\/www.trustedtranslations.com\/fr\/services"},{"@type":"ListItem","position":3,"name":"Traduction humaine","item":"https:\/\/www.trustedtranslations.com\/fr\/services\/humaine"},{"@type":"ListItem","position":4,"name":"Site Internet"}]},{"@type":"WebSite","@id":"https:\/\/www.trustedtranslations.com\/fr\/#website","url":"https:\/\/www.trustedtranslations.com\/fr\/","name":"Trusted Translations, Inc.","description":"Leader in translation and interpretation services.","publisher":{"@id":"https:\/\/www.trustedtranslations.com\/fr\/#organization"},"alternateName":"Trusted Translations","potentialAction":[{"@type":"SearchAction","target":{"@type":"EntryPoint","urlTemplate":"https:\/\/www.trustedtranslations.com\/fr\/?s={search_term_string}"},"query-input":{"@type":"PropertyValueSpecification","valueRequired":true,"valueName":"search_term_string"}}],"inLanguage":"fr-FR"},{"@type":"Organization","@id":"https:\/\/www.trustedtranslations.com\/fr\/#organization","name":"Trusted Translations","alternateName":"Trusted Translations, Inc.","url":"https:\/\/www.trustedtranslations.com\/fr\/","logo":{"@type":"ImageObject","inLanguage":"fr-FR","@id":"https:\/\/www.trustedtranslations.com\/fr\/#\/schema\/logo\/image\/","url":"https:\/\/static.trustedtranslations.com\/wp-content\/uploads\/2022\/01\/TT_logo_WSIColors-2.png","contentUrl":"https:\/\/static.trustedtranslations.com\/wp-content\/uploads\/2022\/01\/TT_logo_WSIColors-2.png","width":500,"height":196,"caption":"Trusted Translations"},"image":{"@id":"https:\/\/www.trustedtranslations.com\/fr\/#\/schema\/logo\/image\/"},"sameAs":["https:\/\/www.facebook.com\/Trusted.Translations","https:\/\/x.com\/TrustedT9ns","https:\/\/www.linkedin.com\/company\/trusted-translations"]}]}},"toolset-meta":{"dyk":{"mensaje-1":{"type":"textfield","raw":""},"mensaje-2":{"type":"textfield","raw":"Plus de 70\u00a0% des consommateurs privil\u00e9gient la visite de sites Internet dans leur langue maternelle."},"mensaje-3":{"type":"textfield","raw":""},"mensaje-4":{"type":"textfield","raw":""},"mensaje-5":{"type":"textfield","raw":""},"mensaje-6":{"type":"textfield","raw":""}},"single-page-template-fields":{"imgs-temp":{"type":"image","raw":["https:\/\/static.trustedtranslations.com\/wp-content\/uploads\/2024\/06\/website-final-1.webp"],"repeatable":[{"raw":"https:\/\/static.trustedtranslations.com\/wp-content\/uploads\/2024\/06\/website-final-1.webp"}]},"imgs-temp-cel":{"type":"image","raw":[""],"repeatable":[{"raw":""}]},"img-temp-one-cel":{"type":"image","raw":"https:\/\/static.trustedtranslations.com\/wp-content\/uploads\/2024\/06\/AdobeStock_115834323-3-1.webp","attachment_id":null},"quotes":{"type":"textarea","raw":"<h1 style=\"margin-bottom: 12px;\">Sites Internet multilingues<\/h1>\r\nEn tant que pierre angulaire de la nouvelle \u00e9conomie, votre site Internet est l'un de vos outils de marketing les plus pr\u00e9cieux. Ainsi, le d\u00e9ploiement de votre site dans plusieurs langues peut avoir un effet exponentiel sur vos ventes et votre pr\u00e9sence en ligne. Trusted Translations a travaill\u00e9 avec de grandes, moyennes et petites organisations pour traduire et construire avec succ\u00e8s leurs sites Internet et plateformes multilingues.\r\n<div style=\"margin-top: 2.5vw;\"><a class=\"tt-btn-main-cta\" href=\"https:\/\/www.trustedtranslations.com\/fr\/devis-traduction\">Demandez un devis gratuit<\/a><\/div>"},"text-1":{"type":"textarea","raw":"<h2>Faire de votre site Internet un site multilingue<\/h2>\r\nPour traduire efficacement votre site Internet, nos professionnels de la langue se sp\u00e9cialisent dans la traduction de contenu comprenant des termes hautement techniques dans des domaines tels que l'ing\u00e9nierie, l'informatique, les machines industrielles, l'\u00e9lectronique, la m\u00e9canique, l'\u00e9lectricit\u00e9, la fabrication, l'automatisation, le marketing, la finance et bien d'autres. Plus de 50\u00a0% de tout le trafic Internet provient de pays non anglophones. Nous avons une \u00e9quipe d\u00e9di\u00e9e qui peut vous aider \u00e0 d\u00e9velopper une pr\u00e9sence Internet v\u00e9ritablement mondiale. Le march\u00e9 en ligne a connu une croissance annuelle \u00e0 deux chiffres au cours des derni\u00e8res ann\u00e9es et continuera probablement \u00e0 le faire.\r\n<h2>Traduction de site Internet en espagnol<\/h2>\r\n<em>Trusted Translations<\/em> peut traduire des contenus allant d'une seule page Internet (par exemple, votre page d'accueil) \u00e0 l'int\u00e9gralit\u00e9 de votre site Internet vers et depuis l'espagnol et l'anglais, sans perdre aucune fonctionnalit\u00e9. Nos experts manipulent quotidiennement des scripts HTML, PHP, ASP, JavaScript et CGI, ce qui nous permet de garantir l'int\u00e9grit\u00e9 de votre codage original. La traduction de sites Internet exige une pr\u00e9cision totale, des connaissances culturelles sp\u00e9cialis\u00e9es et un haut niveau d'organisation. Nous travaillons en \u00e9troite collaboration avec nos clients pour nous assurer que ces exigences sont respect\u00e9es. Les clients Internet vont des marchandiseurs de mode aux fabricants d'\u00e9quipements. Que le texte soit technique, marketing, ax\u00e9 sur le style de vie ou qu'il comporte une combinaison de ces trois \u00e9l\u00e9ments, <em>Trusted Translations<\/em> rassemble une \u00e9quipe ayant l'\u00e9tendue et la profondeur n\u00e9cessaires pour produire un contenu pr\u00e9cis et convaincant adapt\u00e9 \u00e0 votre march\u00e9 cible.\r\n<h2>Localisation de site Internet<\/h2>\r\nLa localisation de sites Internet est d\u00e9finie comme le processus de conversion du format et du contenu d'un site Internet en une forme linguistiquement et culturellement appropri\u00e9e pour un autre march\u00e9 linguistique. C'est l'adaptation des graphismes, du syst\u00e8me de navigation, de l'optimisation et bien plus encore. La confiance est tr\u00e8s importante pour les clients Internet et \u00e0 cette fin, votre site doit avoir l'aspect, la consonance et la convivialit\u00e9 qui conviennent au march\u00e9 cible sp\u00e9cifique."},"shortcode-map":{"type":"textfield","raw":""},"dyk-shortcode":{"type":"textfield","raw":"[elementor-template id=\"146546\"]"},"text-2":{"type":"textarea","raw":"<h2>Localiser votre site<\/h2>\r\nLorsque vous prenez la d\u00e9cision de localiser votre site Internet, cela signifie plus que la simple traduction du contenu. La localisation Internet n\u00e9cessite une mani\u00e8re diff\u00e9rente de concevoir le site. Vous devrez peut-\u00eatre repenser votre site lorsque vous passez de vous adresser \u00e0 un public particulier \u00e0 un autre compl\u00e8tement diff\u00e9rent. Notre \u00e9quipe de localisation peut vous accompagner \u00e0 chaque \u00e9tape du processus\u00a0: nos services incluent la traduction de la langue \u00e9crite coupl\u00e9e aux changements de format n\u00e9cessaires, la cr\u00e9ation de liens corrects, d'URL (adresses Internet) et enfin, le d\u00e9ploiement d'une sensibilit\u00e9 vitale aux diff\u00e9rences culturelles. Voici une liste des produits de localisation courants\u00a0:\r\n<ul>\r\n \t<li><a href=\"https:\/\/www.trustedtranslations.com\/fr\/services\/formats-de-fichiers\/wordpress\" target=\"_blank\" rel=\"noopener\">Contenu de sites Internet<\/a><\/li>\r\n \t<li>Traductions adapt\u00e9es \u00e0 Internet (pour \u00e9viter le double codage)<\/li>\r\n \t<li>Localisation de graphismes 2D et 3D<\/li>\r\n \t<li>Applications Internet et multim\u00e9dia<\/li>\r\n \t<li>Composants audio et vid\u00e9o<\/li>\r\n \t<li>Publication Internet<\/li>\r\n \t<li>Publication XML<\/li>\r\n \t<li>Adaptation des devises pour les boutiques en ligne<\/li>\r\n<\/ul>\r\n<h2>Localisation de sites Internet en espagnol<\/h2>\r\nEn tant que leader de la mondialisation en espagnol, nous disposons de l'expertise n\u00e9cessaire pour vous aider \u00e0 localiser votre message afin de cibler un march\u00e9 hispanophone sp\u00e9cifique ou tous les march\u00e9s hispanophones par le biais d'un seul site Internet espagnol r\u00e9dig\u00e9 en espagnol neutre."},"state":{"type":"textfield","raw":""},"city":{"type":"textarea","raw":[]}}},"_links":{"self":[{"href":"https:\/\/www.trustedtranslations.com\/fr\/wp-json\/wp\/v2\/pages\/128972","targetHints":{"allow":["GET"]}}],"collection":[{"href":"https:\/\/www.trustedtranslations.com\/fr\/wp-json\/wp\/v2\/pages"}],"about":[{"href":"https:\/\/www.trustedtranslations.com\/fr\/wp-json\/wp\/v2\/types\/page"}],"author":[{"embeddable":true,"href":"https:\/\/www.trustedtranslations.com\/fr\/wp-json\/wp\/v2\/users\/1"}],"replies":[{"embeddable":true,"href":"https:\/\/www.trustedtranslations.com\/fr\/wp-json\/wp\/v2\/comments?post=128972"}],"version-history":[{"count":0,"href":"https:\/\/www.trustedtranslations.com\/fr\/wp-json\/wp\/v2\/pages\/128972\/revisions"}],"up":[{"embeddable":true,"href":"https:\/\/www.trustedtranslations.com\/fr\/wp-json\/wp\/v2\/pages\/128976"}],"wp:featuredmedia":[{"embeddable":true,"href":"https:\/\/www.trustedtranslations.com\/fr\/wp-json\/wp\/v2\/media\/235822"}],"wp:attachment":[{"href":"https:\/\/www.trustedtranslations.com\/fr\/wp-json\/wp\/v2\/media?parent=128972"}],"curies":[{"name":"wp","href":"https:\/\/api.w.org\/{rel}","templated":true}]}}