{"id":128973,"date":"2018-07-27T21:02:03","date_gmt":"2018-07-27T21:02:03","guid":{"rendered":"https:\/\/www.trustedtranslations.com\/?page_id=128973"},"modified":"2025-08-14T13:09:06","modified_gmt":"2025-08-14T16:09:06","slug":"documents","status":"publish","type":"page","link":"https:\/\/www.trustedtranslations.com\/fr\/services\/humaine\/documents","title":{"rendered":"Document"},"content":{"rendered":"","protected":false},"excerpt":{"rendered":"","protected":false},"author":1,"featured_media":236270,"parent":128976,"menu_order":1,"comment_status":"closed","ping_status":"closed","template":"","meta":{"site-sidebar-layout":"default","site-content-layout":"default","ast-site-content-layout":"default","site-content-style":"default","site-sidebar-style":"default","ast-global-header-display":"","ast-banner-title-visibility":"","ast-main-header-display":"","ast-hfb-above-header-display":"","ast-hfb-below-header-display":"","ast-hfb-mobile-header-display":"","site-post-title":"disabled","ast-breadcrumbs-content":"","ast-featured-img":"","footer-sml-layout":"","ast-disable-related-posts":"","theme-transparent-header-meta":"default","adv-header-id-meta":"","stick-header-meta":"","header-above-stick-meta":"","header-main-stick-meta":"","header-below-stick-meta":"","astra-migrate-meta-layouts":"set","ast-page-background-enabled":"default","ast-page-background-meta":{"desktop":{"background-color":"var(--ast-global-color-4)","background-image":"","background-repeat":"repeat","background-position":"center center","background-size":"auto","background-attachment":"scroll","background-type":"","background-media":"","overlay-type":"","overlay-color":"","overlay-opacity":"","overlay-gradient":""},"tablet":{"background-color":"","background-image":"","background-repeat":"repeat","background-position":"center center","background-size":"auto","background-attachment":"scroll","background-type":"","background-media":"","overlay-type":"","overlay-color":"","overlay-opacity":"","overlay-gradient":""},"mobile":{"background-color":"","background-image":"","background-repeat":"repeat","background-position":"center center","background-size":"auto","background-attachment":"scroll","background-type":"","background-media":"","overlay-type":"","overlay-color":"","overlay-opacity":"","overlay-gradient":""}},"ast-content-background-meta":{"desktop":{"background-color":"var(--ast-global-color-5)","background-image":"","background-repeat":"repeat","background-position":"center center","background-size":"auto","background-attachment":"scroll","background-type":"","background-media":"","overlay-type":"","overlay-color":"","overlay-opacity":"","overlay-gradient":""},"tablet":{"background-color":"var(--ast-global-color-5)","background-image":"","background-repeat":"repeat","background-position":"center center","background-size":"auto","background-attachment":"scroll","background-type":"","background-media":"","overlay-type":"","overlay-color":"","overlay-opacity":"","overlay-gradient":""},"mobile":{"background-color":"var(--ast-global-color-5)","background-image":"","background-repeat":"repeat","background-position":"center center","background-size":"auto","background-attachment":"scroll","background-type":"","background-media":"","overlay-type":"","overlay-color":"","overlay-opacity":"","overlay-gradient":""}},"footnotes":""},"class_list":["post-128973","page","type-page","status-publish","has-post-thumbnail","hentry"],"yoast_head":"<!-- This site is optimized with the Yoast SEO plugin v27.5 - https:\/\/yoast.com\/product\/yoast-seo-wordpress\/ -->\n<title>Traductions de documents - Trusted Translations, Inc.<\/title>\n<meta name=\"description\" content=\"Vous recherchez le meilleur service de traduction de documents\u00a0? La solution est toute trouv\u00e9e, c&#039;est nous\u00a0! Cliquez ici et demandez un devis gratuit.\" \/>\n<meta name=\"robots\" content=\"index, follow, max-snippet:-1, max-image-preview:large, max-video-preview:-1\" \/>\n<link rel=\"canonical\" href=\"https:\/\/www.trustedtranslations.com\/fr\/services\/humaine\/documents\" \/>\n<meta property=\"og:locale\" content=\"fr_FR\" \/>\n<meta property=\"og:type\" content=\"article\" \/>\n<meta property=\"og:title\" content=\"Traductions de documents - Trusted Translations, Inc.\" \/>\n<meta property=\"og:description\" content=\"Vous recherchez le meilleur service de traduction de documents\u00a0? La solution est toute trouv\u00e9e, c&#039;est nous\u00a0! Cliquez ici et demandez un devis gratuit.\" \/>\n<meta property=\"og:url\" content=\"https:\/\/www.trustedtranslations.com\/fr\/services\/humaine\/documents\" \/>\n<meta property=\"og:site_name\" content=\"Trusted Translations, Inc.\" \/>\n<meta property=\"article:publisher\" content=\"https:\/\/www.facebook.com\/Trusted.Translations\" \/>\n<meta property=\"article:modified_time\" content=\"2025-08-14T16:09:06+00:00\" \/>\n<meta property=\"og:image\" content=\"https:\/\/static.trustedtranslations.com\/wp-content\/uploads\/2024\/02\/TT-ICON_Document-Translations.webp\" \/>\n\t<meta property=\"og:image:width\" content=\"150\" \/>\n\t<meta property=\"og:image:height\" content=\"151\" \/>\n\t<meta property=\"og:image:type\" content=\"image\/webp\" \/>\n<meta name=\"twitter:card\" content=\"summary_large_image\" \/>\n<meta name=\"twitter:site\" content=\"@TrustedT9ns\" \/>\n<script type=\"application\/ld+json\" class=\"yoast-schema-graph\">{\"@context\":\"https:\\\/\\\/schema.org\",\"@graph\":[{\"@type\":\"WebPage\",\"@id\":\"https:\\\/\\\/www.trustedtranslations.com\\\/fr\\\/services\\\/humaine\\\/documents\",\"url\":\"https:\\\/\\\/www.trustedtranslations.com\\\/fr\\\/services\\\/humaine\\\/documents\",\"name\":\"Traductions de documents - Trusted Translations, Inc.\",\"isPartOf\":{\"@id\":\"https:\\\/\\\/www.trustedtranslations.com\\\/fr\\\/#website\"},\"primaryImageOfPage\":{\"@id\":\"https:\\\/\\\/www.trustedtranslations.com\\\/fr\\\/services\\\/humaine\\\/documents#primaryimage\"},\"image\":{\"@id\":\"https:\\\/\\\/www.trustedtranslations.com\\\/fr\\\/services\\\/humaine\\\/documents#primaryimage\"},\"thumbnailUrl\":\"https:\\\/\\\/www.trustedtranslations.com\\\/wp-content\\\/uploads\\\/2024\\\/02\\\/TT-ICON_Document-Translations.webp\",\"description\":\"Vous recherchez le meilleur service de traduction de documents\u00a0? La solution est toute trouv\u00e9e, c'est nous\u00a0! Cliquez ici et demandez un devis gratuit.\",\"breadcrumb\":{\"@id\":\"https:\\\/\\\/www.trustedtranslations.com\\\/fr\\\/services\\\/humaine\\\/documents#breadcrumb\"},\"inLanguage\":\"fr-FR\",\"potentialAction\":[{\"@type\":\"ReadAction\",\"target\":[\"https:\\\/\\\/www.trustedtranslations.com\\\/fr\\\/services\\\/humaine\\\/documents\"]}]},{\"@type\":\"ImageObject\",\"inLanguage\":\"fr-FR\",\"@id\":\"https:\\\/\\\/www.trustedtranslations.com\\\/fr\\\/services\\\/humaine\\\/documents#primaryimage\",\"url\":\"https:\\\/\\\/www.trustedtranslations.com\\\/wp-content\\\/uploads\\\/2024\\\/02\\\/TT-ICON_Document-Translations.webp\",\"contentUrl\":\"https:\\\/\\\/www.trustedtranslations.com\\\/wp-content\\\/uploads\\\/2024\\\/02\\\/TT-ICON_Document-Translations.webp\",\"width\":150,\"height\":151,\"caption\":\"TT ICON Document Translations\"},{\"@type\":\"BreadcrumbList\",\"@id\":\"https:\\\/\\\/www.trustedtranslations.com\\\/fr\\\/services\\\/humaine\\\/documents#breadcrumb\",\"itemListElement\":[{\"@type\":\"ListItem\",\"position\":1,\"name\":\"Accueil\",\"item\":\"https:\\\/\\\/www.trustedtranslations.com\\\/fr\"},{\"@type\":\"ListItem\",\"position\":2,\"name\":\"Services\",\"item\":\"https:\\\/\\\/www.trustedtranslations.com\\\/fr\\\/services\"},{\"@type\":\"ListItem\",\"position\":3,\"name\":\"Traduction humaine\",\"item\":\"https:\\\/\\\/www.trustedtranslations.com\\\/fr\\\/services\\\/humaine\"},{\"@type\":\"ListItem\",\"position\":4,\"name\":\"Document\"}]},{\"@type\":\"WebSite\",\"@id\":\"https:\\\/\\\/www.trustedtranslations.com\\\/fr\\\/#website\",\"url\":\"https:\\\/\\\/www.trustedtranslations.com\\\/fr\\\/\",\"name\":\"Trusted Translations, Inc.\",\"description\":\"Leader in translation and interpretation services.\",\"publisher\":{\"@id\":\"https:\\\/\\\/www.trustedtranslations.com\\\/fr\\\/#organization\"},\"alternateName\":\"Trusted Translations\",\"potentialAction\":[{\"@type\":\"SearchAction\",\"target\":{\"@type\":\"EntryPoint\",\"urlTemplate\":\"https:\\\/\\\/www.trustedtranslations.com\\\/fr\\\/?s={search_term_string}\"},\"query-input\":{\"@type\":\"PropertyValueSpecification\",\"valueRequired\":true,\"valueName\":\"search_term_string\"}}],\"inLanguage\":\"fr-FR\"},{\"@type\":\"Organization\",\"@id\":\"https:\\\/\\\/www.trustedtranslations.com\\\/fr\\\/#organization\",\"name\":\"Trusted Translations\",\"alternateName\":\"Trusted Translations, Inc.\",\"url\":\"https:\\\/\\\/www.trustedtranslations.com\\\/fr\\\/\",\"logo\":{\"@type\":\"ImageObject\",\"inLanguage\":\"fr-FR\",\"@id\":\"https:\\\/\\\/www.trustedtranslations.com\\\/fr\\\/#\\\/schema\\\/logo\\\/image\\\/\",\"url\":\"https:\\\/\\\/static.trustedtranslations.com\\\/wp-content\\\/uploads\\\/2022\\\/01\\\/TT_logo_WSIColors-2.png\",\"contentUrl\":\"https:\\\/\\\/static.trustedtranslations.com\\\/wp-content\\\/uploads\\\/2022\\\/01\\\/TT_logo_WSIColors-2.png\",\"width\":500,\"height\":196,\"caption\":\"Trusted Translations\"},\"image\":{\"@id\":\"https:\\\/\\\/www.trustedtranslations.com\\\/fr\\\/#\\\/schema\\\/logo\\\/image\\\/\"},\"sameAs\":[\"https:\\\/\\\/www.facebook.com\\\/Trusted.Translations\",\"https:\\\/\\\/x.com\\\/TrustedT9ns\",\"https:\\\/\\\/www.linkedin.com\\\/company\\\/trusted-translations\"]}]}<\/script>\n<!-- \/ Yoast SEO plugin. -->","yoast_head_json":{"title":"Traductions de documents - Trusted Translations, Inc.","description":"Vous recherchez le meilleur service de traduction de documents\u00a0? La solution est toute trouv\u00e9e, c'est nous\u00a0! Cliquez ici et demandez un devis gratuit.","robots":{"index":"index","follow":"follow","max-snippet":"max-snippet:-1","max-image-preview":"max-image-preview:large","max-video-preview":"max-video-preview:-1"},"canonical":"https:\/\/www.trustedtranslations.com\/fr\/services\/humaine\/documents","og_locale":"fr_FR","og_type":"article","og_title":"Traductions de documents - Trusted Translations, Inc.","og_description":"Vous recherchez le meilleur service de traduction de documents\u00a0? La solution est toute trouv\u00e9e, c'est nous\u00a0! Cliquez ici et demandez un devis gratuit.","og_url":"https:\/\/www.trustedtranslations.com\/fr\/services\/humaine\/documents","og_site_name":"Trusted Translations, Inc.","article_publisher":"https:\/\/www.facebook.com\/Trusted.Translations","article_modified_time":"2025-08-14T16:09:06+00:00","og_image":[{"width":150,"height":151,"url":"https:\/\/static.trustedtranslations.com\/wp-content\/uploads\/2024\/02\/TT-ICON_Document-Translations.webp","type":"image\/webp"}],"twitter_card":"summary_large_image","twitter_site":"@TrustedT9ns","schema":{"@context":"https:\/\/schema.org","@graph":[{"@type":"WebPage","@id":"https:\/\/www.trustedtranslations.com\/fr\/services\/humaine\/documents","url":"https:\/\/www.trustedtranslations.com\/fr\/services\/humaine\/documents","name":"Traductions de documents - Trusted Translations, Inc.","isPartOf":{"@id":"https:\/\/www.trustedtranslations.com\/fr\/#website"},"primaryImageOfPage":{"@id":"https:\/\/www.trustedtranslations.com\/fr\/services\/humaine\/documents#primaryimage"},"image":{"@id":"https:\/\/www.trustedtranslations.com\/fr\/services\/humaine\/documents#primaryimage"},"thumbnailUrl":"https:\/\/www.trustedtranslations.com\/wp-content\/uploads\/2024\/02\/TT-ICON_Document-Translations.webp","description":"Vous recherchez le meilleur service de traduction de documents\u00a0? La solution est toute trouv\u00e9e, c'est nous\u00a0! Cliquez ici et demandez un devis gratuit.","breadcrumb":{"@id":"https:\/\/www.trustedtranslations.com\/fr\/services\/humaine\/documents#breadcrumb"},"inLanguage":"fr-FR","potentialAction":[{"@type":"ReadAction","target":["https:\/\/www.trustedtranslations.com\/fr\/services\/humaine\/documents"]}]},{"@type":"ImageObject","inLanguage":"fr-FR","@id":"https:\/\/www.trustedtranslations.com\/fr\/services\/humaine\/documents#primaryimage","url":"https:\/\/www.trustedtranslations.com\/wp-content\/uploads\/2024\/02\/TT-ICON_Document-Translations.webp","contentUrl":"https:\/\/www.trustedtranslations.com\/wp-content\/uploads\/2024\/02\/TT-ICON_Document-Translations.webp","width":150,"height":151,"caption":"TT ICON Document Translations"},{"@type":"BreadcrumbList","@id":"https:\/\/www.trustedtranslations.com\/fr\/services\/humaine\/documents#breadcrumb","itemListElement":[{"@type":"ListItem","position":1,"name":"Accueil","item":"https:\/\/www.trustedtranslations.com\/fr"},{"@type":"ListItem","position":2,"name":"Services","item":"https:\/\/www.trustedtranslations.com\/fr\/services"},{"@type":"ListItem","position":3,"name":"Traduction humaine","item":"https:\/\/www.trustedtranslations.com\/fr\/services\/humaine"},{"@type":"ListItem","position":4,"name":"Document"}]},{"@type":"WebSite","@id":"https:\/\/www.trustedtranslations.com\/fr\/#website","url":"https:\/\/www.trustedtranslations.com\/fr\/","name":"Trusted Translations, Inc.","description":"Leader in translation and interpretation services.","publisher":{"@id":"https:\/\/www.trustedtranslations.com\/fr\/#organization"},"alternateName":"Trusted Translations","potentialAction":[{"@type":"SearchAction","target":{"@type":"EntryPoint","urlTemplate":"https:\/\/www.trustedtranslations.com\/fr\/?s={search_term_string}"},"query-input":{"@type":"PropertyValueSpecification","valueRequired":true,"valueName":"search_term_string"}}],"inLanguage":"fr-FR"},{"@type":"Organization","@id":"https:\/\/www.trustedtranslations.com\/fr\/#organization","name":"Trusted Translations","alternateName":"Trusted Translations, Inc.","url":"https:\/\/www.trustedtranslations.com\/fr\/","logo":{"@type":"ImageObject","inLanguage":"fr-FR","@id":"https:\/\/www.trustedtranslations.com\/fr\/#\/schema\/logo\/image\/","url":"https:\/\/static.trustedtranslations.com\/wp-content\/uploads\/2022\/01\/TT_logo_WSIColors-2.png","contentUrl":"https:\/\/static.trustedtranslations.com\/wp-content\/uploads\/2022\/01\/TT_logo_WSIColors-2.png","width":500,"height":196,"caption":"Trusted Translations"},"image":{"@id":"https:\/\/www.trustedtranslations.com\/fr\/#\/schema\/logo\/image\/"},"sameAs":["https:\/\/www.facebook.com\/Trusted.Translations","https:\/\/x.com\/TrustedT9ns","https:\/\/www.linkedin.com\/company\/trusted-translations"]}]}},"toolset-meta":{"dyk":{"mensaje-1":{"type":"textfield","raw":"Trusted Translations est le leader des traductions de documents de qualit\u00e9 \u00e0 des tarifs comp\u00e9titifs."},"mensaje-2":{"type":"textfield","raw":"Nous sommes un fournisseur renomm\u00e9 de services de traduction de documents depuis et vers plus de 150 langues."},"mensaje-3":{"type":"textfield","raw":""},"mensaje-4":{"type":"textfield","raw":""},"mensaje-5":{"type":"textfield","raw":""},"mensaje-6":{"type":"textfield","raw":""}},"single-page-template-fields":{"imgs-temp":{"type":"image","raw":["https:\/\/static.trustedtranslations.com\/wp-content\/uploads\/2024\/03\/document-final-2-1.webp","https:\/\/static.trustedtranslations.com\/wp-content\/uploads\/2024\/03\/document-final-1-1.webp","https:\/\/static.trustedtranslations.com\/wp-content\/uploads\/2024\/03\/document-final-6.webp"],"repeatable":[{"raw":"https:\/\/static.trustedtranslations.com\/wp-content\/uploads\/2024\/03\/document-final-2-1.webp"},{"raw":"https:\/\/static.trustedtranslations.com\/wp-content\/uploads\/2024\/03\/document-final-1-1.webp"},{"raw":"https:\/\/static.trustedtranslations.com\/wp-content\/uploads\/2024\/03\/document-final-6.webp"}]},"imgs-temp-cel":{"type":"image","raw":[""],"repeatable":[{"raw":""}]},"img-temp-one-cel":{"type":"image","raw":"https:\/\/static.trustedtranslations.com\/wp-content\/uploads\/2024\/03\/document-final-5-1.webp","attachment_id":null},"quotes":{"type":"textarea","raw":"<h1 style=\"margin-bottom: 12px;\">Services de traduction de documents<\/h1>\r\nNotre objectif principal est de comprendre vos objectifs pour toute traduction de document particuli\u00e8re. Forts de cette compr\u00e9hension, nous adaptons une solution avec des prix comp\u00e9titifs, une qualit\u00e9 garantie et des d\u00e9lais de livraison plus rapides.\r\n<div style=\"margin-top: 2.5vw;\"><a class=\"tt-btn-main-cta\" href=\"\/fr\/devis-traduction\">DEMANDEZ UN DEVIS GRATUIT<\/a><\/div>"},"text-1":{"type":"textarea","raw":"<div class=\"imgs-flex-template\">\r\n    <div>\r\n        <h2 style=\"margin-bottom: 20px;\">Un savoir-faire d\u00e9montr\u00e9 <\/h2>\r\n        <p>Gr\u00e2ce \u00e0 notre vaste exp\u00e9rience dans ce service essentiel, nous sommes en mesure de fournir \u00e0 nos clients\u00a0:\r\n            <ul>\r\n                 <li>Des devis rapides et pr\u00e9cis pour les petits et grands projets.<\/li>\r\n                 <li>Des d\u00e9lais d\u2019ex\u00e9cution rapides, m\u00eame pour les projets de grande envergure.<\/li>\r\n                 <li>Des traductions de haute qualit\u00e9 r\u00e9alis\u00e9es par des linguistes qualifi\u00e9s et \u00e9valu\u00e9s.<\/li>\r\n                 <li>Un acc\u00e8s aux technologies les plus r\u00e9centes en mati\u00e8re de m\u00e9moires de traduction et de logiciels linguistiques.<\/li>\r\n                 <li>Des gestionnaires de compte et des chefs de projet d\u00e9di\u00e9s pour tenir nos clients inform\u00e9s de l'\u00e9volution de leurs projets et apporter les modifications ou les ajouts dont ils ont besoin.<\/li>\r\n                 <li>Les prix les plus bas du secteur pour un niveau de qualit\u00e9 \u00e9quivalent.<\/li>\r\n                 <li>Plus de 20\u00a0ans d\u2019exp\u00e9rience dans la traduction de documents en plusieurs langues.<\/li>\r\n            <\/ul><\/p>\r\n    <\/div>\r\n    <img src=\"https:\/\/static.trustedtranslations.com\/wp-content\/uploads\/elementor\/thumbs\/document-qkqfs5dro4ekw18ry8hjl9urjjoxus3w0dki5ixa50.webp\">\r\n<\/div>\r\n\r\n<h2>\u00c9l\u00e9ments cl\u00e9s d\u2019un projet de traduction de documents<\/h2>\r\nComprendre les \u00e9l\u00e9ments cl\u00e9s d\u2019un projet de traduction de documents peut vous aider, vous et votre organisation, \u00e0 planifier et \u00e0 budg\u00e9tiser en cons\u00e9quence. Voici les \u00e9l\u00e9ments cl\u00e9s que nous analysons pour chaque projet de traduction de documents.\r\n\r\n<strong>Objectif de la traduction et public cible\u00a0:<\/strong> Notre premi\u00e8re question est\u00a0: \u00ab\u00a0Quel est l\u2019objectif du document \u00e0 traduire et quel en est le public cible\u00a0?\u00a0\u00bb Nous collaborons souvent avec nos clients pour \u00e9valuer le public cible et l\u2019objectif de la traduction des documents. Par exemple, dans le cas de d\u00e9p\u00f4ts de documents aupr\u00e8s d\u2019organismes gouvernementaux ou de juridictions, nous savons par exp\u00e9rience que ces types de traductions comportent des exigences en mati\u00e8re de mise en forme, des d\u00e9lais de d\u00e9p\u00f4t stricts et qu\u2019ils n\u00e9cessitent souvent un certificat d\u2019exactitude.\r\n\r\n<strong>Taille et d\u00e9lais\u00a0:<\/strong> Deux autres \u00e9l\u00e9ments cl\u00e9s sont la taille du document et les d\u00e9lais de traduction. Conna\u00eetre la taille du document et la date \u00e0 laquelle il doit \u00eatre remis peut aider nos chefs de projet experts \u00e0 employer le bon nombre de ressources afin que le projet soit remis \u00e0 temps avec un usage pr\u00e9cis et coh\u00e9rent de la terminologie.\r\n\r\n<strong>Combinaison(s) de langues\u00a0:<\/strong> Comprendre toutes les langues cibles est un autre \u00e9l\u00e9ment cl\u00e9. Si un projet n\u00e9cessite la traduction d\u2019un document dans plusieurs langues, nos chefs de projet sont form\u00e9s pour utiliser certains flux de travail qui garantissent la pr\u00e9cision dans toutes les langues cibles.\r\n\r\n<strong>Domaine\u00a0:<\/strong> Identifier le domaine de chaque traduction est essentiel pour fournir un r\u00e9sultat de haute qualit\u00e9 \u00e0 nos clients. Nous confions chaque traduction \u00e0 un linguiste sp\u00e9cialis\u00e9, exp\u00e9riment\u00e9 dans la traduction du sujet trait\u00e9 dans le document. Une traduction m\u00e9dicale, par exemple, n\u00e9cessitera tr\u00e8s probablement une expertise sp\u00e9cifique pour garantir le recours \u00e0 la bonne terminologie dans la traduction. En fonction du th\u00e8me trait\u00e9, nos chefs de projet s\u00e9lectionnent l\u2019\u00e9quipe la plus adapt\u00e9e \u00e0 chaque projet.\r\n\r\n<strong>Format de fichier\u00a0:<\/strong> Un autre \u00e9l\u00e9ment \u00e0 prendre en compte est le format du fichier du document original et le format de livraison requis. <em><em><em><em>Trusted Translations<\/em><\/em><\/em><\/em> dispose d'une \u00e9quipe interne d\u00e9di\u00e9e de programmeurs qui se consacre exclusivement \u00e0 la mise en forme des traductions de documents de nos clients. Qu'il s'agisse de documents num\u00e9ris\u00e9s ou de formats MS\u00a0Office et Adobe\u00a0Illustrator, nous \u00e9valuons \u00e0 l'avance le format de fichier requis et le livrons \u00e0 nos clients en cons\u00e9quence.\r\n\r\nQuel que soit la taille ou le type de document du projet de traduction, <em><em><em><em>Trusted Translations<\/em><\/em><\/em><\/em> poss\u00e8de l\u2019exp\u00e9rience n\u00e9cessaire pour fournir des r\u00e9sultats de haute qualit\u00e9 \u00e0 des tarifs parmi les meilleurs du march\u00e9. Nos gestionnaires de compte experts peuvent facilement vous guider \u00e0 travers le processus et livrer votre projet rapidement. N\u2019h\u00e9sitez pas \u00e0 <a href=\"\/about-us\/contact\/\">nous contacter<\/a> d\u00e8s aujourd\u2019hui pour nous poser vos questions et\/ou nous demander un <a href=\"https:\/\/www.trustedtranslations.com\/fr\/devis-traduction\">devis<\/a>."},"shortcode-map":{"type":"textfield","raw":""},"dyk-shortcode":{"type":"textfield","raw":"[elementor-template id=\"146546\"]"},"text-2":{"type":"textarea","raw":"<div class=\"imgs-flex-template\">\r\n    <div>\r\n        <h2 style=\"margin-bottom: 20px;\">Traductions de documents de haute qualit\u00e9 \u00e0 un prix abordable<\/h2>\r\n        <p>Les projets de traduction linguistique de <em><em><em><em>Trusted Translations<\/em><\/em><\/em><\/em> sont confi\u00e9s aux professionnels les plus qualifi\u00e9s dans le domaine de la traduction et de la localisation. L'un de nos gestionnaires de compte experts g\u00e9rera votre demande de projet et s'assurera que votre traduction est livr\u00e9e \u00e0 temps, avec le plus haut niveau de qualit\u00e9 de l\u2019industrie.\r\n\r\n            Un chef de projet d\u00e9di\u00e9 prend en charge la planification, dirige l'ex\u00e9cution et supervise le contr\u00f4le du projet. Le cas \u00e9ch\u00e9ant, un responsable informatique est charg\u00e9 d'examiner toutes les exigences techniques du projet. Le responsable de la publication assist\u00e9e par ordinateur\u00a0(PAO) assure l'ach\u00e8vement de toute maquette ou mise en forme, si n\u00e9cessaire, pour que le document traduit refl\u00e8te le document source d'origine.\r\n            \r\n            Notre processus unique d'assurance qualit\u00e9 est con\u00e7u pour garantir que chaque traduction est v\u00e9rifi\u00e9e par trois experts distincts\u00a0: un traducteur, un \u00e9diteur et un correcteur. En cons\u00e9quence, notre r\u00e9sultat final atteint le plus haut niveau de qualit\u00e9.<\/p>\r\n    <\/div>\r\n    <img src=\"https:\/\/static.trustedtranslations.com\/wp-content\/uploads\/elementor\/thumbs\/document-1-qkqfsq292c06ackwiib70v8a84qy4pkh78r3wgcaxk.webp\">\r\n<\/div>"},"state":{"type":"textfield","raw":""},"city":{"type":"textarea","raw":[""]}}},"_links":{"self":[{"href":"https:\/\/www.trustedtranslations.com\/fr\/wp-json\/wp\/v2\/pages\/128973","targetHints":{"allow":["GET"]}}],"collection":[{"href":"https:\/\/www.trustedtranslations.com\/fr\/wp-json\/wp\/v2\/pages"}],"about":[{"href":"https:\/\/www.trustedtranslations.com\/fr\/wp-json\/wp\/v2\/types\/page"}],"author":[{"embeddable":true,"href":"https:\/\/www.trustedtranslations.com\/fr\/wp-json\/wp\/v2\/users\/1"}],"replies":[{"embeddable":true,"href":"https:\/\/www.trustedtranslations.com\/fr\/wp-json\/wp\/v2\/comments?post=128973"}],"version-history":[{"count":0,"href":"https:\/\/www.trustedtranslations.com\/fr\/wp-json\/wp\/v2\/pages\/128973\/revisions"}],"up":[{"embeddable":true,"href":"https:\/\/www.trustedtranslations.com\/fr\/wp-json\/wp\/v2\/pages\/128976"}],"wp:featuredmedia":[{"embeddable":true,"href":"https:\/\/www.trustedtranslations.com\/fr\/wp-json\/wp\/v2\/media\/236270"}],"wp:attachment":[{"href":"https:\/\/www.trustedtranslations.com\/fr\/wp-json\/wp\/v2\/media?parent=128973"}],"curies":[{"name":"wp","href":"https:\/\/api.w.org\/{rel}","templated":true}]}}