{"id":128980,"date":"2018-07-27T21:01:55","date_gmt":"2018-07-27T21:01:55","guid":{"rendered":"https:\/\/www.trustedtranslations.com\/?page_id=128980"},"modified":"2024-09-04T17:40:46","modified_gmt":"2024-09-04T20:40:46","slug":"moteurs-ta-generalistes","status":"publish","type":"page","link":"https:\/\/www.trustedtranslations.com\/fr\/services\/traduction-automatique\/moteurs-ta-generalistes","title":{"rendered":"Moteurs de MT g\u00e9n\u00e9ralistes"},"content":{"rendered":"","protected":false},"excerpt":{"rendered":"","protected":false},"author":1,"featured_media":237579,"parent":128985,"menu_order":3,"comment_status":"closed","ping_status":"closed","template":"","meta":{"site-sidebar-layout":"default","site-content-layout":"default","ast-site-content-layout":"default","site-content-style":"default","site-sidebar-style":"default","ast-global-header-display":"","ast-banner-title-visibility":"","ast-main-header-display":"","ast-hfb-above-header-display":"","ast-hfb-below-header-display":"","ast-hfb-mobile-header-display":"","site-post-title":"disabled","ast-breadcrumbs-content":"","ast-featured-img":"","footer-sml-layout":"","ast-disable-related-posts":"","theme-transparent-header-meta":"default","adv-header-id-meta":"","stick-header-meta":"","header-above-stick-meta":"","header-main-stick-meta":"","header-below-stick-meta":"","astra-migrate-meta-layouts":"set","ast-page-background-enabled":"default","ast-page-background-meta":{"desktop":{"background-color":"var(--ast-global-color-4)","background-image":"","background-repeat":"repeat","background-position":"center center","background-size":"auto","background-attachment":"scroll","background-type":"","background-media":"","overlay-type":"","overlay-color":"","overlay-opacity":"","overlay-gradient":""},"tablet":{"background-color":"","background-image":"","background-repeat":"repeat","background-position":"center center","background-size":"auto","background-attachment":"scroll","background-type":"","background-media":"","overlay-type":"","overlay-color":"","overlay-opacity":"","overlay-gradient":""},"mobile":{"background-color":"","background-image":"","background-repeat":"repeat","background-position":"center center","background-size":"auto","background-attachment":"scroll","background-type":"","background-media":"","overlay-type":"","overlay-color":"","overlay-opacity":"","overlay-gradient":""}},"ast-content-background-meta":{"desktop":{"background-color":"var(--ast-global-color-5)","background-image":"","background-repeat":"repeat","background-position":"center center","background-size":"auto","background-attachment":"scroll","background-type":"","background-media":"","overlay-type":"","overlay-color":"","overlay-opacity":"","overlay-gradient":""},"tablet":{"background-color":"var(--ast-global-color-5)","background-image":"","background-repeat":"repeat","background-position":"center center","background-size":"auto","background-attachment":"scroll","background-type":"","background-media":"","overlay-type":"","overlay-color":"","overlay-opacity":"","overlay-gradient":""},"mobile":{"background-color":"var(--ast-global-color-5)","background-image":"","background-repeat":"repeat","background-position":"center center","background-size":"auto","background-attachment":"scroll","background-type":"","background-media":"","overlay-type":"","overlay-color":"","overlay-opacity":"","overlay-gradient":""}},"footnotes":""},"class_list":["post-128980","page","type-page","status-publish","has-post-thumbnail","hentry"],"yoast_head":"<!-- This site is optimized with the Yoast SEO plugin v27.5 - https:\/\/yoast.com\/product\/yoast-seo-wordpress\/ -->\n<title>Moteurs de traduction automatique g\u00e9n\u00e9ralistes\u00a0: Trusted Translations<\/title>\n<meta name=\"description\" content=\"Trusted Translations int\u00e8gre des moteurs de traduction automatique avec des serveurs de m\u00e9moire et des services de post-\u00e9dition pour fournir des traductions fiables et de haute qualit\u00e9 adapt\u00e9es aux besoins des clients.\" \/>\n<meta name=\"robots\" content=\"index, follow, max-snippet:-1, max-image-preview:large, max-video-preview:-1\" \/>\n<link rel=\"canonical\" href=\"https:\/\/www.trustedtranslations.com\/fr\/services\/traduction-automatique\/moteurs-ta-generalistes\" \/>\n<meta property=\"og:locale\" content=\"fr_FR\" \/>\n<meta property=\"og:type\" content=\"article\" \/>\n<meta property=\"og:title\" content=\"Moteurs de traduction automatique g\u00e9n\u00e9ralistes\u00a0: Trusted Translations\" \/>\n<meta property=\"og:description\" content=\"Trusted Translations int\u00e8gre des moteurs de traduction automatique avec des serveurs de m\u00e9moire et des services de post-\u00e9dition pour fournir des traductions fiables et de haute qualit\u00e9 adapt\u00e9es aux besoins des clients.\" \/>\n<meta property=\"og:url\" content=\"https:\/\/www.trustedtranslations.com\/fr\/services\/traduction-automatique\/moteurs-ta-generalistes\" \/>\n<meta property=\"og:site_name\" content=\"Trusted Translations, Inc.\" \/>\n<meta property=\"article:publisher\" content=\"https:\/\/www.facebook.com\/Trusted.Translations\" \/>\n<meta property=\"article:modified_time\" content=\"2024-09-04T20:40:46+00:00\" \/>\n<meta property=\"og:image\" content=\"https:\/\/static.trustedtranslations.com\/wp-content\/uploads\/2024\/02\/Recurso-11.png\" \/>\n\t<meta property=\"og:image:width\" content=\"150\" \/>\n\t<meta property=\"og:image:height\" content=\"150\" \/>\n\t<meta property=\"og:image:type\" content=\"image\/png\" \/>\n<meta name=\"twitter:card\" content=\"summary_large_image\" \/>\n<meta name=\"twitter:site\" content=\"@TrustedT9ns\" \/>\n<script type=\"application\/ld+json\" class=\"yoast-schema-graph\">{\"@context\":\"https:\\\/\\\/schema.org\",\"@graph\":[{\"@type\":\"WebPage\",\"@id\":\"https:\\\/\\\/www.trustedtranslations.com\\\/fr\\\/services\\\/traduction-automatique\\\/moteurs-ta-generalistes\",\"url\":\"https:\\\/\\\/www.trustedtranslations.com\\\/fr\\\/services\\\/traduction-automatique\\\/moteurs-ta-generalistes\",\"name\":\"Moteurs de traduction automatique g\u00e9n\u00e9ralistes\u00a0: Trusted Translations\",\"isPartOf\":{\"@id\":\"https:\\\/\\\/www.trustedtranslations.com\\\/fr\\\/#website\"},\"primaryImageOfPage\":{\"@id\":\"https:\\\/\\\/www.trustedtranslations.com\\\/fr\\\/services\\\/traduction-automatique\\\/moteurs-ta-generalistes#primaryimage\"},\"image\":{\"@id\":\"https:\\\/\\\/www.trustedtranslations.com\\\/fr\\\/services\\\/traduction-automatique\\\/moteurs-ta-generalistes#primaryimage\"},\"thumbnailUrl\":\"https:\\\/\\\/www.trustedtranslations.com\\\/wp-content\\\/uploads\\\/2024\\\/02\\\/Recurso-11.png\",\"description\":\"Trusted Translations int\u00e8gre des moteurs de traduction automatique avec des serveurs de m\u00e9moire et des services de post-\u00e9dition pour fournir des traductions fiables et de haute qualit\u00e9 adapt\u00e9es aux besoins des clients.\",\"breadcrumb\":{\"@id\":\"https:\\\/\\\/www.trustedtranslations.com\\\/fr\\\/services\\\/traduction-automatique\\\/moteurs-ta-generalistes#breadcrumb\"},\"inLanguage\":\"fr-FR\",\"potentialAction\":[{\"@type\":\"ReadAction\",\"target\":[\"https:\\\/\\\/www.trustedtranslations.com\\\/fr\\\/services\\\/traduction-automatique\\\/moteurs-ta-generalistes\"]}]},{\"@type\":\"ImageObject\",\"inLanguage\":\"fr-FR\",\"@id\":\"https:\\\/\\\/www.trustedtranslations.com\\\/fr\\\/services\\\/traduction-automatique\\\/moteurs-ta-generalistes#primaryimage\",\"url\":\"https:\\\/\\\/www.trustedtranslations.com\\\/wp-content\\\/uploads\\\/2024\\\/02\\\/Recurso-11.png\",\"contentUrl\":\"https:\\\/\\\/www.trustedtranslations.com\\\/wp-content\\\/uploads\\\/2024\\\/02\\\/Recurso-11.png\",\"width\":150,\"height\":150,\"caption\":\"Recurso 11\"},{\"@type\":\"BreadcrumbList\",\"@id\":\"https:\\\/\\\/www.trustedtranslations.com\\\/fr\\\/services\\\/traduction-automatique\\\/moteurs-ta-generalistes#breadcrumb\",\"itemListElement\":[{\"@type\":\"ListItem\",\"position\":1,\"name\":\"Accueil\",\"item\":\"https:\\\/\\\/www.trustedtranslations.com\\\/fr\"},{\"@type\":\"ListItem\",\"position\":2,\"name\":\"Services\",\"item\":\"https:\\\/\\\/www.trustedtranslations.com\\\/fr\\\/services\"},{\"@type\":\"ListItem\",\"position\":3,\"name\":\"Traduction automatique\",\"item\":\"https:\\\/\\\/www.trustedtranslations.com\\\/fr\\\/services\\\/traduction-automatique\"},{\"@type\":\"ListItem\",\"position\":4,\"name\":\"Moteurs de MT g\u00e9n\u00e9ralistes\"}]},{\"@type\":\"WebSite\",\"@id\":\"https:\\\/\\\/www.trustedtranslations.com\\\/fr\\\/#website\",\"url\":\"https:\\\/\\\/www.trustedtranslations.com\\\/fr\\\/\",\"name\":\"Trusted Translations, Inc.\",\"description\":\"Leader in translation and interpretation services.\",\"publisher\":{\"@id\":\"https:\\\/\\\/www.trustedtranslations.com\\\/fr\\\/#organization\"},\"alternateName\":\"Trusted Translations\",\"potentialAction\":[{\"@type\":\"SearchAction\",\"target\":{\"@type\":\"EntryPoint\",\"urlTemplate\":\"https:\\\/\\\/www.trustedtranslations.com\\\/fr\\\/?s={search_term_string}\"},\"query-input\":{\"@type\":\"PropertyValueSpecification\",\"valueRequired\":true,\"valueName\":\"search_term_string\"}}],\"inLanguage\":\"fr-FR\"},{\"@type\":\"Organization\",\"@id\":\"https:\\\/\\\/www.trustedtranslations.com\\\/fr\\\/#organization\",\"name\":\"Trusted Translations\",\"alternateName\":\"Trusted Translations, Inc.\",\"url\":\"https:\\\/\\\/www.trustedtranslations.com\\\/fr\\\/\",\"logo\":{\"@type\":\"ImageObject\",\"inLanguage\":\"fr-FR\",\"@id\":\"https:\\\/\\\/www.trustedtranslations.com\\\/fr\\\/#\\\/schema\\\/logo\\\/image\\\/\",\"url\":\"https:\\\/\\\/static.trustedtranslations.com\\\/wp-content\\\/uploads\\\/2022\\\/01\\\/TT_logo_WSIColors-2.png\",\"contentUrl\":\"https:\\\/\\\/static.trustedtranslations.com\\\/wp-content\\\/uploads\\\/2022\\\/01\\\/TT_logo_WSIColors-2.png\",\"width\":500,\"height\":196,\"caption\":\"Trusted Translations\"},\"image\":{\"@id\":\"https:\\\/\\\/www.trustedtranslations.com\\\/fr\\\/#\\\/schema\\\/logo\\\/image\\\/\"},\"sameAs\":[\"https:\\\/\\\/www.facebook.com\\\/Trusted.Translations\",\"https:\\\/\\\/x.com\\\/TrustedT9ns\",\"https:\\\/\\\/www.linkedin.com\\\/company\\\/trusted-translations\"]}]}<\/script>\n<!-- \/ Yoast SEO plugin. -->","yoast_head_json":{"title":"Moteurs de traduction automatique g\u00e9n\u00e9ralistes\u00a0: Trusted Translations","description":"Trusted Translations int\u00e8gre des moteurs de traduction automatique avec des serveurs de m\u00e9moire et des services de post-\u00e9dition pour fournir des traductions fiables et de haute qualit\u00e9 adapt\u00e9es aux besoins des clients.","robots":{"index":"index","follow":"follow","max-snippet":"max-snippet:-1","max-image-preview":"max-image-preview:large","max-video-preview":"max-video-preview:-1"},"canonical":"https:\/\/www.trustedtranslations.com\/fr\/services\/traduction-automatique\/moteurs-ta-generalistes","og_locale":"fr_FR","og_type":"article","og_title":"Moteurs de traduction automatique g\u00e9n\u00e9ralistes\u00a0: Trusted Translations","og_description":"Trusted Translations int\u00e8gre des moteurs de traduction automatique avec des serveurs de m\u00e9moire et des services de post-\u00e9dition pour fournir des traductions fiables et de haute qualit\u00e9 adapt\u00e9es aux besoins des clients.","og_url":"https:\/\/www.trustedtranslations.com\/fr\/services\/traduction-automatique\/moteurs-ta-generalistes","og_site_name":"Trusted Translations, Inc.","article_publisher":"https:\/\/www.facebook.com\/Trusted.Translations","article_modified_time":"2024-09-04T20:40:46+00:00","og_image":[{"width":150,"height":150,"url":"https:\/\/static.trustedtranslations.com\/wp-content\/uploads\/2024\/02\/Recurso-11.png","type":"image\/png"}],"twitter_card":"summary_large_image","twitter_site":"@TrustedT9ns","schema":{"@context":"https:\/\/schema.org","@graph":[{"@type":"WebPage","@id":"https:\/\/www.trustedtranslations.com\/fr\/services\/traduction-automatique\/moteurs-ta-generalistes","url":"https:\/\/www.trustedtranslations.com\/fr\/services\/traduction-automatique\/moteurs-ta-generalistes","name":"Moteurs de traduction automatique g\u00e9n\u00e9ralistes\u00a0: Trusted Translations","isPartOf":{"@id":"https:\/\/www.trustedtranslations.com\/fr\/#website"},"primaryImageOfPage":{"@id":"https:\/\/www.trustedtranslations.com\/fr\/services\/traduction-automatique\/moteurs-ta-generalistes#primaryimage"},"image":{"@id":"https:\/\/www.trustedtranslations.com\/fr\/services\/traduction-automatique\/moteurs-ta-generalistes#primaryimage"},"thumbnailUrl":"https:\/\/www.trustedtranslations.com\/wp-content\/uploads\/2024\/02\/Recurso-11.png","description":"Trusted Translations int\u00e8gre des moteurs de traduction automatique avec des serveurs de m\u00e9moire et des services de post-\u00e9dition pour fournir des traductions fiables et de haute qualit\u00e9 adapt\u00e9es aux besoins des clients.","breadcrumb":{"@id":"https:\/\/www.trustedtranslations.com\/fr\/services\/traduction-automatique\/moteurs-ta-generalistes#breadcrumb"},"inLanguage":"fr-FR","potentialAction":[{"@type":"ReadAction","target":["https:\/\/www.trustedtranslations.com\/fr\/services\/traduction-automatique\/moteurs-ta-generalistes"]}]},{"@type":"ImageObject","inLanguage":"fr-FR","@id":"https:\/\/www.trustedtranslations.com\/fr\/services\/traduction-automatique\/moteurs-ta-generalistes#primaryimage","url":"https:\/\/www.trustedtranslations.com\/wp-content\/uploads\/2024\/02\/Recurso-11.png","contentUrl":"https:\/\/www.trustedtranslations.com\/wp-content\/uploads\/2024\/02\/Recurso-11.png","width":150,"height":150,"caption":"Recurso 11"},{"@type":"BreadcrumbList","@id":"https:\/\/www.trustedtranslations.com\/fr\/services\/traduction-automatique\/moteurs-ta-generalistes#breadcrumb","itemListElement":[{"@type":"ListItem","position":1,"name":"Accueil","item":"https:\/\/www.trustedtranslations.com\/fr"},{"@type":"ListItem","position":2,"name":"Services","item":"https:\/\/www.trustedtranslations.com\/fr\/services"},{"@type":"ListItem","position":3,"name":"Traduction automatique","item":"https:\/\/www.trustedtranslations.com\/fr\/services\/traduction-automatique"},{"@type":"ListItem","position":4,"name":"Moteurs de MT g\u00e9n\u00e9ralistes"}]},{"@type":"WebSite","@id":"https:\/\/www.trustedtranslations.com\/fr\/#website","url":"https:\/\/www.trustedtranslations.com\/fr\/","name":"Trusted Translations, Inc.","description":"Leader in translation and interpretation services.","publisher":{"@id":"https:\/\/www.trustedtranslations.com\/fr\/#organization"},"alternateName":"Trusted Translations","potentialAction":[{"@type":"SearchAction","target":{"@type":"EntryPoint","urlTemplate":"https:\/\/www.trustedtranslations.com\/fr\/?s={search_term_string}"},"query-input":{"@type":"PropertyValueSpecification","valueRequired":true,"valueName":"search_term_string"}}],"inLanguage":"fr-FR"},{"@type":"Organization","@id":"https:\/\/www.trustedtranslations.com\/fr\/#organization","name":"Trusted Translations","alternateName":"Trusted Translations, Inc.","url":"https:\/\/www.trustedtranslations.com\/fr\/","logo":{"@type":"ImageObject","inLanguage":"fr-FR","@id":"https:\/\/www.trustedtranslations.com\/fr\/#\/schema\/logo\/image\/","url":"https:\/\/static.trustedtranslations.com\/wp-content\/uploads\/2022\/01\/TT_logo_WSIColors-2.png","contentUrl":"https:\/\/static.trustedtranslations.com\/wp-content\/uploads\/2022\/01\/TT_logo_WSIColors-2.png","width":500,"height":196,"caption":"Trusted Translations"},"image":{"@id":"https:\/\/www.trustedtranslations.com\/fr\/#\/schema\/logo\/image\/"},"sameAs":["https:\/\/www.facebook.com\/Trusted.Translations","https:\/\/x.com\/TrustedT9ns","https:\/\/www.linkedin.com\/company\/trusted-translations"]}]}},"toolset-meta":{"dyk":{"mensaje-1":{"type":"textfield","raw":""},"mensaje-2":{"type":"textfield","raw":""},"mensaje-3":{"type":"textfield","raw":""},"mensaje-4":{"type":"textfield","raw":"La traduction automatique g\u00e9n\u00e9raliste peut \u00eatre une premi\u00e8re \u00e9tape utile pour r\u00e9duire les co\u00fbts et les d\u00e9lais d'ex\u00e9cution."},"mensaje-5":{"type":"textfield","raw":""},"mensaje-6":{"type":"textfield","raw":""}},"single-page-template-fields":{"imgs-temp":{"type":"image","raw":["https:\/\/static.trustedtranslations.com\/wp-content\/uploads\/2024\/07\/general-final-1.webp"],"repeatable":[{"raw":"https:\/\/static.trustedtranslations.com\/wp-content\/uploads\/2024\/07\/general-final-1.webp"}]},"imgs-temp-cel":{"type":"image","raw":[""],"repeatable":[{"raw":""}]},"img-temp-one-cel":{"type":"image","raw":"https:\/\/static.trustedtranslations.com\/wp-content\/uploads\/2024\/07\/AdobeStock_283707126_Editorial_U.webp","attachment_id":null},"quotes":{"type":"textarea","raw":"<h1 style=\"margin-bottom: 12px;\">Solutions de traduction automatique neuronale g\u00e9n\u00e9ralistes (de r\u00e9f\u00e9rence)<\/h1>\r\n<em>Trusted Translations<\/em> a mis au point un processus technologique qui int\u00e8gre les moteurs de traduction automatique\u00a0(TA) de r\u00e9f\u00e9rence des leaders de l'IA tels que Google, Microsoft, Amazon, DeepL et d'autres, avec des serveurs de m\u00e9moire de traduction\u00a0(MT) et des services de post-\u00e9dition, pour produire des traductions de gros volume de la meilleure qualit\u00e9 du secteur.\r\n<div style=\"margin-top: 2.5vw;\"><a class=\"tt-btn-main-cta\" href=\"\/fr\/devis-traduction\">DEMANDEZ UN DEVIS GRATUIT<\/a><\/div>"},"text-1":{"type":"textarea","raw":"<h2>Un processus simplifi\u00e9<\/h2>\r\n\u00c0 la demande de notre client et en fonction de ses sp\u00e9cifications, nous int\u00e9grerons une solution de traduction automatique de r\u00e9f\u00e9rence \u00e0 notre processus de contr\u00f4le qualit\u00e9 pour produire des traductions extr\u00eamement fiables et pr\u00e9cises. Il a \u00e9t\u00e9 d\u00e9montr\u00e9 que ce processus exclusif am\u00e9liore consid\u00e9rablement les d\u00e9lais d'ex\u00e9cution et r\u00e9duit les co\u00fbts tout en maintenant un tr\u00e8s haut niveau de qualit\u00e9 de traduction.\r\n<h2>Moteurs de traduction automatique g\u00e9n\u00e9ralistes<\/h2>\r\nUn moteur de traduction automatique g\u00e9n\u00e9raliste (parfois appel\u00e9 \u00ab\u00a0MTAG\u00a0\u00bb) d\u00e9signe un logiciel capable de traduire un texte vers et depuis une langue donn\u00e9e avec une intervention humaine mineure ou nulle. Bien que ces moteurs de r\u00e9f\u00e9rence soient construits diff\u00e9remment, la plupart d'entre eux sont con\u00e7us pour traduire un contenu g\u00e9n\u00e9ral n'impliquant pas de terminologie sp\u00e9cialis\u00e9e, d'o\u00f9 le nom de solutions de traduction automatique g\u00e9n\u00e9ralistes. Les plus populaires sont Google Translate, Systran, Microsoft Translator, Microsoft Hub et Amazon.\r\n\r\nPour la compr\u00e9hension globale d'un contenu relativement basique, les moteurs de base peuvent faire un travail satisfaisant. Cependant, \u00e0 ce jour, les moteurs personnalis\u00e9s ont toujours un avantage concurrentiel. C'est-\u00e0-dire que les traductions produites par les seuls MTAG ne sont pas suffisamment fiables pour un usage professionnel, car les erreurs sont in\u00e9vitables m\u00eame pour des documents simples.\r\n\r\nCela dit, un MTAG peut \u00eatre un \u00e9l\u00e9ment utile du processus de traduction, en fonction des objectifs du client et de la nature du projet. Chez <em>Trusted Translations<\/em>, nous avons appris \u00e0 tirer parti des MTAG et \u00e0 les int\u00e9grer en fonction des besoins et des objectifs de nos clients. Si nous pensons qu'un certain projet est un bon candidat pour int\u00e9grer des MTAG au processus, nous discutons de cette option avec notre client et concevons une solution qui combine tous les avantages des MTAG, des serveurs de m\u00e9moire ainsi que de la traduction humaine (HT) et de la r\u00e9vision.\r\n<h2>Serveurs de m\u00e9moires de traduction et traductions automatiques g\u00e9n\u00e9ralistes<\/h2>\r\nL'utilisation d'un serveur de m\u00e9moire de traduction (\u00ab\u00a0SMT\u00a0\u00bb) lorsque l'on a recours \u00e0 un MTAG est un moyen d'am\u00e9liorer la qualit\u00e9 globale du r\u00e9sultat de la traduction, car il exploite les segments existants traduits par l'homme comme \u00e9l\u00e9ments de la traduction. L'utilisation de ce type de contenu existant permet de garantir la qualit\u00e9, ce qui se traduit par une meilleure fid\u00e9lit\u00e9 aux directives de style sp\u00e9cifiques au client, et peut m\u00eame constituer une aide terminologique dans les cas o\u00f9 les glossaires ne sont pas un atout majeur. Une configuration possible du flux de travail pour la pr\u00e9paration du contenu consisterait \u00e0 traduire d'abord chaque segment de contenu au moyen d'un SMT. Si aucun segment identique ou similaire (correspondance compl\u00e8te ou approximative - \u00ab\u00a0full match\u00a0\u00bb ou \u00ab\u00a0fuzzy match\u00a0\u00bb) n'est trouv\u00e9 lors de cette premi\u00e8re \u00e9tape, le contenu est alors transmis au moteur de traduction automatique g\u00e9n\u00e9raliste.\r\n\r\nLa plupart des SMT vous permettent actuellement d'effectuer ces deux \u00e9tapes simultan\u00e9ment. Enfin, le contenu bilingue, g\u00e9n\u00e9r\u00e9 soit \u00e0 partir d'une m\u00e9moire de traduction soit \u00e0 partir d'une traduction automatique pure, peut \u00e9galement \u00eatre \u00e9dit\u00e9 par un post-\u00e9diteur expert, c'est-\u00e0-dire un linguiste sp\u00e9cialement form\u00e9 pour travailler sur les traductions g\u00e9n\u00e9r\u00e9es par des m\u00e9moires de traduction. Par la suite, toutes les post-\u00e9ditions humaines seront r\u00e9introduites dans le SMT, ce qui am\u00e9liorera la qualit\u00e9 de la prochaine traduction.\r\n<h2>Post-\u00e9dition humaine des traductions automatiques g\u00e9n\u00e9ralistes<\/h2>\r\nL'utilisation de MTAG peut consid\u00e9rablement augmenter la vitesse de production par rapport \u00e0 un processus de traduction impliquant uniquement des linguistes humains. Avec une puissance de traitement suffisante, on pourrait traduire des centaines de millions de mots en quelques jours seulement. Ind\u00e9pendamment du d\u00e9bat r\u00e9cent sur la question de savoir si l'on a atteint la parit\u00e9 entre la traduction automatique et la traduction humaine, en g\u00e9n\u00e9ral, il peut y avoir des raisons de s'inqui\u00e9ter de la qualit\u00e9 du r\u00e9sultat final. Une solution consiste \u00e0 ajouter une \u00e9tape de post-\u00e9dition humaine, et \u00e9ventuellement des \u00e9tapes de r\u00e9vision suppl\u00e9mentaires, dans le cadre du flux de travail. L'int\u00e9gration d'un processus de post-\u00e9dition humaine r\u00e9duit les d\u00e9lais d'ex\u00e9cution et permet \u00e9galement d'obtenir un niveau de qualit\u00e9 beaucoup plus \u00e9lev\u00e9 ainsi que d'identifier les points probl\u00e9matiques lorsque l'on utilise des MTAG."},"shortcode-map":{"type":"textfield","raw":""},"dyk-shortcode":{"type":"textfield","raw":"[elementor-template id=\"146546\"]"},"text-2":{"type":"textarea","raw":"<h2>Moteurs de TA g\u00e9n\u00e9ralistes, serveurs de m\u00e9moires et flux de travail de la post-\u00e9dition humaine<\/h2>\r\n\u00c9tant donn\u00e9 que les solutions de traduction automatique sont encore en phase de d\u00e9veloppement et d'am\u00e9lioration, <em>Trusted Translations<\/em> aborde chaque projet comme un cas unique. Cependant, sur la base de notre exp\u00e9rience, nous avons d\u00e9velopp\u00e9 et test\u00e9 plusieurs flux de travail qui int\u00e8grent tr\u00e8s efficacement la traduction automatique. Voici un flux de travail courant qui int\u00e8gre un MTAG avec une m\u00e9moire de traduction et une solution de post-\u00e9dition humaine.\r\n\r\n<img class=\"wp-image-7224 size-full alignright\" src=\"https:\/\/www.trustedtranslations.com\/wp-content\/uploads\/2020\/01\/general-mt-engines-1.jpg\" alt=\"\" width=\"535\" height=\"288\" \/>\r\n\r\nComme illustr\u00e9 ci-dessus, le contenu passerait par toutes les \u00e9tapes du processus via une API ou d'autres types d'int\u00e9grations. Chaque segment de contenu passera par le serveur de m\u00e9moire de traduction et le moteur de traduction automatique g\u00e9n\u00e9raliste pour atteindre l'environnement de post-\u00e9dition. En d'autres termes, les r\u00e9sultats de chaque segment provenant de notre serveur de m\u00e9moire de traduction et\/ou de notre moteur de traduction automatique g\u00e9n\u00e9raliste seront post-\u00e9dit\u00e9s en ligne par l'un de nos post-\u00e9diteurs professionnels dans notre environnement de post-\u00e9dition bas\u00e9 sur le cloud. Le processus peut s'ex\u00e9cuter simultan\u00e9ment pour plusieurs langues. Le processus s'\u00e9coule presque instantan\u00e9ment dans l'environnement de post-\u00e9dition. Les r\u00e9troactions r\u00e9sultant de la t\u00e2che de post-\u00e9dition humaine g\u00e9n\u00e8rent des mises \u00e0 jour automatiques du SMT.\r\n<h2>Traduction automatique g\u00e9n\u00e9raliste et traduction automatique personnalis\u00e9e<\/h2>\r\nLe recours \u00e0 un moteur de traduction automatique g\u00e9n\u00e9raliste combin\u00e9 \u00e0 des serveurs de m\u00e9moire de traduction r\u00e9duit consid\u00e9rablement les co\u00fbts en utilisant la post-\u00e9dition humaine au lieu de la traduction humaine (\u00e0 partir de z\u00e9ro) et de la r\u00e9vision. Les d\u00e9lais d'ex\u00e9cution s'am\u00e9liorent consid\u00e9rablement. Les inconv\u00e9nients de cette solution sont que la qualit\u00e9 n'est pas aussi \u00e9lev\u00e9e et que le moteur de traduction automatique n'a pas la capacit\u00e9 dynamique d'apprendre et de s'am\u00e9liorer de la m\u00eame mani\u00e8re qu'un moteur de traduction automatique personnalis\u00e9."},"state":{"type":"textfield","raw":""},"city":{"type":"textarea","raw":[]}}},"_links":{"self":[{"href":"https:\/\/www.trustedtranslations.com\/fr\/wp-json\/wp\/v2\/pages\/128980","targetHints":{"allow":["GET"]}}],"collection":[{"href":"https:\/\/www.trustedtranslations.com\/fr\/wp-json\/wp\/v2\/pages"}],"about":[{"href":"https:\/\/www.trustedtranslations.com\/fr\/wp-json\/wp\/v2\/types\/page"}],"author":[{"embeddable":true,"href":"https:\/\/www.trustedtranslations.com\/fr\/wp-json\/wp\/v2\/users\/1"}],"replies":[{"embeddable":true,"href":"https:\/\/www.trustedtranslations.com\/fr\/wp-json\/wp\/v2\/comments?post=128980"}],"version-history":[{"count":0,"href":"https:\/\/www.trustedtranslations.com\/fr\/wp-json\/wp\/v2\/pages\/128980\/revisions"}],"up":[{"embeddable":true,"href":"https:\/\/www.trustedtranslations.com\/fr\/wp-json\/wp\/v2\/pages\/128985"}],"wp:featuredmedia":[{"embeddable":true,"href":"https:\/\/www.trustedtranslations.com\/fr\/wp-json\/wp\/v2\/media\/237579"}],"wp:attachment":[{"href":"https:\/\/www.trustedtranslations.com\/fr\/wp-json\/wp\/v2\/media?parent=128980"}],"curies":[{"name":"wp","href":"https:\/\/api.w.org\/{rel}","templated":true}]}}