{"id":128989,"date":"2018-07-27T21:01:44","date_gmt":"2018-07-27T21:01:44","guid":{"rendered":"https:\/\/www.trustedtranslations.com\/?page_id=128989"},"modified":"2024-09-05T16:58:19","modified_gmt":"2024-09-05T19:58:19","slug":"outils-tao","status":"publish","type":"page","link":"https:\/\/www.trustedtranslations.com\/fr\/services\/humaine\/qualite\/outils-tao","title":{"rendered":"Outils de TAO"},"content":{"rendered":"","protected":false},"excerpt":{"rendered":"","protected":false},"author":1,"featured_media":223057,"parent":128992,"menu_order":0,"comment_status":"closed","ping_status":"closed","template":"","meta":{"site-sidebar-layout":"default","site-content-layout":"default","ast-site-content-layout":"default","site-content-style":"default","site-sidebar-style":"default","ast-global-header-display":"","ast-banner-title-visibility":"","ast-main-header-display":"","ast-hfb-above-header-display":"","ast-hfb-below-header-display":"","ast-hfb-mobile-header-display":"","site-post-title":"disabled","ast-breadcrumbs-content":"","ast-featured-img":"","footer-sml-layout":"","ast-disable-related-posts":"","theme-transparent-header-meta":"default","adv-header-id-meta":"","stick-header-meta":"","header-above-stick-meta":"","header-main-stick-meta":"","header-below-stick-meta":"","astra-migrate-meta-layouts":"set","ast-page-background-enabled":"default","ast-page-background-meta":{"desktop":{"background-color":"var(--ast-global-color-4)","background-image":"","background-repeat":"repeat","background-position":"center center","background-size":"auto","background-attachment":"scroll","background-type":"","background-media":"","overlay-type":"","overlay-color":"","overlay-opacity":"","overlay-gradient":""},"tablet":{"background-color":"","background-image":"","background-repeat":"repeat","background-position":"center center","background-size":"auto","background-attachment":"scroll","background-type":"","background-media":"","overlay-type":"","overlay-color":"","overlay-opacity":"","overlay-gradient":""},"mobile":{"background-color":"","background-image":"","background-repeat":"repeat","background-position":"center center","background-size":"auto","background-attachment":"scroll","background-type":"","background-media":"","overlay-type":"","overlay-color":"","overlay-opacity":"","overlay-gradient":""}},"ast-content-background-meta":{"desktop":{"background-color":"var(--ast-global-color-5)","background-image":"","background-repeat":"repeat","background-position":"center center","background-size":"auto","background-attachment":"scroll","background-type":"","background-media":"","overlay-type":"","overlay-color":"","overlay-opacity":"","overlay-gradient":""},"tablet":{"background-color":"var(--ast-global-color-5)","background-image":"","background-repeat":"repeat","background-position":"center center","background-size":"auto","background-attachment":"scroll","background-type":"","background-media":"","overlay-type":"","overlay-color":"","overlay-opacity":"","overlay-gradient":""},"mobile":{"background-color":"var(--ast-global-color-5)","background-image":"","background-repeat":"repeat","background-position":"center center","background-size":"auto","background-attachment":"scroll","background-type":"","background-media":"","overlay-type":"","overlay-color":"","overlay-opacity":"","overlay-gradient":""}},"footnotes":""},"class_list":["post-128989","page","type-page","status-publish","has-post-thumbnail","hentry"],"yoast_head":"<!-- This site is optimized with the Yoast SEO plugin v27.5 - https:\/\/yoast.com\/product\/yoast-seo-wordpress\/ -->\n<title>Outils de traduction assist\u00e9e par ordinateur pour am\u00e9liorer les traductions<\/title>\n<meta name=\"description\" content=\"Trusted Translations peut tirer parti des traductions humaines pr\u00e9c\u00e9dentes gr\u00e2ce \u00e0 l\u2019utilisation d\u2019outils de traduction assist\u00e9e par ordinateur pour am\u00e9liorer la qualit\u00e9 et r\u00e9duire les co\u00fbts.\" \/>\n<meta name=\"robots\" content=\"index, follow, max-snippet:-1, max-image-preview:large, max-video-preview:-1\" \/>\n<link rel=\"canonical\" href=\"https:\/\/www.trustedtranslations.com\/fr\/services\/humaine\/qualite\/outils-tao\" \/>\n<meta property=\"og:locale\" content=\"fr_FR\" \/>\n<meta property=\"og:type\" content=\"article\" \/>\n<meta property=\"og:title\" content=\"Outils de traduction assist\u00e9e par ordinateur pour am\u00e9liorer les traductions\" \/>\n<meta property=\"og:description\" content=\"Trusted Translations peut tirer parti des traductions humaines pr\u00e9c\u00e9dentes gr\u00e2ce \u00e0 l\u2019utilisation d\u2019outils de traduction assist\u00e9e par ordinateur pour am\u00e9liorer la qualit\u00e9 et r\u00e9duire les co\u00fbts.\" \/>\n<meta property=\"og:url\" content=\"https:\/\/www.trustedtranslations.com\/fr\/services\/humaine\/qualite\/outils-tao\" \/>\n<meta property=\"og:site_name\" content=\"Trusted Translations, Inc.\" \/>\n<meta property=\"article:publisher\" content=\"https:\/\/www.facebook.com\/Trusted.Translations\" \/>\n<meta property=\"article:modified_time\" content=\"2024-09-05T19:58:19+00:00\" \/>\n<meta property=\"og:image\" content=\"https:\/\/static.trustedtranslations.com\/wp-content\/uploads\/2022\/08\/TT_NEW_FB-1.png\" \/>\n\t<meta property=\"og:image:width\" content=\"1\" \/>\n\t<meta property=\"og:image:height\" content=\"1\" \/>\n\t<meta property=\"og:image:type\" content=\"image\/jpeg\" \/>\n<meta name=\"twitter:card\" content=\"summary_large_image\" \/>\n<meta name=\"twitter:site\" content=\"@TrustedT9ns\" \/>\n<script type=\"application\/ld+json\" class=\"yoast-schema-graph\">{\"@context\":\"https:\\\/\\\/schema.org\",\"@graph\":[{\"@type\":\"WebPage\",\"@id\":\"https:\\\/\\\/www.trustedtranslations.com\\\/fr\\\/services\\\/humaine\\\/qualite\\\/outils-tao\",\"url\":\"https:\\\/\\\/www.trustedtranslations.com\\\/fr\\\/services\\\/humaine\\\/qualite\\\/outils-tao\",\"name\":\"Outils de traduction assist\u00e9e par ordinateur pour am\u00e9liorer les traductions\",\"isPartOf\":{\"@id\":\"https:\\\/\\\/www.trustedtranslations.com\\\/fr\\\/#website\"},\"primaryImageOfPage\":{\"@id\":\"https:\\\/\\\/www.trustedtranslations.com\\\/fr\\\/services\\\/humaine\\\/qualite\\\/outils-tao#primaryimage\"},\"image\":{\"@id\":\"https:\\\/\\\/www.trustedtranslations.com\\\/fr\\\/services\\\/humaine\\\/qualite\\\/outils-tao#primaryimage\"},\"thumbnailUrl\":\"https:\\\/\\\/www.trustedtranslations.com\\\/wp-content\\\/uploads\\\/2022\\\/08\\\/TT_NEW_FB-1.png\",\"description\":\"Trusted Translations peut tirer parti des traductions humaines pr\u00e9c\u00e9dentes gr\u00e2ce \u00e0 l\u2019utilisation d\u2019outils de traduction assist\u00e9e par ordinateur pour am\u00e9liorer la qualit\u00e9 et r\u00e9duire les co\u00fbts.\",\"breadcrumb\":{\"@id\":\"https:\\\/\\\/www.trustedtranslations.com\\\/fr\\\/services\\\/humaine\\\/qualite\\\/outils-tao#breadcrumb\"},\"inLanguage\":\"fr-FR\",\"potentialAction\":[{\"@type\":\"ReadAction\",\"target\":[\"https:\\\/\\\/www.trustedtranslations.com\\\/fr\\\/services\\\/humaine\\\/qualite\\\/outils-tao\"]}]},{\"@type\":\"ImageObject\",\"inLanguage\":\"fr-FR\",\"@id\":\"https:\\\/\\\/www.trustedtranslations.com\\\/fr\\\/services\\\/humaine\\\/qualite\\\/outils-tao#primaryimage\",\"url\":\"https:\\\/\\\/www.trustedtranslations.com\\\/wp-content\\\/uploads\\\/2022\\\/08\\\/TT_NEW_FB-1.png\",\"contentUrl\":\"https:\\\/\\\/www.trustedtranslations.com\\\/wp-content\\\/uploads\\\/2022\\\/08\\\/TT_NEW_FB-1.png\",\"caption\":\"TT NEW FB 1\"},{\"@type\":\"BreadcrumbList\",\"@id\":\"https:\\\/\\\/www.trustedtranslations.com\\\/fr\\\/services\\\/humaine\\\/qualite\\\/outils-tao#breadcrumb\",\"itemListElement\":[{\"@type\":\"ListItem\",\"position\":1,\"name\":\"Accueil\",\"item\":\"https:\\\/\\\/www.trustedtranslations.com\\\/fr\"},{\"@type\":\"ListItem\",\"position\":2,\"name\":\"Services\",\"item\":\"https:\\\/\\\/www.trustedtranslations.com\\\/fr\\\/services\"},{\"@type\":\"ListItem\",\"position\":3,\"name\":\"Traduction humaine\",\"item\":\"https:\\\/\\\/www.trustedtranslations.com\\\/fr\\\/services\\\/humaine\"},{\"@type\":\"ListItem\",\"position\":4,\"name\":\"Qualit\u00e9\",\"item\":\"https:\\\/\\\/www.trustedtranslations.com\\\/fr\\\/services\\\/humaine\\\/qualite\"},{\"@type\":\"ListItem\",\"position\":5,\"name\":\"Outils de TAO\"}]},{\"@type\":\"WebSite\",\"@id\":\"https:\\\/\\\/www.trustedtranslations.com\\\/fr\\\/#website\",\"url\":\"https:\\\/\\\/www.trustedtranslations.com\\\/fr\\\/\",\"name\":\"Trusted Translations, Inc.\",\"description\":\"Leader in translation and interpretation services.\",\"publisher\":{\"@id\":\"https:\\\/\\\/www.trustedtranslations.com\\\/fr\\\/#organization\"},\"alternateName\":\"Trusted Translations\",\"potentialAction\":[{\"@type\":\"SearchAction\",\"target\":{\"@type\":\"EntryPoint\",\"urlTemplate\":\"https:\\\/\\\/www.trustedtranslations.com\\\/fr\\\/?s={search_term_string}\"},\"query-input\":{\"@type\":\"PropertyValueSpecification\",\"valueRequired\":true,\"valueName\":\"search_term_string\"}}],\"inLanguage\":\"fr-FR\"},{\"@type\":\"Organization\",\"@id\":\"https:\\\/\\\/www.trustedtranslations.com\\\/fr\\\/#organization\",\"name\":\"Trusted Translations\",\"alternateName\":\"Trusted Translations, Inc.\",\"url\":\"https:\\\/\\\/www.trustedtranslations.com\\\/fr\\\/\",\"logo\":{\"@type\":\"ImageObject\",\"inLanguage\":\"fr-FR\",\"@id\":\"https:\\\/\\\/www.trustedtranslations.com\\\/fr\\\/#\\\/schema\\\/logo\\\/image\\\/\",\"url\":\"https:\\\/\\\/static.trustedtranslations.com\\\/wp-content\\\/uploads\\\/2022\\\/01\\\/TT_logo_WSIColors-2.png\",\"contentUrl\":\"https:\\\/\\\/static.trustedtranslations.com\\\/wp-content\\\/uploads\\\/2022\\\/01\\\/TT_logo_WSIColors-2.png\",\"width\":500,\"height\":196,\"caption\":\"Trusted Translations\"},\"image\":{\"@id\":\"https:\\\/\\\/www.trustedtranslations.com\\\/fr\\\/#\\\/schema\\\/logo\\\/image\\\/\"},\"sameAs\":[\"https:\\\/\\\/www.facebook.com\\\/Trusted.Translations\",\"https:\\\/\\\/x.com\\\/TrustedT9ns\",\"https:\\\/\\\/www.linkedin.com\\\/company\\\/trusted-translations\"]}]}<\/script>\n<!-- \/ Yoast SEO plugin. -->","yoast_head_json":{"title":"Outils de traduction assist\u00e9e par ordinateur pour am\u00e9liorer les traductions","description":"Trusted Translations peut tirer parti des traductions humaines pr\u00e9c\u00e9dentes gr\u00e2ce \u00e0 l\u2019utilisation d\u2019outils de traduction assist\u00e9e par ordinateur pour am\u00e9liorer la qualit\u00e9 et r\u00e9duire les co\u00fbts.","robots":{"index":"index","follow":"follow","max-snippet":"max-snippet:-1","max-image-preview":"max-image-preview:large","max-video-preview":"max-video-preview:-1"},"canonical":"https:\/\/www.trustedtranslations.com\/fr\/services\/humaine\/qualite\/outils-tao","og_locale":"fr_FR","og_type":"article","og_title":"Outils de traduction assist\u00e9e par ordinateur pour am\u00e9liorer les traductions","og_description":"Trusted Translations peut tirer parti des traductions humaines pr\u00e9c\u00e9dentes gr\u00e2ce \u00e0 l\u2019utilisation d\u2019outils de traduction assist\u00e9e par ordinateur pour am\u00e9liorer la qualit\u00e9 et r\u00e9duire les co\u00fbts.","og_url":"https:\/\/www.trustedtranslations.com\/fr\/services\/humaine\/qualite\/outils-tao","og_site_name":"Trusted Translations, Inc.","article_publisher":"https:\/\/www.facebook.com\/Trusted.Translations","article_modified_time":"2024-09-05T19:58:19+00:00","og_image":[{"url":"https:\/\/static.trustedtranslations.com\/wp-content\/uploads\/2022\/08\/TT_NEW_FB-1.png","width":1,"height":1,"type":"image\/jpeg"}],"twitter_card":"summary_large_image","twitter_site":"@TrustedT9ns","schema":{"@context":"https:\/\/schema.org","@graph":[{"@type":"WebPage","@id":"https:\/\/www.trustedtranslations.com\/fr\/services\/humaine\/qualite\/outils-tao","url":"https:\/\/www.trustedtranslations.com\/fr\/services\/humaine\/qualite\/outils-tao","name":"Outils de traduction assist\u00e9e par ordinateur pour am\u00e9liorer les traductions","isPartOf":{"@id":"https:\/\/www.trustedtranslations.com\/fr\/#website"},"primaryImageOfPage":{"@id":"https:\/\/www.trustedtranslations.com\/fr\/services\/humaine\/qualite\/outils-tao#primaryimage"},"image":{"@id":"https:\/\/www.trustedtranslations.com\/fr\/services\/humaine\/qualite\/outils-tao#primaryimage"},"thumbnailUrl":"https:\/\/www.trustedtranslations.com\/wp-content\/uploads\/2022\/08\/TT_NEW_FB-1.png","description":"Trusted Translations peut tirer parti des traductions humaines pr\u00e9c\u00e9dentes gr\u00e2ce \u00e0 l\u2019utilisation d\u2019outils de traduction assist\u00e9e par ordinateur pour am\u00e9liorer la qualit\u00e9 et r\u00e9duire les co\u00fbts.","breadcrumb":{"@id":"https:\/\/www.trustedtranslations.com\/fr\/services\/humaine\/qualite\/outils-tao#breadcrumb"},"inLanguage":"fr-FR","potentialAction":[{"@type":"ReadAction","target":["https:\/\/www.trustedtranslations.com\/fr\/services\/humaine\/qualite\/outils-tao"]}]},{"@type":"ImageObject","inLanguage":"fr-FR","@id":"https:\/\/www.trustedtranslations.com\/fr\/services\/humaine\/qualite\/outils-tao#primaryimage","url":"https:\/\/www.trustedtranslations.com\/wp-content\/uploads\/2022\/08\/TT_NEW_FB-1.png","contentUrl":"https:\/\/www.trustedtranslations.com\/wp-content\/uploads\/2022\/08\/TT_NEW_FB-1.png","caption":"TT NEW FB 1"},{"@type":"BreadcrumbList","@id":"https:\/\/www.trustedtranslations.com\/fr\/services\/humaine\/qualite\/outils-tao#breadcrumb","itemListElement":[{"@type":"ListItem","position":1,"name":"Accueil","item":"https:\/\/www.trustedtranslations.com\/fr"},{"@type":"ListItem","position":2,"name":"Services","item":"https:\/\/www.trustedtranslations.com\/fr\/services"},{"@type":"ListItem","position":3,"name":"Traduction humaine","item":"https:\/\/www.trustedtranslations.com\/fr\/services\/humaine"},{"@type":"ListItem","position":4,"name":"Qualit\u00e9","item":"https:\/\/www.trustedtranslations.com\/fr\/services\/humaine\/qualite"},{"@type":"ListItem","position":5,"name":"Outils de TAO"}]},{"@type":"WebSite","@id":"https:\/\/www.trustedtranslations.com\/fr\/#website","url":"https:\/\/www.trustedtranslations.com\/fr\/","name":"Trusted Translations, Inc.","description":"Leader in translation and interpretation services.","publisher":{"@id":"https:\/\/www.trustedtranslations.com\/fr\/#organization"},"alternateName":"Trusted Translations","potentialAction":[{"@type":"SearchAction","target":{"@type":"EntryPoint","urlTemplate":"https:\/\/www.trustedtranslations.com\/fr\/?s={search_term_string}"},"query-input":{"@type":"PropertyValueSpecification","valueRequired":true,"valueName":"search_term_string"}}],"inLanguage":"fr-FR"},{"@type":"Organization","@id":"https:\/\/www.trustedtranslations.com\/fr\/#organization","name":"Trusted Translations","alternateName":"Trusted Translations, Inc.","url":"https:\/\/www.trustedtranslations.com\/fr\/","logo":{"@type":"ImageObject","inLanguage":"fr-FR","@id":"https:\/\/www.trustedtranslations.com\/fr\/#\/schema\/logo\/image\/","url":"https:\/\/static.trustedtranslations.com\/wp-content\/uploads\/2022\/01\/TT_logo_WSIColors-2.png","contentUrl":"https:\/\/static.trustedtranslations.com\/wp-content\/uploads\/2022\/01\/TT_logo_WSIColors-2.png","width":500,"height":196,"caption":"Trusted Translations"},"image":{"@id":"https:\/\/www.trustedtranslations.com\/fr\/#\/schema\/logo\/image\/"},"sameAs":["https:\/\/www.facebook.com\/Trusted.Translations","https:\/\/x.com\/TrustedT9ns","https:\/\/www.linkedin.com\/company\/trusted-translations"]}]}},"toolset-meta":{"dyk":{"mensaje-1":{"type":"textfield","raw":"Nous proposons des services de traduction pour tous les types de documents, dans tous les formats, toutes les tailles et toutes les langues"},"mensaje-2":{"type":"textfield","raw":""},"mensaje-3":{"type":"textfield","raw":""},"mensaje-4":{"type":"textfield","raw":"Nous vous offrons des d\u00e9lais d\u2019ex\u00e9cution plus rapides, des niveaux de qualit\u00e9 plus \u00e9lev\u00e9s et des prix plus avantageux"},"mensaje-5":{"type":"textfield","raw":""},"mensaje-6":{"type":"textfield","raw":""}},"single-page-template-fields":{"imgs-temp":{"type":"image","raw":["https:\/\/static.trustedtranslations.com\/wp-content\/uploads\/2024\/06\/cat-tools-final-1.webp"],"repeatable":[{"raw":"https:\/\/static.trustedtranslations.com\/wp-content\/uploads\/2024\/06\/cat-tools-final-1.webp"}]},"imgs-temp-cel":{"type":"image","raw":[""],"repeatable":[{"raw":""}]},"img-temp-one-cel":{"type":"image","raw":"https:\/\/static.trustedtranslations.com\/wp-content\/uploads\/2024\/06\/AdobeStock_415877766-1-1.webp","attachment_id":null},"quotes":{"type":"textarea","raw":"<h1 style=\"margin-bottom: 12px;\">\u00a0Services de traduction assist\u00e9e par ordinateur<\/h1>\r\n<em>Trusted Translations<\/em> utilise des outils de traduction assist\u00e9e par ordinateur\u00a0(TAO) de premier plan pour compl\u00e9ter, mais jamais pour remplacer, le travail de nos traducteurs humains. Nos outils de TAO nous aident \u00e0 am\u00e9liorer la qualit\u00e9 de la traduction et \u00e0 r\u00e9duire les co\u00fbts.\r\n<div style=\"margin-top: 2.5vw;\"><a class=\"tt-btn-main-cta\" href=\"https:\/\/www.trustedtranslations.com\/fr\/devis-traduction\">Demandez un devis gratuit<\/a><\/div>"},"text-1":{"type":"textarea","raw":"<h2>Am\u00e9liorer la traduction humaine avec des outils avanc\u00e9s<\/h2>La traduction assist\u00e9e par ordinateur\u00a0(TAO) est un terme large et quelque peu impr\u00e9cis qui couvre une gamme d\u2019outils de traduction, des plus simples aux plus complexes. En g\u00e9n\u00e9ral, la TAO int\u00e8gre une \u00e9tape d\u2019\u00e9dition manuelle ainsi que l\u2019utilisation de logiciels, faisant de la traduction un processus interactif entre les linguistes humains et leurs ordinateurs.\r\n\r\nLes outils de TAO ne doivent pas \u00eatre confondus avec les moteurs de traduction automatique g\u00e9n\u00e9raux. La TAO exploite la puissance de traitement automatique des ordinateurs pour renforcer les comp\u00e9tences des traducteurs humains. Voici quelques exemples d\u2019outils de TAO que nos traducteurs peuvent utiliser\u00a0: correcteurs orthographiques, correcteurs grammaticaux, gestionnaires de terminologie, dictionnaires \u00e9lectroniques, bases de donn\u00e9es terminologiques, m\u00e9moires de traduction et outils de pr\u00e9servation du formatage, entre autres.\r\n<h2>Outils de TAO et m\u00e9moires de traduction<\/h2>\r\nUn outil de TAO enregistre les unit\u00e9s de traduction\u00a0(UT) dans une m\u00e9moire de traduction\u00a0(MT). La traduction de chaque segment - normalement un bloc (ou une cha\u00eene) de mots qui peut \u00eatre soit une partie de phrase, soit une phrase compl\u00e8te - est enregistr\u00e9e avec le texte source. Cela rend les m\u00e9moires de traduction diff\u00e9rentes des outils terminologiques tels que les glossaires, bien qu\u2019ils soient souvent utilis\u00e9s ensemble. Les glossaires sont des bases de donn\u00e9es de mots tels que des noms, des verbes, des adjectifs, des adverbes ou des expressions idiomatiques qui doivent \u00eatre traduites d\u2019une certaine mani\u00e8re en fonction du contexte.\r\n\r\nLes m\u00e9moires de traduction sont un fichier de base de donn\u00e9es ou un ensemble de fichiers et ont donc besoin d\u2019une interface logicielle pour \u00eatre utilis\u00e9es et modifi\u00e9es. Cette interface logicielle est ce que l\u2019on appelle commun\u00e9ment dans l\u2019industrie un outil de TAO, qui peut \u00eatre un logiciel autonome ou une application Web. L\u2019outil de TAO pr\u00e9sente les segments au linguiste d\u2019une mani\u00e8re pratique qui facilite et acc\u00e9l\u00e8re le processus de traduction.\r\n\r\nLes outils de TAO permettent aux traducteurs humains d\u2019exploiter des traductions de qualit\u00e9 pr\u00e9c\u00e9demment approuv\u00e9es, dans un environnement qui permet un acc\u00e8s rapide et facile aux m\u00e9moires de traduction. Les outils de TAO sont \u00e9galement un moyen de s\u2019appuyer sur les anciennes m\u00e9moires de traduction ou d\u2019en cr\u00e9er de nouvelles gr\u00e2ce \u00e0 des corrections et\/ou \u00e0 la traduction de nouveaux segments.\u00a0Ce processus it\u00e9ratif est essentiel pour am\u00e9liorer constamment notre qualit\u00e9 et nos d\u00e9lais de livraison."},"shortcode-map":{"type":"textfield","raw":""},"dyk-shortcode":{"type":"textfield","raw":"[elementor-template id=\"146546\"]"},"text-2":{"type":"textarea","raw":"<h2>Outils de TAO et r\u00e9p\u00e9titions<\/h2>\r\nComment fonctionnent les outils de TAO et les m\u00e9moires de traduction\u00a0? Lorsqu\u2019un traducteur applique la m\u00e9moire de traduction \u00e0 un nouveau contenu, plusieurs r\u00e9sultats sont possibles. Un r\u00e9sultat possible est un \u00ab\u00a0No Match\u00a0\u00bb (aucune correspondance), ce qui signifie simplement qu\u2019il n\u2019y a pas de segments correspondants dans la m\u00e9moire. Cette phrase doit \u00eatre traduite de z\u00e9ro par un traducteur humain expert.\r\n\r\nUn \u00ab\u00a0Full Match\u00a0\u00bb (correspondance \u00e0 \u00ab\u00a0100\u00a0%\u00a0\u00bb) signifie qu\u2019il y a une phrase (ou un segment) dans le nouveau texte qui est identique \u00e0 une phrase d\u00e9j\u00e0 traduite stock\u00e9e dans la m\u00e9moire de traduction. Le traducteur doit v\u00e9rifier que le segment est correctement utilis\u00e9 dans le contexte de la nouvelle traduction, et simplement l\u2019approuver s\u2019il est correct.\r\n\r\nEnfin, un \u00ab\u00a0Fuzzy Match\u00a0\u00bb (correspondance floue) est une phrase ou un segment du nouveau contenu similaire, mais pas identique, \u00e0 un segment stock\u00e9 dans la m\u00e9moire de traduction. Le traducteur humain doit alors examiner les r\u00e9sultats et probablement les modifier afin de traduire la phrase avec pr\u00e9cision.\r\n\r\nUne \u00ab r\u00e9p\u00e9tition \u00bb est un segment qui se r\u00e9p\u00e8te plusieurs fois dans le document en cours. L\u2019utilisation d\u2019une m\u00e9moire de traduction signifie que le segment ou la phrase ne doit \u00eatre traduit(e) qu\u2019une seule fois, ses autres instances \u00e9tant ensuite g\u00e9n\u00e9r\u00e9es automatiquement.\r\n\r\nComme nous pouvons le voir, les outils de TAO sont un excellent moyen pour les traducteurs de savoir comment appliquer au mieux leur expertise aux diff\u00e9rentes sections de contenu.\r\n\r\n<em>Trusted Translations<\/em> utilise des outils de TAO et des outils terminologiques pour aider nos traducteurs humains, ce qui contribue \u00e0 am\u00e9liorer la qualit\u00e9 globale des projets de traduction de taille moyenne \u00e0 grande. Si vous souhaitez en savoir plus sur l\u2019utilisation des outils de TAO, contactez-nous d\u00e8s aujourd\u2019hui."},"state":{"type":"textfield","raw":""},"city":{"type":"textarea","raw":[]}}},"_links":{"self":[{"href":"https:\/\/www.trustedtranslations.com\/fr\/wp-json\/wp\/v2\/pages\/128989","targetHints":{"allow":["GET"]}}],"collection":[{"href":"https:\/\/www.trustedtranslations.com\/fr\/wp-json\/wp\/v2\/pages"}],"about":[{"href":"https:\/\/www.trustedtranslations.com\/fr\/wp-json\/wp\/v2\/types\/page"}],"author":[{"embeddable":true,"href":"https:\/\/www.trustedtranslations.com\/fr\/wp-json\/wp\/v2\/users\/1"}],"replies":[{"embeddable":true,"href":"https:\/\/www.trustedtranslations.com\/fr\/wp-json\/wp\/v2\/comments?post=128989"}],"version-history":[{"count":0,"href":"https:\/\/www.trustedtranslations.com\/fr\/wp-json\/wp\/v2\/pages\/128989\/revisions"}],"up":[{"embeddable":true,"href":"https:\/\/www.trustedtranslations.com\/fr\/wp-json\/wp\/v2\/pages\/128992"}],"wp:featuredmedia":[{"embeddable":true,"href":"https:\/\/www.trustedtranslations.com\/fr\/wp-json\/wp\/v2\/media\/223057"}],"wp:attachment":[{"href":"https:\/\/www.trustedtranslations.com\/fr\/wp-json\/wp\/v2\/media?parent=128989"}],"curies":[{"name":"wp","href":"https:\/\/api.w.org\/{rel}","templated":true}]}}