{"id":128996,"date":"2018-07-27T21:01:36","date_gmt":"2018-07-27T21:01:36","guid":{"rendered":"https:\/\/www.trustedtranslations.com\/?page_id=128996"},"modified":"2024-09-03T11:34:37","modified_gmt":"2024-09-03T14:34:37","slug":"interpretation-sur-site","status":"publish","type":"page","link":"https:\/\/www.trustedtranslations.com\/fr\/services\/interpretation-sur-site","title":{"rendered":"Interpr\u00e9tation sur site"},"content":{"rendered":"","protected":false},"excerpt":{"rendered":"","protected":false},"author":1,"featured_media":210279,"parent":129016,"menu_order":0,"comment_status":"closed","ping_status":"closed","template":"","meta":{"site-sidebar-layout":"default","site-content-layout":"default","ast-site-content-layout":"default","site-content-style":"default","site-sidebar-style":"default","ast-global-header-display":"","ast-banner-title-visibility":"","ast-main-header-display":"","ast-hfb-above-header-display":"","ast-hfb-below-header-display":"","ast-hfb-mobile-header-display":"","site-post-title":"disabled","ast-breadcrumbs-content":"","ast-featured-img":"","footer-sml-layout":"","ast-disable-related-posts":"","theme-transparent-header-meta":"default","adv-header-id-meta":"","stick-header-meta":"","header-above-stick-meta":"","header-main-stick-meta":"","header-below-stick-meta":"","astra-migrate-meta-layouts":"set","ast-page-background-enabled":"default","ast-page-background-meta":{"desktop":{"background-color":"var(--ast-global-color-4)","background-image":"","background-repeat":"repeat","background-position":"center center","background-size":"auto","background-attachment":"scroll","background-type":"","background-media":"","overlay-type":"","overlay-color":"","overlay-opacity":"","overlay-gradient":""},"tablet":{"background-color":"","background-image":"","background-repeat":"repeat","background-position":"center center","background-size":"auto","background-attachment":"scroll","background-type":"","background-media":"","overlay-type":"","overlay-color":"","overlay-opacity":"","overlay-gradient":""},"mobile":{"background-color":"","background-image":"","background-repeat":"repeat","background-position":"center center","background-size":"auto","background-attachment":"scroll","background-type":"","background-media":"","overlay-type":"","overlay-color":"","overlay-opacity":"","overlay-gradient":""}},"ast-content-background-meta":{"desktop":{"background-color":"var(--ast-global-color-5)","background-image":"","background-repeat":"repeat","background-position":"center center","background-size":"auto","background-attachment":"scroll","background-type":"","background-media":"","overlay-type":"","overlay-color":"","overlay-opacity":"","overlay-gradient":""},"tablet":{"background-color":"var(--ast-global-color-5)","background-image":"","background-repeat":"repeat","background-position":"center center","background-size":"auto","background-attachment":"scroll","background-type":"","background-media":"","overlay-type":"","overlay-color":"","overlay-opacity":"","overlay-gradient":""},"mobile":{"background-color":"var(--ast-global-color-5)","background-image":"","background-repeat":"repeat","background-position":"center center","background-size":"auto","background-attachment":"scroll","background-type":"","background-media":"","overlay-type":"","overlay-color":"","overlay-opacity":"","overlay-gradient":""}},"footnotes":""},"class_list":["post-128996","page","type-page","status-publish","has-post-thumbnail","hentry"],"yoast_head":"<!-- This site is optimized with the Yoast SEO plugin v27.3 - https:\/\/yoast.com\/product\/yoast-seo-wordpress\/ -->\n<title>Services d\u2019interpr\u00e9tation sur site - Trusted Translations, Inc.<\/title>\n<meta name=\"description\" content=\"Trusted Translations est un leader dans le domaine des services d\u2019interpr\u00e9tation cons\u00e9cutive et simultan\u00e9e sur site. Appelez pour demander un devis ou un conseil gratuit.\" \/>\n<meta name=\"robots\" content=\"index, follow, max-snippet:-1, max-image-preview:large, max-video-preview:-1\" \/>\n<link rel=\"canonical\" href=\"https:\/\/www.trustedtranslations.com\/fr\/services\/interpretation-sur-site\" \/>\n<meta property=\"og:locale\" content=\"fr_FR\" \/>\n<meta property=\"og:type\" content=\"article\" \/>\n<meta property=\"og:title\" content=\"Services d\u2019interpr\u00e9tation sur site - Trusted Translations, Inc.\" \/>\n<meta property=\"og:description\" content=\"Trusted Translations est un leader dans le domaine des services d\u2019interpr\u00e9tation cons\u00e9cutive et simultan\u00e9e sur site. Appelez pour demander un devis ou un conseil gratuit.\" \/>\n<meta property=\"og:url\" content=\"https:\/\/www.trustedtranslations.com\/fr\/services\/interpretation-sur-site\" \/>\n<meta property=\"og:site_name\" content=\"Trusted Translations, Inc.\" \/>\n<meta property=\"article:publisher\" content=\"https:\/\/www.facebook.com\/Trusted.Translations\" \/>\n<meta property=\"article:modified_time\" content=\"2024-09-03T14:34:37+00:00\" \/>\n<meta property=\"og:image\" content=\"https:\/\/www.trustedtranslations.com\/wp-content\/uploads\/2022\/06\/tt-logo-2-1.webp\" \/>\n\t<meta property=\"og:image:width\" content=\"216\" \/>\n\t<meta property=\"og:image:height\" content=\"94\" \/>\n\t<meta property=\"og:image:type\" content=\"image\/webp\" \/>\n<meta name=\"twitter:card\" content=\"summary_large_image\" \/>\n<meta name=\"twitter:site\" content=\"@TrustedT9ns\" \/>\n<script type=\"application\/ld+json\" class=\"yoast-schema-graph\">{\"@context\":\"https:\\\/\\\/schema.org\",\"@graph\":[{\"@type\":\"WebPage\",\"@id\":\"https:\\\/\\\/www.trustedtranslations.com\\\/fr\\\/services\\\/interpretation-sur-site\",\"url\":\"https:\\\/\\\/www.trustedtranslations.com\\\/fr\\\/services\\\/interpretation-sur-site\",\"name\":\"Services d\u2019interpr\u00e9tation sur site - Trusted Translations, Inc.\",\"isPartOf\":{\"@id\":\"https:\\\/\\\/www.trustedtranslations.com\\\/fr\\\/#website\"},\"primaryImageOfPage\":{\"@id\":\"https:\\\/\\\/www.trustedtranslations.com\\\/fr\\\/services\\\/interpretation-sur-site#primaryimage\"},\"image\":{\"@id\":\"https:\\\/\\\/www.trustedtranslations.com\\\/fr\\\/services\\\/interpretation-sur-site#primaryimage\"},\"thumbnailUrl\":\"\",\"description\":\"Trusted Translations est un leader dans le domaine des services d\u2019interpr\u00e9tation cons\u00e9cutive et simultan\u00e9e sur site. Appelez pour demander un devis ou un conseil gratuit.\",\"breadcrumb\":{\"@id\":\"https:\\\/\\\/www.trustedtranslations.com\\\/fr\\\/services\\\/interpretation-sur-site#breadcrumb\"},\"inLanguage\":\"fr-FR\",\"potentialAction\":[{\"@type\":\"ReadAction\",\"target\":[\"https:\\\/\\\/www.trustedtranslations.com\\\/fr\\\/services\\\/interpretation-sur-site\"]}]},{\"@type\":\"ImageObject\",\"inLanguage\":\"fr-FR\",\"@id\":\"https:\\\/\\\/www.trustedtranslations.com\\\/fr\\\/services\\\/interpretation-sur-site#primaryimage\",\"url\":\"\",\"contentUrl\":\"\"},{\"@type\":\"BreadcrumbList\",\"@id\":\"https:\\\/\\\/www.trustedtranslations.com\\\/fr\\\/services\\\/interpretation-sur-site#breadcrumb\",\"itemListElement\":[{\"@type\":\"ListItem\",\"position\":1,\"name\":\"Accueil\",\"item\":\"https:\\\/\\\/www.trustedtranslations.com\\\/fr\"},{\"@type\":\"ListItem\",\"position\":2,\"name\":\"Services\",\"item\":\"https:\\\/\\\/www.trustedtranslations.com\\\/fr\\\/services\"},{\"@type\":\"ListItem\",\"position\":3,\"name\":\"Interpr\u00e9tation sur site\"}]},{\"@type\":\"WebSite\",\"@id\":\"https:\\\/\\\/www.trustedtranslations.com\\\/fr\\\/#website\",\"url\":\"https:\\\/\\\/www.trustedtranslations.com\\\/fr\\\/\",\"name\":\"Trusted Translations, Inc.\",\"description\":\"Leader in translation and interpretation services.\",\"publisher\":{\"@id\":\"https:\\\/\\\/www.trustedtranslations.com\\\/fr\\\/#organization\"},\"alternateName\":\"Trusted Translations\",\"potentialAction\":[{\"@type\":\"SearchAction\",\"target\":{\"@type\":\"EntryPoint\",\"urlTemplate\":\"https:\\\/\\\/www.trustedtranslations.com\\\/fr\\\/?s={search_term_string}\"},\"query-input\":{\"@type\":\"PropertyValueSpecification\",\"valueRequired\":true,\"valueName\":\"search_term_string\"}}],\"inLanguage\":\"fr-FR\"},{\"@type\":\"Organization\",\"@id\":\"https:\\\/\\\/www.trustedtranslations.com\\\/fr\\\/#organization\",\"name\":\"Trusted Translations\",\"alternateName\":\"Trusted Translations, Inc.\",\"url\":\"https:\\\/\\\/www.trustedtranslations.com\\\/fr\\\/\",\"logo\":{\"@type\":\"ImageObject\",\"inLanguage\":\"fr-FR\",\"@id\":\"https:\\\/\\\/www.trustedtranslations.com\\\/fr\\\/#\\\/schema\\\/logo\\\/image\\\/\",\"url\":\"https:\\\/\\\/static.trustedtranslations.com\\\/wp-content\\\/uploads\\\/2022\\\/01\\\/TT_logo_WSIColors-2.png\",\"contentUrl\":\"https:\\\/\\\/static.trustedtranslations.com\\\/wp-content\\\/uploads\\\/2022\\\/01\\\/TT_logo_WSIColors-2.png\",\"width\":500,\"height\":196,\"caption\":\"Trusted Translations\"},\"image\":{\"@id\":\"https:\\\/\\\/www.trustedtranslations.com\\\/fr\\\/#\\\/schema\\\/logo\\\/image\\\/\"},\"sameAs\":[\"https:\\\/\\\/www.facebook.com\\\/Trusted.Translations\",\"https:\\\/\\\/x.com\\\/TrustedT9ns\",\"https:\\\/\\\/www.linkedin.com\\\/company\\\/trusted-translations\"]}]}<\/script>\n<!-- \/ Yoast SEO plugin. -->","yoast_head_json":{"title":"Services d\u2019interpr\u00e9tation sur site - Trusted Translations, Inc.","description":"Trusted Translations est un leader dans le domaine des services d\u2019interpr\u00e9tation cons\u00e9cutive et simultan\u00e9e sur site. Appelez pour demander un devis ou un conseil gratuit.","robots":{"index":"index","follow":"follow","max-snippet":"max-snippet:-1","max-image-preview":"max-image-preview:large","max-video-preview":"max-video-preview:-1"},"canonical":"https:\/\/www.trustedtranslations.com\/fr\/services\/interpretation-sur-site","og_locale":"fr_FR","og_type":"article","og_title":"Services d\u2019interpr\u00e9tation sur site - Trusted Translations, Inc.","og_description":"Trusted Translations est un leader dans le domaine des services d\u2019interpr\u00e9tation cons\u00e9cutive et simultan\u00e9e sur site. Appelez pour demander un devis ou un conseil gratuit.","og_url":"https:\/\/www.trustedtranslations.com\/fr\/services\/interpretation-sur-site","og_site_name":"Trusted Translations, Inc.","article_publisher":"https:\/\/www.facebook.com\/Trusted.Translations","article_modified_time":"2024-09-03T14:34:37+00:00","og_image":[{"width":216,"height":94,"url":"https:\/\/www.trustedtranslations.com\/wp-content\/uploads\/2022\/06\/tt-logo-2-1.webp","type":"image\/webp"}],"twitter_card":"summary_large_image","twitter_site":"@TrustedT9ns","schema":{"@context":"https:\/\/schema.org","@graph":[{"@type":"WebPage","@id":"https:\/\/www.trustedtranslations.com\/fr\/services\/interpretation-sur-site","url":"https:\/\/www.trustedtranslations.com\/fr\/services\/interpretation-sur-site","name":"Services d\u2019interpr\u00e9tation sur site - Trusted Translations, Inc.","isPartOf":{"@id":"https:\/\/www.trustedtranslations.com\/fr\/#website"},"primaryImageOfPage":{"@id":"https:\/\/www.trustedtranslations.com\/fr\/services\/interpretation-sur-site#primaryimage"},"image":{"@id":"https:\/\/www.trustedtranslations.com\/fr\/services\/interpretation-sur-site#primaryimage"},"thumbnailUrl":"","description":"Trusted Translations est un leader dans le domaine des services d\u2019interpr\u00e9tation cons\u00e9cutive et simultan\u00e9e sur site. Appelez pour demander un devis ou un conseil gratuit.","breadcrumb":{"@id":"https:\/\/www.trustedtranslations.com\/fr\/services\/interpretation-sur-site#breadcrumb"},"inLanguage":"fr-FR","potentialAction":[{"@type":"ReadAction","target":["https:\/\/www.trustedtranslations.com\/fr\/services\/interpretation-sur-site"]}]},{"@type":"ImageObject","inLanguage":"fr-FR","@id":"https:\/\/www.trustedtranslations.com\/fr\/services\/interpretation-sur-site#primaryimage","url":"","contentUrl":""},{"@type":"BreadcrumbList","@id":"https:\/\/www.trustedtranslations.com\/fr\/services\/interpretation-sur-site#breadcrumb","itemListElement":[{"@type":"ListItem","position":1,"name":"Accueil","item":"https:\/\/www.trustedtranslations.com\/fr"},{"@type":"ListItem","position":2,"name":"Services","item":"https:\/\/www.trustedtranslations.com\/fr\/services"},{"@type":"ListItem","position":3,"name":"Interpr\u00e9tation sur site"}]},{"@type":"WebSite","@id":"https:\/\/www.trustedtranslations.com\/fr\/#website","url":"https:\/\/www.trustedtranslations.com\/fr\/","name":"Trusted Translations, Inc.","description":"Leader in translation and interpretation services.","publisher":{"@id":"https:\/\/www.trustedtranslations.com\/fr\/#organization"},"alternateName":"Trusted Translations","potentialAction":[{"@type":"SearchAction","target":{"@type":"EntryPoint","urlTemplate":"https:\/\/www.trustedtranslations.com\/fr\/?s={search_term_string}"},"query-input":{"@type":"PropertyValueSpecification","valueRequired":true,"valueName":"search_term_string"}}],"inLanguage":"fr-FR"},{"@type":"Organization","@id":"https:\/\/www.trustedtranslations.com\/fr\/#organization","name":"Trusted Translations","alternateName":"Trusted Translations, Inc.","url":"https:\/\/www.trustedtranslations.com\/fr\/","logo":{"@type":"ImageObject","inLanguage":"fr-FR","@id":"https:\/\/www.trustedtranslations.com\/fr\/#\/schema\/logo\/image\/","url":"https:\/\/static.trustedtranslations.com\/wp-content\/uploads\/2022\/01\/TT_logo_WSIColors-2.png","contentUrl":"https:\/\/static.trustedtranslations.com\/wp-content\/uploads\/2022\/01\/TT_logo_WSIColors-2.png","width":500,"height":196,"caption":"Trusted Translations"},"image":{"@id":"https:\/\/www.trustedtranslations.com\/fr\/#\/schema\/logo\/image\/"},"sameAs":["https:\/\/www.facebook.com\/Trusted.Translations","https:\/\/x.com\/TrustedT9ns","https:\/\/www.linkedin.com\/company\/trusted-translations"]}]}},"toolset-meta":{"dyk":{"mensaje-1":{"type":"textfield","raw":""},"mensaje-2":{"type":"textfield","raw":"Les langues les plus parl\u00e9es par les interpr\u00e8tes am\u00e9ricains sont l'espagnol, le fran\u00e7ais, l'arabe et le chinois."},"mensaje-3":{"type":"textfield","raw":"Les interpr\u00e8tes des Nations Unies doivent parler couramment au moins trois langues."},"mensaje-4":{"type":"textfield","raw":"Avec une augmentation des conf\u00e9rences virtuelles, la demande d'interpr\u00e8tes multilingues augmente."},"mensaje-5":{"type":"textfield","raw":""},"mensaje-6":{"type":"textfield","raw":""}},"single-page-template-fields":{"imgs-temp":{"type":"image","raw":["https:\/\/static.trustedtranslations.com\/wp-content\/uploads\/2024\/05\/onsite-5-1.webp"],"repeatable":[{"raw":"https:\/\/static.trustedtranslations.com\/wp-content\/uploads\/2024\/05\/onsite-5-1.webp"}]},"imgs-temp-cel":{"type":"image","raw":[""],"repeatable":[{"raw":""}]},"img-temp-one-cel":{"type":"image","raw":"https:\/\/static.trustedtranslations.com\/wp-content\/uploads\/2024\/05\/AdobeStock_300893166-2-1.webp","attachment_id":null},"quotes":{"type":"textarea","raw":"<h1 style=\"margin-bottom: 12px;\">Services d\u2019interpr\u00e9tation sur site<\/h1>Le service d\u2019interpr\u00e9tation de Trusted Translations est sp\u00e9cialis\u00e9 dans l\u2019interpr\u00e9tation sur site, qu\u2019elle soit cons\u00e9cutive ou simultan\u00e9e. Notre \u00e9quipe a acc\u00e8s aux meilleurs interpr\u00e8tes du monde entier, \u00e9quip\u00e9s des instruments de haute technologie n\u00e9cessaires pour fournir une interpr\u00e9tation professionnelle sur site dans presque tous les environnements. Des grandes salles de conf\u00e9rence aux petites salles de r\u00e9union, Trusted Translations a une solution pour vos besoins d\u2019interpr\u00e9tation sur site.<div style=\"margin-top: 2.5vw;\"><a class=\"tt-btn-main-cta\" href=\"\/fr\/devis-traduction\">DEMANDEZ UN DEVIS GRATUIT<\/a><\/div>"},"text-1":{"type":"textarea","raw":"<h2 style=\"margin-top: -10px; padding-bottom:20px\">Interpr\u00e8tes sur site<\/h2>Nos interpr\u00e8tes sur site ont suivi la formation linguistique la plus rigoureuse de l\u2019industrie. Gr\u00e2ce \u00e0 ses interpr\u00e8tes, Trusted Translations comprend les normes rigoureuses n\u00e9cessaires pour fournir des interpr\u00e9tations pr\u00e9cises sur site. Nous travaillons avec des linguistes qualifi\u00e9s et exp\u00e9riment\u00e9s dans tous les domaines, couvrant plus de 200 langues et dialectes. Trusted Translations trouvera le linguiste qui r\u00e9pondra \u00e0 vos besoins, quelle que soit la complexit\u00e9 du sujet trait\u00e9.\r\n\r\nComme pour toutes nos offres de services, Trusted Translations respecte des normes strictes de confidentialit\u00e9 et de qualit\u00e9.\r\n\r\nTrusted Translations est le fournisseur de plus de 5 000 clients dans le monde et b\u00e9n\u00e9ficie de la confiance des organisations les plus r\u00e9put\u00e9es au monde, y compris l\u2019arm\u00e9e et le gouvernement des \u00c9tats-Unis. Que vous ayez besoin de services d\u2019interpr\u00e9tation commerciale, juridique, m\u00e9dicale, \u00e9ducative ou de conf\u00e9rence sur site, Trusted Translations est votre solution rentable et fiable."},"shortcode-map":{"type":"textfield","raw":""},"dyk-shortcode":{"type":"textfield","raw":"[elementor-template id=\"146546\"]"},"text-2":{"type":"textarea","raw":"<h2 style=\" padding-bottom:20px\">Interpr\u00e9tation linguistique sur site<\/h2>Trusted Translations a \u00e9labor\u00e9 une solution unique pour tous vos besoins linguistiques, notamment notre offre de services d\u2019interpr\u00e9tation sur site.\r\n\r\nNotre service d\u2019interpr\u00e9tation sur site fournit des interpr\u00e8tes hautement qualifi\u00e9s et certifi\u00e9s \u00e0 l\u2019endroit de votre choix pour traduire verbalement vos interventions d\u2019une langue \u00e0 l\u2019autre. Gr\u00e2ce \u00e0 l\u2019expertise de notre \u00e9quipe dans un large \u00e9ventail d\u2019industries, nos services peuvent s\u2019adapter aussi bien \u00e0 de petites configurations, telles que celles utilis\u00e9es pour les d\u00e9positions ou les n\u00e9gociations juridiques, qu\u2019\u00e0 de grandes configurations, comme les conf\u00e9rences. Dans ce dernier cas, nos interpr\u00e8tes sur site peuvent s\u2019assurer que le public et\/ou les intervenants multilingues sont en mesure de communiquer efficacement dans plusieurs langues.\r\n\r\nIl existe deux principaux types de services d\u2019interpr\u00e9tation sur site : l\u2019interpr\u00e9tation cons\u00e9cutive et l\u2019interpr\u00e9tation simultan\u00e9e. L\u2019interpr\u00e9tation cons\u00e9cutive sur site fait appel \u00e0 un seul interpr\u00e8te qui traduit des segments d\u2019informations, par exemple un bloc de plusieurs phrases, lorsque l\u2019orateur principal fait une pause ou qu\u2019il a termin\u00e9. Il s\u2019agit d\u2019un choix tr\u00e8s pris\u00e9 et \u00e9conomique pour les configurations individuelles ou en petits groupes, tels que les entretiens, les consultations m\u00e9dicales, les n\u00e9gociations entre clients et avocats, etc.\r\n\r\nDans l\u2019interpr\u00e9tation simultan\u00e9e sur site, les interpr\u00e8tes traduisent \u00ab en direct \u00bb et parlent en m\u00eame temps que le ou les orateurs, ce qui n\u00e9cessite souvent un \u00e9quipement sp\u00e9cialis\u00e9, des cabines insonoris\u00e9es et plusieurs \u00e9quipes. Ce type d\u2019interpr\u00e9tation est le plus souvent utilis\u00e9 pour des \u00e9v\u00e9nements complexes et de grande envergure impliquant un public, tels que des conf\u00e9rences, des discours gouvernementaux, des r\u00e9unions de conseil d\u2019administration, des proc\u00e8s et des conventions commerciales internationales, surtout si de nombreuses langues diff\u00e9rentes sont parl\u00e9es.\r\n\r\nQue vous ayez en t\u00eate un type sp\u00e9cifique d\u2019interpr\u00e9tation sur site ou que vous envisagiez une combinaison des deux comme \u00e9tant la meilleure solution pour votre entreprise, Trusted Translations vous mettra en contact avec des interpr\u00e8tes experts sp\u00e9cialis\u00e9s dans chaque type de services d\u2019interpr\u00e9tation. Nos professionnels combinent la ma\u00eetrise exceptionnelle n\u00e9cessaire pour interpr\u00e9ter une langue cible dans une autre avec une compr\u00e9hension du sujet et de la terminologie sp\u00e9cifique \u00e0 l\u2019industrie.\r\n\r\nDes salles d\u2019audience nationales aux salles de conf\u00e9rence internationales, une interpr\u00e9tation pr\u00e9cise est essentielle \u00e0 la communication. Les organisations de tous types, y compris les organismes gouvernementaux, les \u00e9tablissements de sant\u00e9, les entreprises du Fortune 500, les cabinets d\u2019avocats, les organisations \u00e0 but non lucratif, entre autres, peuvent b\u00e9n\u00e9ficier de ce service rentable et facile \u00e0 utiliser."},"state":{"type":"textfield","raw":""},"city":{"type":"textarea","raw":[]}}},"_links":{"self":[{"href":"https:\/\/www.trustedtranslations.com\/fr\/wp-json\/wp\/v2\/pages\/128996","targetHints":{"allow":["GET"]}}],"collection":[{"href":"https:\/\/www.trustedtranslations.com\/fr\/wp-json\/wp\/v2\/pages"}],"about":[{"href":"https:\/\/www.trustedtranslations.com\/fr\/wp-json\/wp\/v2\/types\/page"}],"author":[{"embeddable":true,"href":"https:\/\/www.trustedtranslations.com\/fr\/wp-json\/wp\/v2\/users\/1"}],"replies":[{"embeddable":true,"href":"https:\/\/www.trustedtranslations.com\/fr\/wp-json\/wp\/v2\/comments?post=128996"}],"version-history":[{"count":0,"href":"https:\/\/www.trustedtranslations.com\/fr\/wp-json\/wp\/v2\/pages\/128996\/revisions"}],"up":[{"embeddable":true,"href":"https:\/\/www.trustedtranslations.com\/fr\/wp-json\/wp\/v2\/pages\/129016"}],"wp:featuredmedia":[{"embeddable":true,"href":"https:\/\/www.trustedtranslations.com\/fr\/wp-json\/"}],"wp:attachment":[{"href":"https:\/\/www.trustedtranslations.com\/fr\/wp-json\/wp\/v2\/media?parent=128996"}],"curies":[{"name":"wp","href":"https:\/\/api.w.org\/{rel}","templated":true}]}}