{"id":128997,"date":"2018-07-27T21:01:34","date_gmt":"2018-07-27T21:01:34","guid":{"rendered":"https:\/\/www.trustedtranslations.com\/?page_id=128997"},"modified":"2024-09-04T18:40:25","modified_gmt":"2024-09-04T21:40:25","slug":"marketing-en-ligne","status":"publish","type":"page","link":"https:\/\/www.trustedtranslations.com\/fr\/services\/humaine\/marketing-en-ligne","title":{"rendered":"Marketing en ligne"},"content":{"rendered":"","protected":false},"excerpt":{"rendered":"","protected":false},"author":1,"featured_media":235683,"parent":128976,"menu_order":12,"comment_status":"closed","ping_status":"closed","template":"","meta":{"site-sidebar-layout":"default","site-content-layout":"default","ast-site-content-layout":"default","site-content-style":"default","site-sidebar-style":"default","ast-global-header-display":"","ast-banner-title-visibility":"","ast-main-header-display":"","ast-hfb-above-header-display":"","ast-hfb-below-header-display":"","ast-hfb-mobile-header-display":"","site-post-title":"disabled","ast-breadcrumbs-content":"","ast-featured-img":"","footer-sml-layout":"","ast-disable-related-posts":"","theme-transparent-header-meta":"default","adv-header-id-meta":"","stick-header-meta":"","header-above-stick-meta":"","header-main-stick-meta":"","header-below-stick-meta":"","astra-migrate-meta-layouts":"set","ast-page-background-enabled":"default","ast-page-background-meta":{"desktop":{"background-color":"var(--ast-global-color-4)","background-image":"","background-repeat":"repeat","background-position":"center center","background-size":"auto","background-attachment":"scroll","background-type":"","background-media":"","overlay-type":"","overlay-color":"","overlay-opacity":"","overlay-gradient":""},"tablet":{"background-color":"","background-image":"","background-repeat":"repeat","background-position":"center center","background-size":"auto","background-attachment":"scroll","background-type":"","background-media":"","overlay-type":"","overlay-color":"","overlay-opacity":"","overlay-gradient":""},"mobile":{"background-color":"","background-image":"","background-repeat":"repeat","background-position":"center center","background-size":"auto","background-attachment":"scroll","background-type":"","background-media":"","overlay-type":"","overlay-color":"","overlay-opacity":"","overlay-gradient":""}},"ast-content-background-meta":{"desktop":{"background-color":"var(--ast-global-color-5)","background-image":"","background-repeat":"repeat","background-position":"center center","background-size":"auto","background-attachment":"scroll","background-type":"","background-media":"","overlay-type":"","overlay-color":"","overlay-opacity":"","overlay-gradient":""},"tablet":{"background-color":"var(--ast-global-color-5)","background-image":"","background-repeat":"repeat","background-position":"center center","background-size":"auto","background-attachment":"scroll","background-type":"","background-media":"","overlay-type":"","overlay-color":"","overlay-opacity":"","overlay-gradient":""},"mobile":{"background-color":"var(--ast-global-color-5)","background-image":"","background-repeat":"repeat","background-position":"center center","background-size":"auto","background-attachment":"scroll","background-type":"","background-media":"","overlay-type":"","overlay-color":"","overlay-opacity":"","overlay-gradient":""}},"footnotes":""},"class_list":["post-128997","page","type-page","status-publish","has-post-thumbnail","hentry"],"yoast_head":"<!-- This site is optimized with the Yoast SEO plugin v27.5 - https:\/\/yoast.com\/product\/yoast-seo-wordpress\/ -->\n<title>Services de traduction marketing en ligne - Trusted Translations, Inc.<\/title>\n<meta name=\"description\" content=\"Trusted Translations est une solution unique pour tous vos besoins de marketing en ligne (SEO, SEM, marketing des r\u00e9seaux sociaux et optimisation de sites Web) dans plus de 150 langues. Devis ou consultation gratuits.\" \/>\n<meta name=\"robots\" content=\"index, follow, max-snippet:-1, max-image-preview:large, max-video-preview:-1\" \/>\n<link rel=\"canonical\" href=\"https:\/\/www.trustedtranslations.com\/fr\/services\/humaine\/marketing-en-ligne\" \/>\n<meta property=\"og:locale\" content=\"fr_FR\" \/>\n<meta property=\"og:type\" content=\"article\" \/>\n<meta property=\"og:title\" content=\"Services de traduction marketing en ligne - Trusted Translations, Inc.\" \/>\n<meta property=\"og:description\" content=\"Trusted Translations est une solution unique pour tous vos besoins de marketing en ligne (SEO, SEM, marketing des r\u00e9seaux sociaux et optimisation de sites Web) dans plus de 150 langues. Devis ou consultation gratuits.\" \/>\n<meta property=\"og:url\" content=\"https:\/\/www.trustedtranslations.com\/fr\/services\/humaine\/marketing-en-ligne\" \/>\n<meta property=\"og:site_name\" content=\"Trusted Translations, Inc.\" \/>\n<meta property=\"article:publisher\" content=\"https:\/\/www.facebook.com\/Trusted.Translations\" \/>\n<meta property=\"article:modified_time\" content=\"2024-09-04T21:40:25+00:00\" \/>\n<meta property=\"og:image\" content=\"https:\/\/static.trustedtranslations.com\/wp-content\/uploads\/2024\/02\/TT-ICON_Online-Marketing-Service.webp\" \/>\n\t<meta property=\"og:image:width\" content=\"151\" \/>\n\t<meta property=\"og:image:height\" content=\"151\" \/>\n\t<meta property=\"og:image:type\" content=\"image\/webp\" \/>\n<meta name=\"twitter:card\" content=\"summary_large_image\" \/>\n<meta name=\"twitter:site\" content=\"@TrustedT9ns\" \/>\n<script type=\"application\/ld+json\" class=\"yoast-schema-graph\">{\"@context\":\"https:\\\/\\\/schema.org\",\"@graph\":[{\"@type\":\"WebPage\",\"@id\":\"https:\\\/\\\/www.trustedtranslations.com\\\/fr\\\/services\\\/humaine\\\/marketing-en-ligne\",\"url\":\"https:\\\/\\\/www.trustedtranslations.com\\\/fr\\\/services\\\/humaine\\\/marketing-en-ligne\",\"name\":\"Services de traduction marketing en ligne - Trusted Translations, Inc.\",\"isPartOf\":{\"@id\":\"https:\\\/\\\/www.trustedtranslations.com\\\/fr\\\/#website\"},\"primaryImageOfPage\":{\"@id\":\"https:\\\/\\\/www.trustedtranslations.com\\\/fr\\\/services\\\/humaine\\\/marketing-en-ligne#primaryimage\"},\"image\":{\"@id\":\"https:\\\/\\\/www.trustedtranslations.com\\\/fr\\\/services\\\/humaine\\\/marketing-en-ligne#primaryimage\"},\"thumbnailUrl\":\"https:\\\/\\\/www.trustedtranslations.com\\\/wp-content\\\/uploads\\\/2024\\\/02\\\/TT-ICON_Online-Marketing-Service.webp\",\"description\":\"Trusted Translations est une solution unique pour tous vos besoins de marketing en ligne (SEO, SEM, marketing des r\u00e9seaux sociaux et optimisation de sites Web) dans plus de 150 langues. Devis ou consultation gratuits.\",\"breadcrumb\":{\"@id\":\"https:\\\/\\\/www.trustedtranslations.com\\\/fr\\\/services\\\/humaine\\\/marketing-en-ligne#breadcrumb\"},\"inLanguage\":\"fr-FR\",\"potentialAction\":[{\"@type\":\"ReadAction\",\"target\":[\"https:\\\/\\\/www.trustedtranslations.com\\\/fr\\\/services\\\/humaine\\\/marketing-en-ligne\"]}]},{\"@type\":\"ImageObject\",\"inLanguage\":\"fr-FR\",\"@id\":\"https:\\\/\\\/www.trustedtranslations.com\\\/fr\\\/services\\\/humaine\\\/marketing-en-ligne#primaryimage\",\"url\":\"https:\\\/\\\/www.trustedtranslations.com\\\/wp-content\\\/uploads\\\/2024\\\/02\\\/TT-ICON_Online-Marketing-Service.webp\",\"contentUrl\":\"https:\\\/\\\/www.trustedtranslations.com\\\/wp-content\\\/uploads\\\/2024\\\/02\\\/TT-ICON_Online-Marketing-Service.webp\",\"width\":151,\"height\":151,\"caption\":\"TT ICON Online Marketing Service\"},{\"@type\":\"BreadcrumbList\",\"@id\":\"https:\\\/\\\/www.trustedtranslations.com\\\/fr\\\/services\\\/humaine\\\/marketing-en-ligne#breadcrumb\",\"itemListElement\":[{\"@type\":\"ListItem\",\"position\":1,\"name\":\"Accueil\",\"item\":\"https:\\\/\\\/www.trustedtranslations.com\\\/fr\"},{\"@type\":\"ListItem\",\"position\":2,\"name\":\"Services\",\"item\":\"https:\\\/\\\/www.trustedtranslations.com\\\/fr\\\/services\"},{\"@type\":\"ListItem\",\"position\":3,\"name\":\"Traduction humaine\",\"item\":\"https:\\\/\\\/www.trustedtranslations.com\\\/fr\\\/services\\\/humaine\"},{\"@type\":\"ListItem\",\"position\":4,\"name\":\"Marketing en ligne\"}]},{\"@type\":\"WebSite\",\"@id\":\"https:\\\/\\\/www.trustedtranslations.com\\\/fr\\\/#website\",\"url\":\"https:\\\/\\\/www.trustedtranslations.com\\\/fr\\\/\",\"name\":\"Trusted Translations, Inc.\",\"description\":\"Leader in translation and interpretation services.\",\"publisher\":{\"@id\":\"https:\\\/\\\/www.trustedtranslations.com\\\/fr\\\/#organization\"},\"alternateName\":\"Trusted Translations\",\"potentialAction\":[{\"@type\":\"SearchAction\",\"target\":{\"@type\":\"EntryPoint\",\"urlTemplate\":\"https:\\\/\\\/www.trustedtranslations.com\\\/fr\\\/?s={search_term_string}\"},\"query-input\":{\"@type\":\"PropertyValueSpecification\",\"valueRequired\":true,\"valueName\":\"search_term_string\"}}],\"inLanguage\":\"fr-FR\"},{\"@type\":\"Organization\",\"@id\":\"https:\\\/\\\/www.trustedtranslations.com\\\/fr\\\/#organization\",\"name\":\"Trusted Translations\",\"alternateName\":\"Trusted Translations, Inc.\",\"url\":\"https:\\\/\\\/www.trustedtranslations.com\\\/fr\\\/\",\"logo\":{\"@type\":\"ImageObject\",\"inLanguage\":\"fr-FR\",\"@id\":\"https:\\\/\\\/www.trustedtranslations.com\\\/fr\\\/#\\\/schema\\\/logo\\\/image\\\/\",\"url\":\"https:\\\/\\\/static.trustedtranslations.com\\\/wp-content\\\/uploads\\\/2022\\\/01\\\/TT_logo_WSIColors-2.png\",\"contentUrl\":\"https:\\\/\\\/static.trustedtranslations.com\\\/wp-content\\\/uploads\\\/2022\\\/01\\\/TT_logo_WSIColors-2.png\",\"width\":500,\"height\":196,\"caption\":\"Trusted Translations\"},\"image\":{\"@id\":\"https:\\\/\\\/www.trustedtranslations.com\\\/fr\\\/#\\\/schema\\\/logo\\\/image\\\/\"},\"sameAs\":[\"https:\\\/\\\/www.facebook.com\\\/Trusted.Translations\",\"https:\\\/\\\/x.com\\\/TrustedT9ns\",\"https:\\\/\\\/www.linkedin.com\\\/company\\\/trusted-translations\"]}]}<\/script>\n<!-- \/ Yoast SEO plugin. -->","yoast_head_json":{"title":"Services de traduction marketing en ligne - Trusted Translations, Inc.","description":"Trusted Translations est une solution unique pour tous vos besoins de marketing en ligne (SEO, SEM, marketing des r\u00e9seaux sociaux et optimisation de sites Web) dans plus de 150 langues. Devis ou consultation gratuits.","robots":{"index":"index","follow":"follow","max-snippet":"max-snippet:-1","max-image-preview":"max-image-preview:large","max-video-preview":"max-video-preview:-1"},"canonical":"https:\/\/www.trustedtranslations.com\/fr\/services\/humaine\/marketing-en-ligne","og_locale":"fr_FR","og_type":"article","og_title":"Services de traduction marketing en ligne - Trusted Translations, Inc.","og_description":"Trusted Translations est une solution unique pour tous vos besoins de marketing en ligne (SEO, SEM, marketing des r\u00e9seaux sociaux et optimisation de sites Web) dans plus de 150 langues. Devis ou consultation gratuits.","og_url":"https:\/\/www.trustedtranslations.com\/fr\/services\/humaine\/marketing-en-ligne","og_site_name":"Trusted Translations, Inc.","article_publisher":"https:\/\/www.facebook.com\/Trusted.Translations","article_modified_time":"2024-09-04T21:40:25+00:00","og_image":[{"width":151,"height":151,"url":"https:\/\/static.trustedtranslations.com\/wp-content\/uploads\/2024\/02\/TT-ICON_Online-Marketing-Service.webp","type":"image\/webp"}],"twitter_card":"summary_large_image","twitter_site":"@TrustedT9ns","schema":{"@context":"https:\/\/schema.org","@graph":[{"@type":"WebPage","@id":"https:\/\/www.trustedtranslations.com\/fr\/services\/humaine\/marketing-en-ligne","url":"https:\/\/www.trustedtranslations.com\/fr\/services\/humaine\/marketing-en-ligne","name":"Services de traduction marketing en ligne - Trusted Translations, Inc.","isPartOf":{"@id":"https:\/\/www.trustedtranslations.com\/fr\/#website"},"primaryImageOfPage":{"@id":"https:\/\/www.trustedtranslations.com\/fr\/services\/humaine\/marketing-en-ligne#primaryimage"},"image":{"@id":"https:\/\/www.trustedtranslations.com\/fr\/services\/humaine\/marketing-en-ligne#primaryimage"},"thumbnailUrl":"https:\/\/www.trustedtranslations.com\/wp-content\/uploads\/2024\/02\/TT-ICON_Online-Marketing-Service.webp","description":"Trusted Translations est une solution unique pour tous vos besoins de marketing en ligne (SEO, SEM, marketing des r\u00e9seaux sociaux et optimisation de sites Web) dans plus de 150 langues. Devis ou consultation gratuits.","breadcrumb":{"@id":"https:\/\/www.trustedtranslations.com\/fr\/services\/humaine\/marketing-en-ligne#breadcrumb"},"inLanguage":"fr-FR","potentialAction":[{"@type":"ReadAction","target":["https:\/\/www.trustedtranslations.com\/fr\/services\/humaine\/marketing-en-ligne"]}]},{"@type":"ImageObject","inLanguage":"fr-FR","@id":"https:\/\/www.trustedtranslations.com\/fr\/services\/humaine\/marketing-en-ligne#primaryimage","url":"https:\/\/www.trustedtranslations.com\/wp-content\/uploads\/2024\/02\/TT-ICON_Online-Marketing-Service.webp","contentUrl":"https:\/\/www.trustedtranslations.com\/wp-content\/uploads\/2024\/02\/TT-ICON_Online-Marketing-Service.webp","width":151,"height":151,"caption":"TT ICON Online Marketing Service"},{"@type":"BreadcrumbList","@id":"https:\/\/www.trustedtranslations.com\/fr\/services\/humaine\/marketing-en-ligne#breadcrumb","itemListElement":[{"@type":"ListItem","position":1,"name":"Accueil","item":"https:\/\/www.trustedtranslations.com\/fr"},{"@type":"ListItem","position":2,"name":"Services","item":"https:\/\/www.trustedtranslations.com\/fr\/services"},{"@type":"ListItem","position":3,"name":"Traduction humaine","item":"https:\/\/www.trustedtranslations.com\/fr\/services\/humaine"},{"@type":"ListItem","position":4,"name":"Marketing en ligne"}]},{"@type":"WebSite","@id":"https:\/\/www.trustedtranslations.com\/fr\/#website","url":"https:\/\/www.trustedtranslations.com\/fr\/","name":"Trusted Translations, Inc.","description":"Leader in translation and interpretation services.","publisher":{"@id":"https:\/\/www.trustedtranslations.com\/fr\/#organization"},"alternateName":"Trusted Translations","potentialAction":[{"@type":"SearchAction","target":{"@type":"EntryPoint","urlTemplate":"https:\/\/www.trustedtranslations.com\/fr\/?s={search_term_string}"},"query-input":{"@type":"PropertyValueSpecification","valueRequired":true,"valueName":"search_term_string"}}],"inLanguage":"fr-FR"},{"@type":"Organization","@id":"https:\/\/www.trustedtranslations.com\/fr\/#organization","name":"Trusted Translations","alternateName":"Trusted Translations, Inc.","url":"https:\/\/www.trustedtranslations.com\/fr\/","logo":{"@type":"ImageObject","inLanguage":"fr-FR","@id":"https:\/\/www.trustedtranslations.com\/fr\/#\/schema\/logo\/image\/","url":"https:\/\/static.trustedtranslations.com\/wp-content\/uploads\/2022\/01\/TT_logo_WSIColors-2.png","contentUrl":"https:\/\/static.trustedtranslations.com\/wp-content\/uploads\/2022\/01\/TT_logo_WSIColors-2.png","width":500,"height":196,"caption":"Trusted Translations"},"image":{"@id":"https:\/\/www.trustedtranslations.com\/fr\/#\/schema\/logo\/image\/"},"sameAs":["https:\/\/www.facebook.com\/Trusted.Translations","https:\/\/x.com\/TrustedT9ns","https:\/\/www.linkedin.com\/company\/trusted-translations"]}]}},"toolset-meta":{"dyk":{"mensaje-1":{"type":"textfield","raw":"Nous proposons des services de traduction pour tous les types de documents, dans tous les formats, toutes les tailles et toutes les langues"},"mensaje-2":{"type":"textfield","raw":"Nous pouvons \u00e9galement vous fournir des services complets de post-production, notamment de doublage et de sous-titrage"},"mensaje-3":{"type":"textfield","raw":""},"mensaje-4":{"type":"textfield","raw":""},"mensaje-5":{"type":"textfield","raw":""},"mensaje-6":{"type":"textfield","raw":""}},"single-page-template-fields":{"imgs-temp":{"type":"image","raw":["https:\/\/static.trustedtranslations.com\/wp-content\/uploads\/2024\/06\/online-marketing-final-1.webp"],"repeatable":[{"raw":"https:\/\/static.trustedtranslations.com\/wp-content\/uploads\/2024\/06\/online-marketing-final-1.webp"}]},"imgs-temp-cel":{"type":"image","raw":[""],"repeatable":[{"raw":""}]},"img-temp-one-cel":{"type":"image","raw":"https:\/\/static.trustedtranslations.com\/wp-content\/uploads\/2024\/06\/AdobeStock_106624043-1-1.webp","attachment_id":null},"quotes":{"type":"textarea","raw":"<h1 style=\"margin-bottom: 12px;\">Services de traduction marketing en ligne<\/h1>\r\n<em>Trusted Translations<\/em> est un leader dans tous les aspects du marketing de sites Web, y compris l\u2019optimisation des moteurs de recherche\u00a0(SEO), le marketing des moteurs de recherche\u00a0(SEM), la publicit\u00e9 de paiement au clic, le marketing des r\u00e9seaux sociaux, les services de r\u00e9putation en ligne, les listes locales, etc.\r\n<div style=\"margin-top: 2.5vw;\"><a class=\"tt-btn-main-cta\" href=\"https:\/\/www.trustedtranslations.com\/fr\/devis-traduction\">Demandez un devis gratuit<\/a><\/div>"},"text-1":{"type":"textarea","raw":"<h2>Trusted Translations\u00a0: Votre partenaire en marketing en ligne multilingue dans plus de 150 langues<\/h2>En tant que fournisseur multilingue de premier plan, <em>Trusted Translations<\/em> est sp\u00e9cialis\u00e9 dans la fourniture de services de marketing en ligne dans plus de 150\u00a0langues. Avec plus de 15\u00a0ans d\u2019exp\u00e9rience dans le marketing et le d\u00e9veloppement Internet multilingues, nous proposons des solutions sur mesure qui tiennent compte de l\u2019expansion des march\u00e9s mondiaux et des derni\u00e8res tendances en ligne. Notre travail avec vous peut inclure l\u2019optimisation des moteurs de recherche et le marketing des moteurs de recherche, associ\u00e9s \u00e0 un plan de marketing en ligne int\u00e9gr\u00e9 pour tous vos march\u00e9s cibles.\r\n<h2>Optimisation des langues de sites Web<\/h2>\r\nL\u2019optimisation de votre site pour les moteurs de recherche (par exemple, Google, Bing, Yahoo) est l\u2019un des moyens les plus importants et les plus efficaces de g\u00e9n\u00e9rer du trafic Web vers votre site, d\u2019augmenter vos ventes et d\u2019am\u00e9liorer votre pr\u00e9sence en ligne. Proposer un site multilingue est un bon d\u00e9but, mais une strat\u00e9gie d\u2019optimisation en ligne est n\u00e9cessaire pour optimiser votre investissement dans une plateforme multilingue.\r\n\r\nEn particulier, l\u2019optimisation d\u2019un site Web dans d\u2019autres langues peut s\u2019av\u00e9rer \u00eatre le secret de son succ\u00e8s. Il ne fait aucun doute que l\u2019anglais est la langue dominante dans le monde en ligne, mais en ayant du contenu dans d\u2019autres langues, vous profitez de l\u2019opportunit\u00e9 de g\u00e9n\u00e9rer du trafic d\u2019utilisateurs multilingues des principaux moteurs de recherche vers votre site.\r\n<h2>Optimisation pour les moteurs de recherche<\/h2>\r\nL\u2019optimisation pour les moteurs de recherche\u00a0(SEO pour ses initiales en anglais) est la pierre angulaire de l\u2019optimisation d\u2019un site Web. Le SEO utilise des mots-cl\u00e9s populaires pour optimiser le classement de votre site dans les moteurs de recherche par le biais de recherches naturelles.\r\n\r\nL\u2019utilisation de mots-cl\u00e9s dans le marketing en ligne va au-del\u00e0 de la traduction directe des mots-cl\u00e9s depuis l\u2019anglais. Tout d\u2019abord, on doit effectuer une recherche multilingue de mots cl\u00e9s pour d\u00e9terminer les meilleurs mots cl\u00e9s dans chaque langue cible. Il faut ensuite s\u2019assurer que ces mots cl\u00e9s sont correctement plac\u00e9s dans la structure de votre site. Par exemple, avoir les bons mots cl\u00e9s dans les adresses URL et les titres de votre site peut am\u00e9liorer consid\u00e9rablement votre classement dans les principaux moteurs de recherche. Recevoir des hyperliens vers votre site depuis d\u2019autres sites (\u00ab\u00a0link building\u00a0\u00bb) est un autre moyen cl\u00e9 d\u2019am\u00e9liorer le trafic de votre site Web. Enfin, pour \u00eatre efficace, le SEO doit \u00eatre int\u00e9gr\u00e9 de mani\u00e8re fluide et subtile dans votre contenu afin de ne pas nuire \u00e0 l\u2019exp\u00e9rience de l\u2019utilisateur.\r\n\r\nChez <em>Trusted Translations,<\/em> nous avons fait appel aux meilleurs experts SEO du monde pour nous aider dans ce processus essentiel. Nos services de SEO incluent la consultation, l\u2019optimisation des moteurs de recherche \u00ab\u00a0sur site\u00a0\u00bb et l\u2019optimisation des moteurs de recherche \u00ab\u00a0hors site\u00a0\u00bb\u00a0:\r\n<ul>\r\n \t<li>Nos <strong>services de consultation SEO<\/strong> incluent la recherche de mots-cl\u00e9s pour maximiser votre taux de conversion en termes de prospects et de ventes.<\/li>\r\n \t<li>Le service d\u2019<strong>optimisation \u00ab\u00a0sur site\u00a0\u00bb pour les moteurs de recherche<\/strong> comprend \u00e9galement le placement efficace de votre contenu et de votre code pour obtenir des r\u00e9sultats exponentiellement meilleurs.<\/li>\r\n \t<li>Le service d\u2019<strong>optimisation \u00ab\u00a0hors site\u00a0\u00bb pour les moteurs de recherche<\/strong> comprend la cr\u00e9ation de liens en anglais et dans d\u2019autres langues, ainsi que l\u2019\u00e9tablissement de listes locales pour tous vos bureaux dans diff\u00e9rentes villes et diff\u00e9rents pays.<\/li>\r\n<\/ul>"},"shortcode-map":{"type":"textfield","raw":""},"dyk-shortcode":{"type":"textfield","raw":"[elementor-template id=\"146546\"]"},"text-2":{"type":"textarea","raw":"<h2>Marketing sur les moteurs de recherche<\/h2>\r\nNous proposons \u00e9galement le marketing sur les moteurs de recherche\u00a0(SEM pour ses initiales en anglais), qui consiste \u00e0 promouvoir votre entreprise \u00e0 l\u2019aide d\u2019annonces payantes pour augmenter la visibilit\u00e9 de votre site Web dans les pages de r\u00e9sultats des moteurs de recherche (SERP pour leurs initiales en anglais). Le SEM est une forme de marketing en ligne tr\u00e8s r\u00e9pandue et peu co\u00fbteuse.\r\n\r\nNous pouvons vous aider \u00e0 mieux d\u00e9penser votre budget en ligne en anglais, en espagnol et dans d\u2019autres langues gr\u00e2ce \u00e0 un SEM efficace. Par exemple, nous pouvons g\u00e9rer votre compte Google AdWords dans toutes les langues ou dans une langue sp\u00e9cifique, afin que vous puissiez vous concentrer sur d\u2019autres aspects de votre plan marketing.\r\n<h2>Optimisation des sites Web en espagnol<\/h2>\r\nLa population hispanique est une puissance en termes de pouvoir d\u2019achat aux \u00c9tats-Unis et \u00e0 l\u2019\u00e9tranger. Les entreprises qui n\u2019exploitent pas cet \u00e9norme march\u00e9 se privent de milliards de dollars de revenus potentiels.\r\n\r\nSi vous d\u00e9butez dans le domaine du multilinguisme, nous vous recommandons de commencer par traduire et optimiser votre site en espagnol. Pratiquement toutes les entreprises et organisations peuvent tirer profit de la publication de leur site en espagnol. En tant que <a href=\"https:\/\/www.trustedtranslations.com\/fr\/entreprise\/agence-espagnol\" rel=\"noopener\">leader de l\u2019industrie de la traduction en espagnol<\/a>, <em>Trusted Translations<\/em> vous fournit une assistance sp\u00e9cialis\u00e9e dans l\u2019optimisation de votre site Web en espagnol.\r\n<h2>Marketing en ligne en espagnol et autres langues<\/h2>\r\nNon seulement nos experts linguistiques en marketing en ligne sont sp\u00e9cialis\u00e9s dans le SEO et le SEM en espagnol, mais <em>Trusted Translations<\/em> fait \u00e9galement autorit\u00e9 sur le march\u00e9 hispanique aux \u00c9tats-Unis. Par exemple, si vous souhaitez atteindre le public hispanique des \u00c9tats-Unis , nous pouvons vous faire profiter de nos recherches en ligne exclusives qui augmenteront vos chances de vous d\u00e9velopper sur ce march\u00e9 rentable.\r\n\r\nDans le cadre de nos services de traduction de sites Web, nos experts SEM et SEO r\u00e9alisent \u00e9galement un service de recherche approfondie de mots-cl\u00e9s en espagnol (ou dans la langue de votre choix) pour s\u2019assurer que vous cibliez les bons mots-cl\u00e9s multilingues.\r\n\r\nSi vous recherchez des services multilingues de SEO, de SEM ou d\u2019optimisation de site Web, n\u2019h\u00e9sitez pas \u00e0 contacter l\u2019un de nos experts en marketing en ligne pour demander un devis ou profiter d\u2019une consultation gratuite."},"state":{"type":"textfield","raw":""},"city":{"type":"textarea","raw":[]}}},"_links":{"self":[{"href":"https:\/\/www.trustedtranslations.com\/fr\/wp-json\/wp\/v2\/pages\/128997","targetHints":{"allow":["GET"]}}],"collection":[{"href":"https:\/\/www.trustedtranslations.com\/fr\/wp-json\/wp\/v2\/pages"}],"about":[{"href":"https:\/\/www.trustedtranslations.com\/fr\/wp-json\/wp\/v2\/types\/page"}],"author":[{"embeddable":true,"href":"https:\/\/www.trustedtranslations.com\/fr\/wp-json\/wp\/v2\/users\/1"}],"replies":[{"embeddable":true,"href":"https:\/\/www.trustedtranslations.com\/fr\/wp-json\/wp\/v2\/comments?post=128997"}],"version-history":[{"count":0,"href":"https:\/\/www.trustedtranslations.com\/fr\/wp-json\/wp\/v2\/pages\/128997\/revisions"}],"up":[{"embeddable":true,"href":"https:\/\/www.trustedtranslations.com\/fr\/wp-json\/wp\/v2\/pages\/128976"}],"wp:featuredmedia":[{"embeddable":true,"href":"https:\/\/www.trustedtranslations.com\/fr\/wp-json\/wp\/v2\/media\/235683"}],"wp:attachment":[{"href":"https:\/\/www.trustedtranslations.com\/fr\/wp-json\/wp\/v2\/media?parent=128997"}],"curies":[{"name":"wp","href":"https:\/\/api.w.org\/{rel}","templated":true}]}}