{"id":129001,"date":"2018-07-27T21:01:29","date_gmt":"2018-07-27T21:01:29","guid":{"rendered":"https:\/\/www.trustedtranslations.com\/?page_id=129001"},"modified":"2024-09-04T17:54:16","modified_gmt":"2024-09-04T20:54:16","slug":"localization","status":"publish","type":"page","link":"https:\/\/www.trustedtranslations.com\/fr\/services\/humaine\/localization","title":{"rendered":"Localisation"},"content":{"rendered":"","protected":false},"excerpt":{"rendered":"","protected":false},"author":1,"featured_media":235759,"parent":128976,"menu_order":3,"comment_status":"closed","ping_status":"closed","template":"","meta":{"site-sidebar-layout":"default","site-content-layout":"default","ast-site-content-layout":"default","site-content-style":"default","site-sidebar-style":"default","ast-global-header-display":"","ast-banner-title-visibility":"","ast-main-header-display":"","ast-hfb-above-header-display":"","ast-hfb-below-header-display":"","ast-hfb-mobile-header-display":"","site-post-title":"disabled","ast-breadcrumbs-content":"","ast-featured-img":"","footer-sml-layout":"","theme-transparent-header-meta":"default","adv-header-id-meta":"","stick-header-meta":"","header-above-stick-meta":"","header-main-stick-meta":"","header-below-stick-meta":"","astra-migrate-meta-layouts":"set","ast-page-background-enabled":"default","ast-page-background-meta":{"desktop":{"background-color":"var(--ast-global-color-4)","background-image":"","background-repeat":"repeat","background-position":"center center","background-size":"auto","background-attachment":"scroll","background-type":"","background-media":"","overlay-type":"","overlay-color":"","overlay-opacity":"","overlay-gradient":""},"tablet":{"background-color":"","background-image":"","background-repeat":"repeat","background-position":"center center","background-size":"auto","background-attachment":"scroll","background-type":"","background-media":"","overlay-type":"","overlay-color":"","overlay-opacity":"","overlay-gradient":""},"mobile":{"background-color":"","background-image":"","background-repeat":"repeat","background-position":"center center","background-size":"auto","background-attachment":"scroll","background-type":"","background-media":"","overlay-type":"","overlay-color":"","overlay-opacity":"","overlay-gradient":""}},"ast-content-background-meta":{"desktop":{"background-color":"var(--ast-global-color-5)","background-image":"","background-repeat":"repeat","background-position":"center center","background-size":"auto","background-attachment":"scroll","background-type":"","background-media":"","overlay-type":"","overlay-color":"","overlay-opacity":"","overlay-gradient":""},"tablet":{"background-color":"var(--ast-global-color-5)","background-image":"","background-repeat":"repeat","background-position":"center center","background-size":"auto","background-attachment":"scroll","background-type":"","background-media":"","overlay-type":"","overlay-color":"","overlay-opacity":"","overlay-gradient":""},"mobile":{"background-color":"var(--ast-global-color-5)","background-image":"","background-repeat":"repeat","background-position":"center center","background-size":"auto","background-attachment":"scroll","background-type":"","background-media":"","overlay-type":"","overlay-color":"","overlay-opacity":"","overlay-gradient":""}},"footnotes":""},"class_list":["post-129001","page","type-page","status-publish","has-post-thumbnail","hentry"],"yoast_head":"<!-- This site is optimized with the Yoast SEO plugin v27.5 - https:\/\/yoast.com\/product\/yoast-seo-wordpress\/ -->\n<title>Services de localisation - Trusted Translations, Inc.<\/title>\n<meta name=\"description\" content=\"Trusted Translations est reconnu dans l&#039;industrie comme l&#039;un des leaders de la localisation de produits et de contenus. Demandez un devis ou un conseil gratuit.\" \/>\n<meta name=\"robots\" content=\"index, follow, max-snippet:-1, max-image-preview:large, max-video-preview:-1\" \/>\n<link rel=\"canonical\" href=\"https:\/\/www.trustedtranslations.com\/fr\/services\/humaine\/localization\" \/>\n<meta property=\"og:locale\" content=\"fr_FR\" \/>\n<meta property=\"og:type\" content=\"article\" \/>\n<meta property=\"og:title\" content=\"Services de localisation - Trusted Translations, Inc.\" \/>\n<meta property=\"og:description\" content=\"Trusted Translations est reconnu dans l&#039;industrie comme l&#039;un des leaders de la localisation de produits et de contenus. Demandez un devis ou un conseil gratuit.\" \/>\n<meta property=\"og:url\" content=\"https:\/\/www.trustedtranslations.com\/fr\/services\/humaine\/localization\" \/>\n<meta property=\"og:site_name\" content=\"Trusted Translations, Inc.\" \/>\n<meta property=\"article:publisher\" content=\"https:\/\/www.facebook.com\/Trusted.Translations\" \/>\n<meta property=\"article:modified_time\" content=\"2024-09-04T20:54:16+00:00\" \/>\n<meta property=\"og:image\" content=\"https:\/\/static.trustedtranslations.com\/wp-content\/uploads\/2024\/02\/TT-ICON_Localization.webp\" \/>\n\t<meta property=\"og:image:width\" content=\"151\" \/>\n\t<meta property=\"og:image:height\" content=\"151\" \/>\n\t<meta property=\"og:image:type\" content=\"image\/webp\" \/>\n<meta name=\"twitter:card\" content=\"summary_large_image\" \/>\n<meta name=\"twitter:site\" content=\"@TrustedT9ns\" \/>\n<script type=\"application\/ld+json\" class=\"yoast-schema-graph\">{\"@context\":\"https:\\\/\\\/schema.org\",\"@graph\":[{\"@type\":\"WebPage\",\"@id\":\"https:\\\/\\\/www.trustedtranslations.com\\\/fr\\\/services\\\/humaine\\\/localization\",\"url\":\"https:\\\/\\\/www.trustedtranslations.com\\\/fr\\\/services\\\/humaine\\\/localization\",\"name\":\"Services de localisation - Trusted Translations, Inc.\",\"isPartOf\":{\"@id\":\"https:\\\/\\\/www.trustedtranslations.com\\\/fr\\\/#website\"},\"primaryImageOfPage\":{\"@id\":\"https:\\\/\\\/www.trustedtranslations.com\\\/fr\\\/services\\\/humaine\\\/localization#primaryimage\"},\"image\":{\"@id\":\"https:\\\/\\\/www.trustedtranslations.com\\\/fr\\\/services\\\/humaine\\\/localization#primaryimage\"},\"thumbnailUrl\":\"https:\\\/\\\/www.trustedtranslations.com\\\/wp-content\\\/uploads\\\/2024\\\/02\\\/TT-ICON_Localization.webp\",\"description\":\"Trusted Translations est reconnu dans l'industrie comme l'un des leaders de la localisation de produits et de contenus. Demandez un devis ou un conseil gratuit.\",\"breadcrumb\":{\"@id\":\"https:\\\/\\\/www.trustedtranslations.com\\\/fr\\\/services\\\/humaine\\\/localization#breadcrumb\"},\"inLanguage\":\"fr-FR\",\"potentialAction\":[{\"@type\":\"ReadAction\",\"target\":[\"https:\\\/\\\/www.trustedtranslations.com\\\/fr\\\/services\\\/humaine\\\/localization\"]}]},{\"@type\":\"ImageObject\",\"inLanguage\":\"fr-FR\",\"@id\":\"https:\\\/\\\/www.trustedtranslations.com\\\/fr\\\/services\\\/humaine\\\/localization#primaryimage\",\"url\":\"https:\\\/\\\/www.trustedtranslations.com\\\/wp-content\\\/uploads\\\/2024\\\/02\\\/TT-ICON_Localization.webp\",\"contentUrl\":\"https:\\\/\\\/www.trustedtranslations.com\\\/wp-content\\\/uploads\\\/2024\\\/02\\\/TT-ICON_Localization.webp\",\"width\":151,\"height\":151,\"caption\":\"TT ICON Localization\"},{\"@type\":\"BreadcrumbList\",\"@id\":\"https:\\\/\\\/www.trustedtranslations.com\\\/fr\\\/services\\\/humaine\\\/localization#breadcrumb\",\"itemListElement\":[{\"@type\":\"ListItem\",\"position\":1,\"name\":\"Accueil\",\"item\":\"https:\\\/\\\/www.trustedtranslations.com\\\/fr\"},{\"@type\":\"ListItem\",\"position\":2,\"name\":\"Services\",\"item\":\"https:\\\/\\\/www.trustedtranslations.com\\\/fr\\\/services\"},{\"@type\":\"ListItem\",\"position\":3,\"name\":\"Traduction humaine\",\"item\":\"https:\\\/\\\/www.trustedtranslations.com\\\/fr\\\/services\\\/humaine\"},{\"@type\":\"ListItem\",\"position\":4,\"name\":\"Localisation\"}]},{\"@type\":\"WebSite\",\"@id\":\"https:\\\/\\\/www.trustedtranslations.com\\\/fr\\\/#website\",\"url\":\"https:\\\/\\\/www.trustedtranslations.com\\\/fr\\\/\",\"name\":\"Trusted Translations, Inc.\",\"description\":\"Leader in translation and interpretation services.\",\"publisher\":{\"@id\":\"https:\\\/\\\/www.trustedtranslations.com\\\/fr\\\/#organization\"},\"alternateName\":\"Trusted Translations\",\"potentialAction\":[{\"@type\":\"SearchAction\",\"target\":{\"@type\":\"EntryPoint\",\"urlTemplate\":\"https:\\\/\\\/www.trustedtranslations.com\\\/fr\\\/?s={search_term_string}\"},\"query-input\":{\"@type\":\"PropertyValueSpecification\",\"valueRequired\":true,\"valueName\":\"search_term_string\"}}],\"inLanguage\":\"fr-FR\"},{\"@type\":\"Organization\",\"@id\":\"https:\\\/\\\/www.trustedtranslations.com\\\/fr\\\/#organization\",\"name\":\"Trusted Translations\",\"alternateName\":\"Trusted Translations, Inc.\",\"url\":\"https:\\\/\\\/www.trustedtranslations.com\\\/fr\\\/\",\"logo\":{\"@type\":\"ImageObject\",\"inLanguage\":\"fr-FR\",\"@id\":\"https:\\\/\\\/www.trustedtranslations.com\\\/fr\\\/#\\\/schema\\\/logo\\\/image\\\/\",\"url\":\"https:\\\/\\\/static.trustedtranslations.com\\\/wp-content\\\/uploads\\\/2022\\\/01\\\/TT_logo_WSIColors-2.png\",\"contentUrl\":\"https:\\\/\\\/static.trustedtranslations.com\\\/wp-content\\\/uploads\\\/2022\\\/01\\\/TT_logo_WSIColors-2.png\",\"width\":500,\"height\":196,\"caption\":\"Trusted Translations\"},\"image\":{\"@id\":\"https:\\\/\\\/www.trustedtranslations.com\\\/fr\\\/#\\\/schema\\\/logo\\\/image\\\/\"},\"sameAs\":[\"https:\\\/\\\/www.facebook.com\\\/Trusted.Translations\",\"https:\\\/\\\/x.com\\\/TrustedT9ns\",\"https:\\\/\\\/www.linkedin.com\\\/company\\\/trusted-translations\"]}]}<\/script>\n<!-- \/ Yoast SEO plugin. -->","yoast_head_json":{"title":"Services de localisation - Trusted Translations, Inc.","description":"Trusted Translations est reconnu dans l'industrie comme l'un des leaders de la localisation de produits et de contenus. Demandez un devis ou un conseil gratuit.","robots":{"index":"index","follow":"follow","max-snippet":"max-snippet:-1","max-image-preview":"max-image-preview:large","max-video-preview":"max-video-preview:-1"},"canonical":"https:\/\/www.trustedtranslations.com\/fr\/services\/humaine\/localization","og_locale":"fr_FR","og_type":"article","og_title":"Services de localisation - Trusted Translations, Inc.","og_description":"Trusted Translations est reconnu dans l'industrie comme l'un des leaders de la localisation de produits et de contenus. Demandez un devis ou un conseil gratuit.","og_url":"https:\/\/www.trustedtranslations.com\/fr\/services\/humaine\/localization","og_site_name":"Trusted Translations, Inc.","article_publisher":"https:\/\/www.facebook.com\/Trusted.Translations","article_modified_time":"2024-09-04T20:54:16+00:00","og_image":[{"width":151,"height":151,"url":"https:\/\/static.trustedtranslations.com\/wp-content\/uploads\/2024\/02\/TT-ICON_Localization.webp","type":"image\/webp"}],"twitter_card":"summary_large_image","twitter_site":"@TrustedT9ns","schema":{"@context":"https:\/\/schema.org","@graph":[{"@type":"WebPage","@id":"https:\/\/www.trustedtranslations.com\/fr\/services\/humaine\/localization","url":"https:\/\/www.trustedtranslations.com\/fr\/services\/humaine\/localization","name":"Services de localisation - Trusted Translations, Inc.","isPartOf":{"@id":"https:\/\/www.trustedtranslations.com\/fr\/#website"},"primaryImageOfPage":{"@id":"https:\/\/www.trustedtranslations.com\/fr\/services\/humaine\/localization#primaryimage"},"image":{"@id":"https:\/\/www.trustedtranslations.com\/fr\/services\/humaine\/localization#primaryimage"},"thumbnailUrl":"https:\/\/www.trustedtranslations.com\/wp-content\/uploads\/2024\/02\/TT-ICON_Localization.webp","description":"Trusted Translations est reconnu dans l'industrie comme l'un des leaders de la localisation de produits et de contenus. Demandez un devis ou un conseil gratuit.","breadcrumb":{"@id":"https:\/\/www.trustedtranslations.com\/fr\/services\/humaine\/localization#breadcrumb"},"inLanguage":"fr-FR","potentialAction":[{"@type":"ReadAction","target":["https:\/\/www.trustedtranslations.com\/fr\/services\/humaine\/localization"]}]},{"@type":"ImageObject","inLanguage":"fr-FR","@id":"https:\/\/www.trustedtranslations.com\/fr\/services\/humaine\/localization#primaryimage","url":"https:\/\/www.trustedtranslations.com\/wp-content\/uploads\/2024\/02\/TT-ICON_Localization.webp","contentUrl":"https:\/\/www.trustedtranslations.com\/wp-content\/uploads\/2024\/02\/TT-ICON_Localization.webp","width":151,"height":151,"caption":"TT ICON Localization"},{"@type":"BreadcrumbList","@id":"https:\/\/www.trustedtranslations.com\/fr\/services\/humaine\/localization#breadcrumb","itemListElement":[{"@type":"ListItem","position":1,"name":"Accueil","item":"https:\/\/www.trustedtranslations.com\/fr"},{"@type":"ListItem","position":2,"name":"Services","item":"https:\/\/www.trustedtranslations.com\/fr\/services"},{"@type":"ListItem","position":3,"name":"Traduction humaine","item":"https:\/\/www.trustedtranslations.com\/fr\/services\/humaine"},{"@type":"ListItem","position":4,"name":"Localisation"}]},{"@type":"WebSite","@id":"https:\/\/www.trustedtranslations.com\/fr\/#website","url":"https:\/\/www.trustedtranslations.com\/fr\/","name":"Trusted Translations, Inc.","description":"Leader in translation and interpretation services.","publisher":{"@id":"https:\/\/www.trustedtranslations.com\/fr\/#organization"},"alternateName":"Trusted Translations","potentialAction":[{"@type":"SearchAction","target":{"@type":"EntryPoint","urlTemplate":"https:\/\/www.trustedtranslations.com\/fr\/?s={search_term_string}"},"query-input":{"@type":"PropertyValueSpecification","valueRequired":true,"valueName":"search_term_string"}}],"inLanguage":"fr-FR"},{"@type":"Organization","@id":"https:\/\/www.trustedtranslations.com\/fr\/#organization","name":"Trusted Translations","alternateName":"Trusted Translations, Inc.","url":"https:\/\/www.trustedtranslations.com\/fr\/","logo":{"@type":"ImageObject","inLanguage":"fr-FR","@id":"https:\/\/www.trustedtranslations.com\/fr\/#\/schema\/logo\/image\/","url":"https:\/\/static.trustedtranslations.com\/wp-content\/uploads\/2022\/01\/TT_logo_WSIColors-2.png","contentUrl":"https:\/\/static.trustedtranslations.com\/wp-content\/uploads\/2022\/01\/TT_logo_WSIColors-2.png","width":500,"height":196,"caption":"Trusted Translations"},"image":{"@id":"https:\/\/www.trustedtranslations.com\/fr\/#\/schema\/logo\/image\/"},"sameAs":["https:\/\/www.facebook.com\/Trusted.Translations","https:\/\/x.com\/TrustedT9ns","https:\/\/www.linkedin.com\/company\/trusted-translations"]}]}},"toolset-meta":{"dyk":{"mensaje-1":{"type":"textfield","raw":""},"mensaje-2":{"type":"textfield","raw":"L'une des erreurs les plus courantes dans la localisation consiste \u00e0 appliquer une mise en forme num\u00e9rique incorrecte."},"mensaje-3":{"type":"textfield","raw":""},"mensaje-4":{"type":"textfield","raw":"Nos services vont de la simple traduction de documents \u00e0 la localisation de logiciels complexes."},"mensaje-5":{"type":"textfield","raw":""},"mensaje-6":{"type":"textfield","raw":""}},"single-page-template-fields":{"imgs-temp":{"type":"image","raw":["https:\/\/static.trustedtranslations.com\/wp-content\/uploads\/2024\/06\/industry-53-1.webp"],"repeatable":[{"raw":"https:\/\/static.trustedtranslations.com\/wp-content\/uploads\/2024\/06\/industry-53-1.webp"}]},"imgs-temp-cel":{"type":"image","raw":[""],"repeatable":[{"raw":""}]},"img-temp-one-cel":{"type":"image","raw":"https:\/\/static.trustedtranslations.com\/wp-content\/uploads\/2024\/06\/businessman-analyzing-company-fi.webp","attachment_id":null},"quotes":{"type":"textarea","raw":"<h1 style=\"margin-bottom: 12px;\">Services de localisation<\/h1>\r\nQu'est-ce que la localisation\u00a0? Quelle est la diff\u00e9rence avec l'internationalisation\u00a0? Laissez nos experts de <em>Trusted Translations<\/em> vous aider \u00e0 comprendre et \u00e0 ma\u00eetriser le processus de localisation du d\u00e9but \u00e0 la fin.\r\n<div style=\"margin-top: 2.5vw;\"><a class=\"tt-btn-main-cta\" href=\"https:\/\/www.trustedtranslations.com\/fr\/devis-traduction\">Demandez un devis gratuit<\/a><\/div>"},"text-1":{"type":"textarea","raw":"<h2>Internationalisation<\/h2>\r\n<strong>L'internationalisation<\/strong> (parfois abr\u00e9g\u00e9e en <em>i18n<\/em> ) est une \u00e9tape cruciale qui intervient t\u00f4t dans la phase de planification et de d\u00e9veloppement du produit. Il s'agit d'une d\u00e9marche d'ensemble qui consiste \u00e0 pr\u00e9parer vos produits \u00e0 un niveau macro de mani\u00e8re \u00e0 ce qu'ils puissent \u00eatre localis\u00e9s sur de nombreux march\u00e9s, sans avoir \u00e0 les remanier en profondeur, ce que certaines entreprises appellent la \u00ab\u00a0pr\u00e9paration au monde\u00a0\u00bb. Par exemple, la d\u00e9cision d'IKEA de n'utiliser que des sch\u00e9mas et des illustrations dans ses instructions de montage a supprim\u00e9 la n\u00e9cessit\u00e9 de traduire diff\u00e9rents ensembles d'instructions pour chaque nouvelle r\u00e9gion.\r\n<h2>Localisation<\/h2>\r\n<strong>La localisation<\/strong> (parfois appel\u00e9e <em>L10n)<\/em> a lieu une fois que votre produit atteint r\u00e9ellement des march\u00e9s sp\u00e9cifiques. La localisation consiste \u00e0 adapter votre produit ou service pour tenir compte des diff\u00e9rences de ces march\u00e9s particuliers, g\u00e9n\u00e9ralement par le biais de traductions, de modifications techniques, de modifications r\u00e9glementaires, etc.\r\n\r\nLa localisation va au-del\u00e0 de la simple traduction linguistique et aborde des questions de nuance culturelle, de fonctionnalit\u00e9 et d'attrait pour le public cible. Cela peut ressembler, par exemple, \u00e0 la fa\u00e7on dont Netflix adapte son contenu aux diff\u00e9rentes r\u00e9gions du monde, ou \u00e0 la fa\u00e7on dont le menu principal de McDonald's est adapt\u00e9 aux cuisines uniques de divers pays."},"shortcode-map":{"type":"textfield","raw":""},"dyk-shortcode":{"type":"textfield","raw":"[elementor-template id=\"146546\"]"},"text-2":{"type":"textarea","raw":"<h2>Pourquoi la localisation est-elle si importante\u00a0?<\/h2>\r\nIl est compliqu\u00e9, mais essentiel, de s'assurer que vos produits et services \u00ab\u00a0fassent mouche\u00a0\u00bb aupr\u00e8s de vos publics cibles. Cela est d'autant plus vrai lorsque votre entreprise cherche \u00e0 se d\u00e9velopper dans de nouvelles r\u00e9gions, cultures et langues. La localisation permet \u00e0 votre entreprise de s'implanter en douceur sur un nouveau march\u00e9, sans risquer d'offenser, de m\u00e9contenter des acheteurs potentiels ou de faire des erreurs d'utilisation et de faire preuve d'un manque de fonctionnalit\u00e9.\r\n<h2>Services de localisation en espagnol<\/h2>\r\n<em>Trusted Translations<\/em> poss\u00e8de une expertise particuli\u00e8re dans la localisation en espagnol, travaillant avec de nombreux clients qui comptent sur nous pour les aider \u00e0 atteindre le march\u00e9 hispanique am\u00e9ricain, qui pr\u00e9sente un d\u00e9fi unique. \u00c9tant donn\u00e9 que ce march\u00e9 se compose de plusieurs nationalit\u00e9s et d'horizons culturels distincts de diff\u00e9rents continents, le processus de localisation en espagnol n\u00e9cessite une attention particuli\u00e8re.\r\n\r\nVoici quelques-unes des diff\u00e9rentes t\u00e2ches incluses dans la localisation en espagnol\u00a0:\r\n<ul>\r\n \t<li>Traduction de logiciels en espagnol, traduction de sites Internet et publication assist\u00e9e par ordinateur<\/li>\r\n \t<li>S'assurer que la langue est adapt\u00e9e pour r\u00e9pondre \u00e0 la variante ou au dialecte natif de chaque pays cible<\/li>\r\n \t<li>R\u00e9vision de tous les \u00e9l\u00e9ments graphiques et utilisation des services de publication assist\u00e9e par ordinateur pour les adapter \u00e0 chaque march\u00e9 local<\/li>\r\n \t<li>Tests logiciels approfondis en espagnol pour s'assurer que toutes les applications sont correctement adapt\u00e9es et fonctionnent dans tous les environnements<\/li>\r\n<\/ul>\r\nGr\u00e2ce \u00e0 son expertise significative dans les services de localisation en espagnol, <em>Trusted Translations<\/em> poss\u00e8de le savoir-faire n\u00e9cessaire pour rendre le processus efficace et rentable pour votre organisation.\r\n\r\n\u00c9tant donn\u00e9 que la localisation n\u00e9cessite du temps et une connaissance approfondie des langues, des cultures et des industries, il est important de travailler avec des experts d\u00e9j\u00e0 qualifi\u00e9s pour produire des r\u00e9sultats de haute qualit\u00e9. Contactez <em>Trusted Translations<\/em> d\u00e8s aujourd'hui pour en savoir plus sur la fa\u00e7on dont nous pouvons r\u00e9pondre \u00e0 vos besoins de localisation."},"state":{"type":"textfield","raw":""},"city":{"type":"textarea","raw":[]}}},"_links":{"self":[{"href":"https:\/\/www.trustedtranslations.com\/fr\/wp-json\/wp\/v2\/pages\/129001","targetHints":{"allow":["GET"]}}],"collection":[{"href":"https:\/\/www.trustedtranslations.com\/fr\/wp-json\/wp\/v2\/pages"}],"about":[{"href":"https:\/\/www.trustedtranslations.com\/fr\/wp-json\/wp\/v2\/types\/page"}],"author":[{"embeddable":true,"href":"https:\/\/www.trustedtranslations.com\/fr\/wp-json\/wp\/v2\/users\/1"}],"replies":[{"embeddable":true,"href":"https:\/\/www.trustedtranslations.com\/fr\/wp-json\/wp\/v2\/comments?post=129001"}],"version-history":[{"count":0,"href":"https:\/\/www.trustedtranslations.com\/fr\/wp-json\/wp\/v2\/pages\/129001\/revisions"}],"up":[{"embeddable":true,"href":"https:\/\/www.trustedtranslations.com\/fr\/wp-json\/wp\/v2\/pages\/128976"}],"wp:featuredmedia":[{"embeddable":true,"href":"https:\/\/www.trustedtranslations.com\/fr\/wp-json\/wp\/v2\/media\/235759"}],"wp:attachment":[{"href":"https:\/\/www.trustedtranslations.com\/fr\/wp-json\/wp\/v2\/media?parent=129001"}],"curies":[{"name":"wp","href":"https:\/\/api.w.org\/{rel}","templated":true}]}}