{"id":129004,"date":"2018-07-27T21:01:26","date_gmt":"2018-07-27T21:01:26","guid":{"rendered":"https:\/\/www.trustedtranslations.com\/?page_id=129004"},"modified":"2024-09-04T17:48:16","modified_gmt":"2024-09-04T20:48:16","slug":"mondialisation","status":"publish","type":"page","link":"https:\/\/www.trustedtranslations.com\/fr\/services\/humaine\/mondialisation","title":{"rendered":"Mondialisation"},"content":{"rendered":"","protected":false},"excerpt":{"rendered":"","protected":false},"author":1,"featured_media":235889,"parent":128976,"menu_order":4,"comment_status":"closed","ping_status":"closed","template":"","meta":{"site-sidebar-layout":"default","site-content-layout":"default","ast-site-content-layout":"default","site-content-style":"default","site-sidebar-style":"default","ast-global-header-display":"","ast-banner-title-visibility":"","ast-main-header-display":"","ast-hfb-above-header-display":"","ast-hfb-below-header-display":"","ast-hfb-mobile-header-display":"","site-post-title":"disabled","ast-breadcrumbs-content":"","ast-featured-img":"","footer-sml-layout":"","ast-disable-related-posts":"","theme-transparent-header-meta":"default","adv-header-id-meta":"","stick-header-meta":"","header-above-stick-meta":"","header-main-stick-meta":"","header-below-stick-meta":"","astra-migrate-meta-layouts":"set","ast-page-background-enabled":"default","ast-page-background-meta":{"desktop":{"background-color":"var(--ast-global-color-4)","background-image":"","background-repeat":"repeat","background-position":"center center","background-size":"auto","background-attachment":"scroll","background-type":"","background-media":"","overlay-type":"","overlay-color":"","overlay-opacity":"","overlay-gradient":""},"tablet":{"background-color":"","background-image":"","background-repeat":"repeat","background-position":"center center","background-size":"auto","background-attachment":"scroll","background-type":"","background-media":"","overlay-type":"","overlay-color":"","overlay-opacity":"","overlay-gradient":""},"mobile":{"background-color":"","background-image":"","background-repeat":"repeat","background-position":"center center","background-size":"auto","background-attachment":"scroll","background-type":"","background-media":"","overlay-type":"","overlay-color":"","overlay-opacity":"","overlay-gradient":""}},"ast-content-background-meta":{"desktop":{"background-color":"var(--ast-global-color-5)","background-image":"","background-repeat":"repeat","background-position":"center center","background-size":"auto","background-attachment":"scroll","background-type":"","background-media":"","overlay-type":"","overlay-color":"","overlay-opacity":"","overlay-gradient":""},"tablet":{"background-color":"var(--ast-global-color-5)","background-image":"","background-repeat":"repeat","background-position":"center center","background-size":"auto","background-attachment":"scroll","background-type":"","background-media":"","overlay-type":"","overlay-color":"","overlay-opacity":"","overlay-gradient":""},"mobile":{"background-color":"var(--ast-global-color-5)","background-image":"","background-repeat":"repeat","background-position":"center center","background-size":"auto","background-attachment":"scroll","background-type":"","background-media":"","overlay-type":"","overlay-color":"","overlay-opacity":"","overlay-gradient":""}},"footnotes":""},"class_list":["post-129004","page","type-page","status-publish","has-post-thumbnail","hentry"],"yoast_head":"<!-- This site is optimized with the Yoast SEO plugin v27.3 - https:\/\/yoast.com\/product\/yoast-seo-wordpress\/ -->\n<title>Solutions de mondialisation de produits et de contenu, Trusted Translations, Inc.<\/title>\n<meta name=\"description\" content=\"Trusted Translations est reconnu dans l&#039;industrie comme l&#039;un des leaders de la mondialisation des produits et des contenus. Demandez un devis ou un conseil gratuit.\" \/>\n<meta name=\"robots\" content=\"index, follow, max-snippet:-1, max-image-preview:large, max-video-preview:-1\" \/>\n<link rel=\"canonical\" href=\"https:\/\/www.trustedtranslations.com\/fr\/services\/humaine\/mondialisation\" \/>\n<meta property=\"og:locale\" content=\"fr_FR\" \/>\n<meta property=\"og:type\" content=\"article\" \/>\n<meta property=\"og:title\" content=\"Solutions de mondialisation de produits et de contenu, Trusted Translations, Inc.\" \/>\n<meta property=\"og:description\" content=\"Trusted Translations est reconnu dans l&#039;industrie comme l&#039;un des leaders de la mondialisation des produits et des contenus. Demandez un devis ou un conseil gratuit.\" \/>\n<meta property=\"og:url\" content=\"https:\/\/www.trustedtranslations.com\/fr\/services\/humaine\/mondialisation\" \/>\n<meta property=\"og:site_name\" content=\"Trusted Translations, Inc.\" \/>\n<meta property=\"article:publisher\" content=\"https:\/\/www.facebook.com\/Trusted.Translations\" \/>\n<meta property=\"article:modified_time\" content=\"2024-09-04T20:48:16+00:00\" \/>\n<meta property=\"og:image\" content=\"https:\/\/static.trustedtranslations.com\/wp-content\/uploads\/2024\/02\/TT-ICON_Globalization.webp\" \/>\n\t<meta property=\"og:image:width\" content=\"151\" \/>\n\t<meta property=\"og:image:height\" content=\"151\" \/>\n\t<meta property=\"og:image:type\" content=\"image\/webp\" \/>\n<meta name=\"twitter:card\" content=\"summary_large_image\" \/>\n<meta name=\"twitter:site\" content=\"@TrustedT9ns\" \/>\n<script type=\"application\/ld+json\" class=\"yoast-schema-graph\">{\"@context\":\"https:\\\/\\\/schema.org\",\"@graph\":[{\"@type\":\"WebPage\",\"@id\":\"https:\\\/\\\/www.trustedtranslations.com\\\/fr\\\/services\\\/humaine\\\/mondialisation\",\"url\":\"https:\\\/\\\/www.trustedtranslations.com\\\/fr\\\/services\\\/humaine\\\/mondialisation\",\"name\":\"Solutions de mondialisation de produits et de contenu, Trusted Translations, Inc.\",\"isPartOf\":{\"@id\":\"https:\\\/\\\/www.trustedtranslations.com\\\/fr\\\/#website\"},\"primaryImageOfPage\":{\"@id\":\"https:\\\/\\\/www.trustedtranslations.com\\\/fr\\\/services\\\/humaine\\\/mondialisation#primaryimage\"},\"image\":{\"@id\":\"https:\\\/\\\/www.trustedtranslations.com\\\/fr\\\/services\\\/humaine\\\/mondialisation#primaryimage\"},\"thumbnailUrl\":\"https:\\\/\\\/www.trustedtranslations.com\\\/wp-content\\\/uploads\\\/2024\\\/02\\\/TT-ICON_Globalization.webp\",\"description\":\"Trusted Translations est reconnu dans l'industrie comme l'un des leaders de la mondialisation des produits et des contenus. Demandez un devis ou un conseil gratuit.\",\"breadcrumb\":{\"@id\":\"https:\\\/\\\/www.trustedtranslations.com\\\/fr\\\/services\\\/humaine\\\/mondialisation#breadcrumb\"},\"inLanguage\":\"fr-FR\",\"potentialAction\":[{\"@type\":\"ReadAction\",\"target\":[\"https:\\\/\\\/www.trustedtranslations.com\\\/fr\\\/services\\\/humaine\\\/mondialisation\"]}]},{\"@type\":\"ImageObject\",\"inLanguage\":\"fr-FR\",\"@id\":\"https:\\\/\\\/www.trustedtranslations.com\\\/fr\\\/services\\\/humaine\\\/mondialisation#primaryimage\",\"url\":\"https:\\\/\\\/www.trustedtranslations.com\\\/wp-content\\\/uploads\\\/2024\\\/02\\\/TT-ICON_Globalization.webp\",\"contentUrl\":\"https:\\\/\\\/www.trustedtranslations.com\\\/wp-content\\\/uploads\\\/2024\\\/02\\\/TT-ICON_Globalization.webp\",\"width\":151,\"height\":151,\"caption\":\"TT ICON Globalization\"},{\"@type\":\"BreadcrumbList\",\"@id\":\"https:\\\/\\\/www.trustedtranslations.com\\\/fr\\\/services\\\/humaine\\\/mondialisation#breadcrumb\",\"itemListElement\":[{\"@type\":\"ListItem\",\"position\":1,\"name\":\"Accueil\",\"item\":\"https:\\\/\\\/www.trustedtranslations.com\\\/fr\"},{\"@type\":\"ListItem\",\"position\":2,\"name\":\"Services\",\"item\":\"https:\\\/\\\/www.trustedtranslations.com\\\/fr\\\/services\"},{\"@type\":\"ListItem\",\"position\":3,\"name\":\"Traduction humaine\",\"item\":\"https:\\\/\\\/www.trustedtranslations.com\\\/fr\\\/services\\\/humaine\"},{\"@type\":\"ListItem\",\"position\":4,\"name\":\"Mondialisation\"}]},{\"@type\":\"WebSite\",\"@id\":\"https:\\\/\\\/www.trustedtranslations.com\\\/fr\\\/#website\",\"url\":\"https:\\\/\\\/www.trustedtranslations.com\\\/fr\\\/\",\"name\":\"Trusted Translations, Inc.\",\"description\":\"Leader in translation and interpretation services.\",\"publisher\":{\"@id\":\"https:\\\/\\\/www.trustedtranslations.com\\\/fr\\\/#organization\"},\"alternateName\":\"Trusted Translations\",\"potentialAction\":[{\"@type\":\"SearchAction\",\"target\":{\"@type\":\"EntryPoint\",\"urlTemplate\":\"https:\\\/\\\/www.trustedtranslations.com\\\/fr\\\/?s={search_term_string}\"},\"query-input\":{\"@type\":\"PropertyValueSpecification\",\"valueRequired\":true,\"valueName\":\"search_term_string\"}}],\"inLanguage\":\"fr-FR\"},{\"@type\":\"Organization\",\"@id\":\"https:\\\/\\\/www.trustedtranslations.com\\\/fr\\\/#organization\",\"name\":\"Trusted Translations\",\"alternateName\":\"Trusted Translations, Inc.\",\"url\":\"https:\\\/\\\/www.trustedtranslations.com\\\/fr\\\/\",\"logo\":{\"@type\":\"ImageObject\",\"inLanguage\":\"fr-FR\",\"@id\":\"https:\\\/\\\/www.trustedtranslations.com\\\/fr\\\/#\\\/schema\\\/logo\\\/image\\\/\",\"url\":\"https:\\\/\\\/static.trustedtranslations.com\\\/wp-content\\\/uploads\\\/2022\\\/01\\\/TT_logo_WSIColors-2.png\",\"contentUrl\":\"https:\\\/\\\/static.trustedtranslations.com\\\/wp-content\\\/uploads\\\/2022\\\/01\\\/TT_logo_WSIColors-2.png\",\"width\":500,\"height\":196,\"caption\":\"Trusted Translations\"},\"image\":{\"@id\":\"https:\\\/\\\/www.trustedtranslations.com\\\/fr\\\/#\\\/schema\\\/logo\\\/image\\\/\"},\"sameAs\":[\"https:\\\/\\\/www.facebook.com\\\/Trusted.Translations\",\"https:\\\/\\\/x.com\\\/TrustedT9ns\",\"https:\\\/\\\/www.linkedin.com\\\/company\\\/trusted-translations\"]}]}<\/script>\n<!-- \/ Yoast SEO plugin. -->","yoast_head_json":{"title":"Solutions de mondialisation de produits et de contenu, Trusted Translations, Inc.","description":"Trusted Translations est reconnu dans l'industrie comme l'un des leaders de la mondialisation des produits et des contenus. Demandez un devis ou un conseil gratuit.","robots":{"index":"index","follow":"follow","max-snippet":"max-snippet:-1","max-image-preview":"max-image-preview:large","max-video-preview":"max-video-preview:-1"},"canonical":"https:\/\/www.trustedtranslations.com\/fr\/services\/humaine\/mondialisation","og_locale":"fr_FR","og_type":"article","og_title":"Solutions de mondialisation de produits et de contenu, Trusted Translations, Inc.","og_description":"Trusted Translations est reconnu dans l'industrie comme l'un des leaders de la mondialisation des produits et des contenus. Demandez un devis ou un conseil gratuit.","og_url":"https:\/\/www.trustedtranslations.com\/fr\/services\/humaine\/mondialisation","og_site_name":"Trusted Translations, Inc.","article_publisher":"https:\/\/www.facebook.com\/Trusted.Translations","article_modified_time":"2024-09-04T20:48:16+00:00","og_image":[{"width":151,"height":151,"url":"https:\/\/static.trustedtranslations.com\/wp-content\/uploads\/2024\/02\/TT-ICON_Globalization.webp","type":"image\/webp"}],"twitter_card":"summary_large_image","twitter_site":"@TrustedT9ns","schema":{"@context":"https:\/\/schema.org","@graph":[{"@type":"WebPage","@id":"https:\/\/www.trustedtranslations.com\/fr\/services\/humaine\/mondialisation","url":"https:\/\/www.trustedtranslations.com\/fr\/services\/humaine\/mondialisation","name":"Solutions de mondialisation de produits et de contenu, Trusted Translations, Inc.","isPartOf":{"@id":"https:\/\/www.trustedtranslations.com\/fr\/#website"},"primaryImageOfPage":{"@id":"https:\/\/www.trustedtranslations.com\/fr\/services\/humaine\/mondialisation#primaryimage"},"image":{"@id":"https:\/\/www.trustedtranslations.com\/fr\/services\/humaine\/mondialisation#primaryimage"},"thumbnailUrl":"https:\/\/www.trustedtranslations.com\/wp-content\/uploads\/2024\/02\/TT-ICON_Globalization.webp","description":"Trusted Translations est reconnu dans l'industrie comme l'un des leaders de la mondialisation des produits et des contenus. Demandez un devis ou un conseil gratuit.","breadcrumb":{"@id":"https:\/\/www.trustedtranslations.com\/fr\/services\/humaine\/mondialisation#breadcrumb"},"inLanguage":"fr-FR","potentialAction":[{"@type":"ReadAction","target":["https:\/\/www.trustedtranslations.com\/fr\/services\/humaine\/mondialisation"]}]},{"@type":"ImageObject","inLanguage":"fr-FR","@id":"https:\/\/www.trustedtranslations.com\/fr\/services\/humaine\/mondialisation#primaryimage","url":"https:\/\/www.trustedtranslations.com\/wp-content\/uploads\/2024\/02\/TT-ICON_Globalization.webp","contentUrl":"https:\/\/www.trustedtranslations.com\/wp-content\/uploads\/2024\/02\/TT-ICON_Globalization.webp","width":151,"height":151,"caption":"TT ICON Globalization"},{"@type":"BreadcrumbList","@id":"https:\/\/www.trustedtranslations.com\/fr\/services\/humaine\/mondialisation#breadcrumb","itemListElement":[{"@type":"ListItem","position":1,"name":"Accueil","item":"https:\/\/www.trustedtranslations.com\/fr"},{"@type":"ListItem","position":2,"name":"Services","item":"https:\/\/www.trustedtranslations.com\/fr\/services"},{"@type":"ListItem","position":3,"name":"Traduction humaine","item":"https:\/\/www.trustedtranslations.com\/fr\/services\/humaine"},{"@type":"ListItem","position":4,"name":"Mondialisation"}]},{"@type":"WebSite","@id":"https:\/\/www.trustedtranslations.com\/fr\/#website","url":"https:\/\/www.trustedtranslations.com\/fr\/","name":"Trusted Translations, Inc.","description":"Leader in translation and interpretation services.","publisher":{"@id":"https:\/\/www.trustedtranslations.com\/fr\/#organization"},"alternateName":"Trusted Translations","potentialAction":[{"@type":"SearchAction","target":{"@type":"EntryPoint","urlTemplate":"https:\/\/www.trustedtranslations.com\/fr\/?s={search_term_string}"},"query-input":{"@type":"PropertyValueSpecification","valueRequired":true,"valueName":"search_term_string"}}],"inLanguage":"fr-FR"},{"@type":"Organization","@id":"https:\/\/www.trustedtranslations.com\/fr\/#organization","name":"Trusted Translations","alternateName":"Trusted Translations, Inc.","url":"https:\/\/www.trustedtranslations.com\/fr\/","logo":{"@type":"ImageObject","inLanguage":"fr-FR","@id":"https:\/\/www.trustedtranslations.com\/fr\/#\/schema\/logo\/image\/","url":"https:\/\/static.trustedtranslations.com\/wp-content\/uploads\/2022\/01\/TT_logo_WSIColors-2.png","contentUrl":"https:\/\/static.trustedtranslations.com\/wp-content\/uploads\/2022\/01\/TT_logo_WSIColors-2.png","width":500,"height":196,"caption":"Trusted Translations"},"image":{"@id":"https:\/\/www.trustedtranslations.com\/fr\/#\/schema\/logo\/image\/"},"sameAs":["https:\/\/www.facebook.com\/Trusted.Translations","https:\/\/x.com\/TrustedT9ns","https:\/\/www.linkedin.com\/company\/trusted-translations"]}]}},"toolset-meta":{"dyk":{"mensaje-1":{"type":"textfield","raw":""},"mensaje-2":{"type":"textfield","raw":""},"mensaje-3":{"type":"textfield","raw":"La mondialisation de votre site r\u00e9duira le co\u00fbt de la gestion du contenu et de l'ajout de nouvelles langues."},"mensaje-4":{"type":"textfield","raw":""},"mensaje-5":{"type":"textfield","raw":""},"mensaje-6":{"type":"textfield","raw":""}},"single-page-template-fields":{"imgs-temp":{"type":"image","raw":["https:\/\/static.trustedtranslations.com\/wp-content\/uploads\/2024\/06\/globalization-final-1.webp"],"repeatable":[{"raw":"https:\/\/static.trustedtranslations.com\/wp-content\/uploads\/2024\/06\/globalization-final-1.webp"}]},"imgs-temp-cel":{"type":"image","raw":[""],"repeatable":[{"raw":""}]},"img-temp-one-cel":{"type":"image","raw":"https:\/\/static.trustedtranslations.com\/wp-content\/uploads\/2024\/06\/AdobeStock_157214625-2-1.webp","attachment_id":null},"quotes":{"type":"textarea","raw":"<h1 style=\"margin-bottom: 12px;\">Solutions linguistiques et de mondialisation<\/h1>\r\nUn sens tr\u00e8s sp\u00e9cifique de la mondialisation fait r\u00e9f\u00e9rence au processus de pr\u00e9paration d'un produit ou d'un service \u00e0 offrir sur de nombreux march\u00e9s ou dans le monde entier. En tant que leader de l'industrie de la mondialisation des produits et des contenus, Trusted Translations vous aidera \u00e0 vous pr\u00e9parer aux diff\u00e9rents aspects de l'activit\u00e9 commerciale dans plusieurs pays.\r\n<div style=\"margin-top: 2.5vw;\"><a class=\"tt-btn-main-cta\" href=\"https:\/\/www.trustedtranslations.com\/fr\/devis-traduction\">Demandez un devis gratuit<\/a><\/div>"},"text-1":{"type":"textarea","raw":"<h2>Devenir mondial<\/h2>\r\nVous avez peut-\u00eatre entendu le terme mondialisation accompagn\u00e9 de deux concepts connexes, l'internationalisation et la localisation. Bien que leur utilisation puisse pr\u00eater \u00e0 confusion, un moyen simple de comprendre la relation entre les trois termes est une formule simple\u00a0: Mondialisation = Internationalisation + Localisation.\r\n\r\nLa mondialisation est un processus qui englobe deux composantes compl\u00e9mentaires mais distinctes (en fait, pratiquement oppos\u00e9es). <em>L'internationalisation<\/em> est plus g\u00e9n\u00e9rale\u00a0; ce terme d\u00e9crit l'utilisation du cycle de planification et de d\u00e9veloppement pour cr\u00e9er un produit ou un service qui peut ensuite \u00eatre facilement adapt\u00e9 \u00e0 divers march\u00e9s. <em>La localisation<\/em>, en revanche, est plus sp\u00e9cifique\u00a0; ce terme d\u00e9crit r\u00e9ellement l'adaptation de votre produit ou service \u00e0 des march\u00e9s sp\u00e9cifiques apr\u00e8s son lancement.\r\n\r\nLa combinaison de l'internationalisation et de la localisation produit la mondialisation, un terme industriel qui recouvre le concept plus large de \u00ab\u00a0mondialisation\u00a0\u00bb, c'est-\u00e0-dire amener votre entreprise sur de nouveaux march\u00e9s dans le monde entier, dans le cadre d'une \u00e9conomie internationale dans laquelle le commerce traverse les fronti\u00e8res.\r\n<h2>Services de mondialisation<\/h2>\r\nVoici quelques-uns des domaines de la mondialisation dans lesquels <em>Trusted Translations<\/em> se sp\u00e9cialise\u00a0:\r\n<h3>Mondialisation des produits<\/h3>\r\nLa mondialisation des produits cr\u00e9e ou modifie un produit afin qu'il puisse \u00eatre utilis\u00e9 dans de nombreuses langues et cultures. Ce processus entra\u00eene g\u00e9n\u00e9ralement des modifications des interfaces utilisateur, des documents techniques, du contenu de l'aide en ligne, des accords juridiques, etc. Dans cette mesure, il peut s'agir de mat\u00e9riel extr\u00eamement complexe, tel que des brevets, des droits d'auteur, des contrats, etc.\r\n\r\nLa mondialisation des produits peut \u00e9galement signifier adapter les logiciels \u00e0 une culture locale, traduire tout texte \u00ab\u00a0utilisable\u00a0\u00bb dans la langue locale et modifier certains contenus pour qu'ils fonctionnent dans l'environnement local (comme les normes \u00e9lectriques ou les syst\u00e8mes de mesure).\r\n<h3>Mondialisation du contenu<\/h3>\r\nLa mondialisation des contenus se r\u00e9f\u00e8re sp\u00e9cifiquement \u00e0 l'adaptation de certains contenus pour leur utilisation dans un environnement international. Les types de contenu susceptibles d'\u00eatre prioritaires pour la mondialisation peuvent inclure le contenu en ligne, les modules d'apprentissage en ligne, les emballages, la documentation technique et le texte de l'interface utilisateur\u00a0; tous les \u00e9l\u00e9ments les plus importants pour l'utilisateur.\r\n\r\n\u00c9tant donn\u00e9 que ce contenu peut changer r\u00e9guli\u00e8rement, <em>Trusted Translations<\/em> travaillera avec vos \u00e9quipes de d\u00e9veloppement de produits pour s'assurer que votre organisation mette \u00e0 jour le texte de mani\u00e8re uniforme et coh\u00e9rente sur toutes les plateformes de m\u00e9dias, les langues et les publics cibles.\r\n<h3>Mondialisation en espagnol<\/h3>\r\nLa mondialisation en espagnol pr\u00e9pare un produit afin de le lancer dans tous les pays hispanophones du monde. Malgr\u00e9 une langue commune, chaque pays hispanophone est unique. Par cons\u00e9quent, la mondialisation en espagnol est n\u00e9cessaire pour les entreprises qui cherchent activement \u00e0 adapter leurs produits et\/ou services \u00e0 des march\u00e9s hispanophones particuliers.\r\n\r\n<em>Trusted Translations<\/em> a d\u00e9velopp\u00e9 une expertise unique dans la mondialisation de contenus en espagnol \u00a0pour le march\u00e9 hispanique des \u00c9tats-Unis. Pour plus de d\u00e9tails sur nos services de localisation en espagnol, contactez-nous ou visitez notre page <a href=\"https:\/\/www.trustedtranslations.com\/fr\/services\/humaine\/localization\" target=\"_blank\" rel=\"noopener\"><em>Localisation<\/em><\/a>."},"shortcode-map":{"type":"textfield","raw":""},"dyk-shortcode":{"type":"textfield","raw":"[elementor-template id=\"146546\"]"},"text-2":{"type":"textarea","raw":"<h2>Pourquoi les entreprises devraient-elles s'engager dans la mondialisation\u00a0?<\/h2>\r\nLa mondialisation \u00e9largit votre port\u00e9e sur le march\u00e9, facilite l'acceptation des produits et l'augmentation des ventes sur vos march\u00e9s cibles, et rehausse g\u00e9n\u00e9ralement le profil de votre organisation. \u00c0 mesure que le march\u00e9 international se d\u00e9veloppe, il faudra rester comp\u00e9titif en travaillant avec des experts du secteur pour d\u00e9velopper une internationalisation et une localisation de premier ordre.\r\n\r\nContactez <em>Trusted Translations<\/em> pour en savoir plus sur la mani\u00e8re dont nous pouvons vous aider."},"state":{"type":"textfield","raw":""},"city":{"type":"textarea","raw":[]}}},"_links":{"self":[{"href":"https:\/\/www.trustedtranslations.com\/fr\/wp-json\/wp\/v2\/pages\/129004","targetHints":{"allow":["GET"]}}],"collection":[{"href":"https:\/\/www.trustedtranslations.com\/fr\/wp-json\/wp\/v2\/pages"}],"about":[{"href":"https:\/\/www.trustedtranslations.com\/fr\/wp-json\/wp\/v2\/types\/page"}],"author":[{"embeddable":true,"href":"https:\/\/www.trustedtranslations.com\/fr\/wp-json\/wp\/v2\/users\/1"}],"replies":[{"embeddable":true,"href":"https:\/\/www.trustedtranslations.com\/fr\/wp-json\/wp\/v2\/comments?post=129004"}],"version-history":[{"count":0,"href":"https:\/\/www.trustedtranslations.com\/fr\/wp-json\/wp\/v2\/pages\/129004\/revisions"}],"up":[{"embeddable":true,"href":"https:\/\/www.trustedtranslations.com\/fr\/wp-json\/wp\/v2\/pages\/128976"}],"wp:featuredmedia":[{"embeddable":true,"href":"https:\/\/www.trustedtranslations.com\/fr\/wp-json\/wp\/v2\/media\/235889"}],"wp:attachment":[{"href":"https:\/\/www.trustedtranslations.com\/fr\/wp-json\/wp\/v2\/media?parent=129004"}],"curies":[{"name":"wp","href":"https:\/\/api.w.org\/{rel}","templated":true}]}}