{"id":129005,"date":"2018-07-27T21:01:23","date_gmt":"2018-07-27T21:01:23","guid":{"rendered":"https:\/\/www.trustedtranslations.com\/?page_id=129005"},"modified":"2024-09-02T17:18:21","modified_gmt":"2024-09-02T20:18:21","slug":"edition-et-revision","status":"publish","type":"page","link":"https:\/\/www.trustedtranslations.com\/fr\/services\/humaine\/edition-et-revision","title":{"rendered":"\u00c9dition\/r\u00e9vision"},"content":{"rendered":"","protected":false},"excerpt":{"rendered":"","protected":false},"author":1,"featured_media":235902,"parent":128976,"menu_order":10,"comment_status":"closed","ping_status":"closed","template":"","meta":{"site-sidebar-layout":"default","site-content-layout":"default","ast-site-content-layout":"default","site-content-style":"default","site-sidebar-style":"default","ast-global-header-display":"","ast-banner-title-visibility":"","ast-main-header-display":"","ast-hfb-above-header-display":"","ast-hfb-below-header-display":"","ast-hfb-mobile-header-display":"","site-post-title":"disabled","ast-breadcrumbs-content":"","ast-featured-img":"","footer-sml-layout":"","ast-disable-related-posts":"","theme-transparent-header-meta":"default","adv-header-id-meta":"","stick-header-meta":"","header-above-stick-meta":"","header-main-stick-meta":"","header-below-stick-meta":"","astra-migrate-meta-layouts":"set","ast-page-background-enabled":"default","ast-page-background-meta":{"desktop":{"background-color":"var(--ast-global-color-4)","background-image":"","background-repeat":"repeat","background-position":"center center","background-size":"auto","background-attachment":"scroll","background-type":"","background-media":"","overlay-type":"","overlay-color":"","overlay-opacity":"","overlay-gradient":""},"tablet":{"background-color":"","background-image":"","background-repeat":"repeat","background-position":"center center","background-size":"auto","background-attachment":"scroll","background-type":"","background-media":"","overlay-type":"","overlay-color":"","overlay-opacity":"","overlay-gradient":""},"mobile":{"background-color":"","background-image":"","background-repeat":"repeat","background-position":"center center","background-size":"auto","background-attachment":"scroll","background-type":"","background-media":"","overlay-type":"","overlay-color":"","overlay-opacity":"","overlay-gradient":""}},"ast-content-background-meta":{"desktop":{"background-color":"var(--ast-global-color-5)","background-image":"","background-repeat":"repeat","background-position":"center center","background-size":"auto","background-attachment":"scroll","background-type":"","background-media":"","overlay-type":"","overlay-color":"","overlay-opacity":"","overlay-gradient":""},"tablet":{"background-color":"var(--ast-global-color-5)","background-image":"","background-repeat":"repeat","background-position":"center center","background-size":"auto","background-attachment":"scroll","background-type":"","background-media":"","overlay-type":"","overlay-color":"","overlay-opacity":"","overlay-gradient":""},"mobile":{"background-color":"var(--ast-global-color-5)","background-image":"","background-repeat":"repeat","background-position":"center center","background-size":"auto","background-attachment":"scroll","background-type":"","background-media":"","overlay-type":"","overlay-color":"","overlay-opacity":"","overlay-gradient":""}},"footnotes":""},"class_list":["post-129005","page","type-page","status-publish","has-post-thumbnail","hentry"],"yoast_head":"<!-- This site is optimized with the Yoast SEO plugin v27.3 - https:\/\/yoast.com\/product\/yoast-seo-wordpress\/ -->\n<title>Services de traduction, de relecture et d\u2019\u00e9dition - Trusted Translations, Inc.<\/title>\n<meta name=\"description\" content=\"Tous les projets de Trusted Translations, Inc. sont soumis \u00e0 la proc\u00e9dure TER (traduction, \u00e9dition, relecture). Nous proposons \u00e9galement des services de relecture et d\u2019\u00e9dition de traductions externes.\" \/>\n<meta name=\"robots\" content=\"index, follow, max-snippet:-1, max-image-preview:large, max-video-preview:-1\" \/>\n<link rel=\"canonical\" href=\"https:\/\/www.trustedtranslations.com\/fr\/services\/humaine\/edition-et-revision\" \/>\n<meta property=\"og:locale\" content=\"fr_FR\" \/>\n<meta property=\"og:type\" content=\"article\" \/>\n<meta property=\"og:title\" content=\"Services de traduction, de relecture et d\u2019\u00e9dition - Trusted Translations, Inc.\" \/>\n<meta property=\"og:description\" content=\"Tous les projets de Trusted Translations, Inc. sont soumis \u00e0 la proc\u00e9dure TER (traduction, \u00e9dition, relecture). Nous proposons \u00e9galement des services de relecture et d\u2019\u00e9dition de traductions externes.\" \/>\n<meta property=\"og:url\" content=\"https:\/\/www.trustedtranslations.com\/fr\/services\/humaine\/edition-et-revision\" \/>\n<meta property=\"og:site_name\" content=\"Trusted Translations, Inc.\" \/>\n<meta property=\"article:publisher\" content=\"https:\/\/www.facebook.com\/Trusted.Translations\" \/>\n<meta property=\"article:modified_time\" content=\"2024-09-02T20:18:21+00:00\" \/>\n<meta property=\"og:image\" content=\"https:\/\/static.trustedtranslations.com\/wp-content\/uploads\/2024\/02\/TT-ICON_Translation-Editing-an.webp\" \/>\n\t<meta property=\"og:image:width\" content=\"150\" \/>\n\t<meta property=\"og:image:height\" content=\"151\" \/>\n\t<meta property=\"og:image:type\" content=\"image\/webp\" \/>\n<meta name=\"twitter:card\" content=\"summary_large_image\" \/>\n<meta name=\"twitter:site\" content=\"@TrustedT9ns\" \/>\n<script type=\"application\/ld+json\" class=\"yoast-schema-graph\">{\"@context\":\"https:\\\/\\\/schema.org\",\"@graph\":[{\"@type\":\"WebPage\",\"@id\":\"https:\\\/\\\/www.trustedtranslations.com\\\/fr\\\/services\\\/humaine\\\/edition-et-revision\",\"url\":\"https:\\\/\\\/www.trustedtranslations.com\\\/fr\\\/services\\\/humaine\\\/edition-et-revision\",\"name\":\"Services de traduction, de relecture et d\u2019\u00e9dition - Trusted Translations, Inc.\",\"isPartOf\":{\"@id\":\"https:\\\/\\\/www.trustedtranslations.com\\\/fr\\\/#website\"},\"primaryImageOfPage\":{\"@id\":\"https:\\\/\\\/www.trustedtranslations.com\\\/fr\\\/services\\\/humaine\\\/edition-et-revision#primaryimage\"},\"image\":{\"@id\":\"https:\\\/\\\/www.trustedtranslations.com\\\/fr\\\/services\\\/humaine\\\/edition-et-revision#primaryimage\"},\"thumbnailUrl\":\"https:\\\/\\\/www.trustedtranslations.com\\\/wp-content\\\/uploads\\\/2024\\\/02\\\/TT-ICON_Translation-Editing-an.webp\",\"description\":\"Tous les projets de Trusted Translations, Inc. sont soumis \u00e0 la proc\u00e9dure TER (traduction, \u00e9dition, relecture). Nous proposons \u00e9galement des services de relecture et d\u2019\u00e9dition de traductions externes.\",\"breadcrumb\":{\"@id\":\"https:\\\/\\\/www.trustedtranslations.com\\\/fr\\\/services\\\/humaine\\\/edition-et-revision#breadcrumb\"},\"inLanguage\":\"fr-FR\",\"potentialAction\":[{\"@type\":\"ReadAction\",\"target\":[\"https:\\\/\\\/www.trustedtranslations.com\\\/fr\\\/services\\\/humaine\\\/edition-et-revision\"]}]},{\"@type\":\"ImageObject\",\"inLanguage\":\"fr-FR\",\"@id\":\"https:\\\/\\\/www.trustedtranslations.com\\\/fr\\\/services\\\/humaine\\\/edition-et-revision#primaryimage\",\"url\":\"https:\\\/\\\/www.trustedtranslations.com\\\/wp-content\\\/uploads\\\/2024\\\/02\\\/TT-ICON_Translation-Editing-an.webp\",\"contentUrl\":\"https:\\\/\\\/www.trustedtranslations.com\\\/wp-content\\\/uploads\\\/2024\\\/02\\\/TT-ICON_Translation-Editing-an.webp\",\"width\":150,\"height\":151,\"caption\":\"TT ICON Translation Editing an\"},{\"@type\":\"BreadcrumbList\",\"@id\":\"https:\\\/\\\/www.trustedtranslations.com\\\/fr\\\/services\\\/humaine\\\/edition-et-revision#breadcrumb\",\"itemListElement\":[{\"@type\":\"ListItem\",\"position\":1,\"name\":\"Accueil\",\"item\":\"https:\\\/\\\/www.trustedtranslations.com\\\/fr\"},{\"@type\":\"ListItem\",\"position\":2,\"name\":\"Services\",\"item\":\"https:\\\/\\\/www.trustedtranslations.com\\\/fr\\\/services\"},{\"@type\":\"ListItem\",\"position\":3,\"name\":\"Traduction humaine\",\"item\":\"https:\\\/\\\/www.trustedtranslations.com\\\/fr\\\/services\\\/humaine\"},{\"@type\":\"ListItem\",\"position\":4,\"name\":\"\u00c9dition\\\/r\u00e9vision\"}]},{\"@type\":\"WebSite\",\"@id\":\"https:\\\/\\\/www.trustedtranslations.com\\\/fr\\\/#website\",\"url\":\"https:\\\/\\\/www.trustedtranslations.com\\\/fr\\\/\",\"name\":\"Trusted Translations, Inc.\",\"description\":\"Leader in translation and interpretation services.\",\"publisher\":{\"@id\":\"https:\\\/\\\/www.trustedtranslations.com\\\/fr\\\/#organization\"},\"alternateName\":\"Trusted Translations\",\"potentialAction\":[{\"@type\":\"SearchAction\",\"target\":{\"@type\":\"EntryPoint\",\"urlTemplate\":\"https:\\\/\\\/www.trustedtranslations.com\\\/fr\\\/?s={search_term_string}\"},\"query-input\":{\"@type\":\"PropertyValueSpecification\",\"valueRequired\":true,\"valueName\":\"search_term_string\"}}],\"inLanguage\":\"fr-FR\"},{\"@type\":\"Organization\",\"@id\":\"https:\\\/\\\/www.trustedtranslations.com\\\/fr\\\/#organization\",\"name\":\"Trusted Translations\",\"alternateName\":\"Trusted Translations, Inc.\",\"url\":\"https:\\\/\\\/www.trustedtranslations.com\\\/fr\\\/\",\"logo\":{\"@type\":\"ImageObject\",\"inLanguage\":\"fr-FR\",\"@id\":\"https:\\\/\\\/www.trustedtranslations.com\\\/fr\\\/#\\\/schema\\\/logo\\\/image\\\/\",\"url\":\"https:\\\/\\\/static.trustedtranslations.com\\\/wp-content\\\/uploads\\\/2022\\\/01\\\/TT_logo_WSIColors-2.png\",\"contentUrl\":\"https:\\\/\\\/static.trustedtranslations.com\\\/wp-content\\\/uploads\\\/2022\\\/01\\\/TT_logo_WSIColors-2.png\",\"width\":500,\"height\":196,\"caption\":\"Trusted Translations\"},\"image\":{\"@id\":\"https:\\\/\\\/www.trustedtranslations.com\\\/fr\\\/#\\\/schema\\\/logo\\\/image\\\/\"},\"sameAs\":[\"https:\\\/\\\/www.facebook.com\\\/Trusted.Translations\",\"https:\\\/\\\/x.com\\\/TrustedT9ns\",\"https:\\\/\\\/www.linkedin.com\\\/company\\\/trusted-translations\"]}]}<\/script>\n<!-- \/ Yoast SEO plugin. -->","yoast_head_json":{"title":"Services de traduction, de relecture et d\u2019\u00e9dition - Trusted Translations, Inc.","description":"Tous les projets de Trusted Translations, Inc. sont soumis \u00e0 la proc\u00e9dure TER (traduction, \u00e9dition, relecture). Nous proposons \u00e9galement des services de relecture et d\u2019\u00e9dition de traductions externes.","robots":{"index":"index","follow":"follow","max-snippet":"max-snippet:-1","max-image-preview":"max-image-preview:large","max-video-preview":"max-video-preview:-1"},"canonical":"https:\/\/www.trustedtranslations.com\/fr\/services\/humaine\/edition-et-revision","og_locale":"fr_FR","og_type":"article","og_title":"Services de traduction, de relecture et d\u2019\u00e9dition - Trusted Translations, Inc.","og_description":"Tous les projets de Trusted Translations, Inc. sont soumis \u00e0 la proc\u00e9dure TER (traduction, \u00e9dition, relecture). Nous proposons \u00e9galement des services de relecture et d\u2019\u00e9dition de traductions externes.","og_url":"https:\/\/www.trustedtranslations.com\/fr\/services\/humaine\/edition-et-revision","og_site_name":"Trusted Translations, Inc.","article_publisher":"https:\/\/www.facebook.com\/Trusted.Translations","article_modified_time":"2024-09-02T20:18:21+00:00","og_image":[{"width":150,"height":151,"url":"https:\/\/static.trustedtranslations.com\/wp-content\/uploads\/2024\/02\/TT-ICON_Translation-Editing-an.webp","type":"image\/webp"}],"twitter_card":"summary_large_image","twitter_site":"@TrustedT9ns","schema":{"@context":"https:\/\/schema.org","@graph":[{"@type":"WebPage","@id":"https:\/\/www.trustedtranslations.com\/fr\/services\/humaine\/edition-et-revision","url":"https:\/\/www.trustedtranslations.com\/fr\/services\/humaine\/edition-et-revision","name":"Services de traduction, de relecture et d\u2019\u00e9dition - Trusted Translations, Inc.","isPartOf":{"@id":"https:\/\/www.trustedtranslations.com\/fr\/#website"},"primaryImageOfPage":{"@id":"https:\/\/www.trustedtranslations.com\/fr\/services\/humaine\/edition-et-revision#primaryimage"},"image":{"@id":"https:\/\/www.trustedtranslations.com\/fr\/services\/humaine\/edition-et-revision#primaryimage"},"thumbnailUrl":"https:\/\/www.trustedtranslations.com\/wp-content\/uploads\/2024\/02\/TT-ICON_Translation-Editing-an.webp","description":"Tous les projets de Trusted Translations, Inc. sont soumis \u00e0 la proc\u00e9dure TER (traduction, \u00e9dition, relecture). Nous proposons \u00e9galement des services de relecture et d\u2019\u00e9dition de traductions externes.","breadcrumb":{"@id":"https:\/\/www.trustedtranslations.com\/fr\/services\/humaine\/edition-et-revision#breadcrumb"},"inLanguage":"fr-FR","potentialAction":[{"@type":"ReadAction","target":["https:\/\/www.trustedtranslations.com\/fr\/services\/humaine\/edition-et-revision"]}]},{"@type":"ImageObject","inLanguage":"fr-FR","@id":"https:\/\/www.trustedtranslations.com\/fr\/services\/humaine\/edition-et-revision#primaryimage","url":"https:\/\/www.trustedtranslations.com\/wp-content\/uploads\/2024\/02\/TT-ICON_Translation-Editing-an.webp","contentUrl":"https:\/\/www.trustedtranslations.com\/wp-content\/uploads\/2024\/02\/TT-ICON_Translation-Editing-an.webp","width":150,"height":151,"caption":"TT ICON Translation Editing an"},{"@type":"BreadcrumbList","@id":"https:\/\/www.trustedtranslations.com\/fr\/services\/humaine\/edition-et-revision#breadcrumb","itemListElement":[{"@type":"ListItem","position":1,"name":"Accueil","item":"https:\/\/www.trustedtranslations.com\/fr"},{"@type":"ListItem","position":2,"name":"Services","item":"https:\/\/www.trustedtranslations.com\/fr\/services"},{"@type":"ListItem","position":3,"name":"Traduction humaine","item":"https:\/\/www.trustedtranslations.com\/fr\/services\/humaine"},{"@type":"ListItem","position":4,"name":"\u00c9dition\/r\u00e9vision"}]},{"@type":"WebSite","@id":"https:\/\/www.trustedtranslations.com\/fr\/#website","url":"https:\/\/www.trustedtranslations.com\/fr\/","name":"Trusted Translations, Inc.","description":"Leader in translation and interpretation services.","publisher":{"@id":"https:\/\/www.trustedtranslations.com\/fr\/#organization"},"alternateName":"Trusted Translations","potentialAction":[{"@type":"SearchAction","target":{"@type":"EntryPoint","urlTemplate":"https:\/\/www.trustedtranslations.com\/fr\/?s={search_term_string}"},"query-input":{"@type":"PropertyValueSpecification","valueRequired":true,"valueName":"search_term_string"}}],"inLanguage":"fr-FR"},{"@type":"Organization","@id":"https:\/\/www.trustedtranslations.com\/fr\/#organization","name":"Trusted Translations","alternateName":"Trusted Translations, Inc.","url":"https:\/\/www.trustedtranslations.com\/fr\/","logo":{"@type":"ImageObject","inLanguage":"fr-FR","@id":"https:\/\/www.trustedtranslations.com\/fr\/#\/schema\/logo\/image\/","url":"https:\/\/static.trustedtranslations.com\/wp-content\/uploads\/2022\/01\/TT_logo_WSIColors-2.png","contentUrl":"https:\/\/static.trustedtranslations.com\/wp-content\/uploads\/2022\/01\/TT_logo_WSIColors-2.png","width":500,"height":196,"caption":"Trusted Translations"},"image":{"@id":"https:\/\/www.trustedtranslations.com\/fr\/#\/schema\/logo\/image\/"},"sameAs":["https:\/\/www.facebook.com\/Trusted.Translations","https:\/\/x.com\/TrustedT9ns","https:\/\/www.linkedin.com\/company\/trusted-translations"]}]}},"toolset-meta":{"dyk":{"mensaje-1":{"type":"textfield","raw":""},"mensaje-2":{"type":"textfield","raw":"Nos \u00e9diteurs examinent non seulement l'exactitude, mais aussi le contexte culturel, le style et la lisibilit\u00e9."},"mensaje-3":{"type":"textfield","raw":"Une \u00e9dition de haute qualit\u00e9 vous aidera \u00e0 \u00e9viter des erreurs ou des r\u00e9impressions co\u00fbteuses."},"mensaje-4":{"type":"textfield","raw":""},"mensaje-5":{"type":"textfield","raw":""},"mensaje-6":{"type":"textfield","raw":""}},"single-page-template-fields":{"imgs-temp":{"type":"image","raw":["https:\/\/static.trustedtranslations.com\/wp-content\/uploads\/2024\/06\/services-final-6-1.webp"],"repeatable":[{"raw":"https:\/\/static.trustedtranslations.com\/wp-content\/uploads\/2024\/06\/services-final-6-1.webp"}]},"imgs-temp-cel":{"type":"image","raw":[""],"repeatable":[{"raw":""}]},"img-temp-one-cel":{"type":"image","raw":"https:\/\/static.trustedtranslations.com\/wp-content\/uploads\/2024\/06\/AdobeStock_459902324-5-1.webp","attachment_id":null},"quotes":{"type":"textarea","raw":"<h1 style=\"margin-bottom: 12px;\">Services de traduction, \u00e9dition et relecture<\/h1>\r\nLa tarification au mot de <em>Trusted Translations<\/em> pour un service de traduction complet de haute qualit\u00e9 comprend la <strong>traduction<\/strong>, l<strong>'\u00e9dition<\/strong> et la <strong>relecture<\/strong>\u00a0(TEP) effectu\u00e9es par des linguistes qualifi\u00e9s distincts. Outre ce service complet, nous proposons \u00e9galement d'autres options personnalis\u00e9es en fonction des objectifs d'utilisation sp\u00e9cifiques de nos clients, des d\u00e9lais d'ex\u00e9cution et des sp\u00e9cifications budg\u00e9taires.\r\n\r\nEn outre, nous pouvons \u00e9galement fournir des services de relecture et d'\u00e9dition pour les traductions r\u00e9alis\u00e9es par une autre source.\r\n<div style=\"margin-top: 2.5vw;\"><a class=\"tt-btn-main-cta\" href=\"https:\/\/www.trustedtranslations.com\/fr\/devis-traduction\">Demandez un devis gratuit<\/a><\/div>"},"text-1":{"type":"textarea","raw":"<h2>\u00c9dition et relecture de documents provenant d'autres sources<\/h2>\r\nUn document traduit bien r\u00e9dig\u00e9 et sans erreur peut faire toute la diff\u00e9rence, non seulement pour transmettre le bon message, mais aussi pour renforcer votre r\u00e9putation.\r\n\r\n<em>Trusted Translations<\/em> peut \u00e9galement travailler avec des textes traduits par d'autres sources pour garantir une qualit\u00e9 sup\u00e9rieure du produit final. Que vous ayez fait appel \u00e0 une autre agence, \u00e0 une ressource interne ou simplement \u00e0 un ami, nos services d'\u00e9dition et de relecture vous assurent d'avoir la traduction la plus pr\u00e9cise, coh\u00e9rente, fiable et grammaticalement correcte possible.\r\n<h2>Services d'\u00e9dition<\/h2>\r\nChez <em>Trusted Translations<\/em>, notre service d'\u00e9dition professionnel est con\u00e7u pour examiner et r\u00e9soudre les probl\u00e8mes des documents d\u00e9j\u00e0 traduits. Que vous souhaitiez rev\u00e9rifier votre texte traduit ou que vous ne soyez pas satisfait de la traduction originale, <em>Trusted Translations<\/em> dispose d'\u00e9diteurs experts pr\u00eats \u00e0 r\u00e9viser vos documents.\r\n\r\nNous prendrons \u00e9galement en compte les nouvelles donn\u00e9es ou consid\u00e9rations (comme un nouveau march\u00e9 cible) et fournirons un v\u00e9ritable <a href=\"https:\/\/www.trustedtranslations.com\/fr\/services\/humaine\/localization\"><strong>service de localisation<\/strong><\/a> en \u00e9ditant le texte pour l'adapter \u00e0 un march\u00e9 local particulier.\u00a0<em>Trusted Translations<\/em> proc\u00e9dera \u00e0 un examen approfondi de vos documents pour en v\u00e9rifier l'exactitude, le style et la ponctuation, identifier les probl\u00e8mes culturels potentiels, s'assurer de la coh\u00e9rence de la traduction, en contr\u00f4ler la grammaire et la lisibilit\u00e9, etc. Nos services d'\u00e9dition sont con\u00e7us pour aider nos clients \u00e0 chaque \u00e9tape d'un projet. Nous travaillons et nous coordonnons \u00e9galement avec d'autres agences afin que vous receviez le produit final le plus pr\u00e9cis et le plus fiable possible.\r\n\r\nNe prenez pas le risque de publier un document qui n'est peut-\u00eatre pas pr\u00eat et dont l'exactitude \u00e0 100\u00a0% n'est pas v\u00e9rifi\u00e9e. Devoir r\u00e9imprimer, r\u00e9\u00e9diter et redistribuer un texte co\u00fbte cher et peut nuire \u00e0 votre cr\u00e9dibilit\u00e9 sur votre march\u00e9 cible, sans parler de la perte de temps consid\u00e9rable que cela entra\u00eene.\r\n\r\n<em>Trusted Translations<\/em> vous fournira l'assurance suppl\u00e9mentaire dont vous avez besoin avant d'appuyer sur le bouton \u00ab\u00a0Imprimer\u00a0\u00bb."},"shortcode-map":{"type":"textfield","raw":""},"dyk-shortcode":{"type":"textfield","raw":"[elementor-template id=\"146546\"]"},"text-2":{"type":"textarea","raw":"<h2>Services de relecture<\/h2>\r\nChez <em>Trusted Translations<\/em>, nous offrons le service de relecture le plus complet disponible. Une r\u00e9vision minutieuse du ton et de la coh\u00e9rence du contenu est au c\u0153ur de notre service de relecture, qui comprend l'analyse de l'organisation, de la coh\u00e9rence, du ton et du style du texte. Nous corrigeons \u00e9galement les \u00e9ventuelles erreurs d'orthographe, de grammaire, de ponctuation et d'usage des majuscules.\r\n\r\nLa relecture est diff\u00e9rente de l'\u00e9dition de la traduction en ce sens qu'elle consiste \u00e0 revoir le document uniquement dans la langue cible et \u00e0 ne le comparer avec le contenu source que si le sens ne semble pas suffisamment clair pour le lecteur final.\r\n\r\nSi vous avez des questions sur les services d'\u00e9dition ou de relecture de <em>Trusted Translations<\/em>, ou si vous vous demandez lequel des deux vous conviendrait le mieux, contactez-nous d\u00e8s aujourd'hui."},"state":{"type":"textfield","raw":""},"city":{"type":"textarea","raw":[]}}},"_links":{"self":[{"href":"https:\/\/www.trustedtranslations.com\/fr\/wp-json\/wp\/v2\/pages\/129005","targetHints":{"allow":["GET"]}}],"collection":[{"href":"https:\/\/www.trustedtranslations.com\/fr\/wp-json\/wp\/v2\/pages"}],"about":[{"href":"https:\/\/www.trustedtranslations.com\/fr\/wp-json\/wp\/v2\/types\/page"}],"author":[{"embeddable":true,"href":"https:\/\/www.trustedtranslations.com\/fr\/wp-json\/wp\/v2\/users\/1"}],"replies":[{"embeddable":true,"href":"https:\/\/www.trustedtranslations.com\/fr\/wp-json\/wp\/v2\/comments?post=129005"}],"version-history":[{"count":0,"href":"https:\/\/www.trustedtranslations.com\/fr\/wp-json\/wp\/v2\/pages\/129005\/revisions"}],"up":[{"embeddable":true,"href":"https:\/\/www.trustedtranslations.com\/fr\/wp-json\/wp\/v2\/pages\/128976"}],"wp:featuredmedia":[{"embeddable":true,"href":"https:\/\/www.trustedtranslations.com\/fr\/wp-json\/wp\/v2\/media\/235902"}],"wp:attachment":[{"href":"https:\/\/www.trustedtranslations.com\/fr\/wp-json\/wp\/v2\/media?parent=129005"}],"curies":[{"name":"wp","href":"https:\/\/api.w.org\/{rel}","templated":true}]}}