{"id":129012,"date":"2018-07-27T21:01:17","date_gmt":"2018-07-27T21:01:17","guid":{"rendered":"https:\/\/www.trustedtranslations.com\/?page_id=129012"},"modified":"2025-07-14T16:50:45","modified_gmt":"2025-07-14T19:50:45","slug":"asl","status":"publish","type":"page","link":"https:\/\/www.trustedtranslations.com\/fr\/services\/interpretation-sur-site\/asl","title":{"rendered":"ASL"},"content":{"rendered":"","protected":false},"excerpt":{"rendered":"","protected":false},"author":1,"featured_media":223057,"parent":128996,"menu_order":0,"comment_status":"closed","ping_status":"closed","template":"","meta":{"site-sidebar-layout":"default","site-content-layout":"default","ast-site-content-layout":"default","site-content-style":"default","site-sidebar-style":"default","ast-global-header-display":"","ast-banner-title-visibility":"","ast-main-header-display":"","ast-hfb-above-header-display":"","ast-hfb-below-header-display":"","ast-hfb-mobile-header-display":"","site-post-title":"disabled","ast-breadcrumbs-content":"","ast-featured-img":"","footer-sml-layout":"","ast-disable-related-posts":"","theme-transparent-header-meta":"default","adv-header-id-meta":"","stick-header-meta":"","header-above-stick-meta":"","header-main-stick-meta":"","header-below-stick-meta":"","astra-migrate-meta-layouts":"set","ast-page-background-enabled":"default","ast-page-background-meta":{"desktop":{"background-color":"var(--ast-global-color-4)","background-image":"","background-repeat":"repeat","background-position":"center center","background-size":"auto","background-attachment":"scroll","background-type":"","background-media":"","overlay-type":"","overlay-color":"","overlay-opacity":"","overlay-gradient":""},"tablet":{"background-color":"","background-image":"","background-repeat":"repeat","background-position":"center center","background-size":"auto","background-attachment":"scroll","background-type":"","background-media":"","overlay-type":"","overlay-color":"","overlay-opacity":"","overlay-gradient":""},"mobile":{"background-color":"","background-image":"","background-repeat":"repeat","background-position":"center center","background-size":"auto","background-attachment":"scroll","background-type":"","background-media":"","overlay-type":"","overlay-color":"","overlay-opacity":"","overlay-gradient":""}},"ast-content-background-meta":{"desktop":{"background-color":"var(--ast-global-color-5)","background-image":"","background-repeat":"repeat","background-position":"center center","background-size":"auto","background-attachment":"scroll","background-type":"","background-media":"","overlay-type":"","overlay-color":"","overlay-opacity":"","overlay-gradient":""},"tablet":{"background-color":"var(--ast-global-color-5)","background-image":"","background-repeat":"repeat","background-position":"center center","background-size":"auto","background-attachment":"scroll","background-type":"","background-media":"","overlay-type":"","overlay-color":"","overlay-opacity":"","overlay-gradient":""},"mobile":{"background-color":"var(--ast-global-color-5)","background-image":"","background-repeat":"repeat","background-position":"center center","background-size":"auto","background-attachment":"scroll","background-type":"","background-media":"","overlay-type":"","overlay-color":"","overlay-opacity":"","overlay-gradient":""}},"footnotes":""},"class_list":["post-129012","page","type-page","status-publish","has-post-thumbnail","hentry"],"yoast_head":"<!-- This site is optimized with the Yoast SEO plugin v27.6 - https:\/\/yoast.com\/product\/yoast-seo-wordpress\/ -->\n<title>Services d\u2019interpr\u00e9tation en ASL et en langue des signes - Trusted Translations, Inc.<\/title>\n<meta name=\"description\" content=\"Trusted Translations est un leader dans le domaine des services d\u2019interpr\u00e9tation en langue des signes am\u00e9ricaine (ASL) et en langue des signes. Contactez-nous pour un devis gratuit d\u2019interpr\u00e9tation en ASL ou en langue des signes.\" \/>\n<meta name=\"robots\" content=\"index, follow, max-snippet:-1, max-image-preview:large, max-video-preview:-1\" \/>\n<link rel=\"canonical\" href=\"https:\/\/www.trustedtranslations.com\/fr\/services\/interpretation-sur-site\/asl\" \/>\n<meta property=\"og:locale\" content=\"fr_FR\" \/>\n<meta property=\"og:type\" content=\"article\" \/>\n<meta property=\"og:title\" content=\"Services d\u2019interpr\u00e9tation en ASL et en langue des signes - Trusted Translations, Inc.\" \/>\n<meta property=\"og:description\" content=\"Trusted Translations est un leader dans le domaine des services d\u2019interpr\u00e9tation en langue des signes am\u00e9ricaine (ASL) et en langue des signes. Contactez-nous pour un devis gratuit d\u2019interpr\u00e9tation en ASL ou en langue des signes.\" \/>\n<meta property=\"og:url\" content=\"https:\/\/www.trustedtranslations.com\/fr\/services\/interpretation-sur-site\/asl\" \/>\n<meta property=\"og:site_name\" content=\"Trusted Translations, Inc.\" \/>\n<meta property=\"article:publisher\" content=\"https:\/\/www.facebook.com\/Trusted.Translations\" \/>\n<meta property=\"article:modified_time\" content=\"2025-07-14T19:50:45+00:00\" \/>\n<meta property=\"og:image\" content=\"https:\/\/static.trustedtranslations.com\/wp-content\/uploads\/2022\/08\/TT_NEW_FB-1.png\" \/>\n\t<meta property=\"og:image:width\" content=\"1\" \/>\n\t<meta property=\"og:image:height\" content=\"1\" \/>\n\t<meta property=\"og:image:type\" content=\"image\/jpeg\" \/>\n<meta name=\"twitter:card\" content=\"summary_large_image\" \/>\n<meta name=\"twitter:site\" content=\"@TrustedT9ns\" \/>\n<script type=\"application\/ld+json\" class=\"yoast-schema-graph\">{\"@context\":\"https:\\\/\\\/schema.org\",\"@graph\":[{\"@type\":\"WebPage\",\"@id\":\"https:\\\/\\\/www.trustedtranslations.com\\\/fr\\\/services\\\/interpretation-sur-site\\\/asl\",\"url\":\"https:\\\/\\\/www.trustedtranslations.com\\\/fr\\\/services\\\/interpretation-sur-site\\\/asl\",\"name\":\"Services d\u2019interpr\u00e9tation en ASL et en langue des signes - Trusted Translations, Inc.\",\"isPartOf\":{\"@id\":\"https:\\\/\\\/www.trustedtranslations.com\\\/fr\\\/#website\"},\"primaryImageOfPage\":{\"@id\":\"https:\\\/\\\/www.trustedtranslations.com\\\/fr\\\/services\\\/interpretation-sur-site\\\/asl#primaryimage\"},\"image\":{\"@id\":\"https:\\\/\\\/www.trustedtranslations.com\\\/fr\\\/services\\\/interpretation-sur-site\\\/asl#primaryimage\"},\"thumbnailUrl\":\"https:\\\/\\\/www.trustedtranslations.com\\\/wp-content\\\/uploads\\\/2022\\\/08\\\/TT_NEW_FB-1.png\",\"description\":\"Trusted Translations est un leader dans le domaine des services d\u2019interpr\u00e9tation en langue des signes am\u00e9ricaine (ASL) et en langue des signes. Contactez-nous pour un devis gratuit d\u2019interpr\u00e9tation en ASL ou en langue des signes.\",\"breadcrumb\":{\"@id\":\"https:\\\/\\\/www.trustedtranslations.com\\\/fr\\\/services\\\/interpretation-sur-site\\\/asl#breadcrumb\"},\"inLanguage\":\"fr-FR\",\"potentialAction\":[{\"@type\":\"ReadAction\",\"target\":[\"https:\\\/\\\/www.trustedtranslations.com\\\/fr\\\/services\\\/interpretation-sur-site\\\/asl\"]}]},{\"@type\":\"ImageObject\",\"inLanguage\":\"fr-FR\",\"@id\":\"https:\\\/\\\/www.trustedtranslations.com\\\/fr\\\/services\\\/interpretation-sur-site\\\/asl#primaryimage\",\"url\":\"https:\\\/\\\/www.trustedtranslations.com\\\/wp-content\\\/uploads\\\/2022\\\/08\\\/TT_NEW_FB-1.png\",\"contentUrl\":\"https:\\\/\\\/www.trustedtranslations.com\\\/wp-content\\\/uploads\\\/2022\\\/08\\\/TT_NEW_FB-1.png\",\"caption\":\"TT NEW FB 1\"},{\"@type\":\"BreadcrumbList\",\"@id\":\"https:\\\/\\\/www.trustedtranslations.com\\\/fr\\\/services\\\/interpretation-sur-site\\\/asl#breadcrumb\",\"itemListElement\":[{\"@type\":\"ListItem\",\"position\":1,\"name\":\"Accueil\",\"item\":\"https:\\\/\\\/www.trustedtranslations.com\\\/fr\"},{\"@type\":\"ListItem\",\"position\":2,\"name\":\"Services\",\"item\":\"https:\\\/\\\/www.trustedtranslations.com\\\/fr\\\/services\"},{\"@type\":\"ListItem\",\"position\":3,\"name\":\"Interpr\u00e9tation sur site\",\"item\":\"https:\\\/\\\/www.trustedtranslations.com\\\/fr\\\/services\\\/interpretation-sur-site\"},{\"@type\":\"ListItem\",\"position\":4,\"name\":\"ASL\"}]},{\"@type\":\"WebSite\",\"@id\":\"https:\\\/\\\/www.trustedtranslations.com\\\/fr\\\/#website\",\"url\":\"https:\\\/\\\/www.trustedtranslations.com\\\/fr\\\/\",\"name\":\"Trusted Translations, Inc.\",\"description\":\"Leader in translation and interpretation services.\",\"publisher\":{\"@id\":\"https:\\\/\\\/www.trustedtranslations.com\\\/fr\\\/#organization\"},\"alternateName\":\"Trusted Translations\",\"potentialAction\":[{\"@type\":\"SearchAction\",\"target\":{\"@type\":\"EntryPoint\",\"urlTemplate\":\"https:\\\/\\\/www.trustedtranslations.com\\\/fr\\\/?s={search_term_string}\"},\"query-input\":{\"@type\":\"PropertyValueSpecification\",\"valueRequired\":true,\"valueName\":\"search_term_string\"}}],\"inLanguage\":\"fr-FR\"},{\"@type\":\"Organization\",\"@id\":\"https:\\\/\\\/www.trustedtranslations.com\\\/fr\\\/#organization\",\"name\":\"Trusted Translations\",\"alternateName\":\"Trusted Translations, Inc.\",\"url\":\"https:\\\/\\\/www.trustedtranslations.com\\\/fr\\\/\",\"logo\":{\"@type\":\"ImageObject\",\"inLanguage\":\"fr-FR\",\"@id\":\"https:\\\/\\\/www.trustedtranslations.com\\\/fr\\\/#\\\/schema\\\/logo\\\/image\\\/\",\"url\":\"https:\\\/\\\/static.trustedtranslations.com\\\/wp-content\\\/uploads\\\/2022\\\/01\\\/TT_logo_WSIColors-2.png\",\"contentUrl\":\"https:\\\/\\\/static.trustedtranslations.com\\\/wp-content\\\/uploads\\\/2022\\\/01\\\/TT_logo_WSIColors-2.png\",\"width\":500,\"height\":196,\"caption\":\"Trusted Translations\"},\"image\":{\"@id\":\"https:\\\/\\\/www.trustedtranslations.com\\\/fr\\\/#\\\/schema\\\/logo\\\/image\\\/\"},\"sameAs\":[\"https:\\\/\\\/www.facebook.com\\\/Trusted.Translations\",\"https:\\\/\\\/x.com\\\/TrustedT9ns\",\"https:\\\/\\\/www.linkedin.com\\\/company\\\/trusted-translations\"]}]}<\/script>\n<!-- \/ Yoast SEO plugin. -->","yoast_head_json":{"title":"Services d\u2019interpr\u00e9tation en ASL et en langue des signes - Trusted Translations, Inc.","description":"Trusted Translations est un leader dans le domaine des services d\u2019interpr\u00e9tation en langue des signes am\u00e9ricaine (ASL) et en langue des signes. Contactez-nous pour un devis gratuit d\u2019interpr\u00e9tation en ASL ou en langue des signes.","robots":{"index":"index","follow":"follow","max-snippet":"max-snippet:-1","max-image-preview":"max-image-preview:large","max-video-preview":"max-video-preview:-1"},"canonical":"https:\/\/www.trustedtranslations.com\/fr\/services\/interpretation-sur-site\/asl","og_locale":"fr_FR","og_type":"article","og_title":"Services d\u2019interpr\u00e9tation en ASL et en langue des signes - Trusted Translations, Inc.","og_description":"Trusted Translations est un leader dans le domaine des services d\u2019interpr\u00e9tation en langue des signes am\u00e9ricaine (ASL) et en langue des signes. Contactez-nous pour un devis gratuit d\u2019interpr\u00e9tation en ASL ou en langue des signes.","og_url":"https:\/\/www.trustedtranslations.com\/fr\/services\/interpretation-sur-site\/asl","og_site_name":"Trusted Translations, Inc.","article_publisher":"https:\/\/www.facebook.com\/Trusted.Translations","article_modified_time":"2025-07-14T19:50:45+00:00","og_image":[{"url":"https:\/\/static.trustedtranslations.com\/wp-content\/uploads\/2022\/08\/TT_NEW_FB-1.png","width":1,"height":1,"type":"image\/jpeg"}],"twitter_card":"summary_large_image","twitter_site":"@TrustedT9ns","schema":{"@context":"https:\/\/schema.org","@graph":[{"@type":"WebPage","@id":"https:\/\/www.trustedtranslations.com\/fr\/services\/interpretation-sur-site\/asl","url":"https:\/\/www.trustedtranslations.com\/fr\/services\/interpretation-sur-site\/asl","name":"Services d\u2019interpr\u00e9tation en ASL et en langue des signes - Trusted Translations, Inc.","isPartOf":{"@id":"https:\/\/www.trustedtranslations.com\/fr\/#website"},"primaryImageOfPage":{"@id":"https:\/\/www.trustedtranslations.com\/fr\/services\/interpretation-sur-site\/asl#primaryimage"},"image":{"@id":"https:\/\/www.trustedtranslations.com\/fr\/services\/interpretation-sur-site\/asl#primaryimage"},"thumbnailUrl":"https:\/\/www.trustedtranslations.com\/wp-content\/uploads\/2022\/08\/TT_NEW_FB-1.png","description":"Trusted Translations est un leader dans le domaine des services d\u2019interpr\u00e9tation en langue des signes am\u00e9ricaine (ASL) et en langue des signes. Contactez-nous pour un devis gratuit d\u2019interpr\u00e9tation en ASL ou en langue des signes.","breadcrumb":{"@id":"https:\/\/www.trustedtranslations.com\/fr\/services\/interpretation-sur-site\/asl#breadcrumb"},"inLanguage":"fr-FR","potentialAction":[{"@type":"ReadAction","target":["https:\/\/www.trustedtranslations.com\/fr\/services\/interpretation-sur-site\/asl"]}]},{"@type":"ImageObject","inLanguage":"fr-FR","@id":"https:\/\/www.trustedtranslations.com\/fr\/services\/interpretation-sur-site\/asl#primaryimage","url":"https:\/\/www.trustedtranslations.com\/wp-content\/uploads\/2022\/08\/TT_NEW_FB-1.png","contentUrl":"https:\/\/www.trustedtranslations.com\/wp-content\/uploads\/2022\/08\/TT_NEW_FB-1.png","caption":"TT NEW FB 1"},{"@type":"BreadcrumbList","@id":"https:\/\/www.trustedtranslations.com\/fr\/services\/interpretation-sur-site\/asl#breadcrumb","itemListElement":[{"@type":"ListItem","position":1,"name":"Accueil","item":"https:\/\/www.trustedtranslations.com\/fr"},{"@type":"ListItem","position":2,"name":"Services","item":"https:\/\/www.trustedtranslations.com\/fr\/services"},{"@type":"ListItem","position":3,"name":"Interpr\u00e9tation sur site","item":"https:\/\/www.trustedtranslations.com\/fr\/services\/interpretation-sur-site"},{"@type":"ListItem","position":4,"name":"ASL"}]},{"@type":"WebSite","@id":"https:\/\/www.trustedtranslations.com\/fr\/#website","url":"https:\/\/www.trustedtranslations.com\/fr\/","name":"Trusted Translations, Inc.","description":"Leader in translation and interpretation services.","publisher":{"@id":"https:\/\/www.trustedtranslations.com\/fr\/#organization"},"alternateName":"Trusted Translations","potentialAction":[{"@type":"SearchAction","target":{"@type":"EntryPoint","urlTemplate":"https:\/\/www.trustedtranslations.com\/fr\/?s={search_term_string}"},"query-input":{"@type":"PropertyValueSpecification","valueRequired":true,"valueName":"search_term_string"}}],"inLanguage":"fr-FR"},{"@type":"Organization","@id":"https:\/\/www.trustedtranslations.com\/fr\/#organization","name":"Trusted Translations","alternateName":"Trusted Translations, Inc.","url":"https:\/\/www.trustedtranslations.com\/fr\/","logo":{"@type":"ImageObject","inLanguage":"fr-FR","@id":"https:\/\/www.trustedtranslations.com\/fr\/#\/schema\/logo\/image\/","url":"https:\/\/static.trustedtranslations.com\/wp-content\/uploads\/2022\/01\/TT_logo_WSIColors-2.png","contentUrl":"https:\/\/static.trustedtranslations.com\/wp-content\/uploads\/2022\/01\/TT_logo_WSIColors-2.png","width":500,"height":196,"caption":"Trusted Translations"},"image":{"@id":"https:\/\/www.trustedtranslations.com\/fr\/#\/schema\/logo\/image\/"},"sameAs":["https:\/\/www.facebook.com\/Trusted.Translations","https:\/\/x.com\/TrustedT9ns","https:\/\/www.linkedin.com\/company\/trusted-translations"]}]}},"toolset-meta":{"dyk":{"mensaje-1":{"type":"textfield","raw":"Nous proposons des services de traduction pour tous les types de documents, dans tous les formats, toutes les tailles et toutes les langues"},"mensaje-2":{"type":"textfield","raw":""},"mensaje-3":{"type":"textfield","raw":""},"mensaje-4":{"type":"textfield","raw":""},"mensaje-5":{"type":"textfield","raw":""},"mensaje-6":{"type":"textfield","raw":""}},"single-page-template-fields":{"imgs-temp":{"type":"image","raw":["https:\/\/static.trustedtranslations.com\/wp-content\/uploads\/2024\/07\/services-final-4-1.webp"],"repeatable":[{"raw":"https:\/\/static.trustedtranslations.com\/wp-content\/uploads\/2024\/07\/services-final-4-1.webp"}]},"imgs-temp-cel":{"type":"image","raw":[""],"repeatable":[{"raw":""}]},"img-temp-one-cel":{"type":"image","raw":"https:\/\/static.trustedtranslations.com\/wp-content\/uploads\/2024\/07\/AdobeStock_381182014-3-1.webp","attachment_id":null},"quotes":{"type":"textarea","raw":"<h1 style=\"margin-bottom: 12px;\">Services d\u2019interpr\u00e9tation en ASL et en langue des signes<\/h1>\r\n<em>Trusted Translations<\/em> poss\u00e8de une division sp\u00e9cialis\u00e9e dans le domaine des services d\u2019interpr\u00e9tation en langue des signes am\u00e9ricaine\u00a0(ASL) et en langue des signes. Notre division ASL et langue des signes conna\u00eet bien les particularit\u00e9s associ\u00e9es \u00e0 la prestation de ce pr\u00e9cieux service, et nous travaillons en \u00e9troite collaboration avec chaque client pour assurer une enti\u00e8re satisfaction.\r\n<div style=\"margin-top: 2.5vw;\"><a class=\"tt-btn-main-cta\" href=\"\/fr\/devis-traduction\" class=\"quote-wrapper\">DEMANDEZ UN DEVIS GRATUIT<\/a><\/div>"},"text-1":{"type":"textarea","raw":"<h2>Services professionnels d\u2019interpr\u00e9tation en ASL et en langue des signes<\/h2>\r\nNous adh\u00e9rons aux normes les plus \u00e9lev\u00e9es de l\u2019industrie pour la prestation de services d\u2019interpr\u00e9tation en ASL et en langue des signes. Que vous ayez besoin d\u2019une traduction en ASL cons\u00e9cutive ou simultan\u00e9e, ou de services d\u2019interpr\u00e9tation en une autre langue des signes, nous vous fournissons une solution professionnelle, de haute qualit\u00e9 et \u00e0 moindre co\u00fbt.\r\n<h2>Qu\u2019est-ce que l\u2019ASL\u00a0?<\/h2>\r\nASL est l\u2019abr\u00e9viation de \u00ab\u00a0American Sign Language\u00a0\u00bb, une langue qui communique par l\u2019utilisation de signes des mains accompagn\u00e9s d\u2019expressions faciales, de mouvements et d\u2019un langage corporel g\u00e9n\u00e9ral. L\u2019ASL est la langue principale des communaut\u00e9s sourdes et malentendantes aux \u00c9tats-Unis, dans les r\u00e9gions anglophones du Canada et dans certaines r\u00e9gions du Mexique. Tout comme de nombreuses langues parl\u00e9es, l\u2019ASL contient diverses variations r\u00e9gionales \u00e0 travers les \u00c9tats-Unis et le Canada.\r\n<em>Trusted Translations<\/em> conna\u00eet parfaitement les tenants et les aboutissants de l\u2019ASL. Nos interpr\u00e8tes ASL certifi\u00e9s sont pr\u00eats \u00e0 r\u00e9pondre efficacement \u00e0 vos besoins d\u2019interpr\u00e9tation ASL, avec la richesse des connaissances et de l\u2019exp\u00e9rience n\u00e9cessaires pour vous fournir des interpr\u00e9tations pr\u00e9cises et fiables.\r\n<h2>La diff\u00e9rence entre l\u2019ASL et l\u2019anglais sign\u00e9<\/h2>\r\nMalgr\u00e9 les id\u00e9es re\u00e7ues, l\u2019ASL et l\u2019anglais sign\u00e9 ne sont pas la m\u00eame langue. L\u2019anglais sign\u00e9\u00a0(SEE pour ses initiales en anglais) est un syst\u00e8me de communication qui essaie de suivre exactement la grammaire de la langue anglaise, en faisant correspondre chaque mot d\u2019une phrase parl\u00e9e avec un signe. L\u2019ASL, en revanche, est une langue unique en son genre, avec sa propre grammaire et sa propre syntaxe. Cette diff\u00e9rence cruciale est apparente dans l\u2019ordre des mots et la structure des phrases des deux langues.\r\nUne phrase typique en ASL serait grammaticalement incorrecte si elle \u00e9tait traduite en anglais, et l\u2019ASL est largement pr\u00e9f\u00e9r\u00e9e par les adultes sourds aux \u00c9tats-Unis. La solide ma\u00eetrise de l\u2019ASL et de l\u2019anglais de nos interpr\u00e8tes vous garantit une interpr\u00e9tation de qualit\u00e9 sur laquelle vous pouvez compter."},"shortcode-map":{"type":"textfield","raw":""},"dyk-shortcode":{"type":"textfield","raw":"[elementor-template id=\"146546\"]"},"text-2":{"type":"textarea","raw":"<h2>Services d\u2019interpr\u00e9tation trilingue ASL<\/h2>\r\nDans l\u2019environnement mondialis\u00e9 d\u2019aujourd\u2019hui, les services d\u2019interpr\u00e9tation trilingue ASL prennent de plus en plus d\u2019importance. L\u2019interpr\u00e9tation trilingue consiste \u00e0 interpr\u00e9ter l\u2019ASL vers et depuis plus d\u2019une langue parl\u00e9e. En d\u2019autres termes, l\u2019interpr\u00e8te parle couramment l\u2019ASL et plus d\u2019une langue parl\u00e9e. Ce service est particuli\u00e8rement courant dans les r\u00e9gions \u00e0 forte population hispanophone, o\u00f9 avoir deux interpr\u00e8tes distincts en ASL (un pour l\u2019anglais et un pour l\u2019espagnol) n\u2019est ni pratique ni rentable.\r\n<h2>Tarifs et co\u00fbts de l\u2019interpr\u00e9tation ASL<\/h2>\r\nChez <em>Trusted Translations<\/em>, nous fournissons des services en ASL et en langue des signes \u00e0 des prix comp\u00e9titifs tout en maintenant le niveau de qualit\u00e9 que nos clients attendent.\r\n\r\nLes services en ASL sont normalement factur\u00e9s \u00e0 l\u2019heure par interpr\u00e8te, avec un nombre minimum d\u2019heures de mission par jour. Compte tenu des exigences physiques li\u00e9es \u00e0 la prestation de services en ASL et en langue des signes, il est souvent n\u00e9cessaire de travailler en \u00e9quipe de deux pour permettre \u00e0 chaque interpr\u00e8te de se reposer. Disposer d\u2019\u00e9quipes pour des sessions intenses ou longues garantit non seulement une interpr\u00e9tation de meilleure qualit\u00e9, mais peut \u00e9galement \u00eatre n\u00e9cessaire pour assurer le bien-\u00eatre de l\u2019interpr\u00e8te.\r\n\r\nChez <em>Trusted Translations<\/em>, nous cherchons un \u00e9quilibre entre la n\u00e9cessit\u00e9 de proposer des prix comp\u00e9titifs avec la qualit\u00e9 de l\u2019interpr\u00e9tation ainsi que la sant\u00e9 de nos interpr\u00e8tes. Nos experts peuvent vous fournir une consultation gratuite pour \u00e9valuer si votre projet n\u00e9cessitera plus d\u2019un interpr\u00e8te en ASL ou en langue des signes. Veuillez nous contacter d\u00e8s aujourd\u2019hui si vous avez des questions sur le processus d\u2019interpr\u00e9tation en ASL ou si vous souhaitez un devis gratuit en ASL ou en langue des signes."},"state":{"type":"textfield","raw":""},"city":{"type":"textarea","raw":[""]}}},"_links":{"self":[{"href":"https:\/\/www.trustedtranslations.com\/fr\/wp-json\/wp\/v2\/pages\/129012","targetHints":{"allow":["GET"]}}],"collection":[{"href":"https:\/\/www.trustedtranslations.com\/fr\/wp-json\/wp\/v2\/pages"}],"about":[{"href":"https:\/\/www.trustedtranslations.com\/fr\/wp-json\/wp\/v2\/types\/page"}],"author":[{"embeddable":true,"href":"https:\/\/www.trustedtranslations.com\/fr\/wp-json\/wp\/v2\/users\/1"}],"replies":[{"embeddable":true,"href":"https:\/\/www.trustedtranslations.com\/fr\/wp-json\/wp\/v2\/comments?post=129012"}],"version-history":[{"count":0,"href":"https:\/\/www.trustedtranslations.com\/fr\/wp-json\/wp\/v2\/pages\/129012\/revisions"}],"up":[{"embeddable":true,"href":"https:\/\/www.trustedtranslations.com\/fr\/wp-json\/wp\/v2\/pages\/128996"}],"wp:featuredmedia":[{"embeddable":true,"href":"https:\/\/www.trustedtranslations.com\/fr\/wp-json\/wp\/v2\/media\/223057"}],"wp:attachment":[{"href":"https:\/\/www.trustedtranslations.com\/fr\/wp-json\/wp\/v2\/media?parent=129012"}],"curies":[{"name":"wp","href":"https:\/\/api.w.org\/{rel}","templated":true}]}}