{"id":129020,"date":"2018-07-26T17:04:35","date_gmt":"2018-07-26T17:04:35","guid":{"rendered":"https:\/\/www.trustedtranslations.com\/?page_id=129020"},"modified":"2024-09-02T17:13:27","modified_gmt":"2024-09-02T20:13:27","slug":"russe","status":"publish","type":"page","link":"https:\/\/www.trustedtranslations.com\/fr\/langues\/russe","title":{"rendered":"Russe"},"content":{"rendered":"","protected":false},"excerpt":{"rendered":"","protected":false},"author":1,"featured_media":223057,"parent":129037,"menu_order":0,"comment_status":"closed","ping_status":"closed","template":"","meta":{"site-sidebar-layout":"default","site-content-layout":"default","ast-site-content-layout":"default","site-content-style":"default","site-sidebar-style":"default","ast-global-header-display":"","ast-banner-title-visibility":"","ast-main-header-display":"","ast-hfb-above-header-display":"","ast-hfb-below-header-display":"","ast-hfb-mobile-header-display":"","site-post-title":"disabled","ast-breadcrumbs-content":"","ast-featured-img":"","footer-sml-layout":"","ast-disable-related-posts":"","theme-transparent-header-meta":"default","adv-header-id-meta":"","stick-header-meta":"","header-above-stick-meta":"","header-main-stick-meta":"","header-below-stick-meta":"","astra-migrate-meta-layouts":"set","ast-page-background-enabled":"default","ast-page-background-meta":{"desktop":{"background-color":"var(--ast-global-color-4)","background-image":"","background-repeat":"repeat","background-position":"center center","background-size":"auto","background-attachment":"scroll","background-type":"","background-media":"","overlay-type":"","overlay-color":"","overlay-opacity":"","overlay-gradient":""},"tablet":{"background-color":"","background-image":"","background-repeat":"repeat","background-position":"center center","background-size":"auto","background-attachment":"scroll","background-type":"","background-media":"","overlay-type":"","overlay-color":"","overlay-opacity":"","overlay-gradient":""},"mobile":{"background-color":"","background-image":"","background-repeat":"repeat","background-position":"center center","background-size":"auto","background-attachment":"scroll","background-type":"","background-media":"","overlay-type":"","overlay-color":"","overlay-opacity":"","overlay-gradient":""}},"ast-content-background-meta":{"desktop":{"background-color":"var(--ast-global-color-5)","background-image":"","background-repeat":"repeat","background-position":"center center","background-size":"auto","background-attachment":"scroll","background-type":"","background-media":"","overlay-type":"","overlay-color":"","overlay-opacity":"","overlay-gradient":""},"tablet":{"background-color":"var(--ast-global-color-5)","background-image":"","background-repeat":"repeat","background-position":"center center","background-size":"auto","background-attachment":"scroll","background-type":"","background-media":"","overlay-type":"","overlay-color":"","overlay-opacity":"","overlay-gradient":""},"mobile":{"background-color":"var(--ast-global-color-5)","background-image":"","background-repeat":"repeat","background-position":"center center","background-size":"auto","background-attachment":"scroll","background-type":"","background-media":"","overlay-type":"","overlay-color":"","overlay-opacity":"","overlay-gradient":""}},"footnotes":""},"class_list":["post-129020","page","type-page","status-publish","has-post-thumbnail","hentry"],"yoast_head":"<!-- This site is optimized with the Yoast SEO plugin v27.3 - https:\/\/yoast.com\/product\/yoast-seo-wordpress\/ -->\n<title>Services de traduction en russe - Trusted Translations, inc.<\/title>\n<meta name=\"description\" content=\"B\u00e9n\u00e9ficiez de services de traduction experts en russe avec Trusted Translations. Nos traducteurs natifs assurent des traductions pr\u00e9cises et exactes. Contactez-nous d\u00e8s aujourd\u2019hui\" \/>\n<meta name=\"robots\" content=\"index, follow, max-snippet:-1, max-image-preview:large, max-video-preview:-1\" \/>\n<link rel=\"canonical\" href=\"https:\/\/www.trustedtranslations.com\/fr\/langues\/russe\" \/>\n<meta property=\"og:locale\" content=\"fr_FR\" \/>\n<meta property=\"og:type\" content=\"article\" \/>\n<meta property=\"og:title\" content=\"Services de traduction en russe - Trusted Translations, inc.\" \/>\n<meta property=\"og:description\" content=\"B\u00e9n\u00e9ficiez de services de traduction experts en russe avec Trusted Translations. Nos traducteurs natifs assurent des traductions pr\u00e9cises et exactes. Contactez-nous d\u00e8s aujourd\u2019hui\" \/>\n<meta property=\"og:url\" content=\"https:\/\/www.trustedtranslations.com\/fr\/langues\/russe\" \/>\n<meta property=\"og:site_name\" content=\"Trusted Translations, Inc.\" \/>\n<meta property=\"article:publisher\" content=\"https:\/\/www.facebook.com\/Trusted.Translations\" \/>\n<meta property=\"article:modified_time\" content=\"2024-09-02T20:13:27+00:00\" \/>\n<meta property=\"og:image\" content=\"https:\/\/static.trustedtranslations.com\/wp-content\/uploads\/2022\/08\/TT_NEW_FB-1.png\" \/>\n\t<meta property=\"og:image:width\" content=\"1\" \/>\n\t<meta property=\"og:image:height\" content=\"1\" \/>\n\t<meta property=\"og:image:type\" content=\"image\/jpeg\" \/>\n<meta name=\"twitter:card\" content=\"summary_large_image\" \/>\n<meta name=\"twitter:site\" content=\"@TrustedT9ns\" \/>\n<script type=\"application\/ld+json\" class=\"yoast-schema-graph\">{\"@context\":\"https:\\\/\\\/schema.org\",\"@graph\":[{\"@type\":\"WebPage\",\"@id\":\"https:\\\/\\\/www.trustedtranslations.com\\\/fr\\\/langues\\\/russe\",\"url\":\"https:\\\/\\\/www.trustedtranslations.com\\\/fr\\\/langues\\\/russe\",\"name\":\"Services de traduction en russe - Trusted Translations, inc.\",\"isPartOf\":{\"@id\":\"https:\\\/\\\/www.trustedtranslations.com\\\/fr\\\/#website\"},\"primaryImageOfPage\":{\"@id\":\"https:\\\/\\\/www.trustedtranslations.com\\\/fr\\\/langues\\\/russe#primaryimage\"},\"image\":{\"@id\":\"https:\\\/\\\/www.trustedtranslations.com\\\/fr\\\/langues\\\/russe#primaryimage\"},\"thumbnailUrl\":\"https:\\\/\\\/www.trustedtranslations.com\\\/wp-content\\\/uploads\\\/2022\\\/08\\\/TT_NEW_FB-1.png\",\"description\":\"B\u00e9n\u00e9ficiez de services de traduction experts en russe avec Trusted Translations. Nos traducteurs natifs assurent des traductions pr\u00e9cises et exactes. Contactez-nous d\u00e8s aujourd\u2019hui\",\"breadcrumb\":{\"@id\":\"https:\\\/\\\/www.trustedtranslations.com\\\/fr\\\/langues\\\/russe#breadcrumb\"},\"inLanguage\":\"fr-FR\",\"potentialAction\":[{\"@type\":\"ReadAction\",\"target\":[\"https:\\\/\\\/www.trustedtranslations.com\\\/fr\\\/langues\\\/russe\"]}]},{\"@type\":\"ImageObject\",\"inLanguage\":\"fr-FR\",\"@id\":\"https:\\\/\\\/www.trustedtranslations.com\\\/fr\\\/langues\\\/russe#primaryimage\",\"url\":\"https:\\\/\\\/www.trustedtranslations.com\\\/wp-content\\\/uploads\\\/2022\\\/08\\\/TT_NEW_FB-1.png\",\"contentUrl\":\"https:\\\/\\\/www.trustedtranslations.com\\\/wp-content\\\/uploads\\\/2022\\\/08\\\/TT_NEW_FB-1.png\",\"caption\":\"TT NEW FB 1\"},{\"@type\":\"BreadcrumbList\",\"@id\":\"https:\\\/\\\/www.trustedtranslations.com\\\/fr\\\/langues\\\/russe#breadcrumb\",\"itemListElement\":[{\"@type\":\"ListItem\",\"position\":1,\"name\":\"Accueil\",\"item\":\"https:\\\/\\\/www.trustedtranslations.com\\\/fr\"},{\"@type\":\"ListItem\",\"position\":2,\"name\":\"Langues\",\"item\":\"https:\\\/\\\/www.trustedtranslations.com\\\/fr\\\/langues\"},{\"@type\":\"ListItem\",\"position\":3,\"name\":\"Russe\"}]},{\"@type\":\"WebSite\",\"@id\":\"https:\\\/\\\/www.trustedtranslations.com\\\/fr\\\/#website\",\"url\":\"https:\\\/\\\/www.trustedtranslations.com\\\/fr\\\/\",\"name\":\"Trusted Translations, Inc.\",\"description\":\"Leader in translation and interpretation services.\",\"publisher\":{\"@id\":\"https:\\\/\\\/www.trustedtranslations.com\\\/fr\\\/#organization\"},\"alternateName\":\"Trusted Translations\",\"potentialAction\":[{\"@type\":\"SearchAction\",\"target\":{\"@type\":\"EntryPoint\",\"urlTemplate\":\"https:\\\/\\\/www.trustedtranslations.com\\\/fr\\\/?s={search_term_string}\"},\"query-input\":{\"@type\":\"PropertyValueSpecification\",\"valueRequired\":true,\"valueName\":\"search_term_string\"}}],\"inLanguage\":\"fr-FR\"},{\"@type\":\"Organization\",\"@id\":\"https:\\\/\\\/www.trustedtranslations.com\\\/fr\\\/#organization\",\"name\":\"Trusted Translations\",\"alternateName\":\"Trusted Translations, Inc.\",\"url\":\"https:\\\/\\\/www.trustedtranslations.com\\\/fr\\\/\",\"logo\":{\"@type\":\"ImageObject\",\"inLanguage\":\"fr-FR\",\"@id\":\"https:\\\/\\\/www.trustedtranslations.com\\\/fr\\\/#\\\/schema\\\/logo\\\/image\\\/\",\"url\":\"https:\\\/\\\/static.trustedtranslations.com\\\/wp-content\\\/uploads\\\/2022\\\/01\\\/TT_logo_WSIColors-2.png\",\"contentUrl\":\"https:\\\/\\\/static.trustedtranslations.com\\\/wp-content\\\/uploads\\\/2022\\\/01\\\/TT_logo_WSIColors-2.png\",\"width\":500,\"height\":196,\"caption\":\"Trusted Translations\"},\"image\":{\"@id\":\"https:\\\/\\\/www.trustedtranslations.com\\\/fr\\\/#\\\/schema\\\/logo\\\/image\\\/\"},\"sameAs\":[\"https:\\\/\\\/www.facebook.com\\\/Trusted.Translations\",\"https:\\\/\\\/x.com\\\/TrustedT9ns\",\"https:\\\/\\\/www.linkedin.com\\\/company\\\/trusted-translations\"]}]}<\/script>\n<!-- \/ Yoast SEO plugin. -->","yoast_head_json":{"title":"Services de traduction en russe - Trusted Translations, inc.","description":"B\u00e9n\u00e9ficiez de services de traduction experts en russe avec Trusted Translations. Nos traducteurs natifs assurent des traductions pr\u00e9cises et exactes. Contactez-nous d\u00e8s aujourd\u2019hui","robots":{"index":"index","follow":"follow","max-snippet":"max-snippet:-1","max-image-preview":"max-image-preview:large","max-video-preview":"max-video-preview:-1"},"canonical":"https:\/\/www.trustedtranslations.com\/fr\/langues\/russe","og_locale":"fr_FR","og_type":"article","og_title":"Services de traduction en russe - Trusted Translations, inc.","og_description":"B\u00e9n\u00e9ficiez de services de traduction experts en russe avec Trusted Translations. Nos traducteurs natifs assurent des traductions pr\u00e9cises et exactes. Contactez-nous d\u00e8s aujourd\u2019hui","og_url":"https:\/\/www.trustedtranslations.com\/fr\/langues\/russe","og_site_name":"Trusted Translations, Inc.","article_publisher":"https:\/\/www.facebook.com\/Trusted.Translations","article_modified_time":"2024-09-02T20:13:27+00:00","og_image":[{"url":"https:\/\/static.trustedtranslations.com\/wp-content\/uploads\/2022\/08\/TT_NEW_FB-1.png","width":1,"height":1,"type":"image\/jpeg"}],"twitter_card":"summary_large_image","twitter_site":"@TrustedT9ns","schema":{"@context":"https:\/\/schema.org","@graph":[{"@type":"WebPage","@id":"https:\/\/www.trustedtranslations.com\/fr\/langues\/russe","url":"https:\/\/www.trustedtranslations.com\/fr\/langues\/russe","name":"Services de traduction en russe - Trusted Translations, inc.","isPartOf":{"@id":"https:\/\/www.trustedtranslations.com\/fr\/#website"},"primaryImageOfPage":{"@id":"https:\/\/www.trustedtranslations.com\/fr\/langues\/russe#primaryimage"},"image":{"@id":"https:\/\/www.trustedtranslations.com\/fr\/langues\/russe#primaryimage"},"thumbnailUrl":"https:\/\/www.trustedtranslations.com\/wp-content\/uploads\/2022\/08\/TT_NEW_FB-1.png","description":"B\u00e9n\u00e9ficiez de services de traduction experts en russe avec Trusted Translations. Nos traducteurs natifs assurent des traductions pr\u00e9cises et exactes. Contactez-nous d\u00e8s aujourd\u2019hui","breadcrumb":{"@id":"https:\/\/www.trustedtranslations.com\/fr\/langues\/russe#breadcrumb"},"inLanguage":"fr-FR","potentialAction":[{"@type":"ReadAction","target":["https:\/\/www.trustedtranslations.com\/fr\/langues\/russe"]}]},{"@type":"ImageObject","inLanguage":"fr-FR","@id":"https:\/\/www.trustedtranslations.com\/fr\/langues\/russe#primaryimage","url":"https:\/\/www.trustedtranslations.com\/wp-content\/uploads\/2022\/08\/TT_NEW_FB-1.png","contentUrl":"https:\/\/www.trustedtranslations.com\/wp-content\/uploads\/2022\/08\/TT_NEW_FB-1.png","caption":"TT NEW FB 1"},{"@type":"BreadcrumbList","@id":"https:\/\/www.trustedtranslations.com\/fr\/langues\/russe#breadcrumb","itemListElement":[{"@type":"ListItem","position":1,"name":"Accueil","item":"https:\/\/www.trustedtranslations.com\/fr"},{"@type":"ListItem","position":2,"name":"Langues","item":"https:\/\/www.trustedtranslations.com\/fr\/langues"},{"@type":"ListItem","position":3,"name":"Russe"}]},{"@type":"WebSite","@id":"https:\/\/www.trustedtranslations.com\/fr\/#website","url":"https:\/\/www.trustedtranslations.com\/fr\/","name":"Trusted Translations, Inc.","description":"Leader in translation and interpretation services.","publisher":{"@id":"https:\/\/www.trustedtranslations.com\/fr\/#organization"},"alternateName":"Trusted Translations","potentialAction":[{"@type":"SearchAction","target":{"@type":"EntryPoint","urlTemplate":"https:\/\/www.trustedtranslations.com\/fr\/?s={search_term_string}"},"query-input":{"@type":"PropertyValueSpecification","valueRequired":true,"valueName":"search_term_string"}}],"inLanguage":"fr-FR"},{"@type":"Organization","@id":"https:\/\/www.trustedtranslations.com\/fr\/#organization","name":"Trusted Translations","alternateName":"Trusted Translations, Inc.","url":"https:\/\/www.trustedtranslations.com\/fr\/","logo":{"@type":"ImageObject","inLanguage":"fr-FR","@id":"https:\/\/www.trustedtranslations.com\/fr\/#\/schema\/logo\/image\/","url":"https:\/\/static.trustedtranslations.com\/wp-content\/uploads\/2022\/01\/TT_logo_WSIColors-2.png","contentUrl":"https:\/\/static.trustedtranslations.com\/wp-content\/uploads\/2022\/01\/TT_logo_WSIColors-2.png","width":500,"height":196,"caption":"Trusted Translations"},"image":{"@id":"https:\/\/www.trustedtranslations.com\/fr\/#\/schema\/logo\/image\/"},"sameAs":["https:\/\/www.facebook.com\/Trusted.Translations","https:\/\/x.com\/TrustedT9ns","https:\/\/www.linkedin.com\/company\/trusted-translations"]}]}},"toolset-meta":{"dyk":{"mensaje-1":{"type":"textfield","raw":"Vingt-cinq pour cent de toutes les publications scientifiques produites dans le monde sont en russe."},"mensaje-2":{"type":"textfield","raw":""},"mensaje-3":{"type":"textfield","raw":"Le russe est d\u00e9sign\u00e9 comme l'une des six langues officielles des Nations Unies."},"mensaje-4":{"type":"textfield","raw":""},"mensaje-5":{"type":"textfield","raw":""},"mensaje-6":{"type":"textfield","raw":""}},"single-page-template-fields":{"imgs-temp":{"type":"image","raw":["https:\/\/static.trustedtranslations.com\/wp-content\/uploads\/2024\/06\/russian-1.webp"],"repeatable":[{"raw":"https:\/\/static.trustedtranslations.com\/wp-content\/uploads\/2024\/06\/russian-1.webp"}]},"imgs-temp-cel":{"type":"image","raw":[""],"repeatable":[{"raw":""}]},"img-temp-one-cel":{"type":"image","raw":"https:\/\/static.trustedtranslations.com\/wp-content\/uploads\/2024\/06\/saint-basil-s-cathedral-red-squa.webp","attachment_id":null},"quotes":{"type":"textarea","raw":"<h1 style=\"margin-bottom: 12px;\">Services de traduction en russe<\/h1>Le russe fait partie des dix langues mondiales les plus parl\u00e9es, concentr\u00e9es dans la F\u00e9d\u00e9ration de Russie, l\u2019Europe de l\u2019Est et diverses communaut\u00e9s d\u2019immigrants. \u00c9tant donn\u00e9 que la majorit\u00e9 des locuteurs russes acc\u00e8dent au contenu uniquement en russe, une traduction pr\u00e9cise est essentielle pour tirer parti de la valeur g\u00e9opolitique, financi\u00e8re et scientifique du russe. Chez Trusted Translations, nos traducteurs sont des experts dans les complexit\u00e9s de la langue russe, y compris la localisation de vos projets de traduction russe dans des communaut\u00e9s et des r\u00e9gions sp\u00e9cifiques.<div style=\"margin-top: 2.5vw;\"><a class=\"tt-btn-main-cta\" href=\"\/fr\/devis-traduction\">DEMANDEZ UN DEVIS GRATUIT<\/a><\/div>"},"text-1":{"type":"textarea","raw":"<h2>Traductions professionnelles et pr\u00e9cises en russe<\/h2>\r\n<em>Trusted Translations<\/em> est tr\u00e8s fier de fournir des traductions russes professionnelles de haute qualit\u00e9 \u00e0 des prix comp\u00e9titifs.\r\n\r\nNombre de nos clients comptent parmi les plus grandes entreprises et organisations du monde\u00a0; nous sommes donc dans une position unique pour traiter tout type de projet de traduction professionnelle en russe que vous pourriez avoir. Des petites start-ups aux grandes multinationales, <em>Trusted Translations<\/em> apporte \u00e0 votre organisation une vaste exp\u00e9rience dans les traductions professionnelles en russe.\r\n<h2 style=\"margin-bottom: 20px\">Traduction en langue russe<\/h2>\r\nLe russe est la langue officielle de la F\u00e9d\u00e9ration de Russie\u00a0; c'est une langue co-officielle en Bi\u00e9lorussie, au Kazakhstan et au Kirghizstan, et il est \u00e9galement largement parl\u00e9 en Ukraine, en Moldavie, au Tadjikistan, en Ouzb\u00e9kistan ainsi que dans d'autres anciennes r\u00e9publiques sovi\u00e9tiques. En raison d'une migration importante, le russe est \u00e9galement utilis\u00e9 dans de nombreuses autres petites communaut\u00e9s \u00e0 travers le monde. En Isra\u00ebl, par exemple, les fabricants et les importateurs de m\u00e9dicaments sont tenus d'inclure des informations sur le produit en russe sur l'emballage. Environ un quart de toutes les publications scientifiques sont produites en russe, et c'est l'une des six langues officielles des Nations Unies. En raison de la pr\u00e9sence importante de la langue russe sur le march\u00e9 mondial, les services de traduction professionnelle en russe sont souvent n\u00e9cessaires pour toute organisation v\u00e9ritablement mondiale.\r\n\r\nL'un des d\u00e9fis associ\u00e9s \u00e0 l'utilisation de la langue russe est la localisation. Bien que la langue russe suive officiellement des r\u00e8gles standardis\u00e9es, de nombreuses communaut\u00e9s ont adapt\u00e9 la langue pour refl\u00e9ter leur emplacement et leur environnement sp\u00e9cifiques. De nombreux immigr\u00e9s dans des pays comme les \u00c9tats-Unis, Isra\u00ebl, l'Allemagne, le Canada et l'Australie utilisent le russe en y m\u00ealant une terminologie locale \u00ab\u00a0russifi\u00e9e\u00a0\u00bb. \u00c0 Brooklyn, dans l'\u00c9tat de New York, par exemple, il est courant d'utiliser certains mots anglais translitt\u00e9r\u00e9s dans le corps d'un texte essentiellement en langue russe. Quels que soient les d\u00e9fis, <em>Trusted Translations<\/em> est \u00e9quip\u00e9 pour g\u00e9rer chaque projet particulier et vous fournir un service de traduction ou de localisation de la plus haute qualit\u00e9.\r\n\r\nQuel que soit le type de traduction russe dont vous avez besoin, nous disposons d'\u00e9quipes de traducteurs professionnels sp\u00e9cialis\u00e9s dans diff\u00e9rents domaines. Ces \u00e9quipes sont notamment sp\u00e9cialis\u00e9es dans les domaines suivants\u00a0: finance, informatique, ventes, marketing, sciences, m\u00e9dias, droit, voyages, logiciels, affaires, t\u00e9l\u00e9communications, entreprises, technique, relations publiques, m\u00e9decine et services de sant\u00e9, gouvernement, assurances et litt\u00e9rature."},"shortcode-map":{"type":"textfield","raw":""},"dyk-shortcode":{"type":"textfield","raw":"[elementor-template id=\"146546\"]"},"text-2":{"type":"textarea","raw":"<h2 style=\"margin-bottom: 20px\">Traduction anglais - russe et traduction espagnol - russe<\/h2>\r\nNous sommes fiers de notre excellente r\u00e9putation en mati\u00e8re de traductions fiables et de haute qualit\u00e9 de l'anglais vers le russe, de l'espagnol vers le russe, du russe vers l'anglais et du russe vers l'espagnol. Nous avons r\u00e9uni des \u00e9quipes de traducteurs du russe avec un \u00e9ventail de comp\u00e9tences et de sp\u00e9cialit\u00e9s, capables de travailler avec les complexit\u00e9s de la langue russe. Nous adaptons les connaissances et les forces de nos \u00e9quipes de traducteurs du russe aux besoins sp\u00e9cifiques de votre projet et du march\u00e9 russophone.\r\n<h2 style=\"margin-bottom: 20px\">\u00c9quipes de traducteurs experts du russe<\/h2>\r\nLe service fourni par nos \u00e9quipes de traducteurs professionnels du russe comprend la r\u00e9vision et la relecture par des experts ind\u00e9pendants, sans frais suppl\u00e9mentaires. Nos \u00e9quipes de professionnels proposent \u00e9galement la r\u00e9vision et la relecture en russe de traductions r\u00e9alis\u00e9es par d'autres prestataires."},"state":{"type":"textfield","raw":""},"city":{"type":"textarea","raw":[]}}},"_links":{"self":[{"href":"https:\/\/www.trustedtranslations.com\/fr\/wp-json\/wp\/v2\/pages\/129020","targetHints":{"allow":["GET"]}}],"collection":[{"href":"https:\/\/www.trustedtranslations.com\/fr\/wp-json\/wp\/v2\/pages"}],"about":[{"href":"https:\/\/www.trustedtranslations.com\/fr\/wp-json\/wp\/v2\/types\/page"}],"author":[{"embeddable":true,"href":"https:\/\/www.trustedtranslations.com\/fr\/wp-json\/wp\/v2\/users\/1"}],"replies":[{"embeddable":true,"href":"https:\/\/www.trustedtranslations.com\/fr\/wp-json\/wp\/v2\/comments?post=129020"}],"version-history":[{"count":0,"href":"https:\/\/www.trustedtranslations.com\/fr\/wp-json\/wp\/v2\/pages\/129020\/revisions"}],"up":[{"embeddable":true,"href":"https:\/\/www.trustedtranslations.com\/fr\/wp-json\/wp\/v2\/pages\/129037"}],"wp:featuredmedia":[{"embeddable":true,"href":"https:\/\/www.trustedtranslations.com\/fr\/wp-json\/wp\/v2\/media\/223057"}],"wp:attachment":[{"href":"https:\/\/www.trustedtranslations.com\/fr\/wp-json\/wp\/v2\/media?parent=129020"}],"curies":[{"name":"wp","href":"https:\/\/api.w.org\/{rel}","templated":true}]}}