{"id":129029,"date":"2018-07-26T17:04:21","date_gmt":"2018-07-26T17:04:21","guid":{"rendered":"https:\/\/www.trustedtranslations.com\/?page_id=129029"},"modified":"2024-09-02T17:10:43","modified_gmt":"2024-09-02T20:10:43","slug":"francais","status":"publish","type":"page","link":"https:\/\/www.trustedtranslations.com\/fr\/langues\/francais","title":{"rendered":"Fran\u00e7ais"},"content":{"rendered":"","protected":false},"excerpt":{"rendered":"","protected":false},"author":1,"featured_media":139627,"parent":129037,"menu_order":0,"comment_status":"closed","ping_status":"closed","template":"","meta":{"site-sidebar-layout":"default","site-content-layout":"default","ast-site-content-layout":"default","site-content-style":"default","site-sidebar-style":"default","ast-global-header-display":"","ast-banner-title-visibility":"","ast-main-header-display":"","ast-hfb-above-header-display":"","ast-hfb-below-header-display":"","ast-hfb-mobile-header-display":"","site-post-title":"disabled","ast-breadcrumbs-content":"","ast-featured-img":"","footer-sml-layout":"","ast-disable-related-posts":"","theme-transparent-header-meta":"default","adv-header-id-meta":"","stick-header-meta":"","header-above-stick-meta":"","header-main-stick-meta":"","header-below-stick-meta":"","astra-migrate-meta-layouts":"set","ast-page-background-enabled":"default","ast-page-background-meta":{"desktop":{"background-color":"var(--ast-global-color-4)","background-image":"","background-repeat":"repeat","background-position":"center center","background-size":"auto","background-attachment":"scroll","background-type":"","background-media":"","overlay-type":"","overlay-color":"","overlay-opacity":"","overlay-gradient":""},"tablet":{"background-color":"","background-image":"","background-repeat":"repeat","background-position":"center center","background-size":"auto","background-attachment":"scroll","background-type":"","background-media":"","overlay-type":"","overlay-color":"","overlay-opacity":"","overlay-gradient":""},"mobile":{"background-color":"","background-image":"","background-repeat":"repeat","background-position":"center center","background-size":"auto","background-attachment":"scroll","background-type":"","background-media":"","overlay-type":"","overlay-color":"","overlay-opacity":"","overlay-gradient":""}},"ast-content-background-meta":{"desktop":{"background-color":"var(--ast-global-color-5)","background-image":"","background-repeat":"repeat","background-position":"center center","background-size":"auto","background-attachment":"scroll","background-type":"","background-media":"","overlay-type":"","overlay-color":"","overlay-opacity":"","overlay-gradient":""},"tablet":{"background-color":"var(--ast-global-color-5)","background-image":"","background-repeat":"repeat","background-position":"center center","background-size":"auto","background-attachment":"scroll","background-type":"","background-media":"","overlay-type":"","overlay-color":"","overlay-opacity":"","overlay-gradient":""},"mobile":{"background-color":"var(--ast-global-color-5)","background-image":"","background-repeat":"repeat","background-position":"center center","background-size":"auto","background-attachment":"scroll","background-type":"","background-media":"","overlay-type":"","overlay-color":"","overlay-opacity":"","overlay-gradient":""}},"footnotes":""},"class_list":["post-129029","page","type-page","status-publish","has-post-thumbnail","hentry"],"yoast_head":"<!-- This site is optimized with the Yoast SEO plugin v27.5 - https:\/\/yoast.com\/product\/yoast-seo-wordpress\/ -->\n<title>Services de traduction en fran\u00e7ais - Trusted Translations, Inc.<\/title>\n<meta name=\"description\" content=\"Trusted Translations\u00a0: Leader des services de traduction en fran\u00e7ais par des \u00e9quipes de traducteurs fran\u00e7ais experts. Demandez un devis ou une estimation gratuit(e).\" \/>\n<meta name=\"robots\" content=\"index, follow, max-snippet:-1, max-image-preview:large, max-video-preview:-1\" \/>\n<link rel=\"canonical\" href=\"https:\/\/www.trustedtranslations.com\/fr\/langues\/francais\" \/>\n<meta property=\"og:locale\" content=\"fr_FR\" \/>\n<meta property=\"og:type\" content=\"article\" \/>\n<meta property=\"og:title\" content=\"Services de traduction en fran\u00e7ais - Trusted Translations, Inc.\" \/>\n<meta property=\"og:description\" content=\"Trusted Translations\u00a0: Leader des services de traduction en fran\u00e7ais par des \u00e9quipes de traducteurs fran\u00e7ais experts. Demandez un devis ou une estimation gratuit(e).\" \/>\n<meta property=\"og:url\" content=\"https:\/\/www.trustedtranslations.com\/fr\/langues\/francais\" \/>\n<meta property=\"og:site_name\" content=\"Trusted Translations, Inc.\" \/>\n<meta property=\"article:publisher\" content=\"https:\/\/www.facebook.com\/Trusted.Translations\" \/>\n<meta property=\"article:modified_time\" content=\"2024-09-02T20:10:43+00:00\" \/>\n<meta property=\"og:image\" content=\"https:\/\/static.trustedtranslations.com\/wp-content\/uploads\/2022\/03\/TT_NEW_FB-1.png\" \/>\n\t<meta property=\"og:image:width\" content=\"1038\" \/>\n\t<meta property=\"og:image:height\" content=\"1038\" \/>\n\t<meta property=\"og:image:type\" content=\"image\/png\" \/>\n<meta name=\"twitter:card\" content=\"summary_large_image\" \/>\n<meta name=\"twitter:site\" content=\"@TrustedT9ns\" \/>\n<script type=\"application\/ld+json\" class=\"yoast-schema-graph\">{\"@context\":\"https:\\\/\\\/schema.org\",\"@graph\":[{\"@type\":\"WebPage\",\"@id\":\"https:\\\/\\\/www.trustedtranslations.com\\\/fr\\\/langues\\\/francais\",\"url\":\"https:\\\/\\\/www.trustedtranslations.com\\\/fr\\\/langues\\\/francais\",\"name\":\"Services de traduction en fran\u00e7ais - Trusted Translations, Inc.\",\"isPartOf\":{\"@id\":\"https:\\\/\\\/www.trustedtranslations.com\\\/fr\\\/#website\"},\"primaryImageOfPage\":{\"@id\":\"https:\\\/\\\/www.trustedtranslations.com\\\/fr\\\/langues\\\/francais#primaryimage\"},\"image\":{\"@id\":\"https:\\\/\\\/www.trustedtranslations.com\\\/fr\\\/langues\\\/francais#primaryimage\"},\"thumbnailUrl\":\"https:\\\/\\\/www.trustedtranslations.com\\\/wp-content\\\/uploads\\\/2022\\\/03\\\/TT_NEW_FB-1.png\",\"description\":\"Trusted Translations\u00a0: Leader des services de traduction en fran\u00e7ais par des \u00e9quipes de traducteurs fran\u00e7ais experts. Demandez un devis ou une estimation gratuit(e).\",\"breadcrumb\":{\"@id\":\"https:\\\/\\\/www.trustedtranslations.com\\\/fr\\\/langues\\\/francais#breadcrumb\"},\"inLanguage\":\"fr-FR\",\"potentialAction\":[{\"@type\":\"ReadAction\",\"target\":[\"https:\\\/\\\/www.trustedtranslations.com\\\/fr\\\/langues\\\/francais\"]}]},{\"@type\":\"ImageObject\",\"inLanguage\":\"fr-FR\",\"@id\":\"https:\\\/\\\/www.trustedtranslations.com\\\/fr\\\/langues\\\/francais#primaryimage\",\"url\":\"https:\\\/\\\/www.trustedtranslations.com\\\/wp-content\\\/uploads\\\/2022\\\/03\\\/TT_NEW_FB-1.png\",\"contentUrl\":\"https:\\\/\\\/www.trustedtranslations.com\\\/wp-content\\\/uploads\\\/2022\\\/03\\\/TT_NEW_FB-1.png\",\"width\":1038,\"height\":1038,\"caption\":\"TT NEW FB 1\"},{\"@type\":\"BreadcrumbList\",\"@id\":\"https:\\\/\\\/www.trustedtranslations.com\\\/fr\\\/langues\\\/francais#breadcrumb\",\"itemListElement\":[{\"@type\":\"ListItem\",\"position\":1,\"name\":\"Accueil\",\"item\":\"https:\\\/\\\/www.trustedtranslations.com\\\/fr\"},{\"@type\":\"ListItem\",\"position\":2,\"name\":\"Langues\",\"item\":\"https:\\\/\\\/www.trustedtranslations.com\\\/fr\\\/langues\"},{\"@type\":\"ListItem\",\"position\":3,\"name\":\"Fran\u00e7ais\"}]},{\"@type\":\"WebSite\",\"@id\":\"https:\\\/\\\/www.trustedtranslations.com\\\/fr\\\/#website\",\"url\":\"https:\\\/\\\/www.trustedtranslations.com\\\/fr\\\/\",\"name\":\"Trusted Translations, Inc.\",\"description\":\"Leader in translation and interpretation services.\",\"publisher\":{\"@id\":\"https:\\\/\\\/www.trustedtranslations.com\\\/fr\\\/#organization\"},\"alternateName\":\"Trusted Translations\",\"potentialAction\":[{\"@type\":\"SearchAction\",\"target\":{\"@type\":\"EntryPoint\",\"urlTemplate\":\"https:\\\/\\\/www.trustedtranslations.com\\\/fr\\\/?s={search_term_string}\"},\"query-input\":{\"@type\":\"PropertyValueSpecification\",\"valueRequired\":true,\"valueName\":\"search_term_string\"}}],\"inLanguage\":\"fr-FR\"},{\"@type\":\"Organization\",\"@id\":\"https:\\\/\\\/www.trustedtranslations.com\\\/fr\\\/#organization\",\"name\":\"Trusted Translations\",\"alternateName\":\"Trusted Translations, Inc.\",\"url\":\"https:\\\/\\\/www.trustedtranslations.com\\\/fr\\\/\",\"logo\":{\"@type\":\"ImageObject\",\"inLanguage\":\"fr-FR\",\"@id\":\"https:\\\/\\\/www.trustedtranslations.com\\\/fr\\\/#\\\/schema\\\/logo\\\/image\\\/\",\"url\":\"https:\\\/\\\/static.trustedtranslations.com\\\/wp-content\\\/uploads\\\/2022\\\/01\\\/TT_logo_WSIColors-2.png\",\"contentUrl\":\"https:\\\/\\\/static.trustedtranslations.com\\\/wp-content\\\/uploads\\\/2022\\\/01\\\/TT_logo_WSIColors-2.png\",\"width\":500,\"height\":196,\"caption\":\"Trusted Translations\"},\"image\":{\"@id\":\"https:\\\/\\\/www.trustedtranslations.com\\\/fr\\\/#\\\/schema\\\/logo\\\/image\\\/\"},\"sameAs\":[\"https:\\\/\\\/www.facebook.com\\\/Trusted.Translations\",\"https:\\\/\\\/x.com\\\/TrustedT9ns\",\"https:\\\/\\\/www.linkedin.com\\\/company\\\/trusted-translations\"]}]}<\/script>\n<!-- \/ Yoast SEO plugin. -->","yoast_head_json":{"title":"Services de traduction en fran\u00e7ais - Trusted Translations, Inc.","description":"Trusted Translations\u00a0: Leader des services de traduction en fran\u00e7ais par des \u00e9quipes de traducteurs fran\u00e7ais experts. Demandez un devis ou une estimation gratuit(e).","robots":{"index":"index","follow":"follow","max-snippet":"max-snippet:-1","max-image-preview":"max-image-preview:large","max-video-preview":"max-video-preview:-1"},"canonical":"https:\/\/www.trustedtranslations.com\/fr\/langues\/francais","og_locale":"fr_FR","og_type":"article","og_title":"Services de traduction en fran\u00e7ais - Trusted Translations, Inc.","og_description":"Trusted Translations\u00a0: Leader des services de traduction en fran\u00e7ais par des \u00e9quipes de traducteurs fran\u00e7ais experts. Demandez un devis ou une estimation gratuit(e).","og_url":"https:\/\/www.trustedtranslations.com\/fr\/langues\/francais","og_site_name":"Trusted Translations, Inc.","article_publisher":"https:\/\/www.facebook.com\/Trusted.Translations","article_modified_time":"2024-09-02T20:10:43+00:00","og_image":[{"width":1038,"height":1038,"url":"https:\/\/static.trustedtranslations.com\/wp-content\/uploads\/2022\/03\/TT_NEW_FB-1.png","type":"image\/png"}],"twitter_card":"summary_large_image","twitter_site":"@TrustedT9ns","schema":{"@context":"https:\/\/schema.org","@graph":[{"@type":"WebPage","@id":"https:\/\/www.trustedtranslations.com\/fr\/langues\/francais","url":"https:\/\/www.trustedtranslations.com\/fr\/langues\/francais","name":"Services de traduction en fran\u00e7ais - Trusted Translations, Inc.","isPartOf":{"@id":"https:\/\/www.trustedtranslations.com\/fr\/#website"},"primaryImageOfPage":{"@id":"https:\/\/www.trustedtranslations.com\/fr\/langues\/francais#primaryimage"},"image":{"@id":"https:\/\/www.trustedtranslations.com\/fr\/langues\/francais#primaryimage"},"thumbnailUrl":"https:\/\/www.trustedtranslations.com\/wp-content\/uploads\/2022\/03\/TT_NEW_FB-1.png","description":"Trusted Translations\u00a0: Leader des services de traduction en fran\u00e7ais par des \u00e9quipes de traducteurs fran\u00e7ais experts. Demandez un devis ou une estimation gratuit(e).","breadcrumb":{"@id":"https:\/\/www.trustedtranslations.com\/fr\/langues\/francais#breadcrumb"},"inLanguage":"fr-FR","potentialAction":[{"@type":"ReadAction","target":["https:\/\/www.trustedtranslations.com\/fr\/langues\/francais"]}]},{"@type":"ImageObject","inLanguage":"fr-FR","@id":"https:\/\/www.trustedtranslations.com\/fr\/langues\/francais#primaryimage","url":"https:\/\/www.trustedtranslations.com\/wp-content\/uploads\/2022\/03\/TT_NEW_FB-1.png","contentUrl":"https:\/\/www.trustedtranslations.com\/wp-content\/uploads\/2022\/03\/TT_NEW_FB-1.png","width":1038,"height":1038,"caption":"TT NEW FB 1"},{"@type":"BreadcrumbList","@id":"https:\/\/www.trustedtranslations.com\/fr\/langues\/francais#breadcrumb","itemListElement":[{"@type":"ListItem","position":1,"name":"Accueil","item":"https:\/\/www.trustedtranslations.com\/fr"},{"@type":"ListItem","position":2,"name":"Langues","item":"https:\/\/www.trustedtranslations.com\/fr\/langues"},{"@type":"ListItem","position":3,"name":"Fran\u00e7ais"}]},{"@type":"WebSite","@id":"https:\/\/www.trustedtranslations.com\/fr\/#website","url":"https:\/\/www.trustedtranslations.com\/fr\/","name":"Trusted Translations, Inc.","description":"Leader in translation and interpretation services.","publisher":{"@id":"https:\/\/www.trustedtranslations.com\/fr\/#organization"},"alternateName":"Trusted Translations","potentialAction":[{"@type":"SearchAction","target":{"@type":"EntryPoint","urlTemplate":"https:\/\/www.trustedtranslations.com\/fr\/?s={search_term_string}"},"query-input":{"@type":"PropertyValueSpecification","valueRequired":true,"valueName":"search_term_string"}}],"inLanguage":"fr-FR"},{"@type":"Organization","@id":"https:\/\/www.trustedtranslations.com\/fr\/#organization","name":"Trusted Translations","alternateName":"Trusted Translations, Inc.","url":"https:\/\/www.trustedtranslations.com\/fr\/","logo":{"@type":"ImageObject","inLanguage":"fr-FR","@id":"https:\/\/www.trustedtranslations.com\/fr\/#\/schema\/logo\/image\/","url":"https:\/\/static.trustedtranslations.com\/wp-content\/uploads\/2022\/01\/TT_logo_WSIColors-2.png","contentUrl":"https:\/\/static.trustedtranslations.com\/wp-content\/uploads\/2022\/01\/TT_logo_WSIColors-2.png","width":500,"height":196,"caption":"Trusted Translations"},"image":{"@id":"https:\/\/www.trustedtranslations.com\/fr\/#\/schema\/logo\/image\/"},"sameAs":["https:\/\/www.facebook.com\/Trusted.Translations","https:\/\/x.com\/TrustedT9ns","https:\/\/www.linkedin.com\/company\/trusted-translations"]}]}},"toolset-meta":{"dyk":{"mensaje-1":{"type":"textfield","raw":"Trusted Translations propose des traductions fran\u00e7aises de haute qualit\u00e9 aux prix les plus comp\u00e9titifs."},"mensaje-2":{"type":"textfield","raw":""},"mensaje-3":{"type":"textfield","raw":""},"mensaje-4":{"type":"textfield","raw":""},"mensaje-5":{"type":"textfield","raw":""},"mensaje-6":{"type":"textfield","raw":""}},"single-page-template-fields":{"imgs-temp":{"type":"image","raw":["https:\/\/static.trustedtranslations.com\/wp-content\/uploads\/2021\/12\/french-1.jpg"],"repeatable":[{"raw":"https:\/\/static.trustedtranslations.com\/wp-content\/uploads\/2021\/12\/french-1.jpg"}]},"imgs-temp-cel":{"type":"image","raw":[""],"repeatable":[{"raw":""}]},"img-temp-one-cel":{"type":"image","raw":"https:\/\/static.trustedtranslations.com\/wp-content\/uploads\/2024\/06\/eiffel-tower-paris-europe-1-1.webp","attachment_id":null},"quotes":{"type":"textarea","raw":"<h1 style=\"margin-bottom: 12px;\">Services de traduction en fran\u00e7ais<\/h1>Le fran\u00e7ais est la langue officielle de 29\u00a0pays sur les cinq continents. Longtemps \u00ab\u00a0langue internationale\u00a0\u00bb des affaires et de la diplomatie, y compris langue officielle de l'ONU et de l'Organisation mondiale du commerce, le fran\u00e7ais est un pilier de l\u2019industrie, du commerce et du tourisme, entre autres secteurs. Que ce soit en fran\u00e7ais europ\u00e9en, en fran\u00e7ais canadien ou dans d'autres variantes, Trusted Translations propose des traductions en fran\u00e7ais professionnelles, \u00e9conomiques et conformes aux lois linguistiques locales.<div style=\"margin-top: 2.5vw;\"><a class=\"tt-btn-main-cta\" href=\"\/fr\/devis-traduction\">Demandez un devis gratuit<\/a><\/div>"},"text-1":{"type":"textarea","raw":"<h2>Services de premier ordre de traduction en fran\u00e7ais<\/h2>\r\nNous fournissons des solutions de traduction professionnelle \u00e0 certaines des plus grandes entreprises et organisations du monde.\u00a0<em>Trusted Translations<\/em> est tr\u00e8s fier de fournir \u00e0 ses clients des traductions professionnelles en fran\u00e7ais canadien et europ\u00e9en de haute qualit\u00e9 \u00e0 des prix tr\u00e8s comp\u00e9titifs.\r\n\r\nNous sommes dans une position unique pour traiter tout type de projet de traduction professionnelle en fran\u00e7ais que vous pourriez avoir. Des petites start-ups aux grandes multinationales, <em>Trusted Translations<\/em> apporte \u00e0 votre organisation une vaste exp\u00e9rience dans les traductions professionnelles en fran\u00e7ais.\r\n<h2>La langue fran\u00e7aise<\/h2>\r\nLe fran\u00e7ais est l'une des langues romanes les plus parl\u00e9es. Alors qu'\u00e0 l'origine le fran\u00e7ais n'\u00e9tait parl\u00e9 qu'en France, il est aujourd'hui la langue officielle ou co-officielle de 29\u00a0 \u00c9tats ind\u00e9pendants, dont le Canada, la Belgique, la Suisse et plusieurs pays africains, ainsi que de nombreuses organisations intergouvernementales.\r\n\r\nPlus de 275\u00a0millions de personnes dans le monde parlent fran\u00e7ais. La prononciation et l'usage de la langue fran\u00e7aise parl\u00e9e ont des variantes naturelles selon le pays, mais les diff\u00e9rences r\u00e9gionales ne sont pas assez importantes pour rendre la langue inintelligible aux locuteurs de r\u00e9gions diff\u00e9rentes.\r\n\r\nLa qualit\u00e9 de vos traductions fran\u00e7aises est un reflet direct de vous et de votre entreprise. En tant que principal fournisseur de traductions professionnelles depuis et vers le fran\u00e7ais, nous nous concentrons sur ce que nous faisons le mieux, pour vous permettre ainsi de faire ce que vous faites le mieux.\r\n\r\nQuel que soit le type de contenu de vos traductions en fran\u00e7ais, nous disposons d'\u00e9quipes de traducteurs professionnels sp\u00e9cialis\u00e9s dans diff\u00e9rents domaines. Ces \u00e9quipes sont notamment sp\u00e9cialis\u00e9es dans les domaines suivants\u00a0: finance, informatique, ventes, marketing, m\u00e9dias, droit, voyages, logiciels, communications avec les consommateurs, commerce, t\u00e9l\u00e9communications, entreprises, technique, relations publiques, m\u00e9decine et services de sant\u00e9, gouvernement, assurances et litt\u00e9rature."},"shortcode-map":{"type":"textfield","raw":""},"dyk-shortcode":{"type":"textfield","raw":"[elementor-template id=\"146546\"]"},"text-2":{"type":"textarea","raw":"<h2>Traduction anglais - espagnol - fran\u00e7ais<\/h2>\r\nBien que nous soyons sp\u00e9cialis\u00e9s dans les services de traduction anglais-fran\u00e7ais et espagnol-fran\u00e7ais, nous traduisons fr\u00e9quemment des documents fran\u00e7ais vers et depuis le portugais, l'allemand, l'italien, le cor\u00e9en, le chinois et le japonais, en faisant appel \u00e0 des traducteurs du fran\u00e7ais exp\u00e9riment\u00e9s, natifs et sp\u00e9cifiques \u00e0 l'industrie.\r\n<h2>Traduction en fran\u00e7ais canadien et en fran\u00e7ais europ\u00e9en<\/h2>\r\nNous sommes fiers de notre excellente r\u00e9putation en mati\u00e8re de traductions fiables et de haute qualit\u00e9 de l'anglais vers le fran\u00e7ais, de l'espagnol vers le fran\u00e7ais, du fran\u00e7ais vers l'anglais et du fran\u00e7ais vers l'espagnol. Nous avons r\u00e9uni des \u00e9quipes de traducteurs fran\u00e7ais du monde entier, avec un large \u00e9ventail de comp\u00e9tences et de sp\u00e9cialit\u00e9s, travaillant avec le fran\u00e7ais canadien, le fran\u00e7ais europ\u00e9en ainsi que d'autres variantes. Nous adaptons les connaissances et les forces de nos \u00e9quipes de traducteurs fran\u00e7ais \u00e0 votre projet sp\u00e9cifique et aux besoins sp\u00e9cifiques de votre march\u00e9 francophone.\r\n<h2>\u00c9quipes de traducteurs fran\u00e7ais experts<\/h2>\r\nLe service fourni par nos \u00e9quipes professionnelles de traduction en fran\u00e7ais comprend la r\u00e9vision et la relecture par un expert ind\u00e9pendant sans frais suppl\u00e9mentaires. Nos \u00e9quipes de professionnels proposent \u00e9galement la r\u00e9vision et la relecture en fran\u00e7ais de traductions r\u00e9alis\u00e9es par d'autres prestataires."},"state":{"type":"textfield","raw":""},"city":{"type":"textarea","raw":[]}}},"_links":{"self":[{"href":"https:\/\/www.trustedtranslations.com\/fr\/wp-json\/wp\/v2\/pages\/129029","targetHints":{"allow":["GET"]}}],"collection":[{"href":"https:\/\/www.trustedtranslations.com\/fr\/wp-json\/wp\/v2\/pages"}],"about":[{"href":"https:\/\/www.trustedtranslations.com\/fr\/wp-json\/wp\/v2\/types\/page"}],"author":[{"embeddable":true,"href":"https:\/\/www.trustedtranslations.com\/fr\/wp-json\/wp\/v2\/users\/1"}],"replies":[{"embeddable":true,"href":"https:\/\/www.trustedtranslations.com\/fr\/wp-json\/wp\/v2\/comments?post=129029"}],"version-history":[{"count":0,"href":"https:\/\/www.trustedtranslations.com\/fr\/wp-json\/wp\/v2\/pages\/129029\/revisions"}],"up":[{"embeddable":true,"href":"https:\/\/www.trustedtranslations.com\/fr\/wp-json\/wp\/v2\/pages\/129037"}],"wp:featuredmedia":[{"embeddable":true,"href":"https:\/\/www.trustedtranslations.com\/fr\/wp-json\/wp\/v2\/media\/139627"}],"wp:attachment":[{"href":"https:\/\/www.trustedtranslations.com\/fr\/wp-json\/wp\/v2\/media?parent=129029"}],"curies":[{"name":"wp","href":"https:\/\/api.w.org\/{rel}","templated":true}]}}