{"id":129033,"date":"2018-07-26T17:04:17","date_gmt":"2018-07-26T17:04:17","guid":{"rendered":"https:\/\/www.trustedtranslations.com\/?page_id=129033"},"modified":"2024-09-02T15:11:28","modified_gmt":"2024-09-02T18:11:28","slug":"neerlandais","status":"publish","type":"page","link":"https:\/\/www.trustedtranslations.com\/fr\/langues\/neerlandais","title":{"rendered":"N\u00e9erlandais"},"content":{"rendered":"","protected":false},"excerpt":{"rendered":"","protected":false},"author":1,"featured_media":139627,"parent":129037,"menu_order":0,"comment_status":"closed","ping_status":"closed","template":"","meta":{"site-sidebar-layout":"default","site-content-layout":"default","ast-site-content-layout":"default","site-content-style":"default","site-sidebar-style":"default","ast-global-header-display":"","ast-banner-title-visibility":"","ast-main-header-display":"","ast-hfb-above-header-display":"","ast-hfb-below-header-display":"","ast-hfb-mobile-header-display":"","site-post-title":"disabled","ast-breadcrumbs-content":"","ast-featured-img":"","footer-sml-layout":"","ast-disable-related-posts":"","theme-transparent-header-meta":"default","adv-header-id-meta":"","stick-header-meta":"","header-above-stick-meta":"","header-main-stick-meta":"","header-below-stick-meta":"","astra-migrate-meta-layouts":"set","ast-page-background-enabled":"default","ast-page-background-meta":{"desktop":{"background-color":"var(--ast-global-color-4)","background-image":"","background-repeat":"repeat","background-position":"center center","background-size":"auto","background-attachment":"scroll","background-type":"","background-media":"","overlay-type":"","overlay-color":"","overlay-opacity":"","overlay-gradient":""},"tablet":{"background-color":"","background-image":"","background-repeat":"repeat","background-position":"center center","background-size":"auto","background-attachment":"scroll","background-type":"","background-media":"","overlay-type":"","overlay-color":"","overlay-opacity":"","overlay-gradient":""},"mobile":{"background-color":"","background-image":"","background-repeat":"repeat","background-position":"center center","background-size":"auto","background-attachment":"scroll","background-type":"","background-media":"","overlay-type":"","overlay-color":"","overlay-opacity":"","overlay-gradient":""}},"ast-content-background-meta":{"desktop":{"background-color":"var(--ast-global-color-5)","background-image":"","background-repeat":"repeat","background-position":"center center","background-size":"auto","background-attachment":"scroll","background-type":"","background-media":"","overlay-type":"","overlay-color":"","overlay-opacity":"","overlay-gradient":""},"tablet":{"background-color":"var(--ast-global-color-5)","background-image":"","background-repeat":"repeat","background-position":"center center","background-size":"auto","background-attachment":"scroll","background-type":"","background-media":"","overlay-type":"","overlay-color":"","overlay-opacity":"","overlay-gradient":""},"mobile":{"background-color":"var(--ast-global-color-5)","background-image":"","background-repeat":"repeat","background-position":"center center","background-size":"auto","background-attachment":"scroll","background-type":"","background-media":"","overlay-type":"","overlay-color":"","overlay-opacity":"","overlay-gradient":""}},"footnotes":""},"class_list":["post-129033","page","type-page","status-publish","has-post-thumbnail","hentry"],"yoast_head":"<!-- This site is optimized with the Yoast SEO plugin v27.3 - https:\/\/yoast.com\/product\/yoast-seo-wordpress\/ -->\n<title>Services de traduction en n\u00e9erlandais - Trusted Translations, Inc.<\/title>\n<meta name=\"description\" content=\"Trusted Translations Inc. - Services de traduction experts en n\u00e9erlandais. Nos traducteurs assurent des traductions pr\u00e9cises et fluides adapt\u00e9es \u00e0 vos besoins. Obtenir un devis gratuit.\" \/>\n<meta name=\"robots\" content=\"index, follow, max-snippet:-1, max-image-preview:large, max-video-preview:-1\" \/>\n<link rel=\"canonical\" href=\"https:\/\/www.trustedtranslations.com\/fr\/langues\/neerlandais\" \/>\n<meta property=\"og:locale\" content=\"fr_FR\" \/>\n<meta property=\"og:type\" content=\"article\" \/>\n<meta property=\"og:title\" content=\"Services de traduction en n\u00e9erlandais - Trusted Translations, Inc.\" \/>\n<meta property=\"og:description\" content=\"Trusted Translations Inc. - Services de traduction experts en n\u00e9erlandais. Nos traducteurs assurent des traductions pr\u00e9cises et fluides adapt\u00e9es \u00e0 vos besoins. Obtenir un devis gratuit.\" \/>\n<meta property=\"og:url\" content=\"https:\/\/www.trustedtranslations.com\/fr\/langues\/neerlandais\" \/>\n<meta property=\"og:site_name\" content=\"Trusted Translations, Inc.\" \/>\n<meta property=\"article:publisher\" content=\"https:\/\/www.facebook.com\/Trusted.Translations\" \/>\n<meta property=\"article:modified_time\" content=\"2024-09-02T18:11:28+00:00\" \/>\n<meta property=\"og:image\" content=\"https:\/\/static.trustedtranslations.com\/wp-content\/uploads\/2022\/03\/TT_NEW_FB-1.png\" \/>\n\t<meta property=\"og:image:width\" content=\"1038\" \/>\n\t<meta property=\"og:image:height\" content=\"1038\" \/>\n\t<meta property=\"og:image:type\" content=\"image\/png\" \/>\n<meta name=\"twitter:card\" content=\"summary_large_image\" \/>\n<meta name=\"twitter:site\" content=\"@TrustedT9ns\" \/>\n<script type=\"application\/ld+json\" class=\"yoast-schema-graph\">{\"@context\":\"https:\\\/\\\/schema.org\",\"@graph\":[{\"@type\":\"WebPage\",\"@id\":\"https:\\\/\\\/www.trustedtranslations.com\\\/fr\\\/langues\\\/neerlandais\",\"url\":\"https:\\\/\\\/www.trustedtranslations.com\\\/fr\\\/langues\\\/neerlandais\",\"name\":\"Services de traduction en n\u00e9erlandais - Trusted Translations, Inc.\",\"isPartOf\":{\"@id\":\"https:\\\/\\\/www.trustedtranslations.com\\\/fr\\\/#website\"},\"primaryImageOfPage\":{\"@id\":\"https:\\\/\\\/www.trustedtranslations.com\\\/fr\\\/langues\\\/neerlandais#primaryimage\"},\"image\":{\"@id\":\"https:\\\/\\\/www.trustedtranslations.com\\\/fr\\\/langues\\\/neerlandais#primaryimage\"},\"thumbnailUrl\":\"https:\\\/\\\/www.trustedtranslations.com\\\/wp-content\\\/uploads\\\/2022\\\/03\\\/TT_NEW_FB-1.png\",\"description\":\"Trusted Translations Inc. - Services de traduction experts en n\u00e9erlandais. Nos traducteurs assurent des traductions pr\u00e9cises et fluides adapt\u00e9es \u00e0 vos besoins. Obtenir un devis gratuit.\",\"breadcrumb\":{\"@id\":\"https:\\\/\\\/www.trustedtranslations.com\\\/fr\\\/langues\\\/neerlandais#breadcrumb\"},\"inLanguage\":\"fr-FR\",\"potentialAction\":[{\"@type\":\"ReadAction\",\"target\":[\"https:\\\/\\\/www.trustedtranslations.com\\\/fr\\\/langues\\\/neerlandais\"]}]},{\"@type\":\"ImageObject\",\"inLanguage\":\"fr-FR\",\"@id\":\"https:\\\/\\\/www.trustedtranslations.com\\\/fr\\\/langues\\\/neerlandais#primaryimage\",\"url\":\"https:\\\/\\\/www.trustedtranslations.com\\\/wp-content\\\/uploads\\\/2022\\\/03\\\/TT_NEW_FB-1.png\",\"contentUrl\":\"https:\\\/\\\/www.trustedtranslations.com\\\/wp-content\\\/uploads\\\/2022\\\/03\\\/TT_NEW_FB-1.png\",\"width\":1038,\"height\":1038,\"caption\":\"TT NEW FB 1\"},{\"@type\":\"BreadcrumbList\",\"@id\":\"https:\\\/\\\/www.trustedtranslations.com\\\/fr\\\/langues\\\/neerlandais#breadcrumb\",\"itemListElement\":[{\"@type\":\"ListItem\",\"position\":1,\"name\":\"Accueil\",\"item\":\"https:\\\/\\\/www.trustedtranslations.com\\\/fr\"},{\"@type\":\"ListItem\",\"position\":2,\"name\":\"Langues\",\"item\":\"https:\\\/\\\/www.trustedtranslations.com\\\/fr\\\/langues\"},{\"@type\":\"ListItem\",\"position\":3,\"name\":\"N\u00e9erlandais\"}]},{\"@type\":\"WebSite\",\"@id\":\"https:\\\/\\\/www.trustedtranslations.com\\\/fr\\\/#website\",\"url\":\"https:\\\/\\\/www.trustedtranslations.com\\\/fr\\\/\",\"name\":\"Trusted Translations, Inc.\",\"description\":\"Leader in translation and interpretation services.\",\"publisher\":{\"@id\":\"https:\\\/\\\/www.trustedtranslations.com\\\/fr\\\/#organization\"},\"alternateName\":\"Trusted Translations\",\"potentialAction\":[{\"@type\":\"SearchAction\",\"target\":{\"@type\":\"EntryPoint\",\"urlTemplate\":\"https:\\\/\\\/www.trustedtranslations.com\\\/fr\\\/?s={search_term_string}\"},\"query-input\":{\"@type\":\"PropertyValueSpecification\",\"valueRequired\":true,\"valueName\":\"search_term_string\"}}],\"inLanguage\":\"fr-FR\"},{\"@type\":\"Organization\",\"@id\":\"https:\\\/\\\/www.trustedtranslations.com\\\/fr\\\/#organization\",\"name\":\"Trusted Translations\",\"alternateName\":\"Trusted Translations, Inc.\",\"url\":\"https:\\\/\\\/www.trustedtranslations.com\\\/fr\\\/\",\"logo\":{\"@type\":\"ImageObject\",\"inLanguage\":\"fr-FR\",\"@id\":\"https:\\\/\\\/www.trustedtranslations.com\\\/fr\\\/#\\\/schema\\\/logo\\\/image\\\/\",\"url\":\"https:\\\/\\\/static.trustedtranslations.com\\\/wp-content\\\/uploads\\\/2022\\\/01\\\/TT_logo_WSIColors-2.png\",\"contentUrl\":\"https:\\\/\\\/static.trustedtranslations.com\\\/wp-content\\\/uploads\\\/2022\\\/01\\\/TT_logo_WSIColors-2.png\",\"width\":500,\"height\":196,\"caption\":\"Trusted Translations\"},\"image\":{\"@id\":\"https:\\\/\\\/www.trustedtranslations.com\\\/fr\\\/#\\\/schema\\\/logo\\\/image\\\/\"},\"sameAs\":[\"https:\\\/\\\/www.facebook.com\\\/Trusted.Translations\",\"https:\\\/\\\/x.com\\\/TrustedT9ns\",\"https:\\\/\\\/www.linkedin.com\\\/company\\\/trusted-translations\"]}]}<\/script>\n<!-- \/ Yoast SEO plugin. -->","yoast_head_json":{"title":"Services de traduction en n\u00e9erlandais - Trusted Translations, Inc.","description":"Trusted Translations Inc. - Services de traduction experts en n\u00e9erlandais. Nos traducteurs assurent des traductions pr\u00e9cises et fluides adapt\u00e9es \u00e0 vos besoins. Obtenir un devis gratuit.","robots":{"index":"index","follow":"follow","max-snippet":"max-snippet:-1","max-image-preview":"max-image-preview:large","max-video-preview":"max-video-preview:-1"},"canonical":"https:\/\/www.trustedtranslations.com\/fr\/langues\/neerlandais","og_locale":"fr_FR","og_type":"article","og_title":"Services de traduction en n\u00e9erlandais - Trusted Translations, Inc.","og_description":"Trusted Translations Inc. - Services de traduction experts en n\u00e9erlandais. Nos traducteurs assurent des traductions pr\u00e9cises et fluides adapt\u00e9es \u00e0 vos besoins. Obtenir un devis gratuit.","og_url":"https:\/\/www.trustedtranslations.com\/fr\/langues\/neerlandais","og_site_name":"Trusted Translations, Inc.","article_publisher":"https:\/\/www.facebook.com\/Trusted.Translations","article_modified_time":"2024-09-02T18:11:28+00:00","og_image":[{"width":1038,"height":1038,"url":"https:\/\/static.trustedtranslations.com\/wp-content\/uploads\/2022\/03\/TT_NEW_FB-1.png","type":"image\/png"}],"twitter_card":"summary_large_image","twitter_site":"@TrustedT9ns","schema":{"@context":"https:\/\/schema.org","@graph":[{"@type":"WebPage","@id":"https:\/\/www.trustedtranslations.com\/fr\/langues\/neerlandais","url":"https:\/\/www.trustedtranslations.com\/fr\/langues\/neerlandais","name":"Services de traduction en n\u00e9erlandais - Trusted Translations, Inc.","isPartOf":{"@id":"https:\/\/www.trustedtranslations.com\/fr\/#website"},"primaryImageOfPage":{"@id":"https:\/\/www.trustedtranslations.com\/fr\/langues\/neerlandais#primaryimage"},"image":{"@id":"https:\/\/www.trustedtranslations.com\/fr\/langues\/neerlandais#primaryimage"},"thumbnailUrl":"https:\/\/www.trustedtranslations.com\/wp-content\/uploads\/2022\/03\/TT_NEW_FB-1.png","description":"Trusted Translations Inc. - Services de traduction experts en n\u00e9erlandais. Nos traducteurs assurent des traductions pr\u00e9cises et fluides adapt\u00e9es \u00e0 vos besoins. Obtenir un devis gratuit.","breadcrumb":{"@id":"https:\/\/www.trustedtranslations.com\/fr\/langues\/neerlandais#breadcrumb"},"inLanguage":"fr-FR","potentialAction":[{"@type":"ReadAction","target":["https:\/\/www.trustedtranslations.com\/fr\/langues\/neerlandais"]}]},{"@type":"ImageObject","inLanguage":"fr-FR","@id":"https:\/\/www.trustedtranslations.com\/fr\/langues\/neerlandais#primaryimage","url":"https:\/\/www.trustedtranslations.com\/wp-content\/uploads\/2022\/03\/TT_NEW_FB-1.png","contentUrl":"https:\/\/www.trustedtranslations.com\/wp-content\/uploads\/2022\/03\/TT_NEW_FB-1.png","width":1038,"height":1038,"caption":"TT NEW FB 1"},{"@type":"BreadcrumbList","@id":"https:\/\/www.trustedtranslations.com\/fr\/langues\/neerlandais#breadcrumb","itemListElement":[{"@type":"ListItem","position":1,"name":"Accueil","item":"https:\/\/www.trustedtranslations.com\/fr"},{"@type":"ListItem","position":2,"name":"Langues","item":"https:\/\/www.trustedtranslations.com\/fr\/langues"},{"@type":"ListItem","position":3,"name":"N\u00e9erlandais"}]},{"@type":"WebSite","@id":"https:\/\/www.trustedtranslations.com\/fr\/#website","url":"https:\/\/www.trustedtranslations.com\/fr\/","name":"Trusted Translations, Inc.","description":"Leader in translation and interpretation services.","publisher":{"@id":"https:\/\/www.trustedtranslations.com\/fr\/#organization"},"alternateName":"Trusted Translations","potentialAction":[{"@type":"SearchAction","target":{"@type":"EntryPoint","urlTemplate":"https:\/\/www.trustedtranslations.com\/fr\/?s={search_term_string}"},"query-input":{"@type":"PropertyValueSpecification","valueRequired":true,"valueName":"search_term_string"}}],"inLanguage":"fr-FR"},{"@type":"Organization","@id":"https:\/\/www.trustedtranslations.com\/fr\/#organization","name":"Trusted Translations","alternateName":"Trusted Translations, Inc.","url":"https:\/\/www.trustedtranslations.com\/fr\/","logo":{"@type":"ImageObject","inLanguage":"fr-FR","@id":"https:\/\/www.trustedtranslations.com\/fr\/#\/schema\/logo\/image\/","url":"https:\/\/static.trustedtranslations.com\/wp-content\/uploads\/2022\/01\/TT_logo_WSIColors-2.png","contentUrl":"https:\/\/static.trustedtranslations.com\/wp-content\/uploads\/2022\/01\/TT_logo_WSIColors-2.png","width":500,"height":196,"caption":"Trusted Translations"},"image":{"@id":"https:\/\/www.trustedtranslations.com\/fr\/#\/schema\/logo\/image\/"},"sameAs":["https:\/\/www.facebook.com\/Trusted.Translations","https:\/\/x.com\/TrustedT9ns","https:\/\/www.linkedin.com\/company\/trusted-translations"]}]}},"toolset-meta":{"dyk":{"mensaje-1":{"type":"textfield","raw":"Nous sommes l'une des rares entreprises de traduction \u00e0 compter dans ses rangs des traducteurs de langue maternelle n\u00e9erlandaise."},"mensaje-2":{"type":"textfield","raw":""},"mensaje-3":{"type":"textfield","raw":"Bien que consid\u00e9r\u00e9s comme la m\u00eame langue, le flamand et le n\u00e9erlandais pr\u00e9sentent des diff\u00e9rences subtiles."},"mensaje-4":{"type":"textfield","raw":"Trusted Translations propose des traductions n\u00e9erlandaises de haute qualit\u00e9 aux prix les plus comp\u00e9titifs."},"mensaje-5":{"type":"textfield","raw":""},"mensaje-6":{"type":"textfield","raw":""}},"single-page-template-fields":{"imgs-temp":{"type":"image","raw":["https:\/\/static.trustedtranslations.com\/wp-content\/uploads\/2024\/05\/dutch-1-1.webp","https:\/\/static.trustedtranslations.com\/wp-content\/uploads\/2024\/05\/dutch-2-1.webp"],"repeatable":[{"raw":"https:\/\/static.trustedtranslations.com\/wp-content\/uploads\/2024\/05\/dutch-1-1.webp"},{"raw":"https:\/\/static.trustedtranslations.com\/wp-content\/uploads\/2024\/05\/dutch-2-1.webp"}]},"imgs-temp-cel":{"type":"image","raw":[""],"repeatable":[{"raw":""}]},"img-temp-one-cel":{"type":"image","raw":"https:\/\/static.trustedtranslations.com\/wp-content\/uploads\/2024\/05\/image-9-1.webp","attachment_id":null},"quotes":{"type":"textarea","raw":"<h1 style=\"margin-bottom: 12px;\">Services de traduction en n\u00e9erlandais<\/h1>\r\nLe n\u00e9erlandais compte environ 23\u00a0millions de locuteurs natifs dans le monde, concentr\u00e9s aux Pays-Bas, en Belgique et au Suriname. Le n\u00e9erlandais est essentiel pour p\u00e9n\u00e9trer ces nouveaux march\u00e9s, en particulier les Pays-Bas, l'un des principaux pays de l'UE en mati\u00e8re de connectivit\u00e9 num\u00e9rique et d'innovation. <em>Trusted Translations<\/em> fournit des traducteurs n\u00e9erlandais professionnels qui connaissent bien la langue n\u00e9erlandaise, ainsi que les distinctions cruciales entre le n\u00e9erlandais g\u00e9n\u00e9rique et le flamand.\r\n<div style=\"margin-top: 2.5vw;\"><a class=\"tt-btn-main-cta\" href=\"https:\/\/www.trustedtranslations.com\/fr\/devis-traduction\">Demandez un devis gratuit<\/a><\/div>"},"text-1":{"type":"textarea","raw":"<h2>Traductions professionnelles de haute qualit\u00e9 en n\u00e9erlandais<\/h2>\r\n<em>Trusted Translations<\/em> est tr\u00e8s fier de fournir des traductions n\u00e9erlandaises professionnelles de haute qualit\u00e9 \u00e0 des prix comp\u00e9titifs.\r\n\r\nNombre de nos clients comptent parmi les plus grandes entreprises et organisations du monde\u00a0; nous sommes donc dans une position unique pour traiter tout type de projet de traduction professionnelle en n\u00e9erlandais que vous pourriez avoir. Des petites start-ups aux grandes multinationales, <em>Trusted Translations<\/em> apporte \u00e0 votre organisation une vaste exp\u00e9rience dans les traductions professionnelles en n\u00e9erlandais.\r\n<h2 style=\"margin-bottom:20px\">Traduction n\u00e9erlandaise et traduction flamande<\/h2>\r\nLe groupe linguistique n\u00e9erlandais et flamand comprend plus de 25\u00a0millions de locuteurs natifs qui font partie d'une r\u00e9gion \u00e9conomiquement puissante qui englobe la Belgique et les Pays-Bas. En outre, la Belgique et les Pays-Bas ont toujours jou\u00e9 un r\u00f4le central dans l'Union europ\u00e9enne, d\u2019un point de vue tant historique que g\u00e9ographique. La r\u00e9gion des Flandres en Belgique et la r\u00e9gion de Randstad (compos\u00e9e d'Amsterdam et de Rotterdam, entre autres villes) aux Pays-Bas sont des carrefours industriels et logistiques en plein essor avec certains des plus grands ports du monde, et un vaste r\u00e9seau d'autoroutes et de voies de contournement.\r\n\r\nBien qu\u2019il s\u2019agisse techniquement de la m\u00eame langue, il existe des diff\u00e9rences notables entre le n\u00e9erlandais (parl\u00e9 aux Pays-Bas) et le flamand (parl\u00e9 dans la partie nord de la Belgique, connue sous le nom de Flandre). D'un point de vue \u00ab\u00a0technique\u00a0\u00bb, le flamand et le n\u00e9erlandais sont identiques. Cependant, d'un point de vue culturel, le n\u00e9erlandais et le flamand ont des diff\u00e9rences qui sont similaires \u00e0 celles existant entre l\u2019anglais des \u00c9tats-Unis et l\u2019anglais du Royaume Uni.\r\n\r\nDans le cas du n\u00e9erlandais et du flamand, la diff\u00e9rence se trouve dans l'usage des mots et leur sens. En fait, il n'y a pas de diff\u00e9rences orthographiques ou grammaticales entre les deux variantes linguistiques. Alors qu'une langue n\u00e9erlandaise relativement uniforme est parl\u00e9e aux Pays-Bas et en Flandre, des diff\u00e9rences existent. Chez <em>Trusted Translations<\/em>, nous comprenons ces diff\u00e9rences subtiles mais importantes et veillerons \u00e0 ce que vos traductions n\u00e9erlandaises ou flamandes soient adapt\u00e9es \u00e0 votre public cible."},"shortcode-map":{"type":"textfield","raw":""},"dyk-shortcode":{"type":"textfield","raw":"[elementor-template id=\"146546\"]"},"text-2":{"type":"textarea","raw":"<h2 style=\"margin-bottom:20px\">Traduction de l'anglais vers le n\u00e9erlandais et de l'espagnol vers le n\u00e9erlandais<\/h2>\r\nLa communication fluide en n\u00e9erlandais est une comp\u00e9tence essentielle pour toute entreprise cherchant \u00e0 r\u00e9ussir au XXIe si\u00e8cle. La qualit\u00e9 de vos traductions n\u00e9erlandaises est un reflet direct de vous et de votre entreprise. En tant que principal fournisseur de traductions professionnelles depuis et vers le n\u00e9erlandais, nous nous concentrons sur ce que nous faisons de mieux, pour vous permettre de faire ce que vous faites de mieux.\r\n\r\nQuel que soit le type de contenu de vos traductions en n\u00e9erlandais, nous disposons d'\u00e9quipes de traducteurs professionnels sp\u00e9cialis\u00e9s dans diff\u00e9rents domaines. Ces \u00e9quipes sont notamment sp\u00e9cialis\u00e9es dans les domaines suivants\u00a0: finance, informatique, ventes, marketing, m\u00e9dias, droit, voyages, logiciels, communications avec les consommateurs, commerce, t\u00e9l\u00e9communications, entreprises, technique, relations publiques, m\u00e9decine et services de sant\u00e9, gouvernement, assurances et litt\u00e9rature.\r\n\r\nBien que nous soyons sp\u00e9cialis\u00e9s dans les services de traduction de l'anglais vers le n\u00e9erlandais et de l'espagnol vers le n\u00e9erlandais, nous traduisons fr\u00e9quemment des documents en n\u00e9erlandais depuis et vers le fran\u00e7ais, l'allemand, l'italien, le cor\u00e9en, le chinois et le japonais en ayant recours \u00e0 des traducteurs n\u00e9erlandais exp\u00e9riment\u00e9s, natifs et sp\u00e9cialis\u00e9s pour chaque secteur.\r\n<h2 style=\"margin-bottom:20px\">\u00c9quipes de traducteurs experts du n\u00e9erlandais<\/h2>\r\nLe service assur\u00e9 par nos \u00e9quipes de traducteurs professionnels du n\u00e9erlandais et du flamand comprend la r\u00e9vision et la relecture par des experts ind\u00e9pendants, sans frais suppl\u00e9mentaires. Nos \u00e9quipes de professionnels proposent \u00e9galement la r\u00e9vision et la relecture en n\u00e9erlandais de traductions r\u00e9alis\u00e9es par d'autres prestataires."},"state":{"type":"textfield","raw":""},"city":{"type":"textarea","raw":[]}}},"_links":{"self":[{"href":"https:\/\/www.trustedtranslations.com\/fr\/wp-json\/wp\/v2\/pages\/129033","targetHints":{"allow":["GET"]}}],"collection":[{"href":"https:\/\/www.trustedtranslations.com\/fr\/wp-json\/wp\/v2\/pages"}],"about":[{"href":"https:\/\/www.trustedtranslations.com\/fr\/wp-json\/wp\/v2\/types\/page"}],"author":[{"embeddable":true,"href":"https:\/\/www.trustedtranslations.com\/fr\/wp-json\/wp\/v2\/users\/1"}],"replies":[{"embeddable":true,"href":"https:\/\/www.trustedtranslations.com\/fr\/wp-json\/wp\/v2\/comments?post=129033"}],"version-history":[{"count":0,"href":"https:\/\/www.trustedtranslations.com\/fr\/wp-json\/wp\/v2\/pages\/129033\/revisions"}],"up":[{"embeddable":true,"href":"https:\/\/www.trustedtranslations.com\/fr\/wp-json\/wp\/v2\/pages\/129037"}],"wp:featuredmedia":[{"embeddable":true,"href":"https:\/\/www.trustedtranslations.com\/fr\/wp-json\/wp\/v2\/media\/139627"}],"wp:attachment":[{"href":"https:\/\/www.trustedtranslations.com\/fr\/wp-json\/wp\/v2\/media?parent=129033"}],"curies":[{"name":"wp","href":"https:\/\/api.w.org\/{rel}","templated":true}]}}