{"id":129037,"date":"2018-07-26T17:04:11","date_gmt":"2018-07-26T17:04:11","guid":{"rendered":"https:\/\/www.trustedtranslations.com\/?page_id=129037"},"modified":"2024-09-03T15:46:33","modified_gmt":"2024-09-03T18:46:33","slug":"langues","status":"publish","type":"page","link":"https:\/\/www.trustedtranslations.com\/fr\/langues","title":{"rendered":"Langues"},"content":{"rendered":"","protected":false},"excerpt":{"rendered":"","protected":false},"author":1,"featured_media":139627,"parent":0,"menu_order":30,"comment_status":"closed","ping_status":"closed","template":"","meta":{"site-sidebar-layout":"default","site-content-layout":"default","ast-site-content-layout":"default","site-content-style":"default","site-sidebar-style":"default","ast-global-header-display":"","ast-banner-title-visibility":"","ast-main-header-display":"","ast-hfb-above-header-display":"","ast-hfb-below-header-display":"","ast-hfb-mobile-header-display":"","site-post-title":"disabled","ast-breadcrumbs-content":"","ast-featured-img":"","footer-sml-layout":"","ast-disable-related-posts":"","theme-transparent-header-meta":"default","adv-header-id-meta":"","stick-header-meta":"","header-above-stick-meta":"","header-main-stick-meta":"","header-below-stick-meta":"","astra-migrate-meta-layouts":"set","ast-page-background-enabled":"default","ast-page-background-meta":{"desktop":{"background-color":"var(--ast-global-color-4)","background-image":"","background-repeat":"repeat","background-position":"center center","background-size":"auto","background-attachment":"scroll","background-type":"","background-media":"","overlay-type":"","overlay-color":"","overlay-opacity":"","overlay-gradient":""},"tablet":{"background-color":"","background-image":"","background-repeat":"repeat","background-position":"center center","background-size":"auto","background-attachment":"scroll","background-type":"","background-media":"","overlay-type":"","overlay-color":"","overlay-opacity":"","overlay-gradient":""},"mobile":{"background-color":"","background-image":"","background-repeat":"repeat","background-position":"center center","background-size":"auto","background-attachment":"scroll","background-type":"","background-media":"","overlay-type":"","overlay-color":"","overlay-opacity":"","overlay-gradient":""}},"ast-content-background-meta":{"desktop":{"background-color":"var(--ast-global-color-5)","background-image":"","background-repeat":"repeat","background-position":"center center","background-size":"auto","background-attachment":"scroll","background-type":"","background-media":"","overlay-type":"","overlay-color":"","overlay-opacity":"","overlay-gradient":""},"tablet":{"background-color":"var(--ast-global-color-5)","background-image":"","background-repeat":"repeat","background-position":"center center","background-size":"auto","background-attachment":"scroll","background-type":"","background-media":"","overlay-type":"","overlay-color":"","overlay-opacity":"","overlay-gradient":""},"mobile":{"background-color":"var(--ast-global-color-5)","background-image":"","background-repeat":"repeat","background-position":"center center","background-size":"auto","background-attachment":"scroll","background-type":"","background-media":"","overlay-type":"","overlay-color":"","overlay-opacity":"","overlay-gradient":""}},"footnotes":""},"class_list":["post-129037","page","type-page","status-publish","has-post-thumbnail","hentry"],"yoast_head":"<!-- This site is optimized with the Yoast SEO plugin v27.5 - https:\/\/yoast.com\/product\/yoast-seo-wordpress\/ -->\n<title>Services de traduction linguistique | Trusted Translations, Inc.<\/title>\n<meta name=\"description\" content=\"Trusted Translations, Inc. fournit des services de traduction vers et depuis l\u2019anglais, l\u2019espagnol, le portugais, le fran\u00e7ais, l\u2019allemand, l\u2019italien, le n\u00e9erlandais, le chinois et le japonais, depuis et vers toutes les langues.\" \/>\n<meta name=\"robots\" content=\"index, follow, max-snippet:-1, max-image-preview:large, max-video-preview:-1\" \/>\n<link rel=\"canonical\" href=\"https:\/\/www.trustedtranslations.com\/fr\/langues\" \/>\n<meta property=\"og:locale\" content=\"fr_FR\" \/>\n<meta property=\"og:type\" content=\"article\" \/>\n<meta property=\"og:title\" content=\"Services de traduction linguistique | Trusted Translations, Inc.\" \/>\n<meta property=\"og:description\" content=\"Trusted Translations, Inc. fournit des services de traduction vers et depuis l\u2019anglais, l\u2019espagnol, le portugais, le fran\u00e7ais, l\u2019allemand, l\u2019italien, le n\u00e9erlandais, le chinois et le japonais, depuis et vers toutes les langues.\" \/>\n<meta property=\"og:url\" content=\"https:\/\/www.trustedtranslations.com\/fr\/langues\" \/>\n<meta property=\"og:site_name\" content=\"Trusted Translations, Inc.\" \/>\n<meta property=\"article:publisher\" content=\"https:\/\/www.facebook.com\/Trusted.Translations\" \/>\n<meta property=\"article:modified_time\" content=\"2024-09-03T18:46:33+00:00\" \/>\n<meta property=\"og:image\" content=\"https:\/\/static.trustedtranslations.com\/wp-content\/uploads\/2022\/03\/TT_NEW_FB-1.png\" \/>\n\t<meta property=\"og:image:width\" content=\"1038\" \/>\n\t<meta property=\"og:image:height\" content=\"1038\" \/>\n\t<meta property=\"og:image:type\" content=\"image\/png\" \/>\n<meta name=\"twitter:card\" content=\"summary_large_image\" \/>\n<meta name=\"twitter:site\" content=\"@TrustedT9ns\" \/>\n<script type=\"application\/ld+json\" class=\"yoast-schema-graph\">{\"@context\":\"https:\\\/\\\/schema.org\",\"@graph\":[{\"@type\":\"WebPage\",\"@id\":\"https:\\\/\\\/www.trustedtranslations.com\\\/fr\\\/langues\",\"url\":\"https:\\\/\\\/www.trustedtranslations.com\\\/fr\\\/langues\",\"name\":\"Services de traduction linguistique | Trusted Translations, Inc.\",\"isPartOf\":{\"@id\":\"https:\\\/\\\/www.trustedtranslations.com\\\/fr\\\/#website\"},\"primaryImageOfPage\":{\"@id\":\"https:\\\/\\\/www.trustedtranslations.com\\\/fr\\\/langues#primaryimage\"},\"image\":{\"@id\":\"https:\\\/\\\/www.trustedtranslations.com\\\/fr\\\/langues#primaryimage\"},\"thumbnailUrl\":\"https:\\\/\\\/www.trustedtranslations.com\\\/wp-content\\\/uploads\\\/2022\\\/03\\\/TT_NEW_FB-1.png\",\"description\":\"Trusted Translations, Inc. fournit des services de traduction vers et depuis l\u2019anglais, l\u2019espagnol, le portugais, le fran\u00e7ais, l\u2019allemand, l\u2019italien, le n\u00e9erlandais, le chinois et le japonais, depuis et vers toutes les langues.\",\"breadcrumb\":{\"@id\":\"https:\\\/\\\/www.trustedtranslations.com\\\/fr\\\/langues#breadcrumb\"},\"inLanguage\":\"fr-FR\",\"potentialAction\":[{\"@type\":\"ReadAction\",\"target\":[\"https:\\\/\\\/www.trustedtranslations.com\\\/fr\\\/langues\"]}]},{\"@type\":\"ImageObject\",\"inLanguage\":\"fr-FR\",\"@id\":\"https:\\\/\\\/www.trustedtranslations.com\\\/fr\\\/langues#primaryimage\",\"url\":\"https:\\\/\\\/www.trustedtranslations.com\\\/wp-content\\\/uploads\\\/2022\\\/03\\\/TT_NEW_FB-1.png\",\"contentUrl\":\"https:\\\/\\\/www.trustedtranslations.com\\\/wp-content\\\/uploads\\\/2022\\\/03\\\/TT_NEW_FB-1.png\",\"width\":1038,\"height\":1038,\"caption\":\"TT NEW FB 1\"},{\"@type\":\"BreadcrumbList\",\"@id\":\"https:\\\/\\\/www.trustedtranslations.com\\\/fr\\\/langues#breadcrumb\",\"itemListElement\":[{\"@type\":\"ListItem\",\"position\":1,\"name\":\"Accueil\",\"item\":\"https:\\\/\\\/www.trustedtranslations.com\\\/fr\"},{\"@type\":\"ListItem\",\"position\":2,\"name\":\"Langues\"}]},{\"@type\":\"WebSite\",\"@id\":\"https:\\\/\\\/www.trustedtranslations.com\\\/fr\\\/#website\",\"url\":\"https:\\\/\\\/www.trustedtranslations.com\\\/fr\\\/\",\"name\":\"Trusted Translations, Inc.\",\"description\":\"Leader in translation and interpretation services.\",\"publisher\":{\"@id\":\"https:\\\/\\\/www.trustedtranslations.com\\\/fr\\\/#organization\"},\"alternateName\":\"Trusted Translations\",\"potentialAction\":[{\"@type\":\"SearchAction\",\"target\":{\"@type\":\"EntryPoint\",\"urlTemplate\":\"https:\\\/\\\/www.trustedtranslations.com\\\/fr\\\/?s={search_term_string}\"},\"query-input\":{\"@type\":\"PropertyValueSpecification\",\"valueRequired\":true,\"valueName\":\"search_term_string\"}}],\"inLanguage\":\"fr-FR\"},{\"@type\":\"Organization\",\"@id\":\"https:\\\/\\\/www.trustedtranslations.com\\\/fr\\\/#organization\",\"name\":\"Trusted Translations\",\"alternateName\":\"Trusted Translations, Inc.\",\"url\":\"https:\\\/\\\/www.trustedtranslations.com\\\/fr\\\/\",\"logo\":{\"@type\":\"ImageObject\",\"inLanguage\":\"fr-FR\",\"@id\":\"https:\\\/\\\/www.trustedtranslations.com\\\/fr\\\/#\\\/schema\\\/logo\\\/image\\\/\",\"url\":\"https:\\\/\\\/static.trustedtranslations.com\\\/wp-content\\\/uploads\\\/2022\\\/01\\\/TT_logo_WSIColors-2.png\",\"contentUrl\":\"https:\\\/\\\/static.trustedtranslations.com\\\/wp-content\\\/uploads\\\/2022\\\/01\\\/TT_logo_WSIColors-2.png\",\"width\":500,\"height\":196,\"caption\":\"Trusted Translations\"},\"image\":{\"@id\":\"https:\\\/\\\/www.trustedtranslations.com\\\/fr\\\/#\\\/schema\\\/logo\\\/image\\\/\"},\"sameAs\":[\"https:\\\/\\\/www.facebook.com\\\/Trusted.Translations\",\"https:\\\/\\\/x.com\\\/TrustedT9ns\",\"https:\\\/\\\/www.linkedin.com\\\/company\\\/trusted-translations\"]}]}<\/script>\n<!-- \/ Yoast SEO plugin. -->","yoast_head_json":{"title":"Services de traduction linguistique | Trusted Translations, Inc.","description":"Trusted Translations, Inc. fournit des services de traduction vers et depuis l\u2019anglais, l\u2019espagnol, le portugais, le fran\u00e7ais, l\u2019allemand, l\u2019italien, le n\u00e9erlandais, le chinois et le japonais, depuis et vers toutes les langues.","robots":{"index":"index","follow":"follow","max-snippet":"max-snippet:-1","max-image-preview":"max-image-preview:large","max-video-preview":"max-video-preview:-1"},"canonical":"https:\/\/www.trustedtranslations.com\/fr\/langues","og_locale":"fr_FR","og_type":"article","og_title":"Services de traduction linguistique | Trusted Translations, Inc.","og_description":"Trusted Translations, Inc. fournit des services de traduction vers et depuis l\u2019anglais, l\u2019espagnol, le portugais, le fran\u00e7ais, l\u2019allemand, l\u2019italien, le n\u00e9erlandais, le chinois et le japonais, depuis et vers toutes les langues.","og_url":"https:\/\/www.trustedtranslations.com\/fr\/langues","og_site_name":"Trusted Translations, Inc.","article_publisher":"https:\/\/www.facebook.com\/Trusted.Translations","article_modified_time":"2024-09-03T18:46:33+00:00","og_image":[{"width":1038,"height":1038,"url":"https:\/\/static.trustedtranslations.com\/wp-content\/uploads\/2022\/03\/TT_NEW_FB-1.png","type":"image\/png"}],"twitter_card":"summary_large_image","twitter_site":"@TrustedT9ns","schema":{"@context":"https:\/\/schema.org","@graph":[{"@type":"WebPage","@id":"https:\/\/www.trustedtranslations.com\/fr\/langues","url":"https:\/\/www.trustedtranslations.com\/fr\/langues","name":"Services de traduction linguistique | Trusted Translations, Inc.","isPartOf":{"@id":"https:\/\/www.trustedtranslations.com\/fr\/#website"},"primaryImageOfPage":{"@id":"https:\/\/www.trustedtranslations.com\/fr\/langues#primaryimage"},"image":{"@id":"https:\/\/www.trustedtranslations.com\/fr\/langues#primaryimage"},"thumbnailUrl":"https:\/\/www.trustedtranslations.com\/wp-content\/uploads\/2022\/03\/TT_NEW_FB-1.png","description":"Trusted Translations, Inc. fournit des services de traduction vers et depuis l\u2019anglais, l\u2019espagnol, le portugais, le fran\u00e7ais, l\u2019allemand, l\u2019italien, le n\u00e9erlandais, le chinois et le japonais, depuis et vers toutes les langues.","breadcrumb":{"@id":"https:\/\/www.trustedtranslations.com\/fr\/langues#breadcrumb"},"inLanguage":"fr-FR","potentialAction":[{"@type":"ReadAction","target":["https:\/\/www.trustedtranslations.com\/fr\/langues"]}]},{"@type":"ImageObject","inLanguage":"fr-FR","@id":"https:\/\/www.trustedtranslations.com\/fr\/langues#primaryimage","url":"https:\/\/www.trustedtranslations.com\/wp-content\/uploads\/2022\/03\/TT_NEW_FB-1.png","contentUrl":"https:\/\/www.trustedtranslations.com\/wp-content\/uploads\/2022\/03\/TT_NEW_FB-1.png","width":1038,"height":1038,"caption":"TT NEW FB 1"},{"@type":"BreadcrumbList","@id":"https:\/\/www.trustedtranslations.com\/fr\/langues#breadcrumb","itemListElement":[{"@type":"ListItem","position":1,"name":"Accueil","item":"https:\/\/www.trustedtranslations.com\/fr"},{"@type":"ListItem","position":2,"name":"Langues"}]},{"@type":"WebSite","@id":"https:\/\/www.trustedtranslations.com\/fr\/#website","url":"https:\/\/www.trustedtranslations.com\/fr\/","name":"Trusted Translations, Inc.","description":"Leader in translation and interpretation services.","publisher":{"@id":"https:\/\/www.trustedtranslations.com\/fr\/#organization"},"alternateName":"Trusted Translations","potentialAction":[{"@type":"SearchAction","target":{"@type":"EntryPoint","urlTemplate":"https:\/\/www.trustedtranslations.com\/fr\/?s={search_term_string}"},"query-input":{"@type":"PropertyValueSpecification","valueRequired":true,"valueName":"search_term_string"}}],"inLanguage":"fr-FR"},{"@type":"Organization","@id":"https:\/\/www.trustedtranslations.com\/fr\/#organization","name":"Trusted Translations","alternateName":"Trusted Translations, Inc.","url":"https:\/\/www.trustedtranslations.com\/fr\/","logo":{"@type":"ImageObject","inLanguage":"fr-FR","@id":"https:\/\/www.trustedtranslations.com\/fr\/#\/schema\/logo\/image\/","url":"https:\/\/static.trustedtranslations.com\/wp-content\/uploads\/2022\/01\/TT_logo_WSIColors-2.png","contentUrl":"https:\/\/static.trustedtranslations.com\/wp-content\/uploads\/2022\/01\/TT_logo_WSIColors-2.png","width":500,"height":196,"caption":"Trusted Translations"},"image":{"@id":"https:\/\/www.trustedtranslations.com\/fr\/#\/schema\/logo\/image\/"},"sameAs":["https:\/\/www.facebook.com\/Trusted.Translations","https:\/\/x.com\/TrustedT9ns","https:\/\/www.linkedin.com\/company\/trusted-translations"]}]}},"toolset-meta":{"dyk":{"mensaje-1":{"type":"textfield","raw":""},"mensaje-2":{"type":"textfield","raw":""},"mensaje-3":{"type":"textfield","raw":""},"mensaje-4":{"type":"textfield","raw":"Les charg\u00e9s de client\u00e8le de Trusted Translations sont disponibles 365 jours par an\/18 heures par jour."},"mensaje-5":{"type":"textfield","raw":""},"mensaje-6":{"type":"textfield","raw":""}},"single-page-template-fields":{"imgs-temp":{"type":"image","raw":["https:\/\/static.trustedtranslations.com\/wp-content\/uploads\/2024\/01\/language-final-1-1.webp","https:\/\/static.trustedtranslations.com\/wp-content\/uploads\/2024\/01\/language-final-3.webp","https:\/\/static.trustedtranslations.com\/wp-content\/uploads\/2024\/01\/language-final-2-1.webp"],"repeatable":[{"raw":"https:\/\/static.trustedtranslations.com\/wp-content\/uploads\/2024\/01\/language-final-1-1.webp"},{"raw":"https:\/\/static.trustedtranslations.com\/wp-content\/uploads\/2024\/01\/language-final-3.webp"},{"raw":"https:\/\/static.trustedtranslations.com\/wp-content\/uploads\/2024\/01\/language-final-2-1.webp"}]},"imgs-temp-cel":{"type":"image","raw":[""],"repeatable":[{"raw":""}]},"img-temp-one-cel":{"type":"image","raw":"https:\/\/static.trustedtranslations.com\/wp-content\/uploads\/2024\/01\/AdobeStock_429999205-1-1.webp","attachment_id":null},"quotes":{"type":"textarea","raw":"<h1 style=\"margin-bottom: 12px;\">Services de traduction linguistique<\/h1>Avec plus de 6 500 langues parl\u00e9es multipli\u00e9es par un nombre infini de dialectes, la traduction linguistique peut \u00eatre une t\u00e2che pour le moins ardue. Avec plus de 20 ans d\u2019exp\u00e9rience \u00e9prouv\u00e9e de navigation dans ces \u00ab eaux linguistiques \u00bb, Trusted Translations dispose de l\u2019expertise n\u00e9cessaire pour vous guider dans tous vos projets linguistiques.<div style=\"margin-top: 2.5vw;\"><a class=\"tt-btn-main-cta\" href=\"\/fr\/devis-traduction\" class=\"quote-wrapper\">DEMANDEZ UN DEVIS GRATUIT<\/a><\/div>"},"text-1":{"type":"textarea","raw":"<div class=\"imgs-flex-template flex-text-2\" style=\"margin-top: -30px; margin-bottom: 30px;\">\r\n    <img src=\"https:\/\/static.trustedtranslations.com\/wp-content\/uploads\/2024\/01\/smiling-young-couple-shaking-han.webp\">\r\n    <div>\r\n        <h2>Services de traduction linguistique<\/h2>\r\n        <p>Gr\u00e2ce au flux de travail \u00e9troitement int\u00e9gr\u00e9 de nos propres traducteurs experts internes, de nos \u00e9diteurs et de nos technologies de pointe, Trusted Translations fournit des traductions linguistiques de la plus haute qualit\u00e9 dans presque toutes les combinaisons de langues et tous les secteurs d\u2019activit\u00e9. Trusted Translations a l\u2019exp\u00e9rience des services linguistiques depuis et vers plus de 200 langues parmi les plus parl\u00e9es au monde, pour des clients parmi les plus exigeants au monde, notamment les Centers for Disease Control and Prevention (CDC), la Biblioth\u00e8que du Congr\u00e8s, la National Aeronautics and Space Administration (NASA), Apple, Google, Sony et des centaines d\u2019autres.<\/p>\r\n    <\/div>\r\n<\/div>\r\n<div class=\"imgs-flex-template\">\r\n    <div>\r\n        <h2>Contr\u00f4le de la qualit\u00e9 de nos traductions linguistiques<\/h2>\r\n        <p>Les projets de traduction linguistique de Trusted Translations sont g\u00e9r\u00e9s par des professionnels hautement qualifi\u00e9s dans le domaine de la traduction et de la localisation. L\u2019un de nos gestionnaires de compte experts g\u00e9rera votre demande de projet et s\u2019assurera que votre traduction est livr\u00e9e \u00e0 temps, avec le plus haut niveau de qualit\u00e9 de l\u2019industrie. Un chef de projet d\u00e9di\u00e9 prend en charge la planification, dirige l\u2019ex\u00e9cution et supervise le contr\u00f4le qualit\u00e9 du projet. Le cas \u00e9ch\u00e9ant, un responsable informatique est charg\u00e9 d\u2019examiner toutes les exigences techniques du projet. Le responsable de la publication assist\u00e9e par ordinateur (PAO) s\u2019assure de la r\u00e9alisation de toute conception graphique ou mise en forme, si n\u00e9cessaire, pour que le document traduit soit le reflet du document source d\u2019origine. Notre processus unique d\u2019assurance qualit\u00e9 est con\u00e7u pour garantir que chaque traduction est v\u00e9rifi\u00e9e par trois experts linguistes distincts : un traducteur, un \u00e9diteur et un correcteur. En cons\u00e9quence, notre r\u00e9sultat final atteint le plus haut niveau de qualit\u00e9.<\/p>\r\n    <\/div>\r\n    <img src=\"https:\/\/static.trustedtranslations.com\/wp-content\/uploads\/2024\/01\/Machine-translation-scaled-1.webp\">\r\n<\/div>"},"shortcode-map":{"type":"textfield","raw":""},"dyk-shortcode":{"type":"textfield","raw":"[elementor-template id=\"146546\"]"},"text-2":{"type":"textarea","raw":"<div style=\"padding-top: 30px;\">Une fois l\u2019\u00e9tape de correction termin\u00e9e, tous les livrables doivent passer l\u2019examen final d\u2019\u00e9valuation de la qualit\u00e9 du chef de projet avant d\u2019\u00eatre remis au client. En d\u2019autres termes, trois points de contr\u00f4le qualit\u00e9 cons\u00e9cutifs succ\u00e8dent \u00e0 l\u2019\u00e9tape initiale de la traduction afin d\u2019assurer un r\u00e9sultat de la plus haute qualit\u00e9 possible.\r\n\r\nLe r\u00e9sultat final de ce processus est un livrable qui respecte et d\u00e9passe les normes de qualit\u00e9 internationales, y compris celles \u00e9tablies par l\u2019Organisation internationale de normalisation (ISO 9001:2015). Trusted Translations applique ce processus \u00e0 tous ses projets de traduction linguistique afin de garantir que m\u00eame les traductions les plus complexes r\u00e9pondent aux normes de qualit\u00e9 les plus \u00e9lev\u00e9es.<\/div>"},"state":{"type":"textfield","raw":""},"city":{"type":"textarea","raw":[]}}},"_links":{"self":[{"href":"https:\/\/www.trustedtranslations.com\/fr\/wp-json\/wp\/v2\/pages\/129037","targetHints":{"allow":["GET"]}}],"collection":[{"href":"https:\/\/www.trustedtranslations.com\/fr\/wp-json\/wp\/v2\/pages"}],"about":[{"href":"https:\/\/www.trustedtranslations.com\/fr\/wp-json\/wp\/v2\/types\/page"}],"author":[{"embeddable":true,"href":"https:\/\/www.trustedtranslations.com\/fr\/wp-json\/wp\/v2\/users\/1"}],"replies":[{"embeddable":true,"href":"https:\/\/www.trustedtranslations.com\/fr\/wp-json\/wp\/v2\/comments?post=129037"}],"version-history":[{"count":0,"href":"https:\/\/www.trustedtranslations.com\/fr\/wp-json\/wp\/v2\/pages\/129037\/revisions"}],"wp:featuredmedia":[{"embeddable":true,"href":"https:\/\/www.trustedtranslations.com\/fr\/wp-json\/wp\/v2\/media\/139627"}],"wp:attachment":[{"href":"https:\/\/www.trustedtranslations.com\/fr\/wp-json\/wp\/v2\/media?parent=129037"}],"curies":[{"name":"wp","href":"https:\/\/api.w.org\/{rel}","templated":true}]}}