{"id":153844,"date":"2022-06-22T15:16:47","date_gmt":"2022-06-22T15:16:47","guid":{"rendered":"https:\/\/www.trustedtranslations.com\/services\/interpretation-sur-place\/interpretation"},"modified":"2025-12-09T18:19:41","modified_gmt":"2025-12-09T21:19:41","slug":"consecutive","status":"publish","type":"page","link":"https:\/\/www.trustedtranslations.com\/fr\/services\/interpretation-sur-site\/consecutive","title":{"rendered":"Cons\u00e9cutive"},"content":{"rendered":"","protected":false},"excerpt":{"rendered":"","protected":false},"author":1,"featured_media":223057,"parent":128996,"menu_order":0,"comment_status":"closed","ping_status":"closed","template":"","meta":{"site-sidebar-layout":"default","site-content-layout":"default","ast-site-content-layout":"default","site-content-style":"default","site-sidebar-style":"default","ast-global-header-display":"","ast-banner-title-visibility":"","ast-main-header-display":"","ast-hfb-above-header-display":"","ast-hfb-below-header-display":"","ast-hfb-mobile-header-display":"","site-post-title":"disabled","ast-breadcrumbs-content":"","ast-featured-img":"","footer-sml-layout":"","ast-disable-related-posts":"","theme-transparent-header-meta":"default","adv-header-id-meta":"","stick-header-meta":"","header-above-stick-meta":"","header-main-stick-meta":"","header-below-stick-meta":"","astra-migrate-meta-layouts":"set","ast-page-background-enabled":"default","ast-page-background-meta":{"desktop":{"background-color":"var(--ast-global-color-4)","background-image":"","background-repeat":"repeat","background-position":"center center","background-size":"auto","background-attachment":"scroll","background-type":"","background-media":"","overlay-type":"","overlay-color":"","overlay-opacity":"","overlay-gradient":""},"tablet":{"background-color":"","background-image":"","background-repeat":"repeat","background-position":"center center","background-size":"auto","background-attachment":"scroll","background-type":"","background-media":"","overlay-type":"","overlay-color":"","overlay-opacity":"","overlay-gradient":""},"mobile":{"background-color":"","background-image":"","background-repeat":"repeat","background-position":"center center","background-size":"auto","background-attachment":"scroll","background-type":"","background-media":"","overlay-type":"","overlay-color":"","overlay-opacity":"","overlay-gradient":""}},"ast-content-background-meta":{"desktop":{"background-color":"var(--ast-global-color-5)","background-image":"","background-repeat":"repeat","background-position":"center center","background-size":"auto","background-attachment":"scroll","background-type":"","background-media":"","overlay-type":"","overlay-color":"","overlay-opacity":"","overlay-gradient":""},"tablet":{"background-color":"var(--ast-global-color-5)","background-image":"","background-repeat":"repeat","background-position":"center center","background-size":"auto","background-attachment":"scroll","background-type":"","background-media":"","overlay-type":"","overlay-color":"","overlay-opacity":"","overlay-gradient":""},"mobile":{"background-color":"var(--ast-global-color-5)","background-image":"","background-repeat":"repeat","background-position":"center center","background-size":"auto","background-attachment":"scroll","background-type":"","background-media":"","overlay-type":"","overlay-color":"","overlay-opacity":"","overlay-gradient":""}},"footnotes":""},"class_list":["post-153844","page","type-page","status-publish","has-post-thumbnail","hentry"],"yoast_head":"<!-- This site is optimized with the Yoast SEO plugin v27.3 - https:\/\/yoast.com\/product\/yoast-seo-wordpress\/ -->\n<title>Services d\u2019interpr\u00e9tation cons\u00e9cutive - Trusted Translations, Inc.<\/title>\n<meta name=\"description\" content=\"Trusted Translations propose des services d\u2019interpr\u00e9tation cons\u00e9cutive sur site assur\u00e9s par des interpr\u00e8tes professionnels pour garantir une communication claire et pr\u00e9cise lors de vos r\u00e9unions et \u00e9v\u00e9nements.\" \/>\n<meta name=\"robots\" content=\"index, follow, max-snippet:-1, max-image-preview:large, max-video-preview:-1\" \/>\n<link rel=\"canonical\" href=\"https:\/\/www.trustedtranslations.com\/fr\/services\/interpretation-sur-site\/consecutive\" \/>\n<meta property=\"og:locale\" content=\"fr_FR\" \/>\n<meta property=\"og:type\" content=\"article\" \/>\n<meta property=\"og:title\" content=\"Services d\u2019interpr\u00e9tation cons\u00e9cutive - Trusted Translations, Inc.\" \/>\n<meta property=\"og:description\" content=\"Trusted Translations propose des services d\u2019interpr\u00e9tation cons\u00e9cutive sur site assur\u00e9s par des interpr\u00e8tes professionnels pour garantir une communication claire et pr\u00e9cise lors de vos r\u00e9unions et \u00e9v\u00e9nements.\" \/>\n<meta property=\"og:url\" content=\"https:\/\/www.trustedtranslations.com\/fr\/services\/interpretation-sur-site\/consecutive\" \/>\n<meta property=\"og:site_name\" content=\"Trusted Translations, Inc.\" \/>\n<meta property=\"article:publisher\" content=\"https:\/\/www.facebook.com\/Trusted.Translations\" \/>\n<meta property=\"article:modified_time\" content=\"2025-12-09T21:19:41+00:00\" \/>\n<meta property=\"og:image\" content=\"https:\/\/www.trustedtranslations.com\/wp-content\/uploads\/2022\/08\/TT_NEW_FB-1.png\" \/>\n\t<meta property=\"og:image:width\" content=\"1\" \/>\n\t<meta property=\"og:image:height\" content=\"1\" \/>\n\t<meta property=\"og:image:type\" content=\"image\/jpeg\" \/>\n<meta name=\"twitter:card\" content=\"summary_large_image\" \/>\n<meta name=\"twitter:site\" content=\"@TrustedT9ns\" \/>\n<script type=\"application\/ld+json\" class=\"yoast-schema-graph\">{\"@context\":\"https:\\\/\\\/schema.org\",\"@graph\":[{\"@type\":\"WebPage\",\"@id\":\"https:\\\/\\\/www.trustedtranslations.com\\\/fr\\\/services\\\/interpretation-sur-site\\\/consecutive\",\"url\":\"https:\\\/\\\/www.trustedtranslations.com\\\/fr\\\/services\\\/interpretation-sur-site\\\/consecutive\",\"name\":\"Services d\u2019interpr\u00e9tation cons\u00e9cutive - Trusted Translations, Inc.\",\"isPartOf\":{\"@id\":\"https:\\\/\\\/www.trustedtranslations.com\\\/fr\\\/#website\"},\"primaryImageOfPage\":{\"@id\":\"https:\\\/\\\/www.trustedtranslations.com\\\/fr\\\/services\\\/interpretation-sur-site\\\/consecutive#primaryimage\"},\"image\":{\"@id\":\"https:\\\/\\\/www.trustedtranslations.com\\\/fr\\\/services\\\/interpretation-sur-site\\\/consecutive#primaryimage\"},\"thumbnailUrl\":\"https:\\\/\\\/www.trustedtranslations.com\\\/wp-content\\\/uploads\\\/2022\\\/08\\\/TT_NEW_FB-1.png\",\"description\":\"Trusted Translations propose des services d\u2019interpr\u00e9tation cons\u00e9cutive sur site assur\u00e9s par des interpr\u00e8tes professionnels pour garantir une communication claire et pr\u00e9cise lors de vos r\u00e9unions et \u00e9v\u00e9nements.\",\"breadcrumb\":{\"@id\":\"https:\\\/\\\/www.trustedtranslations.com\\\/fr\\\/services\\\/interpretation-sur-site\\\/consecutive#breadcrumb\"},\"inLanguage\":\"fr-FR\",\"potentialAction\":[{\"@type\":\"ReadAction\",\"target\":[\"https:\\\/\\\/www.trustedtranslations.com\\\/fr\\\/services\\\/interpretation-sur-site\\\/consecutive\"]}]},{\"@type\":\"ImageObject\",\"inLanguage\":\"fr-FR\",\"@id\":\"https:\\\/\\\/www.trustedtranslations.com\\\/fr\\\/services\\\/interpretation-sur-site\\\/consecutive#primaryimage\",\"url\":\"https:\\\/\\\/www.trustedtranslations.com\\\/wp-content\\\/uploads\\\/2022\\\/08\\\/TT_NEW_FB-1.png\",\"contentUrl\":\"https:\\\/\\\/www.trustedtranslations.com\\\/wp-content\\\/uploads\\\/2022\\\/08\\\/TT_NEW_FB-1.png\",\"caption\":\"TT NEW FB 1\"},{\"@type\":\"BreadcrumbList\",\"@id\":\"https:\\\/\\\/www.trustedtranslations.com\\\/fr\\\/services\\\/interpretation-sur-site\\\/consecutive#breadcrumb\",\"itemListElement\":[{\"@type\":\"ListItem\",\"position\":1,\"name\":\"Accueil\",\"item\":\"https:\\\/\\\/www.trustedtranslations.com\\\/fr\"},{\"@type\":\"ListItem\",\"position\":2,\"name\":\"Services\",\"item\":\"https:\\\/\\\/www.trustedtranslations.com\\\/fr\\\/services\"},{\"@type\":\"ListItem\",\"position\":3,\"name\":\"Interpr\u00e9tation sur site\",\"item\":\"https:\\\/\\\/www.trustedtranslations.com\\\/fr\\\/services\\\/interpretation-sur-site\"},{\"@type\":\"ListItem\",\"position\":4,\"name\":\"Cons\u00e9cutive\"}]},{\"@type\":\"WebSite\",\"@id\":\"https:\\\/\\\/www.trustedtranslations.com\\\/fr\\\/#website\",\"url\":\"https:\\\/\\\/www.trustedtranslations.com\\\/fr\\\/\",\"name\":\"Trusted Translations, Inc.\",\"description\":\"Leader in translation and interpretation services.\",\"publisher\":{\"@id\":\"https:\\\/\\\/www.trustedtranslations.com\\\/fr\\\/#organization\"},\"alternateName\":\"Trusted Translations\",\"potentialAction\":[{\"@type\":\"SearchAction\",\"target\":{\"@type\":\"EntryPoint\",\"urlTemplate\":\"https:\\\/\\\/www.trustedtranslations.com\\\/fr\\\/?s={search_term_string}\"},\"query-input\":{\"@type\":\"PropertyValueSpecification\",\"valueRequired\":true,\"valueName\":\"search_term_string\"}}],\"inLanguage\":\"fr-FR\"},{\"@type\":\"Organization\",\"@id\":\"https:\\\/\\\/www.trustedtranslations.com\\\/fr\\\/#organization\",\"name\":\"Trusted Translations\",\"alternateName\":\"Trusted Translations, Inc.\",\"url\":\"https:\\\/\\\/www.trustedtranslations.com\\\/fr\\\/\",\"logo\":{\"@type\":\"ImageObject\",\"inLanguage\":\"fr-FR\",\"@id\":\"https:\\\/\\\/www.trustedtranslations.com\\\/fr\\\/#\\\/schema\\\/logo\\\/image\\\/\",\"url\":\"https:\\\/\\\/static.trustedtranslations.com\\\/wp-content\\\/uploads\\\/2022\\\/01\\\/TT_logo_WSIColors-2.png\",\"contentUrl\":\"https:\\\/\\\/static.trustedtranslations.com\\\/wp-content\\\/uploads\\\/2022\\\/01\\\/TT_logo_WSIColors-2.png\",\"width\":500,\"height\":196,\"caption\":\"Trusted Translations\"},\"image\":{\"@id\":\"https:\\\/\\\/www.trustedtranslations.com\\\/fr\\\/#\\\/schema\\\/logo\\\/image\\\/\"},\"sameAs\":[\"https:\\\/\\\/www.facebook.com\\\/Trusted.Translations\",\"https:\\\/\\\/x.com\\\/TrustedT9ns\",\"https:\\\/\\\/www.linkedin.com\\\/company\\\/trusted-translations\"]}]}<\/script>\n<!-- \/ Yoast SEO plugin. -->","yoast_head_json":{"title":"Services d\u2019interpr\u00e9tation cons\u00e9cutive - Trusted Translations, Inc.","description":"Trusted Translations propose des services d\u2019interpr\u00e9tation cons\u00e9cutive sur site assur\u00e9s par des interpr\u00e8tes professionnels pour garantir une communication claire et pr\u00e9cise lors de vos r\u00e9unions et \u00e9v\u00e9nements.","robots":{"index":"index","follow":"follow","max-snippet":"max-snippet:-1","max-image-preview":"max-image-preview:large","max-video-preview":"max-video-preview:-1"},"canonical":"https:\/\/www.trustedtranslations.com\/fr\/services\/interpretation-sur-site\/consecutive","og_locale":"fr_FR","og_type":"article","og_title":"Services d\u2019interpr\u00e9tation cons\u00e9cutive - Trusted Translations, Inc.","og_description":"Trusted Translations propose des services d\u2019interpr\u00e9tation cons\u00e9cutive sur site assur\u00e9s par des interpr\u00e8tes professionnels pour garantir une communication claire et pr\u00e9cise lors de vos r\u00e9unions et \u00e9v\u00e9nements.","og_url":"https:\/\/www.trustedtranslations.com\/fr\/services\/interpretation-sur-site\/consecutive","og_site_name":"Trusted Translations, Inc.","article_publisher":"https:\/\/www.facebook.com\/Trusted.Translations","article_modified_time":"2025-12-09T21:19:41+00:00","og_image":[{"url":"https:\/\/www.trustedtranslations.com\/wp-content\/uploads\/2022\/08\/TT_NEW_FB-1.png","width":1,"height":1,"type":"image\/jpeg"}],"twitter_card":"summary_large_image","twitter_site":"@TrustedT9ns","schema":{"@context":"https:\/\/schema.org","@graph":[{"@type":"WebPage","@id":"https:\/\/www.trustedtranslations.com\/fr\/services\/interpretation-sur-site\/consecutive","url":"https:\/\/www.trustedtranslations.com\/fr\/services\/interpretation-sur-site\/consecutive","name":"Services d\u2019interpr\u00e9tation cons\u00e9cutive - Trusted Translations, Inc.","isPartOf":{"@id":"https:\/\/www.trustedtranslations.com\/fr\/#website"},"primaryImageOfPage":{"@id":"https:\/\/www.trustedtranslations.com\/fr\/services\/interpretation-sur-site\/consecutive#primaryimage"},"image":{"@id":"https:\/\/www.trustedtranslations.com\/fr\/services\/interpretation-sur-site\/consecutive#primaryimage"},"thumbnailUrl":"https:\/\/www.trustedtranslations.com\/wp-content\/uploads\/2022\/08\/TT_NEW_FB-1.png","description":"Trusted Translations propose des services d\u2019interpr\u00e9tation cons\u00e9cutive sur site assur\u00e9s par des interpr\u00e8tes professionnels pour garantir une communication claire et pr\u00e9cise lors de vos r\u00e9unions et \u00e9v\u00e9nements.","breadcrumb":{"@id":"https:\/\/www.trustedtranslations.com\/fr\/services\/interpretation-sur-site\/consecutive#breadcrumb"},"inLanguage":"fr-FR","potentialAction":[{"@type":"ReadAction","target":["https:\/\/www.trustedtranslations.com\/fr\/services\/interpretation-sur-site\/consecutive"]}]},{"@type":"ImageObject","inLanguage":"fr-FR","@id":"https:\/\/www.trustedtranslations.com\/fr\/services\/interpretation-sur-site\/consecutive#primaryimage","url":"https:\/\/www.trustedtranslations.com\/wp-content\/uploads\/2022\/08\/TT_NEW_FB-1.png","contentUrl":"https:\/\/www.trustedtranslations.com\/wp-content\/uploads\/2022\/08\/TT_NEW_FB-1.png","caption":"TT NEW FB 1"},{"@type":"BreadcrumbList","@id":"https:\/\/www.trustedtranslations.com\/fr\/services\/interpretation-sur-site\/consecutive#breadcrumb","itemListElement":[{"@type":"ListItem","position":1,"name":"Accueil","item":"https:\/\/www.trustedtranslations.com\/fr"},{"@type":"ListItem","position":2,"name":"Services","item":"https:\/\/www.trustedtranslations.com\/fr\/services"},{"@type":"ListItem","position":3,"name":"Interpr\u00e9tation sur site","item":"https:\/\/www.trustedtranslations.com\/fr\/services\/interpretation-sur-site"},{"@type":"ListItem","position":4,"name":"Cons\u00e9cutive"}]},{"@type":"WebSite","@id":"https:\/\/www.trustedtranslations.com\/fr\/#website","url":"https:\/\/www.trustedtranslations.com\/fr\/","name":"Trusted Translations, Inc.","description":"Leader in translation and interpretation services.","publisher":{"@id":"https:\/\/www.trustedtranslations.com\/fr\/#organization"},"alternateName":"Trusted Translations","potentialAction":[{"@type":"SearchAction","target":{"@type":"EntryPoint","urlTemplate":"https:\/\/www.trustedtranslations.com\/fr\/?s={search_term_string}"},"query-input":{"@type":"PropertyValueSpecification","valueRequired":true,"valueName":"search_term_string"}}],"inLanguage":"fr-FR"},{"@type":"Organization","@id":"https:\/\/www.trustedtranslations.com\/fr\/#organization","name":"Trusted Translations","alternateName":"Trusted Translations, Inc.","url":"https:\/\/www.trustedtranslations.com\/fr\/","logo":{"@type":"ImageObject","inLanguage":"fr-FR","@id":"https:\/\/www.trustedtranslations.com\/fr\/#\/schema\/logo\/image\/","url":"https:\/\/static.trustedtranslations.com\/wp-content\/uploads\/2022\/01\/TT_logo_WSIColors-2.png","contentUrl":"https:\/\/static.trustedtranslations.com\/wp-content\/uploads\/2022\/01\/TT_logo_WSIColors-2.png","width":500,"height":196,"caption":"Trusted Translations"},"image":{"@id":"https:\/\/www.trustedtranslations.com\/fr\/#\/schema\/logo\/image\/"},"sameAs":["https:\/\/www.facebook.com\/Trusted.Translations","https:\/\/x.com\/TrustedT9ns","https:\/\/www.linkedin.com\/company\/trusted-translations"]}]}},"toolset-meta":{"dyk":{"mensaje-1":{"type":"textfield","raw":"Les interpr\u00e8tes cons\u00e9cutifs utilisent des techniques sp\u00e9ciales de prise de notes pour garantir la pr\u00e9cision."},"mensaje-2":{"type":"textfield","raw":"L'espagnol est la langue la plus demand\u00e9e pour l'interpr\u00e9tation aux \u00c9tats-Unis."},"mensaje-3":{"type":"textfield","raw":"Les \u00c9tats-Unis sont le plus grand march\u00e9 au monde pour les services d'interpr\u00e9tation."},"mensaje-4":{"type":"textfield","raw":"Avec un \u00e9quipement r\u00e9duit au minimum, l'interpr\u00e9tation cons\u00e9cutive est une option rentable."},"mensaje-5":{"type":"textfield","raw":""},"mensaje-6":{"type":"textfield","raw":""}},"single-page-template-fields":{"imgs-temp":{"type":"image","raw":["https:\/\/static.trustedtranslations.com\/wp-content\/uploads\/2024\/07\/onsite-4-1.webp"],"repeatable":[{"raw":"https:\/\/static.trustedtranslations.com\/wp-content\/uploads\/2024\/07\/onsite-4-1.webp"}]},"imgs-temp-cel":{"type":"image","raw":[""],"repeatable":[{"raw":""}]},"img-temp-one-cel":{"type":"image","raw":"https:\/\/static.trustedtranslations.com\/wp-content\/uploads\/2024\/07\/AdobeStock_194895625-2-1.webp","attachment_id":null},"quotes":{"type":"textarea","raw":"<h1 style=\"margin-bottom: 12px;\">Services d\u2019interpr\u00e9tation cons\u00e9cutive sur site<\/h1>\r\n<em>Trusted Translations<\/em> propose des services d\u2019interpr\u00e9tation cons\u00e9cutive de pointe. Au cours de l'interpr\u00e9tation cons\u00e9cutive sur site, un ou plusieurs de nos meilleurs interpr\u00e8tes travaillant dans votre entreprise \u00e9coutent une br\u00e8ve partie du discours, attendent que l'orateur termine son id\u00e9e ou sa phrase, puis interpr\u00e8tent pour l'auditoire pendant que l'orateur attend que l'interpr\u00e8te transmette son message.\r\n<div style=\"margin-top: 2.5vw;\"><a class=\"tt-btn-main-cta\" href=\"https:\/\/www.trustedtranslations.com\/fr\/devis-traduction\">Demandez un devis gratuit<\/a><\/div>"},"text-1":{"type":"textarea","raw":"<h2>Interpr\u00e9tation cons\u00e9cutive\u00a0: Adapt\u00e9 aux situations en t\u00eate-\u00e0-t\u00eate et aux petits groupes<\/h2>En d'autres termes, dans l'interpr\u00e9tation cons\u00e9cutive, il n'y a normalement qu'une seule personne qui parle \u00e0 la fois, contrairement \u00e0 la nature rapide et \u00ab\u00a0en temps r\u00e9el\u00a0\u00bb de l'interpr\u00e9tation simultan\u00e9e. Ce format d\u2019\u00ab\u00a0aller-retour\u00a0\u00bb est souvent id\u00e9al pour les petits groupes ou les configurations individuelles, telles que les consultations m\u00e9dicales, les n\u00e9gociations entre un avocat et son client, les entretiens, les r\u00e9unions parents-enseignants, etc.\r\n<h2>Interpr\u00e9ter la langue morceau par morceau<\/h2>\r\nL'interpr\u00e9tation cons\u00e9cutive permet de s'assurer qu'aucune personne impliqu\u00e9e ne parle en m\u00eame temps que l'autre. En outre, \u00e9tant donn\u00e9 que les interpr\u00e8tes cons\u00e9cutifs interpr\u00e8tent des phrases, des id\u00e9es ou des blocs de discours dans la langue cible, par exemple, en traduisant toutes les quelques phrases, et non mot par mot, ils ont un peu plus de temps pour confirmer qu'ils repr\u00e9sentent clairement le message de l'orateur dans le contexte voulu. Bien que ce processus puisse prendre un peu plus de temps, il est g\u00e9n\u00e9ralement b\u00e9n\u00e9fique en termes de clart\u00e9 et de pr\u00e9cision.\r\n\r\nMalgr\u00e9 un rythme plus lent, les interpr\u00e8tes sur site doivent \u00eatre tr\u00e8s bien form\u00e9s dans la langue source et la langue cible, ainsi que poss\u00e9der plusieurs comp\u00e9tences particuli\u00e8res li\u00e9es \u00e0 l'interpr\u00e9tation cons\u00e9cutive. Par exemple, ils doivent avoir l\u2019habitude de faire abstraction des bruits de fond ou des distractions, avoir des capacit\u00e9s de prise de notes rapides, des capacit\u00e9s d'\u00e9coute attentive et de m\u00e9morisation, ainsi qu\u2019une ma\u00eetrise parfaite de sujets complexes tels que la terminologie juridique ou le jargon m\u00e9dical. Dans le m\u00eame temps, la sensibilit\u00e9 culturelle de l\u2019interpr\u00e8te et sa capacit\u00e9 \u00e0 analyser le contexte sont tout aussi importantes pour \u00e9viter les malentendus."},"shortcode-map":{"type":"textfield","raw":""},"dyk-shortcode":{"type":"textfield","raw":"[elementor-template id=\"146546\"]"},"text-2":{"type":"textarea","raw":"<h2>Pourquoi choisir l'interpr\u00e9tation cons\u00e9cutive\u00a0?<\/h2>\r\nComme mentionn\u00e9 ci-dessus, l'interpr\u00e9tation cons\u00e9cutive est id\u00e9ale pour les contextes o\u00f9 le public est restreint. Par cons\u00e9quent, les entreprises ont tendance \u00e0 privil\u00e9gier l'interpr\u00e9tation cons\u00e9cutive lorsque le recours \u00e0 l'interpr\u00e9tation simultan\u00e9e serait trop co\u00fbteux et inefficace en raison de l'utilisation d'\u00e9quipements sp\u00e9cialis\u00e9s, tels que des casques d'\u00e9coute, des syst\u00e8mes de transmission et des cabines sonores encombrantes.\r\n\r\nEn outre, la nature complexe de l'interpr\u00e9tation simultan\u00e9e oblige souvent les interpr\u00e8tes \u00e0 travailler en bin\u00f4me, ce qui peut consid\u00e9rablement peser sur un budget. \u00c9tant donn\u00e9 que les interpr\u00e8tes cons\u00e9cutifs travaillent g\u00e9n\u00e9ralement seuls, avec pour seul \u00e9quipement un bloc-notes et un stylo, ils peuvent repr\u00e9senter une \u00e9conomie importante.\r\n\r\nOutre la rentabilit\u00e9, l'interpr\u00e9tation cons\u00e9cutive sur site pr\u00e9sente \u00e9galement l'avantage d'une plus grande proximit\u00e9 entre l'interpr\u00e8te et l'orateur. Plut\u00f4t que d'\u00eatre plac\u00e9 dans une cabine insonoris\u00e9e au fond d'une salle de conf\u00e9rence, d\u00e9pendant de la technologie audiovisuelle, un interpr\u00e8te cons\u00e9cutif est souvent situ\u00e9 plus pr\u00e8s de l'orateur dans un environnement beaucoup plus petit. Cela \u00e9limine non seulement le probl\u00e8me des interf\u00e9rences audio, mais permet \u00e9galement \u00e0 l'interpr\u00e8te d'observer de pr\u00e8s les nuances et les expressions \u00e9motionnelles de l'orateur, qu'il peut ensuite int\u00e9grer \u00e0 son interpr\u00e9tation.\r\n\r\nNos interpr\u00e8tes sont sp\u00e9cifiquement form\u00e9s aux missions d'interpr\u00e9tation cons\u00e9cutives, avec des r\u00e9f\u00e9rences et une exp\u00e9rience fiables aupr\u00e8s d\u2019organisations de renomm\u00e9e mondiale dans le secteur. Que vous soyez dans le domaine m\u00e9dical, juridique, \u00e0 but non lucratif ou autre, ils veilleront \u00e0 ce que les \u00e9l\u00e9ments cl\u00e9s de la communication ne soient jamais perdus lors de la traduction. Pour discuter de vos besoins d'interpr\u00e9tation cons\u00e9cutive sur site, veuillez contacter <em>Trusted Translations<\/em> d\u00e8s aujourd'hui."},"state":{"type":"textfield","raw":""},"city":{"type":"textarea","raw":[""]}}},"_links":{"self":[{"href":"https:\/\/www.trustedtranslations.com\/fr\/wp-json\/wp\/v2\/pages\/153844","targetHints":{"allow":["GET"]}}],"collection":[{"href":"https:\/\/www.trustedtranslations.com\/fr\/wp-json\/wp\/v2\/pages"}],"about":[{"href":"https:\/\/www.trustedtranslations.com\/fr\/wp-json\/wp\/v2\/types\/page"}],"author":[{"embeddable":true,"href":"https:\/\/www.trustedtranslations.com\/fr\/wp-json\/wp\/v2\/users\/1"}],"replies":[{"embeddable":true,"href":"https:\/\/www.trustedtranslations.com\/fr\/wp-json\/wp\/v2\/comments?post=153844"}],"version-history":[{"count":0,"href":"https:\/\/www.trustedtranslations.com\/fr\/wp-json\/wp\/v2\/pages\/153844\/revisions"}],"up":[{"embeddable":true,"href":"https:\/\/www.trustedtranslations.com\/fr\/wp-json\/wp\/v2\/pages\/128996"}],"wp:featuredmedia":[{"embeddable":true,"href":"https:\/\/www.trustedtranslations.com\/fr\/wp-json\/wp\/v2\/media\/223057"}],"wp:attachment":[{"href":"https:\/\/www.trustedtranslations.com\/fr\/wp-json\/wp\/v2\/media?parent=153844"}],"curies":[{"name":"wp","href":"https:\/\/api.w.org\/{rel}","templated":true}]}}