{"id":153890,"date":"2022-06-22T15:32:56","date_gmt":"2022-06-22T15:32:56","guid":{"rendered":"https:\/\/www.trustedtranslations.com\/services\/interpretation-sur-place\/interpretation-2"},"modified":"2025-12-09T18:19:52","modified_gmt":"2025-12-09T21:19:52","slug":"simultanee","status":"publish","type":"page","link":"https:\/\/www.trustedtranslations.com\/fr\/services\/interpretation-sur-site\/simultanee","title":{"rendered":"Simultan\u00e9e"},"content":{"rendered":"","protected":false},"excerpt":{"rendered":"","protected":false},"author":1,"featured_media":223057,"parent":128996,"menu_order":0,"comment_status":"closed","ping_status":"closed","template":"","meta":{"site-sidebar-layout":"default","site-content-layout":"default","ast-site-content-layout":"default","site-content-style":"default","site-sidebar-style":"default","ast-global-header-display":"","ast-banner-title-visibility":"","ast-main-header-display":"","ast-hfb-above-header-display":"","ast-hfb-below-header-display":"","ast-hfb-mobile-header-display":"","site-post-title":"disabled","ast-breadcrumbs-content":"","ast-featured-img":"","footer-sml-layout":"","ast-disable-related-posts":"","theme-transparent-header-meta":"default","adv-header-id-meta":"","stick-header-meta":"","header-above-stick-meta":"","header-main-stick-meta":"","header-below-stick-meta":"","astra-migrate-meta-layouts":"set","ast-page-background-enabled":"default","ast-page-background-meta":{"desktop":{"background-color":"var(--ast-global-color-4)","background-image":"","background-repeat":"repeat","background-position":"center center","background-size":"auto","background-attachment":"scroll","background-type":"","background-media":"","overlay-type":"","overlay-color":"","overlay-opacity":"","overlay-gradient":""},"tablet":{"background-color":"","background-image":"","background-repeat":"repeat","background-position":"center center","background-size":"auto","background-attachment":"scroll","background-type":"","background-media":"","overlay-type":"","overlay-color":"","overlay-opacity":"","overlay-gradient":""},"mobile":{"background-color":"","background-image":"","background-repeat":"repeat","background-position":"center center","background-size":"auto","background-attachment":"scroll","background-type":"","background-media":"","overlay-type":"","overlay-color":"","overlay-opacity":"","overlay-gradient":""}},"ast-content-background-meta":{"desktop":{"background-color":"var(--ast-global-color-5)","background-image":"","background-repeat":"repeat","background-position":"center center","background-size":"auto","background-attachment":"scroll","background-type":"","background-media":"","overlay-type":"","overlay-color":"","overlay-opacity":"","overlay-gradient":""},"tablet":{"background-color":"var(--ast-global-color-5)","background-image":"","background-repeat":"repeat","background-position":"center center","background-size":"auto","background-attachment":"scroll","background-type":"","background-media":"","overlay-type":"","overlay-color":"","overlay-opacity":"","overlay-gradient":""},"mobile":{"background-color":"var(--ast-global-color-5)","background-image":"","background-repeat":"repeat","background-position":"center center","background-size":"auto","background-attachment":"scroll","background-type":"","background-media":"","overlay-type":"","overlay-color":"","overlay-opacity":"","overlay-gradient":""}},"footnotes":""},"class_list":["post-153890","page","type-page","status-publish","has-post-thumbnail","hentry"],"yoast_head":"<!-- This site is optimized with the Yoast SEO plugin v27.5 - https:\/\/yoast.com\/product\/yoast-seo-wordpress\/ -->\n<title>Services d\u2019interpr\u00e9tation simultan\u00e9e - Trusted Translations, Inc.<\/title>\n<meta name=\"description\" content=\"Trusted Translations fournit des services d\u2019interpr\u00e9tation simultan\u00e9e sur site pour conf\u00e9rences et grands \u00e9v\u00e9nements, avec des interpr\u00e8tes experts assurant une communication fluide et imm\u00e9diate.\" \/>\n<meta name=\"robots\" content=\"index, follow, max-snippet:-1, max-image-preview:large, max-video-preview:-1\" \/>\n<link rel=\"canonical\" href=\"https:\/\/www.trustedtranslations.com\/fr\/services\/interpretation-sur-site\/simultanee\" \/>\n<meta property=\"og:locale\" content=\"fr_FR\" \/>\n<meta property=\"og:type\" content=\"article\" \/>\n<meta property=\"og:title\" content=\"Services d\u2019interpr\u00e9tation simultan\u00e9e - Trusted Translations, Inc.\" \/>\n<meta property=\"og:description\" content=\"Trusted Translations fournit des services d\u2019interpr\u00e9tation simultan\u00e9e sur site pour conf\u00e9rences et grands \u00e9v\u00e9nements, avec des interpr\u00e8tes experts assurant une communication fluide et imm\u00e9diate.\" \/>\n<meta property=\"og:url\" content=\"https:\/\/www.trustedtranslations.com\/fr\/services\/interpretation-sur-site\/simultanee\" \/>\n<meta property=\"og:site_name\" content=\"Trusted Translations, Inc.\" \/>\n<meta property=\"article:publisher\" content=\"https:\/\/www.facebook.com\/Trusted.Translations\" \/>\n<meta property=\"article:modified_time\" content=\"2025-12-09T21:19:52+00:00\" \/>\n<meta property=\"og:image\" content=\"https:\/\/www.trustedtranslations.com\/wp-content\/uploads\/2022\/08\/TT_NEW_FB-1.png\" \/>\n\t<meta property=\"og:image:width\" content=\"1\" \/>\n\t<meta property=\"og:image:height\" content=\"1\" \/>\n\t<meta property=\"og:image:type\" content=\"image\/jpeg\" \/>\n<meta name=\"twitter:card\" content=\"summary_large_image\" \/>\n<meta name=\"twitter:site\" content=\"@TrustedT9ns\" \/>\n<script type=\"application\/ld+json\" class=\"yoast-schema-graph\">{\"@context\":\"https:\\\/\\\/schema.org\",\"@graph\":[{\"@type\":\"WebPage\",\"@id\":\"https:\\\/\\\/www.trustedtranslations.com\\\/fr\\\/services\\\/interpretation-sur-site\\\/simultanee\",\"url\":\"https:\\\/\\\/www.trustedtranslations.com\\\/fr\\\/services\\\/interpretation-sur-site\\\/simultanee\",\"name\":\"Services d\u2019interpr\u00e9tation simultan\u00e9e - Trusted Translations, Inc.\",\"isPartOf\":{\"@id\":\"https:\\\/\\\/www.trustedtranslations.com\\\/fr\\\/#website\"},\"primaryImageOfPage\":{\"@id\":\"https:\\\/\\\/www.trustedtranslations.com\\\/fr\\\/services\\\/interpretation-sur-site\\\/simultanee#primaryimage\"},\"image\":{\"@id\":\"https:\\\/\\\/www.trustedtranslations.com\\\/fr\\\/services\\\/interpretation-sur-site\\\/simultanee#primaryimage\"},\"thumbnailUrl\":\"https:\\\/\\\/www.trustedtranslations.com\\\/wp-content\\\/uploads\\\/2022\\\/08\\\/TT_NEW_FB-1.png\",\"description\":\"Trusted Translations fournit des services d\u2019interpr\u00e9tation simultan\u00e9e sur site pour conf\u00e9rences et grands \u00e9v\u00e9nements, avec des interpr\u00e8tes experts assurant une communication fluide et imm\u00e9diate.\",\"breadcrumb\":{\"@id\":\"https:\\\/\\\/www.trustedtranslations.com\\\/fr\\\/services\\\/interpretation-sur-site\\\/simultanee#breadcrumb\"},\"inLanguage\":\"fr-FR\",\"potentialAction\":[{\"@type\":\"ReadAction\",\"target\":[\"https:\\\/\\\/www.trustedtranslations.com\\\/fr\\\/services\\\/interpretation-sur-site\\\/simultanee\"]}]},{\"@type\":\"ImageObject\",\"inLanguage\":\"fr-FR\",\"@id\":\"https:\\\/\\\/www.trustedtranslations.com\\\/fr\\\/services\\\/interpretation-sur-site\\\/simultanee#primaryimage\",\"url\":\"https:\\\/\\\/www.trustedtranslations.com\\\/wp-content\\\/uploads\\\/2022\\\/08\\\/TT_NEW_FB-1.png\",\"contentUrl\":\"https:\\\/\\\/www.trustedtranslations.com\\\/wp-content\\\/uploads\\\/2022\\\/08\\\/TT_NEW_FB-1.png\",\"caption\":\"TT NEW FB 1\"},{\"@type\":\"BreadcrumbList\",\"@id\":\"https:\\\/\\\/www.trustedtranslations.com\\\/fr\\\/services\\\/interpretation-sur-site\\\/simultanee#breadcrumb\",\"itemListElement\":[{\"@type\":\"ListItem\",\"position\":1,\"name\":\"Accueil\",\"item\":\"https:\\\/\\\/www.trustedtranslations.com\\\/fr\"},{\"@type\":\"ListItem\",\"position\":2,\"name\":\"Services\",\"item\":\"https:\\\/\\\/www.trustedtranslations.com\\\/fr\\\/services\"},{\"@type\":\"ListItem\",\"position\":3,\"name\":\"Interpr\u00e9tation sur site\",\"item\":\"https:\\\/\\\/www.trustedtranslations.com\\\/fr\\\/services\\\/interpretation-sur-site\"},{\"@type\":\"ListItem\",\"position\":4,\"name\":\"Simultan\u00e9e\"}]},{\"@type\":\"WebSite\",\"@id\":\"https:\\\/\\\/www.trustedtranslations.com\\\/fr\\\/#website\",\"url\":\"https:\\\/\\\/www.trustedtranslations.com\\\/fr\\\/\",\"name\":\"Trusted Translations, Inc.\",\"description\":\"Leader in translation and interpretation services.\",\"publisher\":{\"@id\":\"https:\\\/\\\/www.trustedtranslations.com\\\/fr\\\/#organization\"},\"alternateName\":\"Trusted Translations\",\"potentialAction\":[{\"@type\":\"SearchAction\",\"target\":{\"@type\":\"EntryPoint\",\"urlTemplate\":\"https:\\\/\\\/www.trustedtranslations.com\\\/fr\\\/?s={search_term_string}\"},\"query-input\":{\"@type\":\"PropertyValueSpecification\",\"valueRequired\":true,\"valueName\":\"search_term_string\"}}],\"inLanguage\":\"fr-FR\"},{\"@type\":\"Organization\",\"@id\":\"https:\\\/\\\/www.trustedtranslations.com\\\/fr\\\/#organization\",\"name\":\"Trusted Translations\",\"alternateName\":\"Trusted Translations, Inc.\",\"url\":\"https:\\\/\\\/www.trustedtranslations.com\\\/fr\\\/\",\"logo\":{\"@type\":\"ImageObject\",\"inLanguage\":\"fr-FR\",\"@id\":\"https:\\\/\\\/www.trustedtranslations.com\\\/fr\\\/#\\\/schema\\\/logo\\\/image\\\/\",\"url\":\"https:\\\/\\\/static.trustedtranslations.com\\\/wp-content\\\/uploads\\\/2022\\\/01\\\/TT_logo_WSIColors-2.png\",\"contentUrl\":\"https:\\\/\\\/static.trustedtranslations.com\\\/wp-content\\\/uploads\\\/2022\\\/01\\\/TT_logo_WSIColors-2.png\",\"width\":500,\"height\":196,\"caption\":\"Trusted Translations\"},\"image\":{\"@id\":\"https:\\\/\\\/www.trustedtranslations.com\\\/fr\\\/#\\\/schema\\\/logo\\\/image\\\/\"},\"sameAs\":[\"https:\\\/\\\/www.facebook.com\\\/Trusted.Translations\",\"https:\\\/\\\/x.com\\\/TrustedT9ns\",\"https:\\\/\\\/www.linkedin.com\\\/company\\\/trusted-translations\"]}]}<\/script>\n<!-- \/ Yoast SEO plugin. -->","yoast_head_json":{"title":"Services d\u2019interpr\u00e9tation simultan\u00e9e - Trusted Translations, Inc.","description":"Trusted Translations fournit des services d\u2019interpr\u00e9tation simultan\u00e9e sur site pour conf\u00e9rences et grands \u00e9v\u00e9nements, avec des interpr\u00e8tes experts assurant une communication fluide et imm\u00e9diate.","robots":{"index":"index","follow":"follow","max-snippet":"max-snippet:-1","max-image-preview":"max-image-preview:large","max-video-preview":"max-video-preview:-1"},"canonical":"https:\/\/www.trustedtranslations.com\/fr\/services\/interpretation-sur-site\/simultanee","og_locale":"fr_FR","og_type":"article","og_title":"Services d\u2019interpr\u00e9tation simultan\u00e9e - Trusted Translations, Inc.","og_description":"Trusted Translations fournit des services d\u2019interpr\u00e9tation simultan\u00e9e sur site pour conf\u00e9rences et grands \u00e9v\u00e9nements, avec des interpr\u00e8tes experts assurant une communication fluide et imm\u00e9diate.","og_url":"https:\/\/www.trustedtranslations.com\/fr\/services\/interpretation-sur-site\/simultanee","og_site_name":"Trusted Translations, Inc.","article_publisher":"https:\/\/www.facebook.com\/Trusted.Translations","article_modified_time":"2025-12-09T21:19:52+00:00","og_image":[{"url":"https:\/\/www.trustedtranslations.com\/wp-content\/uploads\/2022\/08\/TT_NEW_FB-1.png","width":1,"height":1,"type":"image\/jpeg"}],"twitter_card":"summary_large_image","twitter_site":"@TrustedT9ns","schema":{"@context":"https:\/\/schema.org","@graph":[{"@type":"WebPage","@id":"https:\/\/www.trustedtranslations.com\/fr\/services\/interpretation-sur-site\/simultanee","url":"https:\/\/www.trustedtranslations.com\/fr\/services\/interpretation-sur-site\/simultanee","name":"Services d\u2019interpr\u00e9tation simultan\u00e9e - Trusted Translations, Inc.","isPartOf":{"@id":"https:\/\/www.trustedtranslations.com\/fr\/#website"},"primaryImageOfPage":{"@id":"https:\/\/www.trustedtranslations.com\/fr\/services\/interpretation-sur-site\/simultanee#primaryimage"},"image":{"@id":"https:\/\/www.trustedtranslations.com\/fr\/services\/interpretation-sur-site\/simultanee#primaryimage"},"thumbnailUrl":"https:\/\/www.trustedtranslations.com\/wp-content\/uploads\/2022\/08\/TT_NEW_FB-1.png","description":"Trusted Translations fournit des services d\u2019interpr\u00e9tation simultan\u00e9e sur site pour conf\u00e9rences et grands \u00e9v\u00e9nements, avec des interpr\u00e8tes experts assurant une communication fluide et imm\u00e9diate.","breadcrumb":{"@id":"https:\/\/www.trustedtranslations.com\/fr\/services\/interpretation-sur-site\/simultanee#breadcrumb"},"inLanguage":"fr-FR","potentialAction":[{"@type":"ReadAction","target":["https:\/\/www.trustedtranslations.com\/fr\/services\/interpretation-sur-site\/simultanee"]}]},{"@type":"ImageObject","inLanguage":"fr-FR","@id":"https:\/\/www.trustedtranslations.com\/fr\/services\/interpretation-sur-site\/simultanee#primaryimage","url":"https:\/\/www.trustedtranslations.com\/wp-content\/uploads\/2022\/08\/TT_NEW_FB-1.png","contentUrl":"https:\/\/www.trustedtranslations.com\/wp-content\/uploads\/2022\/08\/TT_NEW_FB-1.png","caption":"TT NEW FB 1"},{"@type":"BreadcrumbList","@id":"https:\/\/www.trustedtranslations.com\/fr\/services\/interpretation-sur-site\/simultanee#breadcrumb","itemListElement":[{"@type":"ListItem","position":1,"name":"Accueil","item":"https:\/\/www.trustedtranslations.com\/fr"},{"@type":"ListItem","position":2,"name":"Services","item":"https:\/\/www.trustedtranslations.com\/fr\/services"},{"@type":"ListItem","position":3,"name":"Interpr\u00e9tation sur site","item":"https:\/\/www.trustedtranslations.com\/fr\/services\/interpretation-sur-site"},{"@type":"ListItem","position":4,"name":"Simultan\u00e9e"}]},{"@type":"WebSite","@id":"https:\/\/www.trustedtranslations.com\/fr\/#website","url":"https:\/\/www.trustedtranslations.com\/fr\/","name":"Trusted Translations, Inc.","description":"Leader in translation and interpretation services.","publisher":{"@id":"https:\/\/www.trustedtranslations.com\/fr\/#organization"},"alternateName":"Trusted Translations","potentialAction":[{"@type":"SearchAction","target":{"@type":"EntryPoint","urlTemplate":"https:\/\/www.trustedtranslations.com\/fr\/?s={search_term_string}"},"query-input":{"@type":"PropertyValueSpecification","valueRequired":true,"valueName":"search_term_string"}}],"inLanguage":"fr-FR"},{"@type":"Organization","@id":"https:\/\/www.trustedtranslations.com\/fr\/#organization","name":"Trusted Translations","alternateName":"Trusted Translations, Inc.","url":"https:\/\/www.trustedtranslations.com\/fr\/","logo":{"@type":"ImageObject","inLanguage":"fr-FR","@id":"https:\/\/www.trustedtranslations.com\/fr\/#\/schema\/logo\/image\/","url":"https:\/\/static.trustedtranslations.com\/wp-content\/uploads\/2022\/01\/TT_logo_WSIColors-2.png","contentUrl":"https:\/\/static.trustedtranslations.com\/wp-content\/uploads\/2022\/01\/TT_logo_WSIColors-2.png","width":500,"height":196,"caption":"Trusted Translations"},"image":{"@id":"https:\/\/www.trustedtranslations.com\/fr\/#\/schema\/logo\/image\/"},"sameAs":["https:\/\/www.facebook.com\/Trusted.Translations","https:\/\/x.com\/TrustedT9ns","https:\/\/www.linkedin.com\/company\/trusted-translations"]}]}},"toolset-meta":{"dyk":{"mensaje-1":{"type":"textfield","raw":"Le droit f\u00e9d\u00e9ral des \u00c9tats-Unis exige des interpr\u00e8tes dans les tribunaux p\u00e9naux et civils."},"mensaje-2":{"type":"textfield","raw":"Les interpr\u00e8tes professionnels travaillent souvent en bin\u00f4me, car ce travail est tr\u00e8s exigeant sur le plan mental."},"mensaje-3":{"type":"textfield","raw":"Des interpr\u00e8tes form\u00e9s peuvent r\u00e9duire les erreurs de communication m\u00e9dicale jusqu'\u00e0 75\u00a0%."},"mensaje-4":{"type":"textfield","raw":"Le droit des \u00c9tats-Unis oblige les h\u00f4pitaux \u00e0 fournir des interpr\u00e8tes qualifi\u00e9s aux patients."},"mensaje-5":{"type":"textfield","raw":""},"mensaje-6":{"type":"textfield","raw":""}},"single-page-template-fields":{"imgs-temp":{"type":"image","raw":["https:\/\/static.trustedtranslations.com\/wp-content\/uploads\/2024\/07\/onsite-1-1.webp"],"repeatable":[{"raw":"https:\/\/static.trustedtranslations.com\/wp-content\/uploads\/2024\/07\/onsite-1-1.webp"}]},"imgs-temp-cel":{"type":"image","raw":[""],"repeatable":[{"raw":""}]},"img-temp-one-cel":{"type":"image","raw":"https:\/\/static.trustedtranslations.com\/wp-content\/uploads\/2024\/07\/speaker-business-conference-2-1.webp","attachment_id":null},"quotes":{"type":"textarea","raw":"<h1 style=\"margin-bottom: 12px;\">Services d\u2019interpr\u00e9tation simultan\u00e9e sur site<\/h1>\r\nL'une des formes les plus connues d'interpr\u00e9tation sur site est connue sous le nom d'interpr\u00e9tation simultan\u00e9e ou en temps r\u00e9el. Des conventions commerciales internationales aux salles d'audience, <em>Trusted Translations<\/em> fournit les meilleurs interpr\u00e8tes simultan\u00e9s au monde, offrant l'interpr\u00e9tation la plus fiable pour ces communications essentielles.\r\n<div style=\"margin-top: 2.5vw;\"><a class=\"tt-btn-main-cta\" href=\"https:\/\/www.trustedtranslations.com\/fr\/devis-traduction\">Demandez un devis gratuit<\/a><\/div>"},"text-1":{"type":"textarea","raw":"<h2>Interpr\u00e9tation pour de larges publics<\/h2>\r\nDans le cas de l'interpr\u00e9tation simultan\u00e9e, l'interpr\u00e8te (ou, souvent, une \u00e9quipe de deux ou plusieurs interpr\u00e8tes) interpr\u00e8te depuis un endroit situ\u00e9 \u00e0 proximit\u00e9 ou dans une cabine ferm\u00e9e pendant que l'orateur parle, cr\u00e9ant ainsi une exp\u00e9rience de communication pratiquement en temps r\u00e9el. Id\u00e9ale pour les \u00e9v\u00e9nements multilingues de grande envergure, tels que les conf\u00e9rences, l'interpr\u00e9tation simultan\u00e9e est le type d'interpr\u00e9tation en direct que vous connaissez peut-\u00eatre dans le cadre des travaux des Nations Unies, des discours pr\u00e9sidentiels diffus\u00e9s dans le monde entier ou des \u00e9v\u00e9nements sportifs internationaux tels que les Jeux olympiques.\r\n<h2>Interpr\u00e9ter la langue en temps r\u00e9el<\/h2>\r\nLes missions d'interpr\u00e9tation simultan\u00e9e sont plus complexes que celles impliquant la traduction cons\u00e9cutive. Les interpr\u00e8tes doivent \u00eatre extr\u00eamement rapides pour assimiler et interpr\u00e9ter la langue source avant de fournir une traduction orale la plus fluide possible dans la langue cible. \u00c9tant donn\u00e9 que les interpr\u00e8tes simultan\u00e9s doivent interpr\u00e9ter ce qu'ils entendent dans le contexte, plut\u00f4t qu'une approximation mot \u00e0 mot de base, il n'existe pas de technologie ou de logiciel qui puisse se rapprocher, m\u00eame de loin, de la fiabilit\u00e9 d'un v\u00e9ritable interpr\u00e8te sur site.\r\n\r\nLa rapidit\u00e9 et la fluidit\u00e9 de l'interpr\u00e9tation simultan\u00e9e exigent que les interpr\u00e8tes aient une vaste exp\u00e9rience et des r\u00e9f\u00e9rences irr\u00e9prochables. Chez Trusted Translations, notre \u00e9quipe comprend des interpr\u00e8tes simultan\u00e9s qui ont travaill\u00e9 avec les organisations les plus r\u00e9put\u00e9es de la communaut\u00e9 internationale, y compris l'ONU. \u00c0 ce titre, ils sont d\u00e9j\u00e0 familiaris\u00e9s avec des normes strictes de qualit\u00e9 d'interpr\u00e9tation ainsi qu'avec des sujets \u00e0 fort enjeu.\r\n\r\nL'interpr\u00e9tation simultan\u00e9e sur site s'appuie \u00e9galement sur certains \u00e9quipements sp\u00e9cialis\u00e9s, qui offrent \u00e0 la fois \u00e0 l'interpr\u00e8te et \u00e0 l'auditoire un son clair et de qualit\u00e9. Par exemple, les interpr\u00e8tes simultan\u00e9s utilisent souvent des cabines insonoris\u00e9es sp\u00e9cialement con\u00e7ues, des casques sans fil, des moniteurs de t\u00e9l\u00e9vision et des microphones haut de gamme. Pour de meilleurs r\u00e9sultats, il est important de travailler avec une \u00e9quipe qui peut vous fournir l'\u00e9quipement appropri\u00e9 de fabricants r\u00e9put\u00e9s."},"shortcode-map":{"type":"textfield","raw":""},"dyk-shortcode":{"type":"textfield","raw":"[elementor-template id=\"146546\"]"},"text-2":{"type":"textarea","raw":"<h2>Pourquoi choisir l'interpr\u00e9tation simultan\u00e9e\u00a0?<\/h2>\r\nParce que l'interpr\u00e9tation simultan\u00e9e se fait en temps r\u00e9el, elle permet \u00e9galement de gagner du temps, ce qui la rend id\u00e9ale pour les grandes conf\u00e9rences et les grandes r\u00e9unions qui impliquent d'importantes quantit\u00e9s d'informations. Pour les \u00e9v\u00e9nements auxquels participent un grand nombre de personnes et qui mettent en jeu plusieurs langues, l'interpr\u00e9tation simultan\u00e9e est l'option la plus efficace\u00a0: il n'est pas n\u00e9cessaire d'attendre que le discours de chaque orateur soit traduit a posteriori dans des dizaines ou des centaines de langues diff\u00e9rentes.\r\n\r\nDans le cadre de r\u00e9unions multilingues de nature plus sensible, telles que les environnements juridiques, diplomatiques ou commerciaux, l'interpr\u00e9tation simultan\u00e9e joue un r\u00f4le cl\u00e9, permettant une communication pr\u00e9cise, souvent d\u00e9licate et nuanc\u00e9e, entre tous les interlocuteurs. En outre, comme l'augmentation des \u00e9v\u00e9nements virtuels ou hybrides pendant la pand\u00e9mie a \u00e9largi le public \u00e0 de nouvelles langues et de nouveaux lieux, l'acquisition d'une interpr\u00e9tation pr\u00e9cise pour les \u00e9v\u00e9nements futurs est plus importante que jamais.\r\n\r\n<em>Trusted Translations<\/em> est \u00e9quip\u00e9 \u00e0 la fois de la technologie sp\u00e9cialis\u00e9e et des meilleurs interpr\u00e8tes pour r\u00e9pondre \u00e0 vos besoins d'interpr\u00e9tation simultan\u00e9e. Nos interpr\u00e8tes sont hautement qualifi\u00e9s et sp\u00e9cifiquement form\u00e9s \u00e0 l'interpr\u00e9tation simultan\u00e9e. Veuillez nous contacter pour en savoir plus sur la fa\u00e7on dont nous pouvons offrir des solutions rentables pour vos interpr\u00e9tations simultan\u00e9es sur site."},"state":{"type":"textfield","raw":""},"city":{"type":"textarea","raw":[""]}}},"_links":{"self":[{"href":"https:\/\/www.trustedtranslations.com\/fr\/wp-json\/wp\/v2\/pages\/153890","targetHints":{"allow":["GET"]}}],"collection":[{"href":"https:\/\/www.trustedtranslations.com\/fr\/wp-json\/wp\/v2\/pages"}],"about":[{"href":"https:\/\/www.trustedtranslations.com\/fr\/wp-json\/wp\/v2\/types\/page"}],"author":[{"embeddable":true,"href":"https:\/\/www.trustedtranslations.com\/fr\/wp-json\/wp\/v2\/users\/1"}],"replies":[{"embeddable":true,"href":"https:\/\/www.trustedtranslations.com\/fr\/wp-json\/wp\/v2\/comments?post=153890"}],"version-history":[{"count":0,"href":"https:\/\/www.trustedtranslations.com\/fr\/wp-json\/wp\/v2\/pages\/153890\/revisions"}],"up":[{"embeddable":true,"href":"https:\/\/www.trustedtranslations.com\/fr\/wp-json\/wp\/v2\/pages\/128996"}],"wp:featuredmedia":[{"embeddable":true,"href":"https:\/\/www.trustedtranslations.com\/fr\/wp-json\/wp\/v2\/media\/223057"}],"wp:attachment":[{"href":"https:\/\/www.trustedtranslations.com\/fr\/wp-json\/wp\/v2\/media?parent=153890"}],"curies":[{"name":"wp","href":"https:\/\/api.w.org\/{rel}","templated":true}]}}