{"id":160950,"date":"2022-07-15T16:30:03","date_gmt":"2022-07-15T16:30:03","guid":{"rendered":"https:\/\/www.trustedtranslations.com\/services\/localisation-d-applications\/android"},"modified":"2024-09-09T12:44:09","modified_gmt":"2024-09-09T15:44:09","slug":"android","status":"publish","type":"page","link":"https:\/\/www.trustedtranslations.com\/fr\/services\/localisation-dapplications\/android","title":{"rendered":"Android"},"content":{"rendered":"","protected":false},"excerpt":{"rendered":"","protected":false},"author":1,"featured_media":217958,"parent":129013,"menu_order":0,"comment_status":"closed","ping_status":"closed","template":"","meta":{"site-sidebar-layout":"default","site-content-layout":"default","ast-site-content-layout":"default","site-content-style":"default","site-sidebar-style":"default","ast-global-header-display":"","ast-banner-title-visibility":"","ast-main-header-display":"","ast-hfb-above-header-display":"","ast-hfb-below-header-display":"","ast-hfb-mobile-header-display":"","site-post-title":"disabled","ast-breadcrumbs-content":"","ast-featured-img":"","footer-sml-layout":"","ast-disable-related-posts":"","theme-transparent-header-meta":"default","adv-header-id-meta":"","stick-header-meta":"","header-above-stick-meta":"","header-main-stick-meta":"","header-below-stick-meta":"","astra-migrate-meta-layouts":"set","ast-page-background-enabled":"default","ast-page-background-meta":{"desktop":{"background-color":"var(--ast-global-color-4)","background-image":"","background-repeat":"repeat","background-position":"center center","background-size":"auto","background-attachment":"scroll","background-type":"","background-media":"","overlay-type":"","overlay-color":"","overlay-opacity":"","overlay-gradient":""},"tablet":{"background-color":"","background-image":"","background-repeat":"repeat","background-position":"center center","background-size":"auto","background-attachment":"scroll","background-type":"","background-media":"","overlay-type":"","overlay-color":"","overlay-opacity":"","overlay-gradient":""},"mobile":{"background-color":"","background-image":"","background-repeat":"repeat","background-position":"center center","background-size":"auto","background-attachment":"scroll","background-type":"","background-media":"","overlay-type":"","overlay-color":"","overlay-opacity":"","overlay-gradient":""}},"ast-content-background-meta":{"desktop":{"background-color":"var(--ast-global-color-5)","background-image":"","background-repeat":"repeat","background-position":"center center","background-size":"auto","background-attachment":"scroll","background-type":"","background-media":"","overlay-type":"","overlay-color":"","overlay-opacity":"","overlay-gradient":""},"tablet":{"background-color":"var(--ast-global-color-5)","background-image":"","background-repeat":"repeat","background-position":"center center","background-size":"auto","background-attachment":"scroll","background-type":"","background-media":"","overlay-type":"","overlay-color":"","overlay-opacity":"","overlay-gradient":""},"mobile":{"background-color":"var(--ast-global-color-5)","background-image":"","background-repeat":"repeat","background-position":"center center","background-size":"auto","background-attachment":"scroll","background-type":"","background-media":"","overlay-type":"","overlay-color":"","overlay-opacity":"","overlay-gradient":""}},"footnotes":""},"class_list":["post-160950","page","type-page","status-publish","has-post-thumbnail","hentry"],"yoast_head":"<!-- This site is optimized with the Yoast SEO plugin v27.3 - https:\/\/yoast.com\/product\/yoast-seo-wordpress\/ -->\n<title>Localisation d\u2019applications Android - Trusted Translations, Inc.<\/title>\n<meta name=\"description\" content=\"Trusted Translations est l&#039;un des principaux fournisseurs de services de localisation d&#039;applications Android. Nous localisons et traduisons tous les types d&#039;applications mobiles pour pratiquement tous les march\u00e9s et tous les appareils.\" \/>\n<meta name=\"robots\" content=\"index, follow, max-snippet:-1, max-image-preview:large, max-video-preview:-1\" \/>\n<link rel=\"canonical\" href=\"https:\/\/www.trustedtranslations.com\/fr\/services\/localisation-dapplications\/android\" \/>\n<meta property=\"og:locale\" content=\"fr_FR\" \/>\n<meta property=\"og:type\" content=\"article\" \/>\n<meta property=\"og:title\" content=\"Localisation d\u2019applications Android - Trusted Translations, Inc.\" \/>\n<meta property=\"og:description\" content=\"Trusted Translations est l&#039;un des principaux fournisseurs de services de localisation d&#039;applications Android. Nous localisons et traduisons tous les types d&#039;applications mobiles pour pratiquement tous les march\u00e9s et tous les appareils.\" \/>\n<meta property=\"og:url\" content=\"https:\/\/www.trustedtranslations.com\/fr\/services\/localisation-dapplications\/android\" \/>\n<meta property=\"og:site_name\" content=\"Trusted Translations, Inc.\" \/>\n<meta property=\"article:publisher\" content=\"https:\/\/www.facebook.com\/Trusted.Translations\" \/>\n<meta property=\"article:modified_time\" content=\"2024-09-09T15:44:09+00:00\" \/>\n<meta property=\"og:image\" content=\"https:\/\/www.trustedtranslations.com\/wp-content\/uploads\/2022\/06\/tt-logo-2-1.webp\" \/>\n\t<meta property=\"og:image:width\" content=\"216\" \/>\n\t<meta property=\"og:image:height\" content=\"94\" \/>\n\t<meta property=\"og:image:type\" content=\"image\/webp\" \/>\n<meta name=\"twitter:card\" content=\"summary_large_image\" \/>\n<meta name=\"twitter:site\" content=\"@TrustedT9ns\" \/>\n<script type=\"application\/ld+json\" class=\"yoast-schema-graph\">{\"@context\":\"https:\\\/\\\/schema.org\",\"@graph\":[{\"@type\":\"WebPage\",\"@id\":\"https:\\\/\\\/www.trustedtranslations.com\\\/fr\\\/services\\\/localisation-dapplications\\\/android\",\"url\":\"https:\\\/\\\/www.trustedtranslations.com\\\/fr\\\/services\\\/localisation-dapplications\\\/android\",\"name\":\"Localisation d\u2019applications Android - Trusted Translations, Inc.\",\"isPartOf\":{\"@id\":\"https:\\\/\\\/www.trustedtranslations.com\\\/fr\\\/#website\"},\"primaryImageOfPage\":{\"@id\":\"https:\\\/\\\/www.trustedtranslations.com\\\/fr\\\/services\\\/localisation-dapplications\\\/android#primaryimage\"},\"image\":{\"@id\":\"https:\\\/\\\/www.trustedtranslations.com\\\/fr\\\/services\\\/localisation-dapplications\\\/android#primaryimage\"},\"thumbnailUrl\":\"\",\"description\":\"Trusted Translations est l'un des principaux fournisseurs de services de localisation d'applications Android. Nous localisons et traduisons tous les types d'applications mobiles pour pratiquement tous les march\u00e9s et tous les appareils.\",\"breadcrumb\":{\"@id\":\"https:\\\/\\\/www.trustedtranslations.com\\\/fr\\\/services\\\/localisation-dapplications\\\/android#breadcrumb\"},\"inLanguage\":\"fr-FR\",\"potentialAction\":[{\"@type\":\"ReadAction\",\"target\":[\"https:\\\/\\\/www.trustedtranslations.com\\\/fr\\\/services\\\/localisation-dapplications\\\/android\"]}]},{\"@type\":\"ImageObject\",\"inLanguage\":\"fr-FR\",\"@id\":\"https:\\\/\\\/www.trustedtranslations.com\\\/fr\\\/services\\\/localisation-dapplications\\\/android#primaryimage\",\"url\":\"\",\"contentUrl\":\"\"},{\"@type\":\"BreadcrumbList\",\"@id\":\"https:\\\/\\\/www.trustedtranslations.com\\\/fr\\\/services\\\/localisation-dapplications\\\/android#breadcrumb\",\"itemListElement\":[{\"@type\":\"ListItem\",\"position\":1,\"name\":\"Accueil\",\"item\":\"https:\\\/\\\/www.trustedtranslations.com\\\/fr\"},{\"@type\":\"ListItem\",\"position\":2,\"name\":\"Services\",\"item\":\"https:\\\/\\\/www.trustedtranslations.com\\\/fr\\\/services\"},{\"@type\":\"ListItem\",\"position\":3,\"name\":\"Localisation d\u2019applications\",\"item\":\"https:\\\/\\\/www.trustedtranslations.com\\\/fr\\\/services\\\/localisation-dapplications\"},{\"@type\":\"ListItem\",\"position\":4,\"name\":\"Android\"}]},{\"@type\":\"WebSite\",\"@id\":\"https:\\\/\\\/www.trustedtranslations.com\\\/fr\\\/#website\",\"url\":\"https:\\\/\\\/www.trustedtranslations.com\\\/fr\\\/\",\"name\":\"Trusted Translations, Inc.\",\"description\":\"Leader in translation and interpretation services.\",\"publisher\":{\"@id\":\"https:\\\/\\\/www.trustedtranslations.com\\\/fr\\\/#organization\"},\"alternateName\":\"Trusted Translations\",\"potentialAction\":[{\"@type\":\"SearchAction\",\"target\":{\"@type\":\"EntryPoint\",\"urlTemplate\":\"https:\\\/\\\/www.trustedtranslations.com\\\/fr\\\/?s={search_term_string}\"},\"query-input\":{\"@type\":\"PropertyValueSpecification\",\"valueRequired\":true,\"valueName\":\"search_term_string\"}}],\"inLanguage\":\"fr-FR\"},{\"@type\":\"Organization\",\"@id\":\"https:\\\/\\\/www.trustedtranslations.com\\\/fr\\\/#organization\",\"name\":\"Trusted Translations\",\"alternateName\":\"Trusted Translations, Inc.\",\"url\":\"https:\\\/\\\/www.trustedtranslations.com\\\/fr\\\/\",\"logo\":{\"@type\":\"ImageObject\",\"inLanguage\":\"fr-FR\",\"@id\":\"https:\\\/\\\/www.trustedtranslations.com\\\/fr\\\/#\\\/schema\\\/logo\\\/image\\\/\",\"url\":\"https:\\\/\\\/static.trustedtranslations.com\\\/wp-content\\\/uploads\\\/2022\\\/01\\\/TT_logo_WSIColors-2.png\",\"contentUrl\":\"https:\\\/\\\/static.trustedtranslations.com\\\/wp-content\\\/uploads\\\/2022\\\/01\\\/TT_logo_WSIColors-2.png\",\"width\":500,\"height\":196,\"caption\":\"Trusted Translations\"},\"image\":{\"@id\":\"https:\\\/\\\/www.trustedtranslations.com\\\/fr\\\/#\\\/schema\\\/logo\\\/image\\\/\"},\"sameAs\":[\"https:\\\/\\\/www.facebook.com\\\/Trusted.Translations\",\"https:\\\/\\\/x.com\\\/TrustedT9ns\",\"https:\\\/\\\/www.linkedin.com\\\/company\\\/trusted-translations\"]}]}<\/script>\n<!-- \/ Yoast SEO plugin. -->","yoast_head_json":{"title":"Localisation d\u2019applications Android - Trusted Translations, Inc.","description":"Trusted Translations est l'un des principaux fournisseurs de services de localisation d'applications Android. Nous localisons et traduisons tous les types d'applications mobiles pour pratiquement tous les march\u00e9s et tous les appareils.","robots":{"index":"index","follow":"follow","max-snippet":"max-snippet:-1","max-image-preview":"max-image-preview:large","max-video-preview":"max-video-preview:-1"},"canonical":"https:\/\/www.trustedtranslations.com\/fr\/services\/localisation-dapplications\/android","og_locale":"fr_FR","og_type":"article","og_title":"Localisation d\u2019applications Android - Trusted Translations, Inc.","og_description":"Trusted Translations est l'un des principaux fournisseurs de services de localisation d'applications Android. Nous localisons et traduisons tous les types d'applications mobiles pour pratiquement tous les march\u00e9s et tous les appareils.","og_url":"https:\/\/www.trustedtranslations.com\/fr\/services\/localisation-dapplications\/android","og_site_name":"Trusted Translations, Inc.","article_publisher":"https:\/\/www.facebook.com\/Trusted.Translations","article_modified_time":"2024-09-09T15:44:09+00:00","og_image":[{"width":216,"height":94,"url":"https:\/\/www.trustedtranslations.com\/wp-content\/uploads\/2022\/06\/tt-logo-2-1.webp","type":"image\/webp"}],"twitter_card":"summary_large_image","twitter_site":"@TrustedT9ns","schema":{"@context":"https:\/\/schema.org","@graph":[{"@type":"WebPage","@id":"https:\/\/www.trustedtranslations.com\/fr\/services\/localisation-dapplications\/android","url":"https:\/\/www.trustedtranslations.com\/fr\/services\/localisation-dapplications\/android","name":"Localisation d\u2019applications Android - Trusted Translations, Inc.","isPartOf":{"@id":"https:\/\/www.trustedtranslations.com\/fr\/#website"},"primaryImageOfPage":{"@id":"https:\/\/www.trustedtranslations.com\/fr\/services\/localisation-dapplications\/android#primaryimage"},"image":{"@id":"https:\/\/www.trustedtranslations.com\/fr\/services\/localisation-dapplications\/android#primaryimage"},"thumbnailUrl":"","description":"Trusted Translations est l'un des principaux fournisseurs de services de localisation d'applications Android. Nous localisons et traduisons tous les types d'applications mobiles pour pratiquement tous les march\u00e9s et tous les appareils.","breadcrumb":{"@id":"https:\/\/www.trustedtranslations.com\/fr\/services\/localisation-dapplications\/android#breadcrumb"},"inLanguage":"fr-FR","potentialAction":[{"@type":"ReadAction","target":["https:\/\/www.trustedtranslations.com\/fr\/services\/localisation-dapplications\/android"]}]},{"@type":"ImageObject","inLanguage":"fr-FR","@id":"https:\/\/www.trustedtranslations.com\/fr\/services\/localisation-dapplications\/android#primaryimage","url":"","contentUrl":""},{"@type":"BreadcrumbList","@id":"https:\/\/www.trustedtranslations.com\/fr\/services\/localisation-dapplications\/android#breadcrumb","itemListElement":[{"@type":"ListItem","position":1,"name":"Accueil","item":"https:\/\/www.trustedtranslations.com\/fr"},{"@type":"ListItem","position":2,"name":"Services","item":"https:\/\/www.trustedtranslations.com\/fr\/services"},{"@type":"ListItem","position":3,"name":"Localisation d\u2019applications","item":"https:\/\/www.trustedtranslations.com\/fr\/services\/localisation-dapplications"},{"@type":"ListItem","position":4,"name":"Android"}]},{"@type":"WebSite","@id":"https:\/\/www.trustedtranslations.com\/fr\/#website","url":"https:\/\/www.trustedtranslations.com\/fr\/","name":"Trusted Translations, Inc.","description":"Leader in translation and interpretation services.","publisher":{"@id":"https:\/\/www.trustedtranslations.com\/fr\/#organization"},"alternateName":"Trusted Translations","potentialAction":[{"@type":"SearchAction","target":{"@type":"EntryPoint","urlTemplate":"https:\/\/www.trustedtranslations.com\/fr\/?s={search_term_string}"},"query-input":{"@type":"PropertyValueSpecification","valueRequired":true,"valueName":"search_term_string"}}],"inLanguage":"fr-FR"},{"@type":"Organization","@id":"https:\/\/www.trustedtranslations.com\/fr\/#organization","name":"Trusted Translations","alternateName":"Trusted Translations, Inc.","url":"https:\/\/www.trustedtranslations.com\/fr\/","logo":{"@type":"ImageObject","inLanguage":"fr-FR","@id":"https:\/\/www.trustedtranslations.com\/fr\/#\/schema\/logo\/image\/","url":"https:\/\/static.trustedtranslations.com\/wp-content\/uploads\/2022\/01\/TT_logo_WSIColors-2.png","contentUrl":"https:\/\/static.trustedtranslations.com\/wp-content\/uploads\/2022\/01\/TT_logo_WSIColors-2.png","width":500,"height":196,"caption":"Trusted Translations"},"image":{"@id":"https:\/\/www.trustedtranslations.com\/fr\/#\/schema\/logo\/image\/"},"sameAs":["https:\/\/www.facebook.com\/Trusted.Translations","https:\/\/x.com\/TrustedT9ns","https:\/\/www.linkedin.com\/company\/trusted-translations"]}]}},"toolset-meta":{"dyk":{"mensaje-1":{"type":"textfield","raw":"Le march\u00e9 latino-am\u00e9ricain des jeux est domin\u00e9 par les jeux mobiles."},"mensaje-2":{"type":"textfield","raw":"Android est le syst\u00e8me de smartphone le plus populaire au monde."},"mensaje-3":{"type":"textfield","raw":"Les consommateurs de plus d'une douzaine de march\u00e9s mondiaux passent 4 \u00e0 5 heures par jour sur les applications mobiles."},"mensaje-4":{"type":"textfield","raw":"On pr\u00e9voit que les utilisateurs devraient d\u00e9penser 60\u00a0milliards de dollars dans le Google Play Store d'ici 2023."},"mensaje-5":{"type":"textfield","raw":""},"mensaje-6":{"type":"textfield","raw":""}},"single-page-template-fields":{"imgs-temp":{"type":"image","raw":["https:\/\/static.trustedtranslations.com\/wp-content\/uploads\/2024\/05\/android-apps-3-1.webp","https:\/\/static.trustedtranslations.com\/wp-content\/uploads\/2024\/07\/ios-localizatioon-2-1.webp"],"repeatable":[{"raw":"https:\/\/static.trustedtranslations.com\/wp-content\/uploads\/2024\/05\/android-apps-3-1.webp"},{"raw":"https:\/\/static.trustedtranslations.com\/wp-content\/uploads\/2024\/07\/ios-localizatioon-2-1.webp"}]},"imgs-temp-cel":{"type":"image","raw":[""],"repeatable":[{"raw":""}]},"img-temp-one-cel":{"type":"image","raw":"https:\/\/static.trustedtranslations.com\/wp-content\/uploads\/2024\/05\/shutterstock_1391584058-2-1.webp","attachment_id":null},"quotes":{"type":"textarea","raw":"<h1 style=\"margin-bottom: 12px;\">Localisation d\u2019applications Android<\/h1>\r\nVous \u00eates pr\u00eat(e) \u00e0 faire passer votre application Android au niveau sup\u00e9rieur\u00a0? Laissez <em>Trusted Translations<\/em> vous aider \u00e0 localiser votre application pour atteindre un public d'utilisateurs plus large et plus vari\u00e9 dans le monde entier.\r\n<div style=\"margin-top: 2.5vw;\"><a class=\"tt-btn-main-cta\" href=\"https:\/\/www.trustedtranslations.com\/fr\/devis-traduction\">Demandez un devis gratuit<\/a><\/div>"},"text-1":{"type":"textarea","raw":"<h2>Trusted Translations\u00a0: L\u2019un des trois prestataires de services linguistiques pour la traduction d\u2019applications expertes via Google Play Console<\/h2><em>Trusted Translations<\/em> est l'un des trois seuls fournisseurs de services de localisation\u00a0(LSP) \u00e0 proposer une traduction experte des applications via la console d\u00e9veloppeur de Google Play. Que vous soyez totalement novice en mati\u00e8re de localisation d'applications Android ou que vous soyez un(e) habitu\u00e9(e) \u00e0 la recherche de nouvelles id\u00e9es, nous avons ce qu'il vous faut.\r\n<h2>Pourquoi la localisation des applications Android est-elle importante\u00a0?<\/h2>\r\nNe pensez plus \u00e0 croquer dans \u00ab\u00a0<a href=\"https:\/\/www.trustedtranslations.com\/fr\/services\/localisation-dapplications\/ios\" rel=\"noopener\">Apple<\/a>\u00a0\u00bb- c\u2019est Android qui se taille la meilleure part du g\u00e2teau. Avec un syst\u00e8me d'exploitation mobile open source qui s'ex\u00e9cute sur divers appareils et dans de nombreuses r\u00e9gions, Android est le syst\u00e8me de smartphone le plus populaire au monde, avec une part de march\u00e9 des syst\u00e8mes d'exploitation mobiles de plus de 70\u00a0%. Il est \u00e9galement soutenu par le plus grand magasin d'applications au monde, Google Play Store, qui propose plus de 3,4\u00a0millions d'applications.\r\n\r\nComment une entreprise peut-elle distinguer ses applications de celles de ses concurrents sur un terrain de jeu aussi vaste\u00a0? La r\u00e9ponse\u00a0: <a href=\"https:\/\/www.trustedtranslations.com\/fr\/services\/localisation-dapplications\" rel=\"noopener\">la localisation des applications<\/a>.\r\n\r\nPour tirer parti de la popularit\u00e9 mondiale croissante d'Android, vos applications doivent \u00eatre localis\u00e9es pour des r\u00e9gions sp\u00e9cifiques. Par exemple, l'Am\u00e9rique latine est un march\u00e9 des jeux \u00ab\u00a0mobile-first\u00a0\u00bb d'une valeur de 3,5\u00a0milliards de dollars de recettes, un march\u00e9 o\u00f9 la majorit\u00e9 des utilisateurs acc\u00e8dent aux jeux via leur t\u00e9l\u00e9phone.\r\n\r\nEn effet, des recherches ont montr\u00e9 que la plupart des consommateurs pr\u00e9f\u00e8rent acheter dans leur propre langue, en particulier lorsque les entreprises font l'effort d'ajouter des fonctionnalit\u00e9s localis\u00e9es telles que la devise et l\u2019assistance sp\u00e9cifique au pays. Pour les applications soigneusement localis\u00e9es, des march\u00e9s comme celui-ci repr\u00e9sentent une opportunit\u00e9 incroyable.\r\n<h2>Comment fonctionne la localisation d'applications<\/h2>\r\nEn quoi la localisation diff\u00e8re-t-elle de la traduction classique\u00a0? C'est l'\u00e9tape qui va le plus loin.\r\n\r\nLa localisation est le processus d'adaptation de votre application pour s'adapter \u00e0 la langue, \u00e0 la culture et aux nuances d'utilisation d'une r\u00e9gion sp\u00e9cifique. Elle est essentielle pour \u00e9viter les erreurs d'exp\u00e9rience utilisateur et gagner une base de clients fid\u00e8les. Par exemple, si vous \u00eates habitu\u00e9 aux dates \u00e9crites au format \u00ab\u00a0mois-jour\u00a0\u00bb, vous n'ach\u00e8terez probablement pas sur une application de compagnie a\u00e9rienne qui n'utilise que le format \u00ab\u00a0jour-mois\u00a0\u00bb.\r\n\r\n<img class=\"alignleft wp-image-157687\" src=\"https:\/\/static.trustedtranslations.com\/wp-content\/uploads\/2022\/08\/android-operating-system-logo-with-3d-smartphone-1-1-1.jpg\" alt=\"\" width=\"550\" height=\"430\" \/>Android propose une liste de contr\u00f4le de localisation pour vous aider \u00e0 maximiser le potentiel de diffusion de votre application. Comme vous pouvez le constater, la localisation implique du contenu textuel, des fichiers audio et vid\u00e9o, des syst\u00e8mes de mesure, des formats de date et d'heure, des devises, des graphiques, des ressources d'application par d\u00e9faut, des cha\u00eenes de texte, etc. L'objectif est de faire en sorte que chaque caract\u00e9ristique de votre application, du contenu \u00e0 l'interface en passant par l\u2019assistance utilisateur, soit parfaite pour le nouveau march\u00e9 en question.\r\n\r\nLa localisation est \u00e9galement un processus en plusieurs \u00e9tapes, depuis la recherche des langues et des lieux cibles, la conception et la gestion des cha\u00eenes de caract\u00e8res de l'interface utilisateur, jusqu'\u00e0 la traduction, les tests et le lancement. Il est particuli\u00e8rement important d'\u00e9laborer une strat\u00e9gie linguistique bas\u00e9e sur la strat\u00e9gie de march\u00e9. <em>Trusted Translations<\/em> peut \u00e9valuer quelles sont les langues cl\u00e9s pour votre r\u00e9gion cible et la fa\u00e7on dont les tendances du march\u00e9 doivent influencer votre processus de localisation.\r\n\r\nLa localisation \u00e9tant complexe, elle doit \u00eatre continue, c'est-\u00e0-dire se d\u00e9rouler tout au long du cycle de conception, de d\u00e9veloppement, de livraison et de test. Avec <em>Trusted Translations<\/em>, vous n'avez pas besoin d'\u00eatre un d\u00e9veloppeur Web ou un linguiste de niveau international pour g\u00e9n\u00e9rer des applications exceptionnelles. Nos experts sont pr\u00eats \u00e0 vous guider \u00e0 chaque \u00e9tape de ce processus \u00e0 plusieurs niveaux."},"shortcode-map":{"type":"textfield","raw":""},"dyk-shortcode":{"type":"textfield","raw":"[elementor-template id=\"146546\"]"},"text-2":{"type":"textarea","raw":"<h2>Traduction humaine et localisation d'applications<\/h2>\r\nBien que les outils de traduction automatique tels que Google Translate fonctionnent bien avec certains types de documents, les textes relatifs aux interfaces utilisateur\u00a0(IU) d\u00e9pendent fortement du contexte. Sans un v\u00e9ritable locuteur humain ma\u00eetrisant parfaitement la langue et la culture cibles, il est difficile de garantir la pr\u00e9cision\u00a0; sans pr\u00e9cision, l'application n'est pas utilisable.\r\n\r\nLa localisation ajoute la touche humaine qui est la cl\u00e9 du succ\u00e8s. Un mot en allemand se transformera-t-il en cinq mots en anglais, de sorte qu'il n'y aura plus de place sur l'\u00e9cran\u00a0? Une blague qui fait mouche en Espagne peut-elle accidentellement offusquer au Mexique\u00a0? Une \u00e9quipe humaine qui combine la ma\u00eetrise linguistique avec l'expertise industrielle et culturelle est n\u00e9cessaire, en particulier pour les r\u00e9gions avec une grande vari\u00e9t\u00e9 de dialectes, comme l'Am\u00e9rique latine.\r\n<h2>Services de localisation de <em>Trusted Translations<\/em><\/h2>\r\n<em><a href=\"https:\/\/trustedtranslations.com\/fr\" rel=\"noopener\">Trusted Translations<\/a><\/em> peut vous aider \u00e0 chaque \u00e9tape du processus, des cha\u00eenes de caract\u00e8res aux listes de magasins en passant par les produits disponibles en achat int\u00e9gr\u00e9 dans votre application. Quelle que soit la taille de votre entreprise, nous disposons du savoir-faire linguistique et technique \u00e9prouv\u00e9 pour localiser votre application dans des centaines de langues.\r\n\r\n<em>Trusted Translations<\/em> se distingue par les services sp\u00e9cialis\u00e9s que nous offrons au-del\u00e0 de la simple localisation, du d\u00e9but \u00e0 la fin d'un lancement d'application r\u00e9ussi.\r\n\r\nPar exemple, pendant que vous \u00e9laborerez votre produit et votre strat\u00e9gie de localisation, nous commencerons par partager notre vaste expertise en mati\u00e8re de d\u00e9veloppement d'applications et d'\u00e9tudes de march\u00e9. Ensuite, nous vous mettrons sur la voie du succ\u00e8s en effectuant des tests de convivialit\u00e9 dans votre pays cible, ainsi que la validation de l'application. Tester votre application localis\u00e9e pour diff\u00e9rents march\u00e9s vous permet de r\u00e9soudre tous les probl\u00e8mes avant son lancement officiel, ce qui vous fait gagner du temps et de l'argent.\r\n\r\n<img class=\"wp-image-157702 alignright\" src=\"https:\/\/static.trustedtranslations.com\/wp-content\/uploads\/2022\/08\/business-hand-with-mobile-phone-1-1-300x200.jpg\" alt=\"\" width=\"500\" height=\"334\" \/>Nous avons \u00e9galement pour objectif de fournir un processus de localisation continu qui ne s'arr\u00eate pas le jour du lancement de l\u2019application. Dans ce cadre, nous pouvons fournir un suivi des bogues et une assistance pour les versions \u00e0 livraison simultan\u00e9e (simship). Avec une version \u00ab\u00a0simship\u00a0\u00bb, vous lancerez votre produit sur tous les march\u00e9s cibles \u00e0 la fois, chez vous et dans le monde entier, dans les langues ad\u00e9quates. <em>Trusted Translations<\/em> peut s'assurer que vos versions sont coh\u00e9rentes sur tous les march\u00e9s et sur toutes les plateformes, g\u00e9n\u00e9rant ainsi davantage de revenus mondiaux.\r\n\r\nEnfin, nous pouvons vous aider \u00e0 localiser des contenus non adapt\u00e9s \u00e0 la Google Console, tels que des documents suppl\u00e9mentaires ou des \u00e9l\u00e9ments de communication marketing. Quel que soit votre projet, <em>Trusted Translations<\/em> est pr\u00eat \u00e0 mobiliser son expertise dans de nombreux domaines, tels que le contenu web, le sous-titrage et le doublage, et d'autres multim\u00e9dias.\r\n\r\nNotre \u00e9quipe polyvalente et compl\u00e8te cr\u00e9era des solutions de haute qualit\u00e9 pour tous vos besoins de <a href=\"https:\/\/www.trustedtranslations.com\/fr\/services\/localisation-dapplications\" rel=\"noopener\">localisation d'applications<\/a> Android. Contactez <em>Trusted Translations<\/em> d\u00e8s aujourd'hui pour en savoir plus."},"state":{"type":"textfield","raw":""},"city":{"type":"textarea","raw":[]}}},"_links":{"self":[{"href":"https:\/\/www.trustedtranslations.com\/fr\/wp-json\/wp\/v2\/pages\/160950","targetHints":{"allow":["GET"]}}],"collection":[{"href":"https:\/\/www.trustedtranslations.com\/fr\/wp-json\/wp\/v2\/pages"}],"about":[{"href":"https:\/\/www.trustedtranslations.com\/fr\/wp-json\/wp\/v2\/types\/page"}],"author":[{"embeddable":true,"href":"https:\/\/www.trustedtranslations.com\/fr\/wp-json\/wp\/v2\/users\/1"}],"replies":[{"embeddable":true,"href":"https:\/\/www.trustedtranslations.com\/fr\/wp-json\/wp\/v2\/comments?post=160950"}],"version-history":[{"count":0,"href":"https:\/\/www.trustedtranslations.com\/fr\/wp-json\/wp\/v2\/pages\/160950\/revisions"}],"up":[{"embeddable":true,"href":"https:\/\/www.trustedtranslations.com\/fr\/wp-json\/wp\/v2\/pages\/129013"}],"wp:featuredmedia":[{"embeddable":true,"href":"https:\/\/www.trustedtranslations.com\/fr\/wp-json\/"}],"wp:attachment":[{"href":"https:\/\/www.trustedtranslations.com\/fr\/wp-json\/wp\/v2\/media?parent=160950"}],"curies":[{"name":"wp","href":"https:\/\/api.w.org\/{rel}","templated":true}]}}