{"id":161549,"date":"2022-10-17T18:17:37","date_gmt":"2022-10-17T18:17:37","guid":{"rendered":"https:\/\/www.trustedtranslations.com\/?page_id=161549"},"modified":"2024-09-03T17:00:28","modified_gmt":"2024-09-03T20:00:28","slug":"contenu-multilingue","status":"publish","type":"page","link":"https:\/\/www.trustedtranslations.com\/fr\/services\/contenu-multilingue","title":{"rendered":"Contenu multilingue"},"content":{"rendered":"","protected":false},"excerpt":{"rendered":"","protected":false},"author":1,"featured_media":223057,"parent":129016,"menu_order":0,"comment_status":"closed","ping_status":"closed","template":"","meta":{"site-sidebar-layout":"default","site-content-layout":"default","ast-site-content-layout":"default","site-content-style":"default","site-sidebar-style":"default","ast-global-header-display":"","ast-banner-title-visibility":"","ast-main-header-display":"","ast-hfb-above-header-display":"","ast-hfb-below-header-display":"","ast-hfb-mobile-header-display":"","site-post-title":"disabled","ast-breadcrumbs-content":"","ast-featured-img":"","footer-sml-layout":"","ast-disable-related-posts":"","theme-transparent-header-meta":"default","adv-header-id-meta":"","stick-header-meta":"","header-above-stick-meta":"","header-main-stick-meta":"","header-below-stick-meta":"","astra-migrate-meta-layouts":"set","ast-page-background-enabled":"default","ast-page-background-meta":{"desktop":{"background-color":"var(--ast-global-color-4)","background-image":"","background-repeat":"repeat","background-position":"center center","background-size":"auto","background-attachment":"scroll","background-type":"","background-media":"","overlay-type":"","overlay-color":"","overlay-opacity":"","overlay-gradient":""},"tablet":{"background-color":"","background-image":"","background-repeat":"repeat","background-position":"center center","background-size":"auto","background-attachment":"scroll","background-type":"","background-media":"","overlay-type":"","overlay-color":"","overlay-opacity":"","overlay-gradient":""},"mobile":{"background-color":"","background-image":"","background-repeat":"repeat","background-position":"center center","background-size":"auto","background-attachment":"scroll","background-type":"","background-media":"","overlay-type":"","overlay-color":"","overlay-opacity":"","overlay-gradient":""}},"ast-content-background-meta":{"desktop":{"background-color":"var(--ast-global-color-5)","background-image":"","background-repeat":"repeat","background-position":"center center","background-size":"auto","background-attachment":"scroll","background-type":"","background-media":"","overlay-type":"","overlay-color":"","overlay-opacity":"","overlay-gradient":""},"tablet":{"background-color":"var(--ast-global-color-5)","background-image":"","background-repeat":"repeat","background-position":"center center","background-size":"auto","background-attachment":"scroll","background-type":"","background-media":"","overlay-type":"","overlay-color":"","overlay-opacity":"","overlay-gradient":""},"mobile":{"background-color":"var(--ast-global-color-5)","background-image":"","background-repeat":"repeat","background-position":"center center","background-size":"auto","background-attachment":"scroll","background-type":"","background-media":"","overlay-type":"","overlay-color":"","overlay-opacity":"","overlay-gradient":""}},"footnotes":""},"class_list":["post-161549","page","type-page","status-publish","has-post-thumbnail","hentry"],"yoast_head":"<!-- This site is optimized with the Yoast SEO plugin v27.3 - https:\/\/yoast.com\/product\/yoast-seo-wordpress\/ -->\n<title>Services de traduction de contenu multilingue - Trusted Translations, Inc.<\/title>\n<meta name=\"description\" content=\"Le contenu multilingue est essentiel pour les entreprises qui cherchent \u00e0 se d\u00e9velopper sur les march\u00e9s internationaux. Trusted Translations est sp\u00e9cialis\u00e9 dans la g\u00e9n\u00e9ration de contenu attractif et de haute qualit\u00e9 qui informe et suscite l\u2019int\u00e9r\u00eat des lecteurs dans un large \u00e9ventail de langues.\" \/>\n<meta name=\"robots\" content=\"index, follow, max-snippet:-1, max-image-preview:large, max-video-preview:-1\" \/>\n<link rel=\"canonical\" href=\"https:\/\/www.trustedtranslations.com\/fr\/services\/contenu-multilingue\" \/>\n<meta property=\"og:locale\" content=\"fr_FR\" \/>\n<meta property=\"og:type\" content=\"article\" \/>\n<meta property=\"og:title\" content=\"Services de traduction de contenu multilingue - Trusted Translations, Inc.\" \/>\n<meta property=\"og:description\" content=\"Le contenu multilingue est essentiel pour les entreprises qui cherchent \u00e0 se d\u00e9velopper sur les march\u00e9s internationaux. Trusted Translations est sp\u00e9cialis\u00e9 dans la g\u00e9n\u00e9ration de contenu attractif et de haute qualit\u00e9 qui informe et suscite l\u2019int\u00e9r\u00eat des lecteurs dans un large \u00e9ventail de langues.\" \/>\n<meta property=\"og:url\" content=\"https:\/\/www.trustedtranslations.com\/fr\/services\/contenu-multilingue\" \/>\n<meta property=\"og:site_name\" content=\"Trusted Translations, Inc.\" \/>\n<meta property=\"article:publisher\" content=\"https:\/\/www.facebook.com\/Trusted.Translations\" \/>\n<meta property=\"article:modified_time\" content=\"2024-09-03T20:00:28+00:00\" \/>\n<meta property=\"og:image\" content=\"https:\/\/static.trustedtranslations.com\/wp-content\/uploads\/2022\/08\/TT_NEW_FB-1.png\" \/>\n\t<meta property=\"og:image:width\" content=\"1\" \/>\n\t<meta property=\"og:image:height\" content=\"1\" \/>\n\t<meta property=\"og:image:type\" content=\"image\/jpeg\" \/>\n<meta name=\"twitter:card\" content=\"summary_large_image\" \/>\n<meta name=\"twitter:site\" content=\"@TrustedT9ns\" \/>\n<script type=\"application\/ld+json\" class=\"yoast-schema-graph\">{\"@context\":\"https:\\\/\\\/schema.org\",\"@graph\":[{\"@type\":\"WebPage\",\"@id\":\"https:\\\/\\\/www.trustedtranslations.com\\\/fr\\\/services\\\/contenu-multilingue\",\"url\":\"https:\\\/\\\/www.trustedtranslations.com\\\/fr\\\/services\\\/contenu-multilingue\",\"name\":\"Services de traduction de contenu multilingue - Trusted Translations, Inc.\",\"isPartOf\":{\"@id\":\"https:\\\/\\\/www.trustedtranslations.com\\\/fr\\\/#website\"},\"primaryImageOfPage\":{\"@id\":\"https:\\\/\\\/www.trustedtranslations.com\\\/fr\\\/services\\\/contenu-multilingue#primaryimage\"},\"image\":{\"@id\":\"https:\\\/\\\/www.trustedtranslations.com\\\/fr\\\/services\\\/contenu-multilingue#primaryimage\"},\"thumbnailUrl\":\"https:\\\/\\\/www.trustedtranslations.com\\\/wp-content\\\/uploads\\\/2022\\\/08\\\/TT_NEW_FB-1.png\",\"description\":\"Le contenu multilingue est essentiel pour les entreprises qui cherchent \u00e0 se d\u00e9velopper sur les march\u00e9s internationaux. Trusted Translations est sp\u00e9cialis\u00e9 dans la g\u00e9n\u00e9ration de contenu attractif et de haute qualit\u00e9 qui informe et suscite l\u2019int\u00e9r\u00eat des lecteurs dans un large \u00e9ventail de langues.\",\"breadcrumb\":{\"@id\":\"https:\\\/\\\/www.trustedtranslations.com\\\/fr\\\/services\\\/contenu-multilingue#breadcrumb\"},\"inLanguage\":\"fr-FR\",\"potentialAction\":[{\"@type\":\"ReadAction\",\"target\":[\"https:\\\/\\\/www.trustedtranslations.com\\\/fr\\\/services\\\/contenu-multilingue\"]}]},{\"@type\":\"ImageObject\",\"inLanguage\":\"fr-FR\",\"@id\":\"https:\\\/\\\/www.trustedtranslations.com\\\/fr\\\/services\\\/contenu-multilingue#primaryimage\",\"url\":\"https:\\\/\\\/www.trustedtranslations.com\\\/wp-content\\\/uploads\\\/2022\\\/08\\\/TT_NEW_FB-1.png\",\"contentUrl\":\"https:\\\/\\\/www.trustedtranslations.com\\\/wp-content\\\/uploads\\\/2022\\\/08\\\/TT_NEW_FB-1.png\",\"caption\":\"TT NEW FB 1\"},{\"@type\":\"BreadcrumbList\",\"@id\":\"https:\\\/\\\/www.trustedtranslations.com\\\/fr\\\/services\\\/contenu-multilingue#breadcrumb\",\"itemListElement\":[{\"@type\":\"ListItem\",\"position\":1,\"name\":\"Accueil\",\"item\":\"https:\\\/\\\/www.trustedtranslations.com\\\/fr\"},{\"@type\":\"ListItem\",\"position\":2,\"name\":\"Services\",\"item\":\"https:\\\/\\\/www.trustedtranslations.com\\\/fr\\\/services\"},{\"@type\":\"ListItem\",\"position\":3,\"name\":\"Contenu multilingue\"}]},{\"@type\":\"WebSite\",\"@id\":\"https:\\\/\\\/www.trustedtranslations.com\\\/fr\\\/#website\",\"url\":\"https:\\\/\\\/www.trustedtranslations.com\\\/fr\\\/\",\"name\":\"Trusted Translations, Inc.\",\"description\":\"Leader in translation and interpretation services.\",\"publisher\":{\"@id\":\"https:\\\/\\\/www.trustedtranslations.com\\\/fr\\\/#organization\"},\"alternateName\":\"Trusted Translations\",\"potentialAction\":[{\"@type\":\"SearchAction\",\"target\":{\"@type\":\"EntryPoint\",\"urlTemplate\":\"https:\\\/\\\/www.trustedtranslations.com\\\/fr\\\/?s={search_term_string}\"},\"query-input\":{\"@type\":\"PropertyValueSpecification\",\"valueRequired\":true,\"valueName\":\"search_term_string\"}}],\"inLanguage\":\"fr-FR\"},{\"@type\":\"Organization\",\"@id\":\"https:\\\/\\\/www.trustedtranslations.com\\\/fr\\\/#organization\",\"name\":\"Trusted Translations\",\"alternateName\":\"Trusted Translations, Inc.\",\"url\":\"https:\\\/\\\/www.trustedtranslations.com\\\/fr\\\/\",\"logo\":{\"@type\":\"ImageObject\",\"inLanguage\":\"fr-FR\",\"@id\":\"https:\\\/\\\/www.trustedtranslations.com\\\/fr\\\/#\\\/schema\\\/logo\\\/image\\\/\",\"url\":\"https:\\\/\\\/static.trustedtranslations.com\\\/wp-content\\\/uploads\\\/2022\\\/01\\\/TT_logo_WSIColors-2.png\",\"contentUrl\":\"https:\\\/\\\/static.trustedtranslations.com\\\/wp-content\\\/uploads\\\/2022\\\/01\\\/TT_logo_WSIColors-2.png\",\"width\":500,\"height\":196,\"caption\":\"Trusted Translations\"},\"image\":{\"@id\":\"https:\\\/\\\/www.trustedtranslations.com\\\/fr\\\/#\\\/schema\\\/logo\\\/image\\\/\"},\"sameAs\":[\"https:\\\/\\\/www.facebook.com\\\/Trusted.Translations\",\"https:\\\/\\\/x.com\\\/TrustedT9ns\",\"https:\\\/\\\/www.linkedin.com\\\/company\\\/trusted-translations\"]}]}<\/script>\n<!-- \/ Yoast SEO plugin. -->","yoast_head_json":{"title":"Services de traduction de contenu multilingue - Trusted Translations, Inc.","description":"Le contenu multilingue est essentiel pour les entreprises qui cherchent \u00e0 se d\u00e9velopper sur les march\u00e9s internationaux. Trusted Translations est sp\u00e9cialis\u00e9 dans la g\u00e9n\u00e9ration de contenu attractif et de haute qualit\u00e9 qui informe et suscite l\u2019int\u00e9r\u00eat des lecteurs dans un large \u00e9ventail de langues.","robots":{"index":"index","follow":"follow","max-snippet":"max-snippet:-1","max-image-preview":"max-image-preview:large","max-video-preview":"max-video-preview:-1"},"canonical":"https:\/\/www.trustedtranslations.com\/fr\/services\/contenu-multilingue","og_locale":"fr_FR","og_type":"article","og_title":"Services de traduction de contenu multilingue - Trusted Translations, Inc.","og_description":"Le contenu multilingue est essentiel pour les entreprises qui cherchent \u00e0 se d\u00e9velopper sur les march\u00e9s internationaux. Trusted Translations est sp\u00e9cialis\u00e9 dans la g\u00e9n\u00e9ration de contenu attractif et de haute qualit\u00e9 qui informe et suscite l\u2019int\u00e9r\u00eat des lecteurs dans un large \u00e9ventail de langues.","og_url":"https:\/\/www.trustedtranslations.com\/fr\/services\/contenu-multilingue","og_site_name":"Trusted Translations, Inc.","article_publisher":"https:\/\/www.facebook.com\/Trusted.Translations","article_modified_time":"2024-09-03T20:00:28+00:00","og_image":[{"url":"https:\/\/static.trustedtranslations.com\/wp-content\/uploads\/2022\/08\/TT_NEW_FB-1.png","width":1,"height":1,"type":"image\/jpeg"}],"twitter_card":"summary_large_image","twitter_site":"@TrustedT9ns","schema":{"@context":"https:\/\/schema.org","@graph":[{"@type":"WebPage","@id":"https:\/\/www.trustedtranslations.com\/fr\/services\/contenu-multilingue","url":"https:\/\/www.trustedtranslations.com\/fr\/services\/contenu-multilingue","name":"Services de traduction de contenu multilingue - Trusted Translations, Inc.","isPartOf":{"@id":"https:\/\/www.trustedtranslations.com\/fr\/#website"},"primaryImageOfPage":{"@id":"https:\/\/www.trustedtranslations.com\/fr\/services\/contenu-multilingue#primaryimage"},"image":{"@id":"https:\/\/www.trustedtranslations.com\/fr\/services\/contenu-multilingue#primaryimage"},"thumbnailUrl":"https:\/\/www.trustedtranslations.com\/wp-content\/uploads\/2022\/08\/TT_NEW_FB-1.png","description":"Le contenu multilingue est essentiel pour les entreprises qui cherchent \u00e0 se d\u00e9velopper sur les march\u00e9s internationaux. Trusted Translations est sp\u00e9cialis\u00e9 dans la g\u00e9n\u00e9ration de contenu attractif et de haute qualit\u00e9 qui informe et suscite l\u2019int\u00e9r\u00eat des lecteurs dans un large \u00e9ventail de langues.","breadcrumb":{"@id":"https:\/\/www.trustedtranslations.com\/fr\/services\/contenu-multilingue#breadcrumb"},"inLanguage":"fr-FR","potentialAction":[{"@type":"ReadAction","target":["https:\/\/www.trustedtranslations.com\/fr\/services\/contenu-multilingue"]}]},{"@type":"ImageObject","inLanguage":"fr-FR","@id":"https:\/\/www.trustedtranslations.com\/fr\/services\/contenu-multilingue#primaryimage","url":"https:\/\/www.trustedtranslations.com\/wp-content\/uploads\/2022\/08\/TT_NEW_FB-1.png","contentUrl":"https:\/\/www.trustedtranslations.com\/wp-content\/uploads\/2022\/08\/TT_NEW_FB-1.png","caption":"TT NEW FB 1"},{"@type":"BreadcrumbList","@id":"https:\/\/www.trustedtranslations.com\/fr\/services\/contenu-multilingue#breadcrumb","itemListElement":[{"@type":"ListItem","position":1,"name":"Accueil","item":"https:\/\/www.trustedtranslations.com\/fr"},{"@type":"ListItem","position":2,"name":"Services","item":"https:\/\/www.trustedtranslations.com\/fr\/services"},{"@type":"ListItem","position":3,"name":"Contenu multilingue"}]},{"@type":"WebSite","@id":"https:\/\/www.trustedtranslations.com\/fr\/#website","url":"https:\/\/www.trustedtranslations.com\/fr\/","name":"Trusted Translations, Inc.","description":"Leader in translation and interpretation services.","publisher":{"@id":"https:\/\/www.trustedtranslations.com\/fr\/#organization"},"alternateName":"Trusted Translations","potentialAction":[{"@type":"SearchAction","target":{"@type":"EntryPoint","urlTemplate":"https:\/\/www.trustedtranslations.com\/fr\/?s={search_term_string}"},"query-input":{"@type":"PropertyValueSpecification","valueRequired":true,"valueName":"search_term_string"}}],"inLanguage":"fr-FR"},{"@type":"Organization","@id":"https:\/\/www.trustedtranslations.com\/fr\/#organization","name":"Trusted Translations","alternateName":"Trusted Translations, Inc.","url":"https:\/\/www.trustedtranslations.com\/fr\/","logo":{"@type":"ImageObject","inLanguage":"fr-FR","@id":"https:\/\/www.trustedtranslations.com\/fr\/#\/schema\/logo\/image\/","url":"https:\/\/static.trustedtranslations.com\/wp-content\/uploads\/2022\/01\/TT_logo_WSIColors-2.png","contentUrl":"https:\/\/static.trustedtranslations.com\/wp-content\/uploads\/2022\/01\/TT_logo_WSIColors-2.png","width":500,"height":196,"caption":"Trusted Translations"},"image":{"@id":"https:\/\/www.trustedtranslations.com\/fr\/#\/schema\/logo\/image\/"},"sameAs":["https:\/\/www.facebook.com\/Trusted.Translations","https:\/\/x.com\/TrustedT9ns","https:\/\/www.linkedin.com\/company\/trusted-translations"]}]}},"toolset-meta":{"dyk":{"mensaje-1":{"type":"textfield","raw":"76% of online shoppers look for products in their own language."},"mensaje-2":{"type":"textfield","raw":"Most consumers prefer to connect with brands in their native language ."},"mensaje-3":{"type":"textfield","raw":"More than half of all Google queries are in languages other than English."},"mensaje-4":{"type":"textfield","raw":"Multilingual SEO can help bring more traffic to your site."},"mensaje-5":{"type":"textfield","raw":""},"mensaje-6":{"type":"textfield","raw":""}},"single-page-template-fields":{"imgs-temp":{"type":"image","raw":["https:\/\/static.trustedtranslations.com\/wp-content\/uploads\/2024\/05\/Group-141.webp"],"repeatable":[{"raw":"https:\/\/static.trustedtranslations.com\/wp-content\/uploads\/2024\/05\/Group-141.webp"}]},"imgs-temp-cel":{"type":"image","raw":[""],"repeatable":[{"raw":""}]},"img-temp-one-cel":{"type":"image","raw":"https:\/\/static.trustedtranslations.com\/wp-content\/uploads\/2024\/05\/Group-1-2-1.webp","attachment_id":null},"quotes":{"type":"textarea","raw":"<h1 style=\"margin-bottom: 12px>Contenu multilingue<\/h1>Le contenu multilingue est essentiel pour les entreprises qui cherchent \u00e0 se d\u00e9velopper sur les march\u00e9s internationaux. En cr\u00e9ant du contenu sur mesure pour les locuteurs de diff\u00e9rentes langues, votre entreprise peut \u00e9tendre sa port\u00e9e, cr\u00e9er des publics fid\u00e8les dans le monde entier et augmenter le trafic et les classements en ligne. Quelle que soit la complexit\u00e9, Trusted Translations travaillera avec vous pour produire un contenu attractif et de haute qualit\u00e9 qui informe et suscite l\u2019int\u00e9r\u00eat des lecteurs dans un large \u00e9ventail de langues.<div style=\"margin-top: 2.5vw;\"><a class=\"tt-btn-main-cta\" href=\"\/fr\/devis-traduction\">DEMANDEZ UN DEVIS GRATUIT<\/a><\/div>"},"text-1":{"type":"textarea","raw":"<h2 style=\"padding-bottom: 20px\">\u00a0Services de traduction de contenu multilingue<\/h2>La plupart des locuteurs de langues diff\u00e9rentes naviguent sur Internet, effectuent des achats et recherchent des informations exclusivement dans leur langue maternelle. En investissant dans un contenu multilingue qui s\u2019adresse directement \u00e0 ces clients, votre entreprise aura une longueur d\u2019avance pour atteindre de nouveaux march\u00e9s regorgeant de clients potentiels.\r\n\r\nUne strat\u00e9gie de contenu multilingue vous permet d\u2019aller au-del\u00e0 de la localisation de votre mat\u00e9riel dans d\u2019autres langues pour cr\u00e9er un contenu original dans plusieurs langues. Par rapport \u00e0 la traduction de contenu pr\u00e9existant, la cr\u00e9ation de contenu multilingue donne la priorit\u00e9 \u00e0 votre public cible d\u00e8s le d\u00e9part. Trusted Translations vous aidera \u00e0 \u00e9conomiser le temps, l\u2019\u00e9nergie et les co\u00fbts du processus de localisation, tout en veillant \u00e0 ce que votre contenu transmette un message qui s\u2019adresse au bon public, de la bonne mani\u00e8re et d\u00e8s le d\u00e9part. \r\n<h2 style=\"padding-bottom: 20px\">Avantages du contenu multilingue <\/h2>Dans l\u2019environnement en ligne actuel, o\u00f9 tout va tr\u00e8s vite, les consommateurs traitent des milliers d\u2019informations en quelques clics. \u00c0 la lumi\u00e8re de cela, il est essentiel d\u2019avoir un contenu qui se d\u00e9marque du flot de d\u00e9clarations g\u00e9n\u00e9rales et de publicit\u00e9s g\u00e9n\u00e9riques. \r\n\r\nUn contenu unique et authentique dans plusieurs langues est essentiel pour renforcer la confiance et la fid\u00e9lit\u00e9 des clients parmi les locuteurs natifs. Plus il est facile pour les clients de comprendre un contenu, de se sentir concern\u00e9 par celui-ci et de le partager, plus la r\u00e9putation de votre marque sur ce march\u00e9 augmentera de mani\u00e8re organique. \r\n\r\nLe contenu multilingue aide \u00e9galement votre mat\u00e9riel \u00e0 se d\u00e9marquer en mati\u00e8re de classements Internet. Un contenu de qualit\u00e9 est soigneusement calibr\u00e9 en fonction des expressions et des mots cl\u00e9s fr\u00e9quemment recherch\u00e9s dans la langue concern\u00e9e, plut\u00f4t que de les traduire simplement \u00e0 partir d\u2019un document qui n\u2019a pas \u00e9t\u00e9 cr\u00e9\u00e9 \u00e0 l\u2019origine dans cette langue. Par cons\u00e9quent, un contenu multilingue bien con\u00e7u peut rapidement augmenter le trafic vers votre site Internet et conduire \u00e0 un meilleur classement dans les moteurs de recherche."},"shortcode-map":{"type":"textfield","raw":""},"dyk-shortcode":{"type":"textfield","raw":"[elementor-template id=\"146546\"]"},"text-2":{"type":"textarea","raw":"<h2 style=\"padding-bottom: 20px\">Types de contenu multilingue <\/h2>Le contenu multilingue peut prendre plusieurs formes, dont la r\u00e9daction de contenu, la r\u00e9daction publicitaire, l\u2019\u00e9criture cr\u00e9ative et la transcr\u00e9ation. Souvent, les entreprises constatent qu\u2019une combinaison de ces modes est la meilleure approche pour atteindre un public aussi large que possible. Par cons\u00e9quent, lors de l\u2019\u00e9laboration d\u2019une strat\u00e9gie de contenu efficace, il est important de travailler avec une \u00e9quipe bien \u00e9quilibr\u00e9e qui a la flexibilit\u00e9 de passer facilement d\u2019une forme \u00e0 l\u2019autre. \r\n<h2 style=\"padding-bottom: 20px\">Nos services<\/h2>Trusted Translations fournit une \u00e9quipe de r\u00e9dacteurs Web multilingues chevronn\u00e9s. Nos r\u00e9dacteurs sont rompus aux diff\u00e9rents modes de r\u00e9daction n\u00e9cessaires \u00e0 la cr\u00e9ation d\u2019un contenu multilingue de premier ordre, qu\u2019il s\u2019agisse de r\u00e9daction de contenu, publicitaire ou cr\u00e9ative. Ils combinent des capacit\u00e9s d\u2019\u00e9criture professionnelles avec une compr\u00e9hension native des langues, produisant un contenu naturel et efficace qui s\u2019appuie sur l\u2019expertise de l\u2019industrie. \r\n\r\nTout le travail de nos r\u00e9dacteurs passe \u00e9galement par une \u00e9tape de r\u00e9vision finale rigoureuse pour garantir des livrables de haute qualit\u00e9. Nous accordons la priorit\u00e9 \u00e0 l\u2019exactitude, la confidentialit\u00e9 et l\u2019authenticit\u00e9 de nos services de contenu. En tant que partenaire de confiance de plus de 5 000 clients dans le monde, y compris des organisations gouvernementales, des entreprises du Fortune 500, des cabinets d\u2019avocats et des organisations \u00e0 but non lucratif, Trusted Translations est la solution fiable pour tous vos besoins en contenu multilingue au meilleur co\u00fbt."},"state":{"type":"textfield","raw":""},"city":{"type":"textarea","raw":[]}}},"_links":{"self":[{"href":"https:\/\/www.trustedtranslations.com\/fr\/wp-json\/wp\/v2\/pages\/161549","targetHints":{"allow":["GET"]}}],"collection":[{"href":"https:\/\/www.trustedtranslations.com\/fr\/wp-json\/wp\/v2\/pages"}],"about":[{"href":"https:\/\/www.trustedtranslations.com\/fr\/wp-json\/wp\/v2\/types\/page"}],"author":[{"embeddable":true,"href":"https:\/\/www.trustedtranslations.com\/fr\/wp-json\/wp\/v2\/users\/1"}],"replies":[{"embeddable":true,"href":"https:\/\/www.trustedtranslations.com\/fr\/wp-json\/wp\/v2\/comments?post=161549"}],"version-history":[{"count":0,"href":"https:\/\/www.trustedtranslations.com\/fr\/wp-json\/wp\/v2\/pages\/161549\/revisions"}],"up":[{"embeddable":true,"href":"https:\/\/www.trustedtranslations.com\/fr\/wp-json\/wp\/v2\/pages\/129016"}],"wp:featuredmedia":[{"embeddable":true,"href":"https:\/\/www.trustedtranslations.com\/fr\/wp-json\/wp\/v2\/media\/223057"}],"wp:attachment":[{"href":"https:\/\/www.trustedtranslations.com\/fr\/wp-json\/wp\/v2\/media?parent=161549"}],"curies":[{"name":"wp","href":"https:\/\/api.w.org\/{rel}","templated":true}]}}