{"id":161551,"date":"2022-10-17T18:17:55","date_gmt":"2022-10-17T18:17:55","guid":{"rendered":"https:\/\/www.trustedtranslations.com\/?page_id=161551"},"modified":"2024-09-09T13:05:10","modified_gmt":"2024-09-09T16:05:10","slug":"redaction-publicitaire","status":"publish","type":"page","link":"https:\/\/www.trustedtranslations.com\/fr\/services\/contenu-multilingue\/redaction-publicitaire","title":{"rendered":"R\u00e9daction publicitaire"},"content":{"rendered":"","protected":false},"excerpt":{"rendered":"","protected":false},"author":1,"featured_media":217958,"parent":161549,"menu_order":0,"comment_status":"closed","ping_status":"closed","template":"","meta":{"site-sidebar-layout":"default","site-content-layout":"default","ast-site-content-layout":"default","site-content-style":"default","site-sidebar-style":"default","ast-global-header-display":"","ast-banner-title-visibility":"","ast-main-header-display":"","ast-hfb-above-header-display":"","ast-hfb-below-header-display":"","ast-hfb-mobile-header-display":"","site-post-title":"disabled","ast-breadcrumbs-content":"","ast-featured-img":"","footer-sml-layout":"","theme-transparent-header-meta":"default","adv-header-id-meta":"","stick-header-meta":"","header-above-stick-meta":"","header-main-stick-meta":"","header-below-stick-meta":"","astra-migrate-meta-layouts":"set","ast-page-background-enabled":"default","ast-page-background-meta":{"desktop":{"background-color":"var(--ast-global-color-4)","background-image":"","background-repeat":"repeat","background-position":"center center","background-size":"auto","background-attachment":"scroll","background-type":"","background-media":"","overlay-type":"","overlay-color":"","overlay-opacity":"","overlay-gradient":""},"tablet":{"background-color":"","background-image":"","background-repeat":"repeat","background-position":"center center","background-size":"auto","background-attachment":"scroll","background-type":"","background-media":"","overlay-type":"","overlay-color":"","overlay-opacity":"","overlay-gradient":""},"mobile":{"background-color":"","background-image":"","background-repeat":"repeat","background-position":"center center","background-size":"auto","background-attachment":"scroll","background-type":"","background-media":"","overlay-type":"","overlay-color":"","overlay-opacity":"","overlay-gradient":""}},"ast-content-background-meta":{"desktop":{"background-color":"var(--ast-global-color-5)","background-image":"","background-repeat":"repeat","background-position":"center center","background-size":"auto","background-attachment":"scroll","background-type":"","background-media":"","overlay-type":"","overlay-color":"","overlay-opacity":"","overlay-gradient":""},"tablet":{"background-color":"var(--ast-global-color-5)","background-image":"","background-repeat":"repeat","background-position":"center center","background-size":"auto","background-attachment":"scroll","background-type":"","background-media":"","overlay-type":"","overlay-color":"","overlay-opacity":"","overlay-gradient":""},"mobile":{"background-color":"var(--ast-global-color-5)","background-image":"","background-repeat":"repeat","background-position":"center center","background-size":"auto","background-attachment":"scroll","background-type":"","background-media":"","overlay-type":"","overlay-color":"","overlay-opacity":"","overlay-gradient":""}},"footnotes":""},"class_list":["post-161551","page","type-page","status-publish","has-post-thumbnail","hentry"],"yoast_head":"<!-- This site is optimized with the Yoast SEO plugin v27.5 - https:\/\/yoast.com\/product\/yoast-seo-wordpress\/ -->\n<title>R\u00e9daction multilingue - Trusted Translations, Inc.<\/title>\n<meta name=\"description\" content=\"Notre \u00e9quipe de r\u00e9daction Trusted Translations vous aidera \u00e0 d\u00e9velopper du contenu publicitaire multilingue qui convertit les navigateurs en acheteurs et les clics en ventes.\" \/>\n<meta name=\"robots\" content=\"index, follow, max-snippet:-1, max-image-preview:large, max-video-preview:-1\" \/>\n<link rel=\"canonical\" href=\"https:\/\/www.trustedtranslations.com\/fr\/services\/contenu-multilingue\/redaction-publicitaire\" \/>\n<meta property=\"og:locale\" content=\"fr_FR\" \/>\n<meta property=\"og:type\" content=\"article\" \/>\n<meta property=\"og:title\" content=\"R\u00e9daction multilingue - Trusted Translations, Inc.\" \/>\n<meta property=\"og:description\" content=\"Notre \u00e9quipe de r\u00e9daction Trusted Translations vous aidera \u00e0 d\u00e9velopper du contenu publicitaire multilingue qui convertit les navigateurs en acheteurs et les clics en ventes.\" \/>\n<meta property=\"og:url\" content=\"https:\/\/www.trustedtranslations.com\/fr\/services\/contenu-multilingue\/redaction-publicitaire\" \/>\n<meta property=\"og:site_name\" content=\"Trusted Translations, Inc.\" \/>\n<meta property=\"article:publisher\" content=\"https:\/\/www.facebook.com\/Trusted.Translations\" \/>\n<meta property=\"article:modified_time\" content=\"2024-09-09T16:05:10+00:00\" \/>\n<meta property=\"og:image\" content=\"https:\/\/www.trustedtranslations.com\/wp-content\/uploads\/2022\/06\/tt-logo-2-1.webp\" \/>\n\t<meta property=\"og:image:width\" content=\"216\" \/>\n\t<meta property=\"og:image:height\" content=\"94\" \/>\n\t<meta property=\"og:image:type\" content=\"image\/webp\" \/>\n<meta name=\"twitter:card\" content=\"summary_large_image\" \/>\n<meta name=\"twitter:site\" content=\"@TrustedT9ns\" \/>\n<script type=\"application\/ld+json\" class=\"yoast-schema-graph\">{\"@context\":\"https:\\\/\\\/schema.org\",\"@graph\":[{\"@type\":\"WebPage\",\"@id\":\"https:\\\/\\\/www.trustedtranslations.com\\\/fr\\\/services\\\/contenu-multilingue\\\/redaction-publicitaire\",\"url\":\"https:\\\/\\\/www.trustedtranslations.com\\\/fr\\\/services\\\/contenu-multilingue\\\/redaction-publicitaire\",\"name\":\"R\u00e9daction multilingue - Trusted Translations, Inc.\",\"isPartOf\":{\"@id\":\"https:\\\/\\\/www.trustedtranslations.com\\\/fr\\\/#website\"},\"primaryImageOfPage\":{\"@id\":\"https:\\\/\\\/www.trustedtranslations.com\\\/fr\\\/services\\\/contenu-multilingue\\\/redaction-publicitaire#primaryimage\"},\"image\":{\"@id\":\"https:\\\/\\\/www.trustedtranslations.com\\\/fr\\\/services\\\/contenu-multilingue\\\/redaction-publicitaire#primaryimage\"},\"thumbnailUrl\":\"\",\"description\":\"Notre \u00e9quipe de r\u00e9daction Trusted Translations vous aidera \u00e0 d\u00e9velopper du contenu publicitaire multilingue qui convertit les navigateurs en acheteurs et les clics en ventes.\",\"breadcrumb\":{\"@id\":\"https:\\\/\\\/www.trustedtranslations.com\\\/fr\\\/services\\\/contenu-multilingue\\\/redaction-publicitaire#breadcrumb\"},\"inLanguage\":\"fr-FR\",\"potentialAction\":[{\"@type\":\"ReadAction\",\"target\":[\"https:\\\/\\\/www.trustedtranslations.com\\\/fr\\\/services\\\/contenu-multilingue\\\/redaction-publicitaire\"]}]},{\"@type\":\"ImageObject\",\"inLanguage\":\"fr-FR\",\"@id\":\"https:\\\/\\\/www.trustedtranslations.com\\\/fr\\\/services\\\/contenu-multilingue\\\/redaction-publicitaire#primaryimage\",\"url\":\"\",\"contentUrl\":\"\"},{\"@type\":\"BreadcrumbList\",\"@id\":\"https:\\\/\\\/www.trustedtranslations.com\\\/fr\\\/services\\\/contenu-multilingue\\\/redaction-publicitaire#breadcrumb\",\"itemListElement\":[{\"@type\":\"ListItem\",\"position\":1,\"name\":\"Accueil\",\"item\":\"https:\\\/\\\/www.trustedtranslations.com\\\/fr\"},{\"@type\":\"ListItem\",\"position\":2,\"name\":\"Services\",\"item\":\"https:\\\/\\\/www.trustedtranslations.com\\\/fr\\\/services\"},{\"@type\":\"ListItem\",\"position\":3,\"name\":\"Contenu multilingue\",\"item\":\"https:\\\/\\\/www.trustedtranslations.com\\\/fr\\\/services\\\/contenu-multilingue\"},{\"@type\":\"ListItem\",\"position\":4,\"name\":\"R\u00e9daction publicitaire\"}]},{\"@type\":\"WebSite\",\"@id\":\"https:\\\/\\\/www.trustedtranslations.com\\\/fr\\\/#website\",\"url\":\"https:\\\/\\\/www.trustedtranslations.com\\\/fr\\\/\",\"name\":\"Trusted Translations, Inc.\",\"description\":\"Leader in translation and interpretation services.\",\"publisher\":{\"@id\":\"https:\\\/\\\/www.trustedtranslations.com\\\/fr\\\/#organization\"},\"alternateName\":\"Trusted Translations\",\"potentialAction\":[{\"@type\":\"SearchAction\",\"target\":{\"@type\":\"EntryPoint\",\"urlTemplate\":\"https:\\\/\\\/www.trustedtranslations.com\\\/fr\\\/?s={search_term_string}\"},\"query-input\":{\"@type\":\"PropertyValueSpecification\",\"valueRequired\":true,\"valueName\":\"search_term_string\"}}],\"inLanguage\":\"fr-FR\"},{\"@type\":\"Organization\",\"@id\":\"https:\\\/\\\/www.trustedtranslations.com\\\/fr\\\/#organization\",\"name\":\"Trusted Translations\",\"alternateName\":\"Trusted Translations, Inc.\",\"url\":\"https:\\\/\\\/www.trustedtranslations.com\\\/fr\\\/\",\"logo\":{\"@type\":\"ImageObject\",\"inLanguage\":\"fr-FR\",\"@id\":\"https:\\\/\\\/www.trustedtranslations.com\\\/fr\\\/#\\\/schema\\\/logo\\\/image\\\/\",\"url\":\"https:\\\/\\\/static.trustedtranslations.com\\\/wp-content\\\/uploads\\\/2022\\\/01\\\/TT_logo_WSIColors-2.png\",\"contentUrl\":\"https:\\\/\\\/static.trustedtranslations.com\\\/wp-content\\\/uploads\\\/2022\\\/01\\\/TT_logo_WSIColors-2.png\",\"width\":500,\"height\":196,\"caption\":\"Trusted Translations\"},\"image\":{\"@id\":\"https:\\\/\\\/www.trustedtranslations.com\\\/fr\\\/#\\\/schema\\\/logo\\\/image\\\/\"},\"sameAs\":[\"https:\\\/\\\/www.facebook.com\\\/Trusted.Translations\",\"https:\\\/\\\/x.com\\\/TrustedT9ns\",\"https:\\\/\\\/www.linkedin.com\\\/company\\\/trusted-translations\"]}]}<\/script>\n<!-- \/ Yoast SEO plugin. -->","yoast_head_json":{"title":"R\u00e9daction multilingue - Trusted Translations, Inc.","description":"Notre \u00e9quipe de r\u00e9daction Trusted Translations vous aidera \u00e0 d\u00e9velopper du contenu publicitaire multilingue qui convertit les navigateurs en acheteurs et les clics en ventes.","robots":{"index":"index","follow":"follow","max-snippet":"max-snippet:-1","max-image-preview":"max-image-preview:large","max-video-preview":"max-video-preview:-1"},"canonical":"https:\/\/www.trustedtranslations.com\/fr\/services\/contenu-multilingue\/redaction-publicitaire","og_locale":"fr_FR","og_type":"article","og_title":"R\u00e9daction multilingue - Trusted Translations, Inc.","og_description":"Notre \u00e9quipe de r\u00e9daction Trusted Translations vous aidera \u00e0 d\u00e9velopper du contenu publicitaire multilingue qui convertit les navigateurs en acheteurs et les clics en ventes.","og_url":"https:\/\/www.trustedtranslations.com\/fr\/services\/contenu-multilingue\/redaction-publicitaire","og_site_name":"Trusted Translations, Inc.","article_publisher":"https:\/\/www.facebook.com\/Trusted.Translations","article_modified_time":"2024-09-09T16:05:10+00:00","og_image":[{"width":216,"height":94,"url":"https:\/\/www.trustedtranslations.com\/wp-content\/uploads\/2022\/06\/tt-logo-2-1.webp","type":"image\/webp"}],"twitter_card":"summary_large_image","twitter_site":"@TrustedT9ns","schema":{"@context":"https:\/\/schema.org","@graph":[{"@type":"WebPage","@id":"https:\/\/www.trustedtranslations.com\/fr\/services\/contenu-multilingue\/redaction-publicitaire","url":"https:\/\/www.trustedtranslations.com\/fr\/services\/contenu-multilingue\/redaction-publicitaire","name":"R\u00e9daction multilingue - Trusted Translations, Inc.","isPartOf":{"@id":"https:\/\/www.trustedtranslations.com\/fr\/#website"},"primaryImageOfPage":{"@id":"https:\/\/www.trustedtranslations.com\/fr\/services\/contenu-multilingue\/redaction-publicitaire#primaryimage"},"image":{"@id":"https:\/\/www.trustedtranslations.com\/fr\/services\/contenu-multilingue\/redaction-publicitaire#primaryimage"},"thumbnailUrl":"","description":"Notre \u00e9quipe de r\u00e9daction Trusted Translations vous aidera \u00e0 d\u00e9velopper du contenu publicitaire multilingue qui convertit les navigateurs en acheteurs et les clics en ventes.","breadcrumb":{"@id":"https:\/\/www.trustedtranslations.com\/fr\/services\/contenu-multilingue\/redaction-publicitaire#breadcrumb"},"inLanguage":"fr-FR","potentialAction":[{"@type":"ReadAction","target":["https:\/\/www.trustedtranslations.com\/fr\/services\/contenu-multilingue\/redaction-publicitaire"]}]},{"@type":"ImageObject","inLanguage":"fr-FR","@id":"https:\/\/www.trustedtranslations.com\/fr\/services\/contenu-multilingue\/redaction-publicitaire#primaryimage","url":"","contentUrl":""},{"@type":"BreadcrumbList","@id":"https:\/\/www.trustedtranslations.com\/fr\/services\/contenu-multilingue\/redaction-publicitaire#breadcrumb","itemListElement":[{"@type":"ListItem","position":1,"name":"Accueil","item":"https:\/\/www.trustedtranslations.com\/fr"},{"@type":"ListItem","position":2,"name":"Services","item":"https:\/\/www.trustedtranslations.com\/fr\/services"},{"@type":"ListItem","position":3,"name":"Contenu multilingue","item":"https:\/\/www.trustedtranslations.com\/fr\/services\/contenu-multilingue"},{"@type":"ListItem","position":4,"name":"R\u00e9daction publicitaire"}]},{"@type":"WebSite","@id":"https:\/\/www.trustedtranslations.com\/fr\/#website","url":"https:\/\/www.trustedtranslations.com\/fr\/","name":"Trusted Translations, Inc.","description":"Leader in translation and interpretation services.","publisher":{"@id":"https:\/\/www.trustedtranslations.com\/fr\/#organization"},"alternateName":"Trusted Translations","potentialAction":[{"@type":"SearchAction","target":{"@type":"EntryPoint","urlTemplate":"https:\/\/www.trustedtranslations.com\/fr\/?s={search_term_string}"},"query-input":{"@type":"PropertyValueSpecification","valueRequired":true,"valueName":"search_term_string"}}],"inLanguage":"fr-FR"},{"@type":"Organization","@id":"https:\/\/www.trustedtranslations.com\/fr\/#organization","name":"Trusted Translations","alternateName":"Trusted Translations, Inc.","url":"https:\/\/www.trustedtranslations.com\/fr\/","logo":{"@type":"ImageObject","inLanguage":"fr-FR","@id":"https:\/\/www.trustedtranslations.com\/fr\/#\/schema\/logo\/image\/","url":"https:\/\/static.trustedtranslations.com\/wp-content\/uploads\/2022\/01\/TT_logo_WSIColors-2.png","contentUrl":"https:\/\/static.trustedtranslations.com\/wp-content\/uploads\/2022\/01\/TT_logo_WSIColors-2.png","width":500,"height":196,"caption":"Trusted Translations"},"image":{"@id":"https:\/\/www.trustedtranslations.com\/fr\/#\/schema\/logo\/image\/"},"sameAs":["https:\/\/www.facebook.com\/Trusted.Translations","https:\/\/x.com\/TrustedT9ns","https:\/\/www.linkedin.com\/company\/trusted-translations"]}]}},"toolset-meta":{"dyk":{"mensaje-1":{"type":"textfield","raw":"74\u00a0% des internautes font attention \u00e0 l'orthographe et \u00e0 la grammaire des textes."},"mensaje-2":{"type":"textfield","raw":"Pr\u00e8s des trois quarts des internautes pr\u00e9f\u00e8rent survoler les contenus longs."},"mensaje-3":{"type":"textfield","raw":"En moyenne, les lecteurs ne passent que 54 secondes \u00e0 regarder une page Internet."},"mensaje-4":{"type":"textfield","raw":"Des appels \u00e0 l'action significatifs peuvent augmenter les conversions de plus de 200\u00a0%."},"mensaje-5":{"type":"textfield","raw":""},"mensaje-6":{"type":"textfield","raw":""}},"single-page-template-fields":{"imgs-temp":{"type":"image","raw":["https:\/\/static.trustedtranslations.com\/wp-content\/uploads\/2024\/07\/content-writing-2-1.webp"],"repeatable":[{"raw":"https:\/\/static.trustedtranslations.com\/wp-content\/uploads\/2024\/07\/content-writing-2-1.webp"}]},"imgs-temp-cel":{"type":"image","raw":[""],"repeatable":[{"raw":""}]},"img-temp-one-cel":{"type":"image","raw":"https:\/\/static.trustedtranslations.com\/wp-content\/uploads\/2024\/07\/woman-using-computer-laptop-2-1.webp","attachment_id":null},"quotes":{"type":"textarea","raw":"<h1 style=\"margin-bottom: 12px;\">R\u00e9daction multilingue<\/h1>\r\nLa r\u00e9daction publicitaire est une forme de contenu qui vise \u00e0 persuader, vendre et promouvoir. Notre \u00e9quipe de r\u00e9daction <em>Trusted Translations<\/em> vous aidera \u00e0 d\u00e9velopper du contenu publicitaire multilingue qui convertit les navigateurs en acheteurs et les clics en ventes.\r\n<div style=\"margin-top: 2.5vw;\"><a class=\"tt-btn-main-cta\" href=\"https:\/\/www.trustedtranslations.com\/fr\/devis-traduction\">Demandez un devis gratuit<\/a><\/div>"},"text-1":{"type":"textarea","raw":"<h2>R\u00e9diger pour vendre<\/h2>\r\nSi vous avez d\u00e9j\u00e0 achet\u00e9 quelque chose en raison d'une publicit\u00e9 ou ouvert un courrier \u00e9lectronique de votre marque pr\u00e9f\u00e9r\u00e9e, vous connaissez d\u00e9j\u00e0 la puissante influence de la r\u00e9daction publicitaire. Qu'elles soient num\u00e9riques ou imprim\u00e9es, les nombreuses formes de r\u00e9daction publicitaire incluent des descriptions de produits, des campagnes de marketing par courrier \u00e9lectronique, des l\u00e9gendes et des slogans, des publicit\u00e9s, des communiqu\u00e9s de presse, des publicit\u00e9s sur les r\u00e9seaux sociaux, des pages de destination, etc.\r\n<h2>En quoi la r\u00e9daction publicitaire est-elle diff\u00e9rente de la r\u00e9daction de contenu\u00a0?<\/h2>\r\nBien que la r\u00e9daction publicitaire puisse \u00eatre consid\u00e9r\u00e9e comme un sous-ensemble de contenu, son objectif et son style sont tr\u00e8s diff\u00e9rents de ce que l'on appelle g\u00e9n\u00e9ralement la r\u00e9daction de contenu. La r\u00e9daction de contenu a tendance \u00e0 \u00eatre plus longue, car elle cherche \u00e0 informer, \u00e9duquer et divertir les lecteurs avec une strat\u00e9gie \u00e0 long terme en t\u00eate, en construisant un lectorat de mani\u00e8re subtile et dans le temps. En fait, parfois, un article de blog ou un article peut m\u00eame ne pas mentionner un produit particulier ou inclure un lien de vente explicite.\r\n\r\nLa r\u00e9daction publicitaire, en revanche, est courte, rapide et vendeuse. L'objectif de la r\u00e9daction publicitaire est d'attirer l'attention et d'encourager les lecteurs \u00e0 agir sur le moment, ce qui entra\u00eene directement une augmentation des ventes, des taux de clics et des conversions.\r\n\r\nQuel que soit le format, la meilleure r\u00e9daction r\u00e9pond habilement au besoin d'impacts importants dans de petits espaces. Les r\u00e9dacteurs publicitaires experts n'ont besoin que d'une poign\u00e9e de mots, souvent moins d'une centaine, pour cr\u00e9er des slogans accrocheurs, une s\u00e9lection de mots efficace et des appels \u00e0 l'action convaincants."},"shortcode-map":{"type":"textfield","raw":""},"dyk-shortcode":{"type":"textfield","raw":"[elementor-template id=\"146546\"]"},"text-2":{"type":"textarea","raw":"<h2>Comment la r\u00e9daction publicitaire multilingue peut-elle aider votre entreprise\u00a0?<\/h2>\r\nLe but de la r\u00e9daction publicitaire est de marquer les m\u00e9moires, et la meilleure r\u00e9daction cr\u00e9e une impression qui peut durer des ann\u00e9es. Apr\u00e8s tout, combien de personnes peuvent encore r\u00e9citer parfaitement les jingles publicitaires les plus accrocheurs de leur enfance\u00a0?\r\n\r\nUne solide strat\u00e9gie de r\u00e9daction est \u00e9galement rentable. Lorsque les cr\u00e9neaux publicitaires peuvent vous co\u00fbter des millions par seconde ou page suppl\u00e9mentaire, investir dans des r\u00e9dacteurs capables d'obtenir des r\u00e9sultats avec concision est un investissement pr\u00e9cieux pour toute organisation. Dans le m\u00eame temps, les r\u00e9dacteurs sont \u00e9galement comp\u00e9tents en optimisation pour les moteurs de recherche (SEO), qui utilise strat\u00e9giquement des mots-cl\u00e9s pour faire appara\u00eetre votre entreprise plus haut dans les r\u00e9sultats des moteurs de recherche.\r\n\r\nM\u00eame si la r\u00e9daction publicitaire a tendance \u00e0 \u00eatre courte, c'est un processus rigoureux qui est soigneusement construit au moyen d'une r\u00e9daction et d'une recherche sp\u00e9cialis\u00e9s. Les meilleurs r\u00e9dacteurs publicitaires ont une compr\u00e9hension approfondie non seulement des tenants et des aboutissants d'une r\u00e9daction r\u00e9ussie, mais aussi de la psychologie du consommateur, des \u00e9tudes de march\u00e9 et des connaissances de l'industrie. Ils travailleront avec votre organisation pour comprendre les r\u00e9actions \u00e9motionnelles, les besoins et ce qu'on appelle les \u00ab\u00a0points douloureux\u00a0\u00bb des acheteurs potentiels, des probl\u00e8mes de niche auxquels votre entreprise peut offrir une solution.\r\n\r\nLors de l'expansion sur les march\u00e9s multilingues, ces \u00e9l\u00e9ments de r\u00e9daction publicitaire sont essentiels pour acqu\u00e9rir de nouveaux clients. Parce que chaque mot compte dans la r\u00e9daction publicitaire, il est \u00e9galement essentiel de travailler avec des r\u00e9dacteurs qui ont une ma\u00eetrise exceptionnelle de la langue et de la culture de votre march\u00e9 cible. Nos r\u00e9dacteurs publicitaires de <em>Trusted Translations<\/em> sont \u00e9quip\u00e9s pour fournir tous les types de textes avec un haut niveau d'\u00e9criture et de pr\u00e9cision linguistique. Contactez <em>Trusted Translations<\/em> d\u00e8s aujourd'hui pour savoir comment nous pouvons r\u00e9pondre \u00e0 vos besoins en r\u00e9daction publicitaire multilingue."},"state":{"type":"textfield","raw":""},"city":{"type":"textarea","raw":[]}}},"_links":{"self":[{"href":"https:\/\/www.trustedtranslations.com\/fr\/wp-json\/wp\/v2\/pages\/161551","targetHints":{"allow":["GET"]}}],"collection":[{"href":"https:\/\/www.trustedtranslations.com\/fr\/wp-json\/wp\/v2\/pages"}],"about":[{"href":"https:\/\/www.trustedtranslations.com\/fr\/wp-json\/wp\/v2\/types\/page"}],"author":[{"embeddable":true,"href":"https:\/\/www.trustedtranslations.com\/fr\/wp-json\/wp\/v2\/users\/1"}],"replies":[{"embeddable":true,"href":"https:\/\/www.trustedtranslations.com\/fr\/wp-json\/wp\/v2\/comments?post=161551"}],"version-history":[{"count":0,"href":"https:\/\/www.trustedtranslations.com\/fr\/wp-json\/wp\/v2\/pages\/161551\/revisions"}],"up":[{"embeddable":true,"href":"https:\/\/www.trustedtranslations.com\/fr\/wp-json\/wp\/v2\/pages\/161549"}],"wp:featuredmedia":[{"embeddable":true,"href":"https:\/\/www.trustedtranslations.com\/fr\/wp-json\/"}],"wp:attachment":[{"href":"https:\/\/www.trustedtranslations.com\/fr\/wp-json\/wp\/v2\/media?parent=161551"}],"curies":[{"name":"wp","href":"https:\/\/api.w.org\/{rel}","templated":true}]}}