{"id":161553,"date":"2022-10-17T18:18:14","date_gmt":"2022-10-17T18:18:14","guid":{"rendered":"https:\/\/www.trustedtranslations.com\/?page_id=161553"},"modified":"2024-09-09T14:53:59","modified_gmt":"2024-09-09T17:53:59","slug":"ecriture-creative","status":"publish","type":"page","link":"https:\/\/www.trustedtranslations.com\/fr\/services\/contenu-multilingue\/ecriture-creative","title":{"rendered":"\u00c9criture cr\u00e9ative"},"content":{"rendered":"","protected":false},"excerpt":{"rendered":"","protected":false},"author":1,"featured_media":217958,"parent":161549,"menu_order":0,"comment_status":"closed","ping_status":"closed","template":"","meta":{"site-sidebar-layout":"default","site-content-layout":"default","ast-site-content-layout":"default","site-content-style":"default","site-sidebar-style":"default","ast-global-header-display":"","ast-banner-title-visibility":"","ast-main-header-display":"","ast-hfb-above-header-display":"","ast-hfb-below-header-display":"","ast-hfb-mobile-header-display":"","site-post-title":"disabled","ast-breadcrumbs-content":"","ast-featured-img":"","footer-sml-layout":"","ast-disable-related-posts":"","theme-transparent-header-meta":"default","adv-header-id-meta":"","stick-header-meta":"","header-above-stick-meta":"","header-main-stick-meta":"","header-below-stick-meta":"","astra-migrate-meta-layouts":"set","ast-page-background-enabled":"default","ast-page-background-meta":{"desktop":{"background-color":"var(--ast-global-color-4)","background-image":"","background-repeat":"repeat","background-position":"center center","background-size":"auto","background-attachment":"scroll","background-type":"","background-media":"","overlay-type":"","overlay-color":"","overlay-opacity":"","overlay-gradient":""},"tablet":{"background-color":"","background-image":"","background-repeat":"repeat","background-position":"center center","background-size":"auto","background-attachment":"scroll","background-type":"","background-media":"","overlay-type":"","overlay-color":"","overlay-opacity":"","overlay-gradient":""},"mobile":{"background-color":"","background-image":"","background-repeat":"repeat","background-position":"center center","background-size":"auto","background-attachment":"scroll","background-type":"","background-media":"","overlay-type":"","overlay-color":"","overlay-opacity":"","overlay-gradient":""}},"ast-content-background-meta":{"desktop":{"background-color":"var(--ast-global-color-5)","background-image":"","background-repeat":"repeat","background-position":"center center","background-size":"auto","background-attachment":"scroll","background-type":"","background-media":"","overlay-type":"","overlay-color":"","overlay-opacity":"","overlay-gradient":""},"tablet":{"background-color":"var(--ast-global-color-5)","background-image":"","background-repeat":"repeat","background-position":"center center","background-size":"auto","background-attachment":"scroll","background-type":"","background-media":"","overlay-type":"","overlay-color":"","overlay-opacity":"","overlay-gradient":""},"mobile":{"background-color":"var(--ast-global-color-5)","background-image":"","background-repeat":"repeat","background-position":"center center","background-size":"auto","background-attachment":"scroll","background-type":"","background-media":"","overlay-type":"","overlay-color":"","overlay-opacity":"","overlay-gradient":""}},"footnotes":""},"class_list":["post-161553","page","type-page","status-publish","has-post-thumbnail","hentry"],"yoast_head":"<!-- This site is optimized with the Yoast SEO plugin v27.3 - https:\/\/yoast.com\/product\/yoast-seo-wordpress\/ -->\n<title>\u00c9criture cr\u00e9ative multilingue - Trusted Translations, Inc.<\/title>\n<meta name=\"description\" content=\"Chez Trusted Translations, nos \u00e9crivains experts fournissent une \u00e9criture cr\u00e9ative dans plusieurs genres et langues.\" \/>\n<meta name=\"robots\" content=\"index, follow, max-snippet:-1, max-image-preview:large, max-video-preview:-1\" \/>\n<link rel=\"canonical\" href=\"https:\/\/www.trustedtranslations.com\/fr\/services\/contenu-multilingue\/ecriture-creative\" \/>\n<meta property=\"og:locale\" content=\"fr_FR\" \/>\n<meta property=\"og:type\" content=\"article\" \/>\n<meta property=\"og:title\" content=\"\u00c9criture cr\u00e9ative multilingue - Trusted Translations, Inc.\" \/>\n<meta property=\"og:description\" content=\"Chez Trusted Translations, nos \u00e9crivains experts fournissent une \u00e9criture cr\u00e9ative dans plusieurs genres et langues.\" \/>\n<meta property=\"og:url\" content=\"https:\/\/www.trustedtranslations.com\/fr\/services\/contenu-multilingue\/ecriture-creative\" \/>\n<meta property=\"og:site_name\" content=\"Trusted Translations, Inc.\" \/>\n<meta property=\"article:publisher\" content=\"https:\/\/www.facebook.com\/Trusted.Translations\" \/>\n<meta property=\"article:modified_time\" content=\"2024-09-09T17:53:59+00:00\" \/>\n<meta property=\"og:image\" content=\"https:\/\/www.trustedtranslations.com\/wp-content\/uploads\/2022\/06\/tt-logo-2-1.webp\" \/>\n\t<meta property=\"og:image:width\" content=\"216\" \/>\n\t<meta property=\"og:image:height\" content=\"94\" \/>\n\t<meta property=\"og:image:type\" content=\"image\/webp\" \/>\n<meta name=\"twitter:card\" content=\"summary_large_image\" \/>\n<meta name=\"twitter:site\" content=\"@TrustedT9ns\" \/>\n<script type=\"application\/ld+json\" class=\"yoast-schema-graph\">{\"@context\":\"https:\\\/\\\/schema.org\",\"@graph\":[{\"@type\":\"WebPage\",\"@id\":\"https:\\\/\\\/www.trustedtranslations.com\\\/fr\\\/services\\\/contenu-multilingue\\\/ecriture-creative\",\"url\":\"https:\\\/\\\/www.trustedtranslations.com\\\/fr\\\/services\\\/contenu-multilingue\\\/ecriture-creative\",\"name\":\"\u00c9criture cr\u00e9ative multilingue - Trusted Translations, Inc.\",\"isPartOf\":{\"@id\":\"https:\\\/\\\/www.trustedtranslations.com\\\/fr\\\/#website\"},\"primaryImageOfPage\":{\"@id\":\"https:\\\/\\\/www.trustedtranslations.com\\\/fr\\\/services\\\/contenu-multilingue\\\/ecriture-creative#primaryimage\"},\"image\":{\"@id\":\"https:\\\/\\\/www.trustedtranslations.com\\\/fr\\\/services\\\/contenu-multilingue\\\/ecriture-creative#primaryimage\"},\"thumbnailUrl\":\"\",\"description\":\"Chez Trusted Translations, nos \u00e9crivains experts fournissent une \u00e9criture cr\u00e9ative dans plusieurs genres et langues.\",\"breadcrumb\":{\"@id\":\"https:\\\/\\\/www.trustedtranslations.com\\\/fr\\\/services\\\/contenu-multilingue\\\/ecriture-creative#breadcrumb\"},\"inLanguage\":\"fr-FR\",\"potentialAction\":[{\"@type\":\"ReadAction\",\"target\":[\"https:\\\/\\\/www.trustedtranslations.com\\\/fr\\\/services\\\/contenu-multilingue\\\/ecriture-creative\"]}]},{\"@type\":\"ImageObject\",\"inLanguage\":\"fr-FR\",\"@id\":\"https:\\\/\\\/www.trustedtranslations.com\\\/fr\\\/services\\\/contenu-multilingue\\\/ecriture-creative#primaryimage\",\"url\":\"\",\"contentUrl\":\"\"},{\"@type\":\"BreadcrumbList\",\"@id\":\"https:\\\/\\\/www.trustedtranslations.com\\\/fr\\\/services\\\/contenu-multilingue\\\/ecriture-creative#breadcrumb\",\"itemListElement\":[{\"@type\":\"ListItem\",\"position\":1,\"name\":\"Accueil\",\"item\":\"https:\\\/\\\/www.trustedtranslations.com\\\/fr\"},{\"@type\":\"ListItem\",\"position\":2,\"name\":\"Services\",\"item\":\"https:\\\/\\\/www.trustedtranslations.com\\\/fr\\\/services\"},{\"@type\":\"ListItem\",\"position\":3,\"name\":\"Contenu multilingue\",\"item\":\"https:\\\/\\\/www.trustedtranslations.com\\\/fr\\\/services\\\/contenu-multilingue\"},{\"@type\":\"ListItem\",\"position\":4,\"name\":\"\u00c9criture cr\u00e9ative\"}]},{\"@type\":\"WebSite\",\"@id\":\"https:\\\/\\\/www.trustedtranslations.com\\\/fr\\\/#website\",\"url\":\"https:\\\/\\\/www.trustedtranslations.com\\\/fr\\\/\",\"name\":\"Trusted Translations, Inc.\",\"description\":\"Leader in translation and interpretation services.\",\"publisher\":{\"@id\":\"https:\\\/\\\/www.trustedtranslations.com\\\/fr\\\/#organization\"},\"alternateName\":\"Trusted Translations\",\"potentialAction\":[{\"@type\":\"SearchAction\",\"target\":{\"@type\":\"EntryPoint\",\"urlTemplate\":\"https:\\\/\\\/www.trustedtranslations.com\\\/fr\\\/?s={search_term_string}\"},\"query-input\":{\"@type\":\"PropertyValueSpecification\",\"valueRequired\":true,\"valueName\":\"search_term_string\"}}],\"inLanguage\":\"fr-FR\"},{\"@type\":\"Organization\",\"@id\":\"https:\\\/\\\/www.trustedtranslations.com\\\/fr\\\/#organization\",\"name\":\"Trusted Translations\",\"alternateName\":\"Trusted Translations, Inc.\",\"url\":\"https:\\\/\\\/www.trustedtranslations.com\\\/fr\\\/\",\"logo\":{\"@type\":\"ImageObject\",\"inLanguage\":\"fr-FR\",\"@id\":\"https:\\\/\\\/www.trustedtranslations.com\\\/fr\\\/#\\\/schema\\\/logo\\\/image\\\/\",\"url\":\"https:\\\/\\\/static.trustedtranslations.com\\\/wp-content\\\/uploads\\\/2022\\\/01\\\/TT_logo_WSIColors-2.png\",\"contentUrl\":\"https:\\\/\\\/static.trustedtranslations.com\\\/wp-content\\\/uploads\\\/2022\\\/01\\\/TT_logo_WSIColors-2.png\",\"width\":500,\"height\":196,\"caption\":\"Trusted Translations\"},\"image\":{\"@id\":\"https:\\\/\\\/www.trustedtranslations.com\\\/fr\\\/#\\\/schema\\\/logo\\\/image\\\/\"},\"sameAs\":[\"https:\\\/\\\/www.facebook.com\\\/Trusted.Translations\",\"https:\\\/\\\/x.com\\\/TrustedT9ns\",\"https:\\\/\\\/www.linkedin.com\\\/company\\\/trusted-translations\"]}]}<\/script>\n<!-- \/ Yoast SEO plugin. -->","yoast_head_json":{"title":"\u00c9criture cr\u00e9ative multilingue - Trusted Translations, Inc.","description":"Chez Trusted Translations, nos \u00e9crivains experts fournissent une \u00e9criture cr\u00e9ative dans plusieurs genres et langues.","robots":{"index":"index","follow":"follow","max-snippet":"max-snippet:-1","max-image-preview":"max-image-preview:large","max-video-preview":"max-video-preview:-1"},"canonical":"https:\/\/www.trustedtranslations.com\/fr\/services\/contenu-multilingue\/ecriture-creative","og_locale":"fr_FR","og_type":"article","og_title":"\u00c9criture cr\u00e9ative multilingue - Trusted Translations, Inc.","og_description":"Chez Trusted Translations, nos \u00e9crivains experts fournissent une \u00e9criture cr\u00e9ative dans plusieurs genres et langues.","og_url":"https:\/\/www.trustedtranslations.com\/fr\/services\/contenu-multilingue\/ecriture-creative","og_site_name":"Trusted Translations, Inc.","article_publisher":"https:\/\/www.facebook.com\/Trusted.Translations","article_modified_time":"2024-09-09T17:53:59+00:00","og_image":[{"width":216,"height":94,"url":"https:\/\/www.trustedtranslations.com\/wp-content\/uploads\/2022\/06\/tt-logo-2-1.webp","type":"image\/webp"}],"twitter_card":"summary_large_image","twitter_site":"@TrustedT9ns","schema":{"@context":"https:\/\/schema.org","@graph":[{"@type":"WebPage","@id":"https:\/\/www.trustedtranslations.com\/fr\/services\/contenu-multilingue\/ecriture-creative","url":"https:\/\/www.trustedtranslations.com\/fr\/services\/contenu-multilingue\/ecriture-creative","name":"\u00c9criture cr\u00e9ative multilingue - Trusted Translations, Inc.","isPartOf":{"@id":"https:\/\/www.trustedtranslations.com\/fr\/#website"},"primaryImageOfPage":{"@id":"https:\/\/www.trustedtranslations.com\/fr\/services\/contenu-multilingue\/ecriture-creative#primaryimage"},"image":{"@id":"https:\/\/www.trustedtranslations.com\/fr\/services\/contenu-multilingue\/ecriture-creative#primaryimage"},"thumbnailUrl":"","description":"Chez Trusted Translations, nos \u00e9crivains experts fournissent une \u00e9criture cr\u00e9ative dans plusieurs genres et langues.","breadcrumb":{"@id":"https:\/\/www.trustedtranslations.com\/fr\/services\/contenu-multilingue\/ecriture-creative#breadcrumb"},"inLanguage":"fr-FR","potentialAction":[{"@type":"ReadAction","target":["https:\/\/www.trustedtranslations.com\/fr\/services\/contenu-multilingue\/ecriture-creative"]}]},{"@type":"ImageObject","inLanguage":"fr-FR","@id":"https:\/\/www.trustedtranslations.com\/fr\/services\/contenu-multilingue\/ecriture-creative#primaryimage","url":"","contentUrl":""},{"@type":"BreadcrumbList","@id":"https:\/\/www.trustedtranslations.com\/fr\/services\/contenu-multilingue\/ecriture-creative#breadcrumb","itemListElement":[{"@type":"ListItem","position":1,"name":"Accueil","item":"https:\/\/www.trustedtranslations.com\/fr"},{"@type":"ListItem","position":2,"name":"Services","item":"https:\/\/www.trustedtranslations.com\/fr\/services"},{"@type":"ListItem","position":3,"name":"Contenu multilingue","item":"https:\/\/www.trustedtranslations.com\/fr\/services\/contenu-multilingue"},{"@type":"ListItem","position":4,"name":"\u00c9criture cr\u00e9ative"}]},{"@type":"WebSite","@id":"https:\/\/www.trustedtranslations.com\/fr\/#website","url":"https:\/\/www.trustedtranslations.com\/fr\/","name":"Trusted Translations, Inc.","description":"Leader in translation and interpretation services.","publisher":{"@id":"https:\/\/www.trustedtranslations.com\/fr\/#organization"},"alternateName":"Trusted Translations","potentialAction":[{"@type":"SearchAction","target":{"@type":"EntryPoint","urlTemplate":"https:\/\/www.trustedtranslations.com\/fr\/?s={search_term_string}"},"query-input":{"@type":"PropertyValueSpecification","valueRequired":true,"valueName":"search_term_string"}}],"inLanguage":"fr-FR"},{"@type":"Organization","@id":"https:\/\/www.trustedtranslations.com\/fr\/#organization","name":"Trusted Translations","alternateName":"Trusted Translations, Inc.","url":"https:\/\/www.trustedtranslations.com\/fr\/","logo":{"@type":"ImageObject","inLanguage":"fr-FR","@id":"https:\/\/www.trustedtranslations.com\/fr\/#\/schema\/logo\/image\/","url":"https:\/\/static.trustedtranslations.com\/wp-content\/uploads\/2022\/01\/TT_logo_WSIColors-2.png","contentUrl":"https:\/\/static.trustedtranslations.com\/wp-content\/uploads\/2022\/01\/TT_logo_WSIColors-2.png","width":500,"height":196,"caption":"Trusted Translations"},"image":{"@id":"https:\/\/www.trustedtranslations.com\/fr\/#\/schema\/logo\/image\/"},"sameAs":["https:\/\/www.facebook.com\/Trusted.Translations","https:\/\/x.com\/TrustedT9ns","https:\/\/www.linkedin.com\/company\/trusted-translations"]}]}},"toolset-meta":{"dyk":{"mensaje-1":{"type":"textfield","raw":"Les comp\u00e9tences en mati\u00e8re d'\u00e9criture de sc\u00e9narios sont la cl\u00e9 d'un marketing vid\u00e9o r\u00e9ussi."},"mensaje-2":{"type":"textfield","raw":"Plus de la moiti\u00e9 des clients sont plus susceptibles d'acheter des produits dont la narration est efficace."},"mensaje-3":{"type":"textfield","raw":"Une histoire efficace autour de la marque peut augmenter de 30\u00a0% le taux de conversion des clients."},"mensaje-4":{"type":"textfield","raw":"Les personnes sont environ 22 fois plus susceptibles de se souvenir de faits bas\u00e9s sur une histoire."},"mensaje-5":{"type":"textfield","raw":""},"mensaje-6":{"type":"textfield","raw":""}},"single-page-template-fields":{"imgs-temp":{"type":"image","raw":["https:\/\/static.trustedtranslations.com\/wp-content\/uploads\/2024\/07\/creative-writing-1.webp"],"repeatable":[{"raw":"https:\/\/static.trustedtranslations.com\/wp-content\/uploads\/2024\/07\/creative-writing-1.webp"}]},"imgs-temp-cel":{"type":"image","raw":[""],"repeatable":[{"raw":""}]},"img-temp-one-cel":{"type":"image","raw":"https:\/\/static.trustedtranslations.com\/wp-content\/uploads\/2024\/07\/contemplating-businesswoman-sitt.webp","attachment_id":null},"quotes":{"type":"textarea","raw":"<h1 style=\"margin-bottom: 12px;\">\u00c9criture cr\u00e9ative multilingue<\/h1>\r\nL'\u00e9criture cr\u00e9ative est souvent consid\u00e9r\u00e9e comme le summum de l'\u00e9criture, \u00e0 la fois dans sa complexit\u00e9 et dans sa capacit\u00e9 \u00e0 captiver le public. Chez <em>Trusted Translations<\/em>, nos \u00e9crivains experts fournissent une \u00e9criture cr\u00e9ative dans plusieurs genres et langues.\r\n<div style=\"margin-top: 2.5vw;\"><a class=\"tt-btn-main-cta\" href=\"https:\/\/www.trustedtranslations.com\/fr\/devis-traduction\">Demandez un devis gratuit<\/a><\/div>"},"text-1":{"type":"textarea","raw":"<h2>Une \u00e9criture qui inspire et transporte<\/h2>\r\nRomans, essais, pi\u00e8ces de th\u00e9\u00e2tre, paroles de chansons, il n'y a presque aucune limite \u00e0 la mani\u00e8re dont l'\u00e9criture cr\u00e9ative appara\u00eet \u00e0 travers le monde. Bien que les \u0153uvres cr\u00e9atives, en g\u00e9n\u00e9ral, ne cherchent pas directement \u00e0 vendre un produit, elles divertissent et suscitent l'int\u00e9r\u00eat des lecteurs avec leur voix unique, leurs personnages inoubliables et leurs perspectives fascinantes.\r\n<h2>Quelle est la valeur de l'\u00e9criture cr\u00e9ative pour une entreprise\u00a0?<\/h2>\r\nLa fiction, la non-fiction, la po\u00e9sie et l'\u00e9criture dramatique ont tendance \u00e0 \u00eatre les genres qui viennent le plus imm\u00e9diatement \u00e0 l'esprit s'agissant des \u0153uvres cr\u00e9atives. Dans ce contexte, il est facile de supposer qu'il existe une distinction entre ce type d'\u00e9criture cr\u00e9ative et le monde de l'\u00e9criture professionnelle, o\u00f9 des genres tels que le contenu et la r\u00e9daction publicitaire sont plus familiers.\r\n\r\nCependant, l'\u00e9criture cr\u00e9ative englobe \u00e9galement le cin\u00e9ma et la t\u00e9l\u00e9vision, les scripts de radio et de podcast, le journalisme, les livres de cuisine, les guides de voyage et bien plus encore. En fonction des services et des objectifs de votre organisation, vous pouvez \u00eatre amen\u00e9 \u00e0 faire appel \u00e0 la cr\u00e9ation litt\u00e9raire dans des endroits inattendus.\u00a0Par la m\u00eame occasion, l'utilisation d'\u00e9crivains cr\u00e9atifs dans le cadre de votre strat\u00e9gie de contenu peut vous aider \u00e0 vous d\u00e9marquer des autres entreprises.\r\n\r\nIl est \u00e9galement important de ne pas n\u00e9gliger les nombreuses fa\u00e7ons dont l'\u00e9criture cr\u00e9ative et tous les autres domaines du monde professionnel interagissent fr\u00e9quemment. Qu'il s'agisse d'organisations gouvernementales, d'organisations \u00e0 but non lucratif, de journaux et de m\u00e9dias de renomm\u00e9e mondiale, ou m\u00eame d'une campagne de courrier \u00e9lectronique unique centr\u00e9e sur des po\u00e8mes hebdomadaires, les \u00e9crivains cr\u00e9atifs participent r\u00e9guli\u00e8rement \u00e0 toutes sortes d'industries, de discours et de march\u00e9s dans le monde entier et les fa\u00e7onnent."},"shortcode-map":{"type":"textfield","raw":""},"dyk-shortcode":{"type":"textfield","raw":"[elementor-template id=\"146546\"]"},"text-2":{"type":"textarea","raw":"<h2>Pourquoi investir dans l'\u00e9criture cr\u00e9ative multilingue\u00a0?<\/h2>\r\nL'\u00e9criture cr\u00e9ative est une forme d'art qui m\u00e9lange des tournures lyriques, des images vives, des histoires enchanteresses et des th\u00e8mes qui suscitent la r\u00e9flexion. Qu'ils se concentrent sur la production de litt\u00e9rature, de films, d'enregistrements audio ou d'un autre genre, les \u00e9crivains cr\u00e9atifs doivent s'immerger compl\u00e8tement dans les nuances de leur domaine de pr\u00e9dilection. Pour faire face \u00e0 la complexit\u00e9 du travail cr\u00e9atif, de nombreux \u00e9crivains ont perfectionn\u00e9 leurs comp\u00e9tences sp\u00e9cialis\u00e9es en obtenant des ma\u00eetrises (MFA), des stages artistiques, des ateliers professionnels permanents et de nombreuses publications, ainsi qu'en travaillant dans diverses industries cr\u00e9atives.\r\n\r\nLorsqu'il s'agit d'une strat\u00e9gie de contenu multilingue, la facilit\u00e9 naturelle des \u00e9crivains cr\u00e9atifs avec la langue, le contexte et la culture en fait \u00e9galement des collaborateurs id\u00e9aux pour travailler dans plusieurs langues. Les meilleurs traducteurs du monde contribuent souvent \u00e0 la qualit\u00e9 des produits livr\u00e9s par les grandes entreprises gr\u00e2ce aux m\u00eames comp\u00e9tences qu'ils mettent \u00e0 profit quand ils interpr\u00e8tent les \u0153uvres litt\u00e9raires r\u00e9compens\u00e9es par le prix Nobel. Si votre objectif est de vous adresser \u00e0 de nouveaux march\u00e9s internationaux d'une mani\u00e8re naturelle et inoubliable, tout en \u00e9tant sensible aux nuances et au contexte, l'\u00e9criture cr\u00e9ative offre un bon moyen de capter l'attention de nouveaux lecteurs.\r\n\r\n\u00c9tant donn\u00e9 que l'\u00e9criture cr\u00e9ative n\u00e9cessite un niveau \u00e9lev\u00e9 de comp\u00e9tences en \u00e9criture, de l'originalit\u00e9 et une familiarit\u00e9 avec le genre, faire appel \u00e0 des \u00e9crivains experts est le seul v\u00e9ritable choix, surtout si vous avez l'intention de vous d\u00e9velopper dans plusieurs langues. Contactez <em>Trusted Translations<\/em> d\u00e8s aujourd'hui pour discuter de la mani\u00e8re dont notre \u00e9quipe peut r\u00e9pondre \u00e0 vos besoins en mati\u00e8re d'\u00e9criture cr\u00e9ative."},"state":{"type":"textfield","raw":""},"city":{"type":"textarea","raw":[]}}},"_links":{"self":[{"href":"https:\/\/www.trustedtranslations.com\/fr\/wp-json\/wp\/v2\/pages\/161553","targetHints":{"allow":["GET"]}}],"collection":[{"href":"https:\/\/www.trustedtranslations.com\/fr\/wp-json\/wp\/v2\/pages"}],"about":[{"href":"https:\/\/www.trustedtranslations.com\/fr\/wp-json\/wp\/v2\/types\/page"}],"author":[{"embeddable":true,"href":"https:\/\/www.trustedtranslations.com\/fr\/wp-json\/wp\/v2\/users\/1"}],"replies":[{"embeddable":true,"href":"https:\/\/www.trustedtranslations.com\/fr\/wp-json\/wp\/v2\/comments?post=161553"}],"version-history":[{"count":0,"href":"https:\/\/www.trustedtranslations.com\/fr\/wp-json\/wp\/v2\/pages\/161553\/revisions"}],"up":[{"embeddable":true,"href":"https:\/\/www.trustedtranslations.com\/fr\/wp-json\/wp\/v2\/pages\/161549"}],"wp:featuredmedia":[{"embeddable":true,"href":"https:\/\/www.trustedtranslations.com\/fr\/wp-json\/"}],"wp:attachment":[{"href":"https:\/\/www.trustedtranslations.com\/fr\/wp-json\/wp\/v2\/media?parent=161553"}],"curies":[{"name":"wp","href":"https:\/\/api.w.org\/{rel}","templated":true}]}}