{"id":181301,"date":"2023-02-01T18:57:48","date_gmt":"2023-02-01T21:57:48","guid":{"rendered":"https:\/\/www.trustedtranslations.com\/?page_id=181301"},"modified":"2024-09-06T15:59:47","modified_gmt":"2024-09-06T18:59:47","slug":"espagnol-latino-americain","status":"publish","type":"page","link":"https:\/\/www.trustedtranslations.com\/fr\/langues\/espagnol\/caracteristiques\/espagnol-latino-americain","title":{"rendered":"Espagnol latino-am\u00e9ricain"},"content":{"rendered":"","protected":false},"excerpt":{"rendered":"","protected":false},"author":1,"featured_media":160117,"parent":181336,"menu_order":0,"comment_status":"closed","ping_status":"closed","template":"","meta":{"site-sidebar-layout":"default","site-content-layout":"default","ast-site-content-layout":"default","site-content-style":"default","site-sidebar-style":"default","ast-global-header-display":"","ast-banner-title-visibility":"","ast-main-header-display":"","ast-hfb-above-header-display":"","ast-hfb-below-header-display":"","ast-hfb-mobile-header-display":"","site-post-title":"disabled","ast-breadcrumbs-content":"","ast-featured-img":"","footer-sml-layout":"","ast-disable-related-posts":"","theme-transparent-header-meta":"default","adv-header-id-meta":"","stick-header-meta":"","header-above-stick-meta":"","header-main-stick-meta":"","header-below-stick-meta":"","astra-migrate-meta-layouts":"set","ast-page-background-enabled":"default","ast-page-background-meta":{"desktop":{"background-color":"var(--ast-global-color-4)","background-image":"","background-repeat":"repeat","background-position":"center center","background-size":"auto","background-attachment":"scroll","background-type":"","background-media":"","overlay-type":"","overlay-color":"","overlay-opacity":"","overlay-gradient":""},"tablet":{"background-color":"","background-image":"","background-repeat":"repeat","background-position":"center center","background-size":"auto","background-attachment":"scroll","background-type":"","background-media":"","overlay-type":"","overlay-color":"","overlay-opacity":"","overlay-gradient":""},"mobile":{"background-color":"","background-image":"","background-repeat":"repeat","background-position":"center center","background-size":"auto","background-attachment":"scroll","background-type":"","background-media":"","overlay-type":"","overlay-color":"","overlay-opacity":"","overlay-gradient":""}},"ast-content-background-meta":{"desktop":{"background-color":"var(--ast-global-color-5)","background-image":"","background-repeat":"repeat","background-position":"center center","background-size":"auto","background-attachment":"scroll","background-type":"","background-media":"","overlay-type":"","overlay-color":"","overlay-opacity":"","overlay-gradient":""},"tablet":{"background-color":"var(--ast-global-color-5)","background-image":"","background-repeat":"repeat","background-position":"center center","background-size":"auto","background-attachment":"scroll","background-type":"","background-media":"","overlay-type":"","overlay-color":"","overlay-opacity":"","overlay-gradient":""},"mobile":{"background-color":"var(--ast-global-color-5)","background-image":"","background-repeat":"repeat","background-position":"center center","background-size":"auto","background-attachment":"scroll","background-type":"","background-media":"","overlay-type":"","overlay-color":"","overlay-opacity":"","overlay-gradient":""}},"footnotes":""},"class_list":["post-181301","page","type-page","status-publish","has-post-thumbnail","hentry"],"yoast_head":"<!-- This site is optimized with the Yoast SEO plugin v27.5 - https:\/\/yoast.com\/product\/yoast-seo-wordpress\/ -->\n<title>Traductions en espagnol d\u2019Am\u00e9rique latine - Trusted Translations, inc.<\/title>\n<meta name=\"description\" content=\"Trusted Translations, Inc. est sp\u00e9cialis\u00e9 dans les services de traduction en espagnol latino-am\u00e9ricain. Demandez un devis ou une estimation gratuit(e).\" \/>\n<meta name=\"robots\" content=\"index, follow, max-snippet:-1, max-image-preview:large, max-video-preview:-1\" \/>\n<link rel=\"canonical\" href=\"https:\/\/www.trustedtranslations.com\/fr\/langues\/espagnol\/caracteristiques\/espagnol-latino-americain\" \/>\n<meta property=\"og:locale\" content=\"fr_FR\" \/>\n<meta property=\"og:type\" content=\"article\" \/>\n<meta property=\"og:title\" content=\"Traductions en espagnol d\u2019Am\u00e9rique latine - Trusted Translations, inc.\" \/>\n<meta property=\"og:description\" content=\"Trusted Translations, Inc. est sp\u00e9cialis\u00e9 dans les services de traduction en espagnol latino-am\u00e9ricain. Demandez un devis ou une estimation gratuit(e).\" \/>\n<meta property=\"og:url\" content=\"https:\/\/www.trustedtranslations.com\/fr\/langues\/espagnol\/caracteristiques\/espagnol-latino-americain\" \/>\n<meta property=\"og:site_name\" content=\"Trusted Translations, Inc.\" \/>\n<meta property=\"article:publisher\" content=\"https:\/\/www.facebook.com\/Trusted.Translations\" \/>\n<meta property=\"article:modified_time\" content=\"2024-09-06T18:59:47+00:00\" \/>\n<meta property=\"og:image\" content=\"https:\/\/static.trustedtranslations.com\/wp-content\/uploads\/2022\/08\/TT_NEW_FB-1.png\" \/>\n\t<meta property=\"og:image:width\" content=\"1\" \/>\n\t<meta property=\"og:image:height\" content=\"1\" \/>\n\t<meta property=\"og:image:type\" content=\"image\/jpeg\" \/>\n<meta name=\"twitter:card\" content=\"summary_large_image\" \/>\n<meta name=\"twitter:site\" content=\"@TrustedT9ns\" \/>\n<script type=\"application\/ld+json\" class=\"yoast-schema-graph\">{\"@context\":\"https:\\\/\\\/schema.org\",\"@graph\":[{\"@type\":\"WebPage\",\"@id\":\"https:\\\/\\\/www.trustedtranslations.com\\\/fr\\\/langues\\\/espagnol\\\/caracteristiques\\\/espagnol-latino-americain\",\"url\":\"https:\\\/\\\/www.trustedtranslations.com\\\/fr\\\/langues\\\/espagnol\\\/caracteristiques\\\/espagnol-latino-americain\",\"name\":\"Traductions en espagnol d\u2019Am\u00e9rique latine - Trusted Translations, inc.\",\"isPartOf\":{\"@id\":\"https:\\\/\\\/www.trustedtranslations.com\\\/fr\\\/#website\"},\"primaryImageOfPage\":{\"@id\":\"https:\\\/\\\/www.trustedtranslations.com\\\/fr\\\/langues\\\/espagnol\\\/caracteristiques\\\/espagnol-latino-americain#primaryimage\"},\"image\":{\"@id\":\"https:\\\/\\\/www.trustedtranslations.com\\\/fr\\\/langues\\\/espagnol\\\/caracteristiques\\\/espagnol-latino-americain#primaryimage\"},\"thumbnailUrl\":\"https:\\\/\\\/www.trustedtranslations.com\\\/wp-content\\\/uploads\\\/2022\\\/08\\\/TT_NEW_FB-1.png\",\"description\":\"Trusted Translations, Inc. est sp\u00e9cialis\u00e9 dans les services de traduction en espagnol latino-am\u00e9ricain. Demandez un devis ou une estimation gratuit(e).\",\"breadcrumb\":{\"@id\":\"https:\\\/\\\/www.trustedtranslations.com\\\/fr\\\/langues\\\/espagnol\\\/caracteristiques\\\/espagnol-latino-americain#breadcrumb\"},\"inLanguage\":\"fr-FR\",\"potentialAction\":[{\"@type\":\"ReadAction\",\"target\":[\"https:\\\/\\\/www.trustedtranslations.com\\\/fr\\\/langues\\\/espagnol\\\/caracteristiques\\\/espagnol-latino-americain\"]}]},{\"@type\":\"ImageObject\",\"inLanguage\":\"fr-FR\",\"@id\":\"https:\\\/\\\/www.trustedtranslations.com\\\/fr\\\/langues\\\/espagnol\\\/caracteristiques\\\/espagnol-latino-americain#primaryimage\",\"url\":\"https:\\\/\\\/www.trustedtranslations.com\\\/wp-content\\\/uploads\\\/2022\\\/08\\\/TT_NEW_FB-1.png\",\"contentUrl\":\"https:\\\/\\\/www.trustedtranslations.com\\\/wp-content\\\/uploads\\\/2022\\\/08\\\/TT_NEW_FB-1.png\",\"caption\":\"TT NEW FB 1\"},{\"@type\":\"BreadcrumbList\",\"@id\":\"https:\\\/\\\/www.trustedtranslations.com\\\/fr\\\/langues\\\/espagnol\\\/caracteristiques\\\/espagnol-latino-americain#breadcrumb\",\"itemListElement\":[{\"@type\":\"ListItem\",\"position\":1,\"name\":\"Accueil\",\"item\":\"https:\\\/\\\/www.trustedtranslations.com\\\/fr\"},{\"@type\":\"ListItem\",\"position\":2,\"name\":\"Langues\",\"item\":\"https:\\\/\\\/www.trustedtranslations.com\\\/fr\\\/langues\"},{\"@type\":\"ListItem\",\"position\":3,\"name\":\"Espagnol\",\"item\":\"https:\\\/\\\/www.trustedtranslations.com\\\/fr\\\/langues\\\/espagnol\"},{\"@type\":\"ListItem\",\"position\":4,\"name\":\"Caract\u00e9ristiques de l\u2019espagnol\",\"item\":\"https:\\\/\\\/www.trustedtranslations.com\\\/fr\\\/langues\\\/espagnol\\\/caracteristiques\"},{\"@type\":\"ListItem\",\"position\":5,\"name\":\"Espagnol latino-am\u00e9ricain\"}]},{\"@type\":\"WebSite\",\"@id\":\"https:\\\/\\\/www.trustedtranslations.com\\\/fr\\\/#website\",\"url\":\"https:\\\/\\\/www.trustedtranslations.com\\\/fr\\\/\",\"name\":\"Trusted Translations, Inc.\",\"description\":\"Leader in translation and interpretation services.\",\"publisher\":{\"@id\":\"https:\\\/\\\/www.trustedtranslations.com\\\/fr\\\/#organization\"},\"alternateName\":\"Trusted Translations\",\"potentialAction\":[{\"@type\":\"SearchAction\",\"target\":{\"@type\":\"EntryPoint\",\"urlTemplate\":\"https:\\\/\\\/www.trustedtranslations.com\\\/fr\\\/?s={search_term_string}\"},\"query-input\":{\"@type\":\"PropertyValueSpecification\",\"valueRequired\":true,\"valueName\":\"search_term_string\"}}],\"inLanguage\":\"fr-FR\"},{\"@type\":\"Organization\",\"@id\":\"https:\\\/\\\/www.trustedtranslations.com\\\/fr\\\/#organization\",\"name\":\"Trusted Translations\",\"alternateName\":\"Trusted Translations, Inc.\",\"url\":\"https:\\\/\\\/www.trustedtranslations.com\\\/fr\\\/\",\"logo\":{\"@type\":\"ImageObject\",\"inLanguage\":\"fr-FR\",\"@id\":\"https:\\\/\\\/www.trustedtranslations.com\\\/fr\\\/#\\\/schema\\\/logo\\\/image\\\/\",\"url\":\"https:\\\/\\\/static.trustedtranslations.com\\\/wp-content\\\/uploads\\\/2022\\\/01\\\/TT_logo_WSIColors-2.png\",\"contentUrl\":\"https:\\\/\\\/static.trustedtranslations.com\\\/wp-content\\\/uploads\\\/2022\\\/01\\\/TT_logo_WSIColors-2.png\",\"width\":500,\"height\":196,\"caption\":\"Trusted Translations\"},\"image\":{\"@id\":\"https:\\\/\\\/www.trustedtranslations.com\\\/fr\\\/#\\\/schema\\\/logo\\\/image\\\/\"},\"sameAs\":[\"https:\\\/\\\/www.facebook.com\\\/Trusted.Translations\",\"https:\\\/\\\/x.com\\\/TrustedT9ns\",\"https:\\\/\\\/www.linkedin.com\\\/company\\\/trusted-translations\"]}]}<\/script>\n<!-- \/ Yoast SEO plugin. -->","yoast_head_json":{"title":"Traductions en espagnol d\u2019Am\u00e9rique latine - Trusted Translations, inc.","description":"Trusted Translations, Inc. est sp\u00e9cialis\u00e9 dans les services de traduction en espagnol latino-am\u00e9ricain. Demandez un devis ou une estimation gratuit(e).","robots":{"index":"index","follow":"follow","max-snippet":"max-snippet:-1","max-image-preview":"max-image-preview:large","max-video-preview":"max-video-preview:-1"},"canonical":"https:\/\/www.trustedtranslations.com\/fr\/langues\/espagnol\/caracteristiques\/espagnol-latino-americain","og_locale":"fr_FR","og_type":"article","og_title":"Traductions en espagnol d\u2019Am\u00e9rique latine - Trusted Translations, inc.","og_description":"Trusted Translations, Inc. est sp\u00e9cialis\u00e9 dans les services de traduction en espagnol latino-am\u00e9ricain. Demandez un devis ou une estimation gratuit(e).","og_url":"https:\/\/www.trustedtranslations.com\/fr\/langues\/espagnol\/caracteristiques\/espagnol-latino-americain","og_site_name":"Trusted Translations, Inc.","article_publisher":"https:\/\/www.facebook.com\/Trusted.Translations","article_modified_time":"2024-09-06T18:59:47+00:00","og_image":[{"url":"https:\/\/static.trustedtranslations.com\/wp-content\/uploads\/2022\/08\/TT_NEW_FB-1.png","width":1,"height":1,"type":"image\/jpeg"}],"twitter_card":"summary_large_image","twitter_site":"@TrustedT9ns","schema":{"@context":"https:\/\/schema.org","@graph":[{"@type":"WebPage","@id":"https:\/\/www.trustedtranslations.com\/fr\/langues\/espagnol\/caracteristiques\/espagnol-latino-americain","url":"https:\/\/www.trustedtranslations.com\/fr\/langues\/espagnol\/caracteristiques\/espagnol-latino-americain","name":"Traductions en espagnol d\u2019Am\u00e9rique latine - Trusted Translations, inc.","isPartOf":{"@id":"https:\/\/www.trustedtranslations.com\/fr\/#website"},"primaryImageOfPage":{"@id":"https:\/\/www.trustedtranslations.com\/fr\/langues\/espagnol\/caracteristiques\/espagnol-latino-americain#primaryimage"},"image":{"@id":"https:\/\/www.trustedtranslations.com\/fr\/langues\/espagnol\/caracteristiques\/espagnol-latino-americain#primaryimage"},"thumbnailUrl":"https:\/\/www.trustedtranslations.com\/wp-content\/uploads\/2022\/08\/TT_NEW_FB-1.png","description":"Trusted Translations, Inc. est sp\u00e9cialis\u00e9 dans les services de traduction en espagnol latino-am\u00e9ricain. Demandez un devis ou une estimation gratuit(e).","breadcrumb":{"@id":"https:\/\/www.trustedtranslations.com\/fr\/langues\/espagnol\/caracteristiques\/espagnol-latino-americain#breadcrumb"},"inLanguage":"fr-FR","potentialAction":[{"@type":"ReadAction","target":["https:\/\/www.trustedtranslations.com\/fr\/langues\/espagnol\/caracteristiques\/espagnol-latino-americain"]}]},{"@type":"ImageObject","inLanguage":"fr-FR","@id":"https:\/\/www.trustedtranslations.com\/fr\/langues\/espagnol\/caracteristiques\/espagnol-latino-americain#primaryimage","url":"https:\/\/www.trustedtranslations.com\/wp-content\/uploads\/2022\/08\/TT_NEW_FB-1.png","contentUrl":"https:\/\/www.trustedtranslations.com\/wp-content\/uploads\/2022\/08\/TT_NEW_FB-1.png","caption":"TT NEW FB 1"},{"@type":"BreadcrumbList","@id":"https:\/\/www.trustedtranslations.com\/fr\/langues\/espagnol\/caracteristiques\/espagnol-latino-americain#breadcrumb","itemListElement":[{"@type":"ListItem","position":1,"name":"Accueil","item":"https:\/\/www.trustedtranslations.com\/fr"},{"@type":"ListItem","position":2,"name":"Langues","item":"https:\/\/www.trustedtranslations.com\/fr\/langues"},{"@type":"ListItem","position":3,"name":"Espagnol","item":"https:\/\/www.trustedtranslations.com\/fr\/langues\/espagnol"},{"@type":"ListItem","position":4,"name":"Caract\u00e9ristiques de l\u2019espagnol","item":"https:\/\/www.trustedtranslations.com\/fr\/langues\/espagnol\/caracteristiques"},{"@type":"ListItem","position":5,"name":"Espagnol latino-am\u00e9ricain"}]},{"@type":"WebSite","@id":"https:\/\/www.trustedtranslations.com\/fr\/#website","url":"https:\/\/www.trustedtranslations.com\/fr\/","name":"Trusted Translations, Inc.","description":"Leader in translation and interpretation services.","publisher":{"@id":"https:\/\/www.trustedtranslations.com\/fr\/#organization"},"alternateName":"Trusted Translations","potentialAction":[{"@type":"SearchAction","target":{"@type":"EntryPoint","urlTemplate":"https:\/\/www.trustedtranslations.com\/fr\/?s={search_term_string}"},"query-input":{"@type":"PropertyValueSpecification","valueRequired":true,"valueName":"search_term_string"}}],"inLanguage":"fr-FR"},{"@type":"Organization","@id":"https:\/\/www.trustedtranslations.com\/fr\/#organization","name":"Trusted Translations","alternateName":"Trusted Translations, Inc.","url":"https:\/\/www.trustedtranslations.com\/fr\/","logo":{"@type":"ImageObject","inLanguage":"fr-FR","@id":"https:\/\/www.trustedtranslations.com\/fr\/#\/schema\/logo\/image\/","url":"https:\/\/static.trustedtranslations.com\/wp-content\/uploads\/2022\/01\/TT_logo_WSIColors-2.png","contentUrl":"https:\/\/static.trustedtranslations.com\/wp-content\/uploads\/2022\/01\/TT_logo_WSIColors-2.png","width":500,"height":196,"caption":"Trusted Translations"},"image":{"@id":"https:\/\/www.trustedtranslations.com\/fr\/#\/schema\/logo\/image\/"},"sameAs":["https:\/\/www.facebook.com\/Trusted.Translations","https:\/\/x.com\/TrustedT9ns","https:\/\/www.linkedin.com\/company\/trusted-translations"]}]}},"toolset-meta":{"dyk":{"mensaje-1":{"type":"textfield","raw":"L\u2019espagnol en Am\u00e9rique latine est influenc\u00e9 par les m\u00e9dias anglais ainsi que par les langues autochtones."},"mensaje-2":{"type":"textfield","raw":"Dans de nombreux pays d\u2019Am\u00e9rique latine, on s\u2019adresse aux personnes en utilisant le <em>vos<\/em> au lieu du <em>t\u00fa<\/em>."},"mensaje-3":{"type":"textfield","raw":"Les explorateurs en provenance d\u2019Andalousie ont influenc\u00e9 la prononciation de l\u2019espagnol latino-am\u00e9ricain."},"mensaje-4":{"type":"textfield","raw":"Il existe au moins 12 grands dialectes de l\u2019espagnol en Am\u00e9rique latine."},"mensaje-5":{"type":"textfield","raw":""},"mensaje-6":{"type":"textfield","raw":""}},"single-page-template-fields":{"imgs-temp":{"type":"image","raw":["https:\/\/static.trustedtranslations.com\/wp-content\/uploads\/2024\/07\/latin-american-1.webp"],"repeatable":[{"raw":"https:\/\/static.trustedtranslations.com\/wp-content\/uploads\/2024\/07\/latin-american-1.webp"}]},"imgs-temp-cel":{"type":"image","raw":[""],"repeatable":[{"raw":""}]},"img-temp-one-cel":{"type":"image","raw":"https:\/\/static.trustedtranslations.com\/wp-content\/uploads\/2024\/07\/latin-american-1res.webp","attachment_id":null},"quotes":{"type":"textarea","raw":"<h1 style=\"margin-bottom: 12px;\">Traduction en espagnol latino-am\u00e9ricain<\/h1>\r\nConna\u00eetre les diff\u00e9rences entre l'espagnol d'Am\u00e9rique latine et le castillan est essentiel pour r\u00e9ussir sur les march\u00e9s \u00e9mergents d'Am\u00e9rique latine. <em>Trusted Translations<\/em> propose des traducteurs hispanophones natifs d'Am\u00e9rique latine pour r\u00e9pondre \u00e0 vos besoins en traduction.\r\n<div style=\"margin-top: 2.5vw;\"><a class=\"tt-btn-main-cta\" href=\"https:\/\/www.trustedtranslations.com\/fr\/devis-traduction\">Demandez un devis gratuit<\/a><\/div>"},"text-1":{"type":"textarea","raw":"<h2>Le besoin de traduction cibl\u00e9e en espagnol dans les march\u00e9s \u00e9mergents<\/h2>L'Am\u00e9rique latine a \u00e9t\u00e9 d\u00e9crite comme l'une des \u00ab\u00a0fronti\u00e8res de croissance\u00a0\u00bb les plus prometteuses au monde - une r\u00e9gion remplie de march\u00e9s \u00e9mergents qui rec\u00e8lent un \u00e9norme potentiel pour les investissements et les entreprises du monde entier.\r\n\r\nPar exemple, l'Am\u00e9rique latine abrite le Mercosur, un bloc commercial (compos\u00e9 de l'Argentine, du Paraguay, du Br\u00e9sil et de l'Uruguay) qui constitue la <a href=\"https:\/\/www.mercosur.int\/en\/\" target=\"_blank\" rel=\"noopener\">cinqui\u00e8me plus grande \u00e9conomie au monde<\/a> et qui a rapport\u00e9 un PIB d'environ 4,6\u00a0billions de dollars\u00a0US en 2019. En tant que <a href=\"https:\/\/news.crunchbase.com\/startups\/latin-america-venture-growth-startups-2021-monthly-recap\/\" target=\"_blank\" rel=\"noopener\">r\u00e9gion \u00e0 la croissance la plus rapide au monde pour les startups<\/a>, l'Am\u00e9rique latine poss\u00e8de \u00e9galement des march\u00e9s en pleine expansion dans les domaines de la technologie financi\u00e8re, des jeux mobiles, du commerce \u00e9lectronique, des soins de sant\u00e9 et bien plus encore.\r\n\r\nDe fa\u00e7on encore plus significative, sur les plus de 500\u00a0millions de personnes dans le monde dont la langue maternelle est l'espagnol, plus de 300\u00a0millions r\u00e9sident en Am\u00e9rique latine. Pour atteindre ces march\u00e9s \u00e9mergents, une traduction diligente vers l'espagnol latino-am\u00e9ricain est n\u00e9cessaire.\r\n<h2>Qu'est-ce que l'espagnol latino-am\u00e9ricain\u00a0?<\/h2>\r\nPour commencer, \u00ab\u00a0l'espagnol latino-am\u00e9ricain\u00a0\u00bb est l'appellation large et quelque peu arbitraire utilis\u00e9e pour d\u00e9signer les nombreuses vari\u00e9t\u00e9s d'espagnol qui existent dans la r\u00e9gion, chacune ayant ses expressions idiomatiques propres et son vocabulaire sp\u00e9cifique. Le terme est fr\u00e9quemment utilis\u00e9 pour opposer l'espagnol latino-am\u00e9ricain \u00e0 l'espagnol castillan, c'est-\u00e0-dire la principale forme d'espagnol utilis\u00e9e en Espagne.\r\n\r\nQu'est-ce qui rend l'espagnol latino-am\u00e9ricain diff\u00e9rent\u00a0? Voici trois des principaux domaines qui pourraient le plus affecter vos projets de traduction en espagnol en Am\u00e9rique latine.\r\n<h2>Utilisation des m\u00e9dias de masse<\/h2>\r\nBien que l'espagnol latino-am\u00e9ricain et l'espagnol castillan soient mutuellement compr\u00e9hensibles, tout comme les anglophones am\u00e9ricains et britanniques peuvent se comprendre - leur utilisation diff\u00e8re dans les secteurs des m\u00e9dias. Par exemple, le \u00ab\u00a0standard\u00a0\u00bb latino-am\u00e9ricain diff\u00e8re du registre \u00ab\u00a0standard\u00a0\u00bb castillan g\u00e9n\u00e9ralement utilis\u00e9 en t\u00e9l\u00e9vision et, en particulier, dans l'industrie du <a href=\"https:\/\/www.trustedtranslations.com\/fr\/services\/humaine\/multimedia\" target=\"_blank\" rel=\"noopener\">doublage<\/a> vid\u00e9o. Vous devrez conna\u00eetre les normes les plus r\u00e9centes pour votre secteur sp\u00e9cifique et le type de traduction souhait\u00e9.\r\n<h2>Grammaire et prononciation<\/h2>\r\nLa riche histoire de l'Am\u00e9rique latine au fil des si\u00e8cles, depuis la fin de la colonisation espagnole, a entra\u00een\u00e9 de nombreuses diff\u00e9rences linguistiques entre ces r\u00e9gions. Par exemple, l'espagnol d'Am\u00e9rique latine n'utilise pas le pronom \u00e0 la deuxi\u00e8me personne du pluriel <em>vosotros<\/em>, qui est courant en Espagne.\r\n\r\n\u00c0 l'inverse, les locuteurs latino-am\u00e9ricains (selon les pays) utilisent <em>vos<\/em> comme pronom \u00e0 la deuxi\u00e8me personne du singulier, au lieu de <em>t<\/em><em><u>\u00fa<\/u><\/em>. Ce ph\u00e9nom\u00e8ne, appel\u00e9 <em>voseo<\/em>, est r\u00e9pandu en Argentine, en Uruguay, au Paraguay, au Salvador, etc., o\u00f9 il est la norme non seulement dans les conversations mais aussi dans la publicit\u00e9, la presse et ailleurs."},"shortcode-map":{"type":"textfield","raw":""},"dyk-shortcode":{"type":"textfield","raw":"[elementor-template id=\"146546\"]"},"text-2":{"type":"textarea","raw":"<h2>Diff\u00e9rences de vocabulaire<\/h2>\r\nL'influence de l'anglais est particuli\u00e8rement \u00e9vidente dans les diff\u00e9rences de vocabulaire entre l'espagnol latino-am\u00e9ricain et l'espagnol castillan. En Am\u00e9rique latine, les emprunts, c'est-\u00e0-dire des mots tir\u00e9s directement de l'anglais sans traduction ni adaptation de l'orthographe aux normes linguistiques traditionnelles, sont courants.\r\n\r\nPour les organisations travaillant sur des traductions techniques, ces changements de vocabulaire peuvent avoir un impact significatif, en particulier avec les termes techniques r\u00e9cemment adopt\u00e9s. Par exemple, les hispanophones d'Am\u00e9rique latine utiliseront le mot email ou e-mail, plut\u00f4t que la traduction plus litt\u00e9rale, <em>correo electr\u00f3nico<\/em>, utilis\u00e9e en Espagne. De m\u00eame, en Am\u00e9rique latine, un locuteur dirait <em>la computadora<\/em> (ordinateur) alors qu'en Espagne, ce mot serait traduit par <em>el ordenador<\/em>. Chaque traduction semblerait bizarre aux locuteurs de l'autre r\u00e9gion.\r\n\r\nM\u00eame lorsque l'anglais n'est pas la cause d'une diff\u00e9rence de vocabulaire, soyez prudent : de nombreux mots ordinaires dans un type d'espagnol ont des connotations tr\u00e8s choquantes dans d'autres\u00a0! Pour \u00e9viter les erreurs accidentelles ou les faux-pas, travaillez avec des traducteurs ma\u00eetrisant parfaitement l'argot, le jargon et les tournures idiomatiques culturelles de votre r\u00e9gion cible.\r\n<h2>Diff\u00e9rents types d'espagnol latino-am\u00e9ricain<\/h2>\r\nL'espagnol est une langue officielle ou nationale dans 21\u00a0pays du monde, avec une remarquable diversit\u00e9 dans les pays d'Am\u00e9rique latine. La diff\u00e9rence entre l'espagnol parl\u00e9 \u00e0 Mexico et l'espagnol parl\u00e9 \u00e0 Buenos Aires est importante - aussi importante que les diff\u00e9rences entre l'espagnol de ces deux pays et celui parl\u00e9 \u00e0 Madrid.\r\n\r\nEn outre, chaque pays d'Am\u00e9rique latine pr\u00e9sente des variations internes d'accent et de dialecte, chacune d'entre elles \u00e9tant influenc\u00e9e par l'histoire, la g\u00e9ographie et la culture, notamment par le contact avec les langues autochtones ainsi qu'avec l'anglais. Par cons\u00e9quent, il est essentiel pour vous de comprendre le public cible de votre contenu ainsi que d'utiliser des locuteurs natifs d'espagnol latino-am\u00e9ricain pour vos projets de traduction.\r\n<h2>Choisir la bonne localisation en espagnol<\/h2>\r\nAlors, comment identifier la bonne localisation en espagnol pour votre entreprise\u00a0? Chez <em>Trusted Translations<\/em>, nos traducteurs connaissent parfaitement les nuances de la traduction de contenus vers l'espagnol latino-am\u00e9ricain.\r\n\r\nDans le cadre de notre processus d'\u00e9valuation initial, nos experts vous aideront \u00e0 d\u00e9terminer le meilleur choix d'espagnol en fonction de vos besoins de communication particuliers, de l'objectif de votre entreprise, de votre budget et du public auquel vous souhaitez vous adresser. Cela pourrait commencer par une traduction vers l'espagnol \u00ab\u00a0neutre\u00a0\u00bb qui sera compr\u00e9hensible dans toute l'Am\u00e9rique latine et que nous pourrons par la suite travailler avec vous afin de la localiser pour des r\u00e9gions plus sp\u00e9cifiques.\r\n\r\nAvec un vaste r\u00e9seau de traducteurs en espagnol latino-am\u00e9ricains bilingues dans le pays, <em>Trusted Translations<\/em> est le partenaire de traduction choisi par les organisations les plus prestigieuses au monde. Contactez-nous d\u00e8s aujourd'hui pour en savoir plus sur nos solutions \u00e9conomiques de traduction vers l'espagnol latino-am\u00e9ricain."},"state":{"type":"textfield","raw":""},"city":{"type":"textarea","raw":[]}}},"_links":{"self":[{"href":"https:\/\/www.trustedtranslations.com\/fr\/wp-json\/wp\/v2\/pages\/181301","targetHints":{"allow":["GET"]}}],"collection":[{"href":"https:\/\/www.trustedtranslations.com\/fr\/wp-json\/wp\/v2\/pages"}],"about":[{"href":"https:\/\/www.trustedtranslations.com\/fr\/wp-json\/wp\/v2\/types\/page"}],"author":[{"embeddable":true,"href":"https:\/\/www.trustedtranslations.com\/fr\/wp-json\/wp\/v2\/users\/1"}],"replies":[{"embeddable":true,"href":"https:\/\/www.trustedtranslations.com\/fr\/wp-json\/wp\/v2\/comments?post=181301"}],"version-history":[{"count":0,"href":"https:\/\/www.trustedtranslations.com\/fr\/wp-json\/wp\/v2\/pages\/181301\/revisions"}],"up":[{"embeddable":true,"href":"https:\/\/www.trustedtranslations.com\/fr\/wp-json\/wp\/v2\/pages\/181336"}],"wp:featuredmedia":[{"embeddable":true,"href":"https:\/\/www.trustedtranslations.com\/fr\/wp-json\/wp\/v2\/media\/160117"}],"wp:attachment":[{"href":"https:\/\/www.trustedtranslations.com\/fr\/wp-json\/wp\/v2\/media?parent=181301"}],"curies":[{"name":"wp","href":"https:\/\/api.w.org\/{rel}","templated":true}]}}