{"id":181332,"date":"2023-02-01T18:58:15","date_gmt":"2023-02-01T21:58:15","guid":{"rendered":"https:\/\/www.trustedtranslations.com\/?page_id=181332"},"modified":"2024-09-06T14:17:27","modified_gmt":"2024-09-06T17:17:27","slug":"services-de-traduction-espagnol","status":"publish","type":"page","link":"https:\/\/www.trustedtranslations.com\/fr\/langues\/espagnol\/services-de-traduction-espagnol","title":{"rendered":"Services de traduction en espagnol"},"content":{"rendered":"","protected":false},"excerpt":{"rendered":"","protected":false},"author":1,"featured_media":160117,"parent":129017,"menu_order":0,"comment_status":"closed","ping_status":"closed","template":"","meta":{"site-sidebar-layout":"default","site-content-layout":"default","ast-site-content-layout":"default","site-content-style":"default","site-sidebar-style":"default","ast-global-header-display":"","ast-banner-title-visibility":"","ast-main-header-display":"","ast-hfb-above-header-display":"","ast-hfb-below-header-display":"","ast-hfb-mobile-header-display":"","site-post-title":"disabled","ast-breadcrumbs-content":"","ast-featured-img":"","footer-sml-layout":"","theme-transparent-header-meta":"default","adv-header-id-meta":"","stick-header-meta":"","header-above-stick-meta":"","header-main-stick-meta":"","header-below-stick-meta":"","astra-migrate-meta-layouts":"set","ast-page-background-enabled":"default","ast-page-background-meta":{"desktop":{"background-color":"var(--ast-global-color-4)","background-image":"","background-repeat":"repeat","background-position":"center center","background-size":"auto","background-attachment":"scroll","background-type":"","background-media":"","overlay-type":"","overlay-color":"","overlay-opacity":"","overlay-gradient":""},"tablet":{"background-color":"","background-image":"","background-repeat":"repeat","background-position":"center center","background-size":"auto","background-attachment":"scroll","background-type":"","background-media":"","overlay-type":"","overlay-color":"","overlay-opacity":"","overlay-gradient":""},"mobile":{"background-color":"","background-image":"","background-repeat":"repeat","background-position":"center center","background-size":"auto","background-attachment":"scroll","background-type":"","background-media":"","overlay-type":"","overlay-color":"","overlay-opacity":"","overlay-gradient":""}},"ast-content-background-meta":{"desktop":{"background-color":"var(--ast-global-color-5)","background-image":"","background-repeat":"repeat","background-position":"center center","background-size":"auto","background-attachment":"scroll","background-type":"","background-media":"","overlay-type":"","overlay-color":"","overlay-opacity":"","overlay-gradient":""},"tablet":{"background-color":"var(--ast-global-color-5)","background-image":"","background-repeat":"repeat","background-position":"center center","background-size":"auto","background-attachment":"scroll","background-type":"","background-media":"","overlay-type":"","overlay-color":"","overlay-opacity":"","overlay-gradient":""},"mobile":{"background-color":"var(--ast-global-color-5)","background-image":"","background-repeat":"repeat","background-position":"center center","background-size":"auto","background-attachment":"scroll","background-type":"","background-media":"","overlay-type":"","overlay-color":"","overlay-opacity":"","overlay-gradient":""}},"footnotes":""},"class_list":["post-181332","page","type-page","status-publish","has-post-thumbnail","hentry"],"yoast_head":"<!-- This site is optimized with the Yoast SEO plugin v27.5 - https:\/\/yoast.com\/product\/yoast-seo-wordpress\/ -->\n<title>Services de traduction en espagnol - Trusted Translations, Inc.<\/title>\n<meta name=\"description\" content=\"Nous fournissons des services de traduction professionnelle en espagnol de la plus haute qualit\u00e9 aux meilleurs tarifs. Cliquez ici pour demander un devis gratuit.\" \/>\n<meta name=\"robots\" content=\"index, follow, max-snippet:-1, max-image-preview:large, max-video-preview:-1\" \/>\n<link rel=\"canonical\" href=\"https:\/\/www.trustedtranslations.com\/fr\/langues\/espagnol\/services-de-traduction-espagnol\" \/>\n<meta property=\"og:locale\" content=\"fr_FR\" \/>\n<meta property=\"og:type\" content=\"article\" \/>\n<meta property=\"og:title\" content=\"Services de traduction en espagnol - Trusted Translations, Inc.\" \/>\n<meta property=\"og:description\" content=\"Nous fournissons des services de traduction professionnelle en espagnol de la plus haute qualit\u00e9 aux meilleurs tarifs. Cliquez ici pour demander un devis gratuit.\" \/>\n<meta property=\"og:url\" content=\"https:\/\/www.trustedtranslations.com\/fr\/langues\/espagnol\/services-de-traduction-espagnol\" \/>\n<meta property=\"og:site_name\" content=\"Trusted Translations, Inc.\" \/>\n<meta property=\"article:publisher\" content=\"https:\/\/www.facebook.com\/Trusted.Translations\" \/>\n<meta property=\"article:modified_time\" content=\"2024-09-06T17:17:27+00:00\" \/>\n<meta property=\"og:image\" content=\"https:\/\/static.trustedtranslations.com\/wp-content\/uploads\/2022\/08\/TT_NEW_FB-1.png\" \/>\n\t<meta property=\"og:image:width\" content=\"1\" \/>\n\t<meta property=\"og:image:height\" content=\"1\" \/>\n\t<meta property=\"og:image:type\" content=\"image\/jpeg\" \/>\n<meta name=\"twitter:card\" content=\"summary_large_image\" \/>\n<meta name=\"twitter:site\" content=\"@TrustedT9ns\" \/>\n<script type=\"application\/ld+json\" class=\"yoast-schema-graph\">{\"@context\":\"https:\\\/\\\/schema.org\",\"@graph\":[{\"@type\":\"WebPage\",\"@id\":\"https:\\\/\\\/www.trustedtranslations.com\\\/fr\\\/langues\\\/espagnol\\\/services-de-traduction-espagnol\",\"url\":\"https:\\\/\\\/www.trustedtranslations.com\\\/fr\\\/langues\\\/espagnol\\\/services-de-traduction-espagnol\",\"name\":\"Services de traduction en espagnol - Trusted Translations, Inc.\",\"isPartOf\":{\"@id\":\"https:\\\/\\\/www.trustedtranslations.com\\\/fr\\\/#website\"},\"primaryImageOfPage\":{\"@id\":\"https:\\\/\\\/www.trustedtranslations.com\\\/fr\\\/langues\\\/espagnol\\\/services-de-traduction-espagnol#primaryimage\"},\"image\":{\"@id\":\"https:\\\/\\\/www.trustedtranslations.com\\\/fr\\\/langues\\\/espagnol\\\/services-de-traduction-espagnol#primaryimage\"},\"thumbnailUrl\":\"https:\\\/\\\/www.trustedtranslations.com\\\/wp-content\\\/uploads\\\/2022\\\/08\\\/TT_NEW_FB-1.png\",\"description\":\"Nous fournissons des services de traduction professionnelle en espagnol de la plus haute qualit\u00e9 aux meilleurs tarifs. Cliquez ici pour demander un devis gratuit.\",\"breadcrumb\":{\"@id\":\"https:\\\/\\\/www.trustedtranslations.com\\\/fr\\\/langues\\\/espagnol\\\/services-de-traduction-espagnol#breadcrumb\"},\"inLanguage\":\"fr-FR\",\"potentialAction\":[{\"@type\":\"ReadAction\",\"target\":[\"https:\\\/\\\/www.trustedtranslations.com\\\/fr\\\/langues\\\/espagnol\\\/services-de-traduction-espagnol\"]}]},{\"@type\":\"ImageObject\",\"inLanguage\":\"fr-FR\",\"@id\":\"https:\\\/\\\/www.trustedtranslations.com\\\/fr\\\/langues\\\/espagnol\\\/services-de-traduction-espagnol#primaryimage\",\"url\":\"https:\\\/\\\/www.trustedtranslations.com\\\/wp-content\\\/uploads\\\/2022\\\/08\\\/TT_NEW_FB-1.png\",\"contentUrl\":\"https:\\\/\\\/www.trustedtranslations.com\\\/wp-content\\\/uploads\\\/2022\\\/08\\\/TT_NEW_FB-1.png\",\"caption\":\"TT NEW FB 1\"},{\"@type\":\"BreadcrumbList\",\"@id\":\"https:\\\/\\\/www.trustedtranslations.com\\\/fr\\\/langues\\\/espagnol\\\/services-de-traduction-espagnol#breadcrumb\",\"itemListElement\":[{\"@type\":\"ListItem\",\"position\":1,\"name\":\"Accueil\",\"item\":\"https:\\\/\\\/www.trustedtranslations.com\\\/fr\"},{\"@type\":\"ListItem\",\"position\":2,\"name\":\"Langues\",\"item\":\"https:\\\/\\\/www.trustedtranslations.com\\\/fr\\\/langues\"},{\"@type\":\"ListItem\",\"position\":3,\"name\":\"Espagnol\",\"item\":\"https:\\\/\\\/www.trustedtranslations.com\\\/fr\\\/langues\\\/espagnol\"},{\"@type\":\"ListItem\",\"position\":4,\"name\":\"Services de traduction en espagnol\"}]},{\"@type\":\"WebSite\",\"@id\":\"https:\\\/\\\/www.trustedtranslations.com\\\/fr\\\/#website\",\"url\":\"https:\\\/\\\/www.trustedtranslations.com\\\/fr\\\/\",\"name\":\"Trusted Translations, Inc.\",\"description\":\"Leader in translation and interpretation services.\",\"publisher\":{\"@id\":\"https:\\\/\\\/www.trustedtranslations.com\\\/fr\\\/#organization\"},\"alternateName\":\"Trusted Translations\",\"potentialAction\":[{\"@type\":\"SearchAction\",\"target\":{\"@type\":\"EntryPoint\",\"urlTemplate\":\"https:\\\/\\\/www.trustedtranslations.com\\\/fr\\\/?s={search_term_string}\"},\"query-input\":{\"@type\":\"PropertyValueSpecification\",\"valueRequired\":true,\"valueName\":\"search_term_string\"}}],\"inLanguage\":\"fr-FR\"},{\"@type\":\"Organization\",\"@id\":\"https:\\\/\\\/www.trustedtranslations.com\\\/fr\\\/#organization\",\"name\":\"Trusted Translations\",\"alternateName\":\"Trusted Translations, Inc.\",\"url\":\"https:\\\/\\\/www.trustedtranslations.com\\\/fr\\\/\",\"logo\":{\"@type\":\"ImageObject\",\"inLanguage\":\"fr-FR\",\"@id\":\"https:\\\/\\\/www.trustedtranslations.com\\\/fr\\\/#\\\/schema\\\/logo\\\/image\\\/\",\"url\":\"https:\\\/\\\/static.trustedtranslations.com\\\/wp-content\\\/uploads\\\/2022\\\/01\\\/TT_logo_WSIColors-2.png\",\"contentUrl\":\"https:\\\/\\\/static.trustedtranslations.com\\\/wp-content\\\/uploads\\\/2022\\\/01\\\/TT_logo_WSIColors-2.png\",\"width\":500,\"height\":196,\"caption\":\"Trusted Translations\"},\"image\":{\"@id\":\"https:\\\/\\\/www.trustedtranslations.com\\\/fr\\\/#\\\/schema\\\/logo\\\/image\\\/\"},\"sameAs\":[\"https:\\\/\\\/www.facebook.com\\\/Trusted.Translations\",\"https:\\\/\\\/x.com\\\/TrustedT9ns\",\"https:\\\/\\\/www.linkedin.com\\\/company\\\/trusted-translations\"]}]}<\/script>\n<!-- \/ Yoast SEO plugin. -->","yoast_head_json":{"title":"Services de traduction en espagnol - Trusted Translations, Inc.","description":"Nous fournissons des services de traduction professionnelle en espagnol de la plus haute qualit\u00e9 aux meilleurs tarifs. Cliquez ici pour demander un devis gratuit.","robots":{"index":"index","follow":"follow","max-snippet":"max-snippet:-1","max-image-preview":"max-image-preview:large","max-video-preview":"max-video-preview:-1"},"canonical":"https:\/\/www.trustedtranslations.com\/fr\/langues\/espagnol\/services-de-traduction-espagnol","og_locale":"fr_FR","og_type":"article","og_title":"Services de traduction en espagnol - Trusted Translations, Inc.","og_description":"Nous fournissons des services de traduction professionnelle en espagnol de la plus haute qualit\u00e9 aux meilleurs tarifs. Cliquez ici pour demander un devis gratuit.","og_url":"https:\/\/www.trustedtranslations.com\/fr\/langues\/espagnol\/services-de-traduction-espagnol","og_site_name":"Trusted Translations, Inc.","article_publisher":"https:\/\/www.facebook.com\/Trusted.Translations","article_modified_time":"2024-09-06T17:17:27+00:00","og_image":[{"url":"https:\/\/static.trustedtranslations.com\/wp-content\/uploads\/2022\/08\/TT_NEW_FB-1.png","width":1,"height":1,"type":"image\/jpeg"}],"twitter_card":"summary_large_image","twitter_site":"@TrustedT9ns","schema":{"@context":"https:\/\/schema.org","@graph":[{"@type":"WebPage","@id":"https:\/\/www.trustedtranslations.com\/fr\/langues\/espagnol\/services-de-traduction-espagnol","url":"https:\/\/www.trustedtranslations.com\/fr\/langues\/espagnol\/services-de-traduction-espagnol","name":"Services de traduction en espagnol - Trusted Translations, Inc.","isPartOf":{"@id":"https:\/\/www.trustedtranslations.com\/fr\/#website"},"primaryImageOfPage":{"@id":"https:\/\/www.trustedtranslations.com\/fr\/langues\/espagnol\/services-de-traduction-espagnol#primaryimage"},"image":{"@id":"https:\/\/www.trustedtranslations.com\/fr\/langues\/espagnol\/services-de-traduction-espagnol#primaryimage"},"thumbnailUrl":"https:\/\/www.trustedtranslations.com\/wp-content\/uploads\/2022\/08\/TT_NEW_FB-1.png","description":"Nous fournissons des services de traduction professionnelle en espagnol de la plus haute qualit\u00e9 aux meilleurs tarifs. Cliquez ici pour demander un devis gratuit.","breadcrumb":{"@id":"https:\/\/www.trustedtranslations.com\/fr\/langues\/espagnol\/services-de-traduction-espagnol#breadcrumb"},"inLanguage":"fr-FR","potentialAction":[{"@type":"ReadAction","target":["https:\/\/www.trustedtranslations.com\/fr\/langues\/espagnol\/services-de-traduction-espagnol"]}]},{"@type":"ImageObject","inLanguage":"fr-FR","@id":"https:\/\/www.trustedtranslations.com\/fr\/langues\/espagnol\/services-de-traduction-espagnol#primaryimage","url":"https:\/\/www.trustedtranslations.com\/wp-content\/uploads\/2022\/08\/TT_NEW_FB-1.png","contentUrl":"https:\/\/www.trustedtranslations.com\/wp-content\/uploads\/2022\/08\/TT_NEW_FB-1.png","caption":"TT NEW FB 1"},{"@type":"BreadcrumbList","@id":"https:\/\/www.trustedtranslations.com\/fr\/langues\/espagnol\/services-de-traduction-espagnol#breadcrumb","itemListElement":[{"@type":"ListItem","position":1,"name":"Accueil","item":"https:\/\/www.trustedtranslations.com\/fr"},{"@type":"ListItem","position":2,"name":"Langues","item":"https:\/\/www.trustedtranslations.com\/fr\/langues"},{"@type":"ListItem","position":3,"name":"Espagnol","item":"https:\/\/www.trustedtranslations.com\/fr\/langues\/espagnol"},{"@type":"ListItem","position":4,"name":"Services de traduction en espagnol"}]},{"@type":"WebSite","@id":"https:\/\/www.trustedtranslations.com\/fr\/#website","url":"https:\/\/www.trustedtranslations.com\/fr\/","name":"Trusted Translations, Inc.","description":"Leader in translation and interpretation services.","publisher":{"@id":"https:\/\/www.trustedtranslations.com\/fr\/#organization"},"alternateName":"Trusted Translations","potentialAction":[{"@type":"SearchAction","target":{"@type":"EntryPoint","urlTemplate":"https:\/\/www.trustedtranslations.com\/fr\/?s={search_term_string}"},"query-input":{"@type":"PropertyValueSpecification","valueRequired":true,"valueName":"search_term_string"}}],"inLanguage":"fr-FR"},{"@type":"Organization","@id":"https:\/\/www.trustedtranslations.com\/fr\/#organization","name":"Trusted Translations","alternateName":"Trusted Translations, Inc.","url":"https:\/\/www.trustedtranslations.com\/fr\/","logo":{"@type":"ImageObject","inLanguage":"fr-FR","@id":"https:\/\/www.trustedtranslations.com\/fr\/#\/schema\/logo\/image\/","url":"https:\/\/static.trustedtranslations.com\/wp-content\/uploads\/2022\/01\/TT_logo_WSIColors-2.png","contentUrl":"https:\/\/static.trustedtranslations.com\/wp-content\/uploads\/2022\/01\/TT_logo_WSIColors-2.png","width":500,"height":196,"caption":"Trusted Translations"},"image":{"@id":"https:\/\/www.trustedtranslations.com\/fr\/#\/schema\/logo\/image\/"},"sameAs":["https:\/\/www.facebook.com\/Trusted.Translations","https:\/\/x.com\/TrustedT9ns","https:\/\/www.linkedin.com\/company\/trusted-translations"]}]}},"toolset-meta":{"dyk":{"mensaje-1":{"type":"textfield","raw":"Nous fournissons des traductions en espagnol aux entreprises du Fortune\u00a0500 \u00e0 des tarifs inf\u00e9rieurs de 25 \u00e0 50\u00a0% aux prix du march\u00e9."},"mensaje-2":{"type":"textfield","raw":"Plus de 500\u00a0000 particuliers et entreprises visitent nos sites chaque mois pour obtenir des conseils en espagnol."},"mensaje-3":{"type":"textfield","raw":"Trusted Translations est la soci\u00e9t\u00e9 de traduction espagnole la moins ch\u00e8re bas\u00e9e aux \u00c9tats-Unis."},"mensaje-4":{"type":"textfield","raw":"Trusted Translations est le leader mondial des services de traduction professionnelle depuis et vers l\u2019espagnol."},"mensaje-5":{"type":"textfield","raw":""},"mensaje-6":{"type":"textfield","raw":""}},"single-page-template-fields":{"imgs-temp":{"type":"image","raw":["https:\/\/static.trustedtranslations.com\/wp-content\/uploads\/2024\/05\/sts-1.webp"],"repeatable":[{"raw":"https:\/\/static.trustedtranslations.com\/wp-content\/uploads\/2024\/05\/sts-1.webp"}]},"imgs-temp-cel":{"type":"image","raw":[""],"repeatable":[{"raw":""}]},"img-temp-one-cel":{"type":"image","raw":"https:\/\/static.trustedtranslations.com\/wp-content\/uploads\/2024\/05\/sts1.webp","attachment_id":null},"quotes":{"type":"textarea","raw":"<h1 style=\"margin-bottom: 12px;\">Leader des services de traduction en espagnol<\/h1>Avec plus de 10 000 clients satisfaits dans le monde et plus de 20 ans d\u2019exp\u00e9rience dans la traduction en espagnol, Trusted Translations est une autorit\u00e9 internationalement reconnue dans le domaine et un fournisseur de services de traduction en espagnol.<div style=\"margin-top: 2.5vw;\"><a class=\"tt-btn-main-cta\" href=\"\/fr\/devis-traduction\">DEMANDEZ UN DEVIS GRATUIT<\/a><\/div>"},"text-1":{"type":"textarea","raw":"<h2>Leader du secteur en mati\u00e8re de traduction en espagnol de haute qualit\u00e9 \u00e0 des prix comp\u00e9titifs<\/h2><em>Trusted Translations<\/em> est la principale soci\u00e9t\u00e9 de traduction espagnole du secteur. Nous employons des experts en interne et en externe, ce qui nous permet de garantir la qualit\u00e9 de chaque traduction espagnole tout en vous offrant les prix les plus comp\u00e9titifs. Avec des bureaux aux \u00c9tats-Unis, en Am\u00e9rique latine et en Europe, notre \u00e9quipe est con\u00e7ue pour \u00eatre en mesure de r\u00e9pondre aux besoins de presque tous les clients, quelles que soient la taille et la complexit\u00e9 du projet.\r\n<h2 style=\"margin-bottom:20px\">Service de traduction anglais \u2013 espagnol<\/h2>\r\nParce que nous sommes sp\u00e9cialis\u00e9s dans <a href=\"https:\/\/www.trustedtranslations.com\/fr?page_id=181330\" target=\"_blank\" rel=\"noopener\">les traductions anglais-espagnol<\/a>, nous avons plus de 10\u00a0000 linguistes anglais-espagnol bien test\u00e9s et certifi\u00e9s pour nos clients. En plus d'\u00eatre des linguistes qualifi\u00e9s, ces traducteurs sont \u00e9galement des experts du secteur, et beaucoup d'entre eux sont titulaires d'un dipl\u00f4me de troisi\u00e8me cycle dans le domaine concern\u00e9. Cela leur donne les connaissances sp\u00e9cialis\u00e9es n\u00e9cessaires pour traduire vos projets avec rapidit\u00e9 et pr\u00e9cision.\r\n\r\nNous fournissons des traductions de l'anglais vers l'espagnol \u00e0 certaines des plus grandes entreprises et organisations du monde, telles que Coca-Cola, IBM, les Nations Unies, la NASA et des milliers d'autres. Nos vastes domaines d'<a href=\"https:\/\/www.trustedtranslations.com\/fr\/domaines\" target=\"_blank\" rel=\"noopener\">expertise industrielle<\/a> comprennent la publicit\u00e9, la blockchain, les affaires, la d\u00e9fense, l'apprentissage en ligne, le divertissement, la finance, les documents gouvernementaux, le droit, la fabrication industrielle, les soins de sant\u00e9, le marketing, les m\u00e9dias, les logiciels, les documents techniques, les manuels d'utilisation et bien d'autres.\r\n<h2 style=\"margin-bottom:20px\">Exp\u00e9rience \u00e9prouv\u00e9e en traduction vers l'espagnol<\/h2>\r\nPlusieurs qualit\u00e9s suppl\u00e9mentaires distinguent <em>Trusted Translations<\/em> de ses concurrents. Par exemple, notre personnel comprend des avocats bilingues (anglais\/espagnol) agr\u00e9\u00e9s aux \u00c9tats-Unis, qui s'assurent que chaque document que nous traduisons respecte les normes juridiques en vigueur\u00a0; ils peuvent \u00e9galement fournir des certifications juridiques authentifi\u00e9es prouvant l'exactitude de nos traductions. Nous employons \u00e9galement des m\u00e9decins bilingues avec des ann\u00e9es d'exp\u00e9rience dans le contenu m\u00e9dical et des soins de sant\u00e9. Notre engagement en faveur de l'expertise nous permet de livrer des traductions dans les d\u00e9lais, avec une qualit\u00e9 exceptionnelle et aux prix les plus comp\u00e9titifs du secteur.\r\n\r\nEn outre, <em>Trusted Translations<\/em> a plus de 25\u00a0ans d'exp\u00e9rience linguistique sur le march\u00e9 hispanique, ce qui nous a valu de <a href=\"https:\/\/www.trustedtranslations.com\/fr\/entreprise\/certifications\" target=\"_blank\" rel=\"noopener\">nombreux prix et certifications<\/a> au fil des ans. Cette vaste exp\u00e9rience de terrain nous permet de fournir bien plus que de simples services de traduction. Selon les besoins du client, notre \u00e9quipe apporte \u00e9galement des conseils et des informations inestimables sur les tendances du march\u00e9, la localisation, l'optimisation de sites Web, etc."},"shortcode-map":{"type":"textfield","raw":""},"dyk-shortcode":{"type":"textfield","raw":"[elementor-template id=\"146546\"]"},"text-2":{"type":"textarea","raw":"<h2 style=\"margin-bottom:20px\">Soci\u00e9t\u00e9 de traduction en espagnol \u00e0 service complet<\/h2>\r\n<em>Trusted Translations<\/em> est unique de par la nature compl\u00e8te et l'\u00e9tendue de nos services. Nous offrons des services de traduction pour tous les types de documents, quelles qu'en soient la mise en forme et la longueur. Nous proposons \u00e9galement une grande vari\u00e9t\u00e9 de services \u00e0 valeur ajout\u00e9e adapt\u00e9s \u00e0 vos besoins sp\u00e9cifiques, tels que la post-production en espagnol, la publication assist\u00e9e par ordinateur en espagnol, le marketing en ligne en espagnol, l'optimisation Web, etc.\r\n\r\nVoici quelques-uns des services professionnels en espagnol que nous proposons r\u00e9guli\u00e8rement\u00a0:\r\n\r\n<div class=\"elearning-container\">\r\n    <div>\r\n        <i class=\"fa fa-universal-access\" aria-hidden=\"true\"><\/i>\r\n        <h4 style=\"text-align: center\">Normes d'accessibilit\u00e9<\/h4>\r\n    <\/div>\r\n    <div>\r\n        <i class=\"fa fa-mobile\" aria-hidden=\"true\"><\/i>\r\n        <h4 style=\"text-align: center\">Localisation d'applications<\/h4>\r\n    <\/div>\r\n    <div>\r\n        <i class=\"fa fa-sign-language\" aria-hidden=\"true\"><\/i>\r\n        <h4 style=\"text-align: center\">ASL \u2013 Langue des signes<\/h4>\r\n    <\/div>\r\n    <div>\r\n        <i class=\"fa fa-check\" aria-hidden=\"true\"><\/i>\r\n        <h4 style=\"text-align: center\">Traduction certifi\u00e9e<\/h4>\r\n    <\/div>\r\n    <div>\r\n        <i class=\"fa fa-desktop\" aria-hidden=\"true\"><\/i>\r\n        <h4 style=\"text-align: center\">Publication assist\u00e9e par ordinateur<\/h4>\r\n    <\/div>\r\n    <div>\r\n        <i class=\"fa fa-pencil-square-o\" aria-hidden=\"true\"><\/i>\r\n        <h4 style=\"text-align: center\">\u00c9dition et correction<\/h4>\r\n    <\/div>\r\n<\/div>\r\n\r\n<div class=\"elearning-container\">\r\n    <div>\r\n        <i class=\"fa fa-file-pdf-o\" aria-hidden=\"true\"><\/i>\r\n        <h4 style=\"text-align: center\">Formats de fichiers<\/h4>\r\n    <\/div>\r\n    <div>\r\n        <i class=\"fa fa-globe\" aria-hidden=\"true\"><\/i>\r\n        <h4 style=\"text-align: center\">Globalisation<\/h4>\r\n    <\/div>\r\n    <div>\r\n        <i class=\"fa fa-users\" aria-hidden=\"true\"><\/i>\r\n        <h4 style=\"text-align: center\">Traduction humaine<\/h4>\r\n    <\/div>\r\n    <div>\r\n        <i class=\"fa fa-file-text\" aria-hidden=\"true\"><\/i>\r\n        <h4 style=\"text-align: center\">Interpr\u00e9tation<\/h4>\r\n    <\/div>\r\n    <div>\r\n        <i class=\"fa fa-location-arrow\" aria-hidden=\"true\"><\/i>\r\n        <h4 style=\"text-align: center\">Localisation<\/h4>\r\n    <\/div>\r\n    <div>\r\n        <i class=\"fa fa-wrench\" aria-hidden=\"true\"><\/i>\r\n        <h4 style=\"text-align: center\">Traduction automatique<\/h4>\r\n    <\/div>\r\n<\/div>\r\n\r\n<div class=\"elearning-container\">\r\n    <div>\r\n        <i class=\"fa fa-file-o\" aria-hidden=\"true\"><\/i>\r\n        <h4 style=\"text-align: center\">Services multim\u00e9dias<\/h4>\r\n    <\/div>\r\n    <div>\r\n        <i class=\"fa fa-bullhorn\" aria-hidden=\"true\"><\/i>\r\n        <h4 style=\"text-align: center\">Marketing en ligne<\/h4>\r\n    <\/div>\r\n    <div>\r\n        <i class=\"fa fa-volume-control-phone\" aria-hidden=\"true\"><\/i>\r\n        <h4 style=\"text-align: center\">Interpr\u00e9tation par t\u00e9l\u00e9phone<\/h4>\r\n    <\/div>\r\n    <div>\r\n        <i class=\"fa fa-user-plus\" aria-hidden=\"true\"><\/i>\r\n        <h4 style=\"text-align: center\">Transcr\u00e9ation<\/h4>\r\n    <\/div>\r\n    <div>\r\n        <i class=\"fa fa-pencil\" aria-hidden=\"true\"><\/i>\r\n        <h4 style=\"text-align: center\">Transcription<\/h4>\r\n    <\/div>\r\n    <div>\r\n        <i class=\"fa fa-check-square-o\" aria-hidden=\"true\"><\/i>\r\n        <h4 style=\"text-align: center\">Qualit\u00e9 de la traduction<\/h4>\r\n    <\/div>\r\n<\/div>"},"state":{"type":"textfield","raw":""},"city":{"type":"textarea","raw":[]}}},"_links":{"self":[{"href":"https:\/\/www.trustedtranslations.com\/fr\/wp-json\/wp\/v2\/pages\/181332","targetHints":{"allow":["GET"]}}],"collection":[{"href":"https:\/\/www.trustedtranslations.com\/fr\/wp-json\/wp\/v2\/pages"}],"about":[{"href":"https:\/\/www.trustedtranslations.com\/fr\/wp-json\/wp\/v2\/types\/page"}],"author":[{"embeddable":true,"href":"https:\/\/www.trustedtranslations.com\/fr\/wp-json\/wp\/v2\/users\/1"}],"replies":[{"embeddable":true,"href":"https:\/\/www.trustedtranslations.com\/fr\/wp-json\/wp\/v2\/comments?post=181332"}],"version-history":[{"count":0,"href":"https:\/\/www.trustedtranslations.com\/fr\/wp-json\/wp\/v2\/pages\/181332\/revisions"}],"up":[{"embeddable":true,"href":"https:\/\/www.trustedtranslations.com\/fr\/wp-json\/wp\/v2\/pages\/129017"}],"wp:featuredmedia":[{"embeddable":true,"href":"https:\/\/www.trustedtranslations.com\/fr\/wp-json\/wp\/v2\/media\/160117"}],"wp:attachment":[{"href":"https:\/\/www.trustedtranslations.com\/fr\/wp-json\/wp\/v2\/media?parent=181332"}],"curies":[{"name":"wp","href":"https:\/\/api.w.org\/{rel}","templated":true}]}}