{"id":181564,"date":"2023-02-01T18:57:46","date_gmt":"2023-02-01T21:57:46","guid":{"rendered":"https:\/\/www.trustedtranslations.com\/?page_id=181564"},"modified":"2024-09-03T17:12:27","modified_gmt":"2024-09-03T20:12:27","slug":"sports","status":"publish","type":"page","link":"https:\/\/www.trustedtranslations.com\/fr\/domaines\/sports","title":{"rendered":"Sports"},"content":{"rendered":"","protected":false},"excerpt":{"rendered":"","protected":false},"author":1,"featured_media":160117,"parent":128968,"menu_order":0,"comment_status":"closed","ping_status":"closed","template":"","meta":{"site-sidebar-layout":"default","site-content-layout":"default","ast-site-content-layout":"default","site-content-style":"default","site-sidebar-style":"default","ast-global-header-display":"","ast-banner-title-visibility":"","ast-main-header-display":"","ast-hfb-above-header-display":"","ast-hfb-below-header-display":"","ast-hfb-mobile-header-display":"","site-post-title":"disabled","ast-breadcrumbs-content":"","ast-featured-img":"","footer-sml-layout":"","ast-disable-related-posts":"","theme-transparent-header-meta":"default","adv-header-id-meta":"","stick-header-meta":"","header-above-stick-meta":"","header-main-stick-meta":"","header-below-stick-meta":"","astra-migrate-meta-layouts":"set","ast-page-background-enabled":"default","ast-page-background-meta":{"desktop":{"background-color":"var(--ast-global-color-4)","background-image":"","background-repeat":"repeat","background-position":"center center","background-size":"auto","background-attachment":"scroll","background-type":"","background-media":"","overlay-type":"","overlay-color":"","overlay-opacity":"","overlay-gradient":""},"tablet":{"background-color":"","background-image":"","background-repeat":"repeat","background-position":"center center","background-size":"auto","background-attachment":"scroll","background-type":"","background-media":"","overlay-type":"","overlay-color":"","overlay-opacity":"","overlay-gradient":""},"mobile":{"background-color":"","background-image":"","background-repeat":"repeat","background-position":"center center","background-size":"auto","background-attachment":"scroll","background-type":"","background-media":"","overlay-type":"","overlay-color":"","overlay-opacity":"","overlay-gradient":""}},"ast-content-background-meta":{"desktop":{"background-color":"var(--ast-global-color-5)","background-image":"","background-repeat":"repeat","background-position":"center center","background-size":"auto","background-attachment":"scroll","background-type":"","background-media":"","overlay-type":"","overlay-color":"","overlay-opacity":"","overlay-gradient":""},"tablet":{"background-color":"var(--ast-global-color-5)","background-image":"","background-repeat":"repeat","background-position":"center center","background-size":"auto","background-attachment":"scroll","background-type":"","background-media":"","overlay-type":"","overlay-color":"","overlay-opacity":"","overlay-gradient":""},"mobile":{"background-color":"var(--ast-global-color-5)","background-image":"","background-repeat":"repeat","background-position":"center center","background-size":"auto","background-attachment":"scroll","background-type":"","background-media":"","overlay-type":"","overlay-color":"","overlay-opacity":"","overlay-gradient":""}},"footnotes":""},"class_list":["post-181564","page","type-page","status-publish","has-post-thumbnail","hentry"],"yoast_head":"<!-- This site is optimized with the Yoast SEO plugin v27.3 - https:\/\/yoast.com\/product\/yoast-seo-wordpress\/ -->\n<title>Traduction dans le domaine du sport<\/title>\n<meta name=\"description\" content=\"Trusted Translations comprend l&#039;industrie du sport. Nous fournissons une traduction sp\u00e9cialis\u00e9e dans le domaine sportif adapt\u00e9e \u00e0 vos projets.\" \/>\n<meta name=\"robots\" content=\"index, follow, max-snippet:-1, max-image-preview:large, max-video-preview:-1\" \/>\n<link rel=\"canonical\" href=\"https:\/\/www.trustedtranslations.com\/fr\/domaines\/sports\" \/>\n<meta property=\"og:locale\" content=\"fr_FR\" \/>\n<meta property=\"og:type\" content=\"article\" \/>\n<meta property=\"og:title\" content=\"Traduction dans le domaine du sport\" \/>\n<meta property=\"og:description\" content=\"Trusted Translations comprend l&#039;industrie du sport. Nous fournissons une traduction sp\u00e9cialis\u00e9e dans le domaine sportif adapt\u00e9e \u00e0 vos projets.\" \/>\n<meta property=\"og:url\" content=\"https:\/\/www.trustedtranslations.com\/fr\/domaines\/sports\" \/>\n<meta property=\"og:site_name\" content=\"Trusted Translations, Inc.\" \/>\n<meta property=\"article:publisher\" content=\"https:\/\/www.facebook.com\/Trusted.Translations\" \/>\n<meta property=\"article:modified_time\" content=\"2024-09-03T20:12:27+00:00\" \/>\n<meta property=\"og:image\" content=\"https:\/\/static.trustedtranslations.com\/wp-content\/uploads\/2022\/08\/TT_NEW_FB-1.png\" \/>\n\t<meta property=\"og:image:width\" content=\"1\" \/>\n\t<meta property=\"og:image:height\" content=\"1\" \/>\n\t<meta property=\"og:image:type\" content=\"image\/jpeg\" \/>\n<meta name=\"twitter:card\" content=\"summary_large_image\" \/>\n<meta name=\"twitter:site\" content=\"@TrustedT9ns\" \/>\n<script type=\"application\/ld+json\" class=\"yoast-schema-graph\">{\"@context\":\"https:\\\/\\\/schema.org\",\"@graph\":[{\"@type\":\"WebPage\",\"@id\":\"https:\\\/\\\/www.trustedtranslations.com\\\/fr\\\/domaines\\\/sports\",\"url\":\"https:\\\/\\\/www.trustedtranslations.com\\\/fr\\\/domaines\\\/sports\",\"name\":\"Traduction dans le domaine du sport\",\"isPartOf\":{\"@id\":\"https:\\\/\\\/www.trustedtranslations.com\\\/fr\\\/#website\"},\"primaryImageOfPage\":{\"@id\":\"https:\\\/\\\/www.trustedtranslations.com\\\/fr\\\/domaines\\\/sports#primaryimage\"},\"image\":{\"@id\":\"https:\\\/\\\/www.trustedtranslations.com\\\/fr\\\/domaines\\\/sports#primaryimage\"},\"thumbnailUrl\":\"https:\\\/\\\/www.trustedtranslations.com\\\/wp-content\\\/uploads\\\/2022\\\/08\\\/TT_NEW_FB-1.png\",\"description\":\"Trusted Translations comprend l'industrie du sport. Nous fournissons une traduction sp\u00e9cialis\u00e9e dans le domaine sportif adapt\u00e9e \u00e0 vos projets.\",\"breadcrumb\":{\"@id\":\"https:\\\/\\\/www.trustedtranslations.com\\\/fr\\\/domaines\\\/sports#breadcrumb\"},\"inLanguage\":\"fr-FR\",\"potentialAction\":[{\"@type\":\"ReadAction\",\"target\":[\"https:\\\/\\\/www.trustedtranslations.com\\\/fr\\\/domaines\\\/sports\"]}]},{\"@type\":\"ImageObject\",\"inLanguage\":\"fr-FR\",\"@id\":\"https:\\\/\\\/www.trustedtranslations.com\\\/fr\\\/domaines\\\/sports#primaryimage\",\"url\":\"https:\\\/\\\/www.trustedtranslations.com\\\/wp-content\\\/uploads\\\/2022\\\/08\\\/TT_NEW_FB-1.png\",\"contentUrl\":\"https:\\\/\\\/www.trustedtranslations.com\\\/wp-content\\\/uploads\\\/2022\\\/08\\\/TT_NEW_FB-1.png\",\"caption\":\"TT NEW FB 1\"},{\"@type\":\"BreadcrumbList\",\"@id\":\"https:\\\/\\\/www.trustedtranslations.com\\\/fr\\\/domaines\\\/sports#breadcrumb\",\"itemListElement\":[{\"@type\":\"ListItem\",\"position\":1,\"name\":\"Accueil\",\"item\":\"https:\\\/\\\/www.trustedtranslations.com\\\/fr\"},{\"@type\":\"ListItem\",\"position\":2,\"name\":\"Expertise de l\u2019industrie\",\"item\":\"https:\\\/\\\/www.trustedtranslations.com\\\/fr\\\/domaines\"},{\"@type\":\"ListItem\",\"position\":3,\"name\":\"Sports\"}]},{\"@type\":\"WebSite\",\"@id\":\"https:\\\/\\\/www.trustedtranslations.com\\\/fr\\\/#website\",\"url\":\"https:\\\/\\\/www.trustedtranslations.com\\\/fr\\\/\",\"name\":\"Trusted Translations, Inc.\",\"description\":\"Leader in translation and interpretation services.\",\"publisher\":{\"@id\":\"https:\\\/\\\/www.trustedtranslations.com\\\/fr\\\/#organization\"},\"alternateName\":\"Trusted Translations\",\"potentialAction\":[{\"@type\":\"SearchAction\",\"target\":{\"@type\":\"EntryPoint\",\"urlTemplate\":\"https:\\\/\\\/www.trustedtranslations.com\\\/fr\\\/?s={search_term_string}\"},\"query-input\":{\"@type\":\"PropertyValueSpecification\",\"valueRequired\":true,\"valueName\":\"search_term_string\"}}],\"inLanguage\":\"fr-FR\"},{\"@type\":\"Organization\",\"@id\":\"https:\\\/\\\/www.trustedtranslations.com\\\/fr\\\/#organization\",\"name\":\"Trusted Translations\",\"alternateName\":\"Trusted Translations, Inc.\",\"url\":\"https:\\\/\\\/www.trustedtranslations.com\\\/fr\\\/\",\"logo\":{\"@type\":\"ImageObject\",\"inLanguage\":\"fr-FR\",\"@id\":\"https:\\\/\\\/www.trustedtranslations.com\\\/fr\\\/#\\\/schema\\\/logo\\\/image\\\/\",\"url\":\"https:\\\/\\\/static.trustedtranslations.com\\\/wp-content\\\/uploads\\\/2022\\\/01\\\/TT_logo_WSIColors-2.png\",\"contentUrl\":\"https:\\\/\\\/static.trustedtranslations.com\\\/wp-content\\\/uploads\\\/2022\\\/01\\\/TT_logo_WSIColors-2.png\",\"width\":500,\"height\":196,\"caption\":\"Trusted Translations\"},\"image\":{\"@id\":\"https:\\\/\\\/www.trustedtranslations.com\\\/fr\\\/#\\\/schema\\\/logo\\\/image\\\/\"},\"sameAs\":[\"https:\\\/\\\/www.facebook.com\\\/Trusted.Translations\",\"https:\\\/\\\/x.com\\\/TrustedT9ns\",\"https:\\\/\\\/www.linkedin.com\\\/company\\\/trusted-translations\"]}]}<\/script>\n<!-- \/ Yoast SEO plugin. -->","yoast_head_json":{"title":"Traduction dans le domaine du sport","description":"Trusted Translations comprend l'industrie du sport. Nous fournissons une traduction sp\u00e9cialis\u00e9e dans le domaine sportif adapt\u00e9e \u00e0 vos projets.","robots":{"index":"index","follow":"follow","max-snippet":"max-snippet:-1","max-image-preview":"max-image-preview:large","max-video-preview":"max-video-preview:-1"},"canonical":"https:\/\/www.trustedtranslations.com\/fr\/domaines\/sports","og_locale":"fr_FR","og_type":"article","og_title":"Traduction dans le domaine du sport","og_description":"Trusted Translations comprend l'industrie du sport. Nous fournissons une traduction sp\u00e9cialis\u00e9e dans le domaine sportif adapt\u00e9e \u00e0 vos projets.","og_url":"https:\/\/www.trustedtranslations.com\/fr\/domaines\/sports","og_site_name":"Trusted Translations, Inc.","article_publisher":"https:\/\/www.facebook.com\/Trusted.Translations","article_modified_time":"2024-09-03T20:12:27+00:00","og_image":[{"url":"https:\/\/static.trustedtranslations.com\/wp-content\/uploads\/2022\/08\/TT_NEW_FB-1.png","width":1,"height":1,"type":"image\/jpeg"}],"twitter_card":"summary_large_image","twitter_site":"@TrustedT9ns","schema":{"@context":"https:\/\/schema.org","@graph":[{"@type":"WebPage","@id":"https:\/\/www.trustedtranslations.com\/fr\/domaines\/sports","url":"https:\/\/www.trustedtranslations.com\/fr\/domaines\/sports","name":"Traduction dans le domaine du sport","isPartOf":{"@id":"https:\/\/www.trustedtranslations.com\/fr\/#website"},"primaryImageOfPage":{"@id":"https:\/\/www.trustedtranslations.com\/fr\/domaines\/sports#primaryimage"},"image":{"@id":"https:\/\/www.trustedtranslations.com\/fr\/domaines\/sports#primaryimage"},"thumbnailUrl":"https:\/\/www.trustedtranslations.com\/wp-content\/uploads\/2022\/08\/TT_NEW_FB-1.png","description":"Trusted Translations comprend l'industrie du sport. Nous fournissons une traduction sp\u00e9cialis\u00e9e dans le domaine sportif adapt\u00e9e \u00e0 vos projets.","breadcrumb":{"@id":"https:\/\/www.trustedtranslations.com\/fr\/domaines\/sports#breadcrumb"},"inLanguage":"fr-FR","potentialAction":[{"@type":"ReadAction","target":["https:\/\/www.trustedtranslations.com\/fr\/domaines\/sports"]}]},{"@type":"ImageObject","inLanguage":"fr-FR","@id":"https:\/\/www.trustedtranslations.com\/fr\/domaines\/sports#primaryimage","url":"https:\/\/www.trustedtranslations.com\/wp-content\/uploads\/2022\/08\/TT_NEW_FB-1.png","contentUrl":"https:\/\/www.trustedtranslations.com\/wp-content\/uploads\/2022\/08\/TT_NEW_FB-1.png","caption":"TT NEW FB 1"},{"@type":"BreadcrumbList","@id":"https:\/\/www.trustedtranslations.com\/fr\/domaines\/sports#breadcrumb","itemListElement":[{"@type":"ListItem","position":1,"name":"Accueil","item":"https:\/\/www.trustedtranslations.com\/fr"},{"@type":"ListItem","position":2,"name":"Expertise de l\u2019industrie","item":"https:\/\/www.trustedtranslations.com\/fr\/domaines"},{"@type":"ListItem","position":3,"name":"Sports"}]},{"@type":"WebSite","@id":"https:\/\/www.trustedtranslations.com\/fr\/#website","url":"https:\/\/www.trustedtranslations.com\/fr\/","name":"Trusted Translations, Inc.","description":"Leader in translation and interpretation services.","publisher":{"@id":"https:\/\/www.trustedtranslations.com\/fr\/#organization"},"alternateName":"Trusted Translations","potentialAction":[{"@type":"SearchAction","target":{"@type":"EntryPoint","urlTemplate":"https:\/\/www.trustedtranslations.com\/fr\/?s={search_term_string}"},"query-input":{"@type":"PropertyValueSpecification","valueRequired":true,"valueName":"search_term_string"}}],"inLanguage":"fr-FR"},{"@type":"Organization","@id":"https:\/\/www.trustedtranslations.com\/fr\/#organization","name":"Trusted Translations","alternateName":"Trusted Translations, Inc.","url":"https:\/\/www.trustedtranslations.com\/fr\/","logo":{"@type":"ImageObject","inLanguage":"fr-FR","@id":"https:\/\/www.trustedtranslations.com\/fr\/#\/schema\/logo\/image\/","url":"https:\/\/static.trustedtranslations.com\/wp-content\/uploads\/2022\/01\/TT_logo_WSIColors-2.png","contentUrl":"https:\/\/static.trustedtranslations.com\/wp-content\/uploads\/2022\/01\/TT_logo_WSIColors-2.png","width":500,"height":196,"caption":"Trusted Translations"},"image":{"@id":"https:\/\/www.trustedtranslations.com\/fr\/#\/schema\/logo\/image\/"},"sameAs":["https:\/\/www.facebook.com\/Trusted.Translations","https:\/\/x.com\/TrustedT9ns","https:\/\/www.linkedin.com\/company\/trusted-translations"]}]}},"toolset-meta":{"dyk":{"mensaje-1":{"type":"textfield","raw":"Nous fournissons aux entreprises du Fortune\u00a0500 des traductions \u00e0 des tarifs inf\u00e9rieurs de 25 \u00e0 50\u00a0% aux prix du march\u00e9."},"mensaje-2":{"type":"textfield","raw":"Chaque traduction effectu\u00e9e par nos \u00e9quipes d'experts est assur\u00e9e par Lloyd's of London."},"mensaje-3":{"type":"textfield","raw":"Trusted Translations est fier de soutenir le St. Jude Children's Research Hospital."},"mensaje-4":{"type":"textfield","raw":"Nous sommes class\u00e9s dans le \u00ab\u00a0Top 500 des entreprises hispano-am\u00e9ricaines\u00a0\u00bb aux \u00c9tats-Unis."},"mensaje-5":{"type":"textfield","raw":""},"mensaje-6":{"type":"textfield","raw":""}},"single-page-template-fields":{"imgs-temp":{"type":"image","raw":["https:\/\/static.trustedtranslations.com\/wp-content\/uploads\/2024\/06\/sports-1.webp"],"repeatable":[{"raw":"https:\/\/static.trustedtranslations.com\/wp-content\/uploads\/2024\/06\/sports-1.webp"}]},"imgs-temp-cel":{"type":"image","raw":[""],"repeatable":[{"raw":""}]},"img-temp-one-cel":{"type":"image","raw":"https:\/\/static.trustedtranslations.com\/wp-content\/uploads\/2024\/06\/sports-2.webp","attachment_id":null},"quotes":{"type":"textarea","raw":"<h1 style=\"margin-bottom: 12px;\">Services de traduction sportive<\/h1>Que vous soyez fan inconditionnel de football am\u00e9ricain ou spectateur occasionnel des Jeux olympiques, la nature de plus en plus internationale du sport s\u2019accompagne d\u2019un besoin crucial en traductions sportives de haute qualit\u00e9. De la traduction au sein de l\u2019industrie du sport, telle que la traduction de documents et le sous-titrage, aux contenus destin\u00e9s \u00e0 des millions de fans de sport \u00e0 travers le monde, Trusted Translations fournit des services de traduction sportive sp\u00e9cialis\u00e9e adapt\u00e9s \u00e0 vos projets.<div style=\"margin-top: 2.5vw;\"><a class=\"tt-btn-main-cta\" href=\"\/fr\/devis-traduction\">DEMANDEZ UN DEVIS GRATUIT<\/a><\/div>"},"text-1":{"type":"textarea","raw":"<h2 style=\"margin-bottom: 20px\">Fournisseur exp\u00e9riment\u00e9 de traductions sportives aux meilleurs joueurs<\/h2>\r\n<p>La nature complexe et en constante \u00e9volution de la terminologie sportive n\u00e9cessite des traducteurs sp\u00e9cialis\u00e9s ayant une connaissance approfondie du secteur. Avec plus de 20\u00a0ans d'exp\u00e9rience en traduction et en interpr\u00e9tation, <em>Trusted Translations<\/em> est le partenaire de grandes organisations et de grands r\u00e9seaux de diffusion li\u00e9s au sport, ainsi que de soci\u00e9t\u00e9s multinationales, dont la plus grande soci\u00e9t\u00e9 de v\u00eatements de sport au monde, Nike, et des athl\u00e8tes de niveau GOAT comme Neymar Jr.. En 2017, nous avons \u00e9t\u00e9 <a href=\"https:\/\/www.trustedtranslations.com\/blog\/nike-trusted-translations-neymar\">engag\u00e9s par Nike pour fournir des services d'interpr\u00e9tation \u00e0 Neymar Jr.<\/a> alors qu'il \u00e9tait \u00e0 Los\u00a0Angeles lors d'un tour de force promotionnel qui comprenait une apparition dans l\u2019\u00e9mission <em>Jimmy Kimmel Live!<\/em> Nous avons \u00e9galement fourni des services de traduction de haute qualit\u00e9 li\u00e9s au sport pour\u00a0: la FIFA, les Globetrotters, les Houston Rockets, les Texas Rangers et les Anaheim Ducks, pour n'en nommer que quelques-uns.<\/p>\r\n<p>La traduction sportive requiert \u00e9galement de porter une attention particuli\u00e8re au respect de la s\u00e9curit\u00e9, aux normes de qualit\u00e9 internationales et \u00e0 la confidentialit\u00e9. <em>Trusted Translations<\/em> respecte et d\u00e9passe les normes de qualit\u00e9 ISO en mati\u00e8re de services de traduction et d'interpr\u00e9tation, et nos traducteurs experts savent parfaitement assurer la confidentialit\u00e9 et la s\u00e9curit\u00e9 de tous les documents.<\/p>\r\n<h2 style=\"margin-bottom: 20px\">Dans le monde entier<\/h2>\r\n<p>Le sport a \u00e9t\u00e9 qualifi\u00e9 de v\u00e9ritable \u00ab\u00a0langage universel\u00a0\u00bb, qui unit des gens de tous \u00e2ges, de toutes origines et de toutes fronti\u00e8res. Cependant, il faut beaucoup de soutien linguistique pour que cette langue universelle atteigne des publics multilingues dans le monde entier. Les Jeux olympiques de Tokyo en 2021, par exemple, ont compt\u00e9 sur 100\u00a0interpr\u00e8tes de haut niveau pour fournir du contenu dans plus de 11\u00a0langues.<\/p>\r\n<p>Alors que les \u00e9v\u00e9nements sportifs continuent de se r\u00e9pandre sur de nouveaux march\u00e9s du monde entier, des traductions sportives de haute qualit\u00e9 sont essentielles pour aider votre organisation \u00e0 r\u00e9ussir dans cette industrie mondiale en plein essor.\u00a0<\/p>"},"shortcode-map":{"type":"textfield","raw":""},"dyk-shortcode":{"type":"textfield","raw":"[elementor-template id=\"146546\"]"},"text-2":{"type":"textarea","raw":"<h2 style=\"margin-bottom: 20px\">Avantages des traductions sportives de qualit\u00e9 sup\u00e9rieure<\/h2>\r\nLorsqu'il s'agit de faire des b\u00e9n\u00e9fices, l'industrie du sport est un v\u00e9ritable champion. Selon un r\u00e9cent rapport de march\u00e9, la valeur du march\u00e9 mondial du sport devrait atteindre pr\u00e8s de 600\u00a0milliards de dollars\u00a0(USD) d'ici 2025.\r\n\r\nPar cons\u00e9quent, la traduction est plus essentielle que jamais pour les organisations sportives mondiales qui cherchent \u00e0 accro\u00eetre leurs audiences en mati\u00e8re de divertissement et de streaming. FIFA+, par exemple, une plateforme num\u00e9rique qui donne acc\u00e8s \u00e0 plus de 40\u00a0000\u00a0matchs de football en direct dans le monde entier, a investi dans du contenu localis\u00e9 en dix langues, dont l'anglais, le fran\u00e7ais, l'espagnol, l'allemand, le portugais, l'indon\u00e9sien, l'italien, le japonais, le cor\u00e9en et l'arabe.\r\n\r\nLes services de traduction sportive sont \u00e9galement devenus de plus en plus importants pour les ligues sportives professionnelles. En 2016, par exemple, la Major League Baseball\u00a0(MLB) a demand\u00e9 \u00e0 chaque \u00e9quipe de baseball d'embaucher un interpr\u00e8te professionnel espagnol-anglais pour accompagner les joueurs de la ligue, dont pr\u00e8s de 30\u00a0% sont originaires d'Am\u00e9rique latine. \u00c9tant donn\u00e9 que de plus en plus de joueurs voyagent \u00e0 l'\u00e9tranger pour pratiquer leur sport \u00e0 un niveau professionnel, les entreprises ont une opportunit\u00e9 importante de toucher de nouveaux publics de langue \u00e9trang\u00e8re.\r\n\r\nDans le m\u00eame temps, faire des affaires dans un secteur aussi sp\u00e9cialis\u00e9 exige des traductions soign\u00e9es pour s'assurer que votre marque, vos produits, vos termes techniques et votre documentation sont corrects dans les diff\u00e9rentes langues.\r\n<h2 style=\"margin-bottom: 20px\">Types de traductions dans le domaine du sport<\/h2>\r\nCompte tenu de la vari\u00e9t\u00e9 des secteurs au sein de l'industrie du sport au sens large, il existe de nombreux types de services de traduction sportive que vous pouvez explorer en fonction de vos besoins.\r\n<h3>Traduction de documents<\/h3>\r\nUne documentation traduite avec pr\u00e9cision est une priorit\u00e9 absolue, \u00e0 la fois pour prot\u00e9ger l'int\u00e9grit\u00e9 de votre marque et pour \u00e9largir votre public. Que vous ayez besoin de traduire des accords de parrainage, des droits de diffusion, des contrats de joueurs, des notes de relations publiques, des manuels d'\u00e9quipement, des documents juridiques locaux ou d'autres types de documents, <em>Trusted Translations<\/em> propose un processus rigoureux de traduction de documents sportifs qui offre pr\u00e9cision, d\u00e9lais d'ex\u00e9cution rapides et rentabilit\u00e9.\r\n<h3>Sous-titrage<\/h3>\r\nIl existe deux types g\u00e9n\u00e9raux de sous-titrage sportif, en direct et asynchrone. Le sous-titrage d'un \u00e9v\u00e9nement sportif en direct n\u00e9cessite une attention exceptionnelle aux d\u00e9tails et une vaste expertise en la mati\u00e8re. Les \u00ab\u00a0sous-titreurs\u00a0\u00bb doivent basculer rapidement entre les commentaires du jeu en temps r\u00e9el, les analyses et les statistiques. Le sous-titrage d'une rediffusion, bien que moins contraignant en termes de temps, exige une connaissance approfondie du jargon sportif, des r\u00e9glementations et des exigences internationales en mati\u00e8re de sous-titrage. Par cons\u00e9quent, il est pr\u00e9f\u00e9rable de travailler avec des traducteurs qui ont d\u00e9j\u00e0 une grande <a href=\"https:\/\/www.trustedtranslations.com\/fr\/services\/human\/multimedia\">exp\u00e9rience du sous-titrage<\/a>.\r\n<h3>R\u00e9seaux sociaux et publicit\u00e9<\/h3>\r\nLa publicit\u00e9 repr\u00e9sente une part \u00e9norme de l'industrie du sport. Il suffit de voir comment les grandes marques se disputent les cr\u00e9neaux publicitaires aux heures de grande \u00e9coute lors d'\u00e9v\u00e9nements comme le Super Bowl ou la Coupe du Monde de la FIFA. Les \u00e9quipes sportives, les ligues professionnelles et les soci\u00e9t\u00e9s du secteur du sport ont \u00e9galement consid\u00e9rablement augment\u00e9 leur utilisation des r\u00e9seaux sociaux afin d'attirer les jeunes g\u00e9n\u00e9rations qui connaissent bien Internet. Les brochures, publicit\u00e9s, publications sur les r\u00e9seaux sociaux et autres formes de contenu marketing ont besoin d'une traduction qui adaptera leur message pour plaire \u00e0 diff\u00e9rents publics.\r\n<h3>E-learning sportif<\/h3>\r\nDe plus en plus d'organisations sportives utilisent des <a href=\"https:\/\/www.trustedtranslations.com\/fr\/domaines\/apprentissage-en-ligne-et-localisation\">plateformes d'apprentissage en ligne<\/a> pour fournir des formations au format vid\u00e9o, un coaching \u00e0 distance et des commentaires aux joueurs dans des sports aussi vari\u00e9s que la gymnastique, le basket-ball ou le tennis. Les entreprises ont \u00e9galement \u00e9labor\u00e9 des cours de formation en ligne pour les entra\u00eeneurs, les formateurs, les analystes sportifs et d'autres r\u00f4les sp\u00e9cialis\u00e9s du secteur. Une traduction sportive de qualit\u00e9 garantit que ces cours communiquent efficacement leurs enseignement \u00e0 une base mondiale de joueurs et d'employ\u00e9s.\r\n<h3>Produits et merchandising du sport<\/h3>\r\nD'innombrables gammes de produits pour les fans et les joueurs remplissent les magasins du monde entier. Les produits sont livr\u00e9s avec un emballage et une image de marque qui doivent \u00eatre traduits et localis\u00e9s de mani\u00e8re ad\u00e9quate pour les diff\u00e9rents march\u00e9s. En outre, lorsqu'il s'agit d'\u00e9quipements de gymnastique et de sport, une traduction pr\u00e9cise des manuels et des instructions de s\u00e9curit\u00e9 peut \u00eatre non seulement importante, mais potentiellement vitale.\r\n\r\nPour en savoir plus sur la fa\u00e7on dont <em>Trusted Translations<\/em> peut vous fournir des solutions rentables pour vos besoins en traduction sportive, contactez-nous d\u00e8s aujourd'hui."},"state":{"type":"textfield","raw":""},"city":{"type":"textarea","raw":[]}}},"_links":{"self":[{"href":"https:\/\/www.trustedtranslations.com\/fr\/wp-json\/wp\/v2\/pages\/181564","targetHints":{"allow":["GET"]}}],"collection":[{"href":"https:\/\/www.trustedtranslations.com\/fr\/wp-json\/wp\/v2\/pages"}],"about":[{"href":"https:\/\/www.trustedtranslations.com\/fr\/wp-json\/wp\/v2\/types\/page"}],"author":[{"embeddable":true,"href":"https:\/\/www.trustedtranslations.com\/fr\/wp-json\/wp\/v2\/users\/1"}],"replies":[{"embeddable":true,"href":"https:\/\/www.trustedtranslations.com\/fr\/wp-json\/wp\/v2\/comments?post=181564"}],"version-history":[{"count":0,"href":"https:\/\/www.trustedtranslations.com\/fr\/wp-json\/wp\/v2\/pages\/181564\/revisions"}],"up":[{"embeddable":true,"href":"https:\/\/www.trustedtranslations.com\/fr\/wp-json\/wp\/v2\/pages\/128968"}],"wp:featuredmedia":[{"embeddable":true,"href":"https:\/\/www.trustedtranslations.com\/fr\/wp-json\/wp\/v2\/media\/160117"}],"wp:attachment":[{"href":"https:\/\/www.trustedtranslations.com\/fr\/wp-json\/wp\/v2\/media?parent=181564"}],"curies":[{"name":"wp","href":"https:\/\/api.w.org\/{rel}","templated":true}]}}