{"id":182579,"date":"2023-02-24T00:47:38","date_gmt":"2023-02-24T03:47:38","guid":{"rendered":"https:\/\/www.trustedtranslations.com\/?page_id=182579"},"modified":"2024-09-03T17:11:50","modified_gmt":"2024-09-03T20:11:50","slug":"coreen","status":"publish","type":"page","link":"https:\/\/www.trustedtranslations.com\/fr\/langues\/coreen","title":{"rendered":"Cor\u00e9en"},"content":{"rendered":"","protected":false},"excerpt":{"rendered":"","protected":false},"author":1,"featured_media":160117,"parent":129037,"menu_order":0,"comment_status":"closed","ping_status":"closed","template":"","meta":{"site-sidebar-layout":"default","site-content-layout":"default","ast-site-content-layout":"default","site-content-style":"default","site-sidebar-style":"default","ast-global-header-display":"","ast-banner-title-visibility":"","ast-main-header-display":"","ast-hfb-above-header-display":"","ast-hfb-below-header-display":"","ast-hfb-mobile-header-display":"","site-post-title":"disabled","ast-breadcrumbs-content":"","ast-featured-img":"","footer-sml-layout":"","ast-disable-related-posts":"","theme-transparent-header-meta":"default","adv-header-id-meta":"","stick-header-meta":"","header-above-stick-meta":"","header-main-stick-meta":"","header-below-stick-meta":"","astra-migrate-meta-layouts":"set","ast-page-background-enabled":"default","ast-page-background-meta":{"desktop":{"background-color":"var(--ast-global-color-4)","background-image":"","background-repeat":"repeat","background-position":"center center","background-size":"auto","background-attachment":"scroll","background-type":"","background-media":"","overlay-type":"","overlay-color":"","overlay-opacity":"","overlay-gradient":""},"tablet":{"background-color":"","background-image":"","background-repeat":"repeat","background-position":"center center","background-size":"auto","background-attachment":"scroll","background-type":"","background-media":"","overlay-type":"","overlay-color":"","overlay-opacity":"","overlay-gradient":""},"mobile":{"background-color":"","background-image":"","background-repeat":"repeat","background-position":"center center","background-size":"auto","background-attachment":"scroll","background-type":"","background-media":"","overlay-type":"","overlay-color":"","overlay-opacity":"","overlay-gradient":""}},"ast-content-background-meta":{"desktop":{"background-color":"var(--ast-global-color-5)","background-image":"","background-repeat":"repeat","background-position":"center center","background-size":"auto","background-attachment":"scroll","background-type":"","background-media":"","overlay-type":"","overlay-color":"","overlay-opacity":"","overlay-gradient":""},"tablet":{"background-color":"var(--ast-global-color-5)","background-image":"","background-repeat":"repeat","background-position":"center center","background-size":"auto","background-attachment":"scroll","background-type":"","background-media":"","overlay-type":"","overlay-color":"","overlay-opacity":"","overlay-gradient":""},"mobile":{"background-color":"var(--ast-global-color-5)","background-image":"","background-repeat":"repeat","background-position":"center center","background-size":"auto","background-attachment":"scroll","background-type":"","background-media":"","overlay-type":"","overlay-color":"","overlay-opacity":"","overlay-gradient":""}},"footnotes":""},"class_list":["post-182579","page","type-page","status-publish","has-post-thumbnail","hentry"],"yoast_head":"<!-- This site is optimized with the Yoast SEO plugin v27.5 - https:\/\/yoast.com\/product\/yoast-seo-wordpress\/ -->\n<title>Leader de la traduction en cor\u00e9en\u00a0: Trusted Translations<\/title>\n<meta name=\"description\" content=\"Trusted Translations\u00a0: Leader des services de traduction en cor\u00e9en par des \u00e9quipes de traducteurs experts en cor\u00e9en. Demandez un devis ou un conseil gratuit.\" \/>\n<meta name=\"robots\" content=\"index, follow, max-snippet:-1, max-image-preview:large, max-video-preview:-1\" \/>\n<link rel=\"canonical\" href=\"https:\/\/www.trustedtranslations.com\/fr\/langues\/coreen\" \/>\n<meta property=\"og:locale\" content=\"fr_FR\" \/>\n<meta property=\"og:type\" content=\"article\" \/>\n<meta property=\"og:title\" content=\"Leader de la traduction en cor\u00e9en\u00a0: Trusted Translations\" \/>\n<meta property=\"og:description\" content=\"Trusted Translations\u00a0: Leader des services de traduction en cor\u00e9en par des \u00e9quipes de traducteurs experts en cor\u00e9en. Demandez un devis ou un conseil gratuit.\" \/>\n<meta property=\"og:url\" content=\"https:\/\/www.trustedtranslations.com\/fr\/langues\/coreen\" \/>\n<meta property=\"og:site_name\" content=\"Trusted Translations, Inc.\" \/>\n<meta property=\"article:publisher\" content=\"https:\/\/www.facebook.com\/Trusted.Translations\" \/>\n<meta property=\"article:modified_time\" content=\"2024-09-03T20:11:50+00:00\" \/>\n<meta property=\"og:image\" content=\"https:\/\/static.trustedtranslations.com\/wp-content\/uploads\/2022\/08\/TT_NEW_FB-1.png\" \/>\n\t<meta property=\"og:image:width\" content=\"1\" \/>\n\t<meta property=\"og:image:height\" content=\"1\" \/>\n\t<meta property=\"og:image:type\" content=\"image\/jpeg\" \/>\n<meta name=\"twitter:card\" content=\"summary_large_image\" \/>\n<meta name=\"twitter:site\" content=\"@TrustedT9ns\" \/>\n<script type=\"application\/ld+json\" class=\"yoast-schema-graph\">{\"@context\":\"https:\\\/\\\/schema.org\",\"@graph\":[{\"@type\":\"WebPage\",\"@id\":\"https:\\\/\\\/www.trustedtranslations.com\\\/fr\\\/langues\\\/coreen\",\"url\":\"https:\\\/\\\/www.trustedtranslations.com\\\/fr\\\/langues\\\/coreen\",\"name\":\"Leader de la traduction en cor\u00e9en\u00a0: Trusted Translations\",\"isPartOf\":{\"@id\":\"https:\\\/\\\/www.trustedtranslations.com\\\/fr\\\/#website\"},\"primaryImageOfPage\":{\"@id\":\"https:\\\/\\\/www.trustedtranslations.com\\\/fr\\\/langues\\\/coreen#primaryimage\"},\"image\":{\"@id\":\"https:\\\/\\\/www.trustedtranslations.com\\\/fr\\\/langues\\\/coreen#primaryimage\"},\"thumbnailUrl\":\"https:\\\/\\\/www.trustedtranslations.com\\\/wp-content\\\/uploads\\\/2022\\\/08\\\/TT_NEW_FB-1.png\",\"description\":\"Trusted Translations\u00a0: Leader des services de traduction en cor\u00e9en par des \u00e9quipes de traducteurs experts en cor\u00e9en. Demandez un devis ou un conseil gratuit.\",\"breadcrumb\":{\"@id\":\"https:\\\/\\\/www.trustedtranslations.com\\\/fr\\\/langues\\\/coreen#breadcrumb\"},\"inLanguage\":\"fr-FR\",\"potentialAction\":[{\"@type\":\"ReadAction\",\"target\":[\"https:\\\/\\\/www.trustedtranslations.com\\\/fr\\\/langues\\\/coreen\"]}]},{\"@type\":\"ImageObject\",\"inLanguage\":\"fr-FR\",\"@id\":\"https:\\\/\\\/www.trustedtranslations.com\\\/fr\\\/langues\\\/coreen#primaryimage\",\"url\":\"https:\\\/\\\/www.trustedtranslations.com\\\/wp-content\\\/uploads\\\/2022\\\/08\\\/TT_NEW_FB-1.png\",\"contentUrl\":\"https:\\\/\\\/www.trustedtranslations.com\\\/wp-content\\\/uploads\\\/2022\\\/08\\\/TT_NEW_FB-1.png\",\"caption\":\"TT NEW FB 1\"},{\"@type\":\"BreadcrumbList\",\"@id\":\"https:\\\/\\\/www.trustedtranslations.com\\\/fr\\\/langues\\\/coreen#breadcrumb\",\"itemListElement\":[{\"@type\":\"ListItem\",\"position\":1,\"name\":\"Accueil\",\"item\":\"https:\\\/\\\/www.trustedtranslations.com\\\/fr\"},{\"@type\":\"ListItem\",\"position\":2,\"name\":\"Langues\",\"item\":\"https:\\\/\\\/www.trustedtranslations.com\\\/fr\\\/langues\"},{\"@type\":\"ListItem\",\"position\":3,\"name\":\"Cor\u00e9en\"}]},{\"@type\":\"WebSite\",\"@id\":\"https:\\\/\\\/www.trustedtranslations.com\\\/fr\\\/#website\",\"url\":\"https:\\\/\\\/www.trustedtranslations.com\\\/fr\\\/\",\"name\":\"Trusted Translations, Inc.\",\"description\":\"Leader in translation and interpretation services.\",\"publisher\":{\"@id\":\"https:\\\/\\\/www.trustedtranslations.com\\\/fr\\\/#organization\"},\"alternateName\":\"Trusted Translations\",\"potentialAction\":[{\"@type\":\"SearchAction\",\"target\":{\"@type\":\"EntryPoint\",\"urlTemplate\":\"https:\\\/\\\/www.trustedtranslations.com\\\/fr\\\/?s={search_term_string}\"},\"query-input\":{\"@type\":\"PropertyValueSpecification\",\"valueRequired\":true,\"valueName\":\"search_term_string\"}}],\"inLanguage\":\"fr-FR\"},{\"@type\":\"Organization\",\"@id\":\"https:\\\/\\\/www.trustedtranslations.com\\\/fr\\\/#organization\",\"name\":\"Trusted Translations\",\"alternateName\":\"Trusted Translations, Inc.\",\"url\":\"https:\\\/\\\/www.trustedtranslations.com\\\/fr\\\/\",\"logo\":{\"@type\":\"ImageObject\",\"inLanguage\":\"fr-FR\",\"@id\":\"https:\\\/\\\/www.trustedtranslations.com\\\/fr\\\/#\\\/schema\\\/logo\\\/image\\\/\",\"url\":\"https:\\\/\\\/static.trustedtranslations.com\\\/wp-content\\\/uploads\\\/2022\\\/01\\\/TT_logo_WSIColors-2.png\",\"contentUrl\":\"https:\\\/\\\/static.trustedtranslations.com\\\/wp-content\\\/uploads\\\/2022\\\/01\\\/TT_logo_WSIColors-2.png\",\"width\":500,\"height\":196,\"caption\":\"Trusted Translations\"},\"image\":{\"@id\":\"https:\\\/\\\/www.trustedtranslations.com\\\/fr\\\/#\\\/schema\\\/logo\\\/image\\\/\"},\"sameAs\":[\"https:\\\/\\\/www.facebook.com\\\/Trusted.Translations\",\"https:\\\/\\\/x.com\\\/TrustedT9ns\",\"https:\\\/\\\/www.linkedin.com\\\/company\\\/trusted-translations\"]}]}<\/script>\n<!-- \/ Yoast SEO plugin. -->","yoast_head_json":{"title":"Leader de la traduction en cor\u00e9en\u00a0: Trusted Translations","description":"Trusted Translations\u00a0: Leader des services de traduction en cor\u00e9en par des \u00e9quipes de traducteurs experts en cor\u00e9en. Demandez un devis ou un conseil gratuit.","robots":{"index":"index","follow":"follow","max-snippet":"max-snippet:-1","max-image-preview":"max-image-preview:large","max-video-preview":"max-video-preview:-1"},"canonical":"https:\/\/www.trustedtranslations.com\/fr\/langues\/coreen","og_locale":"fr_FR","og_type":"article","og_title":"Leader de la traduction en cor\u00e9en\u00a0: Trusted Translations","og_description":"Trusted Translations\u00a0: Leader des services de traduction en cor\u00e9en par des \u00e9quipes de traducteurs experts en cor\u00e9en. Demandez un devis ou un conseil gratuit.","og_url":"https:\/\/www.trustedtranslations.com\/fr\/langues\/coreen","og_site_name":"Trusted Translations, Inc.","article_publisher":"https:\/\/www.facebook.com\/Trusted.Translations","article_modified_time":"2024-09-03T20:11:50+00:00","og_image":[{"url":"https:\/\/static.trustedtranslations.com\/wp-content\/uploads\/2022\/08\/TT_NEW_FB-1.png","width":1,"height":1,"type":"image\/jpeg"}],"twitter_card":"summary_large_image","twitter_site":"@TrustedT9ns","schema":{"@context":"https:\/\/schema.org","@graph":[{"@type":"WebPage","@id":"https:\/\/www.trustedtranslations.com\/fr\/langues\/coreen","url":"https:\/\/www.trustedtranslations.com\/fr\/langues\/coreen","name":"Leader de la traduction en cor\u00e9en\u00a0: Trusted Translations","isPartOf":{"@id":"https:\/\/www.trustedtranslations.com\/fr\/#website"},"primaryImageOfPage":{"@id":"https:\/\/www.trustedtranslations.com\/fr\/langues\/coreen#primaryimage"},"image":{"@id":"https:\/\/www.trustedtranslations.com\/fr\/langues\/coreen#primaryimage"},"thumbnailUrl":"https:\/\/www.trustedtranslations.com\/wp-content\/uploads\/2022\/08\/TT_NEW_FB-1.png","description":"Trusted Translations\u00a0: Leader des services de traduction en cor\u00e9en par des \u00e9quipes de traducteurs experts en cor\u00e9en. Demandez un devis ou un conseil gratuit.","breadcrumb":{"@id":"https:\/\/www.trustedtranslations.com\/fr\/langues\/coreen#breadcrumb"},"inLanguage":"fr-FR","potentialAction":[{"@type":"ReadAction","target":["https:\/\/www.trustedtranslations.com\/fr\/langues\/coreen"]}]},{"@type":"ImageObject","inLanguage":"fr-FR","@id":"https:\/\/www.trustedtranslations.com\/fr\/langues\/coreen#primaryimage","url":"https:\/\/www.trustedtranslations.com\/wp-content\/uploads\/2022\/08\/TT_NEW_FB-1.png","contentUrl":"https:\/\/www.trustedtranslations.com\/wp-content\/uploads\/2022\/08\/TT_NEW_FB-1.png","caption":"TT NEW FB 1"},{"@type":"BreadcrumbList","@id":"https:\/\/www.trustedtranslations.com\/fr\/langues\/coreen#breadcrumb","itemListElement":[{"@type":"ListItem","position":1,"name":"Accueil","item":"https:\/\/www.trustedtranslations.com\/fr"},{"@type":"ListItem","position":2,"name":"Langues","item":"https:\/\/www.trustedtranslations.com\/fr\/langues"},{"@type":"ListItem","position":3,"name":"Cor\u00e9en"}]},{"@type":"WebSite","@id":"https:\/\/www.trustedtranslations.com\/fr\/#website","url":"https:\/\/www.trustedtranslations.com\/fr\/","name":"Trusted Translations, Inc.","description":"Leader in translation and interpretation services.","publisher":{"@id":"https:\/\/www.trustedtranslations.com\/fr\/#organization"},"alternateName":"Trusted Translations","potentialAction":[{"@type":"SearchAction","target":{"@type":"EntryPoint","urlTemplate":"https:\/\/www.trustedtranslations.com\/fr\/?s={search_term_string}"},"query-input":{"@type":"PropertyValueSpecification","valueRequired":true,"valueName":"search_term_string"}}],"inLanguage":"fr-FR"},{"@type":"Organization","@id":"https:\/\/www.trustedtranslations.com\/fr\/#organization","name":"Trusted Translations","alternateName":"Trusted Translations, Inc.","url":"https:\/\/www.trustedtranslations.com\/fr\/","logo":{"@type":"ImageObject","inLanguage":"fr-FR","@id":"https:\/\/www.trustedtranslations.com\/fr\/#\/schema\/logo\/image\/","url":"https:\/\/static.trustedtranslations.com\/wp-content\/uploads\/2022\/01\/TT_logo_WSIColors-2.png","contentUrl":"https:\/\/static.trustedtranslations.com\/wp-content\/uploads\/2022\/01\/TT_logo_WSIColors-2.png","width":500,"height":196,"caption":"Trusted Translations"},"image":{"@id":"https:\/\/www.trustedtranslations.com\/fr\/#\/schema\/logo\/image\/"},"sameAs":["https:\/\/www.facebook.com\/Trusted.Translations","https:\/\/x.com\/TrustedT9ns","https:\/\/www.linkedin.com\/company\/trusted-translations"]}]}},"toolset-meta":{"dyk":{"mensaje-1":{"type":"textfield","raw":"<em>Trusted Translations<\/em> est un fournisseur de services de traduction reconnu par les Nations Unies"},"mensaje-2":{"type":"textfield","raw":"Nos processus de qualit\u00e9 ont \u00e9t\u00e9 certifi\u00e9s pour satisfaire et\/ou d\u00e9passer la norme ISO\u00a09001:2015"},"mensaje-3":{"type":"textfield","raw":"Chaque traduction effectu\u00e9e par notre \u00e9quipe de linguistes experts est garantie par Lloyd's of London"},"mensaje-4":{"type":"textfield","raw":"Notre contr\u00f4le qualit\u00e9 en 3\u00a0\u00e9tapes implique la traduction, l'\u00e9dition et la relecture, chacune r\u00e9alis\u00e9es par des experts distincts"},"mensaje-5":{"type":"textfield","raw":""},"mensaje-6":{"type":"textfield","raw":""}},"single-page-template-fields":{"imgs-temp":{"type":"image","raw":["https:\/\/static.trustedtranslations.com\/wp-content\/uploads\/2024\/06\/korean-1.webp"],"repeatable":[{"raw":"https:\/\/static.trustedtranslations.com\/wp-content\/uploads\/2024\/06\/korean-1.webp"}]},"imgs-temp-cel":{"type":"image","raw":[""],"repeatable":[{"raw":""}]},"img-temp-one-cel":{"type":"image","raw":"https:\/\/static.trustedtranslations.com\/wp-content\/uploads\/2024\/06\/seoul-south-korea-march-11-2016-.webp","attachment_id":null},"quotes":{"type":"textarea","raw":"<h1 style=\"margin-bottom: 12px;\">Services de traduction en cor\u00e9en<\/h1>\r\n<em>Trusted Translations<\/em> est l'un des principaux fournisseurs de services de traduction en cor\u00e9en. Avec des tarifs comp\u00e9titifs pour les projets impliquant le cor\u00e9en vers et depuis l'anglais et de nombreuses autres langues europ\u00e9ennes et asiatiques, nous livrons des traductions pr\u00e9cises et respectueuses de la culture concern\u00e9e dans des d\u00e9lais tr\u00e8s courts. Nos traducteurs bilingues et biculturels sont des experts dans la localisation de traductions en cor\u00e9en pour des communaut\u00e9s et des pays sp\u00e9cifiques, g\u00e9rant des projets \u00e0 volume \u00e9lev\u00e9 qui sont \u00e9conomiques et conformes \u00e0 la l\u00e9gislation locale.\r\n<div style=\"margin-top: 2.5vw;\"><a class=\"tt-btn-main-cta\" href=\"https:\/\/www.trustedtranslations.com\/fr\/devis-traduction\">Demandez un devis gratuit<\/a><\/div>"},"text-1":{"type":"textarea","raw":"<h2>Cor\u00e9en\u00a0: Une langue, deux id\u00e9ologies<\/h2>\r\nParl\u00e9 par environ quatre-vingt\u00a0millions de personnes, en grande partie d'origine cor\u00e9enne, le <em>hangugeo<\/em> est la langue officielle de la Cor\u00e9e du Nord et du Sud. Cependant, au fil de pr\u00e8s de huit d\u00e9cennies de conflits politiques, des diff\u00e9rences importantes se sont d\u00e9velopp\u00e9es entre les deux dialectes parl\u00e9s par 20\u00a0millions de citoyens de la R\u00e9publique populaire d\u00e9mocratique de Cor\u00e9e\u00a0(RPDC) et 42\u00a0millions de locuteurs en R\u00e9publique de Cor\u00e9e\u00a0(RC). Les diff\u00e9rences r\u00e9sident principalement dans les accents et l'intonation, mais aussi en termes de vocabulaire, le dialecte de S\u00e9oul utilisant des termes \u00e9trangers ou adopt\u00e9s tandis que la version de Pyongyang \u00e9vite cette pratique.\r\n\r\nChaque pays a d\u00e9sormais sa propre politique linguistique nationale et r\u00e9glemente la fa\u00e7on dont ses ressortissants parlent le cor\u00e9en. Pour les voyageurs d'affaires, il est important d'\u00eatre conscient que ces dialectes peuvent varier \u00e0 tel point que certains d'entre eux ne sont pas mutuellement intelligibles\u00a0:\r\n<ul>\r\n \t<li>Le <strong>dialecte de S\u00e9oul<\/strong> est parl\u00e9 en Cor\u00e9e du Sud, en particulier dans les r\u00e9gions du Gyeongsang, du Chungcheong, du Jeolla et l'\u00eele de Jeju\u00a0;<\/li>\r\n \t<li>Le <strong>dialecte de Pyongyang<\/strong> est parl\u00e9 en Cor\u00e9e du Nord et ses d\u00e9clinaisons r\u00e9gionales sont le hamkyong, le pyongan et le hwanghae.<\/li>\r\n<\/ul>\r\nChez <em>Trusted Translations<\/em>, nous avons des traducteurs cor\u00e9ens qui comprennent et connaissent les diff\u00e9rences et peuvent donc traiter l'une ou l'autre des deux variantes. Vous voulez en savoir plus sur la langue cor\u00e9enne\u00a0? Lisez notre article de blog \u00ab\u00a0La langue cor\u00e9enne\u00a0\u00bb.\r\n<h2>L'importance de la langue et de la culture cor\u00e9ennes \u2015 Accord de libre-\u00e9change entre les \u00c9tats-Unis et la Cor\u00e9e<\/h2>\r\nPouss\u00e9s par des int\u00e9r\u00eats commerciaux, politiques et s\u00e9curitaires strat\u00e9giques, ainsi que par des facteurs culturels, le D\u00e9partement d'\u00c9tat des \u00c9tats-Unis r\u00e9pertorie le cor\u00e9en comme langue critique. Bien que la R\u00e9publique de Cor\u00e9e ait sign\u00e9 un accord de libre-\u00e9change avec les \u00c9tats-Unis en 2007, ce n'est qu'en mars\u00a02012 que l'Accord de libre-\u00e9change entre la Cor\u00e9e et les \u00c9tats-Unis est entr\u00e9 en vigueur.\r\n\r\nAujourd\u2019hui, la Cor\u00e9e du Sud est un partenaire commercial majeur des \u00c9tats-Unis en Asie de l\u2019Est, atteignant 155\u00a0milliards\u00a0USD en 2020 (exportations\u00a0: 69\u00a0milliards USD\u00a0; importations\u00a0: 86\u00a0milliards de dollars\u00a0USD), avec un d\u00e9ficit am\u00e9ricain en biens et services de 17\u00a0milliards de dollars. Ces flux commerciaux bilat\u00e9raux transportent une grande vari\u00e9t\u00e9 de biens et de services entre ces deux pays\u00a0:\r\n<ul>\r\n \t<li><strong>Les principales exportations am\u00e9ricaines vers la Cor\u00e9e<\/strong> comprennent des carburants, des machines, des avions, du b\u0153uf et du porc, des fruits et du soja\u00a0;<\/li>\r\n \t<li><strong>Les principales importations am\u00e9ricaines en provenance de Cor\u00e9e<\/strong> comprennent des v\u00e9hicules, des plastiques, des fruits et l\u00e9gumes, des collations et des produits laitiers, ainsi que des processus et des syst\u00e8mes industriels \u00e0 haute valeur en propri\u00e9t\u00e9 intellectuelle.<\/li>\r\n<\/ul>"},"shortcode-map":{"type":"textfield","raw":""},"dyk-shortcode":{"type":"textfield","raw":"[elementor-template id=\"146546\"]"},"text-2":{"type":"textarea","raw":"<h2>Des \u00e9quipes de traduction cor\u00e9enne exp\u00e9riment\u00e9es<\/h2>\r\nLes services r\u00e9alis\u00e9s par nos traducteurs du cor\u00e9en hautement qualifi\u00e9s incluent la relecture par des experts ind\u00e9pendants. Apr\u00e8s cette \u00e9tape, tous les projets doivent passer par un examen final d'\u00e9valuation de la qualit\u00e9, avant la livraison au client.\r\n\r\nLe r\u00e9sultat de ce soin m\u00e9ticuleux garantit que chaque document est conforme aux normes \u00e9tablies par l'Organisation internationale de normalisation\u00a0(ISO\u00a09001:2015). Particuli\u00e8rement pour les cadres engag\u00e9s dans des n\u00e9gociations d\u00e9licates, ces points de contr\u00f4le qualit\u00e9 garantissent des traductions pr\u00e9cises et une tranquillit\u00e9 d'esprit."},"state":{"type":"textfield","raw":""},"city":{"type":"textarea","raw":[]}}},"_links":{"self":[{"href":"https:\/\/www.trustedtranslations.com\/fr\/wp-json\/wp\/v2\/pages\/182579","targetHints":{"allow":["GET"]}}],"collection":[{"href":"https:\/\/www.trustedtranslations.com\/fr\/wp-json\/wp\/v2\/pages"}],"about":[{"href":"https:\/\/www.trustedtranslations.com\/fr\/wp-json\/wp\/v2\/types\/page"}],"author":[{"embeddable":true,"href":"https:\/\/www.trustedtranslations.com\/fr\/wp-json\/wp\/v2\/users\/1"}],"replies":[{"embeddable":true,"href":"https:\/\/www.trustedtranslations.com\/fr\/wp-json\/wp\/v2\/comments?post=182579"}],"version-history":[{"count":0,"href":"https:\/\/www.trustedtranslations.com\/fr\/wp-json\/wp\/v2\/pages\/182579\/revisions"}],"up":[{"embeddable":true,"href":"https:\/\/www.trustedtranslations.com\/fr\/wp-json\/wp\/v2\/pages\/129037"}],"wp:featuredmedia":[{"embeddable":true,"href":"https:\/\/www.trustedtranslations.com\/fr\/wp-json\/wp\/v2\/media\/160117"}],"wp:attachment":[{"href":"https:\/\/www.trustedtranslations.com\/fr\/wp-json\/wp\/v2\/media?parent=182579"}],"curies":[{"name":"wp","href":"https:\/\/api.w.org\/{rel}","templated":true}]}}