{"id":182587,"date":"2023-02-10T16:58:14","date_gmt":"2023-02-10T19:58:14","guid":{"rendered":"https:\/\/www.trustedtranslations.com\/?page_id=182587"},"modified":"2024-09-10T18:29:49","modified_gmt":"2024-09-10T21:29:49","slug":"teams","status":"publish","type":"page","link":"https:\/\/www.trustedtranslations.com\/fr\/services\/ivd\/teams","title":{"rendered":"Teams"},"content":{"rendered":"","protected":false},"excerpt":{"rendered":"","protected":false},"author":1,"featured_media":244616,"parent":160048,"menu_order":1,"comment_status":"closed","ping_status":"closed","template":"","meta":{"site-sidebar-layout":"default","site-content-layout":"default","ast-site-content-layout":"default","site-content-style":"default","site-sidebar-style":"default","ast-global-header-display":"","ast-banner-title-visibility":"","ast-main-header-display":"","ast-hfb-above-header-display":"","ast-hfb-below-header-display":"","ast-hfb-mobile-header-display":"","site-post-title":"disabled","ast-breadcrumbs-content":"","ast-featured-img":"","footer-sml-layout":"","theme-transparent-header-meta":"default","adv-header-id-meta":"","stick-header-meta":"","header-above-stick-meta":"","header-main-stick-meta":"","header-below-stick-meta":"","astra-migrate-meta-layouts":"set","ast-page-background-enabled":"default","ast-page-background-meta":{"desktop":{"background-color":"var(--ast-global-color-4)","background-image":"","background-repeat":"repeat","background-position":"center center","background-size":"auto","background-attachment":"scroll","background-type":"","background-media":"","overlay-type":"","overlay-color":"","overlay-opacity":"","overlay-gradient":""},"tablet":{"background-color":"","background-image":"","background-repeat":"repeat","background-position":"center center","background-size":"auto","background-attachment":"scroll","background-type":"","background-media":"","overlay-type":"","overlay-color":"","overlay-opacity":"","overlay-gradient":""},"mobile":{"background-color":"","background-image":"","background-repeat":"repeat","background-position":"center center","background-size":"auto","background-attachment":"scroll","background-type":"","background-media":"","overlay-type":"","overlay-color":"","overlay-opacity":"","overlay-gradient":""}},"ast-content-background-meta":{"desktop":{"background-color":"var(--ast-global-color-5)","background-image":"","background-repeat":"repeat","background-position":"center center","background-size":"auto","background-attachment":"scroll","background-type":"","background-media":"","overlay-type":"","overlay-color":"","overlay-opacity":"","overlay-gradient":""},"tablet":{"background-color":"var(--ast-global-color-5)","background-image":"","background-repeat":"repeat","background-position":"center center","background-size":"auto","background-attachment":"scroll","background-type":"","background-media":"","overlay-type":"","overlay-color":"","overlay-opacity":"","overlay-gradient":""},"mobile":{"background-color":"var(--ast-global-color-5)","background-image":"","background-repeat":"repeat","background-position":"center center","background-size":"auto","background-attachment":"scroll","background-type":"","background-media":"","overlay-type":"","overlay-color":"","overlay-opacity":"","overlay-gradient":""}},"footnotes":""},"class_list":["post-182587","page","type-page","status-publish","has-post-thumbnail","hentry"],"yoast_head":"<!-- This site is optimized with the Yoast SEO plugin v27.5 - https:\/\/yoast.com\/product\/yoast-seo-wordpress\/ -->\n<title>Services d\u2019interpr\u00e9tation sur Microsoft Teams - Trusted Translations, Inc.<\/title>\n<meta name=\"description\" content=\"Trusted Translations est un leader des services d\u2019interpr\u00e9tation linguistique pour Microsoft Teams. Appelez-nous pour demander un devis gratuit ou une consultation.\" \/>\n<meta name=\"robots\" content=\"index, follow, max-snippet:-1, max-image-preview:large, max-video-preview:-1\" \/>\n<link rel=\"canonical\" href=\"https:\/\/www.trustedtranslations.com\/fr\/services\/ivd\/teams\" \/>\n<meta property=\"og:locale\" content=\"fr_FR\" \/>\n<meta property=\"og:type\" content=\"article\" \/>\n<meta property=\"og:title\" content=\"Services d\u2019interpr\u00e9tation sur Microsoft Teams - Trusted Translations, Inc.\" \/>\n<meta property=\"og:description\" content=\"Trusted Translations est un leader des services d\u2019interpr\u00e9tation linguistique pour Microsoft Teams. Appelez-nous pour demander un devis gratuit ou une consultation.\" \/>\n<meta property=\"og:url\" content=\"https:\/\/www.trustedtranslations.com\/fr\/services\/ivd\/teams\" \/>\n<meta property=\"og:site_name\" content=\"Trusted Translations, Inc.\" \/>\n<meta property=\"article:publisher\" content=\"https:\/\/www.facebook.com\/Trusted.Translations\" \/>\n<meta property=\"article:modified_time\" content=\"2024-09-10T21:29:49+00:00\" \/>\n<meta property=\"og:image\" content=\"https:\/\/static.trustedtranslations.com\/wp-content\/uploads\/2024\/02\/TT-ICON_Remote-Multilingual-Inte-10.webp\" \/>\n\t<meta property=\"og:image:width\" content=\"151\" \/>\n\t<meta property=\"og:image:height\" content=\"151\" \/>\n\t<meta property=\"og:image:type\" content=\"image\/webp\" \/>\n<meta name=\"twitter:card\" content=\"summary_large_image\" \/>\n<meta name=\"twitter:site\" content=\"@TrustedT9ns\" \/>\n<script type=\"application\/ld+json\" class=\"yoast-schema-graph\">{\"@context\":\"https:\\\/\\\/schema.org\",\"@graph\":[{\"@type\":\"WebPage\",\"@id\":\"https:\\\/\\\/www.trustedtranslations.com\\\/fr\\\/services\\\/ivd\\\/teams\",\"url\":\"https:\\\/\\\/www.trustedtranslations.com\\\/fr\\\/services\\\/ivd\\\/teams\",\"name\":\"Services d\u2019interpr\u00e9tation sur Microsoft Teams - Trusted Translations, Inc.\",\"isPartOf\":{\"@id\":\"https:\\\/\\\/www.trustedtranslations.com\\\/fr\\\/#website\"},\"primaryImageOfPage\":{\"@id\":\"https:\\\/\\\/www.trustedtranslations.com\\\/fr\\\/services\\\/ivd\\\/teams#primaryimage\"},\"image\":{\"@id\":\"https:\\\/\\\/www.trustedtranslations.com\\\/fr\\\/services\\\/ivd\\\/teams#primaryimage\"},\"thumbnailUrl\":\"https:\\\/\\\/www.trustedtranslations.com\\\/wp-content\\\/uploads\\\/2024\\\/02\\\/TT-ICON_Remote-Multilingual-Inte-10.webp\",\"description\":\"Trusted Translations est un leader des services d\u2019interpr\u00e9tation linguistique pour Microsoft Teams. Appelez-nous pour demander un devis gratuit ou une consultation.\",\"breadcrumb\":{\"@id\":\"https:\\\/\\\/www.trustedtranslations.com\\\/fr\\\/services\\\/ivd\\\/teams#breadcrumb\"},\"inLanguage\":\"fr-FR\",\"potentialAction\":[{\"@type\":\"ReadAction\",\"target\":[\"https:\\\/\\\/www.trustedtranslations.com\\\/fr\\\/services\\\/ivd\\\/teams\"]}]},{\"@type\":\"ImageObject\",\"inLanguage\":\"fr-FR\",\"@id\":\"https:\\\/\\\/www.trustedtranslations.com\\\/fr\\\/services\\\/ivd\\\/teams#primaryimage\",\"url\":\"https:\\\/\\\/www.trustedtranslations.com\\\/wp-content\\\/uploads\\\/2024\\\/02\\\/TT-ICON_Remote-Multilingual-Inte-10.webp\",\"contentUrl\":\"https:\\\/\\\/www.trustedtranslations.com\\\/wp-content\\\/uploads\\\/2024\\\/02\\\/TT-ICON_Remote-Multilingual-Inte-10.webp\",\"width\":151,\"height\":151,\"caption\":\"TT ICON Remote Multilingual Inte 10\"},{\"@type\":\"BreadcrumbList\",\"@id\":\"https:\\\/\\\/www.trustedtranslations.com\\\/fr\\\/services\\\/ivd\\\/teams#breadcrumb\",\"itemListElement\":[{\"@type\":\"ListItem\",\"position\":1,\"name\":\"Accueil\",\"item\":\"https:\\\/\\\/www.trustedtranslations.com\\\/fr\"},{\"@type\":\"ListItem\",\"position\":2,\"name\":\"Services\",\"item\":\"https:\\\/\\\/www.trustedtranslations.com\\\/fr\\\/services\"},{\"@type\":\"ListItem\",\"position\":3,\"name\":\"Interpr\u00e9tation vid\u00e9o \u00e0 distance (IVD)\",\"item\":\"https:\\\/\\\/www.trustedtranslations.com\\\/fr\\\/services\\\/ivd\"},{\"@type\":\"ListItem\",\"position\":4,\"name\":\"Teams\"}]},{\"@type\":\"WebSite\",\"@id\":\"https:\\\/\\\/www.trustedtranslations.com\\\/fr\\\/#website\",\"url\":\"https:\\\/\\\/www.trustedtranslations.com\\\/fr\\\/\",\"name\":\"Trusted Translations, Inc.\",\"description\":\"Leader in translation and interpretation services.\",\"publisher\":{\"@id\":\"https:\\\/\\\/www.trustedtranslations.com\\\/fr\\\/#organization\"},\"alternateName\":\"Trusted Translations\",\"potentialAction\":[{\"@type\":\"SearchAction\",\"target\":{\"@type\":\"EntryPoint\",\"urlTemplate\":\"https:\\\/\\\/www.trustedtranslations.com\\\/fr\\\/?s={search_term_string}\"},\"query-input\":{\"@type\":\"PropertyValueSpecification\",\"valueRequired\":true,\"valueName\":\"search_term_string\"}}],\"inLanguage\":\"fr-FR\"},{\"@type\":\"Organization\",\"@id\":\"https:\\\/\\\/www.trustedtranslations.com\\\/fr\\\/#organization\",\"name\":\"Trusted Translations\",\"alternateName\":\"Trusted Translations, Inc.\",\"url\":\"https:\\\/\\\/www.trustedtranslations.com\\\/fr\\\/\",\"logo\":{\"@type\":\"ImageObject\",\"inLanguage\":\"fr-FR\",\"@id\":\"https:\\\/\\\/www.trustedtranslations.com\\\/fr\\\/#\\\/schema\\\/logo\\\/image\\\/\",\"url\":\"https:\\\/\\\/static.trustedtranslations.com\\\/wp-content\\\/uploads\\\/2022\\\/01\\\/TT_logo_WSIColors-2.png\",\"contentUrl\":\"https:\\\/\\\/static.trustedtranslations.com\\\/wp-content\\\/uploads\\\/2022\\\/01\\\/TT_logo_WSIColors-2.png\",\"width\":500,\"height\":196,\"caption\":\"Trusted Translations\"},\"image\":{\"@id\":\"https:\\\/\\\/www.trustedtranslations.com\\\/fr\\\/#\\\/schema\\\/logo\\\/image\\\/\"},\"sameAs\":[\"https:\\\/\\\/www.facebook.com\\\/Trusted.Translations\",\"https:\\\/\\\/x.com\\\/TrustedT9ns\",\"https:\\\/\\\/www.linkedin.com\\\/company\\\/trusted-translations\"]}]}<\/script>\n<!-- \/ Yoast SEO plugin. -->","yoast_head_json":{"title":"Services d\u2019interpr\u00e9tation sur Microsoft Teams - Trusted Translations, Inc.","description":"Trusted Translations est un leader des services d\u2019interpr\u00e9tation linguistique pour Microsoft Teams. Appelez-nous pour demander un devis gratuit ou une consultation.","robots":{"index":"index","follow":"follow","max-snippet":"max-snippet:-1","max-image-preview":"max-image-preview:large","max-video-preview":"max-video-preview:-1"},"canonical":"https:\/\/www.trustedtranslations.com\/fr\/services\/ivd\/teams","og_locale":"fr_FR","og_type":"article","og_title":"Services d\u2019interpr\u00e9tation sur Microsoft Teams - Trusted Translations, Inc.","og_description":"Trusted Translations est un leader des services d\u2019interpr\u00e9tation linguistique pour Microsoft Teams. Appelez-nous pour demander un devis gratuit ou une consultation.","og_url":"https:\/\/www.trustedtranslations.com\/fr\/services\/ivd\/teams","og_site_name":"Trusted Translations, Inc.","article_publisher":"https:\/\/www.facebook.com\/Trusted.Translations","article_modified_time":"2024-09-10T21:29:49+00:00","og_image":[{"width":151,"height":151,"url":"https:\/\/static.trustedtranslations.com\/wp-content\/uploads\/2024\/02\/TT-ICON_Remote-Multilingual-Inte-10.webp","type":"image\/webp"}],"twitter_card":"summary_large_image","twitter_site":"@TrustedT9ns","schema":{"@context":"https:\/\/schema.org","@graph":[{"@type":"WebPage","@id":"https:\/\/www.trustedtranslations.com\/fr\/services\/ivd\/teams","url":"https:\/\/www.trustedtranslations.com\/fr\/services\/ivd\/teams","name":"Services d\u2019interpr\u00e9tation sur Microsoft Teams - Trusted Translations, Inc.","isPartOf":{"@id":"https:\/\/www.trustedtranslations.com\/fr\/#website"},"primaryImageOfPage":{"@id":"https:\/\/www.trustedtranslations.com\/fr\/services\/ivd\/teams#primaryimage"},"image":{"@id":"https:\/\/www.trustedtranslations.com\/fr\/services\/ivd\/teams#primaryimage"},"thumbnailUrl":"https:\/\/www.trustedtranslations.com\/wp-content\/uploads\/2024\/02\/TT-ICON_Remote-Multilingual-Inte-10.webp","description":"Trusted Translations est un leader des services d\u2019interpr\u00e9tation linguistique pour Microsoft Teams. Appelez-nous pour demander un devis gratuit ou une consultation.","breadcrumb":{"@id":"https:\/\/www.trustedtranslations.com\/fr\/services\/ivd\/teams#breadcrumb"},"inLanguage":"fr-FR","potentialAction":[{"@type":"ReadAction","target":["https:\/\/www.trustedtranslations.com\/fr\/services\/ivd\/teams"]}]},{"@type":"ImageObject","inLanguage":"fr-FR","@id":"https:\/\/www.trustedtranslations.com\/fr\/services\/ivd\/teams#primaryimage","url":"https:\/\/www.trustedtranslations.com\/wp-content\/uploads\/2024\/02\/TT-ICON_Remote-Multilingual-Inte-10.webp","contentUrl":"https:\/\/www.trustedtranslations.com\/wp-content\/uploads\/2024\/02\/TT-ICON_Remote-Multilingual-Inte-10.webp","width":151,"height":151,"caption":"TT ICON Remote Multilingual Inte 10"},{"@type":"BreadcrumbList","@id":"https:\/\/www.trustedtranslations.com\/fr\/services\/ivd\/teams#breadcrumb","itemListElement":[{"@type":"ListItem","position":1,"name":"Accueil","item":"https:\/\/www.trustedtranslations.com\/fr"},{"@type":"ListItem","position":2,"name":"Services","item":"https:\/\/www.trustedtranslations.com\/fr\/services"},{"@type":"ListItem","position":3,"name":"Interpr\u00e9tation vid\u00e9o \u00e0 distance (IVD)","item":"https:\/\/www.trustedtranslations.com\/fr\/services\/ivd"},{"@type":"ListItem","position":4,"name":"Teams"}]},{"@type":"WebSite","@id":"https:\/\/www.trustedtranslations.com\/fr\/#website","url":"https:\/\/www.trustedtranslations.com\/fr\/","name":"Trusted Translations, Inc.","description":"Leader in translation and interpretation services.","publisher":{"@id":"https:\/\/www.trustedtranslations.com\/fr\/#organization"},"alternateName":"Trusted Translations","potentialAction":[{"@type":"SearchAction","target":{"@type":"EntryPoint","urlTemplate":"https:\/\/www.trustedtranslations.com\/fr\/?s={search_term_string}"},"query-input":{"@type":"PropertyValueSpecification","valueRequired":true,"valueName":"search_term_string"}}],"inLanguage":"fr-FR"},{"@type":"Organization","@id":"https:\/\/www.trustedtranslations.com\/fr\/#organization","name":"Trusted Translations","alternateName":"Trusted Translations, Inc.","url":"https:\/\/www.trustedtranslations.com\/fr\/","logo":{"@type":"ImageObject","inLanguage":"fr-FR","@id":"https:\/\/www.trustedtranslations.com\/fr\/#\/schema\/logo\/image\/","url":"https:\/\/static.trustedtranslations.com\/wp-content\/uploads\/2022\/01\/TT_logo_WSIColors-2.png","contentUrl":"https:\/\/static.trustedtranslations.com\/wp-content\/uploads\/2022\/01\/TT_logo_WSIColors-2.png","width":500,"height":196,"caption":"Trusted Translations"},"image":{"@id":"https:\/\/www.trustedtranslations.com\/fr\/#\/schema\/logo\/image\/"},"sameAs":["https:\/\/www.facebook.com\/Trusted.Translations","https:\/\/x.com\/TrustedT9ns","https:\/\/www.linkedin.com\/company\/trusted-translations"]}]}},"toolset-meta":{"dyk":{"mensaje-1":{"type":"textfield","raw":"Nous fournissons aux entreprises du Fortune\u00a0500 des traductions \u00e0 des tarifs inf\u00e9rieurs de 25 \u00e0 50\u00a0% aux prix du march\u00e9."},"mensaje-2":{"type":"textfield","raw":"Chaque traduction effectu\u00e9e par nos \u00e9quipes d'experts est assur\u00e9e par Lloyd's of London."},"mensaje-3":{"type":"textfield","raw":"Trusted Translations est fier de soutenir le St. Jude Children's Research Hospital."},"mensaje-4":{"type":"textfield","raw":"Nous sommes class\u00e9s dans le \u00ab\u00a0Top\u00a0500 des entreprises hispano-am\u00e9ricaines\u00a0\u00bb aux \u00c9tats-Unis."},"mensaje-5":{"type":"textfield","raw":"Trusted Translations compte plus de 5\u00a0000\u00a0clients satisfaits dans presque tous les secteurs d'activit\u00e9."},"mensaje-6":{"type":"textfield","raw":""}},"single-page-template-fields":{"imgs-temp":{"type":"image","raw":["https:\/\/static.trustedtranslations.com\/wp-content\/uploads\/2024\/07\/ms-teams-1.webp","https:\/\/static.trustedtranslations.com\/wp-content\/uploads\/2024\/07\/ms-teams-3-1.webp"],"repeatable":[{"raw":"https:\/\/static.trustedtranslations.com\/wp-content\/uploads\/2024\/07\/ms-teams-1.webp"},{"raw":"https:\/\/static.trustedtranslations.com\/wp-content\/uploads\/2024\/07\/ms-teams-3-1.webp"}]},"imgs-temp-cel":{"type":"image","raw":[""],"repeatable":[{"raw":""}]},"img-temp-one-cel":{"type":"image","raw":"https:\/\/static.trustedtranslations.com\/wp-content\/uploads\/2024\/07\/ms-teams-2-1.webp","attachment_id":null},"quotes":{"type":"textarea","raw":"<h1 style=\"margin-bottom: 12px;\">Services d'interpr\u00e9tation multilingue \u00e0 distance sur Teams<\/h1>\r\nParmi les nombreuses options de plateformes de travail \u00e0 distance, Microsoft Teams est devenu un leader mondial et la principale alternative \u00e0 Zoom. Chez Trusted Translations, nous fournissons des services d'interpr\u00e9tation \u00e0 distance professionnels de haute qualit\u00e9 pour les r\u00e9unions, les webinaires et autres \u00e9v\u00e9nements sur Teams.\r\n<div style=\"margin-top: 2.5vw;\"><a class=\"tt-btn-main-cta\" href=\"https:\/\/www.trustedtranslations.com\/fr\/devis-traduction\">Demandez un devis gratuit<\/a><\/div>"},"text-1":{"type":"textarea","raw":"<h2>Interpr\u00e9tation professionnelle pour les r\u00e9unions et les webinaires sur Teams<\/h2>\r\n<img class=\"alignleft wp-image-177225\" src=\"https:\/\/static.trustedtranslations.com\/wp-content\/uploads\/2023\/01\/ms-teams-3-1-1-300x200.jpg\" alt=\"\" width=\"500\" height=\"334\" \/>\r\n\r\nD\u00e9velopp\u00e9 par la puissance technique de Microsoft, il n'est pas surprenant que Microsoft Teams soit une plateforme de collaboration mondiale de premier plan. D'ailleurs, avec environ 270\u00a0millions d'utilisateurs actifs mensuels en 2022, Teams est la plateforme de communication professionnelle la plus populaire au monde. Si vous recherchez des services d'interpr\u00e9tation professionnels pour vos r\u00e9unions sur Teams, Trusted Translations travaillera avec vous pour affecter des interpr\u00e8tes qualifi\u00e9s pour l'interpr\u00e9tation simultan\u00e9e ou cons\u00e9cutive \u00e0 distance.\r\n\r\nDepuis septembre 2022, Teams a g\u00e9n\u00e9ralis\u00e9 l'interpr\u00e9tation linguistique pour les r\u00e9unions programm\u00e9es, les r\u00e9unions de canal, les r\u00e9unions comptant jusqu'\u00e0 1\u00a0000\u00a0participants et les webinaires. Lors de l'ajout d'une interpr\u00e9tation multilingue \u00e0 Teams, les organisateurs peuvent ajouter jusqu'\u00e0 16\u00a0paires de langues diff\u00e9rentes (par exemple, de l'anglais vers l'espagnol) et autant d'interpr\u00e8tes aux 16\u00a0paires de langues dont vous avez besoin.\r\nApr\u00e8s avoir activ\u00e9 l'interpr\u00e9tation linguistique dans les param\u00e8tres de Teams, l'organisateur devra simplement rechercher ou s\u00e9lectionner le nom d'un interpr\u00e8te et choisir sa langue source et sa langue cible. Il faut souligner qu'\u00e9tant donn\u00e9 que Teams ne permet actuellement qu'une interpr\u00e9tation unidirectionnelle, pour les r\u00e9unions impliquant plusieurs langues sources, vous devrez ajouter d'autres interpr\u00e8tes.\r\n<h2>Avantages des r\u00e9unions multilingues sur Teams<\/h2>\r\nPourquoi utiliser Teams pour l'interpr\u00e9tation multilingue \u00e0 distance\u00a0? Contrairement \u00e0 Zoom, qui n'est qu'une plateforme de visioconf\u00e9rence, la nature tout-en-un de Teams pr\u00e9sente des avantages suppl\u00e9mentaires\u00a0:\r\n<ul>\r\n \t<li>L'int\u00e9gration profonde avec les produits Office 365 permet une coordination facile des documents, des feuilles de calcul, des listes de t\u00e2ches, etc.<\/li>\r\n \t<li>\u00a0La prise en charge par Microsoft, qui offre une assistance technique dans plus de 40\u00a0langues<\/li>\r\n \t<li>Aucun co\u00fbt suppl\u00e9mentaire si vous avez d\u00e9j\u00e0 un compte Microsoft Business<\/li>\r\n \t<li>D\u00e9j\u00e0 utilis\u00e9 par de nombreuses organisations internationales dans le monde<\/li>\r\n<\/ul>\r\nEn g\u00e9n\u00e9ral, l'interpr\u00e9tation vid\u00e9o \u00e0 distance peut \u00e9galement \u00e9conomiser sur les frais de d\u00e9placement et la location d'\u00e9quipement tout en am\u00e9liorant votre accessibilit\u00e9 \u00e0 un public plus large."},"shortcode-map":{"type":"textfield","raw":""},"dyk-shortcode":{"type":"textfield","raw":"[elementor-template id=\"146546\"]"},"text-2":{"type":"textarea","raw":"<h2>Limites relatives \u00e0 l'utilisation de Microsoft Teams pour l'interpr\u00e9tation \u00e0 distance<\/h2>\r\nOutre ses nombreux avantages, il existe plusieurs fonctionnalit\u00e9s de Microsoft Teams \u00e0 prendre en compte lors du choix d'une plateforme d'interpr\u00e9tation \u00e0 distance.\r\n<ul>\r\n \t<li>L'interpr\u00e9tation lors d'une r\u00e9union principale ne sera pas diffus\u00e9e dans les salles de r\u00e9union en petits groupes<\/li>\r\n \t<li>Lors d\u2019une session enregistr\u00e9e, la piste audio de l'interpr\u00e8te ne sera pas pr\u00e9sente sur l'enregistrement<\/li>\r\n \t<li>L'interpr\u00e9tation n'est pas disponible dans les r\u00e9unions crypt\u00e9es de bout en bout (E2EE)<\/li>\r\n \t<li>Il peut \u00eatre difficile d'attribuer des autorisations et de d\u00e9finir la confidentialit\u00e9, en particulier pour les interpr\u00e8tes invit\u00e9s\/externes<\/li>\r\n \t<li>L'interface utilisateur de Teams pr\u00e9sente une courbe d'apprentissage plus prononc\u00e9e que celle de Zoom<\/li>\r\n<\/ul>\r\nSi le sujet de votre r\u00e9union doit \u00eatre crypt\u00e9, par exemple, ou si vous pr\u00e9voyez d'enregistrer des sessions multilingues pour un t\u00e9l\u00e9chargement ult\u00e9rieur, Teams n'est peut-\u00eatre pas le bon choix. De m\u00eame, l'interface utilisateur plus complexe de Teams pourrait constituer un obstacle si tous les participants ne connaissent pas Teams. D'autre part, les fonctionnalit\u00e9s de productivit\u00e9 int\u00e9gr\u00e9es de Teams pourraient \u00eatre largement pr\u00e9f\u00e9rables pour les \u00e9v\u00e9nements internes de votre entreprise.\r\n<h2>Notre \u00e9quipe<img class=\"alignright wp-image-177240\" src=\"https:\/\/static.trustedtranslations.com\/wp-content\/uploads\/2023\/01\/video-remote-interpreter-300x200.jpg\" alt=\"\" width=\"500\" height=\"334\" \/><\/h2>\r\nVous ne savez pas si Teams est la solution id\u00e9ale pour vos besoins d'interpr\u00e9tation \u00e0 distance\u00a0? <em>Trusted Translations<\/em> propose \u00e0 la fois une interpr\u00e9tation simultan\u00e9e et cons\u00e9cutive, et peut vous aider \u00e0 d\u00e9terminer les services d'interpr\u00e9tation qui vous conviennent le mieux. Nous connaissons bien les complexit\u00e9s de la plateforme Microsoft Teams ainsi que la meilleure fa\u00e7on de tirer parti de l'interpr\u00e9tation \u00e0 distance pour \u00e9tablir des connexions mondiales."},"state":{"type":"textfield","raw":""},"city":{"type":"textarea","raw":[]}}},"_links":{"self":[{"href":"https:\/\/www.trustedtranslations.com\/fr\/wp-json\/wp\/v2\/pages\/182587","targetHints":{"allow":["GET"]}}],"collection":[{"href":"https:\/\/www.trustedtranslations.com\/fr\/wp-json\/wp\/v2\/pages"}],"about":[{"href":"https:\/\/www.trustedtranslations.com\/fr\/wp-json\/wp\/v2\/types\/page"}],"author":[{"embeddable":true,"href":"https:\/\/www.trustedtranslations.com\/fr\/wp-json\/wp\/v2\/users\/1"}],"replies":[{"embeddable":true,"href":"https:\/\/www.trustedtranslations.com\/fr\/wp-json\/wp\/v2\/comments?post=182587"}],"version-history":[{"count":0,"href":"https:\/\/www.trustedtranslations.com\/fr\/wp-json\/wp\/v2\/pages\/182587\/revisions"}],"up":[{"embeddable":true,"href":"https:\/\/www.trustedtranslations.com\/fr\/wp-json\/wp\/v2\/pages\/160048"}],"wp:featuredmedia":[{"embeddable":true,"href":"https:\/\/www.trustedtranslations.com\/fr\/wp-json\/wp\/v2\/media\/244616"}],"wp:attachment":[{"href":"https:\/\/www.trustedtranslations.com\/fr\/wp-json\/wp\/v2\/media?parent=182587"}],"curies":[{"name":"wp","href":"https:\/\/api.w.org\/{rel}","templated":true}]}}