{"id":182593,"date":"2023-02-13T16:33:13","date_gmt":"2023-02-13T19:33:13","guid":{"rendered":"https:\/\/www.trustedtranslations.com\/?page_id=182593"},"modified":"2024-09-11T11:14:11","modified_gmt":"2024-09-11T14:14:11","slug":"skype","status":"publish","type":"page","link":"https:\/\/www.trustedtranslations.com\/fr\/services\/ivd\/skype","title":{"rendered":"Skype"},"content":{"rendered":"","protected":false},"excerpt":{"rendered":"","protected":false},"author":1,"featured_media":244604,"parent":160048,"menu_order":4,"comment_status":"closed","ping_status":"closed","template":"","meta":{"site-sidebar-layout":"default","site-content-layout":"default","ast-site-content-layout":"default","site-content-style":"default","site-sidebar-style":"default","ast-global-header-display":"","ast-banner-title-visibility":"","ast-main-header-display":"","ast-hfb-above-header-display":"","ast-hfb-below-header-display":"","ast-hfb-mobile-header-display":"","site-post-title":"disabled","ast-breadcrumbs-content":"","ast-featured-img":"","footer-sml-layout":"","ast-disable-related-posts":"","theme-transparent-header-meta":"default","adv-header-id-meta":"","stick-header-meta":"","header-above-stick-meta":"","header-main-stick-meta":"","header-below-stick-meta":"","astra-migrate-meta-layouts":"set","ast-page-background-enabled":"default","ast-page-background-meta":{"desktop":{"background-color":"var(--ast-global-color-4)","background-image":"","background-repeat":"repeat","background-position":"center center","background-size":"auto","background-attachment":"scroll","background-type":"","background-media":"","overlay-type":"","overlay-color":"","overlay-opacity":"","overlay-gradient":""},"tablet":{"background-color":"","background-image":"","background-repeat":"repeat","background-position":"center center","background-size":"auto","background-attachment":"scroll","background-type":"","background-media":"","overlay-type":"","overlay-color":"","overlay-opacity":"","overlay-gradient":""},"mobile":{"background-color":"","background-image":"","background-repeat":"repeat","background-position":"center center","background-size":"auto","background-attachment":"scroll","background-type":"","background-media":"","overlay-type":"","overlay-color":"","overlay-opacity":"","overlay-gradient":""}},"ast-content-background-meta":{"desktop":{"background-color":"var(--ast-global-color-5)","background-image":"","background-repeat":"repeat","background-position":"center center","background-size":"auto","background-attachment":"scroll","background-type":"","background-media":"","overlay-type":"","overlay-color":"","overlay-opacity":"","overlay-gradient":""},"tablet":{"background-color":"var(--ast-global-color-5)","background-image":"","background-repeat":"repeat","background-position":"center center","background-size":"auto","background-attachment":"scroll","background-type":"","background-media":"","overlay-type":"","overlay-color":"","overlay-opacity":"","overlay-gradient":""},"mobile":{"background-color":"var(--ast-global-color-5)","background-image":"","background-repeat":"repeat","background-position":"center center","background-size":"auto","background-attachment":"scroll","background-type":"","background-media":"","overlay-type":"","overlay-color":"","overlay-opacity":"","overlay-gradient":""}},"footnotes":""},"class_list":["post-182593","page","type-page","status-publish","has-post-thumbnail","hentry"],"yoast_head":"<!-- This site is optimized with the Yoast SEO plugin v27.5 - https:\/\/yoast.com\/product\/yoast-seo-wordpress\/ -->\n<title>Interpr\u00e9tation linguistique sur Skype - Trusted Translations, Inc.<\/title>\n<meta name=\"description\" content=\"Trusted Translations est un leader des services d&#039;interpr\u00e9tation linguistique pour les appels, les r\u00e9unions et les webinaires sur Skype. Appelez-nous pour demander un devis gratuit ou une consultation.\" \/>\n<meta name=\"robots\" content=\"index, follow, max-snippet:-1, max-image-preview:large, max-video-preview:-1\" \/>\n<link rel=\"canonical\" href=\"https:\/\/www.trustedtranslations.com\/fr\/services\/ivd\/skype\" \/>\n<meta property=\"og:locale\" content=\"fr_FR\" \/>\n<meta property=\"og:type\" content=\"article\" \/>\n<meta property=\"og:title\" content=\"Interpr\u00e9tation linguistique sur Skype - Trusted Translations, Inc.\" \/>\n<meta property=\"og:description\" content=\"Trusted Translations est un leader des services d&#039;interpr\u00e9tation linguistique pour les appels, les r\u00e9unions et les webinaires sur Skype. Appelez-nous pour demander un devis gratuit ou une consultation.\" \/>\n<meta property=\"og:url\" content=\"https:\/\/www.trustedtranslations.com\/fr\/services\/ivd\/skype\" \/>\n<meta property=\"og:site_name\" content=\"Trusted Translations, Inc.\" \/>\n<meta property=\"article:publisher\" content=\"https:\/\/www.facebook.com\/Trusted.Translations\" \/>\n<meta property=\"article:modified_time\" content=\"2024-09-11T14:14:11+00:00\" \/>\n<meta property=\"og:image\" content=\"https:\/\/static.trustedtranslations.com\/wp-content\/uploads\/2024\/02\/TT-ICON_Remote-Multilingual-Inte-11.webp\" \/>\n\t<meta property=\"og:image:width\" content=\"151\" \/>\n\t<meta property=\"og:image:height\" content=\"151\" \/>\n\t<meta property=\"og:image:type\" content=\"image\/webp\" \/>\n<meta name=\"twitter:card\" content=\"summary_large_image\" \/>\n<meta name=\"twitter:site\" content=\"@TrustedT9ns\" \/>\n<script type=\"application\/ld+json\" class=\"yoast-schema-graph\">{\"@context\":\"https:\\\/\\\/schema.org\",\"@graph\":[{\"@type\":\"WebPage\",\"@id\":\"https:\\\/\\\/www.trustedtranslations.com\\\/fr\\\/services\\\/ivd\\\/skype\",\"url\":\"https:\\\/\\\/www.trustedtranslations.com\\\/fr\\\/services\\\/ivd\\\/skype\",\"name\":\"Interpr\u00e9tation linguistique sur Skype - Trusted Translations, Inc.\",\"isPartOf\":{\"@id\":\"https:\\\/\\\/www.trustedtranslations.com\\\/fr\\\/#website\"},\"primaryImageOfPage\":{\"@id\":\"https:\\\/\\\/www.trustedtranslations.com\\\/fr\\\/services\\\/ivd\\\/skype#primaryimage\"},\"image\":{\"@id\":\"https:\\\/\\\/www.trustedtranslations.com\\\/fr\\\/services\\\/ivd\\\/skype#primaryimage\"},\"thumbnailUrl\":\"https:\\\/\\\/www.trustedtranslations.com\\\/wp-content\\\/uploads\\\/2024\\\/02\\\/TT-ICON_Remote-Multilingual-Inte-11.webp\",\"description\":\"Trusted Translations est un leader des services d'interpr\u00e9tation linguistique pour les appels, les r\u00e9unions et les webinaires sur Skype. Appelez-nous pour demander un devis gratuit ou une consultation.\",\"breadcrumb\":{\"@id\":\"https:\\\/\\\/www.trustedtranslations.com\\\/fr\\\/services\\\/ivd\\\/skype#breadcrumb\"},\"inLanguage\":\"fr-FR\",\"potentialAction\":[{\"@type\":\"ReadAction\",\"target\":[\"https:\\\/\\\/www.trustedtranslations.com\\\/fr\\\/services\\\/ivd\\\/skype\"]}]},{\"@type\":\"ImageObject\",\"inLanguage\":\"fr-FR\",\"@id\":\"https:\\\/\\\/www.trustedtranslations.com\\\/fr\\\/services\\\/ivd\\\/skype#primaryimage\",\"url\":\"https:\\\/\\\/www.trustedtranslations.com\\\/wp-content\\\/uploads\\\/2024\\\/02\\\/TT-ICON_Remote-Multilingual-Inte-11.webp\",\"contentUrl\":\"https:\\\/\\\/www.trustedtranslations.com\\\/wp-content\\\/uploads\\\/2024\\\/02\\\/TT-ICON_Remote-Multilingual-Inte-11.webp\",\"width\":151,\"height\":151,\"caption\":\"TT ICON Remote Multilingual Inte 11\"},{\"@type\":\"BreadcrumbList\",\"@id\":\"https:\\\/\\\/www.trustedtranslations.com\\\/fr\\\/services\\\/ivd\\\/skype#breadcrumb\",\"itemListElement\":[{\"@type\":\"ListItem\",\"position\":1,\"name\":\"Accueil\",\"item\":\"https:\\\/\\\/www.trustedtranslations.com\\\/fr\"},{\"@type\":\"ListItem\",\"position\":2,\"name\":\"Services\",\"item\":\"https:\\\/\\\/www.trustedtranslations.com\\\/fr\\\/services\"},{\"@type\":\"ListItem\",\"position\":3,\"name\":\"Interpr\u00e9tation vid\u00e9o \u00e0 distance (IVD)\",\"item\":\"https:\\\/\\\/www.trustedtranslations.com\\\/fr\\\/services\\\/ivd\"},{\"@type\":\"ListItem\",\"position\":4,\"name\":\"Skype\"}]},{\"@type\":\"WebSite\",\"@id\":\"https:\\\/\\\/www.trustedtranslations.com\\\/fr\\\/#website\",\"url\":\"https:\\\/\\\/www.trustedtranslations.com\\\/fr\\\/\",\"name\":\"Trusted Translations, Inc.\",\"description\":\"Leader in translation and interpretation services.\",\"publisher\":{\"@id\":\"https:\\\/\\\/www.trustedtranslations.com\\\/fr\\\/#organization\"},\"alternateName\":\"Trusted Translations\",\"potentialAction\":[{\"@type\":\"SearchAction\",\"target\":{\"@type\":\"EntryPoint\",\"urlTemplate\":\"https:\\\/\\\/www.trustedtranslations.com\\\/fr\\\/?s={search_term_string}\"},\"query-input\":{\"@type\":\"PropertyValueSpecification\",\"valueRequired\":true,\"valueName\":\"search_term_string\"}}],\"inLanguage\":\"fr-FR\"},{\"@type\":\"Organization\",\"@id\":\"https:\\\/\\\/www.trustedtranslations.com\\\/fr\\\/#organization\",\"name\":\"Trusted Translations\",\"alternateName\":\"Trusted Translations, Inc.\",\"url\":\"https:\\\/\\\/www.trustedtranslations.com\\\/fr\\\/\",\"logo\":{\"@type\":\"ImageObject\",\"inLanguage\":\"fr-FR\",\"@id\":\"https:\\\/\\\/www.trustedtranslations.com\\\/fr\\\/#\\\/schema\\\/logo\\\/image\\\/\",\"url\":\"https:\\\/\\\/static.trustedtranslations.com\\\/wp-content\\\/uploads\\\/2022\\\/01\\\/TT_logo_WSIColors-2.png\",\"contentUrl\":\"https:\\\/\\\/static.trustedtranslations.com\\\/wp-content\\\/uploads\\\/2022\\\/01\\\/TT_logo_WSIColors-2.png\",\"width\":500,\"height\":196,\"caption\":\"Trusted Translations\"},\"image\":{\"@id\":\"https:\\\/\\\/www.trustedtranslations.com\\\/fr\\\/#\\\/schema\\\/logo\\\/image\\\/\"},\"sameAs\":[\"https:\\\/\\\/www.facebook.com\\\/Trusted.Translations\",\"https:\\\/\\\/x.com\\\/TrustedT9ns\",\"https:\\\/\\\/www.linkedin.com\\\/company\\\/trusted-translations\"]}]}<\/script>\n<!-- \/ Yoast SEO plugin. -->","yoast_head_json":{"title":"Interpr\u00e9tation linguistique sur Skype - Trusted Translations, Inc.","description":"Trusted Translations est un leader des services d'interpr\u00e9tation linguistique pour les appels, les r\u00e9unions et les webinaires sur Skype. Appelez-nous pour demander un devis gratuit ou une consultation.","robots":{"index":"index","follow":"follow","max-snippet":"max-snippet:-1","max-image-preview":"max-image-preview:large","max-video-preview":"max-video-preview:-1"},"canonical":"https:\/\/www.trustedtranslations.com\/fr\/services\/ivd\/skype","og_locale":"fr_FR","og_type":"article","og_title":"Interpr\u00e9tation linguistique sur Skype - Trusted Translations, Inc.","og_description":"Trusted Translations est un leader des services d'interpr\u00e9tation linguistique pour les appels, les r\u00e9unions et les webinaires sur Skype. Appelez-nous pour demander un devis gratuit ou une consultation.","og_url":"https:\/\/www.trustedtranslations.com\/fr\/services\/ivd\/skype","og_site_name":"Trusted Translations, Inc.","article_publisher":"https:\/\/www.facebook.com\/Trusted.Translations","article_modified_time":"2024-09-11T14:14:11+00:00","og_image":[{"width":151,"height":151,"url":"https:\/\/static.trustedtranslations.com\/wp-content\/uploads\/2024\/02\/TT-ICON_Remote-Multilingual-Inte-11.webp","type":"image\/webp"}],"twitter_card":"summary_large_image","twitter_site":"@TrustedT9ns","schema":{"@context":"https:\/\/schema.org","@graph":[{"@type":"WebPage","@id":"https:\/\/www.trustedtranslations.com\/fr\/services\/ivd\/skype","url":"https:\/\/www.trustedtranslations.com\/fr\/services\/ivd\/skype","name":"Interpr\u00e9tation linguistique sur Skype - Trusted Translations, Inc.","isPartOf":{"@id":"https:\/\/www.trustedtranslations.com\/fr\/#website"},"primaryImageOfPage":{"@id":"https:\/\/www.trustedtranslations.com\/fr\/services\/ivd\/skype#primaryimage"},"image":{"@id":"https:\/\/www.trustedtranslations.com\/fr\/services\/ivd\/skype#primaryimage"},"thumbnailUrl":"https:\/\/www.trustedtranslations.com\/wp-content\/uploads\/2024\/02\/TT-ICON_Remote-Multilingual-Inte-11.webp","description":"Trusted Translations est un leader des services d'interpr\u00e9tation linguistique pour les appels, les r\u00e9unions et les webinaires sur Skype. Appelez-nous pour demander un devis gratuit ou une consultation.","breadcrumb":{"@id":"https:\/\/www.trustedtranslations.com\/fr\/services\/ivd\/skype#breadcrumb"},"inLanguage":"fr-FR","potentialAction":[{"@type":"ReadAction","target":["https:\/\/www.trustedtranslations.com\/fr\/services\/ivd\/skype"]}]},{"@type":"ImageObject","inLanguage":"fr-FR","@id":"https:\/\/www.trustedtranslations.com\/fr\/services\/ivd\/skype#primaryimage","url":"https:\/\/www.trustedtranslations.com\/wp-content\/uploads\/2024\/02\/TT-ICON_Remote-Multilingual-Inte-11.webp","contentUrl":"https:\/\/www.trustedtranslations.com\/wp-content\/uploads\/2024\/02\/TT-ICON_Remote-Multilingual-Inte-11.webp","width":151,"height":151,"caption":"TT ICON Remote Multilingual Inte 11"},{"@type":"BreadcrumbList","@id":"https:\/\/www.trustedtranslations.com\/fr\/services\/ivd\/skype#breadcrumb","itemListElement":[{"@type":"ListItem","position":1,"name":"Accueil","item":"https:\/\/www.trustedtranslations.com\/fr"},{"@type":"ListItem","position":2,"name":"Services","item":"https:\/\/www.trustedtranslations.com\/fr\/services"},{"@type":"ListItem","position":3,"name":"Interpr\u00e9tation vid\u00e9o \u00e0 distance (IVD)","item":"https:\/\/www.trustedtranslations.com\/fr\/services\/ivd"},{"@type":"ListItem","position":4,"name":"Skype"}]},{"@type":"WebSite","@id":"https:\/\/www.trustedtranslations.com\/fr\/#website","url":"https:\/\/www.trustedtranslations.com\/fr\/","name":"Trusted Translations, Inc.","description":"Leader in translation and interpretation services.","publisher":{"@id":"https:\/\/www.trustedtranslations.com\/fr\/#organization"},"alternateName":"Trusted Translations","potentialAction":[{"@type":"SearchAction","target":{"@type":"EntryPoint","urlTemplate":"https:\/\/www.trustedtranslations.com\/fr\/?s={search_term_string}"},"query-input":{"@type":"PropertyValueSpecification","valueRequired":true,"valueName":"search_term_string"}}],"inLanguage":"fr-FR"},{"@type":"Organization","@id":"https:\/\/www.trustedtranslations.com\/fr\/#organization","name":"Trusted Translations","alternateName":"Trusted Translations, Inc.","url":"https:\/\/www.trustedtranslations.com\/fr\/","logo":{"@type":"ImageObject","inLanguage":"fr-FR","@id":"https:\/\/www.trustedtranslations.com\/fr\/#\/schema\/logo\/image\/","url":"https:\/\/static.trustedtranslations.com\/wp-content\/uploads\/2022\/01\/TT_logo_WSIColors-2.png","contentUrl":"https:\/\/static.trustedtranslations.com\/wp-content\/uploads\/2022\/01\/TT_logo_WSIColors-2.png","width":500,"height":196,"caption":"Trusted Translations"},"image":{"@id":"https:\/\/www.trustedtranslations.com\/fr\/#\/schema\/logo\/image\/"},"sameAs":["https:\/\/www.facebook.com\/Trusted.Translations","https:\/\/x.com\/TrustedT9ns","https:\/\/www.linkedin.com\/company\/trusted-translations"]}]}},"toolset-meta":{"dyk":{"mensaje-1":{"type":"textfield","raw":"Nous fournissons aux entreprises du Fortune\u00a0500 des traductions \u00e0 des tarifs inf\u00e9rieurs de 25 \u00e0 50\u00a0% aux prix du march\u00e9."},"mensaje-2":{"type":"textfield","raw":"Chaque traduction effectu\u00e9e par nos \u00e9quipes d'experts est assur\u00e9e par Lloyd's of London."},"mensaje-3":{"type":"textfield","raw":"Trusted Translations est fier de soutenir le St. Jude Children's Research Hospital."},"mensaje-4":{"type":"textfield","raw":"Nous sommes class\u00e9s dans le \u00ab\u00a0Top\u00a0500 des entreprises hispano-am\u00e9ricaines\u00a0\u00bb aux \u00c9tats-Unis."},"mensaje-5":{"type":"textfield","raw":"Trusted Translations compte plus de 5\u00a0000\u00a0clients satisfaits dans presque tous les secteurs d'activit\u00e9."},"mensaje-6":{"type":"textfield","raw":""}},"single-page-template-fields":{"imgs-temp":{"type":"image","raw":["https:\/\/static.trustedtranslations.com\/wp-content\/uploads\/2024\/07\/skype-1.webp","https:\/\/static.trustedtranslations.com\/wp-content\/uploads\/2024\/07\/skype-3-1.webp"],"repeatable":[{"raw":"https:\/\/static.trustedtranslations.com\/wp-content\/uploads\/2024\/07\/skype-1.webp"},{"raw":"https:\/\/static.trustedtranslations.com\/wp-content\/uploads\/2024\/07\/skype-3-1.webp"}]},"imgs-temp-cel":{"type":"image","raw":[""],"repeatable":[{"raw":""}]},"img-temp-one-cel":{"type":"image","raw":"https:\/\/static.trustedtranslations.com\/wp-content\/uploads\/2024\/07\/skype-2-1.webp","attachment_id":null},"quotes":{"type":"textarea","raw":"<h1 style=\"margin-bottom: 12px;\">Services d'interpr\u00e9tation multilingue \u00e0 distance sur Skype<\/h1>\r\nSkype, l'une des plateformes de vid\u00e9oconf\u00e9rence les plus anciennes, est bien connu des entreprises et des utilisateurs du monde entier. Chez Trusted Translations, nos experts peuvent vous fournir une interpr\u00e9tation professionnelle \u00e0 distance via Skype pour tous vos besoins de communication.\r\n<div style=\"margin-top: 2.5vw;\"><a class=\"tt-btn-main-cta\" href=\"https:\/\/www.trustedtranslations.com\/fr\/devis-traduction\">Demandez un devis gratuit<\/a><\/div>"},"text-1":{"type":"textarea","raw":"<h2>Interpr\u00e9tation professionnelle sur Skype<img class=\"wp-image-177588 alignleft\" src=\"https:\/\/static.trustedtranslations.com\/wp-content\/uploads\/2023\/01\/skype-5-1.jpg\" alt=\"\" width=\"500\" height=\"333\" \/><\/h2>\r\nLanc\u00e9 en 2003, Skype est devenu une r\u00e9f\u00e9rence en mati\u00e8re de vid\u00e9oconf\u00e9rence \u00e0 distance. Bien que la plateforme appartenant \u00e0 Microsoft ait d\u00fb faire face \u00e0 une concurrence f\u00e9roce pendant la pand\u00e9mie de COVID-19, elle reste populaire dans le monde entier, avec plus de 300\u00a0millions d'utilisateurs actifs mensuels.\r\n\r\nEn tant que plateforme VoIP (Voice over Internet Protocol), Skype utilise une connexion Internet pour passer et recevoir des appels. Les h\u00f4tes t\u00e9l\u00e9chargent l'application Skype, cr\u00e9ent un compte et se connectent\u00a0; pour les r\u00e9unions Skype, vous ajouterez un interpr\u00e8te de la m\u00eame mani\u00e8re que vous ajouteriez tout autre participant.\r\n\r\nUne grande partie de la documentation relative \u00e0 l'assistance linguistique de Skype concerne Skype Translator, le traducteur vocal de la plateforme. Cependant, les traducteurs automatiques ne remplacent pas un interpr\u00e8te humain en direct, en particulier dans les secteurs \u00e0 enjeux ou \u00e0 complexit\u00e9 \u00e9lev\u00e9e. En ce qui concerne l'interpr\u00e9tation en direct, Skype ne dispose pas encore des m\u00eames fonctionnalit\u00e9s sp\u00e9ciales d\u00e9velopp\u00e9es par d'autres plateformes, telles que des canaux linguistiques d\u00e9di\u00e9s et des d\u00e9signations pour les interpr\u00e8tes.\r\n<h2>Avantages de Skype pour l'interpr\u00e9tation \u00e0 distance<\/h2>\r\nCela signifie-t-il que Skype n'est pas une bonne solution pour les organisations multilingues\u00a0? Pas du tout. Skype est toujours privil\u00e9gi\u00e9 par de nombreuses entreprises et pr\u00e9sente plusieurs caract\u00e9ristiques positives \u00e0 prendre en compte lors du choix de votre plateforme d'interpr\u00e9tation vid\u00e9o \u00e0 distance, notamment\u00a0:\r\n<ul>\r\n \t<li>Des appels vid\u00e9o de groupe jusqu'\u00e0 100\u00a0personnes avec la version gratuite<\/li>\r\n \t<li>Une utilisation tr\u00e8s r\u00e9pandue dans le monde entier<\/li>\r\n \t<li>Sa disponibilit\u00e9 sur de nombreux appareils<\/li>\r\n \t<li>Un prix abordable, avec une version gratuite tr\u00e8s int\u00e9ressante<\/li>\r\n<\/ul>\r\nSkype se distingue par sa disponibilit\u00e9 g\u00e9n\u00e9ralis\u00e9e et son prix abordable. Skype a des co\u00fbts relativement bas\u00a0; en fait, la plupart des individus trouvent que la version gratuite de Skype r\u00e9pond \u00e0 leurs besoins en mati\u00e8re de r\u00e9unions individuelles ou en petit comit\u00e9. Skype est \u00e9galement disponible sur plus d'appareils que nombre de ses concurrents, notamment sur les tablettes, Alexa et m\u00eame Xbox, ce qui peut vous aider \u00e0 \u00e9tendre votre port\u00e9e mondiale tout en respectant votre budget."},"shortcode-map":{"type":"textfield","raw":""},"dyk-shortcode":{"type":"textfield","raw":"[elementor-template id=\"146546\"]"},"text-2":{"type":"textarea","raw":"<h2><img class=\"alignright wp-image-177603\" src=\"https:\/\/static.trustedtranslations.com\/wp-content\/uploads\/2023\/01\/skype-6-1.jpg\" alt=\"\" width=\"500\" height=\"282\" \/>Inconv\u00e9nients de Skype pour l'interpr\u00e9tation \u00e0 distance<\/h2>\r\nCependant, il existe certaines limites quant \u00e0 l'utilisation de Skype pour l'interpr\u00e9tation\u00a0:\r\n<ul>\r\n \t<li>Les utilisateurs signalent des blocages, des retards et des probl\u00e8mes audio<\/li>\r\n \t<li>Des cr\u00e9dits Skype ou un abonnement sont n\u00e9cessaires pour les appels vers des t\u00e9l\u00e9phones portables ou des lignes fixes<\/li>\r\n \t<li>Des probl\u00e8mes de s\u00e9curit\u00e9\u00a0; Skype peut \u00eatre bloqu\u00e9 dans certains pays<\/li>\r\n \t<li>Un manque de fonctionnalit\u00e9s collaboratives par rapport aux autres plateformes<\/li>\r\n<\/ul>\r\nSkype n\u00e9cessite l'utilisation de cr\u00e9dits Skype ou l'achat d'un abonnement pour appeler des t\u00e9l\u00e9phones mobiles et fixes. Les appels internationaux sont factur\u00e9s \u00e0 des tarifs qui varient selon les pays. \u00c9tant donn\u00e9 que l'un des avantages de l'interpr\u00e9tation \u00e0 distance est la possibilit\u00e9 de trouver des interpr\u00e8tes de qualit\u00e9 partout dans le monde, ces co\u00fbts doivent \u00eatre pris en consid\u00e9ration.\r\n\r\nEn outre, Skype est bloqu\u00e9 ou restreint dans plusieurs pays qui limitent l'utilisation de la VoIP soit pour des raisons de s\u00e9curit\u00e9, comme au Qatar et en Guyane, soit en faveur de leurs propres services de t\u00e9l\u00e9communications VoIP nationaux, comme au Br\u00e9sil et au Belize. Si vous utilisez Skype, une diligence raisonnable est requise pour vous assurer qu'il peut atteindre vos march\u00e9s cibles.\r\n<h2>Notre \u00e9quipe<\/h2>\r\n<em>Trusted Translations<\/em> propose des traducteurs professionnels qui connaissent parfaitement l'interpr\u00e9tation simultan\u00e9e et cons\u00e9cutive \u00e0 distance via Skype. Si vous n'\u00eates pas s\u00fbr(e) de la plateforme d'interpr\u00e9tation vid\u00e9o \u00e0 distance qui vous convient, notre \u00e9quipe exp\u00e9riment\u00e9e peut \u00e9galement vous aider \u00e0 faire le choix parfait"},"state":{"type":"textfield","raw":""},"city":{"type":"textarea","raw":[]}}},"_links":{"self":[{"href":"https:\/\/www.trustedtranslations.com\/fr\/wp-json\/wp\/v2\/pages\/182593","targetHints":{"allow":["GET"]}}],"collection":[{"href":"https:\/\/www.trustedtranslations.com\/fr\/wp-json\/wp\/v2\/pages"}],"about":[{"href":"https:\/\/www.trustedtranslations.com\/fr\/wp-json\/wp\/v2\/types\/page"}],"author":[{"embeddable":true,"href":"https:\/\/www.trustedtranslations.com\/fr\/wp-json\/wp\/v2\/users\/1"}],"replies":[{"embeddable":true,"href":"https:\/\/www.trustedtranslations.com\/fr\/wp-json\/wp\/v2\/comments?post=182593"}],"version-history":[{"count":0,"href":"https:\/\/www.trustedtranslations.com\/fr\/wp-json\/wp\/v2\/pages\/182593\/revisions"}],"up":[{"embeddable":true,"href":"https:\/\/www.trustedtranslations.com\/fr\/wp-json\/wp\/v2\/pages\/160048"}],"wp:featuredmedia":[{"embeddable":true,"href":"https:\/\/www.trustedtranslations.com\/fr\/wp-json\/wp\/v2\/media\/244604"}],"wp:attachment":[{"href":"https:\/\/www.trustedtranslations.com\/fr\/wp-json\/wp\/v2\/media?parent=182593"}],"curies":[{"name":"wp","href":"https:\/\/api.w.org\/{rel}","templated":true}]}}