{"id":182597,"date":"2023-02-13T17:33:58","date_gmt":"2023-02-13T20:33:58","guid":{"rendered":"https:\/\/www.trustedtranslations.com\/?page_id=182597"},"modified":"2024-09-11T11:23:47","modified_gmt":"2024-09-11T14:23:47","slug":"goto-meeting","status":"publish","type":"page","link":"https:\/\/www.trustedtranslations.com\/fr\/services\/ivd\/goto-meeting","title":{"rendered":"GoTo Meeting"},"content":{"rendered":"","protected":false},"excerpt":{"rendered":"","protected":false},"author":1,"featured_media":244592,"parent":160048,"menu_order":5,"comment_status":"closed","ping_status":"closed","template":"","meta":{"site-sidebar-layout":"default","site-content-layout":"default","ast-site-content-layout":"default","site-content-style":"default","site-sidebar-style":"default","ast-global-header-display":"","ast-banner-title-visibility":"","ast-main-header-display":"","ast-hfb-above-header-display":"","ast-hfb-below-header-display":"","ast-hfb-mobile-header-display":"","site-post-title":"disabled","ast-breadcrumbs-content":"","ast-featured-img":"","footer-sml-layout":"","ast-disable-related-posts":"","theme-transparent-header-meta":"default","adv-header-id-meta":"","stick-header-meta":"","header-above-stick-meta":"","header-main-stick-meta":"","header-below-stick-meta":"","astra-migrate-meta-layouts":"set","ast-page-background-enabled":"default","ast-page-background-meta":{"desktop":{"background-color":"var(--ast-global-color-4)","background-image":"","background-repeat":"repeat","background-position":"center center","background-size":"auto","background-attachment":"scroll","background-type":"","background-media":"","overlay-type":"","overlay-color":"","overlay-opacity":"","overlay-gradient":""},"tablet":{"background-color":"","background-image":"","background-repeat":"repeat","background-position":"center center","background-size":"auto","background-attachment":"scroll","background-type":"","background-media":"","overlay-type":"","overlay-color":"","overlay-opacity":"","overlay-gradient":""},"mobile":{"background-color":"","background-image":"","background-repeat":"repeat","background-position":"center center","background-size":"auto","background-attachment":"scroll","background-type":"","background-media":"","overlay-type":"","overlay-color":"","overlay-opacity":"","overlay-gradient":""}},"ast-content-background-meta":{"desktop":{"background-color":"var(--ast-global-color-5)","background-image":"","background-repeat":"repeat","background-position":"center center","background-size":"auto","background-attachment":"scroll","background-type":"","background-media":"","overlay-type":"","overlay-color":"","overlay-opacity":"","overlay-gradient":""},"tablet":{"background-color":"var(--ast-global-color-5)","background-image":"","background-repeat":"repeat","background-position":"center center","background-size":"auto","background-attachment":"scroll","background-type":"","background-media":"","overlay-type":"","overlay-color":"","overlay-opacity":"","overlay-gradient":""},"mobile":{"background-color":"var(--ast-global-color-5)","background-image":"","background-repeat":"repeat","background-position":"center center","background-size":"auto","background-attachment":"scroll","background-type":"","background-media":"","overlay-type":"","overlay-color":"","overlay-opacity":"","overlay-gradient":""}},"footnotes":""},"class_list":["post-182597","page","type-page","status-publish","has-post-thumbnail","hentry"],"yoast_head":"<!-- This site is optimized with the Yoast SEO plugin v27.3 - https:\/\/yoast.com\/product\/yoast-seo-wordpress\/ -->\n<title>Services d\u2019interpr\u00e9tation sur GoTo Meeting - Trusted Translations, Inc.<\/title>\n<meta name=\"description\" content=\"Trusted Translations est un leader des services d\u2019interpr\u00e9tation linguistique sur GoTo Meeting. Appelez-nous pour demander un devis gratuit ou une consultation.\" \/>\n<meta name=\"robots\" content=\"index, follow, max-snippet:-1, max-image-preview:large, max-video-preview:-1\" \/>\n<link rel=\"canonical\" href=\"https:\/\/www.trustedtranslations.com\/fr\/services\/ivd\/goto-meeting\" \/>\n<meta property=\"og:locale\" content=\"fr_FR\" \/>\n<meta property=\"og:type\" content=\"article\" \/>\n<meta property=\"og:title\" content=\"Services d\u2019interpr\u00e9tation sur GoTo Meeting - Trusted Translations, Inc.\" \/>\n<meta property=\"og:description\" content=\"Trusted Translations est un leader des services d\u2019interpr\u00e9tation linguistique sur GoTo Meeting. Appelez-nous pour demander un devis gratuit ou une consultation.\" \/>\n<meta property=\"og:url\" content=\"https:\/\/www.trustedtranslations.com\/fr\/services\/ivd\/goto-meeting\" \/>\n<meta property=\"og:site_name\" content=\"Trusted Translations, Inc.\" \/>\n<meta property=\"article:publisher\" content=\"https:\/\/www.facebook.com\/Trusted.Translations\" \/>\n<meta property=\"article:modified_time\" content=\"2024-09-11T14:23:47+00:00\" \/>\n<meta property=\"og:image\" content=\"https:\/\/static.trustedtranslations.com\/wp-content\/uploads\/2024\/02\/TT-ICON_Remote-Multilingual-Inte-12.webp\" \/>\n\t<meta property=\"og:image:width\" content=\"151\" \/>\n\t<meta property=\"og:image:height\" content=\"151\" \/>\n\t<meta property=\"og:image:type\" content=\"image\/webp\" \/>\n<meta name=\"twitter:card\" content=\"summary_large_image\" \/>\n<meta name=\"twitter:site\" content=\"@TrustedT9ns\" \/>\n<script type=\"application\/ld+json\" class=\"yoast-schema-graph\">{\"@context\":\"https:\\\/\\\/schema.org\",\"@graph\":[{\"@type\":\"WebPage\",\"@id\":\"https:\\\/\\\/www.trustedtranslations.com\\\/fr\\\/services\\\/ivd\\\/goto-meeting\",\"url\":\"https:\\\/\\\/www.trustedtranslations.com\\\/fr\\\/services\\\/ivd\\\/goto-meeting\",\"name\":\"Services d\u2019interpr\u00e9tation sur GoTo Meeting - Trusted Translations, Inc.\",\"isPartOf\":{\"@id\":\"https:\\\/\\\/www.trustedtranslations.com\\\/fr\\\/#website\"},\"primaryImageOfPage\":{\"@id\":\"https:\\\/\\\/www.trustedtranslations.com\\\/fr\\\/services\\\/ivd\\\/goto-meeting#primaryimage\"},\"image\":{\"@id\":\"https:\\\/\\\/www.trustedtranslations.com\\\/fr\\\/services\\\/ivd\\\/goto-meeting#primaryimage\"},\"thumbnailUrl\":\"https:\\\/\\\/www.trustedtranslations.com\\\/wp-content\\\/uploads\\\/2024\\\/02\\\/TT-ICON_Remote-Multilingual-Inte-12.webp\",\"description\":\"Trusted Translations est un leader des services d\u2019interpr\u00e9tation linguistique sur GoTo Meeting. Appelez-nous pour demander un devis gratuit ou une consultation.\",\"breadcrumb\":{\"@id\":\"https:\\\/\\\/www.trustedtranslations.com\\\/fr\\\/services\\\/ivd\\\/goto-meeting#breadcrumb\"},\"inLanguage\":\"fr-FR\",\"potentialAction\":[{\"@type\":\"ReadAction\",\"target\":[\"https:\\\/\\\/www.trustedtranslations.com\\\/fr\\\/services\\\/ivd\\\/goto-meeting\"]}]},{\"@type\":\"ImageObject\",\"inLanguage\":\"fr-FR\",\"@id\":\"https:\\\/\\\/www.trustedtranslations.com\\\/fr\\\/services\\\/ivd\\\/goto-meeting#primaryimage\",\"url\":\"https:\\\/\\\/www.trustedtranslations.com\\\/wp-content\\\/uploads\\\/2024\\\/02\\\/TT-ICON_Remote-Multilingual-Inte-12.webp\",\"contentUrl\":\"https:\\\/\\\/www.trustedtranslations.com\\\/wp-content\\\/uploads\\\/2024\\\/02\\\/TT-ICON_Remote-Multilingual-Inte-12.webp\",\"width\":151,\"height\":151,\"caption\":\"TT ICON Remote Multilingual Inte 12\"},{\"@type\":\"BreadcrumbList\",\"@id\":\"https:\\\/\\\/www.trustedtranslations.com\\\/fr\\\/services\\\/ivd\\\/goto-meeting#breadcrumb\",\"itemListElement\":[{\"@type\":\"ListItem\",\"position\":1,\"name\":\"Accueil\",\"item\":\"https:\\\/\\\/www.trustedtranslations.com\\\/fr\"},{\"@type\":\"ListItem\",\"position\":2,\"name\":\"Services\",\"item\":\"https:\\\/\\\/www.trustedtranslations.com\\\/fr\\\/services\"},{\"@type\":\"ListItem\",\"position\":3,\"name\":\"Interpr\u00e9tation vid\u00e9o \u00e0 distance (IVD)\",\"item\":\"https:\\\/\\\/www.trustedtranslations.com\\\/fr\\\/services\\\/ivd\"},{\"@type\":\"ListItem\",\"position\":4,\"name\":\"GoTo Meeting\"}]},{\"@type\":\"WebSite\",\"@id\":\"https:\\\/\\\/www.trustedtranslations.com\\\/fr\\\/#website\",\"url\":\"https:\\\/\\\/www.trustedtranslations.com\\\/fr\\\/\",\"name\":\"Trusted Translations, Inc.\",\"description\":\"Leader in translation and interpretation services.\",\"publisher\":{\"@id\":\"https:\\\/\\\/www.trustedtranslations.com\\\/fr\\\/#organization\"},\"alternateName\":\"Trusted Translations\",\"potentialAction\":[{\"@type\":\"SearchAction\",\"target\":{\"@type\":\"EntryPoint\",\"urlTemplate\":\"https:\\\/\\\/www.trustedtranslations.com\\\/fr\\\/?s={search_term_string}\"},\"query-input\":{\"@type\":\"PropertyValueSpecification\",\"valueRequired\":true,\"valueName\":\"search_term_string\"}}],\"inLanguage\":\"fr-FR\"},{\"@type\":\"Organization\",\"@id\":\"https:\\\/\\\/www.trustedtranslations.com\\\/fr\\\/#organization\",\"name\":\"Trusted Translations\",\"alternateName\":\"Trusted Translations, Inc.\",\"url\":\"https:\\\/\\\/www.trustedtranslations.com\\\/fr\\\/\",\"logo\":{\"@type\":\"ImageObject\",\"inLanguage\":\"fr-FR\",\"@id\":\"https:\\\/\\\/www.trustedtranslations.com\\\/fr\\\/#\\\/schema\\\/logo\\\/image\\\/\",\"url\":\"https:\\\/\\\/static.trustedtranslations.com\\\/wp-content\\\/uploads\\\/2022\\\/01\\\/TT_logo_WSIColors-2.png\",\"contentUrl\":\"https:\\\/\\\/static.trustedtranslations.com\\\/wp-content\\\/uploads\\\/2022\\\/01\\\/TT_logo_WSIColors-2.png\",\"width\":500,\"height\":196,\"caption\":\"Trusted Translations\"},\"image\":{\"@id\":\"https:\\\/\\\/www.trustedtranslations.com\\\/fr\\\/#\\\/schema\\\/logo\\\/image\\\/\"},\"sameAs\":[\"https:\\\/\\\/www.facebook.com\\\/Trusted.Translations\",\"https:\\\/\\\/x.com\\\/TrustedT9ns\",\"https:\\\/\\\/www.linkedin.com\\\/company\\\/trusted-translations\"]}]}<\/script>\n<!-- \/ Yoast SEO plugin. -->","yoast_head_json":{"title":"Services d\u2019interpr\u00e9tation sur GoTo Meeting - Trusted Translations, Inc.","description":"Trusted Translations est un leader des services d\u2019interpr\u00e9tation linguistique sur GoTo Meeting. Appelez-nous pour demander un devis gratuit ou une consultation.","robots":{"index":"index","follow":"follow","max-snippet":"max-snippet:-1","max-image-preview":"max-image-preview:large","max-video-preview":"max-video-preview:-1"},"canonical":"https:\/\/www.trustedtranslations.com\/fr\/services\/ivd\/goto-meeting","og_locale":"fr_FR","og_type":"article","og_title":"Services d\u2019interpr\u00e9tation sur GoTo Meeting - Trusted Translations, Inc.","og_description":"Trusted Translations est un leader des services d\u2019interpr\u00e9tation linguistique sur GoTo Meeting. Appelez-nous pour demander un devis gratuit ou une consultation.","og_url":"https:\/\/www.trustedtranslations.com\/fr\/services\/ivd\/goto-meeting","og_site_name":"Trusted Translations, Inc.","article_publisher":"https:\/\/www.facebook.com\/Trusted.Translations","article_modified_time":"2024-09-11T14:23:47+00:00","og_image":[{"width":151,"height":151,"url":"https:\/\/static.trustedtranslations.com\/wp-content\/uploads\/2024\/02\/TT-ICON_Remote-Multilingual-Inte-12.webp","type":"image\/webp"}],"twitter_card":"summary_large_image","twitter_site":"@TrustedT9ns","schema":{"@context":"https:\/\/schema.org","@graph":[{"@type":"WebPage","@id":"https:\/\/www.trustedtranslations.com\/fr\/services\/ivd\/goto-meeting","url":"https:\/\/www.trustedtranslations.com\/fr\/services\/ivd\/goto-meeting","name":"Services d\u2019interpr\u00e9tation sur GoTo Meeting - Trusted Translations, Inc.","isPartOf":{"@id":"https:\/\/www.trustedtranslations.com\/fr\/#website"},"primaryImageOfPage":{"@id":"https:\/\/www.trustedtranslations.com\/fr\/services\/ivd\/goto-meeting#primaryimage"},"image":{"@id":"https:\/\/www.trustedtranslations.com\/fr\/services\/ivd\/goto-meeting#primaryimage"},"thumbnailUrl":"https:\/\/www.trustedtranslations.com\/wp-content\/uploads\/2024\/02\/TT-ICON_Remote-Multilingual-Inte-12.webp","description":"Trusted Translations est un leader des services d\u2019interpr\u00e9tation linguistique sur GoTo Meeting. Appelez-nous pour demander un devis gratuit ou une consultation.","breadcrumb":{"@id":"https:\/\/www.trustedtranslations.com\/fr\/services\/ivd\/goto-meeting#breadcrumb"},"inLanguage":"fr-FR","potentialAction":[{"@type":"ReadAction","target":["https:\/\/www.trustedtranslations.com\/fr\/services\/ivd\/goto-meeting"]}]},{"@type":"ImageObject","inLanguage":"fr-FR","@id":"https:\/\/www.trustedtranslations.com\/fr\/services\/ivd\/goto-meeting#primaryimage","url":"https:\/\/www.trustedtranslations.com\/wp-content\/uploads\/2024\/02\/TT-ICON_Remote-Multilingual-Inte-12.webp","contentUrl":"https:\/\/www.trustedtranslations.com\/wp-content\/uploads\/2024\/02\/TT-ICON_Remote-Multilingual-Inte-12.webp","width":151,"height":151,"caption":"TT ICON Remote Multilingual Inte 12"},{"@type":"BreadcrumbList","@id":"https:\/\/www.trustedtranslations.com\/fr\/services\/ivd\/goto-meeting#breadcrumb","itemListElement":[{"@type":"ListItem","position":1,"name":"Accueil","item":"https:\/\/www.trustedtranslations.com\/fr"},{"@type":"ListItem","position":2,"name":"Services","item":"https:\/\/www.trustedtranslations.com\/fr\/services"},{"@type":"ListItem","position":3,"name":"Interpr\u00e9tation vid\u00e9o \u00e0 distance (IVD)","item":"https:\/\/www.trustedtranslations.com\/fr\/services\/ivd"},{"@type":"ListItem","position":4,"name":"GoTo Meeting"}]},{"@type":"WebSite","@id":"https:\/\/www.trustedtranslations.com\/fr\/#website","url":"https:\/\/www.trustedtranslations.com\/fr\/","name":"Trusted Translations, Inc.","description":"Leader in translation and interpretation services.","publisher":{"@id":"https:\/\/www.trustedtranslations.com\/fr\/#organization"},"alternateName":"Trusted Translations","potentialAction":[{"@type":"SearchAction","target":{"@type":"EntryPoint","urlTemplate":"https:\/\/www.trustedtranslations.com\/fr\/?s={search_term_string}"},"query-input":{"@type":"PropertyValueSpecification","valueRequired":true,"valueName":"search_term_string"}}],"inLanguage":"fr-FR"},{"@type":"Organization","@id":"https:\/\/www.trustedtranslations.com\/fr\/#organization","name":"Trusted Translations","alternateName":"Trusted Translations, Inc.","url":"https:\/\/www.trustedtranslations.com\/fr\/","logo":{"@type":"ImageObject","inLanguage":"fr-FR","@id":"https:\/\/www.trustedtranslations.com\/fr\/#\/schema\/logo\/image\/","url":"https:\/\/static.trustedtranslations.com\/wp-content\/uploads\/2022\/01\/TT_logo_WSIColors-2.png","contentUrl":"https:\/\/static.trustedtranslations.com\/wp-content\/uploads\/2022\/01\/TT_logo_WSIColors-2.png","width":500,"height":196,"caption":"Trusted Translations"},"image":{"@id":"https:\/\/www.trustedtranslations.com\/fr\/#\/schema\/logo\/image\/"},"sameAs":["https:\/\/www.facebook.com\/Trusted.Translations","https:\/\/x.com\/TrustedT9ns","https:\/\/www.linkedin.com\/company\/trusted-translations"]}]}},"toolset-meta":{"dyk":{"mensaje-1":{"type":"textfield","raw":"Nous fournissons aux entreprises du Fortune\u00a0500 des traductions \u00e0 des tarifs inf\u00e9rieurs de 25 \u00e0 50\u00a0% aux prix du march\u00e9."},"mensaje-2":{"type":"textfield","raw":"Chaque traduction effectu\u00e9e par nos \u00e9quipes d'experts est assur\u00e9e par Lloyd's of London."},"mensaje-3":{"type":"textfield","raw":"Trusted Translations est fier de soutenir le St. Jude Children's Research Hospital."},"mensaje-4":{"type":"textfield","raw":"Nous sommes class\u00e9s dans le \u00ab\u00a0Top\u00a0500 des entreprises hispano-am\u00e9ricaines\u00a0\u00bb aux \u00c9tats-Unis."},"mensaje-5":{"type":"textfield","raw":"Trusted Translations compte plus de 5\u00a0000\u00a0clients satisfaits dans presque tous les secteurs d'activit\u00e9."},"mensaje-6":{"type":"textfield","raw":""}},"single-page-template-fields":{"imgs-temp":{"type":"image","raw":["https:\/\/static.trustedtranslations.com\/wp-content\/uploads\/2024\/07\/gotomeeting-1.webp"],"repeatable":[{"raw":"https:\/\/static.trustedtranslations.com\/wp-content\/uploads\/2024\/07\/gotomeeting-1.webp"}]},"imgs-temp-cel":{"type":"image","raw":[""],"repeatable":[{"raw":""}]},"img-temp-one-cel":{"type":"image","raw":"https:\/\/static.trustedtranslations.com\/wp-content\/uploads\/2024\/07\/gotomeeting-1-1.webp","attachment_id":null},"quotes":{"type":"textarea","raw":"<h1 style=\"margin-bottom: 12px;\">Services d'interpr\u00e9tation multilingue \u00e0 distance sur GoTo Meeting<\/h1>\r\nVous vous demandez peut-\u00eatre o\u00f9 trouver une interpr\u00e9tation de qualit\u00e9 si votre entreprise privil\u00e9gie une plateforme de travail \u00e0 distance moins connue, telle que GoTo Meeting. Heureusement, lorsqu'il s'agit de communication multilingue, les \u00e9quipes de Trusted Translations sont pr\u00eates \u00e0 travailler avec les outils dont vous disposez d\u00e9j\u00e0 et que vous pr\u00e9f\u00e9rez. Nos experts peuvent fournir des services d'interpr\u00e9tation exceptionnels pour tous vos besoins sur GoTo Meeting.\r\n<div style=\"margin-top: 2.5vw;\"><a class=\"tt-btn-main-cta\" href=\"https:\/\/www.trustedtranslations.com\/fr\/devis-traduction\">Demandez un devis gratuit<\/a><\/div>"},"text-1":{"type":"textarea","raw":"<h2>Interpr\u00e9tation professionnelle pour les \u00e9v\u00e9nements GoTo Meeting<\/h2>\r\nFaisant partie d'une suite de produits de communication et de collaboration cr\u00e9\u00e9s par GoTo (anciennement connu sous le nom de LogMeIn), GoTo Meeting est une plateforme de visioconf\u00e9rence \u00e0 distance d\u00e9velopp\u00e9e \u00e0 l'origine en 2004. GoTo Meeting est disponible dans plus de 190\u00a0pays dans le monde, avec environ la moiti\u00e9 de ses utilisateurs bas\u00e9s aux \u00c9tats-Unis et l'Inde comme deuxi\u00e8me base d'utilisateurs la plus populaire.<img class=\"wp-image-177793 alignleft\" src=\"https:\/\/static.trustedtranslations.com\/wp-content\/uploads\/2023\/01\/meeting.jpg\" alt=\"\" width=\"500\" height=\"282\" \/> La plateforme elle-m\u00eame prend en charge sept langues d'affichage, qui peuvent \u00eatre modifi\u00e9es \u00e0 tout moment au cours d'une session\u00a0: anglais, espagnol, chinois, fran\u00e7ais, italien, allemand et portugais br\u00e9silien.\r\n\r\nEn dehors de cette prise en charge linguistique pour les utilisateurs, GoTo Meeting n'offre pas de fonctionnalit\u00e9s con\u00e7ues sp\u00e9cifiquement pour l'interpr\u00e9tation \u00e0 distance. Pour ajouter un interpr\u00e8te simultan\u00e9 \u00e0 distance \u00e0 une session GoTo Meeting, l'interpr\u00e8te devra rejoindre la r\u00e9union dans une autre fen\u00eatre, comme tout autre nouveau participant. Cela dit, certaines des fonctions inh\u00e9rentes \u00e0 GoTo Meeting peuvent \u00eatre utiles aux interpr\u00e8tes \u00e0 distance, comme la suppression du bruit de fond et l'excellente application pour t\u00e9l\u00e9phone portable.\r\n<h2>Avantages de GoTo Meeting pour les r\u00e9unions multilingues<\/h2>\r\n<strong>\u00a0<\/strong>Bien qu'il n'ait pas la notori\u00e9t\u00e9 de concurrents tels que Zoom et Teams, GoTo Meeting poss\u00e8de quelques \u00e9l\u00e9ments qui le distinguent des autres\u00a0:\r\n<ul>\r\n \t<li>Il affiche un temps de disponibilit\u00e9 de 99,9\u00a0%, le meilleur du secteur (il est extr\u00eamement fiable)<\/li>\r\n \t<li>Des options d'appel gratuit et d'appel par t\u00e9l\u00e9phone sont disponibles dans plus de 50\u00a0pays<\/li>\r\n \t<li>Des fonctionnalit\u00e9s de s\u00e9curit\u00e9 de niveau entreprise, un cryptage E2E en cours de d\u00e9veloppement<\/li>\r\n \t<li>Des outils collaboratifs (outils de dessin, etc.) tous administr\u00e9s par GoTo<\/li>\r\n \t<li>Aucun t\u00e9l\u00e9chargement de logiciel ou d'application n\u00e9cessaire<\/li>\r\n<\/ul>\r\nPendant la pand\u00e9mie de COVID-19, GoTo a \u00e9galement lanc\u00e9 <a href=\"https:\/\/support.goto.com\/meeting\/help\/plan-overview-gotomeeting-for-healthcare\" target=\"_blank\" rel=\"noopener\">GoTo Meeting for Healthcare<\/a> pour ses clients en Am\u00e9rique du Nord, mettant en avant son service compatible HIPAA adapt\u00e9 aux \u00e9tablissements de sant\u00e9."},"shortcode-map":{"type":"textfield","raw":""},"dyk-shortcode":{"type":"textfield","raw":"[elementor-template id=\"146546\"]"},"text-2":{"type":"textarea","raw":"<h2>Limites relatives \u00e0 l'utilisation de GoTo Meeting pour l'interpr\u00e9tation \u00e0 distance<\/h2>\r\nLes limites de participants de GoTo Meeting varient en fonction de la formule d'abonnement, mais le maximum (pour ses formules Business ou Enterprise) est de 250\u00a0participants, comme Google Meet. Cela rend GoTo Meeting moins adapt\u00e9 aux tr\u00e8s grandes conf\u00e9rences. GoTo propose un produit distinct, GoTo Webinar, qui prend en charge des conf\u00e9rences et des \u00e9v\u00e9nements virtuels pouvant accueillir jusqu'\u00e0 3\u00a0000\u00a0participants (selon l'abonnement). Toutefois, en fonction de votre budget, de vos besoins et de l'estimation de votre audience, vous ne souhaiterez peut-\u00eatre pas acheter un produit diff\u00e9rent pour obtenir la fonctionnalit\u00e9 souhait\u00e9e.\r\n\r\nUn autre inconv\u00e9nient est que GoTo Meeting ne dispose pas de fonctionnalit\u00e9s de sous-titrage cod\u00e9, bien que la soci\u00e9t\u00e9 recommande certaines <a href=\"https:\/\/support.goto.com\/webinar\/help\/how-do-i-use-google-slides-or-microsoft-powerpoint-for-closed-captions\" target=\"_blank\" rel=\"noopener\">solutions de contournement pour les sous-titres en direct<\/a>. La plateforme inclut les transcriptions des r\u00e9unions une fois termin\u00e9es. Cependant, les interpr\u00e8tes en direct peuvent consid\u00e9rer que GoTo Meeting n'est pas \u00e0 la hauteur par rapport \u00e0 d'autres plateformes qui offrent des \u00e9l\u00e9ments plus sp\u00e9cifiques \u00e0 l'interpr\u00e9tation.\r\n<h2>Notre \u00e9quipe<\/h2>\r\nNos interpr\u00e8tes \u00e0 distance de <em>Trusted Translations<\/em> connaissent parfaitement GoTo Meeting et sont habitu\u00e9s \u00e0 fournir un service de haute qualit\u00e9, quelle que soit la plateforme. De plus, si vous n'\u00eates pas encore s\u00fbr(e) que GoTo Meeting r\u00e9ponde aux besoins de votre entreprise, nous pouvons vous offrir des conseils sur la meilleure fa\u00e7on d'atteindre les objectifs de communication \u00e0 distance de votre organisation."},"state":{"type":"textfield","raw":""},"city":{"type":"textarea","raw":[]}}},"_links":{"self":[{"href":"https:\/\/www.trustedtranslations.com\/fr\/wp-json\/wp\/v2\/pages\/182597","targetHints":{"allow":["GET"]}}],"collection":[{"href":"https:\/\/www.trustedtranslations.com\/fr\/wp-json\/wp\/v2\/pages"}],"about":[{"href":"https:\/\/www.trustedtranslations.com\/fr\/wp-json\/wp\/v2\/types\/page"}],"author":[{"embeddable":true,"href":"https:\/\/www.trustedtranslations.com\/fr\/wp-json\/wp\/v2\/users\/1"}],"replies":[{"embeddable":true,"href":"https:\/\/www.trustedtranslations.com\/fr\/wp-json\/wp\/v2\/comments?post=182597"}],"version-history":[{"count":0,"href":"https:\/\/www.trustedtranslations.com\/fr\/wp-json\/wp\/v2\/pages\/182597\/revisions"}],"up":[{"embeddable":true,"href":"https:\/\/www.trustedtranslations.com\/fr\/wp-json\/wp\/v2\/pages\/160048"}],"wp:featuredmedia":[{"embeddable":true,"href":"https:\/\/www.trustedtranslations.com\/fr\/wp-json\/wp\/v2\/media\/244592"}],"wp:attachment":[{"href":"https:\/\/www.trustedtranslations.com\/fr\/wp-json\/wp\/v2\/media?parent=182597"}],"curies":[{"name":"wp","href":"https:\/\/api.w.org\/{rel}","templated":true}]}}