{"id":189702,"date":"2023-02-24T00:47:57","date_gmt":"2023-02-24T03:47:57","guid":{"rendered":"https:\/\/www.trustedtranslations.com\/?page_id=189702"},"modified":"2024-09-06T11:53:46","modified_gmt":"2024-09-06T14:53:46","slug":"agence-espagnol","status":"publish","type":"page","link":"https:\/\/www.trustedtranslations.com\/fr\/entreprise\/agence-espagnol","title":{"rendered":"Agence sp\u00e9cialis\u00e9e en langue espagnole"},"content":{"rendered":"","protected":false},"excerpt":{"rendered":"","protected":false},"author":1,"featured_media":160117,"parent":128940,"menu_order":0,"comment_status":"closed","ping_status":"closed","template":"","meta":{"site-sidebar-layout":"default","site-content-layout":"default","ast-site-content-layout":"default","site-content-style":"default","site-sidebar-style":"default","ast-global-header-display":"","ast-banner-title-visibility":"","ast-main-header-display":"","ast-hfb-above-header-display":"","ast-hfb-below-header-display":"","ast-hfb-mobile-header-display":"","site-post-title":"disabled","ast-breadcrumbs-content":"","ast-featured-img":"","footer-sml-layout":"","ast-disable-related-posts":"","theme-transparent-header-meta":"default","adv-header-id-meta":"","stick-header-meta":"","header-above-stick-meta":"","header-main-stick-meta":"","header-below-stick-meta":"","astra-migrate-meta-layouts":"set","ast-page-background-enabled":"default","ast-page-background-meta":{"desktop":{"background-color":"var(--ast-global-color-4)","background-image":"","background-repeat":"repeat","background-position":"center center","background-size":"auto","background-attachment":"scroll","background-type":"","background-media":"","overlay-type":"","overlay-color":"","overlay-opacity":"","overlay-gradient":""},"tablet":{"background-color":"","background-image":"","background-repeat":"repeat","background-position":"center center","background-size":"auto","background-attachment":"scroll","background-type":"","background-media":"","overlay-type":"","overlay-color":"","overlay-opacity":"","overlay-gradient":""},"mobile":{"background-color":"","background-image":"","background-repeat":"repeat","background-position":"center center","background-size":"auto","background-attachment":"scroll","background-type":"","background-media":"","overlay-type":"","overlay-color":"","overlay-opacity":"","overlay-gradient":""}},"ast-content-background-meta":{"desktop":{"background-color":"var(--ast-global-color-5)","background-image":"","background-repeat":"repeat","background-position":"center center","background-size":"auto","background-attachment":"scroll","background-type":"","background-media":"","overlay-type":"","overlay-color":"","overlay-opacity":"","overlay-gradient":""},"tablet":{"background-color":"var(--ast-global-color-5)","background-image":"","background-repeat":"repeat","background-position":"center center","background-size":"auto","background-attachment":"scroll","background-type":"","background-media":"","overlay-type":"","overlay-color":"","overlay-opacity":"","overlay-gradient":""},"mobile":{"background-color":"var(--ast-global-color-5)","background-image":"","background-repeat":"repeat","background-position":"center center","background-size":"auto","background-attachment":"scroll","background-type":"","background-media":"","overlay-type":"","overlay-color":"","overlay-opacity":"","overlay-gradient":""}},"footnotes":""},"class_list":["post-189702","page","type-page","status-publish","has-post-thumbnail","hentry"],"yoast_head":"<!-- This site is optimized with the Yoast SEO plugin v27.6 - https:\/\/yoast.com\/product\/yoast-seo-wordpress\/ -->\n<title>D\u00e9couvrez Trusted Translations\u00a0: Traduction experte en espagnol avec assurance qualit\u00e9. Obtenir un devis gratuit.<\/title>\n<meta name=\"description\" content=\"Trusted Translations est le leader des agences de traduction en espagnol. Les \u00e9l\u00e9ments cl\u00e9s suivants nous distinguent des autres soci\u00e9t\u00e9s de traduction en espagnol.\" \/>\n<meta name=\"robots\" content=\"index, follow, max-snippet:-1, max-image-preview:large, max-video-preview:-1\" \/>\n<link rel=\"canonical\" href=\"https:\/\/www.trustedtranslations.com\/fr\/entreprise\/agence-espagnol\" \/>\n<meta property=\"og:locale\" content=\"fr_FR\" \/>\n<meta property=\"og:type\" content=\"article\" \/>\n<meta property=\"og:title\" content=\"D\u00e9couvrez Trusted Translations\u00a0: Traduction experte en espagnol avec assurance qualit\u00e9. Obtenir un devis gratuit.\" \/>\n<meta property=\"og:description\" content=\"Trusted Translations est le leader des agences de traduction en espagnol. Les \u00e9l\u00e9ments cl\u00e9s suivants nous distinguent des autres soci\u00e9t\u00e9s de traduction en espagnol.\" \/>\n<meta property=\"og:url\" content=\"https:\/\/www.trustedtranslations.com\/fr\/entreprise\/agence-espagnol\" \/>\n<meta property=\"og:site_name\" content=\"Trusted Translations, Inc.\" \/>\n<meta property=\"article:publisher\" content=\"https:\/\/www.facebook.com\/Trusted.Translations\" \/>\n<meta property=\"article:modified_time\" content=\"2024-09-06T14:53:46+00:00\" \/>\n<meta property=\"og:image\" content=\"https:\/\/static.trustedtranslations.com\/wp-content\/uploads\/2022\/08\/TT_NEW_FB-1.png\" \/>\n\t<meta property=\"og:image:width\" content=\"1\" \/>\n\t<meta property=\"og:image:height\" content=\"1\" \/>\n\t<meta property=\"og:image:type\" content=\"image\/jpeg\" \/>\n<meta name=\"twitter:card\" content=\"summary_large_image\" \/>\n<meta name=\"twitter:site\" content=\"@TrustedT9ns\" \/>\n<script type=\"application\/ld+json\" class=\"yoast-schema-graph\">{\"@context\":\"https:\\\/\\\/schema.org\",\"@graph\":[{\"@type\":\"WebPage\",\"@id\":\"https:\\\/\\\/www.trustedtranslations.com\\\/fr\\\/entreprise\\\/agence-espagnol\",\"url\":\"https:\\\/\\\/www.trustedtranslations.com\\\/fr\\\/entreprise\\\/agence-espagnol\",\"name\":\"D\u00e9couvrez Trusted Translations\u00a0: Traduction experte en espagnol avec assurance qualit\u00e9. Obtenir un devis gratuit.\",\"isPartOf\":{\"@id\":\"https:\\\/\\\/www.trustedtranslations.com\\\/fr\\\/#website\"},\"primaryImageOfPage\":{\"@id\":\"https:\\\/\\\/www.trustedtranslations.com\\\/fr\\\/entreprise\\\/agence-espagnol#primaryimage\"},\"image\":{\"@id\":\"https:\\\/\\\/www.trustedtranslations.com\\\/fr\\\/entreprise\\\/agence-espagnol#primaryimage\"},\"thumbnailUrl\":\"https:\\\/\\\/www.trustedtranslations.com\\\/wp-content\\\/uploads\\\/2022\\\/08\\\/TT_NEW_FB-1.png\",\"description\":\"Trusted Translations est le leader des agences de traduction en espagnol. Les \u00e9l\u00e9ments cl\u00e9s suivants nous distinguent des autres soci\u00e9t\u00e9s de traduction en espagnol.\",\"breadcrumb\":{\"@id\":\"https:\\\/\\\/www.trustedtranslations.com\\\/fr\\\/entreprise\\\/agence-espagnol#breadcrumb\"},\"inLanguage\":\"fr-FR\",\"potentialAction\":[{\"@type\":\"ReadAction\",\"target\":[\"https:\\\/\\\/www.trustedtranslations.com\\\/fr\\\/entreprise\\\/agence-espagnol\"]}]},{\"@type\":\"ImageObject\",\"inLanguage\":\"fr-FR\",\"@id\":\"https:\\\/\\\/www.trustedtranslations.com\\\/fr\\\/entreprise\\\/agence-espagnol#primaryimage\",\"url\":\"https:\\\/\\\/www.trustedtranslations.com\\\/wp-content\\\/uploads\\\/2022\\\/08\\\/TT_NEW_FB-1.png\",\"contentUrl\":\"https:\\\/\\\/www.trustedtranslations.com\\\/wp-content\\\/uploads\\\/2022\\\/08\\\/TT_NEW_FB-1.png\",\"caption\":\"TT NEW FB 1\"},{\"@type\":\"BreadcrumbList\",\"@id\":\"https:\\\/\\\/www.trustedtranslations.com\\\/fr\\\/entreprise\\\/agence-espagnol#breadcrumb\",\"itemListElement\":[{\"@type\":\"ListItem\",\"position\":1,\"name\":\"Accueil\",\"item\":\"https:\\\/\\\/www.trustedtranslations.com\\\/fr\"},{\"@type\":\"ListItem\",\"position\":2,\"name\":\"Qui sommes-nous\u00a0?\",\"item\":\"https:\\\/\\\/www.trustedtranslations.com\\\/fr\\\/entreprise\"},{\"@type\":\"ListItem\",\"position\":3,\"name\":\"Agence sp\u00e9cialis\u00e9e en langue espagnole\"}]},{\"@type\":\"WebSite\",\"@id\":\"https:\\\/\\\/www.trustedtranslations.com\\\/fr\\\/#website\",\"url\":\"https:\\\/\\\/www.trustedtranslations.com\\\/fr\\\/\",\"name\":\"Trusted Translations, Inc.\",\"description\":\"Leader in translation and interpretation services.\",\"publisher\":{\"@id\":\"https:\\\/\\\/www.trustedtranslations.com\\\/fr\\\/#organization\"},\"alternateName\":\"Trusted Translations\",\"potentialAction\":[{\"@type\":\"SearchAction\",\"target\":{\"@type\":\"EntryPoint\",\"urlTemplate\":\"https:\\\/\\\/www.trustedtranslations.com\\\/fr\\\/?s={search_term_string}\"},\"query-input\":{\"@type\":\"PropertyValueSpecification\",\"valueRequired\":true,\"valueName\":\"search_term_string\"}}],\"inLanguage\":\"fr-FR\"},{\"@type\":\"Organization\",\"@id\":\"https:\\\/\\\/www.trustedtranslations.com\\\/fr\\\/#organization\",\"name\":\"Trusted Translations\",\"alternateName\":\"Trusted Translations, Inc.\",\"url\":\"https:\\\/\\\/www.trustedtranslations.com\\\/fr\\\/\",\"logo\":{\"@type\":\"ImageObject\",\"inLanguage\":\"fr-FR\",\"@id\":\"https:\\\/\\\/www.trustedtranslations.com\\\/fr\\\/#\\\/schema\\\/logo\\\/image\\\/\",\"url\":\"https:\\\/\\\/static.trustedtranslations.com\\\/wp-content\\\/uploads\\\/2022\\\/01\\\/TT_logo_WSIColors-2.png\",\"contentUrl\":\"https:\\\/\\\/static.trustedtranslations.com\\\/wp-content\\\/uploads\\\/2022\\\/01\\\/TT_logo_WSIColors-2.png\",\"width\":500,\"height\":196,\"caption\":\"Trusted Translations\"},\"image\":{\"@id\":\"https:\\\/\\\/www.trustedtranslations.com\\\/fr\\\/#\\\/schema\\\/logo\\\/image\\\/\"},\"sameAs\":[\"https:\\\/\\\/www.facebook.com\\\/Trusted.Translations\",\"https:\\\/\\\/x.com\\\/TrustedT9ns\",\"https:\\\/\\\/www.linkedin.com\\\/company\\\/trusted-translations\"]}]}<\/script>\n<!-- \/ Yoast SEO plugin. -->","yoast_head_json":{"title":"D\u00e9couvrez Trusted Translations\u00a0: Traduction experte en espagnol avec assurance qualit\u00e9. Obtenir un devis gratuit.","description":"Trusted Translations est le leader des agences de traduction en espagnol. Les \u00e9l\u00e9ments cl\u00e9s suivants nous distinguent des autres soci\u00e9t\u00e9s de traduction en espagnol.","robots":{"index":"index","follow":"follow","max-snippet":"max-snippet:-1","max-image-preview":"max-image-preview:large","max-video-preview":"max-video-preview:-1"},"canonical":"https:\/\/www.trustedtranslations.com\/fr\/entreprise\/agence-espagnol","og_locale":"fr_FR","og_type":"article","og_title":"D\u00e9couvrez Trusted Translations\u00a0: Traduction experte en espagnol avec assurance qualit\u00e9. Obtenir un devis gratuit.","og_description":"Trusted Translations est le leader des agences de traduction en espagnol. Les \u00e9l\u00e9ments cl\u00e9s suivants nous distinguent des autres soci\u00e9t\u00e9s de traduction en espagnol.","og_url":"https:\/\/www.trustedtranslations.com\/fr\/entreprise\/agence-espagnol","og_site_name":"Trusted Translations, Inc.","article_publisher":"https:\/\/www.facebook.com\/Trusted.Translations","article_modified_time":"2024-09-06T14:53:46+00:00","og_image":[{"url":"https:\/\/static.trustedtranslations.com\/wp-content\/uploads\/2022\/08\/TT_NEW_FB-1.png","width":1,"height":1,"type":"image\/jpeg"}],"twitter_card":"summary_large_image","twitter_site":"@TrustedT9ns","schema":{"@context":"https:\/\/schema.org","@graph":[{"@type":"WebPage","@id":"https:\/\/www.trustedtranslations.com\/fr\/entreprise\/agence-espagnol","url":"https:\/\/www.trustedtranslations.com\/fr\/entreprise\/agence-espagnol","name":"D\u00e9couvrez Trusted Translations\u00a0: Traduction experte en espagnol avec assurance qualit\u00e9. Obtenir un devis gratuit.","isPartOf":{"@id":"https:\/\/www.trustedtranslations.com\/fr\/#website"},"primaryImageOfPage":{"@id":"https:\/\/www.trustedtranslations.com\/fr\/entreprise\/agence-espagnol#primaryimage"},"image":{"@id":"https:\/\/www.trustedtranslations.com\/fr\/entreprise\/agence-espagnol#primaryimage"},"thumbnailUrl":"https:\/\/www.trustedtranslations.com\/wp-content\/uploads\/2022\/08\/TT_NEW_FB-1.png","description":"Trusted Translations est le leader des agences de traduction en espagnol. Les \u00e9l\u00e9ments cl\u00e9s suivants nous distinguent des autres soci\u00e9t\u00e9s de traduction en espagnol.","breadcrumb":{"@id":"https:\/\/www.trustedtranslations.com\/fr\/entreprise\/agence-espagnol#breadcrumb"},"inLanguage":"fr-FR","potentialAction":[{"@type":"ReadAction","target":["https:\/\/www.trustedtranslations.com\/fr\/entreprise\/agence-espagnol"]}]},{"@type":"ImageObject","inLanguage":"fr-FR","@id":"https:\/\/www.trustedtranslations.com\/fr\/entreprise\/agence-espagnol#primaryimage","url":"https:\/\/www.trustedtranslations.com\/wp-content\/uploads\/2022\/08\/TT_NEW_FB-1.png","contentUrl":"https:\/\/www.trustedtranslations.com\/wp-content\/uploads\/2022\/08\/TT_NEW_FB-1.png","caption":"TT NEW FB 1"},{"@type":"BreadcrumbList","@id":"https:\/\/www.trustedtranslations.com\/fr\/entreprise\/agence-espagnol#breadcrumb","itemListElement":[{"@type":"ListItem","position":1,"name":"Accueil","item":"https:\/\/www.trustedtranslations.com\/fr"},{"@type":"ListItem","position":2,"name":"Qui sommes-nous\u00a0?","item":"https:\/\/www.trustedtranslations.com\/fr\/entreprise"},{"@type":"ListItem","position":3,"name":"Agence sp\u00e9cialis\u00e9e en langue espagnole"}]},{"@type":"WebSite","@id":"https:\/\/www.trustedtranslations.com\/fr\/#website","url":"https:\/\/www.trustedtranslations.com\/fr\/","name":"Trusted Translations, Inc.","description":"Leader in translation and interpretation services.","publisher":{"@id":"https:\/\/www.trustedtranslations.com\/fr\/#organization"},"alternateName":"Trusted Translations","potentialAction":[{"@type":"SearchAction","target":{"@type":"EntryPoint","urlTemplate":"https:\/\/www.trustedtranslations.com\/fr\/?s={search_term_string}"},"query-input":{"@type":"PropertyValueSpecification","valueRequired":true,"valueName":"search_term_string"}}],"inLanguage":"fr-FR"},{"@type":"Organization","@id":"https:\/\/www.trustedtranslations.com\/fr\/#organization","name":"Trusted Translations","alternateName":"Trusted Translations, Inc.","url":"https:\/\/www.trustedtranslations.com\/fr\/","logo":{"@type":"ImageObject","inLanguage":"fr-FR","@id":"https:\/\/www.trustedtranslations.com\/fr\/#\/schema\/logo\/image\/","url":"https:\/\/static.trustedtranslations.com\/wp-content\/uploads\/2022\/01\/TT_logo_WSIColors-2.png","contentUrl":"https:\/\/static.trustedtranslations.com\/wp-content\/uploads\/2022\/01\/TT_logo_WSIColors-2.png","width":500,"height":196,"caption":"Trusted Translations"},"image":{"@id":"https:\/\/www.trustedtranslations.com\/fr\/#\/schema\/logo\/image\/"},"sameAs":["https:\/\/www.facebook.com\/Trusted.Translations","https:\/\/x.com\/TrustedT9ns","https:\/\/www.linkedin.com\/company\/trusted-translations"]}]}},"toolset-meta":{"dyk":{"mensaje-1":{"type":"textfield","raw":"Trusted Translations est la soci\u00e9t\u00e9 de traduction espagnole la moins ch\u00e8re bas\u00e9e aux \u00c9tats-Unis."},"mensaje-2":{"type":"textfield","raw":"Trusted Translations est un sp\u00e9cialiste r\u00e9put\u00e9 en mati\u00e8re de localisation de la langue espagnole."},"mensaje-3":{"type":"textfield","raw":"Nous sommes un fournisseur de traducteurs reconnu par le r\u00e9seau de communication hispanique."},"mensaje-4":{"type":"textfield","raw":"Plus de 500\u00a0000\u00a0personnes visitent nos sites Internet chaque mois pour obtenir des conseils sur la langue espagnole.\u00a0"},"mensaje-5":{"type":"textfield","raw":""},"mensaje-6":{"type":"textfield","raw":""}},"single-page-template-fields":{"imgs-temp":{"type":"image","raw":["https:\/\/static.trustedtranslations.com\/wp-content\/uploads\/2024\/06\/language-spanish-1.webp","https:\/\/static.trustedtranslations.com\/wp-content\/uploads\/2024\/07\/Group-113-1.webp"],"repeatable":[{"raw":"https:\/\/static.trustedtranslations.com\/wp-content\/uploads\/2024\/06\/language-spanish-1.webp"},{"raw":"https:\/\/static.trustedtranslations.com\/wp-content\/uploads\/2024\/07\/Group-113-1.webp"}]},"imgs-temp-cel":{"type":"image","raw":[""],"repeatable":[{"raw":""}]},"img-temp-one-cel":{"type":"image","raw":"https:\/\/static.trustedtranslations.com\/wp-content\/uploads\/2024\/07\/AdobeStock_94103906-1-1.webp","attachment_id":null},"quotes":{"type":"textarea","raw":"<h1 style=\"margin-bottom: 12px;\">Agence de traduction leader en espagnol<\/h1>\r\n<em>Trusted Translations<\/em> est une agence de traduction tr\u00e8s exp\u00e9riment\u00e9e qui se sp\u00e9cialise dans les traductions complexes et volumineuses de l\u2019anglais vers l\u2019espagnol. Fond\u00e9e dans la r\u00e9gion m\u00e9tropolitaine de Washington DC, et avec des bureaux aux \u00c9tats-Unis, en Europe et en Am\u00e9rique latine, Trusted Translations fournit des services de traduction en espagnol de haute qualit\u00e9 effectu\u00e9s par des \u00e9quipes de traducteurs en espagnol s\u00e9lectionn\u00e9s.\r\n<div style=\"margin-top: 2.5vw;\"><a class=\"tt-btn-main-cta\" href=\"https:\/\/www.trustedtranslations.com\/fr\/devis-traduction\">Demandez un devis gratuit<\/a><\/div>"},"text-1":{"type":"textarea","raw":"<h2>Traduction experte anglais-espagnol avec des prix comp\u00e9titifs et un d\u00e9lai d\u2019ex\u00e9cution rapide<\/h2>En tant qu\u2019entreprise hispanique et fournisseur leader de services de traduction anglais-espagnol \u00e0 grand volume, <em>Trusted Translations<\/em> propose des prix et des d\u00e9lais d\u2019ex\u00e9cution parmi les plus comp\u00e9titifs du secteur. Bien que nous fournissions une gamme compl\u00e8te de services de traduction et de localisation pour toutes les principales industries et dans plus de 150\u00a0langues, nous sommes reconnus internationalement pour nos capacit\u00e9s en espagnol, avec plus de 15\u00a0ans d\u2019exp\u00e9rience \u00e9prouv\u00e9e en traduction espagnole.\r\n\r\nNos traducteurs de l\u2019anglais vers l\u2019espagnol traitent chaque mois des millions de mots vers et depuis l\u2019espagnol, au service de clients du monde entier, notamment des entreprises du Fortune\u00a0500, des gouvernements et des organisations \u00e0 but non lucratif dans presque tous les grands secteurs.\r\n<h2>Pourquoi choisir <em>Trusted Translations<\/em><\/h2>\r\nLes clients choisissent nos services de traduction en espagnol en raison de notre pr\u00e9cision sup\u00e9rieure, de notre rapidit\u00e9 et de nos prix comp\u00e9titifs. En tant que partenaire de <em>Trusted Translations<\/em>, vous pouvez \u00eatre s\u00fbr que vos traductions en espagnol seront confi\u00e9es \u00e0 des linguistes parmi les plus comp\u00e9tents du secteur. Chaque \u00e9l\u00e9ment de votre projet sera trait\u00e9 de mani\u00e8re professionnelle et confidentielle par des traducteurs soigneusement choisis pour leur ma\u00eetrise de niveau langue maternelle ainsi que pour leur connaissance de ses aspects culturels.\r\n\r\nVous pouvez \u00e9galement compter sur nous pour g\u00e9rer m\u00e9ticuleusement le flux de travail de votre projet. Nos chefs de projet et \u00e9diteurs supervisent vos projets de traduction et appliquent notre processus unique d\u2019assurance qualit\u00e9, dans le cadre duquel chaque traduction est contr\u00f4l\u00e9e trois fois. Nos politiques et proc\u00e9dures rigoureuses nous permettent de d\u00e9passer les normes de qualit\u00e9 ISO\u00a09001:2000 en mati\u00e8re de pr\u00e9cision.\r\n\r\n<em>Trusted Translations<\/em> ne croit pas qu\u2019il faille sacrifier la pr\u00e9cision au profit de la rapidit\u00e9. Depuis notre cr\u00e9ation, nous fournissons constamment des r\u00e9sultats de qualit\u00e9 sup\u00e9rieure dans des d\u00e9lais que les agences concurrentes consid\u00e9raient comme impossibles. Quelle que soit la complexit\u00e9 de votre projet, nous pouvons livrer vos traductions dans les d\u00e9lais, dans les limites du budget et avec un niveau de qualit\u00e9 exceptionnel."},"shortcode-map":{"type":"textfield","raw":""},"dyk-shortcode":{"type":"textfield","raw":"[elementor-template id=\"146546\"]"},"text-2":{"type":"textarea","raw":"<h2>Pourquoi nous sommes la principale entreprise de traduction en espagnol<\/h2>\r\nEn tant que soci\u00e9t\u00e9 de traduction de premier plan, <em>Trusted Translations<\/em> est reconnue comme l\u2019une des meilleures autorit\u00e9s de langue espagnole du secteur. Voici quelques-unes des caract\u00e9ristiques qui distinguent <em>Trusted Translations<\/em> de ses concurrents\u00a0:\r\n<ul>\r\n \t<li>\r\n<h3>Une autorit\u00e9 reconnue en traduction espagnole<\/h3>\r\n<\/li>\r\n<\/ul>\r\nPlus de 500\u00a0000\u00a0experts en localisation en espagnol, universitaires, traducteurs et personnes en provenance du Mexique, d\u2019Espagne, d\u2019Am\u00e9rique centrale et du Sud, des \u00c9tats-Unis et de l\u2019\u00e9tranger consultent chaque mois le contenu et les sites en ligne de <em>Trusted Translations<\/em> pour rechercher des solutions \u00e0 leurs probl\u00e8mes li\u00e9s \u00e0 l\u2019espagnol, ce qui fait de nous l\u2019un des plus grands sp\u00e9cialistes de la langue espagnole dans le secteur mondial de la traduction.\r\n<ul>\r\n \t<li>\r\n<h3>Des ann\u00e9es d\u2019exp\u00e9rience dans les traductions anglais\/espagnol<\/h3>\r\n<\/li>\r\n<\/ul>\r\nFond\u00e9 et dirig\u00e9 par des hispano-am\u00e9ricains,\u00a0<em>Trusted Translations<\/em>\u00a0est l\u2019une des seules soci\u00e9t\u00e9s de traduction avec plus de 25\u00a0ans d\u2019exp\u00e9rience linguistique prim\u00e9e sur le march\u00e9 hispanique. Parmi nos distinctions, nous avons \u00e9t\u00e9 reconnus comme l\u2019une des 500\u00a0meilleures entreprises hispano-am\u00e9ricaines aux \u00c9tats-Unis et comme fournisseur de minorit\u00e9s reconnu dans l\u2019\u00c9tat de Floride.\r\n<ul>\r\n \t<li>\r\n<h3>Des experts juridiques anglais-espagnol au sein du personnel<\/h3>\r\n<\/li>\r\n<\/ul>\r\nUniques parmi les soci\u00e9t\u00e9s de traduction, nous disposons de juristes bilingues (anglais-espagnol) agr\u00e9\u00e9s aux \u00c9tats-Unis, y compris de traducteurs judiciaires agr\u00e9\u00e9s par le gouvernement f\u00e9d\u00e9ral. Nos juristes s\u2019assurent que chaque document juridiquement sensible que nous traduisons utilise la terminologie juridique correcte dans la langue cible. Ils sont \u00e9galement qualifi\u00e9s pour fournir des certifications juridiques notari\u00e9es afin de valider davantage l\u2019exactitude de nos traductions.\r\n<ul>\r\n \t<li>\r\n<h3>Des traductions anglais-espagnol de la plus haute qualit\u00e9 et aux prix les plus comp\u00e9titifs<\/h3>\r\n<\/li>\r\n<\/ul>\r\nParce que nous sommes sp\u00e9cialis\u00e9s dans les traductions anglais-espagnol, nous avons plus de 10\u00a0000\u00a0linguistes anglais-espagnol exp\u00e9riment\u00e9s parmi notre personnel. Nous disposons de traducteurs internes, certifi\u00e9s et contr\u00f4l\u00e9s qui travaillent exclusivement pour <em>Trusted Translations<\/em>. Cela nous permet de fournir un niveau de service de qualit\u00e9 sup\u00e9rieure aux prix les plus comp\u00e9titifs du secteur.\r\n<ul>\r\n \t<li>\r\n<h3>Une expertise m\u00e9dicale de l\u2019anglais vers l\u2019espagnol parmi les meilleures<\/h3>\r\n<\/li>\r\n<\/ul>\r\nNous disposons de m\u00e9decins bilingues qui offrent plus de 40\u00a0ans d\u2019exp\u00e9rience en m\u00e9decine et en contenu li\u00e9 aux soins de sant\u00e9. Nos experts m\u00e9dicaux s\u2019assurent que toute la terminologie m\u00e9dicale est correctement traduite dans un niveau d\u2019espagnol compris par la majorit\u00e9 de la population hispanique. Nous avons travaill\u00e9 avec les principaux \u00e9tablissements de soins de sant\u00e9 et m\u00e9dicaux aux \u00c9tats-Unis et \u00e0 l\u2019\u00e9tranger.\r\n\r\nContactez <em>Trusted Translations<\/em> d\u00e8s aujourd\u2019hui pour savoir comment nous pouvons r\u00e9pondre \u00e0 vos besoins de traduction vers l\u2019espagnol."},"state":{"type":"textfield","raw":""},"city":{"type":"textarea","raw":[]}}},"_links":{"self":[{"href":"https:\/\/www.trustedtranslations.com\/fr\/wp-json\/wp\/v2\/pages\/189702","targetHints":{"allow":["GET"]}}],"collection":[{"href":"https:\/\/www.trustedtranslations.com\/fr\/wp-json\/wp\/v2\/pages"}],"about":[{"href":"https:\/\/www.trustedtranslations.com\/fr\/wp-json\/wp\/v2\/types\/page"}],"author":[{"embeddable":true,"href":"https:\/\/www.trustedtranslations.com\/fr\/wp-json\/wp\/v2\/users\/1"}],"replies":[{"embeddable":true,"href":"https:\/\/www.trustedtranslations.com\/fr\/wp-json\/wp\/v2\/comments?post=189702"}],"version-history":[{"count":0,"href":"https:\/\/www.trustedtranslations.com\/fr\/wp-json\/wp\/v2\/pages\/189702\/revisions"}],"up":[{"embeddable":true,"href":"https:\/\/www.trustedtranslations.com\/fr\/wp-json\/wp\/v2\/pages\/128940"}],"wp:featuredmedia":[{"embeddable":true,"href":"https:\/\/www.trustedtranslations.com\/fr\/wp-json\/wp\/v2\/media\/160117"}],"wp:attachment":[{"href":"https:\/\/www.trustedtranslations.com\/fr\/wp-json\/wp\/v2\/media?parent=189702"}],"curies":[{"name":"wp","href":"https:\/\/api.w.org\/{rel}","templated":true}]}}