{"id":203367,"date":"2023-04-27T12:57:03","date_gmt":"2023-04-27T15:57:03","guid":{"rendered":"https:\/\/www.trustedtranslations.com\/?page_id=203367"},"modified":"2024-09-11T13:25:49","modified_gmt":"2024-09-11T16:25:49","slug":"flash","status":"publish","type":"page","link":"https:\/\/www.trustedtranslations.com\/fr\/services\/formats-de-fichiers\/flash","title":{"rendered":"Adobe Flash"},"content":{"rendered":"","protected":false},"excerpt":{"rendered":"","protected":false},"author":1,"featured_media":238363,"parent":128853,"menu_order":19,"comment_status":"closed","ping_status":"closed","template":"","meta":{"site-sidebar-layout":"default","site-content-layout":"default","ast-site-content-layout":"default","site-content-style":"default","site-sidebar-style":"default","ast-global-header-display":"","ast-banner-title-visibility":"","ast-main-header-display":"","ast-hfb-above-header-display":"","ast-hfb-below-header-display":"","ast-hfb-mobile-header-display":"","site-post-title":"disabled","ast-breadcrumbs-content":"","ast-featured-img":"","footer-sml-layout":"","ast-disable-related-posts":"","theme-transparent-header-meta":"default","adv-header-id-meta":"","stick-header-meta":"","header-above-stick-meta":"","header-main-stick-meta":"","header-below-stick-meta":"","astra-migrate-meta-layouts":"set","ast-page-background-enabled":"default","ast-page-background-meta":{"desktop":{"background-color":"var(--ast-global-color-4)","background-image":"","background-repeat":"repeat","background-position":"center center","background-size":"auto","background-attachment":"scroll","background-type":"","background-media":"","overlay-type":"","overlay-color":"","overlay-opacity":"","overlay-gradient":""},"tablet":{"background-color":"","background-image":"","background-repeat":"repeat","background-position":"center center","background-size":"auto","background-attachment":"scroll","background-type":"","background-media":"","overlay-type":"","overlay-color":"","overlay-opacity":"","overlay-gradient":""},"mobile":{"background-color":"","background-image":"","background-repeat":"repeat","background-position":"center center","background-size":"auto","background-attachment":"scroll","background-type":"","background-media":"","overlay-type":"","overlay-color":"","overlay-opacity":"","overlay-gradient":""}},"ast-content-background-meta":{"desktop":{"background-color":"var(--ast-global-color-5)","background-image":"","background-repeat":"repeat","background-position":"center center","background-size":"auto","background-attachment":"scroll","background-type":"","background-media":"","overlay-type":"","overlay-color":"","overlay-opacity":"","overlay-gradient":""},"tablet":{"background-color":"var(--ast-global-color-5)","background-image":"","background-repeat":"repeat","background-position":"center center","background-size":"auto","background-attachment":"scroll","background-type":"","background-media":"","overlay-type":"","overlay-color":"","overlay-opacity":"","overlay-gradient":""},"mobile":{"background-color":"var(--ast-global-color-5)","background-image":"","background-repeat":"repeat","background-position":"center center","background-size":"auto","background-attachment":"scroll","background-type":"","background-media":"","overlay-type":"","overlay-color":"","overlay-opacity":"","overlay-gradient":""}},"footnotes":""},"class_list":["post-203367","page","type-page","status-publish","has-post-thumbnail","hentry"],"yoast_head":"<!-- This site is optimized with the Yoast SEO plugin v27.3 - https:\/\/yoast.com\/product\/yoast-seo-wordpress\/ -->\n<title>Services de traduction sur Adobe Flash - Trusted Translations, Inc.<\/title>\n<meta name=\"description\" content=\"L\u2019\u00e9quipe de Trusted Translations veille \u00e0 ce que tous vos projets Adobe Flash soient parfaitement traduits, format\u00e9s et pr\u00eats \u00e0 l\u2019emploi imm\u00e9diatement.\" \/>\n<meta name=\"robots\" content=\"index, follow, max-snippet:-1, max-image-preview:large, max-video-preview:-1\" \/>\n<link rel=\"canonical\" href=\"https:\/\/www.trustedtranslations.com\/fr\/services\/formats-de-fichiers\/flash\" \/>\n<meta property=\"og:locale\" content=\"fr_FR\" \/>\n<meta property=\"og:type\" content=\"article\" \/>\n<meta property=\"og:title\" content=\"Services de traduction sur Adobe Flash - Trusted Translations, Inc.\" \/>\n<meta property=\"og:description\" content=\"L\u2019\u00e9quipe de Trusted Translations veille \u00e0 ce que tous vos projets Adobe Flash soient parfaitement traduits, format\u00e9s et pr\u00eats \u00e0 l\u2019emploi imm\u00e9diatement.\" \/>\n<meta property=\"og:url\" content=\"https:\/\/www.trustedtranslations.com\/fr\/services\/formats-de-fichiers\/flash\" \/>\n<meta property=\"og:site_name\" content=\"Trusted Translations, Inc.\" \/>\n<meta property=\"article:publisher\" content=\"https:\/\/www.facebook.com\/Trusted.Translations\" \/>\n<meta property=\"article:modified_time\" content=\"2024-09-11T16:25:49+00:00\" \/>\n<meta property=\"og:image\" content=\"https:\/\/static.trustedtranslations.com\/wp-content\/uploads\/2024\/02\/tt-icon_Adobe-Flash-Translation-.webp\" \/>\n\t<meta property=\"og:image:width\" content=\"151\" \/>\n\t<meta property=\"og:image:height\" content=\"151\" \/>\n\t<meta property=\"og:image:type\" content=\"image\/webp\" \/>\n<meta name=\"twitter:card\" content=\"summary_large_image\" \/>\n<meta name=\"twitter:site\" content=\"@TrustedT9ns\" \/>\n<script type=\"application\/ld+json\" class=\"yoast-schema-graph\">{\"@context\":\"https:\\\/\\\/schema.org\",\"@graph\":[{\"@type\":\"WebPage\",\"@id\":\"https:\\\/\\\/www.trustedtranslations.com\\\/fr\\\/services\\\/formats-de-fichiers\\\/flash\",\"url\":\"https:\\\/\\\/www.trustedtranslations.com\\\/fr\\\/services\\\/formats-de-fichiers\\\/flash\",\"name\":\"Services de traduction sur Adobe Flash - Trusted Translations, Inc.\",\"isPartOf\":{\"@id\":\"https:\\\/\\\/www.trustedtranslations.com\\\/fr\\\/#website\"},\"primaryImageOfPage\":{\"@id\":\"https:\\\/\\\/www.trustedtranslations.com\\\/fr\\\/services\\\/formats-de-fichiers\\\/flash#primaryimage\"},\"image\":{\"@id\":\"https:\\\/\\\/www.trustedtranslations.com\\\/fr\\\/services\\\/formats-de-fichiers\\\/flash#primaryimage\"},\"thumbnailUrl\":\"https:\\\/\\\/www.trustedtranslations.com\\\/wp-content\\\/uploads\\\/2024\\\/02\\\/tt-icon_Adobe-Flash-Translation-.webp\",\"description\":\"L\u2019\u00e9quipe de Trusted Translations veille \u00e0 ce que tous vos projets Adobe Flash soient parfaitement traduits, format\u00e9s et pr\u00eats \u00e0 l\u2019emploi imm\u00e9diatement.\",\"breadcrumb\":{\"@id\":\"https:\\\/\\\/www.trustedtranslations.com\\\/fr\\\/services\\\/formats-de-fichiers\\\/flash#breadcrumb\"},\"inLanguage\":\"fr-FR\",\"potentialAction\":[{\"@type\":\"ReadAction\",\"target\":[\"https:\\\/\\\/www.trustedtranslations.com\\\/fr\\\/services\\\/formats-de-fichiers\\\/flash\"]}]},{\"@type\":\"ImageObject\",\"inLanguage\":\"fr-FR\",\"@id\":\"https:\\\/\\\/www.trustedtranslations.com\\\/fr\\\/services\\\/formats-de-fichiers\\\/flash#primaryimage\",\"url\":\"https:\\\/\\\/www.trustedtranslations.com\\\/wp-content\\\/uploads\\\/2024\\\/02\\\/tt-icon_Adobe-Flash-Translation-.webp\",\"contentUrl\":\"https:\\\/\\\/www.trustedtranslations.com\\\/wp-content\\\/uploads\\\/2024\\\/02\\\/tt-icon_Adobe-Flash-Translation-.webp\",\"width\":151,\"height\":151,\"caption\":\"tt icon Adobe Flash Translation\"},{\"@type\":\"BreadcrumbList\",\"@id\":\"https:\\\/\\\/www.trustedtranslations.com\\\/fr\\\/services\\\/formats-de-fichiers\\\/flash#breadcrumb\",\"itemListElement\":[{\"@type\":\"ListItem\",\"position\":1,\"name\":\"Accueil\",\"item\":\"https:\\\/\\\/www.trustedtranslations.com\\\/fr\"},{\"@type\":\"ListItem\",\"position\":2,\"name\":\"Services\",\"item\":\"https:\\\/\\\/www.trustedtranslations.com\\\/fr\\\/services\"},{\"@type\":\"ListItem\",\"position\":3,\"name\":\"Formats de fichiers\",\"item\":\"https:\\\/\\\/www.trustedtranslations.com\\\/fr\\\/services\\\/formats-de-fichiers\"},{\"@type\":\"ListItem\",\"position\":4,\"name\":\"Adobe Flash\"}]},{\"@type\":\"WebSite\",\"@id\":\"https:\\\/\\\/www.trustedtranslations.com\\\/fr\\\/#website\",\"url\":\"https:\\\/\\\/www.trustedtranslations.com\\\/fr\\\/\",\"name\":\"Trusted Translations, Inc.\",\"description\":\"Leader in translation and interpretation services.\",\"publisher\":{\"@id\":\"https:\\\/\\\/www.trustedtranslations.com\\\/fr\\\/#organization\"},\"alternateName\":\"Trusted Translations\",\"potentialAction\":[{\"@type\":\"SearchAction\",\"target\":{\"@type\":\"EntryPoint\",\"urlTemplate\":\"https:\\\/\\\/www.trustedtranslations.com\\\/fr\\\/?s={search_term_string}\"},\"query-input\":{\"@type\":\"PropertyValueSpecification\",\"valueRequired\":true,\"valueName\":\"search_term_string\"}}],\"inLanguage\":\"fr-FR\"},{\"@type\":\"Organization\",\"@id\":\"https:\\\/\\\/www.trustedtranslations.com\\\/fr\\\/#organization\",\"name\":\"Trusted Translations\",\"alternateName\":\"Trusted Translations, Inc.\",\"url\":\"https:\\\/\\\/www.trustedtranslations.com\\\/fr\\\/\",\"logo\":{\"@type\":\"ImageObject\",\"inLanguage\":\"fr-FR\",\"@id\":\"https:\\\/\\\/www.trustedtranslations.com\\\/fr\\\/#\\\/schema\\\/logo\\\/image\\\/\",\"url\":\"https:\\\/\\\/static.trustedtranslations.com\\\/wp-content\\\/uploads\\\/2022\\\/01\\\/TT_logo_WSIColors-2.png\",\"contentUrl\":\"https:\\\/\\\/static.trustedtranslations.com\\\/wp-content\\\/uploads\\\/2022\\\/01\\\/TT_logo_WSIColors-2.png\",\"width\":500,\"height\":196,\"caption\":\"Trusted Translations\"},\"image\":{\"@id\":\"https:\\\/\\\/www.trustedtranslations.com\\\/fr\\\/#\\\/schema\\\/logo\\\/image\\\/\"},\"sameAs\":[\"https:\\\/\\\/www.facebook.com\\\/Trusted.Translations\",\"https:\\\/\\\/x.com\\\/TrustedT9ns\",\"https:\\\/\\\/www.linkedin.com\\\/company\\\/trusted-translations\"]}]}<\/script>\n<!-- \/ Yoast SEO plugin. -->","yoast_head_json":{"title":"Services de traduction sur Adobe Flash - Trusted Translations, Inc.","description":"L\u2019\u00e9quipe de Trusted Translations veille \u00e0 ce que tous vos projets Adobe Flash soient parfaitement traduits, format\u00e9s et pr\u00eats \u00e0 l\u2019emploi imm\u00e9diatement.","robots":{"index":"index","follow":"follow","max-snippet":"max-snippet:-1","max-image-preview":"max-image-preview:large","max-video-preview":"max-video-preview:-1"},"canonical":"https:\/\/www.trustedtranslations.com\/fr\/services\/formats-de-fichiers\/flash","og_locale":"fr_FR","og_type":"article","og_title":"Services de traduction sur Adobe Flash - Trusted Translations, Inc.","og_description":"L\u2019\u00e9quipe de Trusted Translations veille \u00e0 ce que tous vos projets Adobe Flash soient parfaitement traduits, format\u00e9s et pr\u00eats \u00e0 l\u2019emploi imm\u00e9diatement.","og_url":"https:\/\/www.trustedtranslations.com\/fr\/services\/formats-de-fichiers\/flash","og_site_name":"Trusted Translations, Inc.","article_publisher":"https:\/\/www.facebook.com\/Trusted.Translations","article_modified_time":"2024-09-11T16:25:49+00:00","og_image":[{"width":151,"height":151,"url":"https:\/\/static.trustedtranslations.com\/wp-content\/uploads\/2024\/02\/tt-icon_Adobe-Flash-Translation-.webp","type":"image\/webp"}],"twitter_card":"summary_large_image","twitter_site":"@TrustedT9ns","schema":{"@context":"https:\/\/schema.org","@graph":[{"@type":"WebPage","@id":"https:\/\/www.trustedtranslations.com\/fr\/services\/formats-de-fichiers\/flash","url":"https:\/\/www.trustedtranslations.com\/fr\/services\/formats-de-fichiers\/flash","name":"Services de traduction sur Adobe Flash - Trusted Translations, Inc.","isPartOf":{"@id":"https:\/\/www.trustedtranslations.com\/fr\/#website"},"primaryImageOfPage":{"@id":"https:\/\/www.trustedtranslations.com\/fr\/services\/formats-de-fichiers\/flash#primaryimage"},"image":{"@id":"https:\/\/www.trustedtranslations.com\/fr\/services\/formats-de-fichiers\/flash#primaryimage"},"thumbnailUrl":"https:\/\/www.trustedtranslations.com\/wp-content\/uploads\/2024\/02\/tt-icon_Adobe-Flash-Translation-.webp","description":"L\u2019\u00e9quipe de Trusted Translations veille \u00e0 ce que tous vos projets Adobe Flash soient parfaitement traduits, format\u00e9s et pr\u00eats \u00e0 l\u2019emploi imm\u00e9diatement.","breadcrumb":{"@id":"https:\/\/www.trustedtranslations.com\/fr\/services\/formats-de-fichiers\/flash#breadcrumb"},"inLanguage":"fr-FR","potentialAction":[{"@type":"ReadAction","target":["https:\/\/www.trustedtranslations.com\/fr\/services\/formats-de-fichiers\/flash"]}]},{"@type":"ImageObject","inLanguage":"fr-FR","@id":"https:\/\/www.trustedtranslations.com\/fr\/services\/formats-de-fichiers\/flash#primaryimage","url":"https:\/\/www.trustedtranslations.com\/wp-content\/uploads\/2024\/02\/tt-icon_Adobe-Flash-Translation-.webp","contentUrl":"https:\/\/www.trustedtranslations.com\/wp-content\/uploads\/2024\/02\/tt-icon_Adobe-Flash-Translation-.webp","width":151,"height":151,"caption":"tt icon Adobe Flash Translation"},{"@type":"BreadcrumbList","@id":"https:\/\/www.trustedtranslations.com\/fr\/services\/formats-de-fichiers\/flash#breadcrumb","itemListElement":[{"@type":"ListItem","position":1,"name":"Accueil","item":"https:\/\/www.trustedtranslations.com\/fr"},{"@type":"ListItem","position":2,"name":"Services","item":"https:\/\/www.trustedtranslations.com\/fr\/services"},{"@type":"ListItem","position":3,"name":"Formats de fichiers","item":"https:\/\/www.trustedtranslations.com\/fr\/services\/formats-de-fichiers"},{"@type":"ListItem","position":4,"name":"Adobe Flash"}]},{"@type":"WebSite","@id":"https:\/\/www.trustedtranslations.com\/fr\/#website","url":"https:\/\/www.trustedtranslations.com\/fr\/","name":"Trusted Translations, Inc.","description":"Leader in translation and interpretation services.","publisher":{"@id":"https:\/\/www.trustedtranslations.com\/fr\/#organization"},"alternateName":"Trusted Translations","potentialAction":[{"@type":"SearchAction","target":{"@type":"EntryPoint","urlTemplate":"https:\/\/www.trustedtranslations.com\/fr\/?s={search_term_string}"},"query-input":{"@type":"PropertyValueSpecification","valueRequired":true,"valueName":"search_term_string"}}],"inLanguage":"fr-FR"},{"@type":"Organization","@id":"https:\/\/www.trustedtranslations.com\/fr\/#organization","name":"Trusted Translations","alternateName":"Trusted Translations, Inc.","url":"https:\/\/www.trustedtranslations.com\/fr\/","logo":{"@type":"ImageObject","inLanguage":"fr-FR","@id":"https:\/\/www.trustedtranslations.com\/fr\/#\/schema\/logo\/image\/","url":"https:\/\/static.trustedtranslations.com\/wp-content\/uploads\/2022\/01\/TT_logo_WSIColors-2.png","contentUrl":"https:\/\/static.trustedtranslations.com\/wp-content\/uploads\/2022\/01\/TT_logo_WSIColors-2.png","width":500,"height":196,"caption":"Trusted Translations"},"image":{"@id":"https:\/\/www.trustedtranslations.com\/fr\/#\/schema\/logo\/image\/"},"sameAs":["https:\/\/www.facebook.com\/Trusted.Translations","https:\/\/x.com\/TrustedT9ns","https:\/\/www.linkedin.com\/company\/trusted-translations"]}]}},"toolset-meta":{"dyk":{"mensaje-1":{"type":"textfield","raw":"Nous respectons les \u00e9l\u00e9ments int\u00e9gr\u00e9s des fichiers audio, des fichiers vid\u00e9o FLV, des images bitmap, etc."},"mensaje-2":{"type":"textfield","raw":"Nous convertissons vos fichiers .fla en .swf afin que vos projets soient pr\u00eats pour une utilisation imm\u00e9diate."},"mensaje-3":{"type":"textfield","raw":"Nous traduisons des applications de bureau et mobiles, des graphiques vectoriels, des jeux et plus encore."},"mensaje-4":{"type":"textfield","raw":"Nous traduirons vos conceptions Adobe Flash afin que vous puissiez atteindre un march\u00e9 mondial."},"mensaje-5":{"type":"textfield","raw":""},"mensaje-6":{"type":"textfield","raw":""}},"single-page-template-fields":{"imgs-temp":{"type":"image","raw":["https:\/\/static.trustedtranslations.com\/wp-content\/uploads\/2023\/04\/flash-final-1.jpg"],"repeatable":[{"raw":"https:\/\/static.trustedtranslations.com\/wp-content\/uploads\/2023\/04\/flash-final-1.jpg"}]},"imgs-temp-cel":{"type":"image","raw":["https:\/\/static.trustedtranslations.com\/wp-content\/uploads\/2023\/04\/AdobeStock_325336046_Editorial_Use_Only-2-1.jpg"],"repeatable":[{"raw":"https:\/\/static.trustedtranslations.com\/wp-content\/uploads\/2023\/04\/AdobeStock_325336046_Editorial_Use_Only-2-1.jpg"}]},"img-temp-one-cel":{"type":"image","raw":"","attachment_id":null},"quotes":{"type":"textarea","raw":"<h1 style=\"margin-bottom: 12px;\">Services de traduction pour Adobe Flash<\/h1>Chez <em>Trusted Translations<\/em>, nous comprenons l\u2019importance de la stimulation visuelle dans le monde du marketing en ligne en pleine \u00e9volution. Pour cette raison, nous travaillons avec une \u00e9quipe professionnelle d\u2019experts de la traduction et de la conception graphique pour prendre en charge tous vos besoins de traduction de projets Adobe Flash.<div style=\"margin-top: 2.5vw;\"><a class=\"tt-btn-main-cta\" href=\"https:\/\/www.trustedtranslations.com\/fr\/devis-traduction\">DEMANDEZ UN DEVIS GRATUIT<\/a><\/div>"},"text-1":{"type":"textarea","raw":"<h2>Traductions pr\u00e9cises et mise en forme experte sur Adobe Flash<\/h2>Nos traducteurs sp\u00e9cifiques \u00e0 l\u2019industrie traduiront avec pr\u00e9cision vos cr\u00e9ations Adobe Flash pour permettre leur diffusion aupr\u00e8s d\u2019un public plus large, et notre \u00e9quipe de publication assist\u00e9e par ordinateur veillera \u00e0 ce qu\u2019elles soient format\u00e9es de mani\u00e8re transparente afin d\u2019assurer leur utilisation imm\u00e9diate."},"shortcode-map":{"type":"textfield","raw":""},"dyk-shortcode":{"type":"textfield","raw":""},"text-2":{"type":"textarea","raw":"<h2>Solution int\u00e9grale de traduction de travaux Adobe Flash<\/h2><br>Lorsque vous travaillez avec <em>Trusted Translations<\/em> sur un projet de traduction Adobe Flash, notre \u00e9quipe d\u2019experts prend en compte chaque \u00e9l\u00e9ment et garantit un produit final pr\u00eat \u00e0 \u00eatre utilis\u00e9 imm\u00e9diatement. Que vous cherchiez \u00e0 traduire une animation ou une conception graphique pour votre site web, une application de bureau, un graphique vectoriel, une application mobile, un jeux mobile et plus encore, nous sommes votre solution int\u00e9grale pour tous vos projets de traduction Adobe Flash. Notre \u00e9quipe d\u2019experts s\u2019assure qu\u2019aucun d\u00e9tail n\u2019est n\u00e9glig\u00e9 ; m\u00eame les \u00e9l\u00e9ments int\u00e9gr\u00e9s tels que les fichiers audio, les fichiers vid\u00e9o FLV et les images bitmap sont extraits et g\u00e9r\u00e9s en cons\u00e9quence. Nos traducteurs traduiront avec pr\u00e9cision vos vid\u00e9os afin d\u2019atteindre un public global plus large, en plus de localiser les traductions afin de vous permettre d\u2019atteindre votre public cible. Notre \u00e9quipe exp\u00e9riment\u00e9e de sp\u00e9cialistes de la publication assist\u00e9e par ordinateur assurera une incorporation transparente du texte cible afin de garantir que le formatage corresponde \u00e0 la source. En outre, notre \u00e9quipe convertira vos fichiers .fla en .swf afin que tous vos projets de traduction Adobe Flash soient pr\u00eats pour une utilisation imm\u00e9diate. Nous travaillerons \u00e9galement aux c\u00f4t\u00e9s de votre \u00e9quipe de conception sur demande."},"state":{"type":"textfield","raw":""},"city":{"type":"textarea","raw":[]}}},"_links":{"self":[{"href":"https:\/\/www.trustedtranslations.com\/fr\/wp-json\/wp\/v2\/pages\/203367","targetHints":{"allow":["GET"]}}],"collection":[{"href":"https:\/\/www.trustedtranslations.com\/fr\/wp-json\/wp\/v2\/pages"}],"about":[{"href":"https:\/\/www.trustedtranslations.com\/fr\/wp-json\/wp\/v2\/types\/page"}],"author":[{"embeddable":true,"href":"https:\/\/www.trustedtranslations.com\/fr\/wp-json\/wp\/v2\/users\/1"}],"replies":[{"embeddable":true,"href":"https:\/\/www.trustedtranslations.com\/fr\/wp-json\/wp\/v2\/comments?post=203367"}],"version-history":[{"count":0,"href":"https:\/\/www.trustedtranslations.com\/fr\/wp-json\/wp\/v2\/pages\/203367\/revisions"}],"up":[{"embeddable":true,"href":"https:\/\/www.trustedtranslations.com\/fr\/wp-json\/wp\/v2\/pages\/128853"}],"wp:featuredmedia":[{"embeddable":true,"href":"https:\/\/www.trustedtranslations.com\/fr\/wp-json\/wp\/v2\/media\/238363"}],"wp:attachment":[{"href":"https:\/\/www.trustedtranslations.com\/fr\/wp-json\/wp\/v2\/media?parent=203367"}],"curies":[{"name":"wp","href":"https:\/\/api.w.org\/{rel}","templated":true}]}}