{"id":204214,"date":"2023-05-08T13:45:06","date_gmt":"2023-05-08T16:45:06","guid":{"rendered":"https:\/\/www.trustedtranslations.com\/?page_id=204214"},"modified":"2024-09-11T12:50:12","modified_gmt":"2024-09-11T15:50:12","slug":"vietnamien","status":"publish","type":"page","link":"https:\/\/www.trustedtranslations.com\/fr\/langues\/vietnamien","title":{"rendered":"Vietnamien"},"content":{"rendered":"","protected":false},"excerpt":{"rendered":"","protected":false},"author":1,"featured_media":210279,"parent":129037,"menu_order":0,"comment_status":"closed","ping_status":"closed","template":"","meta":{"site-sidebar-layout":"default","site-content-layout":"default","ast-site-content-layout":"default","site-content-style":"default","site-sidebar-style":"default","ast-global-header-display":"","ast-banner-title-visibility":"","ast-main-header-display":"","ast-hfb-above-header-display":"","ast-hfb-below-header-display":"","ast-hfb-mobile-header-display":"","site-post-title":"disabled","ast-breadcrumbs-content":"","ast-featured-img":"","footer-sml-layout":"","ast-disable-related-posts":"","theme-transparent-header-meta":"default","adv-header-id-meta":"","stick-header-meta":"","header-above-stick-meta":"","header-main-stick-meta":"","header-below-stick-meta":"","astra-migrate-meta-layouts":"set","ast-page-background-enabled":"default","ast-page-background-meta":{"desktop":{"background-color":"var(--ast-global-color-4)","background-image":"","background-repeat":"repeat","background-position":"center center","background-size":"auto","background-attachment":"scroll","background-type":"","background-media":"","overlay-type":"","overlay-color":"","overlay-opacity":"","overlay-gradient":""},"tablet":{"background-color":"","background-image":"","background-repeat":"repeat","background-position":"center center","background-size":"auto","background-attachment":"scroll","background-type":"","background-media":"","overlay-type":"","overlay-color":"","overlay-opacity":"","overlay-gradient":""},"mobile":{"background-color":"","background-image":"","background-repeat":"repeat","background-position":"center center","background-size":"auto","background-attachment":"scroll","background-type":"","background-media":"","overlay-type":"","overlay-color":"","overlay-opacity":"","overlay-gradient":""}},"ast-content-background-meta":{"desktop":{"background-color":"var(--ast-global-color-5)","background-image":"","background-repeat":"repeat","background-position":"center center","background-size":"auto","background-attachment":"scroll","background-type":"","background-media":"","overlay-type":"","overlay-color":"","overlay-opacity":"","overlay-gradient":""},"tablet":{"background-color":"var(--ast-global-color-5)","background-image":"","background-repeat":"repeat","background-position":"center center","background-size":"auto","background-attachment":"scroll","background-type":"","background-media":"","overlay-type":"","overlay-color":"","overlay-opacity":"","overlay-gradient":""},"mobile":{"background-color":"var(--ast-global-color-5)","background-image":"","background-repeat":"repeat","background-position":"center center","background-size":"auto","background-attachment":"scroll","background-type":"","background-media":"","overlay-type":"","overlay-color":"","overlay-opacity":"","overlay-gradient":""}},"footnotes":""},"class_list":["post-204214","page","type-page","status-publish","has-post-thumbnail","hentry"],"yoast_head":"<!-- This site is optimized with the Yoast SEO plugin v27.3 - https:\/\/yoast.com\/product\/yoast-seo-wordpress\/ -->\n<title>Services de traduction en vietnamien - Trusted Translations, inc.<\/title>\n<meta name=\"description\" content=\"Trusted Translations\u00a0: Leader des services de traduction en vietnamien par des \u00e9quipes de traducteurs experts du vietnamien. Demandez un devis ou un conseil gratuit.\" \/>\n<meta name=\"robots\" content=\"index, follow, max-snippet:-1, max-image-preview:large, max-video-preview:-1\" \/>\n<link rel=\"canonical\" href=\"https:\/\/www.trustedtranslations.com\/fr\/langues\/vietnamien\" \/>\n<meta property=\"og:locale\" content=\"fr_FR\" \/>\n<meta property=\"og:type\" content=\"article\" \/>\n<meta property=\"og:title\" content=\"Services de traduction en vietnamien - Trusted Translations, inc.\" \/>\n<meta property=\"og:description\" content=\"Trusted Translations\u00a0: Leader des services de traduction en vietnamien par des \u00e9quipes de traducteurs experts du vietnamien. Demandez un devis ou un conseil gratuit.\" \/>\n<meta property=\"og:url\" content=\"https:\/\/www.trustedtranslations.com\/fr\/langues\/vietnamien\" \/>\n<meta property=\"og:site_name\" content=\"Trusted Translations, Inc.\" \/>\n<meta property=\"article:publisher\" content=\"https:\/\/www.facebook.com\/Trusted.Translations\" \/>\n<meta property=\"article:modified_time\" content=\"2024-09-11T15:50:12+00:00\" \/>\n<meta property=\"og:image\" content=\"https:\/\/www.trustedtranslations.com\/wp-content\/uploads\/2022\/06\/tt-logo-2-1.webp\" \/>\n\t<meta property=\"og:image:width\" content=\"216\" \/>\n\t<meta property=\"og:image:height\" content=\"94\" \/>\n\t<meta property=\"og:image:type\" content=\"image\/webp\" \/>\n<meta name=\"twitter:card\" content=\"summary_large_image\" \/>\n<meta name=\"twitter:site\" content=\"@TrustedT9ns\" \/>\n<script type=\"application\/ld+json\" class=\"yoast-schema-graph\">{\"@context\":\"https:\\\/\\\/schema.org\",\"@graph\":[{\"@type\":\"WebPage\",\"@id\":\"https:\\\/\\\/www.trustedtranslations.com\\\/fr\\\/langues\\\/vietnamien\",\"url\":\"https:\\\/\\\/www.trustedtranslations.com\\\/fr\\\/langues\\\/vietnamien\",\"name\":\"Services de traduction en vietnamien - Trusted Translations, inc.\",\"isPartOf\":{\"@id\":\"https:\\\/\\\/www.trustedtranslations.com\\\/fr\\\/#website\"},\"primaryImageOfPage\":{\"@id\":\"https:\\\/\\\/www.trustedtranslations.com\\\/fr\\\/langues\\\/vietnamien#primaryimage\"},\"image\":{\"@id\":\"https:\\\/\\\/www.trustedtranslations.com\\\/fr\\\/langues\\\/vietnamien#primaryimage\"},\"thumbnailUrl\":\"\",\"description\":\"Trusted Translations\u00a0: Leader des services de traduction en vietnamien par des \u00e9quipes de traducteurs experts du vietnamien. Demandez un devis ou un conseil gratuit.\",\"breadcrumb\":{\"@id\":\"https:\\\/\\\/www.trustedtranslations.com\\\/fr\\\/langues\\\/vietnamien#breadcrumb\"},\"inLanguage\":\"fr-FR\",\"potentialAction\":[{\"@type\":\"ReadAction\",\"target\":[\"https:\\\/\\\/www.trustedtranslations.com\\\/fr\\\/langues\\\/vietnamien\"]}]},{\"@type\":\"ImageObject\",\"inLanguage\":\"fr-FR\",\"@id\":\"https:\\\/\\\/www.trustedtranslations.com\\\/fr\\\/langues\\\/vietnamien#primaryimage\",\"url\":\"\",\"contentUrl\":\"\"},{\"@type\":\"BreadcrumbList\",\"@id\":\"https:\\\/\\\/www.trustedtranslations.com\\\/fr\\\/langues\\\/vietnamien#breadcrumb\",\"itemListElement\":[{\"@type\":\"ListItem\",\"position\":1,\"name\":\"Accueil\",\"item\":\"https:\\\/\\\/www.trustedtranslations.com\\\/fr\"},{\"@type\":\"ListItem\",\"position\":2,\"name\":\"Langues\",\"item\":\"https:\\\/\\\/www.trustedtranslations.com\\\/fr\\\/langues\"},{\"@type\":\"ListItem\",\"position\":3,\"name\":\"Vietnamien\"}]},{\"@type\":\"WebSite\",\"@id\":\"https:\\\/\\\/www.trustedtranslations.com\\\/fr\\\/#website\",\"url\":\"https:\\\/\\\/www.trustedtranslations.com\\\/fr\\\/\",\"name\":\"Trusted Translations, Inc.\",\"description\":\"Leader in translation and interpretation services.\",\"publisher\":{\"@id\":\"https:\\\/\\\/www.trustedtranslations.com\\\/fr\\\/#organization\"},\"alternateName\":\"Trusted Translations\",\"potentialAction\":[{\"@type\":\"SearchAction\",\"target\":{\"@type\":\"EntryPoint\",\"urlTemplate\":\"https:\\\/\\\/www.trustedtranslations.com\\\/fr\\\/?s={search_term_string}\"},\"query-input\":{\"@type\":\"PropertyValueSpecification\",\"valueRequired\":true,\"valueName\":\"search_term_string\"}}],\"inLanguage\":\"fr-FR\"},{\"@type\":\"Organization\",\"@id\":\"https:\\\/\\\/www.trustedtranslations.com\\\/fr\\\/#organization\",\"name\":\"Trusted Translations\",\"alternateName\":\"Trusted Translations, Inc.\",\"url\":\"https:\\\/\\\/www.trustedtranslations.com\\\/fr\\\/\",\"logo\":{\"@type\":\"ImageObject\",\"inLanguage\":\"fr-FR\",\"@id\":\"https:\\\/\\\/www.trustedtranslations.com\\\/fr\\\/#\\\/schema\\\/logo\\\/image\\\/\",\"url\":\"https:\\\/\\\/static.trustedtranslations.com\\\/wp-content\\\/uploads\\\/2022\\\/01\\\/TT_logo_WSIColors-2.png\",\"contentUrl\":\"https:\\\/\\\/static.trustedtranslations.com\\\/wp-content\\\/uploads\\\/2022\\\/01\\\/TT_logo_WSIColors-2.png\",\"width\":500,\"height\":196,\"caption\":\"Trusted Translations\"},\"image\":{\"@id\":\"https:\\\/\\\/www.trustedtranslations.com\\\/fr\\\/#\\\/schema\\\/logo\\\/image\\\/\"},\"sameAs\":[\"https:\\\/\\\/www.facebook.com\\\/Trusted.Translations\",\"https:\\\/\\\/x.com\\\/TrustedT9ns\",\"https:\\\/\\\/www.linkedin.com\\\/company\\\/trusted-translations\"]}]}<\/script>\n<!-- \/ Yoast SEO plugin. -->","yoast_head_json":{"title":"Services de traduction en vietnamien - Trusted Translations, inc.","description":"Trusted Translations\u00a0: Leader des services de traduction en vietnamien par des \u00e9quipes de traducteurs experts du vietnamien. Demandez un devis ou un conseil gratuit.","robots":{"index":"index","follow":"follow","max-snippet":"max-snippet:-1","max-image-preview":"max-image-preview:large","max-video-preview":"max-video-preview:-1"},"canonical":"https:\/\/www.trustedtranslations.com\/fr\/langues\/vietnamien","og_locale":"fr_FR","og_type":"article","og_title":"Services de traduction en vietnamien - Trusted Translations, inc.","og_description":"Trusted Translations\u00a0: Leader des services de traduction en vietnamien par des \u00e9quipes de traducteurs experts du vietnamien. Demandez un devis ou un conseil gratuit.","og_url":"https:\/\/www.trustedtranslations.com\/fr\/langues\/vietnamien","og_site_name":"Trusted Translations, Inc.","article_publisher":"https:\/\/www.facebook.com\/Trusted.Translations","article_modified_time":"2024-09-11T15:50:12+00:00","og_image":[{"width":216,"height":94,"url":"https:\/\/www.trustedtranslations.com\/wp-content\/uploads\/2022\/06\/tt-logo-2-1.webp","type":"image\/webp"}],"twitter_card":"summary_large_image","twitter_site":"@TrustedT9ns","schema":{"@context":"https:\/\/schema.org","@graph":[{"@type":"WebPage","@id":"https:\/\/www.trustedtranslations.com\/fr\/langues\/vietnamien","url":"https:\/\/www.trustedtranslations.com\/fr\/langues\/vietnamien","name":"Services de traduction en vietnamien - Trusted Translations, inc.","isPartOf":{"@id":"https:\/\/www.trustedtranslations.com\/fr\/#website"},"primaryImageOfPage":{"@id":"https:\/\/www.trustedtranslations.com\/fr\/langues\/vietnamien#primaryimage"},"image":{"@id":"https:\/\/www.trustedtranslations.com\/fr\/langues\/vietnamien#primaryimage"},"thumbnailUrl":"","description":"Trusted Translations\u00a0: Leader des services de traduction en vietnamien par des \u00e9quipes de traducteurs experts du vietnamien. Demandez un devis ou un conseil gratuit.","breadcrumb":{"@id":"https:\/\/www.trustedtranslations.com\/fr\/langues\/vietnamien#breadcrumb"},"inLanguage":"fr-FR","potentialAction":[{"@type":"ReadAction","target":["https:\/\/www.trustedtranslations.com\/fr\/langues\/vietnamien"]}]},{"@type":"ImageObject","inLanguage":"fr-FR","@id":"https:\/\/www.trustedtranslations.com\/fr\/langues\/vietnamien#primaryimage","url":"","contentUrl":""},{"@type":"BreadcrumbList","@id":"https:\/\/www.trustedtranslations.com\/fr\/langues\/vietnamien#breadcrumb","itemListElement":[{"@type":"ListItem","position":1,"name":"Accueil","item":"https:\/\/www.trustedtranslations.com\/fr"},{"@type":"ListItem","position":2,"name":"Langues","item":"https:\/\/www.trustedtranslations.com\/fr\/langues"},{"@type":"ListItem","position":3,"name":"Vietnamien"}]},{"@type":"WebSite","@id":"https:\/\/www.trustedtranslations.com\/fr\/#website","url":"https:\/\/www.trustedtranslations.com\/fr\/","name":"Trusted Translations, Inc.","description":"Leader in translation and interpretation services.","publisher":{"@id":"https:\/\/www.trustedtranslations.com\/fr\/#organization"},"alternateName":"Trusted Translations","potentialAction":[{"@type":"SearchAction","target":{"@type":"EntryPoint","urlTemplate":"https:\/\/www.trustedtranslations.com\/fr\/?s={search_term_string}"},"query-input":{"@type":"PropertyValueSpecification","valueRequired":true,"valueName":"search_term_string"}}],"inLanguage":"fr-FR"},{"@type":"Organization","@id":"https:\/\/www.trustedtranslations.com\/fr\/#organization","name":"Trusted Translations","alternateName":"Trusted Translations, Inc.","url":"https:\/\/www.trustedtranslations.com\/fr\/","logo":{"@type":"ImageObject","inLanguage":"fr-FR","@id":"https:\/\/www.trustedtranslations.com\/fr\/#\/schema\/logo\/image\/","url":"https:\/\/static.trustedtranslations.com\/wp-content\/uploads\/2022\/01\/TT_logo_WSIColors-2.png","contentUrl":"https:\/\/static.trustedtranslations.com\/wp-content\/uploads\/2022\/01\/TT_logo_WSIColors-2.png","width":500,"height":196,"caption":"Trusted Translations"},"image":{"@id":"https:\/\/www.trustedtranslations.com\/fr\/#\/schema\/logo\/image\/"},"sameAs":["https:\/\/www.facebook.com\/Trusted.Translations","https:\/\/x.com\/TrustedT9ns","https:\/\/www.linkedin.com\/company\/trusted-translations"]}]}},"toolset-meta":{"dyk":{"mensaje-1":{"type":"textfield","raw":"Le vietnamien est la sixi\u00e8me langue la plus parl\u00e9e aux \u00c9tats-Unis."},"mensaje-2":{"type":"textfield","raw":"Le vietnamien compte trois dialectes principaux\u00a0: du Nord, du centre et du Sud."},"mensaje-3":{"type":"textfield","raw":"Le Vietnam est le deuxi\u00e8me producteur mondial de caf\u00e9, apr\u00e8s le Br\u00e9sil."},"mensaje-4":{"type":"textfield","raw":"Le Vietnam est un exportateur majeur de v\u00eatements et de textiles, d\u2019\u00e9lectronique et de smartphones."},"mensaje-5":{"type":"textfield","raw":"Trusted Translations compte plus de 5\u00a0000\u00a0clients satisfaits dans presque tous les secteurs d'activit\u00e9."},"mensaje-6":{"type":"textfield","raw":""}},"single-page-template-fields":{"imgs-temp":{"type":"image","raw":["https:\/\/static.trustedtranslations.com\/wp-content\/uploads\/2023\/05\/Vietnamese.jpg"],"repeatable":[{"raw":"https:\/\/static.trustedtranslations.com\/wp-content\/uploads\/2023\/05\/Vietnamese.jpg"}]},"imgs-temp-cel":{"type":"image","raw":["https:\/\/static.trustedtranslations.com\/wp-content\/uploads\/2023\/04\/image_mfkussK2_1682003759036_raw-1.jpg"],"repeatable":[{"raw":"https:\/\/static.trustedtranslations.com\/wp-content\/uploads\/2023\/04\/image_mfkussK2_1682003759036_raw-1.jpg"}]},"img-temp-one-cel":{"type":"image","raw":"","attachment_id":null},"quotes":{"type":"textarea","raw":"<h1 style=\"margin-bottom: 12px;\">Services de traduction en vietnamien<\/h1>Fournisseur exp\u00e9riment\u00e9 de services de traduction en vietnamien \u00e0 des tarifs comp\u00e9titifs, <em>Trusted Translations<\/em> propose des solutions rentables pour des projets de toutes tailles. Nos traducteurs natifs sont des experts en localisation qui fournissent des traductions pr\u00e9cises et adapt\u00e9es \u00e0 la culture dans des d\u00e9lais serr\u00e9s. <div style=\"margin-top: 2.5vw;\"><a class=\"tt-btn-main-cta\" href=\"\/quote\">Demandez un devis gratuit<\/a><\/div>"},"text-1":{"type":"textarea","raw":"<h2>Communication fluide en vietnamien, en anglais et plus encore<\/h2>Pour la documentation impliquant le vietnamien, l\u2019anglais et de nombreuses autres langues europ\u00e9ennes et asiatiques, les \u00e9quipes biculturelles et bilingues de TT s\u2019assurent que nos clients peuvent communiquer de mani\u00e8re transparente avec leurs clients.<h2 style=\"margin-bottom: 20px\">Le vietnamien \u00e0 travers le monde<\/h2><br><br>\r\nLa diaspora vietnamienne est parmi les plus importantes au monde. Elle a \u00e9t\u00e9 aliment\u00e9e en grande partie par des vagues de migration depuis le milieu du XXe\u00a0si\u00e8cle, avec la fin de la premi\u00e8re guerre d\u2019Indochine\u00a0(1946-1954) et la partition du Vietnam qui s\u2019en est suivie.<br><br> Des milliers de familles vietnamiennes ont fui leur patrie au lendemain de la guerre du Vietnam\u00a0(1954-1975), cherchant refuge dans d\u2019autres pays. Aujourd\u2019hui, on estime \u00e0 4,5\u00a0millions le nombre de Vietnamiens vivant en dehors de leur patrie, avec des communaut\u00e9s prosp\u00e8res aux \u00c9tats-Unis, au Canada, en Australie, en France et en Allemagne.<br><br> Refl\u00e9tant sa longue histoire partag\u00e9e avec d\u2019autres soci\u00e9t\u00e9s orientales, la famille reste un pilier de la culture vietnamienne. Les liens familiaux sont tr\u00e8s forts et les foyers multig\u00e9n\u00e9rationnels sont monnaie courante. On attend des enfants qu\u2019ils s\u2019occupent de leurs parents \u00e2g\u00e9s et qu\u2019ils fassent preuve de pi\u00e9t\u00e9 filiale. <h2 style=\"margin-bottom: 20px\">Faire des affaires au Vietnam<\/h2><br><br>\r\nAvec une \u00e9conomie en croissance rapide, le Vietnam est une destination attrayante pour les investissements \u00e9trangers. Cet attrait est \u00e9tay\u00e9 par son emplacement strat\u00e9gique et ses liens \u00e9troits avec d\u2019autres march\u00e9s d\u2019Asie du Sud-Est et au-del\u00e0.<br><br>  Avec une population de plus de 96\u00a0millions d\u2019habitants et une classe moyenne en pleine croissance, le Vietnam est un march\u00e9 potentiellement lucratif. Mieux encore, les investissements \u00e9trangers sont encourag\u00e9s par des incitations gouvernementales telles que des all\u00e9gements fiscaux et des avantages r\u00e9gionaux.<br><br>  Les principes confuc\u00e9ens sont importants dans toute la soci\u00e9t\u00e9 vietnamienne, en particulier le devoir et la droiture morale. Il est \u00e9galement essentiel de faire preuve de respect et de d\u00e9f\u00e9rence \u00e0 l\u2019\u00e9gard des anciens et de l\u2019autorit\u00e9.<br><br>  En outre, les \u00e9trangers ne doivent pas oublier que la culture commerciale du Vietnam est ancr\u00e9e dans les relations et les hi\u00e9rarchies. Cela signifie que b\u00e2tir la confiance et \u00e9tablir des liens personnels solides sont les cl\u00e9s du succ\u00e8s."},"shortcode-map":{"type":"textfield","raw":""},"dyk-shortcode":{"type":"textfield","raw":"[elementor-template id=\"146546\"]"},"text-2":{"type":"textarea","raw":"<h2 style=\"margin-bottom: 20px\">Le vietnamien\u00a0: Une langue belle et culturellement complexe<\/h2><br><br>\r\nLangue officielle du Vietnam et parl\u00e9e par pr\u00e8s de 100\u00a0millions de personnes dans le monde, le vietnamien est une langue tonale. Il a six tons\u00a0: plat, suspendu, pointu, question, tombant et lourd. Cela peut \u00eatre d\u00e9licat pour les locuteurs occidentaux, car le ton d\u2019un mot peut changer son sens.<br><br> Utilisant l\u2019alphabet latin (introduit par les colonisateurs fran\u00e7ais au XVIIe\u00a0si\u00e8cle), l\u2019alphabet vietnamien compte 29\u00a0lettres. Certaines ont des signes diacritiques, qui indiquent le ton et la prononciation.<br><br> Sa grammaire relativement simple n\u2019a pas de conjugaison de verbe, de genre ou de formes plurielles. Au lieu de cela, les mots sont modifi\u00e9s par des particules qui expriment des temps et d\u2019autres fonctions. De nombreuses phrases refl\u00e8tent les valeurs et les croyances vietnamiennes traditionnelles, influenc\u00e9es par le confucianisme. <h2 style=\"margin-bottom: 20px\">Des \u00e9quipes de traduction vietnamiennes exp\u00e9riment\u00e9es<\/h2><br><br>\r\nBien que de nombreux professionnels vietnamiens instruits parlent bien l\u2019anglais, les cadres \u00e9trangers ont tout int\u00e9r\u00eat \u00e0 \u00e9tudier la question. Comprendre la culture d\u2019entreprise locale signifie travailler avec des partenaires locaux de confiance pour assurer le succ\u00e8s.<br><br>  C\u2019est pourquoi le bureau vietnamien hautement qualifi\u00e9 de <em>Trusted Translations<\/em> va plus loin, en effectuant une relecture qui tient compte des sp\u00e9cificit\u00e9s culturelles, ainsi que d\u2019une grammaire irr\u00e9prochable. Ce soin m\u00e9ticuleux garantit le respect des normes strictes ISO 9001:2015, en accord avec la culture unique du Vietnam."},"state":{"type":"textfield","raw":""},"city":{"type":"textarea","raw":[]}}},"_links":{"self":[{"href":"https:\/\/www.trustedtranslations.com\/fr\/wp-json\/wp\/v2\/pages\/204214","targetHints":{"allow":["GET"]}}],"collection":[{"href":"https:\/\/www.trustedtranslations.com\/fr\/wp-json\/wp\/v2\/pages"}],"about":[{"href":"https:\/\/www.trustedtranslations.com\/fr\/wp-json\/wp\/v2\/types\/page"}],"author":[{"embeddable":true,"href":"https:\/\/www.trustedtranslations.com\/fr\/wp-json\/wp\/v2\/users\/1"}],"replies":[{"embeddable":true,"href":"https:\/\/www.trustedtranslations.com\/fr\/wp-json\/wp\/v2\/comments?post=204214"}],"version-history":[{"count":0,"href":"https:\/\/www.trustedtranslations.com\/fr\/wp-json\/wp\/v2\/pages\/204214\/revisions"}],"up":[{"embeddable":true,"href":"https:\/\/www.trustedtranslations.com\/fr\/wp-json\/wp\/v2\/pages\/129037"}],"wp:featuredmedia":[{"embeddable":true,"href":"https:\/\/www.trustedtranslations.com\/fr\/wp-json\/"}],"wp:attachment":[{"href":"https:\/\/www.trustedtranslations.com\/fr\/wp-json\/wp\/v2\/media?parent=204214"}],"curies":[{"name":"wp","href":"https:\/\/api.w.org\/{rel}","templated":true}]}}