{"id":206777,"date":"2023-05-22T19:38:12","date_gmt":"2023-05-22T22:38:12","guid":{"rendered":"https:\/\/www.trustedtranslations.com\/?page_id=206777"},"modified":"2025-11-21T13:16:44","modified_gmt":"2025-11-21T16:16:44","slug":"philadelphie","status":"publish","type":"page","link":"https:\/\/www.trustedtranslations.com\/fr\/entreprise\/contact\/philadelphie","title":{"rendered":"Philadelphie"},"content":{"rendered":"","protected":false},"excerpt":{"rendered":"","protected":false},"author":1,"featured_media":210279,"parent":128932,"menu_order":0,"comment_status":"closed","ping_status":"closed","template":"","meta":{"site-sidebar-layout":"no-sidebar","site-content-layout":"page-builder","ast-site-content-layout":"full-width-container","site-content-style":"unboxed","site-sidebar-style":"unboxed","ast-global-header-display":"","ast-banner-title-visibility":"","ast-main-header-display":"","ast-hfb-above-header-display":"","ast-hfb-below-header-display":"","ast-hfb-mobile-header-display":"","site-post-title":"disabled","ast-breadcrumbs-content":"","ast-featured-img":"disabled","footer-sml-layout":"","theme-transparent-header-meta":"default","adv-header-id-meta":"","stick-header-meta":"","header-above-stick-meta":"","header-main-stick-meta":"","header-below-stick-meta":"","astra-migrate-meta-layouts":"set","ast-page-background-enabled":"default","ast-page-background-meta":{"desktop":{"background-color":"var(--ast-global-color-4)","background-image":"","background-repeat":"repeat","background-position":"center center","background-size":"auto","background-attachment":"scroll","background-type":"","background-media":"","overlay-type":"","overlay-color":"","overlay-opacity":"","overlay-gradient":""},"tablet":{"background-color":"","background-image":"","background-repeat":"repeat","background-position":"center center","background-size":"auto","background-attachment":"scroll","background-type":"","background-media":"","overlay-type":"","overlay-color":"","overlay-opacity":"","overlay-gradient":""},"mobile":{"background-color":"","background-image":"","background-repeat":"repeat","background-position":"center center","background-size":"auto","background-attachment":"scroll","background-type":"","background-media":"","overlay-type":"","overlay-color":"","overlay-opacity":"","overlay-gradient":""}},"ast-content-background-meta":{"desktop":{"background-color":"var(--ast-global-color-5)","background-image":"","background-repeat":"repeat","background-position":"center center","background-size":"auto","background-attachment":"scroll","background-type":"","background-media":"","overlay-type":"","overlay-color":"","overlay-opacity":"","overlay-gradient":""},"tablet":{"background-color":"var(--ast-global-color-5)","background-image":"","background-repeat":"repeat","background-position":"center center","background-size":"auto","background-attachment":"scroll","background-type":"","background-media":"","overlay-type":"","overlay-color":"","overlay-opacity":"","overlay-gradient":""},"mobile":{"background-color":"var(--ast-global-color-5)","background-image":"","background-repeat":"repeat","background-position":"center center","background-size":"auto","background-attachment":"scroll","background-type":"","background-media":"","overlay-type":"","overlay-color":"","overlay-opacity":"","overlay-gradient":""}},"footnotes":""},"class_list":["post-206777","page","type-page","status-publish","has-post-thumbnail","hentry"],"yoast_head":"<!-- This site is optimized with the Yoast SEO plugin v27.5 - https:\/\/yoast.com\/product\/yoast-seo-wordpress\/ -->\n<title>Services de traduction \u00e0 Philadelphie - Entreprise de traduction leader en Pennsylvanie - Trusted Translations, Inc.<\/title>\n<meta name=\"description\" content=\"Trusted Translation, Inc. Philadelphie, Pennsylvania. Des services de traduction de qualit\u00e9 \u00e9prouv\u00e9e aux meilleurs tarifs. Demandez un devis gratuit ou une consultation. Contactez-nous d\u00e8s aujourd\u2019hui.\" \/>\n<meta name=\"robots\" content=\"index, follow, max-snippet:-1, max-image-preview:large, max-video-preview:-1\" \/>\n<link rel=\"canonical\" href=\"https:\/\/www.trustedtranslations.com\/fr\/entreprise\/contact\/philadelphie\" \/>\n<meta property=\"og:locale\" content=\"fr_FR\" \/>\n<meta property=\"og:type\" content=\"article\" \/>\n<meta property=\"og:title\" content=\"Services de traduction \u00e0 Philadelphie - Entreprise de traduction leader en Pennsylvanie - Trusted Translations, Inc.\" \/>\n<meta property=\"og:description\" content=\"Trusted Translation, Inc. Philadelphie, Pennsylvania. Des services de traduction de qualit\u00e9 \u00e9prouv\u00e9e aux meilleurs tarifs. Demandez un devis gratuit ou une consultation. Contactez-nous d\u00e8s aujourd\u2019hui.\" \/>\n<meta property=\"og:url\" content=\"https:\/\/www.trustedtranslations.com\/fr\/entreprise\/contact\/philadelphie\" \/>\n<meta property=\"og:site_name\" content=\"Trusted Translations, Inc.\" \/>\n<meta property=\"article:publisher\" content=\"https:\/\/www.facebook.com\/Trusted.Translations\" \/>\n<meta property=\"article:modified_time\" content=\"2025-11-21T16:16:44+00:00\" \/>\n<meta property=\"og:image\" content=\"https:\/\/www.trustedtranslations.com\/wp-content\/uploads\/2022\/06\/tt-logo-2-1.webp\" \/>\n\t<meta property=\"og:image:width\" content=\"216\" \/>\n\t<meta property=\"og:image:height\" content=\"94\" \/>\n\t<meta property=\"og:image:type\" content=\"image\/webp\" \/>\n<meta name=\"twitter:card\" content=\"summary_large_image\" \/>\n<meta name=\"twitter:site\" content=\"@TrustedT9ns\" \/>\n<script type=\"application\/ld+json\" class=\"yoast-schema-graph\">{\"@context\":\"https:\\\/\\\/schema.org\",\"@graph\":[{\"@type\":\"WebPage\",\"@id\":\"https:\\\/\\\/www.trustedtranslations.com\\\/fr\\\/entreprise\\\/contact\\\/philadelphie\",\"url\":\"https:\\\/\\\/www.trustedtranslations.com\\\/fr\\\/entreprise\\\/contact\\\/philadelphie\",\"name\":\"Services de traduction \u00e0 Philadelphie - Entreprise de traduction leader en Pennsylvanie - Trusted Translations, Inc.\",\"isPartOf\":{\"@id\":\"https:\\\/\\\/www.trustedtranslations.com\\\/fr\\\/#website\"},\"primaryImageOfPage\":{\"@id\":\"https:\\\/\\\/www.trustedtranslations.com\\\/fr\\\/entreprise\\\/contact\\\/philadelphie#primaryimage\"},\"image\":{\"@id\":\"https:\\\/\\\/www.trustedtranslations.com\\\/fr\\\/entreprise\\\/contact\\\/philadelphie#primaryimage\"},\"thumbnailUrl\":\"\",\"description\":\"Trusted Translation, Inc. Philadelphie, Pennsylvania. Des services de traduction de qualit\u00e9 \u00e9prouv\u00e9e aux meilleurs tarifs. Demandez un devis gratuit ou une consultation. Contactez-nous d\u00e8s aujourd\u2019hui.\",\"breadcrumb\":{\"@id\":\"https:\\\/\\\/www.trustedtranslations.com\\\/fr\\\/entreprise\\\/contact\\\/philadelphie#breadcrumb\"},\"inLanguage\":\"fr-FR\",\"potentialAction\":[{\"@type\":\"ReadAction\",\"target\":[\"https:\\\/\\\/www.trustedtranslations.com\\\/fr\\\/entreprise\\\/contact\\\/philadelphie\"]}]},{\"@type\":\"ImageObject\",\"inLanguage\":\"fr-FR\",\"@id\":\"https:\\\/\\\/www.trustedtranslations.com\\\/fr\\\/entreprise\\\/contact\\\/philadelphie#primaryimage\",\"url\":\"\",\"contentUrl\":\"\"},{\"@type\":\"BreadcrumbList\",\"@id\":\"https:\\\/\\\/www.trustedtranslations.com\\\/fr\\\/entreprise\\\/contact\\\/philadelphie#breadcrumb\",\"itemListElement\":[{\"@type\":\"ListItem\",\"position\":1,\"name\":\"Accueil\",\"item\":\"https:\\\/\\\/www.trustedtranslations.com\\\/fr\"},{\"@type\":\"ListItem\",\"position\":2,\"name\":\"Qui sommes-nous\u00a0?\",\"item\":\"https:\\\/\\\/www.trustedtranslations.com\\\/fr\\\/entreprise\"},{\"@type\":\"ListItem\",\"position\":3,\"name\":\"Contact\",\"item\":\"https:\\\/\\\/www.trustedtranslations.com\\\/fr\\\/entreprise\\\/contact\"},{\"@type\":\"ListItem\",\"position\":4,\"name\":\"Philadelphie\"}]},{\"@type\":\"WebSite\",\"@id\":\"https:\\\/\\\/www.trustedtranslations.com\\\/fr\\\/#website\",\"url\":\"https:\\\/\\\/www.trustedtranslations.com\\\/fr\\\/\",\"name\":\"Trusted Translations, Inc.\",\"description\":\"Leader in translation and interpretation services.\",\"publisher\":{\"@id\":\"https:\\\/\\\/www.trustedtranslations.com\\\/fr\\\/#organization\"},\"alternateName\":\"Trusted Translations\",\"potentialAction\":[{\"@type\":\"SearchAction\",\"target\":{\"@type\":\"EntryPoint\",\"urlTemplate\":\"https:\\\/\\\/www.trustedtranslations.com\\\/fr\\\/?s={search_term_string}\"},\"query-input\":{\"@type\":\"PropertyValueSpecification\",\"valueRequired\":true,\"valueName\":\"search_term_string\"}}],\"inLanguage\":\"fr-FR\"},{\"@type\":\"Organization\",\"@id\":\"https:\\\/\\\/www.trustedtranslations.com\\\/fr\\\/#organization\",\"name\":\"Trusted Translations\",\"alternateName\":\"Trusted Translations, Inc.\",\"url\":\"https:\\\/\\\/www.trustedtranslations.com\\\/fr\\\/\",\"logo\":{\"@type\":\"ImageObject\",\"inLanguage\":\"fr-FR\",\"@id\":\"https:\\\/\\\/www.trustedtranslations.com\\\/fr\\\/#\\\/schema\\\/logo\\\/image\\\/\",\"url\":\"https:\\\/\\\/static.trustedtranslations.com\\\/wp-content\\\/uploads\\\/2022\\\/01\\\/TT_logo_WSIColors-2.png\",\"contentUrl\":\"https:\\\/\\\/static.trustedtranslations.com\\\/wp-content\\\/uploads\\\/2022\\\/01\\\/TT_logo_WSIColors-2.png\",\"width\":500,\"height\":196,\"caption\":\"Trusted Translations\"},\"image\":{\"@id\":\"https:\\\/\\\/www.trustedtranslations.com\\\/fr\\\/#\\\/schema\\\/logo\\\/image\\\/\"},\"sameAs\":[\"https:\\\/\\\/www.facebook.com\\\/Trusted.Translations\",\"https:\\\/\\\/x.com\\\/TrustedT9ns\",\"https:\\\/\\\/www.linkedin.com\\\/company\\\/trusted-translations\"]}]}<\/script>\n<!-- \/ Yoast SEO plugin. -->","yoast_head_json":{"title":"Services de traduction \u00e0 Philadelphie - Entreprise de traduction leader en Pennsylvanie - Trusted Translations, Inc.","description":"Trusted Translation, Inc. Philadelphie, Pennsylvania. Des services de traduction de qualit\u00e9 \u00e9prouv\u00e9e aux meilleurs tarifs. Demandez un devis gratuit ou une consultation. Contactez-nous d\u00e8s aujourd\u2019hui.","robots":{"index":"index","follow":"follow","max-snippet":"max-snippet:-1","max-image-preview":"max-image-preview:large","max-video-preview":"max-video-preview:-1"},"canonical":"https:\/\/www.trustedtranslations.com\/fr\/entreprise\/contact\/philadelphie","og_locale":"fr_FR","og_type":"article","og_title":"Services de traduction \u00e0 Philadelphie - Entreprise de traduction leader en Pennsylvanie - Trusted Translations, Inc.","og_description":"Trusted Translation, Inc. Philadelphie, Pennsylvania. Des services de traduction de qualit\u00e9 \u00e9prouv\u00e9e aux meilleurs tarifs. Demandez un devis gratuit ou une consultation. Contactez-nous d\u00e8s aujourd\u2019hui.","og_url":"https:\/\/www.trustedtranslations.com\/fr\/entreprise\/contact\/philadelphie","og_site_name":"Trusted Translations, Inc.","article_publisher":"https:\/\/www.facebook.com\/Trusted.Translations","article_modified_time":"2025-11-21T16:16:44+00:00","og_image":[{"width":216,"height":94,"url":"https:\/\/www.trustedtranslations.com\/wp-content\/uploads\/2022\/06\/tt-logo-2-1.webp","type":"image\/webp"}],"twitter_card":"summary_large_image","twitter_site":"@TrustedT9ns","schema":{"@context":"https:\/\/schema.org","@graph":[{"@type":"WebPage","@id":"https:\/\/www.trustedtranslations.com\/fr\/entreprise\/contact\/philadelphie","url":"https:\/\/www.trustedtranslations.com\/fr\/entreprise\/contact\/philadelphie","name":"Services de traduction \u00e0 Philadelphie - Entreprise de traduction leader en Pennsylvanie - Trusted Translations, Inc.","isPartOf":{"@id":"https:\/\/www.trustedtranslations.com\/fr\/#website"},"primaryImageOfPage":{"@id":"https:\/\/www.trustedtranslations.com\/fr\/entreprise\/contact\/philadelphie#primaryimage"},"image":{"@id":"https:\/\/www.trustedtranslations.com\/fr\/entreprise\/contact\/philadelphie#primaryimage"},"thumbnailUrl":"","description":"Trusted Translation, Inc. Philadelphie, Pennsylvania. Des services de traduction de qualit\u00e9 \u00e9prouv\u00e9e aux meilleurs tarifs. Demandez un devis gratuit ou une consultation. Contactez-nous d\u00e8s aujourd\u2019hui.","breadcrumb":{"@id":"https:\/\/www.trustedtranslations.com\/fr\/entreprise\/contact\/philadelphie#breadcrumb"},"inLanguage":"fr-FR","potentialAction":[{"@type":"ReadAction","target":["https:\/\/www.trustedtranslations.com\/fr\/entreprise\/contact\/philadelphie"]}]},{"@type":"ImageObject","inLanguage":"fr-FR","@id":"https:\/\/www.trustedtranslations.com\/fr\/entreprise\/contact\/philadelphie#primaryimage","url":"","contentUrl":""},{"@type":"BreadcrumbList","@id":"https:\/\/www.trustedtranslations.com\/fr\/entreprise\/contact\/philadelphie#breadcrumb","itemListElement":[{"@type":"ListItem","position":1,"name":"Accueil","item":"https:\/\/www.trustedtranslations.com\/fr"},{"@type":"ListItem","position":2,"name":"Qui sommes-nous\u00a0?","item":"https:\/\/www.trustedtranslations.com\/fr\/entreprise"},{"@type":"ListItem","position":3,"name":"Contact","item":"https:\/\/www.trustedtranslations.com\/fr\/entreprise\/contact"},{"@type":"ListItem","position":4,"name":"Philadelphie"}]},{"@type":"WebSite","@id":"https:\/\/www.trustedtranslations.com\/fr\/#website","url":"https:\/\/www.trustedtranslations.com\/fr\/","name":"Trusted Translations, Inc.","description":"Leader in translation and interpretation services.","publisher":{"@id":"https:\/\/www.trustedtranslations.com\/fr\/#organization"},"alternateName":"Trusted Translations","potentialAction":[{"@type":"SearchAction","target":{"@type":"EntryPoint","urlTemplate":"https:\/\/www.trustedtranslations.com\/fr\/?s={search_term_string}"},"query-input":{"@type":"PropertyValueSpecification","valueRequired":true,"valueName":"search_term_string"}}],"inLanguage":"fr-FR"},{"@type":"Organization","@id":"https:\/\/www.trustedtranslations.com\/fr\/#organization","name":"Trusted Translations","alternateName":"Trusted Translations, Inc.","url":"https:\/\/www.trustedtranslations.com\/fr\/","logo":{"@type":"ImageObject","inLanguage":"fr-FR","@id":"https:\/\/www.trustedtranslations.com\/fr\/#\/schema\/logo\/image\/","url":"https:\/\/static.trustedtranslations.com\/wp-content\/uploads\/2022\/01\/TT_logo_WSIColors-2.png","contentUrl":"https:\/\/static.trustedtranslations.com\/wp-content\/uploads\/2022\/01\/TT_logo_WSIColors-2.png","width":500,"height":196,"caption":"Trusted Translations"},"image":{"@id":"https:\/\/www.trustedtranslations.com\/fr\/#\/schema\/logo\/image\/"},"sameAs":["https:\/\/www.facebook.com\/Trusted.Translations","https:\/\/x.com\/TrustedT9ns","https:\/\/www.linkedin.com\/company\/trusted-translations"]}]}},"toolset-meta":{"dyk":{"mensaje-1":{"type":"textfield","raw":"Philadelphie est la 9e plus grande \u00e9conomie m\u00e9tropolitaine des \u00c9tats-Unis."},"mensaje-2":{"type":"textfield","raw":"En 2023, Philadelphie figure parmi les 5 premiers centres de capital-risque du pays."},"mensaje-3":{"type":"textfield","raw":"Plus de 30\u00a0millions de personnes visitent la r\u00e9gion de Philadelphie chaque ann\u00e9e."},"mensaje-4":{"type":"textfield","raw":"La D\u00e9claration d\u2019ind\u00e9pendance et la Constitution des \u00c9tats-Unis ont toutes deux \u00e9t\u00e9 r\u00e9dig\u00e9es \u00e0 Philadelphie."},"mensaje-5":{"type":"textfield","raw":"Trusted Translations compte plus de 5\u00a0000\u00a0clients satisfaits dans presque tous les secteurs d\u2019activit\u00e9."},"mensaje-6":{"type":"textfield","raw":""}},"single-page-template-fields":{"imgs-temp":{"type":"image","raw":["https:\/\/static.trustedtranslations.com\/wp-content\/uploads\/2024\/05\/Group-135-2.webp"],"repeatable":[{"raw":"https:\/\/static.trustedtranslations.com\/wp-content\/uploads\/2024\/05\/Group-135-2.webp"}]},"imgs-temp-cel":{"type":"image","raw":[""],"repeatable":[{"raw":""}]},"img-temp-one-cel":{"type":"image","raw":"https:\/\/static.trustedtranslations.com\/wp-content\/uploads\/2024\/05\/philadelphia-1-scaled-1.webp","attachment_id":null},"quotes":{"type":"textarea","raw":"<h1 style=\"margin-bottom:12px\">Services de traduction \u00e0 Philadelphie<\/h1>\r\n<p>\r\n    <a style=\"color: #2a2a2a; text-decoration: none;\" href=\"https:\/\/goo.gl\/maps\/PubxFSXtD8Kv7Y3N7?coh=178572&entry=tt\"><i class=\"fa fa-map-pin\"><\/i> 7244 Castor Ave\r\n        Philadelphia, Pennsylvania, 19149\r\n        United States<\/a>\r\n    <a style=\"color: #2a2a2a; text-decoration: none;\" href=\"tel:+12159991219\"><i class=\"fa fa-phone\"><\/i> +1 (215) 999-1219<\/a>\r\n    <a style=\"color: #2a2a2a; text-decoration: none;\" href=\"mailto:philadelphia@trustedtranslations.com\"><i class=\"fa fa-envelope\"><\/i>philadelphia@trustedtranslations.com<\/a>\r\n<\/p>\r\n<div style=\"margin-top: 2.5vw;\"><a class=\"tt-btn-main-cta\" href=\"#tree-form\">Demandez un devis gratuit<\/a><\/div>"},"text-1":{"type":"textarea","raw":"<h2>Carte de la succursale de Philadelphie<\/h2>"},"shortcode-map":{"type":"textfield","raw":"[mostrar_mapa url=\"https:\/\/www.google.com\/maps\/embed?pb=!1m18!1m12!1m3!1d3054.1006036332565!2d-75.06938182503966!3d40.050855777828204!2m3!1f0!2f0!3f0!3m2!1i1024!2i768!4f13.1!3m3!1m2!1s0x89c6b6a15fbad4db%3A0xdf32c1b0c00728c!2s7244%20Castor%20Ave%2C%20Philadelphia%2C%20PA%2019149%2C%20EE.%20UU.!5e0!3m2!1ses-419!2sar!4v1684173225132!5m2!1ses-419!2sar\" width=\"600px\" height=\"450px\"]"},"dyk-shortcode":{"type":"textfield","raw":"[elementor-template id=\"146546\"]"},"text-2":{"type":"textarea","raw":"<h2>Services de traduction professionnelle \u00e0 Philadelphie<\/h2>\r\n<img class=\"alignright wp-image-206253 size-full\" src=\"https:\/\/static.trustedtranslations.com\/wp-content\/uploads\/2023\/05\/philadelphia-2.jpg\" alt=\"\" width=\"500\" height=\"334\" \/>\r\n\r\nC\u00e9l\u00e8bre pour son r\u00f4le dans la R\u00e9volution am\u00e9ricaine, Philadelphie est aujourd\u2019hui un centre d\u2019activit\u00e9 \u00e9conomique le long de la c\u00f4te Est et dans la vall\u00e9e du Delaware, en particulier dans les secteurs de la <a href=\"https:\/\/www.trustedtranslations.com\/fr\/domaines\/finance\">finance<\/a>, de la <a href=\"https:\/\/www.trustedtranslations.com\/fr\/domaines\/medicale\">sant\u00e9<\/a>, de l\u2019<a href=\"https:\/\/www.trustedtranslations.com\/fr\/domaines\/apprentissage-en-ligne-et-localisation\">enseignement sup\u00e9rieur<\/a>, des <a href=\"https:\/\/www.trustedtranslations.com\/fr\/domaines\/medias\">t\u00e9l\u00e9communications<\/a> et du tourisme. <strong><em>Trusted Translations<\/em><\/strong> a fourni des traductions \u00e0 un large \u00e9ventail d\u2019<a href=\"https:\/\/www.trustedtranslations.com\/fr\/domaines\/entreprises\">entreprises<\/a> dans la r\u00e9gion m\u00e9tropolitaine de Philadelphie, notamment AECOM, Audacy, FXI, Dollar General Corporation, Moravia Health, Consarc et Fox Rothschild LLP, entre autres.\r\n\r\n<strong><em>Trusted Translations<\/em><\/strong> a acquis l\u2019exp\u00e9rience n\u00e9cessaire pour servir le m\u00e9lange vibrant de langues et de cultures de Philadelphie. Apr\u00e8s l\u2019anglais, l\u2019<a href=\"https:\/\/www.trustedtranslations.com\/fr\/langues\/espagnol\/services-de-traduction-espagnol\">espagnol<\/a> est la langue la plus parl\u00e9e \u00e0 Philadelphie, avec une <a href=\"https:\/\/www.trustedtranslations.com\/fr\/langues\/espagnol\/caracteristiques\/espagnol-etats-unis\">population hispanique<\/a> qui a presque tripl\u00e9 depuis 2000 et la deuxi\u00e8me plus grande communaut\u00e9 portoricaine du pays en dehors de Porto Rico. En raison d\u2019une longue histoire d\u2019immigration, Philadelphie abrite \u00e9galement des milliers de personnes parlant le <a href=\"https:\/\/www.trustedtranslations.com\/fr\/langues\/chinois\">chinois<\/a>, le <a href=\"https:\/\/www.trustedtranslations.com\/fr\/langues\/multilingue\">cr\u00e9ole ha\u00eftien<\/a> et le <a href=\"https:\/\/www.trustedtranslations.com\/fr\/langues\/vietnamien\">vietnamien<\/a>, ainsi que la deuxi\u00e8me plus grande communaut\u00e9 ukrainienne des \u00c9tats-Unis\u00a0; en outre, elle conna\u00eet un afflux constant de touristes internationaux.\r\n<h2 style=\"margin-bottom:20px\">\u00c0 propos de la ville de Philadelphie<\/h2>\r\nAssociant des monuments tels que la Cloche de la Libert\u00e9 \u00e0 des piliers financiers modernes comme la Bourse de Philadelphie, \u00ab\u00a0Philly\u00a0\u00bb attire chaque ann\u00e9e des millions de visiteurs, tant pour les affaires que pour le tourisme. La r\u00e9gion m\u00e9tropolitaine de Philadelphie, qui comprend Camden (NJ) et Wilmington (DE), compte plus de 6\u00a0millions d\u2019habitants et se classe au 9<sup>e<\/sup>\u00a0rang des plus grandes \u00e9conomies des \u00c9tats-Unis."},"state":{"type":"textfield","raw":""},"city":{"type":"textarea","raw":[""]}}},"_links":{"self":[{"href":"https:\/\/www.trustedtranslations.com\/fr\/wp-json\/wp\/v2\/pages\/206777","targetHints":{"allow":["GET"]}}],"collection":[{"href":"https:\/\/www.trustedtranslations.com\/fr\/wp-json\/wp\/v2\/pages"}],"about":[{"href":"https:\/\/www.trustedtranslations.com\/fr\/wp-json\/wp\/v2\/types\/page"}],"author":[{"embeddable":true,"href":"https:\/\/www.trustedtranslations.com\/fr\/wp-json\/wp\/v2\/users\/1"}],"replies":[{"embeddable":true,"href":"https:\/\/www.trustedtranslations.com\/fr\/wp-json\/wp\/v2\/comments?post=206777"}],"version-history":[{"count":0,"href":"https:\/\/www.trustedtranslations.com\/fr\/wp-json\/wp\/v2\/pages\/206777\/revisions"}],"up":[{"embeddable":true,"href":"https:\/\/www.trustedtranslations.com\/fr\/wp-json\/wp\/v2\/pages\/128932"}],"wp:featuredmedia":[{"embeddable":true,"href":"https:\/\/www.trustedtranslations.com\/fr\/wp-json\/"}],"wp:attachment":[{"href":"https:\/\/www.trustedtranslations.com\/fr\/wp-json\/wp\/v2\/media?parent=206777"}],"curies":[{"name":"wp","href":"https:\/\/api.w.org\/{rel}","templated":true}]}}