{"id":208900,"date":"2023-06-06T14:37:46","date_gmt":"2023-06-06T17:37:46","guid":{"rendered":"https:\/\/www.trustedtranslations.com\/?page_id=208900"},"modified":"2025-11-21T17:06:37","modified_gmt":"2025-11-21T20:06:37","slug":"detroit","status":"publish","type":"page","link":"https:\/\/www.trustedtranslations.com\/fr\/entreprise\/contact\/detroit","title":{"rendered":"D\u00e9troit"},"content":{"rendered":"","protected":false},"excerpt":{"rendered":"","protected":false},"author":1,"featured_media":210279,"parent":128932,"menu_order":0,"comment_status":"closed","ping_status":"closed","template":"","meta":{"site-sidebar-layout":"no-sidebar","site-content-layout":"page-builder","ast-site-content-layout":"full-width-container","site-content-style":"unboxed","site-sidebar-style":"unboxed","ast-global-header-display":"","ast-banner-title-visibility":"","ast-main-header-display":"","ast-hfb-above-header-display":"","ast-hfb-below-header-display":"","ast-hfb-mobile-header-display":"","site-post-title":"disabled","ast-breadcrumbs-content":"","ast-featured-img":"disabled","footer-sml-layout":"","theme-transparent-header-meta":"default","adv-header-id-meta":"","stick-header-meta":"","header-above-stick-meta":"","header-main-stick-meta":"","header-below-stick-meta":"","astra-migrate-meta-layouts":"set","ast-page-background-enabled":"default","ast-page-background-meta":{"desktop":{"background-color":"var(--ast-global-color-4)","background-image":"","background-repeat":"repeat","background-position":"center center","background-size":"auto","background-attachment":"scroll","background-type":"","background-media":"","overlay-type":"","overlay-color":"","overlay-opacity":"","overlay-gradient":""},"tablet":{"background-color":"","background-image":"","background-repeat":"repeat","background-position":"center center","background-size":"auto","background-attachment":"scroll","background-type":"","background-media":"","overlay-type":"","overlay-color":"","overlay-opacity":"","overlay-gradient":""},"mobile":{"background-color":"","background-image":"","background-repeat":"repeat","background-position":"center center","background-size":"auto","background-attachment":"scroll","background-type":"","background-media":"","overlay-type":"","overlay-color":"","overlay-opacity":"","overlay-gradient":""}},"ast-content-background-meta":{"desktop":{"background-color":"var(--ast-global-color-5)","background-image":"","background-repeat":"repeat","background-position":"center center","background-size":"auto","background-attachment":"scroll","background-type":"","background-media":"","overlay-type":"","overlay-color":"","overlay-opacity":"","overlay-gradient":""},"tablet":{"background-color":"var(--ast-global-color-5)","background-image":"","background-repeat":"repeat","background-position":"center center","background-size":"auto","background-attachment":"scroll","background-type":"","background-media":"","overlay-type":"","overlay-color":"","overlay-opacity":"","overlay-gradient":""},"mobile":{"background-color":"var(--ast-global-color-5)","background-image":"","background-repeat":"repeat","background-position":"center center","background-size":"auto","background-attachment":"scroll","background-type":"","background-media":"","overlay-type":"","overlay-color":"","overlay-opacity":"","overlay-gradient":""}},"footnotes":""},"class_list":["post-208900","page","type-page","status-publish","has-post-thumbnail","hentry"],"yoast_head":"<!-- This site is optimized with the Yoast SEO plugin v27.5 - https:\/\/yoast.com\/product\/yoast-seo-wordpress\/ -->\n<title>Services de traduction \u00e0 Detroit - Entreprise de traduction leader dans le Michigan - Trusted Translations, Inc.<\/title>\n<meta name=\"description\" content=\"Trusted Translation, Inc. D\u00e9troit, Michigan. Des services de traduction de qualit\u00e9 \u00e9prouv\u00e9e aux meilleurs tarifs. Demandez un devis gratuit ou une consultation. Contactez-nous d\u00e8s aujourd\u2019hui.\" \/>\n<meta name=\"robots\" content=\"index, follow, max-snippet:-1, max-image-preview:large, max-video-preview:-1\" \/>\n<link rel=\"canonical\" href=\"https:\/\/www.trustedtranslations.com\/fr\/entreprise\/contact\/detroit\" \/>\n<meta property=\"og:locale\" content=\"fr_FR\" \/>\n<meta property=\"og:type\" content=\"article\" \/>\n<meta property=\"og:title\" content=\"Services de traduction \u00e0 Detroit - Entreprise de traduction leader dans le Michigan - Trusted Translations, Inc.\" \/>\n<meta property=\"og:description\" content=\"Trusted Translation, Inc. D\u00e9troit, Michigan. Des services de traduction de qualit\u00e9 \u00e9prouv\u00e9e aux meilleurs tarifs. Demandez un devis gratuit ou une consultation. Contactez-nous d\u00e8s aujourd\u2019hui.\" \/>\n<meta property=\"og:url\" content=\"https:\/\/www.trustedtranslations.com\/fr\/entreprise\/contact\/detroit\" \/>\n<meta property=\"og:site_name\" content=\"Trusted Translations, Inc.\" \/>\n<meta property=\"article:publisher\" content=\"https:\/\/www.facebook.com\/Trusted.Translations\" \/>\n<meta property=\"article:modified_time\" content=\"2025-11-21T20:06:37+00:00\" \/>\n<meta property=\"og:image\" content=\"https:\/\/www.trustedtranslations.com\/wp-content\/uploads\/2022\/06\/tt-logo-2-1.webp\" \/>\n\t<meta property=\"og:image:width\" content=\"216\" \/>\n\t<meta property=\"og:image:height\" content=\"94\" \/>\n\t<meta property=\"og:image:type\" content=\"image\/webp\" \/>\n<meta name=\"twitter:card\" content=\"summary_large_image\" \/>\n<meta name=\"twitter:site\" content=\"@TrustedT9ns\" \/>\n<script type=\"application\/ld+json\" class=\"yoast-schema-graph\">{\"@context\":\"https:\\\/\\\/schema.org\",\"@graph\":[{\"@type\":\"WebPage\",\"@id\":\"https:\\\/\\\/www.trustedtranslations.com\\\/fr\\\/entreprise\\\/contact\\\/detroit\",\"url\":\"https:\\\/\\\/www.trustedtranslations.com\\\/fr\\\/entreprise\\\/contact\\\/detroit\",\"name\":\"Services de traduction \u00e0 Detroit - Entreprise de traduction leader dans le Michigan - Trusted Translations, Inc.\",\"isPartOf\":{\"@id\":\"https:\\\/\\\/www.trustedtranslations.com\\\/fr\\\/#website\"},\"primaryImageOfPage\":{\"@id\":\"https:\\\/\\\/www.trustedtranslations.com\\\/fr\\\/entreprise\\\/contact\\\/detroit#primaryimage\"},\"image\":{\"@id\":\"https:\\\/\\\/www.trustedtranslations.com\\\/fr\\\/entreprise\\\/contact\\\/detroit#primaryimage\"},\"thumbnailUrl\":\"\",\"description\":\"Trusted Translation, Inc. D\u00e9troit, Michigan. Des services de traduction de qualit\u00e9 \u00e9prouv\u00e9e aux meilleurs tarifs. Demandez un devis gratuit ou une consultation. Contactez-nous d\u00e8s aujourd\u2019hui.\",\"breadcrumb\":{\"@id\":\"https:\\\/\\\/www.trustedtranslations.com\\\/fr\\\/entreprise\\\/contact\\\/detroit#breadcrumb\"},\"inLanguage\":\"fr-FR\",\"potentialAction\":[{\"@type\":\"ReadAction\",\"target\":[\"https:\\\/\\\/www.trustedtranslations.com\\\/fr\\\/entreprise\\\/contact\\\/detroit\"]}]},{\"@type\":\"ImageObject\",\"inLanguage\":\"fr-FR\",\"@id\":\"https:\\\/\\\/www.trustedtranslations.com\\\/fr\\\/entreprise\\\/contact\\\/detroit#primaryimage\",\"url\":\"\",\"contentUrl\":\"\"},{\"@type\":\"BreadcrumbList\",\"@id\":\"https:\\\/\\\/www.trustedtranslations.com\\\/fr\\\/entreprise\\\/contact\\\/detroit#breadcrumb\",\"itemListElement\":[{\"@type\":\"ListItem\",\"position\":1,\"name\":\"Accueil\",\"item\":\"https:\\\/\\\/www.trustedtranslations.com\\\/fr\"},{\"@type\":\"ListItem\",\"position\":2,\"name\":\"Qui sommes-nous\u00a0?\",\"item\":\"https:\\\/\\\/www.trustedtranslations.com\\\/fr\\\/entreprise\"},{\"@type\":\"ListItem\",\"position\":3,\"name\":\"Contact\",\"item\":\"https:\\\/\\\/www.trustedtranslations.com\\\/fr\\\/entreprise\\\/contact\"},{\"@type\":\"ListItem\",\"position\":4,\"name\":\"D\u00e9troit\"}]},{\"@type\":\"WebSite\",\"@id\":\"https:\\\/\\\/www.trustedtranslations.com\\\/fr\\\/#website\",\"url\":\"https:\\\/\\\/www.trustedtranslations.com\\\/fr\\\/\",\"name\":\"Trusted Translations, Inc.\",\"description\":\"Leader in translation and interpretation services.\",\"publisher\":{\"@id\":\"https:\\\/\\\/www.trustedtranslations.com\\\/fr\\\/#organization\"},\"alternateName\":\"Trusted Translations\",\"potentialAction\":[{\"@type\":\"SearchAction\",\"target\":{\"@type\":\"EntryPoint\",\"urlTemplate\":\"https:\\\/\\\/www.trustedtranslations.com\\\/fr\\\/?s={search_term_string}\"},\"query-input\":{\"@type\":\"PropertyValueSpecification\",\"valueRequired\":true,\"valueName\":\"search_term_string\"}}],\"inLanguage\":\"fr-FR\"},{\"@type\":\"Organization\",\"@id\":\"https:\\\/\\\/www.trustedtranslations.com\\\/fr\\\/#organization\",\"name\":\"Trusted Translations\",\"alternateName\":\"Trusted Translations, Inc.\",\"url\":\"https:\\\/\\\/www.trustedtranslations.com\\\/fr\\\/\",\"logo\":{\"@type\":\"ImageObject\",\"inLanguage\":\"fr-FR\",\"@id\":\"https:\\\/\\\/www.trustedtranslations.com\\\/fr\\\/#\\\/schema\\\/logo\\\/image\\\/\",\"url\":\"https:\\\/\\\/static.trustedtranslations.com\\\/wp-content\\\/uploads\\\/2022\\\/01\\\/TT_logo_WSIColors-2.png\",\"contentUrl\":\"https:\\\/\\\/static.trustedtranslations.com\\\/wp-content\\\/uploads\\\/2022\\\/01\\\/TT_logo_WSIColors-2.png\",\"width\":500,\"height\":196,\"caption\":\"Trusted Translations\"},\"image\":{\"@id\":\"https:\\\/\\\/www.trustedtranslations.com\\\/fr\\\/#\\\/schema\\\/logo\\\/image\\\/\"},\"sameAs\":[\"https:\\\/\\\/www.facebook.com\\\/Trusted.Translations\",\"https:\\\/\\\/x.com\\\/TrustedT9ns\",\"https:\\\/\\\/www.linkedin.com\\\/company\\\/trusted-translations\"]}]}<\/script>\n<!-- \/ Yoast SEO plugin. -->","yoast_head_json":{"title":"Services de traduction \u00e0 Detroit - Entreprise de traduction leader dans le Michigan - Trusted Translations, Inc.","description":"Trusted Translation, Inc. D\u00e9troit, Michigan. Des services de traduction de qualit\u00e9 \u00e9prouv\u00e9e aux meilleurs tarifs. Demandez un devis gratuit ou une consultation. Contactez-nous d\u00e8s aujourd\u2019hui.","robots":{"index":"index","follow":"follow","max-snippet":"max-snippet:-1","max-image-preview":"max-image-preview:large","max-video-preview":"max-video-preview:-1"},"canonical":"https:\/\/www.trustedtranslations.com\/fr\/entreprise\/contact\/detroit","og_locale":"fr_FR","og_type":"article","og_title":"Services de traduction \u00e0 Detroit - Entreprise de traduction leader dans le Michigan - Trusted Translations, Inc.","og_description":"Trusted Translation, Inc. D\u00e9troit, Michigan. Des services de traduction de qualit\u00e9 \u00e9prouv\u00e9e aux meilleurs tarifs. Demandez un devis gratuit ou une consultation. Contactez-nous d\u00e8s aujourd\u2019hui.","og_url":"https:\/\/www.trustedtranslations.com\/fr\/entreprise\/contact\/detroit","og_site_name":"Trusted Translations, Inc.","article_publisher":"https:\/\/www.facebook.com\/Trusted.Translations","article_modified_time":"2025-11-21T20:06:37+00:00","og_image":[{"width":216,"height":94,"url":"https:\/\/www.trustedtranslations.com\/wp-content\/uploads\/2022\/06\/tt-logo-2-1.webp","type":"image\/webp"}],"twitter_card":"summary_large_image","twitter_site":"@TrustedT9ns","schema":{"@context":"https:\/\/schema.org","@graph":[{"@type":"WebPage","@id":"https:\/\/www.trustedtranslations.com\/fr\/entreprise\/contact\/detroit","url":"https:\/\/www.trustedtranslations.com\/fr\/entreprise\/contact\/detroit","name":"Services de traduction \u00e0 Detroit - Entreprise de traduction leader dans le Michigan - Trusted Translations, Inc.","isPartOf":{"@id":"https:\/\/www.trustedtranslations.com\/fr\/#website"},"primaryImageOfPage":{"@id":"https:\/\/www.trustedtranslations.com\/fr\/entreprise\/contact\/detroit#primaryimage"},"image":{"@id":"https:\/\/www.trustedtranslations.com\/fr\/entreprise\/contact\/detroit#primaryimage"},"thumbnailUrl":"","description":"Trusted Translation, Inc. D\u00e9troit, Michigan. Des services de traduction de qualit\u00e9 \u00e9prouv\u00e9e aux meilleurs tarifs. Demandez un devis gratuit ou une consultation. Contactez-nous d\u00e8s aujourd\u2019hui.","breadcrumb":{"@id":"https:\/\/www.trustedtranslations.com\/fr\/entreprise\/contact\/detroit#breadcrumb"},"inLanguage":"fr-FR","potentialAction":[{"@type":"ReadAction","target":["https:\/\/www.trustedtranslations.com\/fr\/entreprise\/contact\/detroit"]}]},{"@type":"ImageObject","inLanguage":"fr-FR","@id":"https:\/\/www.trustedtranslations.com\/fr\/entreprise\/contact\/detroit#primaryimage","url":"","contentUrl":""},{"@type":"BreadcrumbList","@id":"https:\/\/www.trustedtranslations.com\/fr\/entreprise\/contact\/detroit#breadcrumb","itemListElement":[{"@type":"ListItem","position":1,"name":"Accueil","item":"https:\/\/www.trustedtranslations.com\/fr"},{"@type":"ListItem","position":2,"name":"Qui sommes-nous\u00a0?","item":"https:\/\/www.trustedtranslations.com\/fr\/entreprise"},{"@type":"ListItem","position":3,"name":"Contact","item":"https:\/\/www.trustedtranslations.com\/fr\/entreprise\/contact"},{"@type":"ListItem","position":4,"name":"D\u00e9troit"}]},{"@type":"WebSite","@id":"https:\/\/www.trustedtranslations.com\/fr\/#website","url":"https:\/\/www.trustedtranslations.com\/fr\/","name":"Trusted Translations, Inc.","description":"Leader in translation and interpretation services.","publisher":{"@id":"https:\/\/www.trustedtranslations.com\/fr\/#organization"},"alternateName":"Trusted Translations","potentialAction":[{"@type":"SearchAction","target":{"@type":"EntryPoint","urlTemplate":"https:\/\/www.trustedtranslations.com\/fr\/?s={search_term_string}"},"query-input":{"@type":"PropertyValueSpecification","valueRequired":true,"valueName":"search_term_string"}}],"inLanguage":"fr-FR"},{"@type":"Organization","@id":"https:\/\/www.trustedtranslations.com\/fr\/#organization","name":"Trusted Translations","alternateName":"Trusted Translations, Inc.","url":"https:\/\/www.trustedtranslations.com\/fr\/","logo":{"@type":"ImageObject","inLanguage":"fr-FR","@id":"https:\/\/www.trustedtranslations.com\/fr\/#\/schema\/logo\/image\/","url":"https:\/\/static.trustedtranslations.com\/wp-content\/uploads\/2022\/01\/TT_logo_WSIColors-2.png","contentUrl":"https:\/\/static.trustedtranslations.com\/wp-content\/uploads\/2022\/01\/TT_logo_WSIColors-2.png","width":500,"height":196,"caption":"Trusted Translations"},"image":{"@id":"https:\/\/www.trustedtranslations.com\/fr\/#\/schema\/logo\/image\/"},"sameAs":["https:\/\/www.facebook.com\/Trusted.Translations","https:\/\/x.com\/TrustedT9ns","https:\/\/www.linkedin.com\/company\/trusted-translations"]}]}},"toolset-meta":{"dyk":{"mensaje-1":{"type":"textfield","raw":"Detroit est reconnue comme la capitale mondiale de l\u2019automobile."},"mensaje-2":{"type":"textfield","raw":"Le point de passage Detroit-Windsor est le point de passage international le plus fr\u00e9quent\u00e9 des \u00c9tats-Unis."},"mensaje-3":{"type":"textfield","raw":"D\u00e9troit a \u00e9t\u00e9 la premi\u00e8re ville am\u00e9ricaine \u00e0 \u00eatre nomm\u00e9e \u00ab\u00a0City of Design\u00a0\u00bb par l\u2019UNESCO."},"mensaje-4":{"type":"textfield","raw":"D\u00e9troit poss\u00e8de le 2e plus grand quartier des th\u00e9\u00e2tres du pays, apr\u00e8s New York."},"mensaje-5":{"type":"textfield","raw":""},"mensaje-6":{"type":"textfield","raw":""}},"single-page-template-fields":{"imgs-temp":{"type":"image","raw":["https:\/\/static.trustedtranslations.com\/wp-content\/uploads\/2024\/05\/Group-131-5.webp"],"repeatable":[{"raw":"https:\/\/static.trustedtranslations.com\/wp-content\/uploads\/2024\/05\/Group-131-5.webp"}]},"imgs-temp-cel":{"type":"image","raw":[""],"repeatable":[{"raw":""}]},"img-temp-one-cel":{"type":"image","raw":"https:\/\/static.trustedtranslations.com\/wp-content\/uploads\/2024\/05\/Detroit-scaled-1.webp","attachment_id":null},"quotes":{"type":"textarea","raw":"<h1 style=\"margin-bottom:12px\">Services de traduction \u00e0 D\u00e9troit<\/h1>\r\n<p>\r\n    <a style=\"color: #2a2a2a; text-decoration: none;\" href=\"https:\/\/goo.gl\/maps\/oPM7YC4YS1bW8jCG9?coh=178572&entry=tt\"><i class=\"fa fa-map-pin\"><\/i>  11000 W McNichols Rd\r\n        Suite 323\r\n        Detroit, MI 48221\r\n        United States<\/a>\r\n    <a style=\"color: #2a2a2a; text-decoration: none;\" href=\"tel:+13139181731\"><i class=\"fa fa-phone\"><\/i> +1 (313) 918-1731<\/a>\r\n    <a style=\"color: #2a2a2a; text-decoration: none;\" href=\"mailto:detroit@trustedtranslations.com\"><i class=\"fa fa-envelope\"><\/i>detroit@trustedtranslations.com<\/a>\r\n<\/p>\r\n<div style=\"margin-top: 2.5vw;\"><a class=\"tt-btn-main-cta\" href=\"#tree-form\">Demandez un devis gratuit<\/a><\/div>"},"text-1":{"type":"textarea","raw":"<h2>Carte de la succursale de D\u00e9troit<\/h2>"},"shortcode-map":{"type":"textfield","raw":"[mostrar_mapa url=\"https:\/\/www.google.com\/maps\/embed?pb=!1m18!1m12!1m3!1d2945.506745141784!2d-83.17209972489667!3d42.416947431507104!2m3!1f0!2f0!3f0!3m2!1i1024!2i768!4f13.1!3m3!1m2!1s0x8824cbf9efea256d%3A0x1d0e6a93eb004d67!2sWEST%20McNICHOLS%20BLDG.%2C%2011000%20W%20McNichols%20Rd%20%23%20323%2C%20Detroit%2C%20MI%2048221%2C%20EE.%20UU.!5e0!3m2!1ses-419!2sar!4v1685115277894!5m2!1ses-419!2sar\" width=\"600px\" height=\"450px\"]"},"dyk-shortcode":{"type":"textfield","raw":"[elementor-template id=\"146546\"]"},"text-2":{"type":"textarea","raw":"<h2>Services de traduction professionnelle \u00e0 D\u00e9troit<\/h2>\r\n<img class=\"alignright wp-image-206995 size-full\" src=\"https:\/\/static.trustedtranslations.com\/wp-content\/uploads\/2023\/05\/shutterstock_527158600.jpg\" alt=\"\" width=\"500\" height=\"334\" \/>\r\n\r\nLongtemps r\u00e9put\u00e9 pour \u00eatre le centre de l\u2019industrie automobile mondiale, le secteur <a href=\"https:\/\/www.trustedtranslations.com\/fr\/domaines\/fabrication-industrielle\">manufacturier<\/a> de D\u00e9troit a \u00e9galement aliment\u00e9 une croissance significative dans les domaines de l\u2019\u00e9nergie, de la recherche et du d\u00e9veloppement, des <a href=\"https:\/\/www.trustedtranslations.com\/fr\/domaines\/logiciels\">logiciels<\/a> et des <a href=\"https:\/\/www.trustedtranslations.com\/fr\/domaines\/technique\">technologies<\/a>, ainsi que de la <a href=\"https:\/\/www.trustedtranslations.com\/fr\/domaines\/finance\">finance<\/a>, en particulier des services de comptabilit\u00e9. En tant que fournisseur exp\u00e9riment\u00e9 de traductions commerciales et industrielles, <strong><em>Trusted Translations <\/em><\/strong> a \u00e9tabli des partenariats avec certaines des <a href=\"https:\/\/www.trustedtranslations.com\/fr\/domaines\/entreprises\">meilleures entreprises<\/a> de la r\u00e9gion de D\u00e9troit, notamment CMO Marketing Solutions, The Henry Ford Museum, LIFE Leadership, Filtra-Systems Co, American Institute for Preventive Medicine et Champion Home Builders Inc.\r\n\r\n<strong><em>Trusted Translations <\/em><\/strong>est exp\u00e9riment\u00e9 pour r\u00e9pondre aux besoins en langues locales des nombreuses enclaves ethniques de D\u00e9troit. Aujourd\u2019hui, les langues \u00e9trang\u00e8res les plus parl\u00e9es \u00e0 D\u00e9troit sont l\u2019<a href=\"https:\/\/www.trustedtranslations.com\/fr\/langues\/arabe\">arabe<\/a> et l\u2019<a href=\"https:\/\/www.trustedtranslations.com\/fr\/langues\/espagnol\/anglais-vers-l-espagnol\">espagnol<\/a>. L\u2019arabe est la langue non anglaise la plus populaire de l\u2019\u00c9tat du Michigan, avec environ 300\u00a0000 \u00e0 350\u00a0000\u00a0Am\u00e9ricains d\u2019origine arabe r\u00e9sidant dans l\u2019agglom\u00e9ration de D\u00e9troit. En ce qui concerne l\u2019espagnol, la majorit\u00e9 des hispanophones de D\u00e9troit sont d\u2019origine <a href=\"https:\/\/www.trustedtranslations.com\/fr\/langues\/espagnol\/caracteristiques\/espagnol-latino-americain\">mexicaine<\/a>. D\u00e9troit compte \u00e9galement des milliers de locuteurs <a href=\"https:\/\/www.trustedtranslations.com\/fr\/langues\/hindi\">Hindi<\/a> et <a href=\"https:\/\/www.trustedtranslations.com\/fr\/langues\/chinois\">Chinois<\/a>, ainsi que la troisi\u00e8me plus grande communaut\u00e9 <a href=\"https:\/\/www.trustedtranslations.com\/fr\/langues\/bengali\">Banglado-Am\u00e9ricaine<\/a> du pays et la plus grande communaut\u00e9 albanaise en dehors de l\u2019Europe.\r\n<h2 style=\"margin-bottom:20px\">\u00c0 propos de la ville de D\u00e9troit<\/h2>\r\nD\u00e9troit a b\u00e9n\u00e9fici\u00e9 d\u2019une reprise r\u00e9cente et continue de la croissance de l\u2019emploi et des investissements, en particulier dans son centre-ville. La r\u00e9gion m\u00e9tropolitaine de D\u00e9troit, qui comprend Warren et Dearborn, compte plus de 4,29\u00a0millions d\u2019habitants. D\u00e9troit se trouve \u00e0 moins de trois kilom\u00e8tres de la fronti\u00e8re canadienne et abrite \u00e9galement l\u2019a\u00e9roport m\u00e9tropolitain de D\u00e9troit, une plate-forme internationale de Delta Airlines."},"state":{"type":"textfield","raw":""},"city":{"type":"textarea","raw":[""]}}},"_links":{"self":[{"href":"https:\/\/www.trustedtranslations.com\/fr\/wp-json\/wp\/v2\/pages\/208900","targetHints":{"allow":["GET"]}}],"collection":[{"href":"https:\/\/www.trustedtranslations.com\/fr\/wp-json\/wp\/v2\/pages"}],"about":[{"href":"https:\/\/www.trustedtranslations.com\/fr\/wp-json\/wp\/v2\/types\/page"}],"author":[{"embeddable":true,"href":"https:\/\/www.trustedtranslations.com\/fr\/wp-json\/wp\/v2\/users\/1"}],"replies":[{"embeddable":true,"href":"https:\/\/www.trustedtranslations.com\/fr\/wp-json\/wp\/v2\/comments?post=208900"}],"version-history":[{"count":0,"href":"https:\/\/www.trustedtranslations.com\/fr\/wp-json\/wp\/v2\/pages\/208900\/revisions"}],"up":[{"embeddable":true,"href":"https:\/\/www.trustedtranslations.com\/fr\/wp-json\/wp\/v2\/pages\/128932"}],"wp:featuredmedia":[{"embeddable":true,"href":"https:\/\/www.trustedtranslations.com\/fr\/wp-json\/"}],"wp:attachment":[{"href":"https:\/\/www.trustedtranslations.com\/fr\/wp-json\/wp\/v2\/media?parent=208900"}],"curies":[{"name":"wp","href":"https:\/\/api.w.org\/{rel}","templated":true}]}}