{"id":208904,"date":"2023-06-06T14:34:04","date_gmt":"2023-06-06T17:34:04","guid":{"rendered":"https:\/\/www.trustedtranslations.com\/?page_id=208904"},"modified":"2025-11-21T12:20:59","modified_gmt":"2025-11-21T15:20:59","slug":"san-francisco","status":"publish","type":"page","link":"https:\/\/www.trustedtranslations.com\/fr\/entreprise\/contact\/san-francisco","title":{"rendered":"San Fransisco"},"content":{"rendered":"","protected":false},"excerpt":{"rendered":"","protected":false},"author":1,"featured_media":210279,"parent":128932,"menu_order":0,"comment_status":"closed","ping_status":"closed","template":"","meta":{"site-sidebar-layout":"no-sidebar","site-content-layout":"page-builder","ast-site-content-layout":"full-width-container","site-content-style":"unboxed","site-sidebar-style":"unboxed","ast-global-header-display":"","ast-banner-title-visibility":"","ast-main-header-display":"","ast-hfb-above-header-display":"","ast-hfb-below-header-display":"","ast-hfb-mobile-header-display":"","site-post-title":"disabled","ast-breadcrumbs-content":"","ast-featured-img":"disabled","footer-sml-layout":"","ast-disable-related-posts":"","theme-transparent-header-meta":"default","adv-header-id-meta":"","stick-header-meta":"","header-above-stick-meta":"","header-main-stick-meta":"","header-below-stick-meta":"","astra-migrate-meta-layouts":"set","ast-page-background-enabled":"default","ast-page-background-meta":{"desktop":{"background-color":"var(--ast-global-color-4)","background-image":"","background-repeat":"repeat","background-position":"center center","background-size":"auto","background-attachment":"scroll","background-type":"","background-media":"","overlay-type":"","overlay-color":"","overlay-opacity":"","overlay-gradient":""},"tablet":{"background-color":"","background-image":"","background-repeat":"repeat","background-position":"center center","background-size":"auto","background-attachment":"scroll","background-type":"","background-media":"","overlay-type":"","overlay-color":"","overlay-opacity":"","overlay-gradient":""},"mobile":{"background-color":"","background-image":"","background-repeat":"repeat","background-position":"center center","background-size":"auto","background-attachment":"scroll","background-type":"","background-media":"","overlay-type":"","overlay-color":"","overlay-opacity":"","overlay-gradient":""}},"ast-content-background-meta":{"desktop":{"background-color":"var(--ast-global-color-5)","background-image":"","background-repeat":"repeat","background-position":"center center","background-size":"auto","background-attachment":"scroll","background-type":"","background-media":"","overlay-type":"","overlay-color":"","overlay-opacity":"","overlay-gradient":""},"tablet":{"background-color":"var(--ast-global-color-5)","background-image":"","background-repeat":"repeat","background-position":"center center","background-size":"auto","background-attachment":"scroll","background-type":"","background-media":"","overlay-type":"","overlay-color":"","overlay-opacity":"","overlay-gradient":""},"mobile":{"background-color":"var(--ast-global-color-5)","background-image":"","background-repeat":"repeat","background-position":"center center","background-size":"auto","background-attachment":"scroll","background-type":"","background-media":"","overlay-type":"","overlay-color":"","overlay-opacity":"","overlay-gradient":""}},"footnotes":""},"class_list":["post-208904","page","type-page","status-publish","has-post-thumbnail","hentry"],"yoast_head":"<!-- This site is optimized with the Yoast SEO plugin v27.5 - https:\/\/yoast.com\/product\/yoast-seo-wordpress\/ -->\n<title>Services de traduction \u00e0 San Francisco - Entreprise de traduction leader en Californie - Trusted Translations, Inc.<\/title>\n<meta name=\"description\" content=\"Trusted Translation, Inc. San Francisco, Californie. Des services de traduction de qualit\u00e9 \u00e9prouv\u00e9e aux meilleurs tarifs. Demandez un devis gratuit ou une consultation. Contactez-nous d\u00e8s aujourd\u2019hui.\" \/>\n<meta name=\"robots\" content=\"index, follow, max-snippet:-1, max-image-preview:large, max-video-preview:-1\" \/>\n<link rel=\"canonical\" href=\"https:\/\/www.trustedtranslations.com\/fr\/entreprise\/contact\/san-francisco\" \/>\n<meta property=\"og:locale\" content=\"fr_FR\" \/>\n<meta property=\"og:type\" content=\"article\" \/>\n<meta property=\"og:title\" content=\"Services de traduction \u00e0 San Francisco - Entreprise de traduction leader en Californie - Trusted Translations, Inc.\" \/>\n<meta property=\"og:description\" content=\"Trusted Translation, Inc. San Francisco, Californie. Des services de traduction de qualit\u00e9 \u00e9prouv\u00e9e aux meilleurs tarifs. Demandez un devis gratuit ou une consultation. Contactez-nous d\u00e8s aujourd\u2019hui.\" \/>\n<meta property=\"og:url\" content=\"https:\/\/www.trustedtranslations.com\/fr\/entreprise\/contact\/san-francisco\" \/>\n<meta property=\"og:site_name\" content=\"Trusted Translations, Inc.\" \/>\n<meta property=\"article:publisher\" content=\"https:\/\/www.facebook.com\/Trusted.Translations\" \/>\n<meta property=\"article:modified_time\" content=\"2025-11-21T15:20:59+00:00\" \/>\n<meta property=\"og:image\" content=\"https:\/\/www.trustedtranslations.com\/wp-content\/uploads\/2022\/06\/tt-logo-2-1.webp\" \/>\n\t<meta property=\"og:image:width\" content=\"216\" \/>\n\t<meta property=\"og:image:height\" content=\"94\" \/>\n\t<meta property=\"og:image:type\" content=\"image\/webp\" \/>\n<meta name=\"twitter:card\" content=\"summary_large_image\" \/>\n<meta name=\"twitter:site\" content=\"@TrustedT9ns\" \/>\n<script type=\"application\/ld+json\" class=\"yoast-schema-graph\">{\"@context\":\"https:\\\/\\\/schema.org\",\"@graph\":[{\"@type\":\"WebPage\",\"@id\":\"https:\\\/\\\/www.trustedtranslations.com\\\/fr\\\/entreprise\\\/contact\\\/san-francisco\",\"url\":\"https:\\\/\\\/www.trustedtranslations.com\\\/fr\\\/entreprise\\\/contact\\\/san-francisco\",\"name\":\"Services de traduction \u00e0 San Francisco - Entreprise de traduction leader en Californie - Trusted Translations, Inc.\",\"isPartOf\":{\"@id\":\"https:\\\/\\\/www.trustedtranslations.com\\\/fr\\\/#website\"},\"primaryImageOfPage\":{\"@id\":\"https:\\\/\\\/www.trustedtranslations.com\\\/fr\\\/entreprise\\\/contact\\\/san-francisco#primaryimage\"},\"image\":{\"@id\":\"https:\\\/\\\/www.trustedtranslations.com\\\/fr\\\/entreprise\\\/contact\\\/san-francisco#primaryimage\"},\"thumbnailUrl\":\"\",\"description\":\"Trusted Translation, Inc. San Francisco, Californie. Des services de traduction de qualit\u00e9 \u00e9prouv\u00e9e aux meilleurs tarifs. Demandez un devis gratuit ou une consultation. Contactez-nous d\u00e8s aujourd\u2019hui.\",\"breadcrumb\":{\"@id\":\"https:\\\/\\\/www.trustedtranslations.com\\\/fr\\\/entreprise\\\/contact\\\/san-francisco#breadcrumb\"},\"inLanguage\":\"fr-FR\",\"potentialAction\":[{\"@type\":\"ReadAction\",\"target\":[\"https:\\\/\\\/www.trustedtranslations.com\\\/fr\\\/entreprise\\\/contact\\\/san-francisco\"]}]},{\"@type\":\"ImageObject\",\"inLanguage\":\"fr-FR\",\"@id\":\"https:\\\/\\\/www.trustedtranslations.com\\\/fr\\\/entreprise\\\/contact\\\/san-francisco#primaryimage\",\"url\":\"\",\"contentUrl\":\"\"},{\"@type\":\"BreadcrumbList\",\"@id\":\"https:\\\/\\\/www.trustedtranslations.com\\\/fr\\\/entreprise\\\/contact\\\/san-francisco#breadcrumb\",\"itemListElement\":[{\"@type\":\"ListItem\",\"position\":1,\"name\":\"Accueil\",\"item\":\"https:\\\/\\\/www.trustedtranslations.com\\\/fr\"},{\"@type\":\"ListItem\",\"position\":2,\"name\":\"Qui sommes-nous\u00a0?\",\"item\":\"https:\\\/\\\/www.trustedtranslations.com\\\/fr\\\/entreprise\"},{\"@type\":\"ListItem\",\"position\":3,\"name\":\"Contact\",\"item\":\"https:\\\/\\\/www.trustedtranslations.com\\\/fr\\\/entreprise\\\/contact\"},{\"@type\":\"ListItem\",\"position\":4,\"name\":\"San Fransisco\"}]},{\"@type\":\"WebSite\",\"@id\":\"https:\\\/\\\/www.trustedtranslations.com\\\/fr\\\/#website\",\"url\":\"https:\\\/\\\/www.trustedtranslations.com\\\/fr\\\/\",\"name\":\"Trusted Translations, Inc.\",\"description\":\"Leader in translation and interpretation services.\",\"publisher\":{\"@id\":\"https:\\\/\\\/www.trustedtranslations.com\\\/fr\\\/#organization\"},\"alternateName\":\"Trusted Translations\",\"potentialAction\":[{\"@type\":\"SearchAction\",\"target\":{\"@type\":\"EntryPoint\",\"urlTemplate\":\"https:\\\/\\\/www.trustedtranslations.com\\\/fr\\\/?s={search_term_string}\"},\"query-input\":{\"@type\":\"PropertyValueSpecification\",\"valueRequired\":true,\"valueName\":\"search_term_string\"}}],\"inLanguage\":\"fr-FR\"},{\"@type\":\"Organization\",\"@id\":\"https:\\\/\\\/www.trustedtranslations.com\\\/fr\\\/#organization\",\"name\":\"Trusted Translations\",\"alternateName\":\"Trusted Translations, Inc.\",\"url\":\"https:\\\/\\\/www.trustedtranslations.com\\\/fr\\\/\",\"logo\":{\"@type\":\"ImageObject\",\"inLanguage\":\"fr-FR\",\"@id\":\"https:\\\/\\\/www.trustedtranslations.com\\\/fr\\\/#\\\/schema\\\/logo\\\/image\\\/\",\"url\":\"https:\\\/\\\/static.trustedtranslations.com\\\/wp-content\\\/uploads\\\/2022\\\/01\\\/TT_logo_WSIColors-2.png\",\"contentUrl\":\"https:\\\/\\\/static.trustedtranslations.com\\\/wp-content\\\/uploads\\\/2022\\\/01\\\/TT_logo_WSIColors-2.png\",\"width\":500,\"height\":196,\"caption\":\"Trusted Translations\"},\"image\":{\"@id\":\"https:\\\/\\\/www.trustedtranslations.com\\\/fr\\\/#\\\/schema\\\/logo\\\/image\\\/\"},\"sameAs\":[\"https:\\\/\\\/www.facebook.com\\\/Trusted.Translations\",\"https:\\\/\\\/x.com\\\/TrustedT9ns\",\"https:\\\/\\\/www.linkedin.com\\\/company\\\/trusted-translations\"]}]}<\/script>\n<!-- \/ Yoast SEO plugin. -->","yoast_head_json":{"title":"Services de traduction \u00e0 San Francisco - Entreprise de traduction leader en Californie - Trusted Translations, Inc.","description":"Trusted Translation, Inc. San Francisco, Californie. Des services de traduction de qualit\u00e9 \u00e9prouv\u00e9e aux meilleurs tarifs. Demandez un devis gratuit ou une consultation. Contactez-nous d\u00e8s aujourd\u2019hui.","robots":{"index":"index","follow":"follow","max-snippet":"max-snippet:-1","max-image-preview":"max-image-preview:large","max-video-preview":"max-video-preview:-1"},"canonical":"https:\/\/www.trustedtranslations.com\/fr\/entreprise\/contact\/san-francisco","og_locale":"fr_FR","og_type":"article","og_title":"Services de traduction \u00e0 San Francisco - Entreprise de traduction leader en Californie - Trusted Translations, Inc.","og_description":"Trusted Translation, Inc. San Francisco, Californie. Des services de traduction de qualit\u00e9 \u00e9prouv\u00e9e aux meilleurs tarifs. Demandez un devis gratuit ou une consultation. Contactez-nous d\u00e8s aujourd\u2019hui.","og_url":"https:\/\/www.trustedtranslations.com\/fr\/entreprise\/contact\/san-francisco","og_site_name":"Trusted Translations, Inc.","article_publisher":"https:\/\/www.facebook.com\/Trusted.Translations","article_modified_time":"2025-11-21T15:20:59+00:00","og_image":[{"width":216,"height":94,"url":"https:\/\/www.trustedtranslations.com\/wp-content\/uploads\/2022\/06\/tt-logo-2-1.webp","type":"image\/webp"}],"twitter_card":"summary_large_image","twitter_site":"@TrustedT9ns","schema":{"@context":"https:\/\/schema.org","@graph":[{"@type":"WebPage","@id":"https:\/\/www.trustedtranslations.com\/fr\/entreprise\/contact\/san-francisco","url":"https:\/\/www.trustedtranslations.com\/fr\/entreprise\/contact\/san-francisco","name":"Services de traduction \u00e0 San Francisco - Entreprise de traduction leader en Californie - Trusted Translations, Inc.","isPartOf":{"@id":"https:\/\/www.trustedtranslations.com\/fr\/#website"},"primaryImageOfPage":{"@id":"https:\/\/www.trustedtranslations.com\/fr\/entreprise\/contact\/san-francisco#primaryimage"},"image":{"@id":"https:\/\/www.trustedtranslations.com\/fr\/entreprise\/contact\/san-francisco#primaryimage"},"thumbnailUrl":"","description":"Trusted Translation, Inc. San Francisco, Californie. Des services de traduction de qualit\u00e9 \u00e9prouv\u00e9e aux meilleurs tarifs. Demandez un devis gratuit ou une consultation. Contactez-nous d\u00e8s aujourd\u2019hui.","breadcrumb":{"@id":"https:\/\/www.trustedtranslations.com\/fr\/entreprise\/contact\/san-francisco#breadcrumb"},"inLanguage":"fr-FR","potentialAction":[{"@type":"ReadAction","target":["https:\/\/www.trustedtranslations.com\/fr\/entreprise\/contact\/san-francisco"]}]},{"@type":"ImageObject","inLanguage":"fr-FR","@id":"https:\/\/www.trustedtranslations.com\/fr\/entreprise\/contact\/san-francisco#primaryimage","url":"","contentUrl":""},{"@type":"BreadcrumbList","@id":"https:\/\/www.trustedtranslations.com\/fr\/entreprise\/contact\/san-francisco#breadcrumb","itemListElement":[{"@type":"ListItem","position":1,"name":"Accueil","item":"https:\/\/www.trustedtranslations.com\/fr"},{"@type":"ListItem","position":2,"name":"Qui sommes-nous\u00a0?","item":"https:\/\/www.trustedtranslations.com\/fr\/entreprise"},{"@type":"ListItem","position":3,"name":"Contact","item":"https:\/\/www.trustedtranslations.com\/fr\/entreprise\/contact"},{"@type":"ListItem","position":4,"name":"San Fransisco"}]},{"@type":"WebSite","@id":"https:\/\/www.trustedtranslations.com\/fr\/#website","url":"https:\/\/www.trustedtranslations.com\/fr\/","name":"Trusted Translations, Inc.","description":"Leader in translation and interpretation services.","publisher":{"@id":"https:\/\/www.trustedtranslations.com\/fr\/#organization"},"alternateName":"Trusted Translations","potentialAction":[{"@type":"SearchAction","target":{"@type":"EntryPoint","urlTemplate":"https:\/\/www.trustedtranslations.com\/fr\/?s={search_term_string}"},"query-input":{"@type":"PropertyValueSpecification","valueRequired":true,"valueName":"search_term_string"}}],"inLanguage":"fr-FR"},{"@type":"Organization","@id":"https:\/\/www.trustedtranslations.com\/fr\/#organization","name":"Trusted Translations","alternateName":"Trusted Translations, Inc.","url":"https:\/\/www.trustedtranslations.com\/fr\/","logo":{"@type":"ImageObject","inLanguage":"fr-FR","@id":"https:\/\/www.trustedtranslations.com\/fr\/#\/schema\/logo\/image\/","url":"https:\/\/static.trustedtranslations.com\/wp-content\/uploads\/2022\/01\/TT_logo_WSIColors-2.png","contentUrl":"https:\/\/static.trustedtranslations.com\/wp-content\/uploads\/2022\/01\/TT_logo_WSIColors-2.png","width":500,"height":196,"caption":"Trusted Translations"},"image":{"@id":"https:\/\/www.trustedtranslations.com\/fr\/#\/schema\/logo\/image\/"},"sameAs":["https:\/\/www.facebook.com\/Trusted.Translations","https:\/\/x.com\/TrustedT9ns","https:\/\/www.linkedin.com\/company\/trusted-translations"]}]}},"toolset-meta":{"dyk":{"mensaje-1":{"type":"textfield","raw":"Google a choisi Trusted Translations pour la localisation des applications Android de ses d\u00e9veloppeurs."},"mensaje-2":{"type":"textfield","raw":"Google est devenu l\u2019un de nos principaux clients au cours des dix derni\u00e8res ann\u00e9es."},"mensaje-3":{"type":"textfield","raw":"Le temps brumeux de San Francisco est tellement c\u00e9l\u00e8bre qu\u2019il a son propre nom (Karl) et ses propres comptes sur les r\u00e9seaux sociaux."},"mensaje-4":{"type":"textfield","raw":"Plus de 160 langues sont parl\u00e9es dans toute la r\u00e9gion de la baie de San Francisco."},"mensaje-5":{"type":"textfield","raw":""},"mensaje-6":{"type":"textfield","raw":""}},"single-page-template-fields":{"imgs-temp":{"type":"image","raw":["https:\/\/static.trustedtranslations.com\/wp-content\/uploads\/2024\/05\/Group-131-8.webp"],"repeatable":[{"raw":"https:\/\/static.trustedtranslations.com\/wp-content\/uploads\/2024\/05\/Group-131-8.webp"}]},"imgs-temp-cel":{"type":"image","raw":[""],"repeatable":[{"raw":""}]},"img-temp-one-cel":{"type":"image","raw":"https:\/\/static.trustedtranslations.com\/wp-content\/uploads\/2024\/05\/san-francisco.webp","attachment_id":null},"quotes":{"type":"textarea","raw":"<h1 style=\"margin-bottom:12px\">Services de traduction \u00e0 San Francisco<\/h1>\r\n<p>\r\n    <a style=\"color: #2a2a2a; text-decoration: none;\" href=\"https:\/\/goo.gl\/maps\/KjzQxUTNEZoYG45o9\"><i class=\"fa fa-map-pin\"><\/i> 580 California St,\r\n        12th & 16th Floors,\r\n        San Francisco, CA 94104,\r\n        United States<\/a>\r\n    <a style=\"color: #2a2a2a; text-decoration: none;\" href=\"tel:+14159925259\"><i class=\"fa fa-phone\"><\/i> +1 (415) 992-5259<\/a>\r\n    <a style=\"color: #2a2a2a; text-decoration: none;\" href=\"mailto:sanfrancisco@trustedtranslations.com\"><i class=\"fa fa-envelope\"><\/i>sanfrancisco@trustedtranslations.com<\/a>\r\n<\/p>\r\n<div style=\"margin-top: 2.5vw;\"><a class=\"tt-btn-main-cta\" href=\"#tree-form\">Demandez un devis gratuit<\/a><\/div>"},"text-1":{"type":"textarea","raw":"<h2>Carte de la succursale de San Francisco<\/h2>"},"shortcode-map":{"type":"textfield","raw":"[mostrar_mapa url=\"https:\/\/www.google.com\/maps\/embed?pb=!1m18!1m12!1m3!1d3152.8736551596357!2d-122.40669352521518!3d37.793000611111665!2m3!1f0!2f0!3f0!3m2!1i1024!2i768!4f13.1!3m3!1m2!1s0x8085808a52e9373d%3A0x9c2dff1cdf2bd440!2s580%20California%20Street%2C%20580%20California%20St%2C%20San%20Francisco%2C%20CA%2094104%2C%20EE.%20UU.!5e0!3m2!1ses-419!2sar!4v1690561333930!5m2!1ses-419!2sar\" width=\"600px\" height=\"450px\"]"},"dyk-shortcode":{"type":"textfield","raw":"[elementor-template id=\"146546\"]"},"text-2":{"type":"textarea","raw":"<h2>Services de traduction professionnelle \u00e0 San Francisco<\/h2>\r\n<img class=\"alignright wp-image-207196 size-full\" src=\"https:\/\/static.trustedtranslations.com\/wp-content\/uploads\/2023\/05\/san-francisco-2.jpg\" alt=\"\" width=\"500\" height=\"334\" \/>\r\n\r\nSan Francisco est l\u2019un des centres financiers et culturels de la c\u00f4te ouest. Parmi les nombreuses industries florissantes de la ville figurent les technologies de l\u2019information et les <a href=\"https:\/\/www.trustedtranslations.com\/fr\/domaines\/logiciels\">logiciels<\/a>, les <a href=\"https:\/\/www.trustedtranslations.com\/fr\/domaines\/medias\">m\u00e9dias num\u00e9riques<\/a>, les sciences de la vie et la biotechnologie, la banque d\u2019investissement, le tourisme et le <a href=\"https:\/\/www.trustedtranslations.com\/fr\/domaines\/entreprises\">commerce<\/a> international. Leader dans le domaine des traductions <a href=\"https:\/\/www.trustedtranslations.com\/fr\/domaines\/finance\">financi\u00e8res<\/a> et <a href=\"https:\/\/www.trustedtranslations.com\/fr\/domaines\/technique\">techniques<\/a>, <strong><em>Trusted Translations<\/em><\/strong> a travaill\u00e9 en partenariat avec certaines des plus grandes entreprises de la r\u00e9gion m\u00e9tropolitaine de San Francisco, telles que DIRECTV Latin America, Retrotope Inc, Quantum Corporation, City of Santa Cruz, Stanislaus County Sheriff Department, Taylor Farms, CamelBak Products LLC, et Walters & Wolf, pour n\u2019en citer que quelques-unes.\r\n\r\nSan Francisco est l\u2019une des r\u00e9gions les plus <a href=\"https:\/\/www.trustedtranslations.com\/fr\/langues\/multilingue\">linguistiquement diversifi\u00e9es<\/a> du pays. Bien que plus de 100 langues soient parl\u00e9es dans la r\u00e9gion, les trois plus populaires sont le <a href=\"https:\/\/www.trustedtranslations.com\/fr\/langues\/chinois\">chinois<\/a>, l\u2019<a href=\"https:\/\/www.trustedtranslations.com\/fr\/langues\/espagnol\/anglais-vers-l-espagnol\">espagnol<\/a> et le tagalog (philippin), pour lesquelles l\u2019ordonnance sur l\u2019acc\u00e8s linguistiques de la ville exige explicitement la prestation de services linguistiques. En particulier, en raison de son histoire d\u2019immigration et de sa proximit\u00e9 avec l\u2019Asie de l\u2019Est, San Francisco poss\u00e8de le plus grand quartier chinois du monde en dehors de l\u2019Asie et une population asiatique de plus de 34\u00a0%\u00a0; la r\u00e9gion de la baie de San Francisco (\u00ab\u00a0Bay Area\u00a0\u00bb) abrite \u00e9galement plus de 380\u00a0000\u00a0Philippins am\u00e9ricains. Les <a href=\"https:\/\/www.trustedtranslations.com\/fr\/langues\/espagnol\/caracteristiques\/espagnol-etats-unis\">Hispaniques<\/a> et les <a href=\"https:\/\/www.trustedtranslations.com\/fr\/langues\/espagnol\/caracteristiques\/espagnol-latino-americain\">Latino-Am\u00e9ricains<\/a> repr\u00e9sentent environ 15\u00a0% de la population, ainsi que de grands groupes de locuteurs <a href=\"https:\/\/www.trustedtranslations.com\/fr\/langues\/vietnamien\">vietnamiens<\/a>, <a href=\"https:\/\/www.trustedtranslations.com\/fr\/langues\/coreen\">cor\u00e9ens<\/a> et <a href=\"https:\/\/www.trustedtranslations.com\/fr\/langues\/japonais\">japonais<\/a>.\r\n<h2 style=\"margin-bottom:20px\">\u00c0 propos de la ville de San Francisco<\/h2>\r\nSan Francisco, y compris Oakland et Berkeley, est la cinqui\u00e8me r\u00e9gion m\u00e9tropolitaine du pays, avec plus de 3,3\u00a0millions d\u2019habitants. De nature extr\u00eamement cosmopolite, San Francisco est le si\u00e8ge de la Bourse du Pacifique et la plus grande r\u00e9gion exportatrice des \u00c9tats-Unis vers l\u2019Asie. Elle abrite \u00e9galement plus de 71 consulats et bureaux de commerce ext\u00e9rieur, plusieurs grandes universit\u00e9s et plus de 30 des plus grandes banques non am\u00e9ricaines du pays."},"state":{"type":"textfield","raw":""},"city":{"type":"textarea","raw":[""]}}},"_links":{"self":[{"href":"https:\/\/www.trustedtranslations.com\/fr\/wp-json\/wp\/v2\/pages\/208904","targetHints":{"allow":["GET"]}}],"collection":[{"href":"https:\/\/www.trustedtranslations.com\/fr\/wp-json\/wp\/v2\/pages"}],"about":[{"href":"https:\/\/www.trustedtranslations.com\/fr\/wp-json\/wp\/v2\/types\/page"}],"author":[{"embeddable":true,"href":"https:\/\/www.trustedtranslations.com\/fr\/wp-json\/wp\/v2\/users\/1"}],"replies":[{"embeddable":true,"href":"https:\/\/www.trustedtranslations.com\/fr\/wp-json\/wp\/v2\/comments?post=208904"}],"version-history":[{"count":0,"href":"https:\/\/www.trustedtranslations.com\/fr\/wp-json\/wp\/v2\/pages\/208904\/revisions"}],"up":[{"embeddable":true,"href":"https:\/\/www.trustedtranslations.com\/fr\/wp-json\/wp\/v2\/pages\/128932"}],"wp:featuredmedia":[{"embeddable":true,"href":"https:\/\/www.trustedtranslations.com\/fr\/wp-json\/"}],"wp:attachment":[{"href":"https:\/\/www.trustedtranslations.com\/fr\/wp-json\/wp\/v2\/media?parent=208904"}],"curies":[{"name":"wp","href":"https:\/\/api.w.org\/{rel}","templated":true}]}}