{"id":208906,"date":"2023-06-06T14:41:44","date_gmt":"2023-06-06T17:41:44","guid":{"rendered":"https:\/\/www.trustedtranslations.com\/?page_id=208906"},"modified":"2025-11-21T14:21:23","modified_gmt":"2025-11-21T17:21:23","slug":"seattle","status":"publish","type":"page","link":"https:\/\/www.trustedtranslations.com\/fr\/entreprise\/contact\/seattle","title":{"rendered":"Seattle"},"content":{"rendered":"","protected":false},"excerpt":{"rendered":"","protected":false},"author":1,"featured_media":210279,"parent":128932,"menu_order":0,"comment_status":"closed","ping_status":"closed","template":"","meta":{"site-sidebar-layout":"no-sidebar","site-content-layout":"page-builder","ast-site-content-layout":"full-width-container","site-content-style":"unboxed","site-sidebar-style":"unboxed","ast-global-header-display":"","ast-banner-title-visibility":"","ast-main-header-display":"","ast-hfb-above-header-display":"","ast-hfb-below-header-display":"","ast-hfb-mobile-header-display":"","site-post-title":"disabled","ast-breadcrumbs-content":"","ast-featured-img":"disabled","footer-sml-layout":"","ast-disable-related-posts":"","theme-transparent-header-meta":"default","adv-header-id-meta":"","stick-header-meta":"","header-above-stick-meta":"","header-main-stick-meta":"","header-below-stick-meta":"","astra-migrate-meta-layouts":"set","ast-page-background-enabled":"default","ast-page-background-meta":{"desktop":{"background-color":"var(--ast-global-color-4)","background-image":"","background-repeat":"repeat","background-position":"center center","background-size":"auto","background-attachment":"scroll","background-type":"","background-media":"","overlay-type":"","overlay-color":"","overlay-opacity":"","overlay-gradient":""},"tablet":{"background-color":"","background-image":"","background-repeat":"repeat","background-position":"center center","background-size":"auto","background-attachment":"scroll","background-type":"","background-media":"","overlay-type":"","overlay-color":"","overlay-opacity":"","overlay-gradient":""},"mobile":{"background-color":"","background-image":"","background-repeat":"repeat","background-position":"center center","background-size":"auto","background-attachment":"scroll","background-type":"","background-media":"","overlay-type":"","overlay-color":"","overlay-opacity":"","overlay-gradient":""}},"ast-content-background-meta":{"desktop":{"background-color":"var(--ast-global-color-5)","background-image":"","background-repeat":"repeat","background-position":"center center","background-size":"auto","background-attachment":"scroll","background-type":"","background-media":"","overlay-type":"","overlay-color":"","overlay-opacity":"","overlay-gradient":""},"tablet":{"background-color":"var(--ast-global-color-5)","background-image":"","background-repeat":"repeat","background-position":"center center","background-size":"auto","background-attachment":"scroll","background-type":"","background-media":"","overlay-type":"","overlay-color":"","overlay-opacity":"","overlay-gradient":""},"mobile":{"background-color":"var(--ast-global-color-5)","background-image":"","background-repeat":"repeat","background-position":"center center","background-size":"auto","background-attachment":"scroll","background-type":"","background-media":"","overlay-type":"","overlay-color":"","overlay-opacity":"","overlay-gradient":""}},"footnotes":""},"class_list":["post-208906","page","type-page","status-publish","has-post-thumbnail","hentry"],"yoast_head":"<!-- This site is optimized with the Yoast SEO plugin v27.5 - https:\/\/yoast.com\/product\/yoast-seo-wordpress\/ -->\n<title>Services de traduction \u00e0 Seattle - Entreprise de traduction leader \u00e0 Washington - Trusted Translations, Inc.<\/title>\n<meta name=\"description\" content=\"Trusted Translation, Inc. Seattle, Washington. Des services de traduction de qualit\u00e9 \u00e9prouv\u00e9e aux meilleurs tarifs. Demandez un devis gratuit ou une consultation. Contactez-nous d\u00e8s aujourd\u2019hui.\" \/>\n<meta name=\"robots\" content=\"index, follow, max-snippet:-1, max-image-preview:large, max-video-preview:-1\" \/>\n<link rel=\"canonical\" href=\"https:\/\/www.trustedtranslations.com\/fr\/entreprise\/contact\/seattle\" \/>\n<meta property=\"og:locale\" content=\"fr_FR\" \/>\n<meta property=\"og:type\" content=\"article\" \/>\n<meta property=\"og:title\" content=\"Services de traduction \u00e0 Seattle - Entreprise de traduction leader \u00e0 Washington - Trusted Translations, Inc.\" \/>\n<meta property=\"og:description\" content=\"Trusted Translation, Inc. Seattle, Washington. Des services de traduction de qualit\u00e9 \u00e9prouv\u00e9e aux meilleurs tarifs. Demandez un devis gratuit ou une consultation. Contactez-nous d\u00e8s aujourd\u2019hui.\" \/>\n<meta property=\"og:url\" content=\"https:\/\/www.trustedtranslations.com\/fr\/entreprise\/contact\/seattle\" \/>\n<meta property=\"og:site_name\" content=\"Trusted Translations, Inc.\" \/>\n<meta property=\"article:publisher\" content=\"https:\/\/www.facebook.com\/Trusted.Translations\" \/>\n<meta property=\"article:modified_time\" content=\"2025-11-21T17:21:23+00:00\" \/>\n<meta property=\"og:image\" content=\"https:\/\/www.trustedtranslations.com\/wp-content\/uploads\/2022\/06\/tt-logo-2-1.webp\" \/>\n\t<meta property=\"og:image:width\" content=\"216\" \/>\n\t<meta property=\"og:image:height\" content=\"94\" \/>\n\t<meta property=\"og:image:type\" content=\"image\/webp\" \/>\n<meta name=\"twitter:card\" content=\"summary_large_image\" \/>\n<meta name=\"twitter:site\" content=\"@TrustedT9ns\" \/>\n<script type=\"application\/ld+json\" class=\"yoast-schema-graph\">{\"@context\":\"https:\\\/\\\/schema.org\",\"@graph\":[{\"@type\":\"WebPage\",\"@id\":\"https:\\\/\\\/www.trustedtranslations.com\\\/fr\\\/entreprise\\\/contact\\\/seattle\",\"url\":\"https:\\\/\\\/www.trustedtranslations.com\\\/fr\\\/entreprise\\\/contact\\\/seattle\",\"name\":\"Services de traduction \u00e0 Seattle - Entreprise de traduction leader \u00e0 Washington - Trusted Translations, Inc.\",\"isPartOf\":{\"@id\":\"https:\\\/\\\/www.trustedtranslations.com\\\/fr\\\/#website\"},\"primaryImageOfPage\":{\"@id\":\"https:\\\/\\\/www.trustedtranslations.com\\\/fr\\\/entreprise\\\/contact\\\/seattle#primaryimage\"},\"image\":{\"@id\":\"https:\\\/\\\/www.trustedtranslations.com\\\/fr\\\/entreprise\\\/contact\\\/seattle#primaryimage\"},\"thumbnailUrl\":\"\",\"description\":\"Trusted Translation, Inc. Seattle, Washington. Des services de traduction de qualit\u00e9 \u00e9prouv\u00e9e aux meilleurs tarifs. Demandez un devis gratuit ou une consultation. Contactez-nous d\u00e8s aujourd\u2019hui.\",\"breadcrumb\":{\"@id\":\"https:\\\/\\\/www.trustedtranslations.com\\\/fr\\\/entreprise\\\/contact\\\/seattle#breadcrumb\"},\"inLanguage\":\"fr-FR\",\"potentialAction\":[{\"@type\":\"ReadAction\",\"target\":[\"https:\\\/\\\/www.trustedtranslations.com\\\/fr\\\/entreprise\\\/contact\\\/seattle\"]}]},{\"@type\":\"ImageObject\",\"inLanguage\":\"fr-FR\",\"@id\":\"https:\\\/\\\/www.trustedtranslations.com\\\/fr\\\/entreprise\\\/contact\\\/seattle#primaryimage\",\"url\":\"\",\"contentUrl\":\"\"},{\"@type\":\"BreadcrumbList\",\"@id\":\"https:\\\/\\\/www.trustedtranslations.com\\\/fr\\\/entreprise\\\/contact\\\/seattle#breadcrumb\",\"itemListElement\":[{\"@type\":\"ListItem\",\"position\":1,\"name\":\"Accueil\",\"item\":\"https:\\\/\\\/www.trustedtranslations.com\\\/fr\"},{\"@type\":\"ListItem\",\"position\":2,\"name\":\"Qui sommes-nous\u00a0?\",\"item\":\"https:\\\/\\\/www.trustedtranslations.com\\\/fr\\\/entreprise\"},{\"@type\":\"ListItem\",\"position\":3,\"name\":\"Contact\",\"item\":\"https:\\\/\\\/www.trustedtranslations.com\\\/fr\\\/entreprise\\\/contact\"},{\"@type\":\"ListItem\",\"position\":4,\"name\":\"Seattle\"}]},{\"@type\":\"WebSite\",\"@id\":\"https:\\\/\\\/www.trustedtranslations.com\\\/fr\\\/#website\",\"url\":\"https:\\\/\\\/www.trustedtranslations.com\\\/fr\\\/\",\"name\":\"Trusted Translations, Inc.\",\"description\":\"Leader in translation and interpretation services.\",\"publisher\":{\"@id\":\"https:\\\/\\\/www.trustedtranslations.com\\\/fr\\\/#organization\"},\"alternateName\":\"Trusted Translations\",\"potentialAction\":[{\"@type\":\"SearchAction\",\"target\":{\"@type\":\"EntryPoint\",\"urlTemplate\":\"https:\\\/\\\/www.trustedtranslations.com\\\/fr\\\/?s={search_term_string}\"},\"query-input\":{\"@type\":\"PropertyValueSpecification\",\"valueRequired\":true,\"valueName\":\"search_term_string\"}}],\"inLanguage\":\"fr-FR\"},{\"@type\":\"Organization\",\"@id\":\"https:\\\/\\\/www.trustedtranslations.com\\\/fr\\\/#organization\",\"name\":\"Trusted Translations\",\"alternateName\":\"Trusted Translations, Inc.\",\"url\":\"https:\\\/\\\/www.trustedtranslations.com\\\/fr\\\/\",\"logo\":{\"@type\":\"ImageObject\",\"inLanguage\":\"fr-FR\",\"@id\":\"https:\\\/\\\/www.trustedtranslations.com\\\/fr\\\/#\\\/schema\\\/logo\\\/image\\\/\",\"url\":\"https:\\\/\\\/static.trustedtranslations.com\\\/wp-content\\\/uploads\\\/2022\\\/01\\\/TT_logo_WSIColors-2.png\",\"contentUrl\":\"https:\\\/\\\/static.trustedtranslations.com\\\/wp-content\\\/uploads\\\/2022\\\/01\\\/TT_logo_WSIColors-2.png\",\"width\":500,\"height\":196,\"caption\":\"Trusted Translations\"},\"image\":{\"@id\":\"https:\\\/\\\/www.trustedtranslations.com\\\/fr\\\/#\\\/schema\\\/logo\\\/image\\\/\"},\"sameAs\":[\"https:\\\/\\\/www.facebook.com\\\/Trusted.Translations\",\"https:\\\/\\\/x.com\\\/TrustedT9ns\",\"https:\\\/\\\/www.linkedin.com\\\/company\\\/trusted-translations\"]}]}<\/script>\n<!-- \/ Yoast SEO plugin. -->","yoast_head_json":{"title":"Services de traduction \u00e0 Seattle - Entreprise de traduction leader \u00e0 Washington - Trusted Translations, Inc.","description":"Trusted Translation, Inc. Seattle, Washington. Des services de traduction de qualit\u00e9 \u00e9prouv\u00e9e aux meilleurs tarifs. Demandez un devis gratuit ou une consultation. Contactez-nous d\u00e8s aujourd\u2019hui.","robots":{"index":"index","follow":"follow","max-snippet":"max-snippet:-1","max-image-preview":"max-image-preview:large","max-video-preview":"max-video-preview:-1"},"canonical":"https:\/\/www.trustedtranslations.com\/fr\/entreprise\/contact\/seattle","og_locale":"fr_FR","og_type":"article","og_title":"Services de traduction \u00e0 Seattle - Entreprise de traduction leader \u00e0 Washington - Trusted Translations, Inc.","og_description":"Trusted Translation, Inc. Seattle, Washington. Des services de traduction de qualit\u00e9 \u00e9prouv\u00e9e aux meilleurs tarifs. Demandez un devis gratuit ou une consultation. Contactez-nous d\u00e8s aujourd\u2019hui.","og_url":"https:\/\/www.trustedtranslations.com\/fr\/entreprise\/contact\/seattle","og_site_name":"Trusted Translations, Inc.","article_publisher":"https:\/\/www.facebook.com\/Trusted.Translations","article_modified_time":"2025-11-21T17:21:23+00:00","og_image":[{"width":216,"height":94,"url":"https:\/\/www.trustedtranslations.com\/wp-content\/uploads\/2022\/06\/tt-logo-2-1.webp","type":"image\/webp"}],"twitter_card":"summary_large_image","twitter_site":"@TrustedT9ns","schema":{"@context":"https:\/\/schema.org","@graph":[{"@type":"WebPage","@id":"https:\/\/www.trustedtranslations.com\/fr\/entreprise\/contact\/seattle","url":"https:\/\/www.trustedtranslations.com\/fr\/entreprise\/contact\/seattle","name":"Services de traduction \u00e0 Seattle - Entreprise de traduction leader \u00e0 Washington - Trusted Translations, Inc.","isPartOf":{"@id":"https:\/\/www.trustedtranslations.com\/fr\/#website"},"primaryImageOfPage":{"@id":"https:\/\/www.trustedtranslations.com\/fr\/entreprise\/contact\/seattle#primaryimage"},"image":{"@id":"https:\/\/www.trustedtranslations.com\/fr\/entreprise\/contact\/seattle#primaryimage"},"thumbnailUrl":"","description":"Trusted Translation, Inc. Seattle, Washington. Des services de traduction de qualit\u00e9 \u00e9prouv\u00e9e aux meilleurs tarifs. Demandez un devis gratuit ou une consultation. Contactez-nous d\u00e8s aujourd\u2019hui.","breadcrumb":{"@id":"https:\/\/www.trustedtranslations.com\/fr\/entreprise\/contact\/seattle#breadcrumb"},"inLanguage":"fr-FR","potentialAction":[{"@type":"ReadAction","target":["https:\/\/www.trustedtranslations.com\/fr\/entreprise\/contact\/seattle"]}]},{"@type":"ImageObject","inLanguage":"fr-FR","@id":"https:\/\/www.trustedtranslations.com\/fr\/entreprise\/contact\/seattle#primaryimage","url":"","contentUrl":""},{"@type":"BreadcrumbList","@id":"https:\/\/www.trustedtranslations.com\/fr\/entreprise\/contact\/seattle#breadcrumb","itemListElement":[{"@type":"ListItem","position":1,"name":"Accueil","item":"https:\/\/www.trustedtranslations.com\/fr"},{"@type":"ListItem","position":2,"name":"Qui sommes-nous\u00a0?","item":"https:\/\/www.trustedtranslations.com\/fr\/entreprise"},{"@type":"ListItem","position":3,"name":"Contact","item":"https:\/\/www.trustedtranslations.com\/fr\/entreprise\/contact"},{"@type":"ListItem","position":4,"name":"Seattle"}]},{"@type":"WebSite","@id":"https:\/\/www.trustedtranslations.com\/fr\/#website","url":"https:\/\/www.trustedtranslations.com\/fr\/","name":"Trusted Translations, Inc.","description":"Leader in translation and interpretation services.","publisher":{"@id":"https:\/\/www.trustedtranslations.com\/fr\/#organization"},"alternateName":"Trusted Translations","potentialAction":[{"@type":"SearchAction","target":{"@type":"EntryPoint","urlTemplate":"https:\/\/www.trustedtranslations.com\/fr\/?s={search_term_string}"},"query-input":{"@type":"PropertyValueSpecification","valueRequired":true,"valueName":"search_term_string"}}],"inLanguage":"fr-FR"},{"@type":"Organization","@id":"https:\/\/www.trustedtranslations.com\/fr\/#organization","name":"Trusted Translations","alternateName":"Trusted Translations, Inc.","url":"https:\/\/www.trustedtranslations.com\/fr\/","logo":{"@type":"ImageObject","inLanguage":"fr-FR","@id":"https:\/\/www.trustedtranslations.com\/fr\/#\/schema\/logo\/image\/","url":"https:\/\/static.trustedtranslations.com\/wp-content\/uploads\/2022\/01\/TT_logo_WSIColors-2.png","contentUrl":"https:\/\/static.trustedtranslations.com\/wp-content\/uploads\/2022\/01\/TT_logo_WSIColors-2.png","width":500,"height":196,"caption":"Trusted Translations"},"image":{"@id":"https:\/\/www.trustedtranslations.com\/fr\/#\/schema\/logo\/image\/"},"sameAs":["https:\/\/www.facebook.com\/Trusted.Translations","https:\/\/x.com\/TrustedT9ns","https:\/\/www.linkedin.com\/company\/trusted-translations"]}]}},"toolset-meta":{"dyk":{"mensaje-1":{"type":"textfield","raw":"La r\u00e9gion de Seattle compte plus de 200 \u00e9tablissements Starbucks."},"mensaje-2":{"type":"textfield","raw":"Seattle est la 15e plus grande r\u00e9gion m\u00e9tropolitaine du pays."},"mensaje-3":{"type":"textfield","raw":"L\u2019a\u00e9roport international de Seattle-Tacoma (SEA) a accueilli 45,9\u00a0millions de passagers en 2022."},"mensaje-4":{"type":"textfield","raw":"Seattle a \u00e9t\u00e9 nomm\u00e9e d\u2019apr\u00e8s le chef am\u00e9rindien Si\u2019ahl des Duwamish et Suquamish."},"mensaje-5":{"type":"textfield","raw":""},"mensaje-6":{"type":"textfield","raw":""}},"single-page-template-fields":{"imgs-temp":{"type":"image","raw":["https:\/\/static.trustedtranslations.com\/wp-content\/uploads\/2024\/05\/Group-131-9.webp"],"repeatable":[{"raw":"https:\/\/static.trustedtranslations.com\/wp-content\/uploads\/2024\/05\/Group-131-9.webp"}]},"imgs-temp-cel":{"type":"image","raw":[""],"repeatable":[{"raw":""}]},"img-temp-one-cel":{"type":"image","raw":"https:\/\/static.trustedtranslations.com\/wp-content\/uploads\/2024\/05\/seattle-1-scaled-1.webp","attachment_id":null},"quotes":{"type":"textarea","raw":"<h1 style=\"margin-bottom:12px\">Services de traduction \u00e0 Seattle<\/h1>\r\n<p>\r\n    <a style=\"color: #2a2a2a; text-decoration: none;\" href=\"https:\/\/goo.gl\/maps\/RrTU2ZyQcLhTqsaT9?coh=178572&entry=tt\"><i class=\"fa fa-map-pin\"><\/i> 300 Lenora Street\r\n        Seattle, WA 98121\r\n        United States<\/a>\r\n    <a style=\"color: #2a2a2a; text-decoration: none;\" href=\"tel:+12066494965\"><i class=\"fa fa-phone\"><\/i> +1 (206) 649-4965<\/a>\r\n    <a style=\"color: #2a2a2a; text-decoration: none;\" href=\"mailto:seattle@trustedtranslations.com\"><i class=\"fa fa-envelope\"><\/i>seattle@trustedtranslations.com<\/a>\r\n<\/p>\r\n<div style=\"margin-top: 2.5vw;\"><a class=\"tt-btn-main-cta\" href=\"#tree-form\">Demandez un devis gratuit<\/a><\/div>"},"text-1":{"type":"textarea","raw":"<h2>Carte de la succursale de Seattle<\/h2>"},"shortcode-map":{"type":"textfield","raw":"[mostrar_mapa url=\"https:\/\/www.google.com\/maps\/embed?pb=!1m18!1m12!1m3!1d2689.648004009722!2d-122.34691082124912!3d47.613533723839815!2m3!1f0!2f0!3f0!3m2!1i1024!2i768!4f13.1!3m3!1m2!1s0x5490154c61effb05%3A0x4b27581cea2058cc!2s300%20Lenora%20St%2C%20Seattle%2C%20WA%2098121%2C%20EE.%20UU.!5e0!3m2!1ses-419!2sar!4v1685128780529!5m2!1ses-419!2sar\" width=\"600px\" height=\"450px\"]"},"dyk-shortcode":{"type":"textfield","raw":"[elementor-template id=\"146546\"]"},"text-2":{"type":"textarea","raw":"<h2>Services de traduction professionnelle \u00e0 Seattle<\/h2>\r\n<img class=\"alignright wp-image-207444\" src=\"https:\/\/static.trustedtranslations.com\/wp-content\/uploads\/2023\/05\/seattle-2-300x200.jpg\" alt=\"\" width=\"500\" height=\"333\" \/>\r\n\r\nVille portuaire prosp\u00e8re et place commerciale de premi\u00e8re importance du nord-ouest du Pacifique, Seattle compte des secteurs cl\u00e9s tels que l\u2019<a href=\"https:\/\/www.trustedtranslations.com\/fr\/domaines\/fabrication-industrielle\">industrie manufacturi\u00e8re<\/a>, la <a href=\"https:\/\/www.trustedtranslations.com\/fr\/domaines\/technique\">technologie<\/a>, les sciences de la vie, les <a href=\"https:\/\/www.trustedtranslations.com\/fr\/domaines\/medicale\">services de sant\u00e9<\/a>, la construction et l\u2019industrie maritime. En tant que fournisseur de traduction exp\u00e9riment\u00e9, <strong><em>Trusted Translations<\/em><\/strong> s\u2019est associ\u00e9 aux meilleurs clients de la r\u00e9gion de Seattle, tels que Savers Inc., Sedgwick, AssuredPartners MCM, Mix Sanders Thompson LLC et Conversica, entre autres.\r\n\r\nPlus d\u2019un tiers de la population de Seattle est n\u00e9e \u00e0 l\u2019\u00e9tranger ou a au moins un parent immigr\u00e9, un nombre qui met en \u00e9vidence le besoin de la r\u00e9gion en services de traduction fiables. L\u2019<a href=\"https:\/\/www.trustedtranslations.com\/fr\/langues\/espagnol\/services-de-traduction-espagnol\">espagnol<\/a> est la langue la plus parl\u00e9e \u00e0 Seattle, o\u00f9 il y a plus de 90\u00a0000\u00a0habitants d\u2019origine <a href=\"https:\/\/www.trustedtranslations.com\/fr\/langues\/espagnol\/caracteristiques\/espagnol-latino-americain\">mexicaine<\/a>, dont beaucoup sont attir\u00e9s dans la r\u00e9gion par des emplois agricoles. L\u2019espagnol est suivi en popularit\u00e9 par le <a href=\"https:\/\/www.trustedtranslations.com\/fr\/langues\/chinois\">chinois<\/a> et le <a href=\"https:\/\/www.trustedtranslations.com\/fr\/langues\/vietnamien\">vietnamien<\/a>, et le gouvernement de la ville a d\u00e9sign\u00e9 le <a href=\"https:\/\/www.trustedtranslations.com\/fr\/langues\/multilingue\">somali<\/a>, l\u2019amharique, le tagalog et le <a href=\"https:\/\/www.trustedtranslations.com\/fr\/langues\/coreen\">cor\u00e9en<\/a> comme langues suppl\u00e9mentaires de cat\u00e9gorie 1.\r\n<h2 style=\"margin-bottom:20px\">\u00c0 propos de la ville de Seattle<\/h2>\r\n\u00c9galement connue sous le nom de \u00ab\u00a0Cit\u00e9 Emeraude\u00a0\u00bb, Seattle est connue pour \u00eatre le berceau de Starbucks et le si\u00e8ge d\u2019Amazon et de Microsoft. Avec Tacoma et Bellevue, la r\u00e9gion m\u00e9tropolitaine de Seattle abrite plus de la moiti\u00e9 de la population de l\u2019\u00c9tat de Washington, soit environ 4,1\u00a0millions de personnes. Une alliance conclue en 2015 entre les ports de Seattle et de Tacoma permet d\u00e9sormais de raccourcir les itin\u00e9raires de transport maritime vers l\u2019Asie et entre les \u00c9tats-Unis continentaux et l\u2019Alaska, ce qui permet de traiter 180 partenaires commerciaux mondiaux."},"state":{"type":"textfield","raw":""},"city":{"type":"textarea","raw":[""]}}},"_links":{"self":[{"href":"https:\/\/www.trustedtranslations.com\/fr\/wp-json\/wp\/v2\/pages\/208906","targetHints":{"allow":["GET"]}}],"collection":[{"href":"https:\/\/www.trustedtranslations.com\/fr\/wp-json\/wp\/v2\/pages"}],"about":[{"href":"https:\/\/www.trustedtranslations.com\/fr\/wp-json\/wp\/v2\/types\/page"}],"author":[{"embeddable":true,"href":"https:\/\/www.trustedtranslations.com\/fr\/wp-json\/wp\/v2\/users\/1"}],"replies":[{"embeddable":true,"href":"https:\/\/www.trustedtranslations.com\/fr\/wp-json\/wp\/v2\/comments?post=208906"}],"version-history":[{"count":0,"href":"https:\/\/www.trustedtranslations.com\/fr\/wp-json\/wp\/v2\/pages\/208906\/revisions"}],"up":[{"embeddable":true,"href":"https:\/\/www.trustedtranslations.com\/fr\/wp-json\/wp\/v2\/pages\/128932"}],"wp:featuredmedia":[{"embeddable":true,"href":"https:\/\/www.trustedtranslations.com\/fr\/wp-json\/"}],"wp:attachment":[{"href":"https:\/\/www.trustedtranslations.com\/fr\/wp-json\/wp\/v2\/media?parent=208906"}],"curies":[{"name":"wp","href":"https:\/\/api.w.org\/{rel}","templated":true}]}}