{"id":212137,"date":"2023-06-30T11:22:19","date_gmt":"2023-06-30T14:22:19","guid":{"rendered":"https:\/\/www.trustedtranslations.com\/?page_id=212137"},"modified":"2024-09-03T17:48:22","modified_gmt":"2024-09-03T20:48:22","slug":"denver","status":"publish","type":"page","link":"https:\/\/www.trustedtranslations.com\/fr\/entreprise\/contact\/denver","title":{"rendered":"Denver"},"content":{"rendered":"","protected":false},"excerpt":{"rendered":"","protected":false},"author":1,"featured_media":217958,"parent":128932,"menu_order":0,"comment_status":"closed","ping_status":"closed","template":"","meta":{"site-sidebar-layout":"no-sidebar","site-content-layout":"page-builder","ast-site-content-layout":"full-width-container","site-content-style":"unboxed","site-sidebar-style":"unboxed","ast-global-header-display":"","ast-banner-title-visibility":"","ast-main-header-display":"","ast-hfb-above-header-display":"","ast-hfb-below-header-display":"","ast-hfb-mobile-header-display":"","site-post-title":"disabled","ast-breadcrumbs-content":"","ast-featured-img":"disabled","footer-sml-layout":"","ast-disable-related-posts":"","theme-transparent-header-meta":"default","adv-header-id-meta":"","stick-header-meta":"","header-above-stick-meta":"","header-main-stick-meta":"","header-below-stick-meta":"","astra-migrate-meta-layouts":"set","ast-page-background-enabled":"default","ast-page-background-meta":{"desktop":{"background-color":"var(--ast-global-color-4)","background-image":"","background-repeat":"repeat","background-position":"center center","background-size":"auto","background-attachment":"scroll","background-type":"","background-media":"","overlay-type":"","overlay-color":"","overlay-opacity":"","overlay-gradient":""},"tablet":{"background-color":"","background-image":"","background-repeat":"repeat","background-position":"center center","background-size":"auto","background-attachment":"scroll","background-type":"","background-media":"","overlay-type":"","overlay-color":"","overlay-opacity":"","overlay-gradient":""},"mobile":{"background-color":"","background-image":"","background-repeat":"repeat","background-position":"center center","background-size":"auto","background-attachment":"scroll","background-type":"","background-media":"","overlay-type":"","overlay-color":"","overlay-opacity":"","overlay-gradient":""}},"ast-content-background-meta":{"desktop":{"background-color":"var(--ast-global-color-5)","background-image":"","background-repeat":"repeat","background-position":"center center","background-size":"auto","background-attachment":"scroll","background-type":"","background-media":"","overlay-type":"","overlay-color":"","overlay-opacity":"","overlay-gradient":""},"tablet":{"background-color":"var(--ast-global-color-5)","background-image":"","background-repeat":"repeat","background-position":"center center","background-size":"auto","background-attachment":"scroll","background-type":"","background-media":"","overlay-type":"","overlay-color":"","overlay-opacity":"","overlay-gradient":""},"mobile":{"background-color":"var(--ast-global-color-5)","background-image":"","background-repeat":"repeat","background-position":"center center","background-size":"auto","background-attachment":"scroll","background-type":"","background-media":"","overlay-type":"","overlay-color":"","overlay-opacity":"","overlay-gradient":""}},"footnotes":""},"class_list":["post-212137","page","type-page","status-publish","has-post-thumbnail","hentry"],"yoast_head":"<!-- This site is optimized with the Yoast SEO plugin v27.3 - https:\/\/yoast.com\/product\/yoast-seo-wordpress\/ -->\n<title>Services de traduction \u00e0 Denver - Entreprise de traduction leader au Colorado - Trusted Translations, Inc.<\/title>\n<meta name=\"description\" content=\"Trusted Translation, Inc. Denver, Colorado. Des services de traduction de qualit\u00e9 \u00e9prouv\u00e9e aux meilleurs tarifs. Demandez un devis gratuit ou une consultation. Contactez-nous d\u00e8s aujourd\u2019hui.\" \/>\n<meta name=\"robots\" content=\"index, follow, max-snippet:-1, max-image-preview:large, max-video-preview:-1\" \/>\n<link rel=\"canonical\" href=\"https:\/\/www.trustedtranslations.com\/fr\/entreprise\/contact\/denver\" \/>\n<meta property=\"og:locale\" content=\"fr_FR\" \/>\n<meta property=\"og:type\" content=\"article\" \/>\n<meta property=\"og:title\" content=\"Services de traduction \u00e0 Denver - Entreprise de traduction leader au Colorado - Trusted Translations, Inc.\" \/>\n<meta property=\"og:description\" content=\"Trusted Translation, Inc. Denver, Colorado. Des services de traduction de qualit\u00e9 \u00e9prouv\u00e9e aux meilleurs tarifs. Demandez un devis gratuit ou une consultation. Contactez-nous d\u00e8s aujourd\u2019hui.\" \/>\n<meta property=\"og:url\" content=\"https:\/\/www.trustedtranslations.com\/fr\/entreprise\/contact\/denver\" \/>\n<meta property=\"og:site_name\" content=\"Trusted Translations, Inc.\" \/>\n<meta property=\"article:publisher\" content=\"https:\/\/www.facebook.com\/Trusted.Translations\" \/>\n<meta property=\"article:modified_time\" content=\"2024-09-03T20:48:22+00:00\" \/>\n<meta property=\"og:image\" content=\"https:\/\/www.trustedtranslations.com\/wp-content\/uploads\/2022\/06\/tt-logo-2-1.webp\" \/>\n\t<meta property=\"og:image:width\" content=\"216\" \/>\n\t<meta property=\"og:image:height\" content=\"94\" \/>\n\t<meta property=\"og:image:type\" content=\"image\/webp\" \/>\n<meta name=\"twitter:card\" content=\"summary_large_image\" \/>\n<meta name=\"twitter:site\" content=\"@TrustedT9ns\" \/>\n<script type=\"application\/ld+json\" class=\"yoast-schema-graph\">{\"@context\":\"https:\\\/\\\/schema.org\",\"@graph\":[{\"@type\":\"WebPage\",\"@id\":\"https:\\\/\\\/www.trustedtranslations.com\\\/fr\\\/entreprise\\\/contact\\\/denver\",\"url\":\"https:\\\/\\\/www.trustedtranslations.com\\\/fr\\\/entreprise\\\/contact\\\/denver\",\"name\":\"Services de traduction \u00e0 Denver - Entreprise de traduction leader au Colorado - Trusted Translations, Inc.\",\"isPartOf\":{\"@id\":\"https:\\\/\\\/www.trustedtranslations.com\\\/fr\\\/#website\"},\"primaryImageOfPage\":{\"@id\":\"https:\\\/\\\/www.trustedtranslations.com\\\/fr\\\/entreprise\\\/contact\\\/denver#primaryimage\"},\"image\":{\"@id\":\"https:\\\/\\\/www.trustedtranslations.com\\\/fr\\\/entreprise\\\/contact\\\/denver#primaryimage\"},\"thumbnailUrl\":\"\",\"description\":\"Trusted Translation, Inc. Denver, Colorado. Des services de traduction de qualit\u00e9 \u00e9prouv\u00e9e aux meilleurs tarifs. Demandez un devis gratuit ou une consultation. Contactez-nous d\u00e8s aujourd\u2019hui.\",\"breadcrumb\":{\"@id\":\"https:\\\/\\\/www.trustedtranslations.com\\\/fr\\\/entreprise\\\/contact\\\/denver#breadcrumb\"},\"inLanguage\":\"fr-FR\",\"potentialAction\":[{\"@type\":\"ReadAction\",\"target\":[\"https:\\\/\\\/www.trustedtranslations.com\\\/fr\\\/entreprise\\\/contact\\\/denver\"]}]},{\"@type\":\"ImageObject\",\"inLanguage\":\"fr-FR\",\"@id\":\"https:\\\/\\\/www.trustedtranslations.com\\\/fr\\\/entreprise\\\/contact\\\/denver#primaryimage\",\"url\":\"\",\"contentUrl\":\"\"},{\"@type\":\"BreadcrumbList\",\"@id\":\"https:\\\/\\\/www.trustedtranslations.com\\\/fr\\\/entreprise\\\/contact\\\/denver#breadcrumb\",\"itemListElement\":[{\"@type\":\"ListItem\",\"position\":1,\"name\":\"Accueil\",\"item\":\"https:\\\/\\\/www.trustedtranslations.com\\\/fr\"},{\"@type\":\"ListItem\",\"position\":2,\"name\":\"Qui sommes-nous\u00a0?\",\"item\":\"https:\\\/\\\/www.trustedtranslations.com\\\/fr\\\/entreprise\"},{\"@type\":\"ListItem\",\"position\":3,\"name\":\"Contact\",\"item\":\"https:\\\/\\\/www.trustedtranslations.com\\\/fr\\\/entreprise\\\/contact\"},{\"@type\":\"ListItem\",\"position\":4,\"name\":\"Denver\"}]},{\"@type\":\"WebSite\",\"@id\":\"https:\\\/\\\/www.trustedtranslations.com\\\/fr\\\/#website\",\"url\":\"https:\\\/\\\/www.trustedtranslations.com\\\/fr\\\/\",\"name\":\"Trusted Translations, Inc.\",\"description\":\"Leader in translation and interpretation services.\",\"publisher\":{\"@id\":\"https:\\\/\\\/www.trustedtranslations.com\\\/fr\\\/#organization\"},\"alternateName\":\"Trusted Translations\",\"potentialAction\":[{\"@type\":\"SearchAction\",\"target\":{\"@type\":\"EntryPoint\",\"urlTemplate\":\"https:\\\/\\\/www.trustedtranslations.com\\\/fr\\\/?s={search_term_string}\"},\"query-input\":{\"@type\":\"PropertyValueSpecification\",\"valueRequired\":true,\"valueName\":\"search_term_string\"}}],\"inLanguage\":\"fr-FR\"},{\"@type\":\"Organization\",\"@id\":\"https:\\\/\\\/www.trustedtranslations.com\\\/fr\\\/#organization\",\"name\":\"Trusted Translations\",\"alternateName\":\"Trusted Translations, Inc.\",\"url\":\"https:\\\/\\\/www.trustedtranslations.com\\\/fr\\\/\",\"logo\":{\"@type\":\"ImageObject\",\"inLanguage\":\"fr-FR\",\"@id\":\"https:\\\/\\\/www.trustedtranslations.com\\\/fr\\\/#\\\/schema\\\/logo\\\/image\\\/\",\"url\":\"https:\\\/\\\/static.trustedtranslations.com\\\/wp-content\\\/uploads\\\/2022\\\/01\\\/TT_logo_WSIColors-2.png\",\"contentUrl\":\"https:\\\/\\\/static.trustedtranslations.com\\\/wp-content\\\/uploads\\\/2022\\\/01\\\/TT_logo_WSIColors-2.png\",\"width\":500,\"height\":196,\"caption\":\"Trusted Translations\"},\"image\":{\"@id\":\"https:\\\/\\\/www.trustedtranslations.com\\\/fr\\\/#\\\/schema\\\/logo\\\/image\\\/\"},\"sameAs\":[\"https:\\\/\\\/www.facebook.com\\\/Trusted.Translations\",\"https:\\\/\\\/x.com\\\/TrustedT9ns\",\"https:\\\/\\\/www.linkedin.com\\\/company\\\/trusted-translations\"]}]}<\/script>\n<!-- \/ Yoast SEO plugin. -->","yoast_head_json":{"title":"Services de traduction \u00e0 Denver - Entreprise de traduction leader au Colorado - Trusted Translations, Inc.","description":"Trusted Translation, Inc. Denver, Colorado. Des services de traduction de qualit\u00e9 \u00e9prouv\u00e9e aux meilleurs tarifs. Demandez un devis gratuit ou une consultation. Contactez-nous d\u00e8s aujourd\u2019hui.","robots":{"index":"index","follow":"follow","max-snippet":"max-snippet:-1","max-image-preview":"max-image-preview:large","max-video-preview":"max-video-preview:-1"},"canonical":"https:\/\/www.trustedtranslations.com\/fr\/entreprise\/contact\/denver","og_locale":"fr_FR","og_type":"article","og_title":"Services de traduction \u00e0 Denver - Entreprise de traduction leader au Colorado - Trusted Translations, Inc.","og_description":"Trusted Translation, Inc. Denver, Colorado. Des services de traduction de qualit\u00e9 \u00e9prouv\u00e9e aux meilleurs tarifs. Demandez un devis gratuit ou une consultation. Contactez-nous d\u00e8s aujourd\u2019hui.","og_url":"https:\/\/www.trustedtranslations.com\/fr\/entreprise\/contact\/denver","og_site_name":"Trusted Translations, Inc.","article_publisher":"https:\/\/www.facebook.com\/Trusted.Translations","article_modified_time":"2024-09-03T20:48:22+00:00","og_image":[{"width":216,"height":94,"url":"https:\/\/www.trustedtranslations.com\/wp-content\/uploads\/2022\/06\/tt-logo-2-1.webp","type":"image\/webp"}],"twitter_card":"summary_large_image","twitter_site":"@TrustedT9ns","schema":{"@context":"https:\/\/schema.org","@graph":[{"@type":"WebPage","@id":"https:\/\/www.trustedtranslations.com\/fr\/entreprise\/contact\/denver","url":"https:\/\/www.trustedtranslations.com\/fr\/entreprise\/contact\/denver","name":"Services de traduction \u00e0 Denver - Entreprise de traduction leader au Colorado - Trusted Translations, Inc.","isPartOf":{"@id":"https:\/\/www.trustedtranslations.com\/fr\/#website"},"primaryImageOfPage":{"@id":"https:\/\/www.trustedtranslations.com\/fr\/entreprise\/contact\/denver#primaryimage"},"image":{"@id":"https:\/\/www.trustedtranslations.com\/fr\/entreprise\/contact\/denver#primaryimage"},"thumbnailUrl":"","description":"Trusted Translation, Inc. Denver, Colorado. Des services de traduction de qualit\u00e9 \u00e9prouv\u00e9e aux meilleurs tarifs. Demandez un devis gratuit ou une consultation. Contactez-nous d\u00e8s aujourd\u2019hui.","breadcrumb":{"@id":"https:\/\/www.trustedtranslations.com\/fr\/entreprise\/contact\/denver#breadcrumb"},"inLanguage":"fr-FR","potentialAction":[{"@type":"ReadAction","target":["https:\/\/www.trustedtranslations.com\/fr\/entreprise\/contact\/denver"]}]},{"@type":"ImageObject","inLanguage":"fr-FR","@id":"https:\/\/www.trustedtranslations.com\/fr\/entreprise\/contact\/denver#primaryimage","url":"","contentUrl":""},{"@type":"BreadcrumbList","@id":"https:\/\/www.trustedtranslations.com\/fr\/entreprise\/contact\/denver#breadcrumb","itemListElement":[{"@type":"ListItem","position":1,"name":"Accueil","item":"https:\/\/www.trustedtranslations.com\/fr"},{"@type":"ListItem","position":2,"name":"Qui sommes-nous\u00a0?","item":"https:\/\/www.trustedtranslations.com\/fr\/entreprise"},{"@type":"ListItem","position":3,"name":"Contact","item":"https:\/\/www.trustedtranslations.com\/fr\/entreprise\/contact"},{"@type":"ListItem","position":4,"name":"Denver"}]},{"@type":"WebSite","@id":"https:\/\/www.trustedtranslations.com\/fr\/#website","url":"https:\/\/www.trustedtranslations.com\/fr\/","name":"Trusted Translations, Inc.","description":"Leader in translation and interpretation services.","publisher":{"@id":"https:\/\/www.trustedtranslations.com\/fr\/#organization"},"alternateName":"Trusted Translations","potentialAction":[{"@type":"SearchAction","target":{"@type":"EntryPoint","urlTemplate":"https:\/\/www.trustedtranslations.com\/fr\/?s={search_term_string}"},"query-input":{"@type":"PropertyValueSpecification","valueRequired":true,"valueName":"search_term_string"}}],"inLanguage":"fr-FR"},{"@type":"Organization","@id":"https:\/\/www.trustedtranslations.com\/fr\/#organization","name":"Trusted Translations","alternateName":"Trusted Translations, Inc.","url":"https:\/\/www.trustedtranslations.com\/fr\/","logo":{"@type":"ImageObject","inLanguage":"fr-FR","@id":"https:\/\/www.trustedtranslations.com\/fr\/#\/schema\/logo\/image\/","url":"https:\/\/static.trustedtranslations.com\/wp-content\/uploads\/2022\/01\/TT_logo_WSIColors-2.png","contentUrl":"https:\/\/static.trustedtranslations.com\/wp-content\/uploads\/2022\/01\/TT_logo_WSIColors-2.png","width":500,"height":196,"caption":"Trusted Translations"},"image":{"@id":"https:\/\/www.trustedtranslations.com\/fr\/#\/schema\/logo\/image\/"},"sameAs":["https:\/\/www.facebook.com\/Trusted.Translations","https:\/\/x.com\/TrustedT9ns","https:\/\/www.linkedin.com\/company\/trusted-translations"]}]}},"toolset-meta":{"dyk":{"mensaje-1":{"type":"textfield","raw":"Denver est la 19e ville la plus peupl\u00e9e des \u00c9tats-Unis."},"mensaje-2":{"type":"textfield","raw":"Denver est situ\u00e9e exactement \u00e0 un mile (1,6\u00a0km) au-dessus du niveau de la mer."},"mensaje-3":{"type":"textfield","raw":"Denver est la plus grande ville dans un rayon de 800\u00a0kilom\u00e8tres et constitue un p\u00f4le important."},"mensaje-4":{"type":"textfield","raw":"Denver a la plus grande concentration d\u2019agences f\u00e9d\u00e9rales am\u00e9ricaines en dehors de Washington D.C."},"mensaje-5":{"type":"textfield","raw":""},"mensaje-6":{"type":"textfield","raw":""}},"single-page-template-fields":{"imgs-temp":{"type":"image","raw":["https:\/\/static.trustedtranslations.com\/wp-content\/uploads\/2024\/05\/Denver-1-port.webp"],"repeatable":[{"raw":"https:\/\/static.trustedtranslations.com\/wp-content\/uploads\/2024\/05\/Denver-1-port.webp"}]},"imgs-temp-cel":{"type":"image","raw":[""],"repeatable":[{"raw":""}]},"img-temp-one-cel":{"type":"image","raw":"https:\/\/static.trustedtranslations.com\/wp-content\/uploads\/2024\/05\/Denver-1-scaled-1.webp","attachment_id":null},"quotes":{"type":"textarea","raw":"<h1 style=\"margin-bottom:12px\">Services de traduction \u00e0 Denver<\/h1>\r\n<p>\r\n    <a style=\"color: #2a2a2a; text-decoration: none;\" href=\"https:\/\/goo.gl\/maps\/mzepy9pGLjVMWnxa9\"><i class=\"fa fa-map-pin\"><\/i> 7535 East Hampden Avenue,\r\n        Suite 400, Denver, CO 80231\r\n        United States<\/a>\r\n    <a style=\"color: #2a2a2a; text-decoration: none;\" href=\"tel:+17202120849\"><i class=\"fa fa-phone\"><\/i> +1 (720) 212-0849<\/a>\r\n    <a style=\"color: #2a2a2a; text-decoration: none;\" href=\"mailto:denver@trustedtranslations.com\"><i class=\"fa fa-envelope\"><\/i>denver@trustedtranslations.com<\/a>\r\n<\/p>\r\n<div style=\"margin-top: 2.5vw;\"><a class=\"tt-btn-main-cta\" href=\"\/fr\/devis-traduction\">Demandez un devis gratuit<\/a><\/div>"},"text-1":{"type":"textarea","raw":"<h2>Carte de la succursale de Denver<\/h2>"},"shortcode-map":{"type":"textfield","raw":"[mostrar_mapa url=\"https:\/\/www.google.com\/maps\/embed?pb=!1m18!1m12!1m3!1d3067.5243549525285!2d-104.9992484250573!3d39.750333995930546!2m3!1f0!2f0!3f0!3m2!1i1024!2i768!4f13.1!3m3!1m2!1s0x876c78db305fc9a7%3A0x76b2cdee116daa79!2s1312%2017th%20St%2C%20Denver%2C%20CO%2080202%2C%20EE.%20UU.!5e0!3m2!1ses-419!2sar!4v1687794744903!5m2!1ses-419!2sar\" width=\"600px\" height=\"450px\"]"},"dyk-shortcode":{"type":"textfield","raw":"[elementor-template id=\"146546\"]"},"text-2":{"type":"textarea","raw":"<h2>Services de traduction professionnelle \u00e0 Denver<\/h2>\r\n<img class=\"alignright wp-image-211108\" src=\"https:\/\/static.trustedtranslations.com\/wp-content\/uploads\/2023\/06\/Denver-2-300x200.jpg\" alt=\"\" width=\"500\" height=\"333\" \/>\r\n<p class=\"MsoNormal\"><span lang=\"EN-US\">Gr\u00e2ce \u00e0 son emplacement et \u00e0 ses ressources r\u00e9gionales, les principales industries de la r\u00e9gion m\u00e9tropolitaine de Denver sont l\u2019a\u00e9rospatiale et l\u2019aviation, l\u2019\u00e9nergie, la <a href=\"https:\/\/www.trustedtranslations.com\/fr\/domaines\/finance\">finance<\/a>, le <a href=\"https:\/\/www.trustedtranslations.com\/fr\/domaines\/gouvernementale\">gouvernement<\/a>, les biosciences et la <a href=\"https:\/\/www.trustedtranslations.com\/fr\/domaines\/medicale\">sant\u00e9<\/a>, ainsi que la radiodiffusion et les <a href=\"https:\/\/www.trustedtranslations.com\/fr\/domaines\/medias\">communications num\u00e9riques<\/a>. <b><i>Trusted Translations<\/i><\/b> est un partenaire de confiance des principales <a href=\"https:\/\/www.trustedtranslations.com\/fr\/domaines\/entreprises\">entreprises<\/a> de la r\u00e9gion de Denver, telles que le National Renewable Energy Laboratory (NREL), Accenture Learning Certification Team, Sonsio, College for Financial Planning et Kodiak Building Partners, entre autres. <\/span><\/p>\r\n<p class=\"MsoNormal\"><span lang=\"EN-US\">Plus de 160 langues peuvent \u00eatre entendues dans toute la r\u00e9gion m\u00e9tropolitaine de Denver, ce qui en fait une r\u00e9gion v\u00e9ritablement <a href=\"https:\/\/www.trustedtranslations.com\/fr\/langues\/multilingue\">multilingue<\/a> dans laquelle plus de 937\u00a0000\u00a0habitants du Colorado parlent une langue autre que l\u2019anglais \u00e0 la maison. Environ 34\u00a0% de la population de la ville de Denver s\u2019identifie comme <a href=\"https:\/\/www.trustedtranslations.com\/fr\/langues\/espagnol\/caracteristiques\/espagnol-etats-unis\">hispanique<\/a> et l\u2019<a href=\"https:\/\/www.trustedtranslations.com\/fr\/langues\/espagnol\/services-de-traduction-espagnol\">espagnol<\/a> est parl\u00e9 par environ 600\u00a0000\u00a0habitants, dont la grande majorit\u00e9 est d\u2019origine <a href=\"https:\/\/www.trustedtranslations.com\/fr\/langues\/espagnol\/caracteristiques\/espagnol-latino-americain\">mexicaine<\/a>. Outre l\u2019espagnol, les langues \u00e9trang\u00e8res les plus populaires parl\u00e9es \u00e0 Denver sont le <a href=\"https:\/\/www.trustedtranslations.com\/fr\/langues\/vietnamien\">vietnamien<\/a>, l\u2019<a href=\"https:\/\/www.trustedtranslations.com\/fr\/langues\/arabe\">arabe<\/a> et le somali.\u00a0<\/span><\/p>\r\n\r\n<h2 style=\"margin-bottom:20px\">\u00c0 propos de la ville de Denver<\/h2>\r\nSurnomm\u00e9e la \u00ab\u00a0Mile High City\u00a0\u00bb en raison de sa haute altitude (1,6\u00a0km au-dessus du niveau de la mer), Denver est la capitale du Colorado et sa ville la plus peupl\u00e9e. La r\u00e9gion m\u00e9tropolitaine de Denver-Aurora-Lakewood se situe au niveau de L\u2019heure des Rocheuses, ce qui la rend particuli\u00e8rement bien plac\u00e9e pour les m\u00e9dias et les communications internationales, tandis que les montagnes Rocheuses voisines attirent des milliers de visiteurs chaque ann\u00e9e. La r\u00e9gion m\u00e9tropolitaine de Denver poss\u00e8de \u00e9galement l\u2019une des sc\u00e8nes technologiques \u00e0 la croissance la plus rapide du pays en dehors de la Silicon Valley.\r\n<h2 style=\"margin-bottom:20px\">Services de traduction multilingue \u00e0 Denver<\/h2>\r\nPour des services de traduction de qualit\u00e9 et les meilleurs tarifs de la r\u00e9gion, veuillez contacter notre bureau local <strong><em>Trusted Translations<\/em><\/strong> \u00e0 Denver pour un <a href=\"https:\/\/www.trustedtranslations.com\/fr\/devis-traduction\">devis<\/a> gratuit."},"state":{"type":"textfield","raw":""},"city":{"type":"textarea","raw":[]}}},"_links":{"self":[{"href":"https:\/\/www.trustedtranslations.com\/fr\/wp-json\/wp\/v2\/pages\/212137","targetHints":{"allow":["GET"]}}],"collection":[{"href":"https:\/\/www.trustedtranslations.com\/fr\/wp-json\/wp\/v2\/pages"}],"about":[{"href":"https:\/\/www.trustedtranslations.com\/fr\/wp-json\/wp\/v2\/types\/page"}],"author":[{"embeddable":true,"href":"https:\/\/www.trustedtranslations.com\/fr\/wp-json\/wp\/v2\/users\/1"}],"replies":[{"embeddable":true,"href":"https:\/\/www.trustedtranslations.com\/fr\/wp-json\/wp\/v2\/comments?post=212137"}],"version-history":[{"count":0,"href":"https:\/\/www.trustedtranslations.com\/fr\/wp-json\/wp\/v2\/pages\/212137\/revisions"}],"up":[{"embeddable":true,"href":"https:\/\/www.trustedtranslations.com\/fr\/wp-json\/wp\/v2\/pages\/128932"}],"wp:featuredmedia":[{"embeddable":true,"href":"https:\/\/www.trustedtranslations.com\/fr\/wp-json\/"}],"wp:attachment":[{"href":"https:\/\/www.trustedtranslations.com\/fr\/wp-json\/wp\/v2\/media?parent=212137"}],"curies":[{"name":"wp","href":"https:\/\/api.w.org\/{rel}","templated":true}]}}