{"id":217432,"date":"2023-08-02T11:23:43","date_gmt":"2023-08-02T14:23:43","guid":{"rendered":"https:\/\/www.trustedtranslations.com\/?page_id=217432"},"modified":"2023-08-09T14:00:22","modified_gmt":"2023-08-09T17:00:22","slug":"marathi","status":"publish","type":"page","link":"https:\/\/www.trustedtranslations.com\/fr\/langues\/marathi","title":{"rendered":"Marathi"},"content":{"rendered":"","protected":false},"excerpt":{"rendered":"","protected":false},"author":1,"featured_media":223057,"parent":129037,"menu_order":0,"comment_status":"closed","ping_status":"closed","template":"","meta":{"site-sidebar-layout":"default","site-content-layout":"default","ast-site-content-layout":"default","site-content-style":"default","site-sidebar-style":"default","ast-global-header-display":"","ast-banner-title-visibility":"","ast-main-header-display":"","ast-hfb-above-header-display":"","ast-hfb-below-header-display":"","ast-hfb-mobile-header-display":"","site-post-title":"","ast-breadcrumbs-content":"","ast-featured-img":"","footer-sml-layout":"","ast-disable-related-posts":"","theme-transparent-header-meta":"default","adv-header-id-meta":"","stick-header-meta":"","header-above-stick-meta":"","header-main-stick-meta":"","header-below-stick-meta":"","astra-migrate-meta-layouts":"default","ast-page-background-enabled":"default","ast-page-background-meta":{"desktop":{"background-color":"var(--ast-global-color-4)","background-image":"","background-repeat":"repeat","background-position":"center center","background-size":"auto","background-attachment":"scroll","background-type":"","background-media":"","overlay-type":"","overlay-color":"","overlay-opacity":"","overlay-gradient":""},"tablet":{"background-color":"","background-image":"","background-repeat":"repeat","background-position":"center center","background-size":"auto","background-attachment":"scroll","background-type":"","background-media":"","overlay-type":"","overlay-color":"","overlay-opacity":"","overlay-gradient":""},"mobile":{"background-color":"","background-image":"","background-repeat":"repeat","background-position":"center center","background-size":"auto","background-attachment":"scroll","background-type":"","background-media":"","overlay-type":"","overlay-color":"","overlay-opacity":"","overlay-gradient":""}},"ast-content-background-meta":{"desktop":{"background-color":"var(--ast-global-color-5)","background-image":"","background-repeat":"repeat","background-position":"center center","background-size":"auto","background-attachment":"scroll","background-type":"","background-media":"","overlay-type":"","overlay-color":"","overlay-opacity":"","overlay-gradient":""},"tablet":{"background-color":"var(--ast-global-color-5)","background-image":"","background-repeat":"repeat","background-position":"center center","background-size":"auto","background-attachment":"scroll","background-type":"","background-media":"","overlay-type":"","overlay-color":"","overlay-opacity":"","overlay-gradient":""},"mobile":{"background-color":"var(--ast-global-color-5)","background-image":"","background-repeat":"repeat","background-position":"center center","background-size":"auto","background-attachment":"scroll","background-type":"","background-media":"","overlay-type":"","overlay-color":"","overlay-opacity":"","overlay-gradient":""}},"footnotes":""},"class_list":["post-217432","page","type-page","status-publish","has-post-thumbnail","hentry"],"yoast_head":"<!-- This site is optimized with the Yoast SEO plugin v27.5 - https:\/\/yoast.com\/product\/yoast-seo-wordpress\/ -->\n<title>Leader de la traduction en marathi\u00a0: Trusted Translations<\/title>\n<meta name=\"description\" content=\"Trusted Translations\u00a0: Leader des services de traduction en marathi par des \u00e9quipes de traducteurs experts en marathi. Demandez un devis gratuit ou une consultation.\" \/>\n<meta name=\"robots\" content=\"index, follow, max-snippet:-1, max-image-preview:large, max-video-preview:-1\" \/>\n<link rel=\"canonical\" href=\"https:\/\/www.trustedtranslations.com\/fr\/langues\/marathi\" \/>\n<meta property=\"og:locale\" content=\"fr_FR\" \/>\n<meta property=\"og:type\" content=\"article\" \/>\n<meta property=\"og:title\" content=\"Leader de la traduction en marathi\u00a0: Trusted Translations\" \/>\n<meta property=\"og:description\" content=\"Trusted Translations\u00a0: Leader des services de traduction en marathi par des \u00e9quipes de traducteurs experts en marathi. Demandez un devis gratuit ou une consultation.\" \/>\n<meta property=\"og:url\" content=\"https:\/\/www.trustedtranslations.com\/fr\/langues\/marathi\" \/>\n<meta property=\"og:site_name\" content=\"Trusted Translations, Inc.\" \/>\n<meta property=\"article:publisher\" content=\"https:\/\/www.facebook.com\/Trusted.Translations\" \/>\n<meta property=\"article:modified_time\" content=\"2023-08-09T17:00:22+00:00\" \/>\n<meta property=\"og:image\" content=\"https:\/\/static.trustedtranslations.com\/wp-content\/uploads\/2022\/08\/TT_NEW_FB-1.png\" \/>\n\t<meta property=\"og:image:width\" content=\"1\" \/>\n\t<meta property=\"og:image:height\" content=\"1\" \/>\n\t<meta property=\"og:image:type\" content=\"image\/jpeg\" \/>\n<meta name=\"twitter:card\" content=\"summary_large_image\" \/>\n<meta name=\"twitter:site\" content=\"@TrustedT9ns\" \/>\n<script type=\"application\/ld+json\" class=\"yoast-schema-graph\">{\"@context\":\"https:\\\/\\\/schema.org\",\"@graph\":[{\"@type\":\"WebPage\",\"@id\":\"https:\\\/\\\/www.trustedtranslations.com\\\/fr\\\/langues\\\/marathi\",\"url\":\"https:\\\/\\\/www.trustedtranslations.com\\\/fr\\\/langues\\\/marathi\",\"name\":\"Leader de la traduction en marathi\u00a0: Trusted Translations\",\"isPartOf\":{\"@id\":\"https:\\\/\\\/www.trustedtranslations.com\\\/fr\\\/#website\"},\"primaryImageOfPage\":{\"@id\":\"https:\\\/\\\/www.trustedtranslations.com\\\/fr\\\/langues\\\/marathi#primaryimage\"},\"image\":{\"@id\":\"https:\\\/\\\/www.trustedtranslations.com\\\/fr\\\/langues\\\/marathi#primaryimage\"},\"thumbnailUrl\":\"https:\\\/\\\/www.trustedtranslations.com\\\/wp-content\\\/uploads\\\/2022\\\/08\\\/TT_NEW_FB-1.png\",\"description\":\"Trusted Translations\u00a0: Leader des services de traduction en marathi par des \u00e9quipes de traducteurs experts en marathi. Demandez un devis gratuit ou une consultation.\",\"breadcrumb\":{\"@id\":\"https:\\\/\\\/www.trustedtranslations.com\\\/fr\\\/langues\\\/marathi#breadcrumb\"},\"inLanguage\":\"fr-FR\",\"potentialAction\":[{\"@type\":\"ReadAction\",\"target\":[\"https:\\\/\\\/www.trustedtranslations.com\\\/fr\\\/langues\\\/marathi\"]}]},{\"@type\":\"ImageObject\",\"inLanguage\":\"fr-FR\",\"@id\":\"https:\\\/\\\/www.trustedtranslations.com\\\/fr\\\/langues\\\/marathi#primaryimage\",\"url\":\"https:\\\/\\\/www.trustedtranslations.com\\\/wp-content\\\/uploads\\\/2022\\\/08\\\/TT_NEW_FB-1.png\",\"contentUrl\":\"https:\\\/\\\/www.trustedtranslations.com\\\/wp-content\\\/uploads\\\/2022\\\/08\\\/TT_NEW_FB-1.png\",\"caption\":\"TT NEW FB 1\"},{\"@type\":\"BreadcrumbList\",\"@id\":\"https:\\\/\\\/www.trustedtranslations.com\\\/fr\\\/langues\\\/marathi#breadcrumb\",\"itemListElement\":[{\"@type\":\"ListItem\",\"position\":1,\"name\":\"Accueil\",\"item\":\"https:\\\/\\\/www.trustedtranslations.com\\\/fr\"},{\"@type\":\"ListItem\",\"position\":2,\"name\":\"Langues\",\"item\":\"https:\\\/\\\/www.trustedtranslations.com\\\/fr\\\/langues\"},{\"@type\":\"ListItem\",\"position\":3,\"name\":\"Marathi\"}]},{\"@type\":\"WebSite\",\"@id\":\"https:\\\/\\\/www.trustedtranslations.com\\\/fr\\\/#website\",\"url\":\"https:\\\/\\\/www.trustedtranslations.com\\\/fr\\\/\",\"name\":\"Trusted Translations, Inc.\",\"description\":\"Leader in translation and interpretation services.\",\"publisher\":{\"@id\":\"https:\\\/\\\/www.trustedtranslations.com\\\/fr\\\/#organization\"},\"alternateName\":\"Trusted Translations\",\"potentialAction\":[{\"@type\":\"SearchAction\",\"target\":{\"@type\":\"EntryPoint\",\"urlTemplate\":\"https:\\\/\\\/www.trustedtranslations.com\\\/fr\\\/?s={search_term_string}\"},\"query-input\":{\"@type\":\"PropertyValueSpecification\",\"valueRequired\":true,\"valueName\":\"search_term_string\"}}],\"inLanguage\":\"fr-FR\"},{\"@type\":\"Organization\",\"@id\":\"https:\\\/\\\/www.trustedtranslations.com\\\/fr\\\/#organization\",\"name\":\"Trusted Translations\",\"alternateName\":\"Trusted Translations, Inc.\",\"url\":\"https:\\\/\\\/www.trustedtranslations.com\\\/fr\\\/\",\"logo\":{\"@type\":\"ImageObject\",\"inLanguage\":\"fr-FR\",\"@id\":\"https:\\\/\\\/www.trustedtranslations.com\\\/fr\\\/#\\\/schema\\\/logo\\\/image\\\/\",\"url\":\"https:\\\/\\\/static.trustedtranslations.com\\\/wp-content\\\/uploads\\\/2022\\\/01\\\/TT_logo_WSIColors-2.png\",\"contentUrl\":\"https:\\\/\\\/static.trustedtranslations.com\\\/wp-content\\\/uploads\\\/2022\\\/01\\\/TT_logo_WSIColors-2.png\",\"width\":500,\"height\":196,\"caption\":\"Trusted Translations\"},\"image\":{\"@id\":\"https:\\\/\\\/www.trustedtranslations.com\\\/fr\\\/#\\\/schema\\\/logo\\\/image\\\/\"},\"sameAs\":[\"https:\\\/\\\/www.facebook.com\\\/Trusted.Translations\",\"https:\\\/\\\/x.com\\\/TrustedT9ns\",\"https:\\\/\\\/www.linkedin.com\\\/company\\\/trusted-translations\"]}]}<\/script>\n<!-- \/ Yoast SEO plugin. -->","yoast_head_json":{"title":"Leader de la traduction en marathi\u00a0: Trusted Translations","description":"Trusted Translations\u00a0: Leader des services de traduction en marathi par des \u00e9quipes de traducteurs experts en marathi. Demandez un devis gratuit ou une consultation.","robots":{"index":"index","follow":"follow","max-snippet":"max-snippet:-1","max-image-preview":"max-image-preview:large","max-video-preview":"max-video-preview:-1"},"canonical":"https:\/\/www.trustedtranslations.com\/fr\/langues\/marathi","og_locale":"fr_FR","og_type":"article","og_title":"Leader de la traduction en marathi\u00a0: Trusted Translations","og_description":"Trusted Translations\u00a0: Leader des services de traduction en marathi par des \u00e9quipes de traducteurs experts en marathi. Demandez un devis gratuit ou une consultation.","og_url":"https:\/\/www.trustedtranslations.com\/fr\/langues\/marathi","og_site_name":"Trusted Translations, Inc.","article_publisher":"https:\/\/www.facebook.com\/Trusted.Translations","article_modified_time":"2023-08-09T17:00:22+00:00","og_image":[{"url":"https:\/\/static.trustedtranslations.com\/wp-content\/uploads\/2022\/08\/TT_NEW_FB-1.png","width":1,"height":1,"type":"image\/jpeg"}],"twitter_card":"summary_large_image","twitter_site":"@TrustedT9ns","schema":{"@context":"https:\/\/schema.org","@graph":[{"@type":"WebPage","@id":"https:\/\/www.trustedtranslations.com\/fr\/langues\/marathi","url":"https:\/\/www.trustedtranslations.com\/fr\/langues\/marathi","name":"Leader de la traduction en marathi\u00a0: Trusted Translations","isPartOf":{"@id":"https:\/\/www.trustedtranslations.com\/fr\/#website"},"primaryImageOfPage":{"@id":"https:\/\/www.trustedtranslations.com\/fr\/langues\/marathi#primaryimage"},"image":{"@id":"https:\/\/www.trustedtranslations.com\/fr\/langues\/marathi#primaryimage"},"thumbnailUrl":"https:\/\/www.trustedtranslations.com\/wp-content\/uploads\/2022\/08\/TT_NEW_FB-1.png","description":"Trusted Translations\u00a0: Leader des services de traduction en marathi par des \u00e9quipes de traducteurs experts en marathi. Demandez un devis gratuit ou une consultation.","breadcrumb":{"@id":"https:\/\/www.trustedtranslations.com\/fr\/langues\/marathi#breadcrumb"},"inLanguage":"fr-FR","potentialAction":[{"@type":"ReadAction","target":["https:\/\/www.trustedtranslations.com\/fr\/langues\/marathi"]}]},{"@type":"ImageObject","inLanguage":"fr-FR","@id":"https:\/\/www.trustedtranslations.com\/fr\/langues\/marathi#primaryimage","url":"https:\/\/www.trustedtranslations.com\/wp-content\/uploads\/2022\/08\/TT_NEW_FB-1.png","contentUrl":"https:\/\/www.trustedtranslations.com\/wp-content\/uploads\/2022\/08\/TT_NEW_FB-1.png","caption":"TT NEW FB 1"},{"@type":"BreadcrumbList","@id":"https:\/\/www.trustedtranslations.com\/fr\/langues\/marathi#breadcrumb","itemListElement":[{"@type":"ListItem","position":1,"name":"Accueil","item":"https:\/\/www.trustedtranslations.com\/fr"},{"@type":"ListItem","position":2,"name":"Langues","item":"https:\/\/www.trustedtranslations.com\/fr\/langues"},{"@type":"ListItem","position":3,"name":"Marathi"}]},{"@type":"WebSite","@id":"https:\/\/www.trustedtranslations.com\/fr\/#website","url":"https:\/\/www.trustedtranslations.com\/fr\/","name":"Trusted Translations, Inc.","description":"Leader in translation and interpretation services.","publisher":{"@id":"https:\/\/www.trustedtranslations.com\/fr\/#organization"},"alternateName":"Trusted Translations","potentialAction":[{"@type":"SearchAction","target":{"@type":"EntryPoint","urlTemplate":"https:\/\/www.trustedtranslations.com\/fr\/?s={search_term_string}"},"query-input":{"@type":"PropertyValueSpecification","valueRequired":true,"valueName":"search_term_string"}}],"inLanguage":"fr-FR"},{"@type":"Organization","@id":"https:\/\/www.trustedtranslations.com\/fr\/#organization","name":"Trusted Translations","alternateName":"Trusted Translations, Inc.","url":"https:\/\/www.trustedtranslations.com\/fr\/","logo":{"@type":"ImageObject","inLanguage":"fr-FR","@id":"https:\/\/www.trustedtranslations.com\/fr\/#\/schema\/logo\/image\/","url":"https:\/\/static.trustedtranslations.com\/wp-content\/uploads\/2022\/01\/TT_logo_WSIColors-2.png","contentUrl":"https:\/\/static.trustedtranslations.com\/wp-content\/uploads\/2022\/01\/TT_logo_WSIColors-2.png","width":500,"height":196,"caption":"Trusted Translations"},"image":{"@id":"https:\/\/www.trustedtranslations.com\/fr\/#\/schema\/logo\/image\/"},"sameAs":["https:\/\/www.facebook.com\/Trusted.Translations","https:\/\/x.com\/TrustedT9ns","https:\/\/www.linkedin.com\/company\/trusted-translations"]}]}},"toolset-meta":{"dyk":{"mensaje-1":{"type":"textfield","raw":"Le marathi est l\u2019une des 15 langues les plus parl\u00e9es au monde."},"mensaje-2":{"type":"textfield","raw":"La litt\u00e9rature marathe remonte \u00e0 l\u2019an 1000 de notre \u00e8re."},"mensaje-3":{"type":"textfield","raw":"Le marathi est la troisi\u00e8me langue la plus parl\u00e9e en Inde."},"mensaje-4":{"type":"textfield","raw":"Les \u00c9tats-Unis comptent plus de 125\u00a0000 personnes parlant le marathi."},"mensaje-5":{"type":"textfield","raw":""},"mensaje-6":{"type":"textfield","raw":""}},"single-page-template-fields":{"imgs-temp":{"type":"image","raw":["https:\/\/static.trustedtranslations.com\/wp-content\/uploads\/2023\/07\/Marathi-port.jpg"],"repeatable":[{"raw":"https:\/\/static.trustedtranslations.com\/wp-content\/uploads\/2023\/07\/Marathi-port.jpg"}]},"imgs-temp-cel":{"type":"image","raw":["https:\/\/static.trustedtranslations.com\/wp-content\/uploads\/2023\/07\/Marathi.jpg"],"repeatable":[{"raw":"https:\/\/static.trustedtranslations.com\/wp-content\/uploads\/2023\/07\/Marathi.jpg"}]},"img-temp-one-cel":{"type":"image","raw":"","attachment_id":null},"quotes":{"type":"textarea","raw":"<h1 style=\"margin-bottom: 12px;\">Services de traduction en marathi <\/h1>Prestataire exp\u00e9riment\u00e9 de services de traduction en marathi, <em>Trusted Translations<\/em> propose des solutions rentables pour tout type de projet, \u00e0 des tarifs comp\u00e9titifs. Nos traducteurs natifs ne se contentent pas de traduire des mots, ils sont \u00e9galement \u00e0 l\u2019\u00e9coute des coutumes et des cultures locales, aidant ainsi les organisations \u00e9trang\u00e8res \u00e0 naviguer \u00e0 travers des r\u00e9glementations complexes et des nuances culturelles d\u00e9licates.<div style=\"margin-top: 2.5vw;\"><a class=\"tt-btn-main-cta\" href=\"\/fr\/devis-traduction\">Demande de devis gratuit<\/a><\/div>"},"text-1":{"type":"textarea","raw":"<h2 style=\"margin-top: -10px;\">Marathi pour d\u00e9butants<\/h2>Parl\u00e9 principalement dans l\u2019\u00c9tat de Maharashtra, ainsi que dans certaines parties des \u00c9tats voisins de Goa, Gujarat et Karnataka, le marathi compte environ 83\u00a0millions de locuteurs dans le monde. Connu pour sa diversit\u00e9 religieuse et sa tol\u00e9rance, cet \u00c9tat abrite de nombreuses confessions diff\u00e9rentes, dont l\u2019hindouisme (80\u00a0%), l\u2019islam (12\u00a0%) et le christianisme (1\u00a0%), ainsi que de plus petites communaut\u00e9s bouddhistes, ja\u00efnes et sikhes.<br>\r\nCe d\u00e9riv\u00e9 de l\u2019indo-aryen est l\u2019une des 22 langues r\u00e9pertori\u00e9es de l\u2019Inde, en vertu de la Constitution de 1960. Son \u00e9criture Devanagari est \u00e9galement utilis\u00e9e par d\u2019autres langues indiennes (dont le sanskrit, l\u2019<a href=\"https:\/\/www.trustedtranslations.com\/fr\/langues\/hindi\"><u>hindi<\/u><\/a> et le n\u00e9pali). Il existe plusieurs dialectes, mais la variante standard est bas\u00e9e sur la version parl\u00e9e \u00e0 Pune."},"shortcode-map":{"type":"textfield","raw":""},"dyk-shortcode":{"type":"textfield","raw":"[elementor-template id=\"146546\"]"},"text-2":{"type":"textarea","raw":"<h2>Un centre d\u2019affaires dynamique <\/h2>L\u2019\u00c9tat du Maharashtra, qui est un important <a href=\"https:\/\/www.trustedtranslations.com\/fr\/domaines\/entreprises\"><u>centre de commerce et d\u2019\u00e9changes commerciaux<\/u><\/a>, poss\u00e8de une \u00e9conomie bien diversifi\u00e9e. Les secteurs traditionnels (tels que l\u2019agriculture et le textile) fonctionnent harmonieusement aux c\u00f4t\u00e9s des <a href=\"https:\/\/www.trustedtranslations.com\/fr\/domaines\/technique\"><u>activit\u00e9s de haute technologie<\/u><\/a> qui comprennent les <a href=\"https:\/\/www.trustedtranslations.com\/fr\/domaines\/logiciels\"><u>technologies de l\u2019information<\/u><\/a>, la biotechnologie et l\u2019ing\u00e9nierie. \r\n<h2>Faire des affaires dans le Maharashtra<\/h2>\r\nParmi les \u00c9tats les plus riches de l\u2019Inde, le Maharashtra poss\u00e8de une \u00e9conomie vari\u00e9e. Strat\u00e9giquement situ\u00e9 sur la c\u00f4te ouest de l\u2019Inde, il offre un acc\u00e8s facile aux immenses march\u00e9s de l\u2019ouest et du sud de l\u2019Inde, gr\u00e2ce \u00e0 ses ports, ses a\u00e9roports et ses routes. Sa main-d\u2019\u0153uvre nombreuse est tr\u00e8s instruite, plusieurs \u00e9coles techniques et universit\u00e9s de haut niveau produisant des flux r\u00e9guliers de dipl\u00f4m\u00e9s. \r\nLa capitale de l\u2019\u00c9tat du Maharashtra abrite de nombreuses institutions financi\u00e8res de premier plan (dont deux bourses). Connue comme la capitale financi\u00e8re et la plus grande m\u00e9tropole de l\u2019Inde, Mumbai est \u00e9galement un centre d\u2019affaires et de commerce, son port accueillant une grande partie du commerce international de l\u2019Inde.<br>\r\nAvec plus de 400\u00a0milliards de dollars, le Maharashtra a le PIB le plus \u00e9lev\u00e9 de tous les \u00c9tats de l\u2019Inde. Cette \u00e9conomie puissante repose en grande partie sur l\u2019agriculture (en particulier le coton, le soja et la canne \u00e0 sucre) et l\u2019<a href=\"https:\/\/www.trustedtranslations.com\/fr\/domaines\/fabrication-industrielle\"><u>industrie<\/u><\/a> (en particulier l\u2019automobile, le textile et l\u2019ing\u00e9nierie). \r\n<h2>Le coup de pouce des experts<\/h2>\r\nMalgr\u00e9 tout ce dynamisme, la culture d\u2019entreprise a tendance \u00e0 \u00eatre hi\u00e9rarchique et formelle, soulignant le respect de l\u2019anciennet\u00e9 et de l\u2019autorit\u00e9. Les cadres \u00e9trangers doivent toujours garder \u00e0 l\u2019esprit l\u2019importance de la confiance et des liens personnels dans la culture marathe.<br>\r\nC\u2019est l\u00e0 que les conseils avis\u00e9s d\u2019un prestataire de services linguistiques exp\u00e9riment\u00e9 tel que <em>Trusted Translations<\/em> peuvent permettre de maintenir un projet sur la bonne voie. De la planification et de la pr\u00e9paration \u00e0 la livraison dans les d\u00e9lais et dans le respect du budget, nos gestionnaires et nos traducteurs natifs veillent \u00e0 fournir des traductions en marathi pr\u00e9cises et professionnelles."},"state":{"type":"textfield","raw":""},"city":{"type":"textarea","raw":[]}}},"_links":{"self":[{"href":"https:\/\/www.trustedtranslations.com\/fr\/wp-json\/wp\/v2\/pages\/217432","targetHints":{"allow":["GET"]}}],"collection":[{"href":"https:\/\/www.trustedtranslations.com\/fr\/wp-json\/wp\/v2\/pages"}],"about":[{"href":"https:\/\/www.trustedtranslations.com\/fr\/wp-json\/wp\/v2\/types\/page"}],"author":[{"embeddable":true,"href":"https:\/\/www.trustedtranslations.com\/fr\/wp-json\/wp\/v2\/users\/1"}],"replies":[{"embeddable":true,"href":"https:\/\/www.trustedtranslations.com\/fr\/wp-json\/wp\/v2\/comments?post=217432"}],"version-history":[{"count":0,"href":"https:\/\/www.trustedtranslations.com\/fr\/wp-json\/wp\/v2\/pages\/217432\/revisions"}],"up":[{"embeddable":true,"href":"https:\/\/www.trustedtranslations.com\/fr\/wp-json\/wp\/v2\/pages\/129037"}],"wp:featuredmedia":[{"embeddable":true,"href":"https:\/\/www.trustedtranslations.com\/fr\/wp-json\/wp\/v2\/media\/223057"}],"wp:attachment":[{"href":"https:\/\/www.trustedtranslations.com\/fr\/wp-json\/wp\/v2\/media?parent=217432"}],"curies":[{"name":"wp","href":"https:\/\/api.w.org\/{rel}","templated":true}]}}