{"id":217433,"date":"2023-08-02T11:25:23","date_gmt":"2023-08-02T14:25:23","guid":{"rendered":"https:\/\/www.trustedtranslations.com\/?page_id=217433"},"modified":"2024-09-11T13:38:53","modified_gmt":"2024-09-11T16:38:53","slug":"tagalog","status":"publish","type":"page","link":"https:\/\/www.trustedtranslations.com\/fr\/langues\/tagalog","title":{"rendered":"Tagalog"},"content":{"rendered":"","protected":false},"excerpt":{"rendered":"","protected":false},"author":1,"featured_media":223057,"parent":129037,"menu_order":0,"comment_status":"closed","ping_status":"closed","template":"","meta":{"site-sidebar-layout":"default","site-content-layout":"default","ast-site-content-layout":"default","site-content-style":"default","site-sidebar-style":"default","ast-global-header-display":"","ast-banner-title-visibility":"","ast-main-header-display":"","ast-hfb-above-header-display":"","ast-hfb-below-header-display":"","ast-hfb-mobile-header-display":"","site-post-title":"","ast-breadcrumbs-content":"","ast-featured-img":"","footer-sml-layout":"","ast-disable-related-posts":"","theme-transparent-header-meta":"default","adv-header-id-meta":"","stick-header-meta":"","header-above-stick-meta":"","header-main-stick-meta":"","header-below-stick-meta":"","astra-migrate-meta-layouts":"set","ast-page-background-enabled":"default","ast-page-background-meta":{"desktop":{"background-color":"var(--ast-global-color-4)","background-image":"","background-repeat":"repeat","background-position":"center center","background-size":"auto","background-attachment":"scroll","background-type":"","background-media":"","overlay-type":"","overlay-color":"","overlay-opacity":"","overlay-gradient":""},"tablet":{"background-color":"","background-image":"","background-repeat":"repeat","background-position":"center center","background-size":"auto","background-attachment":"scroll","background-type":"","background-media":"","overlay-type":"","overlay-color":"","overlay-opacity":"","overlay-gradient":""},"mobile":{"background-color":"","background-image":"","background-repeat":"repeat","background-position":"center center","background-size":"auto","background-attachment":"scroll","background-type":"","background-media":"","overlay-type":"","overlay-color":"","overlay-opacity":"","overlay-gradient":""}},"ast-content-background-meta":{"desktop":{"background-color":"var(--ast-global-color-5)","background-image":"","background-repeat":"repeat","background-position":"center center","background-size":"auto","background-attachment":"scroll","background-type":"","background-media":"","overlay-type":"","overlay-color":"","overlay-opacity":"","overlay-gradient":""},"tablet":{"background-color":"var(--ast-global-color-5)","background-image":"","background-repeat":"repeat","background-position":"center center","background-size":"auto","background-attachment":"scroll","background-type":"","background-media":"","overlay-type":"","overlay-color":"","overlay-opacity":"","overlay-gradient":""},"mobile":{"background-color":"var(--ast-global-color-5)","background-image":"","background-repeat":"repeat","background-position":"center center","background-size":"auto","background-attachment":"scroll","background-type":"","background-media":"","overlay-type":"","overlay-color":"","overlay-opacity":"","overlay-gradient":""}},"footnotes":""},"class_list":["post-217433","page","type-page","status-publish","has-post-thumbnail","hentry"],"yoast_head":"<!-- This site is optimized with the Yoast SEO plugin v27.3 - https:\/\/yoast.com\/product\/yoast-seo-wordpress\/ -->\n<title>Leader de la traduction en tagalog\u00a0: Trusted Translations<\/title>\n<meta name=\"description\" content=\"Trusted Translations\u00a0: Leader des services de traduction en tagalog par des \u00e9quipes de traducteurs experts en tagalog. Demandez un devis gratuit ou une consultation.\" \/>\n<meta name=\"robots\" content=\"index, follow, max-snippet:-1, max-image-preview:large, max-video-preview:-1\" \/>\n<link rel=\"canonical\" href=\"https:\/\/www.trustedtranslations.com\/fr\/langues\/tagalog\" \/>\n<meta property=\"og:locale\" content=\"fr_FR\" \/>\n<meta property=\"og:type\" content=\"article\" \/>\n<meta property=\"og:title\" content=\"Leader de la traduction en tagalog\u00a0: Trusted Translations\" \/>\n<meta property=\"og:description\" content=\"Trusted Translations\u00a0: Leader des services de traduction en tagalog par des \u00e9quipes de traducteurs experts en tagalog. Demandez un devis gratuit ou une consultation.\" \/>\n<meta property=\"og:url\" content=\"https:\/\/www.trustedtranslations.com\/fr\/langues\/tagalog\" \/>\n<meta property=\"og:site_name\" content=\"Trusted Translations, Inc.\" \/>\n<meta property=\"article:publisher\" content=\"https:\/\/www.facebook.com\/Trusted.Translations\" \/>\n<meta property=\"article:modified_time\" content=\"2024-09-11T16:38:53+00:00\" \/>\n<meta property=\"og:image\" content=\"https:\/\/static.trustedtranslations.com\/wp-content\/uploads\/2022\/08\/TT_NEW_FB-1.png\" \/>\n\t<meta property=\"og:image:width\" content=\"1\" \/>\n\t<meta property=\"og:image:height\" content=\"1\" \/>\n\t<meta property=\"og:image:type\" content=\"image\/jpeg\" \/>\n<meta name=\"twitter:card\" content=\"summary_large_image\" \/>\n<meta name=\"twitter:site\" content=\"@TrustedT9ns\" \/>\n<script type=\"application\/ld+json\" class=\"yoast-schema-graph\">{\"@context\":\"https:\\\/\\\/schema.org\",\"@graph\":[{\"@type\":\"WebPage\",\"@id\":\"https:\\\/\\\/www.trustedtranslations.com\\\/fr\\\/langues\\\/tagalog\",\"url\":\"https:\\\/\\\/www.trustedtranslations.com\\\/fr\\\/langues\\\/tagalog\",\"name\":\"Leader de la traduction en tagalog\u00a0: Trusted Translations\",\"isPartOf\":{\"@id\":\"https:\\\/\\\/www.trustedtranslations.com\\\/fr\\\/#website\"},\"primaryImageOfPage\":{\"@id\":\"https:\\\/\\\/www.trustedtranslations.com\\\/fr\\\/langues\\\/tagalog#primaryimage\"},\"image\":{\"@id\":\"https:\\\/\\\/www.trustedtranslations.com\\\/fr\\\/langues\\\/tagalog#primaryimage\"},\"thumbnailUrl\":\"https:\\\/\\\/www.trustedtranslations.com\\\/wp-content\\\/uploads\\\/2022\\\/08\\\/TT_NEW_FB-1.png\",\"description\":\"Trusted Translations\u00a0: Leader des services de traduction en tagalog par des \u00e9quipes de traducteurs experts en tagalog. Demandez un devis gratuit ou une consultation.\",\"breadcrumb\":{\"@id\":\"https:\\\/\\\/www.trustedtranslations.com\\\/fr\\\/langues\\\/tagalog#breadcrumb\"},\"inLanguage\":\"fr-FR\",\"potentialAction\":[{\"@type\":\"ReadAction\",\"target\":[\"https:\\\/\\\/www.trustedtranslations.com\\\/fr\\\/langues\\\/tagalog\"]}]},{\"@type\":\"ImageObject\",\"inLanguage\":\"fr-FR\",\"@id\":\"https:\\\/\\\/www.trustedtranslations.com\\\/fr\\\/langues\\\/tagalog#primaryimage\",\"url\":\"https:\\\/\\\/www.trustedtranslations.com\\\/wp-content\\\/uploads\\\/2022\\\/08\\\/TT_NEW_FB-1.png\",\"contentUrl\":\"https:\\\/\\\/www.trustedtranslations.com\\\/wp-content\\\/uploads\\\/2022\\\/08\\\/TT_NEW_FB-1.png\",\"caption\":\"TT NEW FB 1\"},{\"@type\":\"BreadcrumbList\",\"@id\":\"https:\\\/\\\/www.trustedtranslations.com\\\/fr\\\/langues\\\/tagalog#breadcrumb\",\"itemListElement\":[{\"@type\":\"ListItem\",\"position\":1,\"name\":\"Accueil\",\"item\":\"https:\\\/\\\/www.trustedtranslations.com\\\/fr\"},{\"@type\":\"ListItem\",\"position\":2,\"name\":\"Langues\",\"item\":\"https:\\\/\\\/www.trustedtranslations.com\\\/fr\\\/langues\"},{\"@type\":\"ListItem\",\"position\":3,\"name\":\"Tagalog\"}]},{\"@type\":\"WebSite\",\"@id\":\"https:\\\/\\\/www.trustedtranslations.com\\\/fr\\\/#website\",\"url\":\"https:\\\/\\\/www.trustedtranslations.com\\\/fr\\\/\",\"name\":\"Trusted Translations, Inc.\",\"description\":\"Leader in translation and interpretation services.\",\"publisher\":{\"@id\":\"https:\\\/\\\/www.trustedtranslations.com\\\/fr\\\/#organization\"},\"alternateName\":\"Trusted Translations\",\"potentialAction\":[{\"@type\":\"SearchAction\",\"target\":{\"@type\":\"EntryPoint\",\"urlTemplate\":\"https:\\\/\\\/www.trustedtranslations.com\\\/fr\\\/?s={search_term_string}\"},\"query-input\":{\"@type\":\"PropertyValueSpecification\",\"valueRequired\":true,\"valueName\":\"search_term_string\"}}],\"inLanguage\":\"fr-FR\"},{\"@type\":\"Organization\",\"@id\":\"https:\\\/\\\/www.trustedtranslations.com\\\/fr\\\/#organization\",\"name\":\"Trusted Translations\",\"alternateName\":\"Trusted Translations, Inc.\",\"url\":\"https:\\\/\\\/www.trustedtranslations.com\\\/fr\\\/\",\"logo\":{\"@type\":\"ImageObject\",\"inLanguage\":\"fr-FR\",\"@id\":\"https:\\\/\\\/www.trustedtranslations.com\\\/fr\\\/#\\\/schema\\\/logo\\\/image\\\/\",\"url\":\"https:\\\/\\\/static.trustedtranslations.com\\\/wp-content\\\/uploads\\\/2022\\\/01\\\/TT_logo_WSIColors-2.png\",\"contentUrl\":\"https:\\\/\\\/static.trustedtranslations.com\\\/wp-content\\\/uploads\\\/2022\\\/01\\\/TT_logo_WSIColors-2.png\",\"width\":500,\"height\":196,\"caption\":\"Trusted Translations\"},\"image\":{\"@id\":\"https:\\\/\\\/www.trustedtranslations.com\\\/fr\\\/#\\\/schema\\\/logo\\\/image\\\/\"},\"sameAs\":[\"https:\\\/\\\/www.facebook.com\\\/Trusted.Translations\",\"https:\\\/\\\/x.com\\\/TrustedT9ns\",\"https:\\\/\\\/www.linkedin.com\\\/company\\\/trusted-translations\"]}]}<\/script>\n<!-- \/ Yoast SEO plugin. -->","yoast_head_json":{"title":"Leader de la traduction en tagalog\u00a0: Trusted Translations","description":"Trusted Translations\u00a0: Leader des services de traduction en tagalog par des \u00e9quipes de traducteurs experts en tagalog. Demandez un devis gratuit ou une consultation.","robots":{"index":"index","follow":"follow","max-snippet":"max-snippet:-1","max-image-preview":"max-image-preview:large","max-video-preview":"max-video-preview:-1"},"canonical":"https:\/\/www.trustedtranslations.com\/fr\/langues\/tagalog","og_locale":"fr_FR","og_type":"article","og_title":"Leader de la traduction en tagalog\u00a0: Trusted Translations","og_description":"Trusted Translations\u00a0: Leader des services de traduction en tagalog par des \u00e9quipes de traducteurs experts en tagalog. Demandez un devis gratuit ou une consultation.","og_url":"https:\/\/www.trustedtranslations.com\/fr\/langues\/tagalog","og_site_name":"Trusted Translations, Inc.","article_publisher":"https:\/\/www.facebook.com\/Trusted.Translations","article_modified_time":"2024-09-11T16:38:53+00:00","og_image":[{"url":"https:\/\/static.trustedtranslations.com\/wp-content\/uploads\/2022\/08\/TT_NEW_FB-1.png","width":1,"height":1,"type":"image\/jpeg"}],"twitter_card":"summary_large_image","twitter_site":"@TrustedT9ns","schema":{"@context":"https:\/\/schema.org","@graph":[{"@type":"WebPage","@id":"https:\/\/www.trustedtranslations.com\/fr\/langues\/tagalog","url":"https:\/\/www.trustedtranslations.com\/fr\/langues\/tagalog","name":"Leader de la traduction en tagalog\u00a0: Trusted Translations","isPartOf":{"@id":"https:\/\/www.trustedtranslations.com\/fr\/#website"},"primaryImageOfPage":{"@id":"https:\/\/www.trustedtranslations.com\/fr\/langues\/tagalog#primaryimage"},"image":{"@id":"https:\/\/www.trustedtranslations.com\/fr\/langues\/tagalog#primaryimage"},"thumbnailUrl":"https:\/\/www.trustedtranslations.com\/wp-content\/uploads\/2022\/08\/TT_NEW_FB-1.png","description":"Trusted Translations\u00a0: Leader des services de traduction en tagalog par des \u00e9quipes de traducteurs experts en tagalog. Demandez un devis gratuit ou une consultation.","breadcrumb":{"@id":"https:\/\/www.trustedtranslations.com\/fr\/langues\/tagalog#breadcrumb"},"inLanguage":"fr-FR","potentialAction":[{"@type":"ReadAction","target":["https:\/\/www.trustedtranslations.com\/fr\/langues\/tagalog"]}]},{"@type":"ImageObject","inLanguage":"fr-FR","@id":"https:\/\/www.trustedtranslations.com\/fr\/langues\/tagalog#primaryimage","url":"https:\/\/www.trustedtranslations.com\/wp-content\/uploads\/2022\/08\/TT_NEW_FB-1.png","contentUrl":"https:\/\/www.trustedtranslations.com\/wp-content\/uploads\/2022\/08\/TT_NEW_FB-1.png","caption":"TT NEW FB 1"},{"@type":"BreadcrumbList","@id":"https:\/\/www.trustedtranslations.com\/fr\/langues\/tagalog#breadcrumb","itemListElement":[{"@type":"ListItem","position":1,"name":"Accueil","item":"https:\/\/www.trustedtranslations.com\/fr"},{"@type":"ListItem","position":2,"name":"Langues","item":"https:\/\/www.trustedtranslations.com\/fr\/langues"},{"@type":"ListItem","position":3,"name":"Tagalog"}]},{"@type":"WebSite","@id":"https:\/\/www.trustedtranslations.com\/fr\/#website","url":"https:\/\/www.trustedtranslations.com\/fr\/","name":"Trusted Translations, Inc.","description":"Leader in translation and interpretation services.","publisher":{"@id":"https:\/\/www.trustedtranslations.com\/fr\/#organization"},"alternateName":"Trusted Translations","potentialAction":[{"@type":"SearchAction","target":{"@type":"EntryPoint","urlTemplate":"https:\/\/www.trustedtranslations.com\/fr\/?s={search_term_string}"},"query-input":{"@type":"PropertyValueSpecification","valueRequired":true,"valueName":"search_term_string"}}],"inLanguage":"fr-FR"},{"@type":"Organization","@id":"https:\/\/www.trustedtranslations.com\/fr\/#organization","name":"Trusted Translations","alternateName":"Trusted Translations, Inc.","url":"https:\/\/www.trustedtranslations.com\/fr\/","logo":{"@type":"ImageObject","inLanguage":"fr-FR","@id":"https:\/\/www.trustedtranslations.com\/fr\/#\/schema\/logo\/image\/","url":"https:\/\/static.trustedtranslations.com\/wp-content\/uploads\/2022\/01\/TT_logo_WSIColors-2.png","contentUrl":"https:\/\/static.trustedtranslations.com\/wp-content\/uploads\/2022\/01\/TT_logo_WSIColors-2.png","width":500,"height":196,"caption":"Trusted Translations"},"image":{"@id":"https:\/\/www.trustedtranslations.com\/fr\/#\/schema\/logo\/image\/"},"sameAs":["https:\/\/www.facebook.com\/Trusted.Translations","https:\/\/x.com\/TrustedT9ns","https:\/\/www.linkedin.com\/company\/trusted-translations"]}]}},"toolset-meta":{"dyk":{"mensaje-1":{"type":"textfield","raw":"Le philippin est une vari\u00e9t\u00e9 standardis\u00e9e du tagalog."},"mensaje-2":{"type":"textfield","raw":"Le tagalog a \u00e9t\u00e9 d\u00e9clar\u00e9 langue nationale des Philippines en 1937."},"mensaje-3":{"type":"textfield","raw":"Les \u00c9tats-Unis comptent environ 1,8\u00a0million de locuteurs du tagalog."},"mensaje-4":{"type":"textfield","raw":"Le tagalog compte environ 4\u00a0000 mots emprunt\u00e9s \u00e0 l\u2019espagnol."},"mensaje-5":{"type":"textfield","raw":""},"mensaje-6":{"type":"textfield","raw":""}},"single-page-template-fields":{"imgs-temp":{"type":"image","raw":["https:\/\/static.trustedtranslations.com\/wp-content\/uploads\/2023\/07\/Philippines-port.jpg"],"repeatable":[{"raw":"https:\/\/static.trustedtranslations.com\/wp-content\/uploads\/2023\/07\/Philippines-port.jpg"}]},"imgs-temp-cel":{"type":"image","raw":["https:\/\/static.trustedtranslations.com\/wp-content\/uploads\/2023\/07\/Philippines.jpg"],"repeatable":[{"raw":"https:\/\/static.trustedtranslations.com\/wp-content\/uploads\/2023\/07\/Philippines.jpg"}]},"img-temp-one-cel":{"type":"image","raw":"","attachment_id":null},"quotes":{"type":"textarea","raw":"<h1 style=\"margin-bottom: 12px;\">Services linguistiques en tagalog <\/h1>\u00c9galement connu sous le nom de philippin, le tagalog est l\u2019une des langues les plus parl\u00e9es aux Philippines. Premi\u00e8re langue de la plupart des Philippins, c\u2019est aujourd\u2019hui l\u2019une des deux langues officielles, avec l\u2019anglais, de cette \u00eele-nation. Mais les traducteurs natifs qui travaillent pour <em>Trusted Translations<\/em> savent qu\u2019il ne s\u2019agit l\u00e0 que de la partie bilingue d\u2019un iceberg multilingue\u00a0: pr\u00e8s de 114\u00a0millions de Philippins parlent plus de 170 langues et dialectes\u00a0! <div style=\"margin-top: 2.5vw;\"><a class=\"tt-btn-main-cta\" href=\"\/fr\/devis-traduction\">Demande de devis gratuit<\/a><\/div>"},"text-1":{"type":"textarea","raw":"<h2>Services de traduction de haute qualit\u00e9 en philippin<\/h2>Cette diversit\u00e9 se refl\u00e8te dans un concept fondamental de la soci\u00e9t\u00e9 philippine\u00a0: l\u2019esprit Bayanihan. Tissant tous ces fils culturels en un tissu social coh\u00e9rent, le Bayanihan est l\u2019essence de la gentillesse et de la coop\u00e9ration qui a guid\u00e9 ces communaut\u00e9s \u00e0 travers des si\u00e8cles de vagues successives d\u2019habitants.\r\n<h2 style=\"margin-top: -10px;\">Une \u00ab\u00a0pierre de Rosette\u00a0\u00bb du Pacifique\u00a0?<\/h2>Le tagalog, l\u2019une des nombreuses langues austron\u00e9siennes qui se sont d\u00e9velopp\u00e9es dans l\u2019oc\u00e9an Pacifique, partage son h\u00e9ritage linguistique proto-philippin avec l\u2019hawa\u00efen, le m\u0101ori et le malais. Il n\u2019est pas surprenant qu\u2019il y ait peu de traces de langues pr\u00e9colombiennes dans la r\u00e9gion du Pacifique.<br><br>\r\nCependant, en 1992, l\u2019inscription sur cuivre de Laguna a \u00e9t\u00e9 d\u00e9couverte. Datant du IXe si\u00e8cle, cette ancienne tablette est grav\u00e9e en javanais, en malais et en sanskrit. Cela laisse entrevoir une myst\u00e9rieuse culture aux influences hindoues aux Philippines, bien avant l\u2019arriv\u00e9e des musulmans au XIIe si\u00e8cle ou l\u2019exp\u00e9dition espagnole dirig\u00e9e par l\u2019explorateur Ferdinand Magellan en mars 1521. \r\n\r\n<h2>Mettre fin \u00e0 500 ans de subordination<\/h2>\r\nCela commen\u00e7a avec le d\u00e9but de la colonisation espagnole. Apr\u00e8s avoir r\u00e9prim\u00e9 plusieurs soul\u00e8vements, l\u2019Espagne a r\u00e9gn\u00e9 sur les Philippines jusqu\u2019en 1898, date \u00e0 laquelle elle a c\u00e9d\u00e9 les \u00eeles aux \u00c9tats-Unis apr\u00e8s avoir perdu la guerre hispano-am\u00e9ricaine. \u00c9crasant les espoirs d\u2019ind\u00e9pendance des Philippins, les \u00c9tats-Unis ont prolong\u00e9 cette domination coloniale. N\u00e9anmoins, les trois \u00eeles principales ont connu d\u2019importantes r\u00e9formes \u00e9conomiques et \u00e9ducatives, ainsi qu\u2019une modernisation structurelle et une urbanisation. <br><br>\r\nApr\u00e8s la lib\u00e9ration des Philippines de l\u2019occupation japonaise pendant la Seconde Guerre mondiale, l\u2019\u00e9tape suivante a \u00e9t\u00e9 la reconnaissance du statut de r\u00e9publique ind\u00e9pendante en 1946. L\u2019un des avantages de cette histoire h\u00e9t\u00e9roclite est que la plupart des Philippins sont multilingues et parlent couramment le Wikang Filipino standardis\u00e9, ainsi que le tagalog et l\u2019<a href=\"https:\/\/www.trustedtranslations.com\/fr\/langues\/anglais\"><u>anglais<\/u><\/a>. Sa population jeune et en forte croissance apprend les deux langues officielles en vertu de la loi de 1987 sur la politique d\u2019\u00e9ducation bilingue."},"shortcode-map":{"type":"textfield","raw":""},"dyk-shortcode":{"type":"textfield","raw":"[elementor-template id=\"146546\"]"},"text-2":{"type":"textarea","raw":"<h2>Perspectives commerciales <\/h2>March\u00e9 \u00e9mergent et r\u00e9cemment industrialis\u00e9, l\u2019\u00e9conomie philippine s\u2019\u00e9loigne de ses racines agricoles (principalement les fruits et l\u2019huile de noix de coco) pour s\u2019orienter vers une \u00e9conomie bas\u00e9e davantage sur la <a href=\"https:\/\/www.trustedtranslations.com\/fr\/domaines\/fabrication-industrielle\"><u>production industrielle<\/u><\/a> et les services. Avec une croissance annuelle moyenne d\u2019environ 6\u00a0%, ce lionceau tigr\u00e9 est un acteur de premier plan dans la r\u00e9gion Asie-Pacifique.<br><br>\r\nLes exportations primaires comprennent l\u2019<a href=\"https:\/\/www.trustedtranslations.com\/fr\/domaines\/logiciels\"><u>\u00e9lectronique et les semi-conducteurs<\/u><\/a>, ainsi que des produits chimiques, des v\u00eatements et des \u00e9quipements de transport. Avec 55 mines d\u00e9j\u00e0 en activit\u00e9, ses riches gisements de cuivre, d\u2019or, de nickel et d\u2019autres min\u00e9raux pr\u00e9cieux sont encore largement inexploit\u00e9s.<br><br>\r\nAvec un march\u00e9 pharmaceutique attrayant et des d\u00e9penses d\u2019infrastructure publique pr\u00e9vues \u00e0 plus de 5,0\u00a0% du PIB, les Philippines semblent promises \u00e0 la croissance et \u00e0 la prosp\u00e9rit\u00e9. Au cours du premier trimestre 2023, le total des approbations d\u2019investissements \u00e9trangers a plus que doubl\u00e9, passant de pr\u00e8s de 160\u00a0millions de dollars \u00e0 3\u00a0milliards de dollars, selon l\u2019autorit\u00e9 statistique philippine. \r\n<h2>\u00c9viter les pi\u00e8ges sociaux aux Philippines<\/h2>\r\nBien qu\u2019elles suivent le rythme de la <a href=\"https:\/\/www.trustedtranslations.com\/fr\/domaines\/technique\"><u>technologie<\/u><\/a> moderne, de nombreuses traditions philippines sont encore fermement ancr\u00e9es dans la courtoisie de tous les jours, en particulier le respect profond des a\u00een\u00e9s. Pour les <a href=\"https:\/\/www.trustedtranslations.com\/fr\/domaines\/entreprises\"><u>entreprises<\/u><\/a> \u00e9trang\u00e8res d\u00e9sireuses de conclure leurs affaires, le plus judicieux est de faire appel aux experts linguistiques professionnels de <em>Trusted Translations<\/em>, qui r\u00e9pondront \u00e0 tous vos besoins linguistiques."},"state":{"type":"textfield","raw":""},"city":{"type":"textarea","raw":[]}}},"_links":{"self":[{"href":"https:\/\/www.trustedtranslations.com\/fr\/wp-json\/wp\/v2\/pages\/217433","targetHints":{"allow":["GET"]}}],"collection":[{"href":"https:\/\/www.trustedtranslations.com\/fr\/wp-json\/wp\/v2\/pages"}],"about":[{"href":"https:\/\/www.trustedtranslations.com\/fr\/wp-json\/wp\/v2\/types\/page"}],"author":[{"embeddable":true,"href":"https:\/\/www.trustedtranslations.com\/fr\/wp-json\/wp\/v2\/users\/1"}],"replies":[{"embeddable":true,"href":"https:\/\/www.trustedtranslations.com\/fr\/wp-json\/wp\/v2\/comments?post=217433"}],"version-history":[{"count":0,"href":"https:\/\/www.trustedtranslations.com\/fr\/wp-json\/wp\/v2\/pages\/217433\/revisions"}],"up":[{"embeddable":true,"href":"https:\/\/www.trustedtranslations.com\/fr\/wp-json\/wp\/v2\/pages\/129037"}],"wp:featuredmedia":[{"embeddable":true,"href":"https:\/\/www.trustedtranslations.com\/fr\/wp-json\/wp\/v2\/media\/223057"}],"wp:attachment":[{"href":"https:\/\/www.trustedtranslations.com\/fr\/wp-json\/wp\/v2\/media?parent=217433"}],"curies":[{"name":"wp","href":"https:\/\/api.w.org\/{rel}","templated":true}]}}