{"id":217434,"date":"2023-08-02T11:26:34","date_gmt":"2023-08-02T14:26:34","guid":{"rendered":"https:\/\/www.trustedtranslations.com\/?page_id=217434"},"modified":"2024-09-11T13:44:10","modified_gmt":"2024-09-11T16:44:10","slug":"turc","status":"publish","type":"page","link":"https:\/\/www.trustedtranslations.com\/fr\/langues\/turc","title":{"rendered":"Turc"},"content":{"rendered":"","protected":false},"excerpt":{"rendered":"","protected":false},"author":1,"featured_media":223057,"parent":129037,"menu_order":0,"comment_status":"closed","ping_status":"closed","template":"","meta":{"site-sidebar-layout":"default","site-content-layout":"default","ast-site-content-layout":"default","site-content-style":"default","site-sidebar-style":"default","ast-global-header-display":"","ast-banner-title-visibility":"","ast-main-header-display":"","ast-hfb-above-header-display":"","ast-hfb-below-header-display":"","ast-hfb-mobile-header-display":"","site-post-title":"","ast-breadcrumbs-content":"","ast-featured-img":"","footer-sml-layout":"","ast-disable-related-posts":"","theme-transparent-header-meta":"default","adv-header-id-meta":"","stick-header-meta":"","header-above-stick-meta":"","header-main-stick-meta":"","header-below-stick-meta":"","astra-migrate-meta-layouts":"set","ast-page-background-enabled":"default","ast-page-background-meta":{"desktop":{"background-color":"var(--ast-global-color-4)","background-image":"","background-repeat":"repeat","background-position":"center center","background-size":"auto","background-attachment":"scroll","background-type":"","background-media":"","overlay-type":"","overlay-color":"","overlay-opacity":"","overlay-gradient":""},"tablet":{"background-color":"","background-image":"","background-repeat":"repeat","background-position":"center center","background-size":"auto","background-attachment":"scroll","background-type":"","background-media":"","overlay-type":"","overlay-color":"","overlay-opacity":"","overlay-gradient":""},"mobile":{"background-color":"","background-image":"","background-repeat":"repeat","background-position":"center center","background-size":"auto","background-attachment":"scroll","background-type":"","background-media":"","overlay-type":"","overlay-color":"","overlay-opacity":"","overlay-gradient":""}},"ast-content-background-meta":{"desktop":{"background-color":"var(--ast-global-color-5)","background-image":"","background-repeat":"repeat","background-position":"center center","background-size":"auto","background-attachment":"scroll","background-type":"","background-media":"","overlay-type":"","overlay-color":"","overlay-opacity":"","overlay-gradient":""},"tablet":{"background-color":"var(--ast-global-color-5)","background-image":"","background-repeat":"repeat","background-position":"center center","background-size":"auto","background-attachment":"scroll","background-type":"","background-media":"","overlay-type":"","overlay-color":"","overlay-opacity":"","overlay-gradient":""},"mobile":{"background-color":"var(--ast-global-color-5)","background-image":"","background-repeat":"repeat","background-position":"center center","background-size":"auto","background-attachment":"scroll","background-type":"","background-media":"","overlay-type":"","overlay-color":"","overlay-opacity":"","overlay-gradient":""}},"footnotes":""},"class_list":["post-217434","page","type-page","status-publish","has-post-thumbnail","hentry"],"yoast_head":"<!-- This site is optimized with the Yoast SEO plugin v27.3 - https:\/\/yoast.com\/product\/yoast-seo-wordpress\/ -->\n<title>Services de traduction en turc - Trusted Translations, Inc.<\/title>\n<meta name=\"description\" content=\"Services de traduction en turc de haute qualit\u00e9. Les traducteurs natifs exp\u00e9riment\u00e9s de Trusted Translations fournissent des traductions pr\u00e9cises et fiables. Contactez-nous pour obtenir un devis gratuit.\" \/>\n<meta name=\"robots\" content=\"index, follow, max-snippet:-1, max-image-preview:large, max-video-preview:-1\" \/>\n<link rel=\"canonical\" href=\"https:\/\/www.trustedtranslations.com\/fr\/langues\/turc\" \/>\n<meta property=\"og:locale\" content=\"fr_FR\" \/>\n<meta property=\"og:type\" content=\"article\" \/>\n<meta property=\"og:title\" content=\"Services de traduction en turc - Trusted Translations, Inc.\" \/>\n<meta property=\"og:description\" content=\"Services de traduction en turc de haute qualit\u00e9. Les traducteurs natifs exp\u00e9riment\u00e9s de Trusted Translations fournissent des traductions pr\u00e9cises et fiables. Contactez-nous pour obtenir un devis gratuit.\" \/>\n<meta property=\"og:url\" content=\"https:\/\/www.trustedtranslations.com\/fr\/langues\/turc\" \/>\n<meta property=\"og:site_name\" content=\"Trusted Translations, Inc.\" \/>\n<meta property=\"article:publisher\" content=\"https:\/\/www.facebook.com\/Trusted.Translations\" \/>\n<meta property=\"article:modified_time\" content=\"2024-09-11T16:44:10+00:00\" \/>\n<meta property=\"og:image\" content=\"https:\/\/static.trustedtranslations.com\/wp-content\/uploads\/2022\/08\/TT_NEW_FB-1.png\" \/>\n\t<meta property=\"og:image:width\" content=\"1\" \/>\n\t<meta property=\"og:image:height\" content=\"1\" \/>\n\t<meta property=\"og:image:type\" content=\"image\/jpeg\" \/>\n<meta name=\"twitter:card\" content=\"summary_large_image\" \/>\n<meta name=\"twitter:site\" content=\"@TrustedT9ns\" \/>\n<script type=\"application\/ld+json\" class=\"yoast-schema-graph\">{\"@context\":\"https:\\\/\\\/schema.org\",\"@graph\":[{\"@type\":\"WebPage\",\"@id\":\"https:\\\/\\\/www.trustedtranslations.com\\\/fr\\\/langues\\\/turc\",\"url\":\"https:\\\/\\\/www.trustedtranslations.com\\\/fr\\\/langues\\\/turc\",\"name\":\"Services de traduction en turc - Trusted Translations, Inc.\",\"isPartOf\":{\"@id\":\"https:\\\/\\\/www.trustedtranslations.com\\\/fr\\\/#website\"},\"primaryImageOfPage\":{\"@id\":\"https:\\\/\\\/www.trustedtranslations.com\\\/fr\\\/langues\\\/turc#primaryimage\"},\"image\":{\"@id\":\"https:\\\/\\\/www.trustedtranslations.com\\\/fr\\\/langues\\\/turc#primaryimage\"},\"thumbnailUrl\":\"https:\\\/\\\/www.trustedtranslations.com\\\/wp-content\\\/uploads\\\/2022\\\/08\\\/TT_NEW_FB-1.png\",\"description\":\"Services de traduction en turc de haute qualit\u00e9. Les traducteurs natifs exp\u00e9riment\u00e9s de Trusted Translations fournissent des traductions pr\u00e9cises et fiables. Contactez-nous pour obtenir un devis gratuit.\",\"breadcrumb\":{\"@id\":\"https:\\\/\\\/www.trustedtranslations.com\\\/fr\\\/langues\\\/turc#breadcrumb\"},\"inLanguage\":\"fr-FR\",\"potentialAction\":[{\"@type\":\"ReadAction\",\"target\":[\"https:\\\/\\\/www.trustedtranslations.com\\\/fr\\\/langues\\\/turc\"]}]},{\"@type\":\"ImageObject\",\"inLanguage\":\"fr-FR\",\"@id\":\"https:\\\/\\\/www.trustedtranslations.com\\\/fr\\\/langues\\\/turc#primaryimage\",\"url\":\"https:\\\/\\\/www.trustedtranslations.com\\\/wp-content\\\/uploads\\\/2022\\\/08\\\/TT_NEW_FB-1.png\",\"contentUrl\":\"https:\\\/\\\/www.trustedtranslations.com\\\/wp-content\\\/uploads\\\/2022\\\/08\\\/TT_NEW_FB-1.png\",\"caption\":\"TT NEW FB 1\"},{\"@type\":\"BreadcrumbList\",\"@id\":\"https:\\\/\\\/www.trustedtranslations.com\\\/fr\\\/langues\\\/turc#breadcrumb\",\"itemListElement\":[{\"@type\":\"ListItem\",\"position\":1,\"name\":\"Accueil\",\"item\":\"https:\\\/\\\/www.trustedtranslations.com\\\/fr\"},{\"@type\":\"ListItem\",\"position\":2,\"name\":\"Langues\",\"item\":\"https:\\\/\\\/www.trustedtranslations.com\\\/fr\\\/langues\"},{\"@type\":\"ListItem\",\"position\":3,\"name\":\"Turc\"}]},{\"@type\":\"WebSite\",\"@id\":\"https:\\\/\\\/www.trustedtranslations.com\\\/fr\\\/#website\",\"url\":\"https:\\\/\\\/www.trustedtranslations.com\\\/fr\\\/\",\"name\":\"Trusted Translations, Inc.\",\"description\":\"Leader in translation and interpretation services.\",\"publisher\":{\"@id\":\"https:\\\/\\\/www.trustedtranslations.com\\\/fr\\\/#organization\"},\"alternateName\":\"Trusted Translations\",\"potentialAction\":[{\"@type\":\"SearchAction\",\"target\":{\"@type\":\"EntryPoint\",\"urlTemplate\":\"https:\\\/\\\/www.trustedtranslations.com\\\/fr\\\/?s={search_term_string}\"},\"query-input\":{\"@type\":\"PropertyValueSpecification\",\"valueRequired\":true,\"valueName\":\"search_term_string\"}}],\"inLanguage\":\"fr-FR\"},{\"@type\":\"Organization\",\"@id\":\"https:\\\/\\\/www.trustedtranslations.com\\\/fr\\\/#organization\",\"name\":\"Trusted Translations\",\"alternateName\":\"Trusted Translations, Inc.\",\"url\":\"https:\\\/\\\/www.trustedtranslations.com\\\/fr\\\/\",\"logo\":{\"@type\":\"ImageObject\",\"inLanguage\":\"fr-FR\",\"@id\":\"https:\\\/\\\/www.trustedtranslations.com\\\/fr\\\/#\\\/schema\\\/logo\\\/image\\\/\",\"url\":\"https:\\\/\\\/static.trustedtranslations.com\\\/wp-content\\\/uploads\\\/2022\\\/01\\\/TT_logo_WSIColors-2.png\",\"contentUrl\":\"https:\\\/\\\/static.trustedtranslations.com\\\/wp-content\\\/uploads\\\/2022\\\/01\\\/TT_logo_WSIColors-2.png\",\"width\":500,\"height\":196,\"caption\":\"Trusted Translations\"},\"image\":{\"@id\":\"https:\\\/\\\/www.trustedtranslations.com\\\/fr\\\/#\\\/schema\\\/logo\\\/image\\\/\"},\"sameAs\":[\"https:\\\/\\\/www.facebook.com\\\/Trusted.Translations\",\"https:\\\/\\\/x.com\\\/TrustedT9ns\",\"https:\\\/\\\/www.linkedin.com\\\/company\\\/trusted-translations\"]}]}<\/script>\n<!-- \/ Yoast SEO plugin. -->","yoast_head_json":{"title":"Services de traduction en turc - Trusted Translations, Inc.","description":"Services de traduction en turc de haute qualit\u00e9. Les traducteurs natifs exp\u00e9riment\u00e9s de Trusted Translations fournissent des traductions pr\u00e9cises et fiables. Contactez-nous pour obtenir un devis gratuit.","robots":{"index":"index","follow":"follow","max-snippet":"max-snippet:-1","max-image-preview":"max-image-preview:large","max-video-preview":"max-video-preview:-1"},"canonical":"https:\/\/www.trustedtranslations.com\/fr\/langues\/turc","og_locale":"fr_FR","og_type":"article","og_title":"Services de traduction en turc - Trusted Translations, Inc.","og_description":"Services de traduction en turc de haute qualit\u00e9. Les traducteurs natifs exp\u00e9riment\u00e9s de Trusted Translations fournissent des traductions pr\u00e9cises et fiables. Contactez-nous pour obtenir un devis gratuit.","og_url":"https:\/\/www.trustedtranslations.com\/fr\/langues\/turc","og_site_name":"Trusted Translations, Inc.","article_publisher":"https:\/\/www.facebook.com\/Trusted.Translations","article_modified_time":"2024-09-11T16:44:10+00:00","og_image":[{"url":"https:\/\/static.trustedtranslations.com\/wp-content\/uploads\/2022\/08\/TT_NEW_FB-1.png","width":1,"height":1,"type":"image\/jpeg"}],"twitter_card":"summary_large_image","twitter_site":"@TrustedT9ns","schema":{"@context":"https:\/\/schema.org","@graph":[{"@type":"WebPage","@id":"https:\/\/www.trustedtranslations.com\/fr\/langues\/turc","url":"https:\/\/www.trustedtranslations.com\/fr\/langues\/turc","name":"Services de traduction en turc - Trusted Translations, Inc.","isPartOf":{"@id":"https:\/\/www.trustedtranslations.com\/fr\/#website"},"primaryImageOfPage":{"@id":"https:\/\/www.trustedtranslations.com\/fr\/langues\/turc#primaryimage"},"image":{"@id":"https:\/\/www.trustedtranslations.com\/fr\/langues\/turc#primaryimage"},"thumbnailUrl":"https:\/\/www.trustedtranslations.com\/wp-content\/uploads\/2022\/08\/TT_NEW_FB-1.png","description":"Services de traduction en turc de haute qualit\u00e9. Les traducteurs natifs exp\u00e9riment\u00e9s de Trusted Translations fournissent des traductions pr\u00e9cises et fiables. Contactez-nous pour obtenir un devis gratuit.","breadcrumb":{"@id":"https:\/\/www.trustedtranslations.com\/fr\/langues\/turc#breadcrumb"},"inLanguage":"fr-FR","potentialAction":[{"@type":"ReadAction","target":["https:\/\/www.trustedtranslations.com\/fr\/langues\/turc"]}]},{"@type":"ImageObject","inLanguage":"fr-FR","@id":"https:\/\/www.trustedtranslations.com\/fr\/langues\/turc#primaryimage","url":"https:\/\/www.trustedtranslations.com\/wp-content\/uploads\/2022\/08\/TT_NEW_FB-1.png","contentUrl":"https:\/\/www.trustedtranslations.com\/wp-content\/uploads\/2022\/08\/TT_NEW_FB-1.png","caption":"TT NEW FB 1"},{"@type":"BreadcrumbList","@id":"https:\/\/www.trustedtranslations.com\/fr\/langues\/turc#breadcrumb","itemListElement":[{"@type":"ListItem","position":1,"name":"Accueil","item":"https:\/\/www.trustedtranslations.com\/fr"},{"@type":"ListItem","position":2,"name":"Langues","item":"https:\/\/www.trustedtranslations.com\/fr\/langues"},{"@type":"ListItem","position":3,"name":"Turc"}]},{"@type":"WebSite","@id":"https:\/\/www.trustedtranslations.com\/fr\/#website","url":"https:\/\/www.trustedtranslations.com\/fr\/","name":"Trusted Translations, Inc.","description":"Leader in translation and interpretation services.","publisher":{"@id":"https:\/\/www.trustedtranslations.com\/fr\/#organization"},"alternateName":"Trusted Translations","potentialAction":[{"@type":"SearchAction","target":{"@type":"EntryPoint","urlTemplate":"https:\/\/www.trustedtranslations.com\/fr\/?s={search_term_string}"},"query-input":{"@type":"PropertyValueSpecification","valueRequired":true,"valueName":"search_term_string"}}],"inLanguage":"fr-FR"},{"@type":"Organization","@id":"https:\/\/www.trustedtranslations.com\/fr\/#organization","name":"Trusted Translations","alternateName":"Trusted Translations, Inc.","url":"https:\/\/www.trustedtranslations.com\/fr\/","logo":{"@type":"ImageObject","inLanguage":"fr-FR","@id":"https:\/\/www.trustedtranslations.com\/fr\/#\/schema\/logo\/image\/","url":"https:\/\/static.trustedtranslations.com\/wp-content\/uploads\/2022\/01\/TT_logo_WSIColors-2.png","contentUrl":"https:\/\/static.trustedtranslations.com\/wp-content\/uploads\/2022\/01\/TT_logo_WSIColors-2.png","width":500,"height":196,"caption":"Trusted Translations"},"image":{"@id":"https:\/\/www.trustedtranslations.com\/fr\/#\/schema\/logo\/image\/"},"sameAs":["https:\/\/www.facebook.com\/Trusted.Translations","https:\/\/x.com\/TrustedT9ns","https:\/\/www.linkedin.com\/company\/trusted-translations"]}]}},"toolset-meta":{"dyk":{"mensaje-1":{"type":"textfield","raw":"L\u2019alphabet turc a \u00e9t\u00e9 r\u00e9vis\u00e9 en 1932, apr\u00e8s la chute de l\u2019Empire ottoman."},"mensaje-2":{"type":"textfield","raw":"Le turc comporte de nombreux titres honorifiques et r\u00e8gles d\u2019\u00e9tiquette."},"mensaje-3":{"type":"textfield","raw":"Le turc est \u00e9galement la langue officielle de Chypre."},"mensaje-4":{"type":"textfield","raw":"En 2022, les Nations unies ont accept\u00e9 le changement de nom de la Turquie en T\u00fcrkiye."},"mensaje-5":{"type":"textfield","raw":""},"mensaje-6":{"type":"textfield","raw":""}},"single-page-template-fields":{"imgs-temp":{"type":"image","raw":["https:\/\/static.trustedtranslations.com\/wp-content\/uploads\/2023\/07\/Turkey-port.jpg"],"repeatable":[{"raw":"https:\/\/static.trustedtranslations.com\/wp-content\/uploads\/2023\/07\/Turkey-port.jpg"}]},"imgs-temp-cel":{"type":"image","raw":["https:\/\/static.trustedtranslations.com\/wp-content\/uploads\/2023\/07\/Turkey.jpg"],"repeatable":[{"raw":"https:\/\/static.trustedtranslations.com\/wp-content\/uploads\/2023\/07\/Turkey.jpg"}]},"img-temp-one-cel":{"type":"image","raw":"","attachment_id":null},"quotes":{"type":"textarea","raw":"<h1 style=\"margin-bottom: 12px;\">Services linguistiques en turc<\/h1><em>Trusted Translations<\/em>, l\u2019un des principaux fournisseurs de services en langue turque, propose des tarifs comp\u00e9titifs pour les projets de traduction impliquant le turc, l\u2019anglais et d\u2019autres langues. Soucieuse de respecter des d\u00e9lais serr\u00e9s, notre \u00e9quipe sensibilis\u00e9e \u00e0 la culture turque est bien \u00e9quip\u00e9e pour g\u00e9rer les nuances linguistiques et culturelles des r\u00e9gions turcophones de Chypre, de Bulgarie et de Gr\u00e8ce.<div style=\"margin-top: 2.5vw;\"><a class=\"tt-btn-main-cta\" href=\"\/fr\/devis-traduction\">Demande de devis gratuit<\/a><\/div>"},"text-1":{"type":"textarea","raw":"<h2 style=\"margin-top: -10px;\">La Turquie se tourne vers l\u2019avenir<\/h2>Ancienne plaque tournante commerciale \u00e0 l\u2019avenir prometteur, la Turquie a r\u00e9cemment adopt\u00e9 une nouvelle identit\u00e9 pour le XXIe si\u00e8cle\u00a0: \u00e0 partir de mai 2022, son nouveau nom officiel sera la R\u00e9publique de Turquie. Par ailleurs, au cours de sa longue histoire, sa c\u00e9l\u00e8bre capitale sur le Bosphore a port\u00e9 trois noms\u00a0: Byzance, Constantinople et Istanbul.<br><br>\r\nApr\u00e8s le d\u00e9clin de l\u2019Empire ottoman et son statut d\u2019\u00ab\u00a0homme malade de l\u2019Europe\u00a0\u00bb apr\u00e8s la Premi\u00e8re Guerre mondiale, la Turquie d\u2019aujourd\u2019hui s\u2019est transform\u00e9e sous la direction visionnaire du nationaliste turc Mustafa Kemal Atat\u00fcrk. En 1923, la R\u00e9publique de Turquie a \u00e9t\u00e9 cr\u00e9\u00e9e, Ankara devenant la nouvelle capitale.<br><br>\r\nEn tant que membre de l\u2019OTAN, la Turquie a rapidement mis en place des institutions de type occidental et adopt\u00e9 un alphabet latin de 29 lettres, comprenant des s\u00e9ries de voyelles avant (e, i, \u00f6, \u00fc) et arri\u00e8re (a, \u0131, o, u). Aujourd\u2019hui, le turc (T\u00fcrk\u00e7e) est parl\u00e9 par environ 78\u00a0millions de personnes dans le monde, dont pr\u00e8s de 90\u00a0% r\u00e9sident en Turquie.\r\n<h2>Culture d\u2019accueil turque<\/h2>\r\nLa culture turque se caract\u00e9rise par son hospitalit\u00e9, sa convivialit\u00e9 et l\u2019importance qu\u2019elle accorde \u00e0 la confiance et aux relations personnelles. Avec un syst\u00e8me complexe d\u2019expressions honorifiques pour exprimer le respect et la politesse, les diff\u00e9rentes formes verbales et les pronoms utilis\u00e9s pour s\u2019adresser \u00e0 des personnes d\u2019\u00e2ges et de statuts sociaux diff\u00e9rents requi\u00e8rent l\u2019expertise d\u2019un traducteur professionnel de langue maternelle turque."},"shortcode-map":{"type":"textfield","raw":""},"dyk-shortcode":{"type":"textfield","raw":"[elementor-template id=\"146546\"]"},"text-2":{"type":"textarea","raw":"<h2>Faire face aux sensibilit\u00e9s culturelles en menant des affaires en Turquie<\/h2>Dans une soci\u00e9t\u00e9 qui valorise les n\u00e9gociations calmes et <a href=\"https:\/\/www.trustedtranslations.com\/fr\/domaines\/entreprises\"><u>longues<\/u><\/a>, il est essentiel d\u2019avoir un traducteur natif, comme l\u2019\u00e9quipe de <em>Trusted Translations<\/em>, et de faire preuve d\u2019une grande patience lors des discussions sur les termes, les conditions et les prix.<br><br>\r\nProposant des tarifs de traduction comp\u00e9titifs et des d\u00e9lais serr\u00e9s pour les projets en turc et en anglais, ainsi que dans d\u2019autres langues, <em>Trusted Translations<\/em> est l\u2019un des principaux prestataires de services linguistiques en turc. Son personnel sensibilis\u00e9 \u00e0 la culture est \u00e9galement bien qualifi\u00e9 pour traiter les variations culturelles dans les r\u00e9gions turcophones de Chypre, de la Bulgarie et de la Gr\u00e8ce."},"state":{"type":"textfield","raw":""},"city":{"type":"textarea","raw":[]}}},"_links":{"self":[{"href":"https:\/\/www.trustedtranslations.com\/fr\/wp-json\/wp\/v2\/pages\/217434","targetHints":{"allow":["GET"]}}],"collection":[{"href":"https:\/\/www.trustedtranslations.com\/fr\/wp-json\/wp\/v2\/pages"}],"about":[{"href":"https:\/\/www.trustedtranslations.com\/fr\/wp-json\/wp\/v2\/types\/page"}],"author":[{"embeddable":true,"href":"https:\/\/www.trustedtranslations.com\/fr\/wp-json\/wp\/v2\/users\/1"}],"replies":[{"embeddable":true,"href":"https:\/\/www.trustedtranslations.com\/fr\/wp-json\/wp\/v2\/comments?post=217434"}],"version-history":[{"count":0,"href":"https:\/\/www.trustedtranslations.com\/fr\/wp-json\/wp\/v2\/pages\/217434\/revisions"}],"up":[{"embeddable":true,"href":"https:\/\/www.trustedtranslations.com\/fr\/wp-json\/wp\/v2\/pages\/129037"}],"wp:featuredmedia":[{"embeddable":true,"href":"https:\/\/www.trustedtranslations.com\/fr\/wp-json\/wp\/v2\/media\/223057"}],"wp:attachment":[{"href":"https:\/\/www.trustedtranslations.com\/fr\/wp-json\/wp\/v2\/media?parent=217434"}],"curies":[{"name":"wp","href":"https:\/\/api.w.org\/{rel}","templated":true}]}}