{"id":276408,"date":"2024-08-30T12:00:53","date_gmt":"2024-08-30T15:00:53","guid":{"rendered":"https:\/\/www.trustedtranslations.com\/?page_id=276408"},"modified":"2024-09-06T17:17:31","modified_gmt":"2024-09-06T20:17:31","slug":"traduction-automatique-par-lia","status":"publish","type":"page","link":"https:\/\/www.trustedtranslations.com\/fr\/services\/traduction-automatique\/traduction-automatique-par-lia","title":{"rendered":"Traduction automatique par l\u2019IA"},"content":{"rendered":"","protected":false},"excerpt":{"rendered":"","protected":false},"author":1,"featured_media":275055,"parent":128985,"menu_order":0,"comment_status":"closed","ping_status":"closed","template":"","meta":{"site-sidebar-layout":"default","site-content-layout":"","ast-site-content-layout":"default","site-content-style":"default","site-sidebar-style":"default","ast-global-header-display":"","ast-banner-title-visibility":"","ast-main-header-display":"","ast-hfb-above-header-display":"","ast-hfb-below-header-display":"","ast-hfb-mobile-header-display":"","site-post-title":"","ast-breadcrumbs-content":"","ast-featured-img":"","footer-sml-layout":"","ast-disable-related-posts":"","theme-transparent-header-meta":"default","adv-header-id-meta":"","stick-header-meta":"","header-above-stick-meta":"","header-main-stick-meta":"","header-below-stick-meta":"","astra-migrate-meta-layouts":"set","ast-page-background-enabled":"default","ast-page-background-meta":{"desktop":{"background-color":"var(--ast-global-color-4)","background-image":"","background-repeat":"repeat","background-position":"center center","background-size":"auto","background-attachment":"scroll","background-type":"","background-media":"","overlay-type":"","overlay-color":"","overlay-opacity":"","overlay-gradient":""},"tablet":{"background-color":"","background-image":"","background-repeat":"repeat","background-position":"center center","background-size":"auto","background-attachment":"scroll","background-type":"","background-media":"","overlay-type":"","overlay-color":"","overlay-opacity":"","overlay-gradient":""},"mobile":{"background-color":"","background-image":"","background-repeat":"repeat","background-position":"center center","background-size":"auto","background-attachment":"scroll","background-type":"","background-media":"","overlay-type":"","overlay-color":"","overlay-opacity":"","overlay-gradient":""}},"ast-content-background-meta":{"desktop":{"background-color":"var(--ast-global-color-5)","background-image":"","background-repeat":"repeat","background-position":"center center","background-size":"auto","background-attachment":"scroll","background-type":"","background-media":"","overlay-type":"","overlay-color":"","overlay-opacity":"","overlay-gradient":""},"tablet":{"background-color":"var(--ast-global-color-5)","background-image":"","background-repeat":"repeat","background-position":"center center","background-size":"auto","background-attachment":"scroll","background-type":"","background-media":"","overlay-type":"","overlay-color":"","overlay-opacity":"","overlay-gradient":""},"mobile":{"background-color":"var(--ast-global-color-5)","background-image":"","background-repeat":"repeat","background-position":"center center","background-size":"auto","background-attachment":"scroll","background-type":"","background-media":"","overlay-type":"","overlay-color":"","overlay-opacity":"","overlay-gradient":""}},"footnotes":""},"class_list":["post-276408","page","type-page","status-publish","has-post-thumbnail","hentry"],"yoast_head":"<!-- This site is optimized with the Yoast SEO plugin v27.5 - https:\/\/yoast.com\/product\/yoast-seo-wordpress\/ -->\n<title>Services de traduction automatique par l\u2019IA - Trusted Translations, Inc.<\/title>\n<meta name=\"description\" content=\"Trusted Translations propose des services de traduction par l\u2019IA de pointe pour des r\u00e9sultats rapides et fiables. Boostez votre communication mondiale. Obtenez un devis.\" \/>\n<meta name=\"robots\" content=\"index, follow, max-snippet:-1, max-image-preview:large, max-video-preview:-1\" \/>\n<link rel=\"canonical\" href=\"https:\/\/www.trustedtranslations.com\/fr\/services\/traduction-automatique\/traduction-automatique-par-lia\" \/>\n<meta property=\"og:locale\" content=\"fr_FR\" \/>\n<meta property=\"og:type\" content=\"article\" \/>\n<meta property=\"og:title\" content=\"Services de traduction automatique par l\u2019IA - Trusted Translations, Inc.\" \/>\n<meta property=\"og:description\" content=\"Trusted Translations propose des services de traduction par l\u2019IA de pointe pour des r\u00e9sultats rapides et fiables. Boostez votre communication mondiale. Obtenez un devis.\" \/>\n<meta property=\"og:url\" content=\"https:\/\/www.trustedtranslations.com\/fr\/services\/traduction-automatique\/traduction-automatique-par-lia\" \/>\n<meta property=\"og:site_name\" content=\"Trusted Translations, Inc.\" \/>\n<meta property=\"article:publisher\" content=\"https:\/\/www.facebook.com\/Trusted.Translations\" \/>\n<meta property=\"article:modified_time\" content=\"2024-09-06T20:17:31+00:00\" \/>\n<meta property=\"og:image\" content=\"https:\/\/static.trustedtranslations.com\/wp-content\/uploads\/2024\/08\/AIMachineTranslationServices.webp\" \/>\n\t<meta property=\"og:image:width\" content=\"150\" \/>\n\t<meta property=\"og:image:height\" content=\"150\" \/>\n\t<meta property=\"og:image:type\" content=\"image\/webp\" \/>\n<meta name=\"twitter:card\" content=\"summary_large_image\" \/>\n<meta name=\"twitter:site\" content=\"@TrustedT9ns\" \/>\n<script type=\"application\/ld+json\" class=\"yoast-schema-graph\">{\"@context\":\"https:\\\/\\\/schema.org\",\"@graph\":[{\"@type\":\"WebPage\",\"@id\":\"https:\\\/\\\/www.trustedtranslations.com\\\/fr\\\/services\\\/traduction-automatique\\\/traduction-automatique-par-lia\",\"url\":\"https:\\\/\\\/www.trustedtranslations.com\\\/fr\\\/services\\\/traduction-automatique\\\/traduction-automatique-par-lia\",\"name\":\"Services de traduction automatique par l\u2019IA - Trusted Translations, Inc.\",\"isPartOf\":{\"@id\":\"https:\\\/\\\/www.trustedtranslations.com\\\/fr\\\/#website\"},\"primaryImageOfPage\":{\"@id\":\"https:\\\/\\\/www.trustedtranslations.com\\\/fr\\\/services\\\/traduction-automatique\\\/traduction-automatique-par-lia#primaryimage\"},\"image\":{\"@id\":\"https:\\\/\\\/www.trustedtranslations.com\\\/fr\\\/services\\\/traduction-automatique\\\/traduction-automatique-par-lia#primaryimage\"},\"thumbnailUrl\":\"https:\\\/\\\/www.trustedtranslations.com\\\/wp-content\\\/uploads\\\/2024\\\/08\\\/AIMachineTranslationServices.webp\",\"description\":\"Trusted Translations propose des services de traduction par l\u2019IA de pointe pour des r\u00e9sultats rapides et fiables. Boostez votre communication mondiale. Obtenez un devis.\",\"breadcrumb\":{\"@id\":\"https:\\\/\\\/www.trustedtranslations.com\\\/fr\\\/services\\\/traduction-automatique\\\/traduction-automatique-par-lia#breadcrumb\"},\"inLanguage\":\"fr-FR\",\"potentialAction\":[{\"@type\":\"ReadAction\",\"target\":[\"https:\\\/\\\/www.trustedtranslations.com\\\/fr\\\/services\\\/traduction-automatique\\\/traduction-automatique-par-lia\"]}]},{\"@type\":\"ImageObject\",\"inLanguage\":\"fr-FR\",\"@id\":\"https:\\\/\\\/www.trustedtranslations.com\\\/fr\\\/services\\\/traduction-automatique\\\/traduction-automatique-par-lia#primaryimage\",\"url\":\"https:\\\/\\\/www.trustedtranslations.com\\\/wp-content\\\/uploads\\\/2024\\\/08\\\/AIMachineTranslationServices.webp\",\"contentUrl\":\"https:\\\/\\\/www.trustedtranslations.com\\\/wp-content\\\/uploads\\\/2024\\\/08\\\/AIMachineTranslationServices.webp\",\"width\":150,\"height\":150},{\"@type\":\"BreadcrumbList\",\"@id\":\"https:\\\/\\\/www.trustedtranslations.com\\\/fr\\\/services\\\/traduction-automatique\\\/traduction-automatique-par-lia#breadcrumb\",\"itemListElement\":[{\"@type\":\"ListItem\",\"position\":1,\"name\":\"Accueil\",\"item\":\"https:\\\/\\\/www.trustedtranslations.com\\\/fr\"},{\"@type\":\"ListItem\",\"position\":2,\"name\":\"Services\",\"item\":\"https:\\\/\\\/www.trustedtranslations.com\\\/fr\\\/services\"},{\"@type\":\"ListItem\",\"position\":3,\"name\":\"Traduction automatique\",\"item\":\"https:\\\/\\\/www.trustedtranslations.com\\\/fr\\\/services\\\/traduction-automatique\"},{\"@type\":\"ListItem\",\"position\":4,\"name\":\"Traduction automatique par l\u2019IA\"}]},{\"@type\":\"WebSite\",\"@id\":\"https:\\\/\\\/www.trustedtranslations.com\\\/fr\\\/#website\",\"url\":\"https:\\\/\\\/www.trustedtranslations.com\\\/fr\\\/\",\"name\":\"Trusted Translations, Inc.\",\"description\":\"Leader in translation and interpretation services.\",\"publisher\":{\"@id\":\"https:\\\/\\\/www.trustedtranslations.com\\\/fr\\\/#organization\"},\"alternateName\":\"Trusted Translations\",\"potentialAction\":[{\"@type\":\"SearchAction\",\"target\":{\"@type\":\"EntryPoint\",\"urlTemplate\":\"https:\\\/\\\/www.trustedtranslations.com\\\/fr\\\/?s={search_term_string}\"},\"query-input\":{\"@type\":\"PropertyValueSpecification\",\"valueRequired\":true,\"valueName\":\"search_term_string\"}}],\"inLanguage\":\"fr-FR\"},{\"@type\":\"Organization\",\"@id\":\"https:\\\/\\\/www.trustedtranslations.com\\\/fr\\\/#organization\",\"name\":\"Trusted Translations\",\"alternateName\":\"Trusted Translations, Inc.\",\"url\":\"https:\\\/\\\/www.trustedtranslations.com\\\/fr\\\/\",\"logo\":{\"@type\":\"ImageObject\",\"inLanguage\":\"fr-FR\",\"@id\":\"https:\\\/\\\/www.trustedtranslations.com\\\/fr\\\/#\\\/schema\\\/logo\\\/image\\\/\",\"url\":\"https:\\\/\\\/static.trustedtranslations.com\\\/wp-content\\\/uploads\\\/2022\\\/01\\\/TT_logo_WSIColors-2.png\",\"contentUrl\":\"https:\\\/\\\/static.trustedtranslations.com\\\/wp-content\\\/uploads\\\/2022\\\/01\\\/TT_logo_WSIColors-2.png\",\"width\":500,\"height\":196,\"caption\":\"Trusted Translations\"},\"image\":{\"@id\":\"https:\\\/\\\/www.trustedtranslations.com\\\/fr\\\/#\\\/schema\\\/logo\\\/image\\\/\"},\"sameAs\":[\"https:\\\/\\\/www.facebook.com\\\/Trusted.Translations\",\"https:\\\/\\\/x.com\\\/TrustedT9ns\",\"https:\\\/\\\/www.linkedin.com\\\/company\\\/trusted-translations\"]}]}<\/script>\n<!-- \/ Yoast SEO plugin. -->","yoast_head_json":{"title":"Services de traduction automatique par l\u2019IA - Trusted Translations, Inc.","description":"Trusted Translations propose des services de traduction par l\u2019IA de pointe pour des r\u00e9sultats rapides et fiables. Boostez votre communication mondiale. Obtenez un devis.","robots":{"index":"index","follow":"follow","max-snippet":"max-snippet:-1","max-image-preview":"max-image-preview:large","max-video-preview":"max-video-preview:-1"},"canonical":"https:\/\/www.trustedtranslations.com\/fr\/services\/traduction-automatique\/traduction-automatique-par-lia","og_locale":"fr_FR","og_type":"article","og_title":"Services de traduction automatique par l\u2019IA - Trusted Translations, Inc.","og_description":"Trusted Translations propose des services de traduction par l\u2019IA de pointe pour des r\u00e9sultats rapides et fiables. Boostez votre communication mondiale. Obtenez un devis.","og_url":"https:\/\/www.trustedtranslations.com\/fr\/services\/traduction-automatique\/traduction-automatique-par-lia","og_site_name":"Trusted Translations, Inc.","article_publisher":"https:\/\/www.facebook.com\/Trusted.Translations","article_modified_time":"2024-09-06T20:17:31+00:00","og_image":[{"width":150,"height":150,"url":"https:\/\/static.trustedtranslations.com\/wp-content\/uploads\/2024\/08\/AIMachineTranslationServices.webp","type":"image\/webp"}],"twitter_card":"summary_large_image","twitter_site":"@TrustedT9ns","schema":{"@context":"https:\/\/schema.org","@graph":[{"@type":"WebPage","@id":"https:\/\/www.trustedtranslations.com\/fr\/services\/traduction-automatique\/traduction-automatique-par-lia","url":"https:\/\/www.trustedtranslations.com\/fr\/services\/traduction-automatique\/traduction-automatique-par-lia","name":"Services de traduction automatique par l\u2019IA - Trusted Translations, Inc.","isPartOf":{"@id":"https:\/\/www.trustedtranslations.com\/fr\/#website"},"primaryImageOfPage":{"@id":"https:\/\/www.trustedtranslations.com\/fr\/services\/traduction-automatique\/traduction-automatique-par-lia#primaryimage"},"image":{"@id":"https:\/\/www.trustedtranslations.com\/fr\/services\/traduction-automatique\/traduction-automatique-par-lia#primaryimage"},"thumbnailUrl":"https:\/\/www.trustedtranslations.com\/wp-content\/uploads\/2024\/08\/AIMachineTranslationServices.webp","description":"Trusted Translations propose des services de traduction par l\u2019IA de pointe pour des r\u00e9sultats rapides et fiables. Boostez votre communication mondiale. Obtenez un devis.","breadcrumb":{"@id":"https:\/\/www.trustedtranslations.com\/fr\/services\/traduction-automatique\/traduction-automatique-par-lia#breadcrumb"},"inLanguage":"fr-FR","potentialAction":[{"@type":"ReadAction","target":["https:\/\/www.trustedtranslations.com\/fr\/services\/traduction-automatique\/traduction-automatique-par-lia"]}]},{"@type":"ImageObject","inLanguage":"fr-FR","@id":"https:\/\/www.trustedtranslations.com\/fr\/services\/traduction-automatique\/traduction-automatique-par-lia#primaryimage","url":"https:\/\/www.trustedtranslations.com\/wp-content\/uploads\/2024\/08\/AIMachineTranslationServices.webp","contentUrl":"https:\/\/www.trustedtranslations.com\/wp-content\/uploads\/2024\/08\/AIMachineTranslationServices.webp","width":150,"height":150},{"@type":"BreadcrumbList","@id":"https:\/\/www.trustedtranslations.com\/fr\/services\/traduction-automatique\/traduction-automatique-par-lia#breadcrumb","itemListElement":[{"@type":"ListItem","position":1,"name":"Accueil","item":"https:\/\/www.trustedtranslations.com\/fr"},{"@type":"ListItem","position":2,"name":"Services","item":"https:\/\/www.trustedtranslations.com\/fr\/services"},{"@type":"ListItem","position":3,"name":"Traduction automatique","item":"https:\/\/www.trustedtranslations.com\/fr\/services\/traduction-automatique"},{"@type":"ListItem","position":4,"name":"Traduction automatique par l\u2019IA"}]},{"@type":"WebSite","@id":"https:\/\/www.trustedtranslations.com\/fr\/#website","url":"https:\/\/www.trustedtranslations.com\/fr\/","name":"Trusted Translations, Inc.","description":"Leader in translation and interpretation services.","publisher":{"@id":"https:\/\/www.trustedtranslations.com\/fr\/#organization"},"alternateName":"Trusted Translations","potentialAction":[{"@type":"SearchAction","target":{"@type":"EntryPoint","urlTemplate":"https:\/\/www.trustedtranslations.com\/fr\/?s={search_term_string}"},"query-input":{"@type":"PropertyValueSpecification","valueRequired":true,"valueName":"search_term_string"}}],"inLanguage":"fr-FR"},{"@type":"Organization","@id":"https:\/\/www.trustedtranslations.com\/fr\/#organization","name":"Trusted Translations","alternateName":"Trusted Translations, Inc.","url":"https:\/\/www.trustedtranslations.com\/fr\/","logo":{"@type":"ImageObject","inLanguage":"fr-FR","@id":"https:\/\/www.trustedtranslations.com\/fr\/#\/schema\/logo\/image\/","url":"https:\/\/static.trustedtranslations.com\/wp-content\/uploads\/2022\/01\/TT_logo_WSIColors-2.png","contentUrl":"https:\/\/static.trustedtranslations.com\/wp-content\/uploads\/2022\/01\/TT_logo_WSIColors-2.png","width":500,"height":196,"caption":"Trusted Translations"},"image":{"@id":"https:\/\/www.trustedtranslations.com\/fr\/#\/schema\/logo\/image\/"},"sameAs":["https:\/\/www.facebook.com\/Trusted.Translations","https:\/\/x.com\/TrustedT9ns","https:\/\/www.linkedin.com\/company\/trusted-translations"]}]}},"toolset-meta":{"dyk":{"mensaje-1":{"type":"textfield","raw":"Trusted Translations propose des solutions de traduction automatique par l\u2019IA g\u00e9n\u00e9rales et personnalis\u00e9es."},"mensaje-2":{"type":"textfield","raw":"Les premi\u00e8res origines de la traduction automatique par l\u2019IA remontent \u00e0 la cryptographie arabe du IXe si\u00e8cle."},"mensaje-3":{"type":"textfield","raw":"Le contenu technique est le type de contenu le plus courant traduit \u00e0 l\u2019aide de la traduction automatique par l\u2019IA."},"mensaje-4":{"type":"textfield","raw":"La traduction automatique par l\u2019IA est populaire dans des secteurs tels que l\u2019automobile, l\u2019\u00e9lectronique et la sant\u00e9."},"mensaje-5":{"type":"textfield","raw":""},"mensaje-6":{"type":"textfield","raw":""}},"single-page-template-fields":{"imgs-temp":{"type":"image","raw":["https:\/\/static.trustedtranslations.com\/wp-content\/uploads\/2024\/08\/Group-171.webp"],"repeatable":[{"raw":"https:\/\/static.trustedtranslations.com\/wp-content\/uploads\/2024\/08\/Group-171.webp"}]},"imgs-temp-cel":{"type":"image","raw":[""],"repeatable":[{"raw":""}]},"img-temp-one-cel":{"type":"image","raw":"","attachment_id":null},"quotes":{"type":"textarea","raw":"<h1 style=\"margin-bottom: 12px;\">Services de traduction automatique par l\u2019IA<\/h1>Dans le paysage en \u00e9volution rapide de la traduction, les services de traduction automatique (TA) par l\u2019IA sont devenus un \u00e9l\u00e9ment d\u00e9terminant. Trusted Translations propose des solutions de traduction automatique par l\u2019IA, g\u00e9n\u00e9rales et personnalis\u00e9es, qui exploitent les derni\u00e8res avanc\u00e9es technologiques. Cette exploration se penche sur l\u2019impact des services de traduction automatique par l\u2019IA, en se concentrant sur les \u00e9quipes sp\u00e9cialis\u00e9es, la traduction automatique neuronale (NMT) et les capacit\u00e9s des moteurs de traduction automatique de Trusted Translations.<div style=\"margin-top: 2.5vw;\"><a class=\"tt-btn-main-cta\" href=\"https:\/\/www.trustedtranslations.com\/fr\/devis-traduction\">Demandez un devis gratuit<\/a><\/div>"},"text-1":{"type":"textarea","raw":"<h2>Solutions de traduction automatique par l\u2019IA<\/h2>Trusted Translations emploie des \u00e9quipes sp\u00e9cialis\u00e9es pour mettre en \u0153uvre des solutions de traduction automatique par l\u2019IA. Ces \u00e9quipes int\u00e8grent la traduction automatique par l\u2019IA \u00e0 l\u2019expertise humaine en mati\u00e8re de post-\u00e9dition et de r\u00e9vision, garantissant ainsi que le r\u00e9sultat final est de la plus haute qualit\u00e9. Le processus commence par une \u00e9valuation approfondie pour d\u00e9terminer si la TA par l\u2019IA est adapt\u00e9e \u00e0 un projet en particulier. Une fois qu\u2019elle a \u00e9t\u00e9 jug\u00e9e appropri\u00e9e, l\u2019\u00e9quipe con\u00e7oit et met en \u0153uvre le meilleur flux de travail et la meilleure technologie pour obtenir des r\u00e9sultats optimaux. Pour les clients ayant des besoins de contenu \u00e0 volume \u00e9lev\u00e9, Trusted Translations ajuste les services de traduction automatique par l\u2019IA pour r\u00e9pondre aux objectifs \u00e0 moyen et long terme, garantissant \u00e0 la fois efficacit\u00e9 et qualit\u00e9.\r\n\r\nLa technologie de l\u2019IA dans la traduction s\u2019\u00e9tend au-del\u00e0 de la simple traduction automatique. Elle comprend \u00e9galement le traitement du langage naturel (TALN), qui aide \u00e0 comprendre et \u00e0 g\u00e9n\u00e9rer le langage humain, et des outils de traduction assist\u00e9e par ordinateur (TAO), qui am\u00e9liorent l\u2019efficacit\u00e9 et la pr\u00e9cision des traducteurs humains. Ces outils d\u2019IA aident les traducteurs en sugg\u00e9rant des traductions, en garantissant la coh\u00e9rence et en acc\u00e9l\u00e9rant le processus de traduction. En int\u00e9grant l\u2019IA \u00e0 diff\u00e9rentes \u00e9tapes de la traduction, Trusted Translations garantit que le r\u00e9sultat est non seulement rapide et rentable, mais \u00e9galement culturellement et contextuellement pr\u00e9cis."},"shortcode-map":{"type":"textfield","raw":""},"dyk-shortcode":{"type":"textfield","raw":"[elementor-template id=\"146546\"]"},"text-2":{"type":"textarea","raw":"<h2>Secteur de la traduction automatique par l\u2019IA<\/h2>La traduction automatique par l\u2019IA est de plus en plus populaire dans divers secteurs, notamment l\u2019automobile, l\u2019\u00e9lectronique et la sant\u00e9. Ces secteurs n\u00e9cessitent souvent des traductions rapides et pr\u00e9cises pour les manuels techniques, les descriptions de produits et les documents r\u00e9glementaires. Les services de traduction automatique par l\u2019IA de Trusted Translations garantissent que ce contenu est traduit avec pr\u00e9cision et efficacit\u00e9, aidant ainsi les entreprises \u00e0 rester comp\u00e9titives sur un march\u00e9 mondial. En exploitant \u00e0 la fois les moteurs de TA par l\u2019IA g\u00e9n\u00e9raux et personnalis\u00e9s, ces industries peuvent atteindre un \u00e9quilibre entre vitesse, pr\u00e9cision et rentabilit\u00e9.\r\n\r\nLes services de traduction automatique par l\u2019IA propos\u00e9s par Trusted Translations repr\u00e9sentent l\u2019avenir de la traduction. En combinant des \u00e9quipes sp\u00e9cialis\u00e9es, des technologies avanc\u00e9es de traduction automatique neuronale par l\u2019IA et des moteurs de traduction automatique par l\u2019IA sur mesure, ils fournissent des solutions qui r\u00e9pondent aux divers besoins de leurs clients. Qu\u2019il s\u2019agisse de contenu \u00e0 volume \u00e9lev\u00e9 ou de traductions sp\u00e9cifiques \u00e0 un secteur, Trusted Translations garantit des services de traduction par l\u2019IA de haute qualit\u00e9, efficaces et rentables. L\u2019adoption de ces solutions d\u2019IA innovantes peut am\u00e9liorer consid\u00e9rablement la port\u00e9e mondiale et l\u2019efficacit\u00e9 op\u00e9rationnelle des entreprises dans divers secteurs.\r\n\r\nEn r\u00e9sum\u00e9, l\u2019int\u00e9gration de la traduction automatique par l\u2019IA \u00e0 l\u2019expertise humaine, les progr\u00e8s apport\u00e9s par la traduction automatique neuronale par l\u2019IA et les moteurs sp\u00e9cialis\u00e9s de traduction automatique par l\u2019IA propos\u00e9s par Trusted Translations mettent en \u00e9vidence le potentiel de transformation de la localisation pour le commerce \u00e9lectronique et d\u2019autres secteurs d\u2019activit\u00e9. Alors que les entreprises continuent d\u2019\u00e9tendre leur pr\u00e9sence mondiale, l\u2019exploitation de ces services de traduction par l\u2019IA de pointe sera la cl\u00e9 de leur succ\u00e8s."},"state":{"type":"textfield","raw":""},"city":{"type":"textarea","raw":[]}}},"_links":{"self":[{"href":"https:\/\/www.trustedtranslations.com\/fr\/wp-json\/wp\/v2\/pages\/276408","targetHints":{"allow":["GET"]}}],"collection":[{"href":"https:\/\/www.trustedtranslations.com\/fr\/wp-json\/wp\/v2\/pages"}],"about":[{"href":"https:\/\/www.trustedtranslations.com\/fr\/wp-json\/wp\/v2\/types\/page"}],"author":[{"embeddable":true,"href":"https:\/\/www.trustedtranslations.com\/fr\/wp-json\/wp\/v2\/users\/1"}],"replies":[{"embeddable":true,"href":"https:\/\/www.trustedtranslations.com\/fr\/wp-json\/wp\/v2\/comments?post=276408"}],"version-history":[{"count":0,"href":"https:\/\/www.trustedtranslations.com\/fr\/wp-json\/wp\/v2\/pages\/276408\/revisions"}],"up":[{"embeddable":true,"href":"https:\/\/www.trustedtranslations.com\/fr\/wp-json\/wp\/v2\/pages\/128985"}],"wp:featuredmedia":[{"embeddable":true,"href":"https:\/\/www.trustedtranslations.com\/fr\/wp-json\/wp\/v2\/media\/275055"}],"wp:attachment":[{"href":"https:\/\/www.trustedtranslations.com\/fr\/wp-json\/wp\/v2\/media?parent=276408"}],"curies":[{"name":"wp","href":"https:\/\/api.w.org\/{rel}","templated":true}]}}