{"id":286136,"date":"2025-02-24T12:48:48","date_gmt":"2025-02-24T15:48:48","guid":{"rendered":"https:\/\/www.trustedtranslations.com\/?page_id=286136"},"modified":"2025-02-26T11:37:48","modified_gmt":"2025-02-26T14:37:48","slug":"services-de-remediation-en-vertu-de-la-section-508","status":"publish","type":"page","link":"https:\/\/www.trustedtranslations.com\/fr\/services\/humaine\/accessibilite\/services-de-remediation-en-vertu-de-la-section-508","title":{"rendered":"Services de rem\u00e9diation en vertu de la section 508"},"content":{"rendered":"","protected":false},"excerpt":{"rendered":"","protected":false},"author":1,"featured_media":0,"parent":201514,"menu_order":0,"comment_status":"closed","ping_status":"closed","template":"","meta":{"site-sidebar-layout":"default","site-content-layout":"","ast-site-content-layout":"default","site-content-style":"default","site-sidebar-style":"default","ast-global-header-display":"","ast-banner-title-visibility":"","ast-main-header-display":"","ast-hfb-above-header-display":"","ast-hfb-below-header-display":"","ast-hfb-mobile-header-display":"","site-post-title":"","ast-breadcrumbs-content":"","ast-featured-img":"","footer-sml-layout":"","ast-disable-related-posts":"","theme-transparent-header-meta":"default","adv-header-id-meta":"","stick-header-meta":"","header-above-stick-meta":"","header-main-stick-meta":"","header-below-stick-meta":"","astra-migrate-meta-layouts":"set","ast-page-background-enabled":"default","ast-page-background-meta":{"desktop":{"background-color":"var(--ast-global-color-4)","background-image":"","background-repeat":"repeat","background-position":"center center","background-size":"auto","background-attachment":"scroll","background-type":"","background-media":"","overlay-type":"","overlay-color":"","overlay-opacity":"","overlay-gradient":""},"tablet":{"background-color":"","background-image":"","background-repeat":"repeat","background-position":"center center","background-size":"auto","background-attachment":"scroll","background-type":"","background-media":"","overlay-type":"","overlay-color":"","overlay-opacity":"","overlay-gradient":""},"mobile":{"background-color":"","background-image":"","background-repeat":"repeat","background-position":"center center","background-size":"auto","background-attachment":"scroll","background-type":"","background-media":"","overlay-type":"","overlay-color":"","overlay-opacity":"","overlay-gradient":""}},"ast-content-background-meta":{"desktop":{"background-color":"var(--ast-global-color-5)","background-image":"","background-repeat":"repeat","background-position":"center center","background-size":"auto","background-attachment":"scroll","background-type":"","background-media":"","overlay-type":"","overlay-color":"","overlay-opacity":"","overlay-gradient":""},"tablet":{"background-color":"var(--ast-global-color-5)","background-image":"","background-repeat":"repeat","background-position":"center center","background-size":"auto","background-attachment":"scroll","background-type":"","background-media":"","overlay-type":"","overlay-color":"","overlay-opacity":"","overlay-gradient":""},"mobile":{"background-color":"var(--ast-global-color-5)","background-image":"","background-repeat":"repeat","background-position":"center center","background-size":"auto","background-attachment":"scroll","background-type":"","background-media":"","overlay-type":"","overlay-color":"","overlay-opacity":"","overlay-gradient":""}},"footnotes":""},"class_list":["post-286136","page","type-page","status-publish","hentry"],"yoast_head":"<!-- This site is optimized with the Yoast SEO plugin v27.3 - https:\/\/yoast.com\/product\/yoast-seo-wordpress\/ -->\n<title>Services de rem\u00e9diation en vertu de la section 508 | Trusted Translations<\/title>\n<meta name=\"description\" content=\"Assurez l&#039;inclusivit\u00e9 et \u00e9vitez les risques juridiques gr\u00e2ce aux services de rem\u00e9diation en vertu de la section 508 de Trusted Translations. Solutions expertes pour l&#039;accessibilit\u00e9 des documents et la conformit\u00e9 aux WCAG.\" \/>\n<meta name=\"robots\" content=\"index, follow, max-snippet:-1, max-image-preview:large, max-video-preview:-1\" \/>\n<link rel=\"canonical\" href=\"https:\/\/www.trustedtranslations.com\/fr\/services\/humaine\/accessibilite\/services-de-remediation-en-vertu-de-la-section-508\" \/>\n<meta property=\"og:locale\" content=\"fr_FR\" \/>\n<meta property=\"og:type\" content=\"article\" \/>\n<meta property=\"og:title\" content=\"Services de rem\u00e9diation en vertu de la section 508 | Trusted Translations\" \/>\n<meta property=\"og:description\" content=\"Assurez l&#039;inclusivit\u00e9 et \u00e9vitez les risques juridiques gr\u00e2ce aux services de rem\u00e9diation en vertu de la section 508 de Trusted Translations. Solutions expertes pour l&#039;accessibilit\u00e9 des documents et la conformit\u00e9 aux WCAG.\" \/>\n<meta property=\"og:url\" content=\"https:\/\/www.trustedtranslations.com\/fr\/services\/humaine\/accessibilite\/services-de-remediation-en-vertu-de-la-section-508\" \/>\n<meta property=\"og:site_name\" content=\"Trusted Translations, Inc.\" \/>\n<meta property=\"article:publisher\" content=\"https:\/\/www.facebook.com\/Trusted.Translations\" \/>\n<meta property=\"article:modified_time\" content=\"2025-02-26T14:37:48+00:00\" \/>\n<meta property=\"og:image\" content=\"https:\/\/www.trustedtranslations.com\/wp-content\/uploads\/2022\/06\/tt-logo-2-1.webp\" \/>\n\t<meta property=\"og:image:width\" content=\"216\" \/>\n\t<meta property=\"og:image:height\" content=\"94\" \/>\n\t<meta property=\"og:image:type\" content=\"image\/webp\" \/>\n<meta name=\"twitter:card\" content=\"summary_large_image\" \/>\n<meta name=\"twitter:site\" content=\"@TrustedT9ns\" \/>\n<script type=\"application\/ld+json\" class=\"yoast-schema-graph\">{\"@context\":\"https:\\\/\\\/schema.org\",\"@graph\":[{\"@type\":\"WebPage\",\"@id\":\"https:\\\/\\\/www.trustedtranslations.com\\\/fr\\\/services\\\/humaine\\\/accessibilite\\\/services-de-remediation-en-vertu-de-la-section-508\",\"url\":\"https:\\\/\\\/www.trustedtranslations.com\\\/fr\\\/services\\\/humaine\\\/accessibilite\\\/services-de-remediation-en-vertu-de-la-section-508\",\"name\":\"Services de rem\u00e9diation en vertu de la section 508 | Trusted Translations\",\"isPartOf\":{\"@id\":\"https:\\\/\\\/www.trustedtranslations.com\\\/fr\\\/#website\"},\"description\":\"Assurez l'inclusivit\u00e9 et \u00e9vitez les risques juridiques gr\u00e2ce aux services de rem\u00e9diation en vertu de la section 508 de Trusted Translations. Solutions expertes pour l'accessibilit\u00e9 des documents et la conformit\u00e9 aux WCAG.\",\"breadcrumb\":{\"@id\":\"https:\\\/\\\/www.trustedtranslations.com\\\/fr\\\/services\\\/humaine\\\/accessibilite\\\/services-de-remediation-en-vertu-de-la-section-508#breadcrumb\"},\"inLanguage\":\"fr-FR\",\"potentialAction\":[{\"@type\":\"ReadAction\",\"target\":[\"https:\\\/\\\/www.trustedtranslations.com\\\/fr\\\/services\\\/humaine\\\/accessibilite\\\/services-de-remediation-en-vertu-de-la-section-508\"]}]},{\"@type\":\"BreadcrumbList\",\"@id\":\"https:\\\/\\\/www.trustedtranslations.com\\\/fr\\\/services\\\/humaine\\\/accessibilite\\\/services-de-remediation-en-vertu-de-la-section-508#breadcrumb\",\"itemListElement\":[{\"@type\":\"ListItem\",\"position\":1,\"name\":\"Accueil\",\"item\":\"https:\\\/\\\/www.trustedtranslations.com\\\/fr\"},{\"@type\":\"ListItem\",\"position\":2,\"name\":\"Services\",\"item\":\"https:\\\/\\\/www.trustedtranslations.com\\\/fr\\\/services\"},{\"@type\":\"ListItem\",\"position\":3,\"name\":\"Traduction humaine\",\"item\":\"https:\\\/\\\/www.trustedtranslations.com\\\/fr\\\/services\\\/humaine\"},{\"@type\":\"ListItem\",\"position\":4,\"name\":\"Accessibilit\u00e9\",\"item\":\"https:\\\/\\\/www.trustedtranslations.com\\\/fr\\\/services\\\/humaine\\\/accessibilite\"},{\"@type\":\"ListItem\",\"position\":5,\"name\":\"Services de rem\u00e9diation en vertu de la section 508\"}]},{\"@type\":\"WebSite\",\"@id\":\"https:\\\/\\\/www.trustedtranslations.com\\\/fr\\\/#website\",\"url\":\"https:\\\/\\\/www.trustedtranslations.com\\\/fr\\\/\",\"name\":\"Trusted Translations, Inc.\",\"description\":\"Leader in translation and interpretation services.\",\"publisher\":{\"@id\":\"https:\\\/\\\/www.trustedtranslations.com\\\/fr\\\/#organization\"},\"alternateName\":\"Trusted Translations\",\"potentialAction\":[{\"@type\":\"SearchAction\",\"target\":{\"@type\":\"EntryPoint\",\"urlTemplate\":\"https:\\\/\\\/www.trustedtranslations.com\\\/fr\\\/?s={search_term_string}\"},\"query-input\":{\"@type\":\"PropertyValueSpecification\",\"valueRequired\":true,\"valueName\":\"search_term_string\"}}],\"inLanguage\":\"fr-FR\"},{\"@type\":\"Organization\",\"@id\":\"https:\\\/\\\/www.trustedtranslations.com\\\/fr\\\/#organization\",\"name\":\"Trusted Translations\",\"alternateName\":\"Trusted Translations, Inc.\",\"url\":\"https:\\\/\\\/www.trustedtranslations.com\\\/fr\\\/\",\"logo\":{\"@type\":\"ImageObject\",\"inLanguage\":\"fr-FR\",\"@id\":\"https:\\\/\\\/www.trustedtranslations.com\\\/fr\\\/#\\\/schema\\\/logo\\\/image\\\/\",\"url\":\"https:\\\/\\\/static.trustedtranslations.com\\\/wp-content\\\/uploads\\\/2022\\\/01\\\/TT_logo_WSIColors-2.png\",\"contentUrl\":\"https:\\\/\\\/static.trustedtranslations.com\\\/wp-content\\\/uploads\\\/2022\\\/01\\\/TT_logo_WSIColors-2.png\",\"width\":500,\"height\":196,\"caption\":\"Trusted Translations\"},\"image\":{\"@id\":\"https:\\\/\\\/www.trustedtranslations.com\\\/fr\\\/#\\\/schema\\\/logo\\\/image\\\/\"},\"sameAs\":[\"https:\\\/\\\/www.facebook.com\\\/Trusted.Translations\",\"https:\\\/\\\/x.com\\\/TrustedT9ns\",\"https:\\\/\\\/www.linkedin.com\\\/company\\\/trusted-translations\"]}]}<\/script>\n<!-- \/ Yoast SEO plugin. -->","yoast_head_json":{"title":"Services de rem\u00e9diation en vertu de la section 508 | Trusted Translations","description":"Assurez l'inclusivit\u00e9 et \u00e9vitez les risques juridiques gr\u00e2ce aux services de rem\u00e9diation en vertu de la section 508 de Trusted Translations. Solutions expertes pour l'accessibilit\u00e9 des documents et la conformit\u00e9 aux WCAG.","robots":{"index":"index","follow":"follow","max-snippet":"max-snippet:-1","max-image-preview":"max-image-preview:large","max-video-preview":"max-video-preview:-1"},"canonical":"https:\/\/www.trustedtranslations.com\/fr\/services\/humaine\/accessibilite\/services-de-remediation-en-vertu-de-la-section-508","og_locale":"fr_FR","og_type":"article","og_title":"Services de rem\u00e9diation en vertu de la section 508 | Trusted Translations","og_description":"Assurez l'inclusivit\u00e9 et \u00e9vitez les risques juridiques gr\u00e2ce aux services de rem\u00e9diation en vertu de la section 508 de Trusted Translations. Solutions expertes pour l'accessibilit\u00e9 des documents et la conformit\u00e9 aux WCAG.","og_url":"https:\/\/www.trustedtranslations.com\/fr\/services\/humaine\/accessibilite\/services-de-remediation-en-vertu-de-la-section-508","og_site_name":"Trusted Translations, Inc.","article_publisher":"https:\/\/www.facebook.com\/Trusted.Translations","article_modified_time":"2025-02-26T14:37:48+00:00","og_image":[{"width":216,"height":94,"url":"https:\/\/www.trustedtranslations.com\/wp-content\/uploads\/2022\/06\/tt-logo-2-1.webp","type":"image\/webp"}],"twitter_card":"summary_large_image","twitter_site":"@TrustedT9ns","schema":{"@context":"https:\/\/schema.org","@graph":[{"@type":"WebPage","@id":"https:\/\/www.trustedtranslations.com\/fr\/services\/humaine\/accessibilite\/services-de-remediation-en-vertu-de-la-section-508","url":"https:\/\/www.trustedtranslations.com\/fr\/services\/humaine\/accessibilite\/services-de-remediation-en-vertu-de-la-section-508","name":"Services de rem\u00e9diation en vertu de la section 508 | Trusted Translations","isPartOf":{"@id":"https:\/\/www.trustedtranslations.com\/fr\/#website"},"description":"Assurez l'inclusivit\u00e9 et \u00e9vitez les risques juridiques gr\u00e2ce aux services de rem\u00e9diation en vertu de la section 508 de Trusted Translations. Solutions expertes pour l'accessibilit\u00e9 des documents et la conformit\u00e9 aux WCAG.","breadcrumb":{"@id":"https:\/\/www.trustedtranslations.com\/fr\/services\/humaine\/accessibilite\/services-de-remediation-en-vertu-de-la-section-508#breadcrumb"},"inLanguage":"fr-FR","potentialAction":[{"@type":"ReadAction","target":["https:\/\/www.trustedtranslations.com\/fr\/services\/humaine\/accessibilite\/services-de-remediation-en-vertu-de-la-section-508"]}]},{"@type":"BreadcrumbList","@id":"https:\/\/www.trustedtranslations.com\/fr\/services\/humaine\/accessibilite\/services-de-remediation-en-vertu-de-la-section-508#breadcrumb","itemListElement":[{"@type":"ListItem","position":1,"name":"Accueil","item":"https:\/\/www.trustedtranslations.com\/fr"},{"@type":"ListItem","position":2,"name":"Services","item":"https:\/\/www.trustedtranslations.com\/fr\/services"},{"@type":"ListItem","position":3,"name":"Traduction humaine","item":"https:\/\/www.trustedtranslations.com\/fr\/services\/humaine"},{"@type":"ListItem","position":4,"name":"Accessibilit\u00e9","item":"https:\/\/www.trustedtranslations.com\/fr\/services\/humaine\/accessibilite"},{"@type":"ListItem","position":5,"name":"Services de rem\u00e9diation en vertu de la section 508"}]},{"@type":"WebSite","@id":"https:\/\/www.trustedtranslations.com\/fr\/#website","url":"https:\/\/www.trustedtranslations.com\/fr\/","name":"Trusted Translations, Inc.","description":"Leader in translation and interpretation services.","publisher":{"@id":"https:\/\/www.trustedtranslations.com\/fr\/#organization"},"alternateName":"Trusted Translations","potentialAction":[{"@type":"SearchAction","target":{"@type":"EntryPoint","urlTemplate":"https:\/\/www.trustedtranslations.com\/fr\/?s={search_term_string}"},"query-input":{"@type":"PropertyValueSpecification","valueRequired":true,"valueName":"search_term_string"}}],"inLanguage":"fr-FR"},{"@type":"Organization","@id":"https:\/\/www.trustedtranslations.com\/fr\/#organization","name":"Trusted Translations","alternateName":"Trusted Translations, Inc.","url":"https:\/\/www.trustedtranslations.com\/fr\/","logo":{"@type":"ImageObject","inLanguage":"fr-FR","@id":"https:\/\/www.trustedtranslations.com\/fr\/#\/schema\/logo\/image\/","url":"https:\/\/static.trustedtranslations.com\/wp-content\/uploads\/2022\/01\/TT_logo_WSIColors-2.png","contentUrl":"https:\/\/static.trustedtranslations.com\/wp-content\/uploads\/2022\/01\/TT_logo_WSIColors-2.png","width":500,"height":196,"caption":"Trusted Translations"},"image":{"@id":"https:\/\/www.trustedtranslations.com\/fr\/#\/schema\/logo\/image\/"},"sameAs":["https:\/\/www.facebook.com\/Trusted.Translations","https:\/\/x.com\/TrustedT9ns","https:\/\/www.linkedin.com\/company\/trusted-translations"]}]}},"toolset-meta":{"dyk":{"mensaje-1":{"type":"textfield","raw":"Trusted Translations garantit la conformit\u00e9 \u00e0 la section 508 pour plus de 20 formats num\u00e9riques, notamment les fichiers PDF, les documents Word et les sites Web."},"mensaje-2":{"type":"textfield","raw":"Nos services de rem\u00e9diation en vertu de la section 508 sont soutenus par des processus de qualit\u00e9 certifi\u00e9s ISO pour garantir pr\u00e9cision et conformit\u00e9."},"mensaje-3":{"type":"textfield","raw":"Le respect de la section 508 permet non seulement d\u2019\u00e9viter les risques juridiques, mais \u00e9galement d\u2019am\u00e9liorer l\u2019exp\u00e9rience utilisateur pour tous les publics."},"mensaje-4":{"type":"textfield","raw":"Trusted Translations utilise une combinaison de techniques manuelles et automatis\u00e9es pour garantir une pr\u00e9cision \u00e0 100 % dans la conformit\u00e9 \u00e0 la section 508."},"mensaje-5":{"type":"textfield","raw":""},"mensaje-6":{"type":"textfield","raw":""}},"single-page-template-fields":{"imgs-temp":{"type":"image","raw":["https:\/\/static.trustedtranslations.com\/wp-content\/uploads\/2025\/01\/508-DESK-1.webp"],"repeatable":[{"raw":"https:\/\/static.trustedtranslations.com\/wp-content\/uploads\/2025\/01\/508-DESK-1.webp"}]},"imgs-temp-cel":{"type":"image","raw":[""],"repeatable":[{"raw":""}]},"img-temp-one-cel":{"type":"image","raw":"","attachment_id":null},"quotes":{"type":"textarea","raw":"<h1 style=\"margin-bottom: 12px;\">Services de rem\u00e9diation en vertu de la section 508 pour une conformit\u00e9 compl\u00e8te en mati\u00e8re d'accessibilit\u00e9 <\/h1>Chez Trusted Translations, nous fournissons des services experts en mati\u00e8re de rem\u00e9diation en vertu de la section 508 pour garantir que votre contenu num\u00e9rique est accessible \u00e0 tous. Qu'il s'agisse de documents, de sites Web ou de contenu multim\u00e9dia, nos solutions compl\u00e8tes garantissent le respect des lois sur l'accessibilit\u00e9 tout en am\u00e9liorant la convivialit\u00e9 pour les personnes handicap\u00e9es. Laissez-nous vous aider \u00e0 respecter les normes de la section 508 de mani\u00e8re efficace et efficiente, en favorisant l'inclusivit\u00e9 et en att\u00e9nuant les risques juridiques.<div style=\"margin-top: 2.5vw;\"><a class=\"tt-btn-main-cta\" href=\"\/fr\/devis-traduction\">Demandez un devis gratuit<\/a><\/div>"},"text-1":{"type":"textarea","raw":"<h2 style=\"margin-top: -10px;\">Que sont les services de rem\u00e9diation en vertu de la section 508\u00a0?<\/h2>Les services de rem\u00e9diation en vertu de la section 508 garantissent que le contenu num\u00e9rique est accessible aux personnes handicap\u00e9es, r\u00e9pondant aux exigences de la section 508 de la loi sur la r\u00e9adaptation (Rehabilitation Act). Cette loi am\u00e9ricaine impose \u00e0 toutes les agences f\u00e9d\u00e9rales et \u00e0 tous les sous-traitants de fournir des informations num\u00e9riques accessibles, permettant aux utilisateurs de technologies d'assistance telles que les lecteurs d'\u00e9cran d'interagir de mani\u00e8re transparente avec le contenu. \r\n\r\nLa rem\u00e9diation en vertu de la section 508 se concentre sur l'adaptation de divers formats num\u00e9riques, notamment les PDF, les documents Word, les pr\u00e9sentations PowerPoint et les sites Web, afin de les rendre conformes aux directives sur l'accessibilit\u00e9 des contenus web (WCAG) et \u00e0 d'autres normes. Ces ajustements garantissent l\u2019inclusivit\u00e9 et la convivialit\u00e9 pour les personnes ayant des d\u00e9ficiences visuelles, auditives ou cognitives.\r\n\r\n<h2 style=\"margin-top: -10px;\">Qui b\u00e9n\u00e9ficie de la conformit\u00e9 \u00e0 la section 508\u00a0?<\/h2>\r\n\r\n<h3>Les services de rem\u00e9diation li\u00e9s \u00e0 la 508 profitent \u00e0 un large \u00e9ventail d'industries et d'organisations\u00a0:<\/h3>\r\n<ul>\r\n    <li><strong>Agences gouvernementales\u00a0:<\/strong> Assurer la conformit\u00e9 l\u00e9gale de toute la documentation num\u00e9rique.<\/li>\r\n    <li><strong>\u00c9tablissements d'enseignement\u00a0:<\/strong> Cr\u00e9er des environnements d\u2019apprentissage inclusifs pour les \u00e9l\u00e8ves de tous niveaux. <\/li>\r\n    <li><strong>Prestataires de soins de sant\u00e9\u00a0:<\/strong> Am\u00e9liorer l'accessibilit\u00e9 des dossiers m\u00e9dicaux et des ressources en ligne pour les patients handicap\u00e9s. <\/li>\r\n    <li><strong>Secteur priv\u00e9\u00a0:<\/strong> Renforcez la r\u00e9putation de la marque et am\u00e9liorez l\u2019exp\u00e9rience utilisateur en adoptant l\u2019inclusivit\u00e9. <\/li>\r\n<\/ul>\r\n\r\n<h2 style=\"margin-top: -10px;\">Pourquoi la conformit\u00e9 \u00e0 la section 508 est-elle essentielle\u00a0?<\/h2>\r\n\r\nLe non-respect de la section 508 peut entra\u00eener des sanctions, des risques juridiques et une atteinte \u00e0 la r\u00e9putation. Plus important encore, la rem\u00e9diation garantit que les personnes handicap\u00e9es peuvent participer pleinement au paysage num\u00e9rique d\u2019aujourd\u2019hui, favorisant l\u2019inclusion et l\u2019\u00e9galit\u00e9 d\u2019acc\u00e8s \u00e0 l\u2019information.\r\n\r\n<h3>Principaux avantages de la conformit\u00e9 \u00e0 la 508\u00a0:<\/h3>\r\n<ul>\r\n    <li><strong>Assure l\u2019inclusivit\u00e9\u00a0:<\/strong> Rend le contenu accessible \u00e0 tous, quelles que soient leurs capacit\u00e9s. <\/li>\r\n    <li><strong>\u00c9vite les risques juridiques\u00a0:<\/strong> R\u00e9duit le risque de poursuites judiciaires et de sanctions en cas de non-conformit\u00e9. <\/li>\r\n    <li><strong>Am\u00e9liore l'exp\u00e9rience utilisateur\u00a0:<\/strong> Am\u00e9liore la facilit\u00e9 d'utilisation pour tous les publics, notamment ceux qui utilisent des technologies d'assistance. <\/li>\r\n<\/ul>"},"shortcode-map":{"type":"textfield","raw":""},"dyk-shortcode":{"type":"textfield","raw":"[elementor-template id=\"146546\"]"},"text-2":{"type":"textarea","raw":"<h2>Notre processus complet de rem\u00e9diation en vertu de la 508<\/h2>Chez Trusted Translations, nous proposons des solutions sur mesure pour r\u00e9pondre \u00e0 vos besoins de conformit\u00e9. Notre processus comprend\u00a0:\r\n<ul>\r\n    <li><strong>\u00c9valuation\u00a0:<\/strong> Nous \u00e9valuons vos documents existants et vos ressources num\u00e9riques afin d'identifier les lacunes en mati\u00e8re d'accessibilit\u00e9.<\/li>\r\n    <li><strong>Rem\u00e9diation\u00a0:<\/strong> En utilisant un m\u00e9lange de techniques manuelles et automatis\u00e9es, nous ajustons les documents pour qu'ils soient totalement conformes aux normes de la section 508 et aux directives WCAG 2.1. <\/li>\r\n    <li><strong>Assurance qualit\u00e9\u00a0:<\/strong> Nos experts effectuent des tests approfondis pour garantir la compatibilit\u00e9 avec les technologies d'assistance telles que les lecteurs d'\u00e9cran.<\/li>\r\n    <li><strong>Certification et livraison\u00a0:<\/strong> Une fois le projet termin\u00e9, nous vous fournissons des fichiers accessibles et certifions la conformit\u00e9, vous offrant ainsi une tranquillit\u00e9 d'esprit.<\/li>\r\n<\/ul>\r\nCe flux de travail structur\u00e9 garantit des r\u00e9sultats pr\u00e9cis et efficaces, quelle que soit la complexit\u00e9 de votre contenu.\r\n\r\n<h2>Pourquoi choisir Trusted Translations pour les services de rem\u00e9diation li\u00e9s \u00e0 la 508\u00a0?<\/h2>\r\n\r\nTrusted Translations est particuli\u00e8rement bien \u00e9quip\u00e9 pour r\u00e9pondre \u00e0 vos besoins en mati\u00e8re d\u2019accessibilit\u00e9. Nos certifications et notre vaste exp\u00e9rience du secteur nous distinguent de nos concurrents\u00a0:\r\n<ul>\r\n    <li><strong>Expertise certifi\u00e9e\u00a0:<\/strong> B\u00e9n\u00e9ficiant de certifications ISO, nous adh\u00e9rons aux normes de qualit\u00e9 les plus \u00e9lev\u00e9es.<\/li>\r\n    <li><strong>Solutions flexibles\u00a0:<\/strong> Nous proposons des options de rem\u00e9diation manuelles, automatis\u00e9es ou hybrides adapt\u00e9es \u00e0 vos besoins et \u00e0 votre budget.<\/li>\r\n    <li><strong>Capacit\u00e9s multilingues\u00a0:<\/strong> Nous garantissons l'accessibilit\u00e9 dans plusieurs langues, rendant ainsi votre contenu inclusif \u00e0 l'\u00e9chelle mondiale. <\/li>\r\n    <li><strong>Un savoir-faire d\u00e9montr\u00e9\u00a0:<\/strong> Des organisations de premier plan nous font confiance et nos t\u00e9moignages d\u00e9montrent notre capacit\u00e9 \u00e0 fournir des r\u00e9sultats exceptionnels.<\/li>\r\n<\/ul>\r\n\r\n<h2>Demandez votre devis gratuit d\u00e8s aujourd\u2019hui <\/h2>\r\nNaviguer dans les r\u00e9glementations en mati\u00e8re d\u2019accessibilit\u00e9 requiert pr\u00e9cision et expertise. Trusted Translations propose des services de rem\u00e9diation complets pour vous aider \u00e0 r\u00e9pondre \u00e0 toutes les exigences de la section 508. \r\n\r\n<strong>Obtenez votre <a href=\"\/fr\/devis-traduction\">devis gratuit<\/a> d\u00e8s aujourd'hui<\/strong> et assurez-vous que votre contenu est accessible et conforme\u00a0!"},"state":{"type":"textfield","raw":""},"city":{"type":"textarea","raw":[""]}}},"_links":{"self":[{"href":"https:\/\/www.trustedtranslations.com\/fr\/wp-json\/wp\/v2\/pages\/286136","targetHints":{"allow":["GET"]}}],"collection":[{"href":"https:\/\/www.trustedtranslations.com\/fr\/wp-json\/wp\/v2\/pages"}],"about":[{"href":"https:\/\/www.trustedtranslations.com\/fr\/wp-json\/wp\/v2\/types\/page"}],"author":[{"embeddable":true,"href":"https:\/\/www.trustedtranslations.com\/fr\/wp-json\/wp\/v2\/users\/1"}],"replies":[{"embeddable":true,"href":"https:\/\/www.trustedtranslations.com\/fr\/wp-json\/wp\/v2\/comments?post=286136"}],"version-history":[{"count":0,"href":"https:\/\/www.trustedtranslations.com\/fr\/wp-json\/wp\/v2\/pages\/286136\/revisions"}],"up":[{"embeddable":true,"href":"https:\/\/www.trustedtranslations.com\/fr\/wp-json\/wp\/v2\/pages\/201514"}],"wp:attachment":[{"href":"https:\/\/www.trustedtranslations.com\/fr\/wp-json\/wp\/v2\/media?parent=286136"}],"curies":[{"name":"wp","href":"https:\/\/api.w.org\/{rel}","templated":true}]}}