{"id":294096,"date":"2026-03-12T11:17:43","date_gmt":"2026-03-12T14:17:43","guid":{"rendered":"https:\/\/www.trustedtranslations.com\/?page_id=294096"},"modified":"2026-03-27T14:51:46","modified_gmt":"2026-03-27T17:51:46","slug":"services-de-postproduction-multimedia","status":"publish","type":"page","link":"https:\/\/www.trustedtranslations.com\/fr\/services\/services-de-postproduction-multimedia","title":{"rendered":"Services de postproduction multim\u00e9dia"},"content":{"rendered":"","protected":false},"excerpt":{"rendered":"","protected":false},"author":1,"featured_media":0,"parent":129016,"menu_order":0,"comment_status":"closed","ping_status":"closed","template":"","meta":{"site-sidebar-layout":"default","site-content-layout":"","ast-site-content-layout":"default","site-content-style":"default","site-sidebar-style":"default","ast-global-header-display":"","ast-banner-title-visibility":"","ast-main-header-display":"","ast-hfb-above-header-display":"","ast-hfb-below-header-display":"","ast-hfb-mobile-header-display":"","site-post-title":"","ast-breadcrumbs-content":"","ast-featured-img":"","footer-sml-layout":"","ast-disable-related-posts":"","theme-transparent-header-meta":"default","adv-header-id-meta":"","stick-header-meta":"","header-above-stick-meta":"","header-main-stick-meta":"","header-below-stick-meta":"","astra-migrate-meta-layouts":"set","ast-page-background-enabled":"default","ast-page-background-meta":{"desktop":{"background-color":"var(--ast-global-color-4)","background-image":"","background-repeat":"repeat","background-position":"center center","background-size":"auto","background-attachment":"scroll","background-type":"","background-media":"","overlay-type":"","overlay-color":"","overlay-opacity":"","overlay-gradient":""},"tablet":{"background-color":"","background-image":"","background-repeat":"repeat","background-position":"center center","background-size":"auto","background-attachment":"scroll","background-type":"","background-media":"","overlay-type":"","overlay-color":"","overlay-opacity":"","overlay-gradient":""},"mobile":{"background-color":"","background-image":"","background-repeat":"repeat","background-position":"center center","background-size":"auto","background-attachment":"scroll","background-type":"","background-media":"","overlay-type":"","overlay-color":"","overlay-opacity":"","overlay-gradient":""}},"ast-content-background-meta":{"desktop":{"background-color":"var(--ast-global-color-5)","background-image":"","background-repeat":"repeat","background-position":"center center","background-size":"auto","background-attachment":"scroll","background-type":"","background-media":"","overlay-type":"","overlay-color":"","overlay-opacity":"","overlay-gradient":""},"tablet":{"background-color":"var(--ast-global-color-5)","background-image":"","background-repeat":"repeat","background-position":"center center","background-size":"auto","background-attachment":"scroll","background-type":"","background-media":"","overlay-type":"","overlay-color":"","overlay-opacity":"","overlay-gradient":""},"mobile":{"background-color":"var(--ast-global-color-5)","background-image":"","background-repeat":"repeat","background-position":"center center","background-size":"auto","background-attachment":"scroll","background-type":"","background-media":"","overlay-type":"","overlay-color":"","overlay-opacity":"","overlay-gradient":""}},"footnotes":""},"class_list":["post-294096","page","type-page","status-publish","hentry"],"yoast_head":"<!-- This site is optimized with the Yoast SEO plugin v27.3 - https:\/\/yoast.com\/product\/yoast-seo-wordpress\/ -->\n<title>Services de postproduction multim\u00e9dia - Trusted Translations, Inc.<\/title>\n<meta name=\"robots\" content=\"index, follow, max-snippet:-1, max-image-preview:large, max-video-preview:-1\" \/>\n<link rel=\"canonical\" href=\"https:\/\/www.trustedtranslations.com\/fr\/services\/services-de-postproduction-multimedia\" \/>\n<meta property=\"og:locale\" content=\"fr_FR\" \/>\n<meta property=\"og:type\" content=\"article\" \/>\n<meta property=\"og:title\" content=\"Services de postproduction multim\u00e9dia - Trusted Translations, Inc.\" \/>\n<meta property=\"og:url\" content=\"https:\/\/www.trustedtranslations.com\/fr\/services\/services-de-postproduction-multimedia\" \/>\n<meta property=\"og:site_name\" content=\"Trusted Translations, Inc.\" \/>\n<meta property=\"article:publisher\" content=\"https:\/\/www.facebook.com\/Trusted.Translations\" \/>\n<meta property=\"article:modified_time\" content=\"2026-03-27T17:51:46+00:00\" \/>\n<meta property=\"og:image\" content=\"https:\/\/www.trustedtranslations.com\/wp-content\/uploads\/2022\/06\/tt-logo-2-1.webp\" \/>\n\t<meta property=\"og:image:width\" content=\"216\" \/>\n\t<meta property=\"og:image:height\" content=\"94\" \/>\n\t<meta property=\"og:image:type\" content=\"image\/webp\" \/>\n<meta name=\"twitter:card\" content=\"summary_large_image\" \/>\n<meta name=\"twitter:site\" content=\"@TrustedT9ns\" \/>\n<script type=\"application\/ld+json\" class=\"yoast-schema-graph\">{\"@context\":\"https:\\\/\\\/schema.org\",\"@graph\":[{\"@type\":\"WebPage\",\"@id\":\"https:\\\/\\\/www.trustedtranslations.com\\\/fr\\\/services\\\/services-de-postproduction-multimedia\",\"url\":\"https:\\\/\\\/www.trustedtranslations.com\\\/fr\\\/services\\\/services-de-postproduction-multimedia\",\"name\":\"Services de postproduction multim\u00e9dia - Trusted Translations, Inc.\",\"isPartOf\":{\"@id\":\"https:\\\/\\\/www.trustedtranslations.com\\\/fr\\\/#website\"},\"breadcrumb\":{\"@id\":\"https:\\\/\\\/www.trustedtranslations.com\\\/fr\\\/services\\\/services-de-postproduction-multimedia#breadcrumb\"},\"inLanguage\":\"fr-FR\",\"potentialAction\":[{\"@type\":\"ReadAction\",\"target\":[\"https:\\\/\\\/www.trustedtranslations.com\\\/fr\\\/services\\\/services-de-postproduction-multimedia\"]}]},{\"@type\":\"BreadcrumbList\",\"@id\":\"https:\\\/\\\/www.trustedtranslations.com\\\/fr\\\/services\\\/services-de-postproduction-multimedia#breadcrumb\",\"itemListElement\":[{\"@type\":\"ListItem\",\"position\":1,\"name\":\"Accueil\",\"item\":\"https:\\\/\\\/www.trustedtranslations.com\\\/fr\"},{\"@type\":\"ListItem\",\"position\":2,\"name\":\"Services\",\"item\":\"https:\\\/\\\/www.trustedtranslations.com\\\/fr\\\/services\"},{\"@type\":\"ListItem\",\"position\":3,\"name\":\"Services de postproduction multim\u00e9dia\"}]},{\"@type\":\"WebSite\",\"@id\":\"https:\\\/\\\/www.trustedtranslations.com\\\/fr\\\/#website\",\"url\":\"https:\\\/\\\/www.trustedtranslations.com\\\/fr\\\/\",\"name\":\"Trusted Translations, Inc.\",\"description\":\"Leader in translation and interpretation services.\",\"publisher\":{\"@id\":\"https:\\\/\\\/www.trustedtranslations.com\\\/fr\\\/#organization\"},\"alternateName\":\"Trusted Translations\",\"potentialAction\":[{\"@type\":\"SearchAction\",\"target\":{\"@type\":\"EntryPoint\",\"urlTemplate\":\"https:\\\/\\\/www.trustedtranslations.com\\\/fr\\\/?s={search_term_string}\"},\"query-input\":{\"@type\":\"PropertyValueSpecification\",\"valueRequired\":true,\"valueName\":\"search_term_string\"}}],\"inLanguage\":\"fr-FR\"},{\"@type\":\"Organization\",\"@id\":\"https:\\\/\\\/www.trustedtranslations.com\\\/fr\\\/#organization\",\"name\":\"Trusted Translations\",\"alternateName\":\"Trusted Translations, Inc.\",\"url\":\"https:\\\/\\\/www.trustedtranslations.com\\\/fr\\\/\",\"logo\":{\"@type\":\"ImageObject\",\"inLanguage\":\"fr-FR\",\"@id\":\"https:\\\/\\\/www.trustedtranslations.com\\\/fr\\\/#\\\/schema\\\/logo\\\/image\\\/\",\"url\":\"https:\\\/\\\/static.trustedtranslations.com\\\/wp-content\\\/uploads\\\/2022\\\/01\\\/TT_logo_WSIColors-2.png\",\"contentUrl\":\"https:\\\/\\\/static.trustedtranslations.com\\\/wp-content\\\/uploads\\\/2022\\\/01\\\/TT_logo_WSIColors-2.png\",\"width\":500,\"height\":196,\"caption\":\"Trusted Translations\"},\"image\":{\"@id\":\"https:\\\/\\\/www.trustedtranslations.com\\\/fr\\\/#\\\/schema\\\/logo\\\/image\\\/\"},\"sameAs\":[\"https:\\\/\\\/www.facebook.com\\\/Trusted.Translations\",\"https:\\\/\\\/x.com\\\/TrustedT9ns\",\"https:\\\/\\\/www.linkedin.com\\\/company\\\/trusted-translations\"]}]}<\/script>\n<!-- \/ Yoast SEO plugin. -->","yoast_head_json":{"title":"Services de postproduction multim\u00e9dia - Trusted Translations, Inc.","robots":{"index":"index","follow":"follow","max-snippet":"max-snippet:-1","max-image-preview":"max-image-preview:large","max-video-preview":"max-video-preview:-1"},"canonical":"https:\/\/www.trustedtranslations.com\/fr\/services\/services-de-postproduction-multimedia","og_locale":"fr_FR","og_type":"article","og_title":"Services de postproduction multim\u00e9dia - Trusted Translations, Inc.","og_url":"https:\/\/www.trustedtranslations.com\/fr\/services\/services-de-postproduction-multimedia","og_site_name":"Trusted Translations, Inc.","article_publisher":"https:\/\/www.facebook.com\/Trusted.Translations","article_modified_time":"2026-03-27T17:51:46+00:00","og_image":[{"width":216,"height":94,"url":"https:\/\/www.trustedtranslations.com\/wp-content\/uploads\/2022\/06\/tt-logo-2-1.webp","type":"image\/webp"}],"twitter_card":"summary_large_image","twitter_site":"@TrustedT9ns","schema":{"@context":"https:\/\/schema.org","@graph":[{"@type":"WebPage","@id":"https:\/\/www.trustedtranslations.com\/fr\/services\/services-de-postproduction-multimedia","url":"https:\/\/www.trustedtranslations.com\/fr\/services\/services-de-postproduction-multimedia","name":"Services de postproduction multim\u00e9dia - Trusted Translations, Inc.","isPartOf":{"@id":"https:\/\/www.trustedtranslations.com\/fr\/#website"},"breadcrumb":{"@id":"https:\/\/www.trustedtranslations.com\/fr\/services\/services-de-postproduction-multimedia#breadcrumb"},"inLanguage":"fr-FR","potentialAction":[{"@type":"ReadAction","target":["https:\/\/www.trustedtranslations.com\/fr\/services\/services-de-postproduction-multimedia"]}]},{"@type":"BreadcrumbList","@id":"https:\/\/www.trustedtranslations.com\/fr\/services\/services-de-postproduction-multimedia#breadcrumb","itemListElement":[{"@type":"ListItem","position":1,"name":"Accueil","item":"https:\/\/www.trustedtranslations.com\/fr"},{"@type":"ListItem","position":2,"name":"Services","item":"https:\/\/www.trustedtranslations.com\/fr\/services"},{"@type":"ListItem","position":3,"name":"Services de postproduction multim\u00e9dia"}]},{"@type":"WebSite","@id":"https:\/\/www.trustedtranslations.com\/fr\/#website","url":"https:\/\/www.trustedtranslations.com\/fr\/","name":"Trusted Translations, Inc.","description":"Leader in translation and interpretation services.","publisher":{"@id":"https:\/\/www.trustedtranslations.com\/fr\/#organization"},"alternateName":"Trusted Translations","potentialAction":[{"@type":"SearchAction","target":{"@type":"EntryPoint","urlTemplate":"https:\/\/www.trustedtranslations.com\/fr\/?s={search_term_string}"},"query-input":{"@type":"PropertyValueSpecification","valueRequired":true,"valueName":"search_term_string"}}],"inLanguage":"fr-FR"},{"@type":"Organization","@id":"https:\/\/www.trustedtranslations.com\/fr\/#organization","name":"Trusted Translations","alternateName":"Trusted Translations, Inc.","url":"https:\/\/www.trustedtranslations.com\/fr\/","logo":{"@type":"ImageObject","inLanguage":"fr-FR","@id":"https:\/\/www.trustedtranslations.com\/fr\/#\/schema\/logo\/image\/","url":"https:\/\/static.trustedtranslations.com\/wp-content\/uploads\/2022\/01\/TT_logo_WSIColors-2.png","contentUrl":"https:\/\/static.trustedtranslations.com\/wp-content\/uploads\/2022\/01\/TT_logo_WSIColors-2.png","width":500,"height":196,"caption":"Trusted Translations"},"image":{"@id":"https:\/\/www.trustedtranslations.com\/fr\/#\/schema\/logo\/image\/"},"sameAs":["https:\/\/www.facebook.com\/Trusted.Translations","https:\/\/x.com\/TrustedT9ns","https:\/\/www.linkedin.com\/company\/trusted-translations"]}]}},"toolset-meta":{"dyk":{"mensaje-1":{"type":"textfield","raw":"Une transcription claire et fid\u00e8le constitue souvent la base du sous-titrage, du doublage et de la voix off \u2014 ce qui permet de gagner du temps et de r\u00e9duire les co\u00fbts de production dans les projets multilingues."},"mensaje-2":{"type":"textfield","raw":"Des sous-titres bien synchronis\u00e9s peuvent accro\u00eetre l\u2019int\u00e9r\u00eat et la compr\u00e9hension des vid\u00e9os, en particulier pour les formations, l\u2019apprentissage en ligne et les publics privil\u00e9giant le mobile."},"mensaje-3":{"type":"textfield","raw":"La postproduction multim\u00e9dia ne repose pas uniquement sur la langue, elle inclut \u00e9galement la mise en forme, la synchronisation et la livraison de fichiers conformes aux exigences des plateformes et des LMS."},"mensaje-4":{"type":"textfield","raw":"Une postproduction multim\u00e9dia pr\u00e9cise est essentielle pour les enregistrements juridiques, de conformit\u00e9 et d\u2019entreprise, o\u00f9 m\u00eame de petites erreurs peuvent modifier le sens ou le contexte."},"mensaje-5":{"type":"textfield","raw":""},"mensaje-6":{"type":"textfield","raw":""}},"single-page-template-fields":{"imgs-temp":{"type":"image","raw":["https:\/\/www.trustedtranslations.com\/wp-content\/uploads\/2026\/02\/post-prod-1.webp"],"repeatable":[{"raw":"https:\/\/www.trustedtranslations.com\/wp-content\/uploads\/2026\/02\/post-prod-1.webp","attachment_id":293600}]},"imgs-temp-cel":{"type":"image","raw":[""],"repeatable":[{"raw":""}]},"img-temp-one-cel":{"type":"image","raw":"","attachment_id":null},"quotes":{"type":"textarea","raw":"<h1 style=\"margin-bottom: 12px;\">Services de postproduction multim\u00e9dia<\/h1>L\u2019\u00e9quipe de postproduction multim\u00e9dia de Trusted Translations prend en charge les contenus audio et vid\u00e9o destin\u00e9s au march\u00e9 international gr\u00e2ce \u00e0 des flux de travail professionnels de doublage, sous-titrage, synth\u00e8se vocale et transcription. Nous fournissons des r\u00e9sultats pr\u00e9cis et coh\u00e9rents dans les formats dont vous avez besoin, le tout dans le respect de normes strictes de confidentialit\u00e9 et de qualit\u00e9. <div style=\"margin-top: 2.5vw;\"><a class=\"tt-btn-main-cta\" href=\"\/fr\/devis-traduction\">Demandez un devis gratuit<\/a><\/div>"},"text-1":{"type":"textarea","raw":"<h3>Des livrables pr\u00eats \u00e0 l\u2019emploi \u00e0 l\u2019\u00e9chelle mondiale<\/h3>\r\n\r\n<p>Nous fournissons des fichiers pr\u00eats \u00e0 l\u2019emploi pour les plateformes, les syst\u00e8mes de gestion de l\u2019apprentissage (learning management systems, LMS) et les \u00e9quipes internes, notamment\u00a0:<\/p>\r\n\r\n<ul>\r\n  <li>Scripts et transcriptions<\/li>\r\n  <li>Fichiers de sous-titrage adapt\u00e9s \u00e0 vos besoins<\/li>\r\n  <li>Livrables audio localis\u00e9s<\/li>\r\n  <li>Fichiers organis\u00e9s pr\u00eats \u00e0 \u00eatre publi\u00e9s ou r\u00e9vis\u00e9s<\/li>\r\n<\/ul>\r\n\r\n<h3>Qualit\u00e9 et confidentialit\u00e9<\/h3>\r\n\r\n<p>Trusted Translations applique des normes strictes en mati\u00e8re de confidentialit\u00e9 et de qualit\u00e9 pour chaque projet. Notre \u00e9quipe accorde une importance particuli\u00e8re \u00e0 l\u2019exactitude, \u00e0 la coh\u00e9rence et \u00e0 une mise en forme professionnelle afin que votre contenu soit imm\u00e9diatement pr\u00eat \u00e0 l\u2019emploi.<\/p>\r\n\r\n<p>Nos processus sont conformes aux normes ISO 9001, ce qui garantit une gestion de la qualit\u00e9 rigoureuse, l\u2019exactitude des traductions et l\u2019application des meilleures pratiques de post-\u00e9dition pour l\u2019ensemble de nos services de postproduction multim\u00e9dia.<\/p>\r\n\r\n<h2>Que choisir\u00a0: Transcription, sous-titres, doublage ou synth\u00e8se vocale\u00a0?<\/h2>\r\n\r\n<p>Vous ne savez pas quelle option convient le mieux \u00e0 votre public\u00a0? Voici un guide rapide\u00a0:<\/p>\r\n\r\n<p><strong>La transcription<\/strong> consiste \u00e0 cr\u00e9er un document \u00e9crit \u00e0 partir d\u2019un contenu oral. Ce document peut ensuite \u00eatre r\u00e9vis\u00e9, archiv\u00e9, traduit ou utilis\u00e9 comme base pour le sous-titrage et le doublage.<\/p>\r\n\r\n<p><strong>Le sous-titrage<\/strong> est \u00e9conomique et permet de pr\u00e9server les voix originales. Les sous-titres peuvent \u00eatre fournis sous forme de fichiers .srt ou .vtt, ou \u00eatre directement int\u00e9gr\u00e9s \u00e0 la vid\u00e9o si n\u00e9cessaire.<\/p>\r\n\r\n<p><strong>Le doublage<\/strong> remplace les voix pour offrir une exp\u00e9rience plus immersive et captivante.<\/p>\r\n\r\n<p><strong>La synth\u00e8se vocale<\/strong> permet de g\u00e9n\u00e9rer rapidement une narration pour les contenus sc\u00e9naris\u00e9s et les besoins de production \u00e9volutifs.<\/p>"},"shortcode-map":{"type":"textfield","raw":""},"dyk-shortcode":{"type":"textfield","raw":"[elementor-template id=\"146546\"]"},"text-2":{"type":"textarea","raw":"<h2>Comment la postproduction multim\u00e9dia peut-elle vous aider \u00e0 am\u00e9liorer votre contenu<\/h2>\r\n\r\n<p>Les services de postproduction multim\u00e9dia peuvent \u00eatre utilis\u00e9s pour une grande vari\u00e9t\u00e9 de types de contenu et de sc\u00e9narios de production. Selon votre flux de travail, nous pouvons travailler \u00e0 partir de fichiers multim\u00e9dias originaux, de scripts, de transcriptions existantes ou de fichiers de sous-titres.<\/p>\r\n\r\n<p>Ces services sont couramment utilis\u00e9s pour\u00a0:<\/p>\r\n\r\n<ul>\r\n  <li>Les contenus de formation et d\u2019apprentissage en ligne pour les \u00e9quipes internes et les plateformes LMS<\/li>\r\n  <li>Les vid\u00e9os marketing et de pr\u00e9sentation de produits destin\u00e9es \u00e0 des campagnes multilingues<\/li>\r\n  <li>Les communications d\u2019entreprise destin\u00e9es aux bureaux internationaux et aux diff\u00e9rentes parties prenantes<\/li>\r\n  <li>Les interviews et les enregistrements \u00e0 plusieurs intervenants qui n\u00e9cessitent des transcriptions pr\u00e9cises ou des sous-titres<\/li>\r\n  <li>Les enregistrements juridiques ou li\u00e9s \u00e0 la conformit\u00e9, o\u00f9 l\u2019exactitude et la confidentialit\u00e9 sont essentielles<\/li>\r\n<\/ul>\r\n\r\n<p>Notre \u00e9quipe peut vous aider \u00e0 choisir l\u2019approche la plus adapt\u00e9e en fonction du public cible, des d\u00e9lais de livraison, du budget et du type de contenu, tout en respectant des normes strictes de confidentialit\u00e9 et de qualit\u00e9.<\/p>"},"state":{"type":"textfield","raw":""},"city":{"type":"textarea","raw":[""]}}},"_links":{"self":[{"href":"https:\/\/www.trustedtranslations.com\/fr\/wp-json\/wp\/v2\/pages\/294096","targetHints":{"allow":["GET"]}}],"collection":[{"href":"https:\/\/www.trustedtranslations.com\/fr\/wp-json\/wp\/v2\/pages"}],"about":[{"href":"https:\/\/www.trustedtranslations.com\/fr\/wp-json\/wp\/v2\/types\/page"}],"author":[{"embeddable":true,"href":"https:\/\/www.trustedtranslations.com\/fr\/wp-json\/wp\/v2\/users\/1"}],"replies":[{"embeddable":true,"href":"https:\/\/www.trustedtranslations.com\/fr\/wp-json\/wp\/v2\/comments?post=294096"}],"version-history":[{"count":1,"href":"https:\/\/www.trustedtranslations.com\/fr\/wp-json\/wp\/v2\/pages\/294096\/revisions"}],"predecessor-version":[{"id":294189,"href":"https:\/\/www.trustedtranslations.com\/fr\/wp-json\/wp\/v2\/pages\/294096\/revisions\/294189"}],"up":[{"embeddable":true,"href":"https:\/\/www.trustedtranslations.com\/fr\/wp-json\/wp\/v2\/pages\/129016"}],"wp:attachment":[{"href":"https:\/\/www.trustedtranslations.com\/fr\/wp-json\/wp\/v2\/media?parent=294096"}],"curies":[{"name":"wp","href":"https:\/\/api.w.org\/{rel}","templated":true}]}}