{"id":294126,"date":"2026-03-12T12:01:51","date_gmt":"2026-03-12T15:01:51","guid":{"rendered":"https:\/\/www.trustedtranslations.com\/?page_id=294126"},"modified":"2026-03-27T15:20:35","modified_gmt":"2026-03-27T18:20:35","slug":"services-de-sous-titrage","status":"publish","type":"page","link":"https:\/\/www.trustedtranslations.com\/fr\/services\/services-de-postproduction-multimedia\/services-de-sous-titrage","title":{"rendered":"Services de sous-titrage"},"content":{"rendered":"","protected":false},"excerpt":{"rendered":"","protected":false},"author":1,"featured_media":261639,"parent":294096,"menu_order":0,"comment_status":"closed","ping_status":"closed","template":"","meta":{"site-sidebar-layout":"default","site-content-layout":"","ast-site-content-layout":"default","site-content-style":"default","site-sidebar-style":"default","ast-global-header-display":"","ast-banner-title-visibility":"","ast-main-header-display":"","ast-hfb-above-header-display":"","ast-hfb-below-header-display":"","ast-hfb-mobile-header-display":"","site-post-title":"","ast-breadcrumbs-content":"","ast-featured-img":"","footer-sml-layout":"","ast-disable-related-posts":"","theme-transparent-header-meta":"default","adv-header-id-meta":"","stick-header-meta":"","header-above-stick-meta":"","header-main-stick-meta":"","header-below-stick-meta":"","astra-migrate-meta-layouts":"set","ast-page-background-enabled":"default","ast-page-background-meta":{"desktop":{"background-color":"var(--ast-global-color-4)","background-image":"","background-repeat":"repeat","background-position":"center center","background-size":"auto","background-attachment":"scroll","background-type":"","background-media":"","overlay-type":"","overlay-color":"","overlay-opacity":"","overlay-gradient":""},"tablet":{"background-color":"","background-image":"","background-repeat":"repeat","background-position":"center center","background-size":"auto","background-attachment":"scroll","background-type":"","background-media":"","overlay-type":"","overlay-color":"","overlay-opacity":"","overlay-gradient":""},"mobile":{"background-color":"","background-image":"","background-repeat":"repeat","background-position":"center center","background-size":"auto","background-attachment":"scroll","background-type":"","background-media":"","overlay-type":"","overlay-color":"","overlay-opacity":"","overlay-gradient":""}},"ast-content-background-meta":{"desktop":{"background-color":"var(--ast-global-color-5)","background-image":"","background-repeat":"repeat","background-position":"center center","background-size":"auto","background-attachment":"scroll","background-type":"","background-media":"","overlay-type":"","overlay-color":"","overlay-opacity":"","overlay-gradient":""},"tablet":{"background-color":"var(--ast-global-color-5)","background-image":"","background-repeat":"repeat","background-position":"center center","background-size":"auto","background-attachment":"scroll","background-type":"","background-media":"","overlay-type":"","overlay-color":"","overlay-opacity":"","overlay-gradient":""},"mobile":{"background-color":"var(--ast-global-color-5)","background-image":"","background-repeat":"repeat","background-position":"center center","background-size":"auto","background-attachment":"scroll","background-type":"","background-media":"","overlay-type":"","overlay-color":"","overlay-opacity":"","overlay-gradient":""}},"footnotes":""},"class_list":["post-294126","page","type-page","status-publish","has-post-thumbnail","hentry"],"yoast_head":"<!-- This site is optimized with the Yoast SEO plugin v27.5 - https:\/\/yoast.com\/product\/yoast-seo-wordpress\/ -->\n<title>Services de sous-titrage - Trusted Translations, Inc.<\/title>\n<meta name=\"robots\" content=\"index, follow, max-snippet:-1, max-image-preview:large, max-video-preview:-1\" \/>\n<link rel=\"canonical\" href=\"https:\/\/www.trustedtranslations.com\/fr\/services\/services-de-postproduction-multimedia\/services-de-sous-titrage\" \/>\n<meta property=\"og:locale\" content=\"fr_FR\" \/>\n<meta property=\"og:type\" content=\"article\" \/>\n<meta property=\"og:title\" content=\"Services de sous-titrage - Trusted Translations, Inc.\" \/>\n<meta property=\"og:url\" content=\"https:\/\/www.trustedtranslations.com\/fr\/services\/services-de-postproduction-multimedia\/services-de-sous-titrage\" \/>\n<meta property=\"og:site_name\" content=\"Trusted Translations, Inc.\" \/>\n<meta property=\"article:publisher\" content=\"https:\/\/www.facebook.com\/Trusted.Translations\" \/>\n<meta property=\"article:modified_time\" content=\"2026-03-27T18:20:35+00:00\" \/>\n<meta property=\"og:image\" content=\"https:\/\/www.trustedtranslations.com\/wp-content\/uploads\/2024\/06\/TT-ICON_Native-Spanish-Translati-1.webp\" \/>\n\t<meta property=\"og:image:width\" content=\"151\" \/>\n\t<meta property=\"og:image:height\" content=\"151\" \/>\n\t<meta property=\"og:image:type\" content=\"image\/webp\" \/>\n<meta name=\"twitter:card\" content=\"summary_large_image\" \/>\n<meta name=\"twitter:site\" content=\"@TrustedT9ns\" \/>\n<script type=\"application\/ld+json\" class=\"yoast-schema-graph\">{\"@context\":\"https:\\\/\\\/schema.org\",\"@graph\":[{\"@type\":\"WebPage\",\"@id\":\"https:\\\/\\\/www.trustedtranslations.com\\\/fr\\\/services\\\/services-de-postproduction-multimedia\\\/services-de-sous-titrage\",\"url\":\"https:\\\/\\\/www.trustedtranslations.com\\\/fr\\\/services\\\/services-de-postproduction-multimedia\\\/services-de-sous-titrage\",\"name\":\"Services de sous-titrage - Trusted Translations, Inc.\",\"isPartOf\":{\"@id\":\"https:\\\/\\\/www.trustedtranslations.com\\\/fr\\\/#website\"},\"primaryImageOfPage\":{\"@id\":\"https:\\\/\\\/www.trustedtranslations.com\\\/fr\\\/services\\\/services-de-postproduction-multimedia\\\/services-de-sous-titrage#primaryimage\"},\"image\":{\"@id\":\"https:\\\/\\\/www.trustedtranslations.com\\\/fr\\\/services\\\/services-de-postproduction-multimedia\\\/services-de-sous-titrage#primaryimage\"},\"thumbnailUrl\":\"https:\\\/\\\/www.trustedtranslations.com\\\/wp-content\\\/uploads\\\/2024\\\/06\\\/TT-ICON_Native-Spanish-Translati-1.webp\",\"breadcrumb\":{\"@id\":\"https:\\\/\\\/www.trustedtranslations.com\\\/fr\\\/services\\\/services-de-postproduction-multimedia\\\/services-de-sous-titrage#breadcrumb\"},\"inLanguage\":\"fr-FR\",\"potentialAction\":[{\"@type\":\"ReadAction\",\"target\":[\"https:\\\/\\\/www.trustedtranslations.com\\\/fr\\\/services\\\/services-de-postproduction-multimedia\\\/services-de-sous-titrage\"]}]},{\"@type\":\"ImageObject\",\"inLanguage\":\"fr-FR\",\"@id\":\"https:\\\/\\\/www.trustedtranslations.com\\\/fr\\\/services\\\/services-de-postproduction-multimedia\\\/services-de-sous-titrage#primaryimage\",\"url\":\"https:\\\/\\\/www.trustedtranslations.com\\\/wp-content\\\/uploads\\\/2024\\\/06\\\/TT-ICON_Native-Spanish-Translati-1.webp\",\"contentUrl\":\"https:\\\/\\\/www.trustedtranslations.com\\\/wp-content\\\/uploads\\\/2024\\\/06\\\/TT-ICON_Native-Spanish-Translati-1.webp\",\"width\":151,\"height\":151,\"caption\":\"TT ICON Native Spanish Translati 1\"},{\"@type\":\"BreadcrumbList\",\"@id\":\"https:\\\/\\\/www.trustedtranslations.com\\\/fr\\\/services\\\/services-de-postproduction-multimedia\\\/services-de-sous-titrage#breadcrumb\",\"itemListElement\":[{\"@type\":\"ListItem\",\"position\":1,\"name\":\"Accueil\",\"item\":\"https:\\\/\\\/www.trustedtranslations.com\\\/fr\"},{\"@type\":\"ListItem\",\"position\":2,\"name\":\"Services\",\"item\":\"https:\\\/\\\/www.trustedtranslations.com\\\/fr\\\/services\"},{\"@type\":\"ListItem\",\"position\":3,\"name\":\"Services de postproduction multim\u00e9dia\",\"item\":\"https:\\\/\\\/www.trustedtranslations.com\\\/fr\\\/services\\\/services-de-postproduction-multimedia\"},{\"@type\":\"ListItem\",\"position\":4,\"name\":\"Services de sous-titrage\"}]},{\"@type\":\"WebSite\",\"@id\":\"https:\\\/\\\/www.trustedtranslations.com\\\/fr\\\/#website\",\"url\":\"https:\\\/\\\/www.trustedtranslations.com\\\/fr\\\/\",\"name\":\"Trusted Translations, Inc.\",\"description\":\"Leader in translation and interpretation services.\",\"publisher\":{\"@id\":\"https:\\\/\\\/www.trustedtranslations.com\\\/fr\\\/#organization\"},\"alternateName\":\"Trusted Translations\",\"potentialAction\":[{\"@type\":\"SearchAction\",\"target\":{\"@type\":\"EntryPoint\",\"urlTemplate\":\"https:\\\/\\\/www.trustedtranslations.com\\\/fr\\\/?s={search_term_string}\"},\"query-input\":{\"@type\":\"PropertyValueSpecification\",\"valueRequired\":true,\"valueName\":\"search_term_string\"}}],\"inLanguage\":\"fr-FR\"},{\"@type\":\"Organization\",\"@id\":\"https:\\\/\\\/www.trustedtranslations.com\\\/fr\\\/#organization\",\"name\":\"Trusted Translations\",\"alternateName\":\"Trusted Translations, Inc.\",\"url\":\"https:\\\/\\\/www.trustedtranslations.com\\\/fr\\\/\",\"logo\":{\"@type\":\"ImageObject\",\"inLanguage\":\"fr-FR\",\"@id\":\"https:\\\/\\\/www.trustedtranslations.com\\\/fr\\\/#\\\/schema\\\/logo\\\/image\\\/\",\"url\":\"https:\\\/\\\/static.trustedtranslations.com\\\/wp-content\\\/uploads\\\/2022\\\/01\\\/TT_logo_WSIColors-2.png\",\"contentUrl\":\"https:\\\/\\\/static.trustedtranslations.com\\\/wp-content\\\/uploads\\\/2022\\\/01\\\/TT_logo_WSIColors-2.png\",\"width\":500,\"height\":196,\"caption\":\"Trusted Translations\"},\"image\":{\"@id\":\"https:\\\/\\\/www.trustedtranslations.com\\\/fr\\\/#\\\/schema\\\/logo\\\/image\\\/\"},\"sameAs\":[\"https:\\\/\\\/www.facebook.com\\\/Trusted.Translations\",\"https:\\\/\\\/x.com\\\/TrustedT9ns\",\"https:\\\/\\\/www.linkedin.com\\\/company\\\/trusted-translations\"]}]}<\/script>\n<!-- \/ Yoast SEO plugin. -->","yoast_head_json":{"title":"Services de sous-titrage - Trusted Translations, Inc.","robots":{"index":"index","follow":"follow","max-snippet":"max-snippet:-1","max-image-preview":"max-image-preview:large","max-video-preview":"max-video-preview:-1"},"canonical":"https:\/\/www.trustedtranslations.com\/fr\/services\/services-de-postproduction-multimedia\/services-de-sous-titrage","og_locale":"fr_FR","og_type":"article","og_title":"Services de sous-titrage - Trusted Translations, Inc.","og_url":"https:\/\/www.trustedtranslations.com\/fr\/services\/services-de-postproduction-multimedia\/services-de-sous-titrage","og_site_name":"Trusted Translations, Inc.","article_publisher":"https:\/\/www.facebook.com\/Trusted.Translations","article_modified_time":"2026-03-27T18:20:35+00:00","og_image":[{"width":151,"height":151,"url":"https:\/\/www.trustedtranslations.com\/wp-content\/uploads\/2024\/06\/TT-ICON_Native-Spanish-Translati-1.webp","type":"image\/webp"}],"twitter_card":"summary_large_image","twitter_site":"@TrustedT9ns","schema":{"@context":"https:\/\/schema.org","@graph":[{"@type":"WebPage","@id":"https:\/\/www.trustedtranslations.com\/fr\/services\/services-de-postproduction-multimedia\/services-de-sous-titrage","url":"https:\/\/www.trustedtranslations.com\/fr\/services\/services-de-postproduction-multimedia\/services-de-sous-titrage","name":"Services de sous-titrage - Trusted Translations, Inc.","isPartOf":{"@id":"https:\/\/www.trustedtranslations.com\/fr\/#website"},"primaryImageOfPage":{"@id":"https:\/\/www.trustedtranslations.com\/fr\/services\/services-de-postproduction-multimedia\/services-de-sous-titrage#primaryimage"},"image":{"@id":"https:\/\/www.trustedtranslations.com\/fr\/services\/services-de-postproduction-multimedia\/services-de-sous-titrage#primaryimage"},"thumbnailUrl":"https:\/\/www.trustedtranslations.com\/wp-content\/uploads\/2024\/06\/TT-ICON_Native-Spanish-Translati-1.webp","breadcrumb":{"@id":"https:\/\/www.trustedtranslations.com\/fr\/services\/services-de-postproduction-multimedia\/services-de-sous-titrage#breadcrumb"},"inLanguage":"fr-FR","potentialAction":[{"@type":"ReadAction","target":["https:\/\/www.trustedtranslations.com\/fr\/services\/services-de-postproduction-multimedia\/services-de-sous-titrage"]}]},{"@type":"ImageObject","inLanguage":"fr-FR","@id":"https:\/\/www.trustedtranslations.com\/fr\/services\/services-de-postproduction-multimedia\/services-de-sous-titrage#primaryimage","url":"https:\/\/www.trustedtranslations.com\/wp-content\/uploads\/2024\/06\/TT-ICON_Native-Spanish-Translati-1.webp","contentUrl":"https:\/\/www.trustedtranslations.com\/wp-content\/uploads\/2024\/06\/TT-ICON_Native-Spanish-Translati-1.webp","width":151,"height":151,"caption":"TT ICON Native Spanish Translati 1"},{"@type":"BreadcrumbList","@id":"https:\/\/www.trustedtranslations.com\/fr\/services\/services-de-postproduction-multimedia\/services-de-sous-titrage#breadcrumb","itemListElement":[{"@type":"ListItem","position":1,"name":"Accueil","item":"https:\/\/www.trustedtranslations.com\/fr"},{"@type":"ListItem","position":2,"name":"Services","item":"https:\/\/www.trustedtranslations.com\/fr\/services"},{"@type":"ListItem","position":3,"name":"Services de postproduction multim\u00e9dia","item":"https:\/\/www.trustedtranslations.com\/fr\/services\/services-de-postproduction-multimedia"},{"@type":"ListItem","position":4,"name":"Services de sous-titrage"}]},{"@type":"WebSite","@id":"https:\/\/www.trustedtranslations.com\/fr\/#website","url":"https:\/\/www.trustedtranslations.com\/fr\/","name":"Trusted Translations, Inc.","description":"Leader in translation and interpretation services.","publisher":{"@id":"https:\/\/www.trustedtranslations.com\/fr\/#organization"},"alternateName":"Trusted Translations","potentialAction":[{"@type":"SearchAction","target":{"@type":"EntryPoint","urlTemplate":"https:\/\/www.trustedtranslations.com\/fr\/?s={search_term_string}"},"query-input":{"@type":"PropertyValueSpecification","valueRequired":true,"valueName":"search_term_string"}}],"inLanguage":"fr-FR"},{"@type":"Organization","@id":"https:\/\/www.trustedtranslations.com\/fr\/#organization","name":"Trusted Translations","alternateName":"Trusted Translations, Inc.","url":"https:\/\/www.trustedtranslations.com\/fr\/","logo":{"@type":"ImageObject","inLanguage":"fr-FR","@id":"https:\/\/www.trustedtranslations.com\/fr\/#\/schema\/logo\/image\/","url":"https:\/\/static.trustedtranslations.com\/wp-content\/uploads\/2022\/01\/TT_logo_WSIColors-2.png","contentUrl":"https:\/\/static.trustedtranslations.com\/wp-content\/uploads\/2022\/01\/TT_logo_WSIColors-2.png","width":500,"height":196,"caption":"Trusted Translations"},"image":{"@id":"https:\/\/www.trustedtranslations.com\/fr\/#\/schema\/logo\/image\/"},"sameAs":["https:\/\/www.facebook.com\/Trusted.Translations","https:\/\/x.com\/TrustedT9ns","https:\/\/www.linkedin.com\/company\/trusted-translations"]}]}},"toolset-meta":{"dyk":{"mensaje-1":{"type":"textfield","raw":"Les sous-titres peuvent am\u00e9liorer l\u2019accessibilit\u00e9 d\u2019un contenu et aider les spectateurs \u00e0 le comprendre m\u00eame lorsqu\u2019ils le regardent sans le son sur des appareils mobiles."},"mensaje-2":{"type":"textfield","raw":"Les sous-titres synchronis\u00e9s par des professionnels ne sont pas de simples traductions\u00a0: ils respectent des limites strictes en mati\u00e8re de caract\u00e8res, de vitesse de lecture et de r\u00e8gles de synchronisation."},"mensaje-3":{"type":"textfield","raw":"Les fichiers de sous-titres tels que .srt et .vtt vous permettent de r\u00e9utiliser la m\u00eame vid\u00e9o dans plusieurs langues sans modifier le m\u00e9dia d\u2019origine."},"mensaje-4":{"type":"textfield","raw":"Des sous-titres bien localis\u00e9s tiennent compte du ton, des r\u00e9f\u00e9rences culturelles et du contexte \u00e0 l\u2019\u00e9cran afin que votre message paraisse naturel pour les publics du monde entier."},"mensaje-5":{"type":"textfield","raw":""},"mensaje-6":{"type":"textfield","raw":""}},"single-page-template-fields":{"imgs-temp":{"type":"image","raw":["https:\/\/www.trustedtranslations.com\/wp-content\/uploads\/2026\/02\/Subtitling.webp"],"repeatable":[{"raw":"https:\/\/www.trustedtranslations.com\/wp-content\/uploads\/2026\/02\/Subtitling.webp","attachment_id":293612}]},"imgs-temp-cel":{"type":"image","raw":[""],"repeatable":[{"raw":""}]},"img-temp-one-cel":{"type":"image","raw":"","attachment_id":null},"quotes":{"type":"textarea","raw":"<h1 style=\"margin-bottom: 12px;\">Services de sous-titrage<\/h1>Trusted Translations propose des services de sous-titrage professionnels pour vous aider \u00e0 localiser votre contenu vid\u00e9o pour des publics multilingues. Nous fournissons des sous-titres pr\u00e9cis, adapt\u00e9s \u00e0 chaque march\u00e9 et faciles \u00e0 lire, qui pr\u00e9servent votre message, am\u00e9liorent l\u2019accessibilit\u00e9 et facilitent la diffusion internationale sur diff\u00e9rentes plateformes.<div style=\"margin-top: 2.5vw;\"><a class=\"tt-btn-main-cta\" href=\"\/fr\/devis-traduction\">Demandez un devis gratuit<\/a><\/div>"},"text-1":{"type":"textarea","raw":"<h3>Sous-titrage professionnel pour les contenus internationaux<\/h3>\r\n\r\n<p>Le sous-titrage permet aux spectateurs de suivre les dialogues et les messages \u00e0 l\u2019\u00e9cran dans une autre langue tout en conservant l\u2019audio original. Il s\u2019agit d\u2019une solution \u00e9conomique pour la communication internationale, en particulier pour les contenus qui n\u00e9cessitent une localisation rapide sans modification des enregistrements vocaux.<\/p>\r\n\r\n<p>Trusted Translations prend en charge le sous-titrage de contenus de divertissement, de vid\u00e9os marketing, de modules de formation, de communications internes, d\u2019interviews et de contenus p\u00e9dagogiques.<\/p>\r\n\r\n<h3>Ce que vous recevez<\/h3>\r\n\r\n<p>Trusted Translations fournit des fichiers de sous-titres pr\u00eats \u00e0 l\u2019emploi, adapt\u00e9s \u00e0 votre flux de travail et \u00e0 vos exigences de publication, notamment\u00a0:<\/p>\r\n\r\n<ul>\r\n  <li>Des sous-titres traduits dans la langue cible<\/li>\r\n  <li>Une terminologie coh\u00e9rente sur l\u2019ensemble du contenu<\/li>\r\n  <li>Une mise en forme claire pour une bonne lisibilit\u00e9 et un minutage pr\u00e9cis<\/li>\r\n  <li>Des livrables fournis dans le format de sous-titres de votre choix<\/li>\r\n  <li>Une incrustation optionnelle des sous-titres dans la vid\u00e9o finale<\/li>\r\n<\/ul>\r\n\r\n<h3>Qualit\u00e9 et confidentialit\u00e9<\/h3>\r\n\r\n<p>Trusted Translations applique des normes strictes en mati\u00e8re de confidentialit\u00e9 et de qualit\u00e9 pour chaque projet de sous-titrage. Notre \u00e9quipe veille \u00e0 ce que vos sous-titres restent pr\u00e9cis, coh\u00e9rents et mis en forme de mani\u00e8re professionnelle pour une utilisation dans le monde r\u00e9el.<\/p>\r\n\r\n<p>Nos processus sont conformes aux normes ISO 9001, ce qui garantit une gestion de la qualit\u00e9 rigoureuse, l\u2019exactitude des traductions et l\u2019application des meilleures pratiques de post-\u00e9dition pour tous les flux de travail de sous-titrage.<\/p>"},"shortcode-map":{"type":"textfield","raw":""},"dyk-shortcode":{"type":"textfield","raw":"[elementor-template id=\"146546\"]"},"text-2":{"type":"textarea","raw":"<h2>\u00c0 propos des services de sous-titrage<\/h2>\r\n\r\n<p>Le sous-titrage est particuli\u00e8rement adapt\u00e9 lorsque vous souhaitez conserver les voix originales tout en rendant le contenu accessible \u00e0 des publics parlant diff\u00e9rentes langues. Selon votre flux de travail, nous pouvons travailler \u00e0 partir de votre fichier vid\u00e9o original, d\u2019un script, d\u2019une transcription existante ou de fichiers de sous-titres. Si vous avez d\u00e9j\u00e0 des exigences techniques concernant le minutage ou la mise en forme, nous pouvons suivre vos sp\u00e9cifications. Si vous h\u00e9sitez entre le sous-titrage et le doublage, notre \u00e9quipe peut vous aider \u00e0 choisir la meilleure option en fonction du type de contenu, de votre budget et des contraintes de d\u00e9lais.<\/p>\r\n\r\n<p>Le sous-titrage est couramment utilis\u00e9 pour\u00a0:<\/p>\r\n\r\n<ul>\r\n  <li>Les vid\u00e9os de formation et d\u2019apprentissage en ligne destin\u00e9es \u00e0 des \u00e9quipes internationales<\/li>\r\n  <li>Le contenu marketing et de pr\u00e9sentation de produits destin\u00e9 \u00e0 un public international<\/li>\r\n  <li>Les communications d\u2019entreprise pour les organisations multilingues<\/li>\r\n  <li>Les interviews et les enregistrements \u00e0 plusieurs intervenants qui n\u00e9cessitent clart\u00e9 et structure<\/li>\r\n  <li>Les contenus de divertissement n\u00e9cessitant une accessibilit\u00e9 multilingue, tels que les films ou les jeux vid\u00e9o<\/li>\r\n  <li>L\u2019aide \u00e0 l\u2019accessibilit\u00e9 pour la diffusion de contenus inclusifs<\/li>\r\n<\/ul>\r\n\r\n<p>Si vous devez adapter des contenus vid\u00e9o \u00e0 un public international ou multilingue, Trusted Translations peut r\u00e9pondre \u00e0 vos besoins en mati\u00e8re de sous-titrage gr\u00e2ce \u00e0 des traductions pr\u00e9cises, une mise en forme homog\u00e8ne et une livraison fiable.<\/p>\r\n\r\n<p>Envoyez-nous vos fichiers vid\u00e9o, indiquiez-nous la langue cible et les sp\u00e9cifications de sous-titrage, et notre \u00e9quipe vous aidera \u00e0 d\u00e9terminer la meilleure approche pour votre projet.<\/p>"},"state":{"type":"textfield","raw":""},"city":{"type":"textarea","raw":[""]}}},"_links":{"self":[{"href":"https:\/\/www.trustedtranslations.com\/fr\/wp-json\/wp\/v2\/pages\/294126","targetHints":{"allow":["GET"]}}],"collection":[{"href":"https:\/\/www.trustedtranslations.com\/fr\/wp-json\/wp\/v2\/pages"}],"about":[{"href":"https:\/\/www.trustedtranslations.com\/fr\/wp-json\/wp\/v2\/types\/page"}],"author":[{"embeddable":true,"href":"https:\/\/www.trustedtranslations.com\/fr\/wp-json\/wp\/v2\/users\/1"}],"replies":[{"embeddable":true,"href":"https:\/\/www.trustedtranslations.com\/fr\/wp-json\/wp\/v2\/comments?post=294126"}],"version-history":[{"count":1,"href":"https:\/\/www.trustedtranslations.com\/fr\/wp-json\/wp\/v2\/pages\/294126\/revisions"}],"predecessor-version":[{"id":294221,"href":"https:\/\/www.trustedtranslations.com\/fr\/wp-json\/wp\/v2\/pages\/294126\/revisions\/294221"}],"up":[{"embeddable":true,"href":"https:\/\/www.trustedtranslations.com\/fr\/wp-json\/wp\/v2\/pages\/294096"}],"wp:featuredmedia":[{"embeddable":true,"href":"https:\/\/www.trustedtranslations.com\/fr\/wp-json\/wp\/v2\/media\/261639"}],"wp:attachment":[{"href":"https:\/\/www.trustedtranslations.com\/fr\/wp-json\/wp\/v2\/media?parent=294126"}],"curies":[{"name":"wp","href":"https:\/\/api.w.org\/{rel}","templated":true}]}}