{"id":294136,"date":"2026-03-12T12:30:59","date_gmt":"2026-03-12T15:30:59","guid":{"rendered":"https:\/\/www.trustedtranslations.com\/?page_id=294136"},"modified":"2026-03-27T14:52:02","modified_gmt":"2026-03-27T17:52:02","slug":"services-de-synthese-vocale","status":"publish","type":"page","link":"https:\/\/www.trustedtranslations.com\/fr\/services\/services-de-postproduction-multimedia\/services-de-synthese-vocale","title":{"rendered":"Services de synth\u00e8se vocale"},"content":{"rendered":"","protected":false},"excerpt":{"rendered":"","protected":false},"author":1,"featured_media":235822,"parent":294096,"menu_order":0,"comment_status":"closed","ping_status":"closed","template":"","meta":{"site-sidebar-layout":"default","site-content-layout":"","ast-site-content-layout":"default","site-content-style":"default","site-sidebar-style":"default","ast-global-header-display":"","ast-banner-title-visibility":"","ast-main-header-display":"","ast-hfb-above-header-display":"","ast-hfb-below-header-display":"","ast-hfb-mobile-header-display":"","site-post-title":"","ast-breadcrumbs-content":"","ast-featured-img":"","footer-sml-layout":"","ast-disable-related-posts":"","theme-transparent-header-meta":"default","adv-header-id-meta":"","stick-header-meta":"","header-above-stick-meta":"","header-main-stick-meta":"","header-below-stick-meta":"","astra-migrate-meta-layouts":"set","ast-page-background-enabled":"default","ast-page-background-meta":{"desktop":{"background-color":"var(--ast-global-color-4)","background-image":"","background-repeat":"repeat","background-position":"center center","background-size":"auto","background-attachment":"scroll","background-type":"","background-media":"","overlay-type":"","overlay-color":"","overlay-opacity":"","overlay-gradient":""},"tablet":{"background-color":"","background-image":"","background-repeat":"repeat","background-position":"center center","background-size":"auto","background-attachment":"scroll","background-type":"","background-media":"","overlay-type":"","overlay-color":"","overlay-opacity":"","overlay-gradient":""},"mobile":{"background-color":"","background-image":"","background-repeat":"repeat","background-position":"center center","background-size":"auto","background-attachment":"scroll","background-type":"","background-media":"","overlay-type":"","overlay-color":"","overlay-opacity":"","overlay-gradient":""}},"ast-content-background-meta":{"desktop":{"background-color":"var(--ast-global-color-5)","background-image":"","background-repeat":"repeat","background-position":"center center","background-size":"auto","background-attachment":"scroll","background-type":"","background-media":"","overlay-type":"","overlay-color":"","overlay-opacity":"","overlay-gradient":""},"tablet":{"background-color":"var(--ast-global-color-5)","background-image":"","background-repeat":"repeat","background-position":"center center","background-size":"auto","background-attachment":"scroll","background-type":"","background-media":"","overlay-type":"","overlay-color":"","overlay-opacity":"","overlay-gradient":""},"mobile":{"background-color":"var(--ast-global-color-5)","background-image":"","background-repeat":"repeat","background-position":"center center","background-size":"auto","background-attachment":"scroll","background-type":"","background-media":"","overlay-type":"","overlay-color":"","overlay-opacity":"","overlay-gradient":""}},"footnotes":""},"class_list":["post-294136","page","type-page","status-publish","has-post-thumbnail","hentry"],"yoast_head":"<!-- This site is optimized with the Yoast SEO plugin v27.5 - https:\/\/yoast.com\/product\/yoast-seo-wordpress\/ -->\n<title>Services de synth\u00e8se vocale - Trusted Translations, Inc.<\/title>\n<meta name=\"robots\" content=\"index, follow, max-snippet:-1, max-image-preview:large, max-video-preview:-1\" \/>\n<link rel=\"canonical\" href=\"https:\/\/www.trustedtranslations.com\/fr\/services\/services-de-postproduction-multimedia\/services-de-synthese-vocale\" \/>\n<meta property=\"og:locale\" content=\"fr_FR\" \/>\n<meta property=\"og:type\" content=\"article\" \/>\n<meta property=\"og:title\" content=\"Services de synth\u00e8se vocale - Trusted Translations, Inc.\" \/>\n<meta property=\"og:url\" content=\"https:\/\/www.trustedtranslations.com\/fr\/services\/services-de-postproduction-multimedia\/services-de-synthese-vocale\" \/>\n<meta property=\"og:site_name\" content=\"Trusted Translations, Inc.\" \/>\n<meta property=\"article:publisher\" content=\"https:\/\/www.facebook.com\/Trusted.Translations\" \/>\n<meta property=\"article:modified_time\" content=\"2026-03-27T17:52:02+00:00\" \/>\n<meta property=\"og:image\" content=\"https:\/\/www.trustedtranslations.com\/wp-content\/uploads\/2024\/02\/TT-ICON_Human-translation.webp\" \/>\n\t<meta property=\"og:image:width\" content=\"150\" \/>\n\t<meta property=\"og:image:height\" content=\"150\" \/>\n\t<meta property=\"og:image:type\" content=\"image\/webp\" \/>\n<meta name=\"twitter:card\" content=\"summary_large_image\" \/>\n<meta name=\"twitter:site\" content=\"@TrustedT9ns\" \/>\n<script type=\"application\/ld+json\" class=\"yoast-schema-graph\">{\"@context\":\"https:\\\/\\\/schema.org\",\"@graph\":[{\"@type\":\"WebPage\",\"@id\":\"https:\\\/\\\/www.trustedtranslations.com\\\/fr\\\/services\\\/services-de-postproduction-multimedia\\\/services-de-synthese-vocale\",\"url\":\"https:\\\/\\\/www.trustedtranslations.com\\\/fr\\\/services\\\/services-de-postproduction-multimedia\\\/services-de-synthese-vocale\",\"name\":\"Services de synth\u00e8se vocale - Trusted Translations, Inc.\",\"isPartOf\":{\"@id\":\"https:\\\/\\\/www.trustedtranslations.com\\\/fr\\\/#website\"},\"primaryImageOfPage\":{\"@id\":\"https:\\\/\\\/www.trustedtranslations.com\\\/fr\\\/services\\\/services-de-postproduction-multimedia\\\/services-de-synthese-vocale#primaryimage\"},\"image\":{\"@id\":\"https:\\\/\\\/www.trustedtranslations.com\\\/fr\\\/services\\\/services-de-postproduction-multimedia\\\/services-de-synthese-vocale#primaryimage\"},\"thumbnailUrl\":\"https:\\\/\\\/www.trustedtranslations.com\\\/wp-content\\\/uploads\\\/2024\\\/02\\\/TT-ICON_Human-translation.webp\",\"breadcrumb\":{\"@id\":\"https:\\\/\\\/www.trustedtranslations.com\\\/fr\\\/services\\\/services-de-postproduction-multimedia\\\/services-de-synthese-vocale#breadcrumb\"},\"inLanguage\":\"fr-FR\",\"potentialAction\":[{\"@type\":\"ReadAction\",\"target\":[\"https:\\\/\\\/www.trustedtranslations.com\\\/fr\\\/services\\\/services-de-postproduction-multimedia\\\/services-de-synthese-vocale\"]}]},{\"@type\":\"ImageObject\",\"inLanguage\":\"fr-FR\",\"@id\":\"https:\\\/\\\/www.trustedtranslations.com\\\/fr\\\/services\\\/services-de-postproduction-multimedia\\\/services-de-synthese-vocale#primaryimage\",\"url\":\"https:\\\/\\\/www.trustedtranslations.com\\\/wp-content\\\/uploads\\\/2024\\\/02\\\/TT-ICON_Human-translation.webp\",\"contentUrl\":\"https:\\\/\\\/www.trustedtranslations.com\\\/wp-content\\\/uploads\\\/2024\\\/02\\\/TT-ICON_Human-translation.webp\",\"width\":150,\"height\":150,\"caption\":\"TT ICON Human translation\"},{\"@type\":\"BreadcrumbList\",\"@id\":\"https:\\\/\\\/www.trustedtranslations.com\\\/fr\\\/services\\\/services-de-postproduction-multimedia\\\/services-de-synthese-vocale#breadcrumb\",\"itemListElement\":[{\"@type\":\"ListItem\",\"position\":1,\"name\":\"Accueil\",\"item\":\"https:\\\/\\\/www.trustedtranslations.com\\\/fr\"},{\"@type\":\"ListItem\",\"position\":2,\"name\":\"Services\",\"item\":\"https:\\\/\\\/www.trustedtranslations.com\\\/fr\\\/services\"},{\"@type\":\"ListItem\",\"position\":3,\"name\":\"Services de postproduction multim\u00e9dia\",\"item\":\"https:\\\/\\\/www.trustedtranslations.com\\\/fr\\\/services\\\/services-de-postproduction-multimedia\"},{\"@type\":\"ListItem\",\"position\":4,\"name\":\"Services de synth\u00e8se vocale\"}]},{\"@type\":\"WebSite\",\"@id\":\"https:\\\/\\\/www.trustedtranslations.com\\\/fr\\\/#website\",\"url\":\"https:\\\/\\\/www.trustedtranslations.com\\\/fr\\\/\",\"name\":\"Trusted Translations, Inc.\",\"description\":\"Leader in translation and interpretation services.\",\"publisher\":{\"@id\":\"https:\\\/\\\/www.trustedtranslations.com\\\/fr\\\/#organization\"},\"alternateName\":\"Trusted Translations\",\"potentialAction\":[{\"@type\":\"SearchAction\",\"target\":{\"@type\":\"EntryPoint\",\"urlTemplate\":\"https:\\\/\\\/www.trustedtranslations.com\\\/fr\\\/?s={search_term_string}\"},\"query-input\":{\"@type\":\"PropertyValueSpecification\",\"valueRequired\":true,\"valueName\":\"search_term_string\"}}],\"inLanguage\":\"fr-FR\"},{\"@type\":\"Organization\",\"@id\":\"https:\\\/\\\/www.trustedtranslations.com\\\/fr\\\/#organization\",\"name\":\"Trusted Translations\",\"alternateName\":\"Trusted Translations, Inc.\",\"url\":\"https:\\\/\\\/www.trustedtranslations.com\\\/fr\\\/\",\"logo\":{\"@type\":\"ImageObject\",\"inLanguage\":\"fr-FR\",\"@id\":\"https:\\\/\\\/www.trustedtranslations.com\\\/fr\\\/#\\\/schema\\\/logo\\\/image\\\/\",\"url\":\"https:\\\/\\\/static.trustedtranslations.com\\\/wp-content\\\/uploads\\\/2022\\\/01\\\/TT_logo_WSIColors-2.png\",\"contentUrl\":\"https:\\\/\\\/static.trustedtranslations.com\\\/wp-content\\\/uploads\\\/2022\\\/01\\\/TT_logo_WSIColors-2.png\",\"width\":500,\"height\":196,\"caption\":\"Trusted Translations\"},\"image\":{\"@id\":\"https:\\\/\\\/www.trustedtranslations.com\\\/fr\\\/#\\\/schema\\\/logo\\\/image\\\/\"},\"sameAs\":[\"https:\\\/\\\/www.facebook.com\\\/Trusted.Translations\",\"https:\\\/\\\/x.com\\\/TrustedT9ns\",\"https:\\\/\\\/www.linkedin.com\\\/company\\\/trusted-translations\"]}]}<\/script>\n<!-- \/ Yoast SEO plugin. -->","yoast_head_json":{"title":"Services de synth\u00e8se vocale - Trusted Translations, Inc.","robots":{"index":"index","follow":"follow","max-snippet":"max-snippet:-1","max-image-preview":"max-image-preview:large","max-video-preview":"max-video-preview:-1"},"canonical":"https:\/\/www.trustedtranslations.com\/fr\/services\/services-de-postproduction-multimedia\/services-de-synthese-vocale","og_locale":"fr_FR","og_type":"article","og_title":"Services de synth\u00e8se vocale - Trusted Translations, Inc.","og_url":"https:\/\/www.trustedtranslations.com\/fr\/services\/services-de-postproduction-multimedia\/services-de-synthese-vocale","og_site_name":"Trusted Translations, Inc.","article_publisher":"https:\/\/www.facebook.com\/Trusted.Translations","article_modified_time":"2026-03-27T17:52:02+00:00","og_image":[{"width":150,"height":150,"url":"https:\/\/www.trustedtranslations.com\/wp-content\/uploads\/2024\/02\/TT-ICON_Human-translation.webp","type":"image\/webp"}],"twitter_card":"summary_large_image","twitter_site":"@TrustedT9ns","schema":{"@context":"https:\/\/schema.org","@graph":[{"@type":"WebPage","@id":"https:\/\/www.trustedtranslations.com\/fr\/services\/services-de-postproduction-multimedia\/services-de-synthese-vocale","url":"https:\/\/www.trustedtranslations.com\/fr\/services\/services-de-postproduction-multimedia\/services-de-synthese-vocale","name":"Services de synth\u00e8se vocale - Trusted Translations, Inc.","isPartOf":{"@id":"https:\/\/www.trustedtranslations.com\/fr\/#website"},"primaryImageOfPage":{"@id":"https:\/\/www.trustedtranslations.com\/fr\/services\/services-de-postproduction-multimedia\/services-de-synthese-vocale#primaryimage"},"image":{"@id":"https:\/\/www.trustedtranslations.com\/fr\/services\/services-de-postproduction-multimedia\/services-de-synthese-vocale#primaryimage"},"thumbnailUrl":"https:\/\/www.trustedtranslations.com\/wp-content\/uploads\/2024\/02\/TT-ICON_Human-translation.webp","breadcrumb":{"@id":"https:\/\/www.trustedtranslations.com\/fr\/services\/services-de-postproduction-multimedia\/services-de-synthese-vocale#breadcrumb"},"inLanguage":"fr-FR","potentialAction":[{"@type":"ReadAction","target":["https:\/\/www.trustedtranslations.com\/fr\/services\/services-de-postproduction-multimedia\/services-de-synthese-vocale"]}]},{"@type":"ImageObject","inLanguage":"fr-FR","@id":"https:\/\/www.trustedtranslations.com\/fr\/services\/services-de-postproduction-multimedia\/services-de-synthese-vocale#primaryimage","url":"https:\/\/www.trustedtranslations.com\/wp-content\/uploads\/2024\/02\/TT-ICON_Human-translation.webp","contentUrl":"https:\/\/www.trustedtranslations.com\/wp-content\/uploads\/2024\/02\/TT-ICON_Human-translation.webp","width":150,"height":150,"caption":"TT ICON Human translation"},{"@type":"BreadcrumbList","@id":"https:\/\/www.trustedtranslations.com\/fr\/services\/services-de-postproduction-multimedia\/services-de-synthese-vocale#breadcrumb","itemListElement":[{"@type":"ListItem","position":1,"name":"Accueil","item":"https:\/\/www.trustedtranslations.com\/fr"},{"@type":"ListItem","position":2,"name":"Services","item":"https:\/\/www.trustedtranslations.com\/fr\/services"},{"@type":"ListItem","position":3,"name":"Services de postproduction multim\u00e9dia","item":"https:\/\/www.trustedtranslations.com\/fr\/services\/services-de-postproduction-multimedia"},{"@type":"ListItem","position":4,"name":"Services de synth\u00e8se vocale"}]},{"@type":"WebSite","@id":"https:\/\/www.trustedtranslations.com\/fr\/#website","url":"https:\/\/www.trustedtranslations.com\/fr\/","name":"Trusted Translations, Inc.","description":"Leader in translation and interpretation services.","publisher":{"@id":"https:\/\/www.trustedtranslations.com\/fr\/#organization"},"alternateName":"Trusted Translations","potentialAction":[{"@type":"SearchAction","target":{"@type":"EntryPoint","urlTemplate":"https:\/\/www.trustedtranslations.com\/fr\/?s={search_term_string}"},"query-input":{"@type":"PropertyValueSpecification","valueRequired":true,"valueName":"search_term_string"}}],"inLanguage":"fr-FR"},{"@type":"Organization","@id":"https:\/\/www.trustedtranslations.com\/fr\/#organization","name":"Trusted Translations","alternateName":"Trusted Translations, Inc.","url":"https:\/\/www.trustedtranslations.com\/fr\/","logo":{"@type":"ImageObject","inLanguage":"fr-FR","@id":"https:\/\/www.trustedtranslations.com\/fr\/#\/schema\/logo\/image\/","url":"https:\/\/static.trustedtranslations.com\/wp-content\/uploads\/2022\/01\/TT_logo_WSIColors-2.png","contentUrl":"https:\/\/static.trustedtranslations.com\/wp-content\/uploads\/2022\/01\/TT_logo_WSIColors-2.png","width":500,"height":196,"caption":"Trusted Translations"},"image":{"@id":"https:\/\/www.trustedtranslations.com\/fr\/#\/schema\/logo\/image\/"},"sameAs":["https:\/\/www.facebook.com\/Trusted.Translations","https:\/\/x.com\/TrustedT9ns","https:\/\/www.linkedin.com\/company\/trusted-translations"]}]}},"toolset-meta":{"dyk":{"mensaje-1":{"type":"textfield","raw":"La technologie de synth\u00e8se vocale convertit les scripts \u00e9crits en une narration naturelle, aidant ainsi les \u00e9quipes \u00e0 produire plus rapidement des contenus audio multilingues."},"mensaje-2":{"type":"textfield","raw":"La synth\u00e8se vocale est particuli\u00e8rement adapt\u00e9e aux modules de formation, aux contenus d\u2019apprentissage en ligne et aux vid\u00e9os p\u00e9dagogiques qui n\u00e9cessitent une restitution vocale homog\u00e8ne dans toutes les langues."},"mensaje-3":{"type":"textfield","raw":"La narration g\u00e9n\u00e9r\u00e9e par l\u2019IA permet de r\u00e9duire les d\u00e9lais de production tout en pr\u00e9servant la clart\u00e9, la pr\u00e9cision de la prononciation et une production audio \u00e9volutive."},"mensaje-4":{"type":"textfield","raw":"La synth\u00e8se vocale vous permet de mettre \u00e0 jour facilement le contenu audio\u00a0: il vous suffira de modifier le script au lieu de r\u00e9enregistrer une session vocale compl\u00e8te."},"mensaje-5":{"type":"textfield","raw":""},"mensaje-6":{"type":"textfield","raw":""}},"single-page-template-fields":{"imgs-temp":{"type":"image","raw":["https:\/\/www.trustedtranslations.com\/wp-content\/uploads\/2026\/02\/text-to-voice.webp"],"repeatable":[{"raw":"https:\/\/www.trustedtranslations.com\/wp-content\/uploads\/2026\/02\/text-to-voice.webp","attachment_id":293636}]},"imgs-temp-cel":{"type":"image","raw":[""],"repeatable":[{"raw":""}]},"img-temp-one-cel":{"type":"image","raw":"","attachment_id":null},"quotes":{"type":"textarea","raw":"<h1 style=\"margin-bottom: 12px;\">Services de synth\u00e8se vocale<\/h1>Trusted Translations propose des services de synth\u00e8se vocale pour vous aider \u00e0 produire rapidement et de mani\u00e8re coh\u00e9rente des narrations multilingues. Cette solution est particuli\u00e8rement adapt\u00e9e aux contenus sc\u00e9naris\u00e9s qui n\u00e9cessitent une production vocale \u00e9volutive, tout en conservant la clart\u00e9, le contr\u00f4le terminologique et des r\u00e9sultats professionnels. <div style=\"margin-top: 2.5vw;\"><a class=\"tt-btn-main-cta\" href=\"\/fr\/devis-traduction\">Demandez un devis gratuit<\/a><\/div>"},"text-1":{"type":"textarea","raw":"<h3>Production vocale rapide pour contenus \u00e9volutifs<\/h3>\r\n\r\n<p>La synth\u00e8se vocale est une solution pratique lorsque vous devez produire rapidement une narration dans plusieurs langues. Elle est particuli\u00e8rement adapt\u00e9e aux projets sc\u00e9naris\u00e9s, tels que les contenus de formation, les communications internes, les supports p\u00e9dagogiques et les flux de production multim\u00e9dia r\u00e9currents.<\/p>\r\n\r\n<p>Trusted Translations prend en charge les projets de synth\u00e8se vocale avec r\u00e9vision humaine, afin d\u2019am\u00e9liorer la clart\u00e9, la prononciation et la coh\u00e9rence terminologique.<\/p>\r\n\r\n<h3>Ce que vous recevez<\/h3>\r\n\r\n<p>Trusted Translations fournit des fichiers de synth\u00e8se vocale con\u00e7us pour prendre en charge les flux de production r\u00e9els, notamment\u00a0:<\/p>\r\n\r\n<ul>\r\n  <li>Des voix multilingues g\u00e9n\u00e9r\u00e9es \u00e0 partir de vos scripts<\/li>\r\n  <li>Une clart\u00e9 et une prononciation am\u00e9lior\u00e9es gr\u00e2ce \u00e0 une r\u00e9vision humaine<\/li>\r\n  <li>Une terminologie coh\u00e9rente pour vos projets r\u00e9currents<\/li>\r\n  <li>Des livrables pr\u00eats pour la production conformes \u00e0 vos sp\u00e9cifications<\/li>\r\n<\/ul>\r\n\r\n<h3>Qualit\u00e9 et confidentialit\u00e9<\/h3>\r\n\r\n<p>Trusted Translations applique des normes strictes en mati\u00e8re de confidentialit\u00e9 et de qualit\u00e9 pour chaque projet de synth\u00e8se vocale. Notre \u00e9quipe accorde une importance particuli\u00e8re \u00e0 l\u2019exactitude, \u00e0 la coh\u00e9rence et \u00e0 une mise en forme professionnelle afin de garantir que vos livrables soient adapt\u00e9s \u00e0 une diffusion interne ou \u00e0 une utilisation en production.<\/p>\r\n\r\n<p>Nos processus sont conformes aux normes ISO 9001, ce qui garantit une gestion de la qualit\u00e9 rigoureuse, l\u2019exactitude des traductions et l\u2019application des meilleures pratiques de post-\u00e9dition pour tous les flux de travail de synth\u00e8se vocale.<\/p>"},"shortcode-map":{"type":"textfield","raw":""},"dyk-shortcode":{"type":"textfield","raw":"[elementor-template id=\"146546\"]"},"text-2":{"type":"textarea","raw":"<h2>Comment la synth\u00e8se vocale peut vous aider \u00e0 am\u00e9liorer votre production de contenu<\/h2>\r\n\r\n<p>La synth\u00e8se vocale est particuli\u00e8rement adapt\u00e9e lorsque vous avez r\u00e9dig\u00e9 des scripts et que vous avez besoin d\u2019une narration rapide sans la complexit\u00e9 des flux de travail de doublage complets. Selon vos besoins de production, cette approche vous permet de g\u00e9rer efficacement le contenu multilingue tout en maintenant la coh\u00e9rence entre les diff\u00e9rentes mises \u00e0 jour et r\u00e9visions.<\/p>\r\n\r\n<p>La synth\u00e8se vocale est couramment utilis\u00e9e pour\u00a0:<\/p>\r\n\r\n<ul>\r\n  <li>Les modules de formation et d\u2019apprentissage en ligne pour les \u00e9quipes internationales<\/li>\r\n  <li>Les communications internes pour les organisations multilingues<\/li>\r\n  <li>Les contenus p\u00e9dagogiques et d\u2019int\u00e9gration avec narration sc\u00e9naris\u00e9e<\/li>\r\n  <li>Les biblioth\u00e8ques de contenu r\u00e9currentes n\u00e9cessitant une production \u00e9volutive<\/li>\r\n  <li>Les projets o\u00f9 la rapidit\u00e9, la coh\u00e9rence et la diffusion multilingue sont prioritaires<\/li>\r\n<\/ul>\r\n\r\n<p>Les projets de synth\u00e8se vocale n\u00e9cessitent souvent une harmonisation entre les \u00e9quipes de contenu, les normes linguistiques et les d\u00e9lais de production. Trusted Translations accompagne ce processus en fournissant des flux de travail structur\u00e9s, des livrables clairs et une supervision linguistique qui s\u2019int\u00e8gre dans les environnements de production existants.<\/p>\r\n\r\n<p>Cette approche permet aux organisations de d\u00e9velopper la narration multilingue tout en maintenant la coh\u00e9rence, la clart\u00e9 et le contr\u00f4le des mises \u00e0 jour de contenu.<\/p>"},"state":{"type":"textfield","raw":""},"city":{"type":"textarea","raw":[""]}}},"_links":{"self":[{"href":"https:\/\/www.trustedtranslations.com\/fr\/wp-json\/wp\/v2\/pages\/294136","targetHints":{"allow":["GET"]}}],"collection":[{"href":"https:\/\/www.trustedtranslations.com\/fr\/wp-json\/wp\/v2\/pages"}],"about":[{"href":"https:\/\/www.trustedtranslations.com\/fr\/wp-json\/wp\/v2\/types\/page"}],"author":[{"embeddable":true,"href":"https:\/\/www.trustedtranslations.com\/fr\/wp-json\/wp\/v2\/users\/1"}],"replies":[{"embeddable":true,"href":"https:\/\/www.trustedtranslations.com\/fr\/wp-json\/wp\/v2\/comments?post=294136"}],"version-history":[{"count":1,"href":"https:\/\/www.trustedtranslations.com\/fr\/wp-json\/wp\/v2\/pages\/294136\/revisions"}],"predecessor-version":[{"id":294295,"href":"https:\/\/www.trustedtranslations.com\/fr\/wp-json\/wp\/v2\/pages\/294136\/revisions\/294295"}],"up":[{"embeddable":true,"href":"https:\/\/www.trustedtranslations.com\/fr\/wp-json\/wp\/v2\/pages\/294096"}],"wp:featuredmedia":[{"embeddable":true,"href":"https:\/\/www.trustedtranslations.com\/fr\/wp-json\/wp\/v2\/media\/235822"}],"wp:attachment":[{"href":"https:\/\/www.trustedtranslations.com\/fr\/wp-json\/wp\/v2\/media?parent=294136"}],"curies":[{"name":"wp","href":"https:\/\/api.w.org\/{rel}","templated":true}]}}