{"id":294146,"date":"2026-03-12T12:17:48","date_gmt":"2026-03-12T15:17:48","guid":{"rendered":"https:\/\/www.trustedtranslations.com\/?page_id=294146"},"modified":"2026-03-27T14:52:12","modified_gmt":"2026-03-27T17:52:12","slug":"services-de-doublage-par-voix-humaine","status":"publish","type":"page","link":"https:\/\/www.trustedtranslations.com\/fr\/services\/services-de-postproduction-multimedia\/services-de-doublage\/services-de-doublage-par-voix-humaine","title":{"rendered":"Services de doublage par voix humaine"},"content":{"rendered":"","protected":false},"excerpt":{"rendered":"","protected":false},"author":1,"featured_media":246603,"parent":294109,"menu_order":0,"comment_status":"closed","ping_status":"closed","template":"","meta":{"site-sidebar-layout":"default","site-content-layout":"","ast-site-content-layout":"default","site-content-style":"default","site-sidebar-style":"default","ast-global-header-display":"","ast-banner-title-visibility":"","ast-main-header-display":"","ast-hfb-above-header-display":"","ast-hfb-below-header-display":"","ast-hfb-mobile-header-display":"","site-post-title":"","ast-breadcrumbs-content":"","ast-featured-img":"","footer-sml-layout":"","ast-disable-related-posts":"","theme-transparent-header-meta":"default","adv-header-id-meta":"","stick-header-meta":"","header-above-stick-meta":"","header-main-stick-meta":"","header-below-stick-meta":"","astra-migrate-meta-layouts":"set","ast-page-background-enabled":"default","ast-page-background-meta":{"desktop":{"background-color":"var(--ast-global-color-4)","background-image":"","background-repeat":"repeat","background-position":"center center","background-size":"auto","background-attachment":"scroll","background-type":"","background-media":"","overlay-type":"","overlay-color":"","overlay-opacity":"","overlay-gradient":""},"tablet":{"background-color":"","background-image":"","background-repeat":"repeat","background-position":"center center","background-size":"auto","background-attachment":"scroll","background-type":"","background-media":"","overlay-type":"","overlay-color":"","overlay-opacity":"","overlay-gradient":""},"mobile":{"background-color":"","background-image":"","background-repeat":"repeat","background-position":"center center","background-size":"auto","background-attachment":"scroll","background-type":"","background-media":"","overlay-type":"","overlay-color":"","overlay-opacity":"","overlay-gradient":""}},"ast-content-background-meta":{"desktop":{"background-color":"var(--ast-global-color-5)","background-image":"","background-repeat":"repeat","background-position":"center center","background-size":"auto","background-attachment":"scroll","background-type":"","background-media":"","overlay-type":"","overlay-color":"","overlay-opacity":"","overlay-gradient":""},"tablet":{"background-color":"var(--ast-global-color-5)","background-image":"","background-repeat":"repeat","background-position":"center center","background-size":"auto","background-attachment":"scroll","background-type":"","background-media":"","overlay-type":"","overlay-color":"","overlay-opacity":"","overlay-gradient":""},"mobile":{"background-color":"var(--ast-global-color-5)","background-image":"","background-repeat":"repeat","background-position":"center center","background-size":"auto","background-attachment":"scroll","background-type":"","background-media":"","overlay-type":"","overlay-color":"","overlay-opacity":"","overlay-gradient":""}},"footnotes":""},"class_list":["post-294146","page","type-page","status-publish","has-post-thumbnail","hentry"],"yoast_head":"<!-- This site is optimized with the Yoast SEO plugin v27.5 - https:\/\/yoast.com\/product\/yoast-seo-wordpress\/ -->\n<title>Services de doublage par voix humaine - Trusted Translations, Inc.<\/title>\n<meta name=\"robots\" content=\"index, follow, max-snippet:-1, max-image-preview:large, max-video-preview:-1\" \/>\n<link rel=\"canonical\" href=\"https:\/\/www.trustedtranslations.com\/fr\/services\/services-de-postproduction-multimedia\/services-de-doublage\/services-de-doublage-par-voix-humaine\" \/>\n<meta property=\"og:locale\" content=\"fr_FR\" \/>\n<meta property=\"og:type\" content=\"article\" \/>\n<meta property=\"og:title\" content=\"Services de doublage par voix humaine - Trusted Translations, Inc.\" \/>\n<meta property=\"og:url\" content=\"https:\/\/www.trustedtranslations.com\/fr\/services\/services-de-postproduction-multimedia\/services-de-doublage\/services-de-doublage-par-voix-humaine\" \/>\n<meta property=\"og:site_name\" content=\"Trusted Translations, Inc.\" \/>\n<meta property=\"article:publisher\" content=\"https:\/\/www.facebook.com\/Trusted.Translations\" \/>\n<meta property=\"article:modified_time\" content=\"2026-03-27T17:52:12+00:00\" \/>\n<meta property=\"og:image\" content=\"https:\/\/www.trustedtranslations.com\/wp-content\/uploads\/2024\/02\/TT-ICON_On-site-Simultaneous-Int-1.webp\" \/>\n\t<meta property=\"og:image:width\" content=\"151\" \/>\n\t<meta property=\"og:image:height\" content=\"151\" \/>\n\t<meta property=\"og:image:type\" content=\"image\/webp\" \/>\n<meta name=\"twitter:card\" content=\"summary_large_image\" \/>\n<meta name=\"twitter:site\" content=\"@TrustedT9ns\" \/>\n<script type=\"application\/ld+json\" class=\"yoast-schema-graph\">{\"@context\":\"https:\\\/\\\/schema.org\",\"@graph\":[{\"@type\":\"WebPage\",\"@id\":\"https:\\\/\\\/www.trustedtranslations.com\\\/fr\\\/services\\\/services-de-postproduction-multimedia\\\/services-de-doublage\\\/services-de-doublage-par-voix-humaine\",\"url\":\"https:\\\/\\\/www.trustedtranslations.com\\\/fr\\\/services\\\/services-de-postproduction-multimedia\\\/services-de-doublage\\\/services-de-doublage-par-voix-humaine\",\"name\":\"Services de doublage par voix humaine - Trusted Translations, Inc.\",\"isPartOf\":{\"@id\":\"https:\\\/\\\/www.trustedtranslations.com\\\/fr\\\/#website\"},\"primaryImageOfPage\":{\"@id\":\"https:\\\/\\\/www.trustedtranslations.com\\\/fr\\\/services\\\/services-de-postproduction-multimedia\\\/services-de-doublage\\\/services-de-doublage-par-voix-humaine#primaryimage\"},\"image\":{\"@id\":\"https:\\\/\\\/www.trustedtranslations.com\\\/fr\\\/services\\\/services-de-postproduction-multimedia\\\/services-de-doublage\\\/services-de-doublage-par-voix-humaine#primaryimage\"},\"thumbnailUrl\":\"https:\\\/\\\/www.trustedtranslations.com\\\/wp-content\\\/uploads\\\/2024\\\/02\\\/TT-ICON_On-site-Simultaneous-Int-1.webp\",\"breadcrumb\":{\"@id\":\"https:\\\/\\\/www.trustedtranslations.com\\\/fr\\\/services\\\/services-de-postproduction-multimedia\\\/services-de-doublage\\\/services-de-doublage-par-voix-humaine#breadcrumb\"},\"inLanguage\":\"fr-FR\",\"potentialAction\":[{\"@type\":\"ReadAction\",\"target\":[\"https:\\\/\\\/www.trustedtranslations.com\\\/fr\\\/services\\\/services-de-postproduction-multimedia\\\/services-de-doublage\\\/services-de-doublage-par-voix-humaine\"]}]},{\"@type\":\"ImageObject\",\"inLanguage\":\"fr-FR\",\"@id\":\"https:\\\/\\\/www.trustedtranslations.com\\\/fr\\\/services\\\/services-de-postproduction-multimedia\\\/services-de-doublage\\\/services-de-doublage-par-voix-humaine#primaryimage\",\"url\":\"https:\\\/\\\/www.trustedtranslations.com\\\/wp-content\\\/uploads\\\/2024\\\/02\\\/TT-ICON_On-site-Simultaneous-Int-1.webp\",\"contentUrl\":\"https:\\\/\\\/www.trustedtranslations.com\\\/wp-content\\\/uploads\\\/2024\\\/02\\\/TT-ICON_On-site-Simultaneous-Int-1.webp\",\"width\":151,\"height\":151,\"caption\":\"TT ICON On site Simultaneous Int 1\"},{\"@type\":\"BreadcrumbList\",\"@id\":\"https:\\\/\\\/www.trustedtranslations.com\\\/fr\\\/services\\\/services-de-postproduction-multimedia\\\/services-de-doublage\\\/services-de-doublage-par-voix-humaine#breadcrumb\",\"itemListElement\":[{\"@type\":\"ListItem\",\"position\":1,\"name\":\"Accueil\",\"item\":\"https:\\\/\\\/www.trustedtranslations.com\\\/fr\"},{\"@type\":\"ListItem\",\"position\":2,\"name\":\"Services\",\"item\":\"https:\\\/\\\/www.trustedtranslations.com\\\/fr\\\/services\"},{\"@type\":\"ListItem\",\"position\":3,\"name\":\"Services de postproduction multim\u00e9dia\",\"item\":\"https:\\\/\\\/www.trustedtranslations.com\\\/fr\\\/services\\\/services-de-postproduction-multimedia\"},{\"@type\":\"ListItem\",\"position\":4,\"name\":\"Services de doublage\",\"item\":\"https:\\\/\\\/www.trustedtranslations.com\\\/fr\\\/services\\\/services-de-postproduction-multimedia\\\/services-de-doublage\"},{\"@type\":\"ListItem\",\"position\":5,\"name\":\"Services de doublage par voix humaine\"}]},{\"@type\":\"WebSite\",\"@id\":\"https:\\\/\\\/www.trustedtranslations.com\\\/fr\\\/#website\",\"url\":\"https:\\\/\\\/www.trustedtranslations.com\\\/fr\\\/\",\"name\":\"Trusted Translations, Inc.\",\"description\":\"Leader in translation and interpretation services.\",\"publisher\":{\"@id\":\"https:\\\/\\\/www.trustedtranslations.com\\\/fr\\\/#organization\"},\"alternateName\":\"Trusted Translations\",\"potentialAction\":[{\"@type\":\"SearchAction\",\"target\":{\"@type\":\"EntryPoint\",\"urlTemplate\":\"https:\\\/\\\/www.trustedtranslations.com\\\/fr\\\/?s={search_term_string}\"},\"query-input\":{\"@type\":\"PropertyValueSpecification\",\"valueRequired\":true,\"valueName\":\"search_term_string\"}}],\"inLanguage\":\"fr-FR\"},{\"@type\":\"Organization\",\"@id\":\"https:\\\/\\\/www.trustedtranslations.com\\\/fr\\\/#organization\",\"name\":\"Trusted Translations\",\"alternateName\":\"Trusted Translations, Inc.\",\"url\":\"https:\\\/\\\/www.trustedtranslations.com\\\/fr\\\/\",\"logo\":{\"@type\":\"ImageObject\",\"inLanguage\":\"fr-FR\",\"@id\":\"https:\\\/\\\/www.trustedtranslations.com\\\/fr\\\/#\\\/schema\\\/logo\\\/image\\\/\",\"url\":\"https:\\\/\\\/static.trustedtranslations.com\\\/wp-content\\\/uploads\\\/2022\\\/01\\\/TT_logo_WSIColors-2.png\",\"contentUrl\":\"https:\\\/\\\/static.trustedtranslations.com\\\/wp-content\\\/uploads\\\/2022\\\/01\\\/TT_logo_WSIColors-2.png\",\"width\":500,\"height\":196,\"caption\":\"Trusted Translations\"},\"image\":{\"@id\":\"https:\\\/\\\/www.trustedtranslations.com\\\/fr\\\/#\\\/schema\\\/logo\\\/image\\\/\"},\"sameAs\":[\"https:\\\/\\\/www.facebook.com\\\/Trusted.Translations\",\"https:\\\/\\\/x.com\\\/TrustedT9ns\",\"https:\\\/\\\/www.linkedin.com\\\/company\\\/trusted-translations\"]}]}<\/script>\n<!-- \/ Yoast SEO plugin. -->","yoast_head_json":{"title":"Services de doublage par voix humaine - Trusted Translations, Inc.","robots":{"index":"index","follow":"follow","max-snippet":"max-snippet:-1","max-image-preview":"max-image-preview:large","max-video-preview":"max-video-preview:-1"},"canonical":"https:\/\/www.trustedtranslations.com\/fr\/services\/services-de-postproduction-multimedia\/services-de-doublage\/services-de-doublage-par-voix-humaine","og_locale":"fr_FR","og_type":"article","og_title":"Services de doublage par voix humaine - Trusted Translations, Inc.","og_url":"https:\/\/www.trustedtranslations.com\/fr\/services\/services-de-postproduction-multimedia\/services-de-doublage\/services-de-doublage-par-voix-humaine","og_site_name":"Trusted Translations, Inc.","article_publisher":"https:\/\/www.facebook.com\/Trusted.Translations","article_modified_time":"2026-03-27T17:52:12+00:00","og_image":[{"width":151,"height":151,"url":"https:\/\/www.trustedtranslations.com\/wp-content\/uploads\/2024\/02\/TT-ICON_On-site-Simultaneous-Int-1.webp","type":"image\/webp"}],"twitter_card":"summary_large_image","twitter_site":"@TrustedT9ns","schema":{"@context":"https:\/\/schema.org","@graph":[{"@type":"WebPage","@id":"https:\/\/www.trustedtranslations.com\/fr\/services\/services-de-postproduction-multimedia\/services-de-doublage\/services-de-doublage-par-voix-humaine","url":"https:\/\/www.trustedtranslations.com\/fr\/services\/services-de-postproduction-multimedia\/services-de-doublage\/services-de-doublage-par-voix-humaine","name":"Services de doublage par voix humaine - Trusted Translations, Inc.","isPartOf":{"@id":"https:\/\/www.trustedtranslations.com\/fr\/#website"},"primaryImageOfPage":{"@id":"https:\/\/www.trustedtranslations.com\/fr\/services\/services-de-postproduction-multimedia\/services-de-doublage\/services-de-doublage-par-voix-humaine#primaryimage"},"image":{"@id":"https:\/\/www.trustedtranslations.com\/fr\/services\/services-de-postproduction-multimedia\/services-de-doublage\/services-de-doublage-par-voix-humaine#primaryimage"},"thumbnailUrl":"https:\/\/www.trustedtranslations.com\/wp-content\/uploads\/2024\/02\/TT-ICON_On-site-Simultaneous-Int-1.webp","breadcrumb":{"@id":"https:\/\/www.trustedtranslations.com\/fr\/services\/services-de-postproduction-multimedia\/services-de-doublage\/services-de-doublage-par-voix-humaine#breadcrumb"},"inLanguage":"fr-FR","potentialAction":[{"@type":"ReadAction","target":["https:\/\/www.trustedtranslations.com\/fr\/services\/services-de-postproduction-multimedia\/services-de-doublage\/services-de-doublage-par-voix-humaine"]}]},{"@type":"ImageObject","inLanguage":"fr-FR","@id":"https:\/\/www.trustedtranslations.com\/fr\/services\/services-de-postproduction-multimedia\/services-de-doublage\/services-de-doublage-par-voix-humaine#primaryimage","url":"https:\/\/www.trustedtranslations.com\/wp-content\/uploads\/2024\/02\/TT-ICON_On-site-Simultaneous-Int-1.webp","contentUrl":"https:\/\/www.trustedtranslations.com\/wp-content\/uploads\/2024\/02\/TT-ICON_On-site-Simultaneous-Int-1.webp","width":151,"height":151,"caption":"TT ICON On site Simultaneous Int 1"},{"@type":"BreadcrumbList","@id":"https:\/\/www.trustedtranslations.com\/fr\/services\/services-de-postproduction-multimedia\/services-de-doublage\/services-de-doublage-par-voix-humaine#breadcrumb","itemListElement":[{"@type":"ListItem","position":1,"name":"Accueil","item":"https:\/\/www.trustedtranslations.com\/fr"},{"@type":"ListItem","position":2,"name":"Services","item":"https:\/\/www.trustedtranslations.com\/fr\/services"},{"@type":"ListItem","position":3,"name":"Services de postproduction multim\u00e9dia","item":"https:\/\/www.trustedtranslations.com\/fr\/services\/services-de-postproduction-multimedia"},{"@type":"ListItem","position":4,"name":"Services de doublage","item":"https:\/\/www.trustedtranslations.com\/fr\/services\/services-de-postproduction-multimedia\/services-de-doublage"},{"@type":"ListItem","position":5,"name":"Services de doublage par voix humaine"}]},{"@type":"WebSite","@id":"https:\/\/www.trustedtranslations.com\/fr\/#website","url":"https:\/\/www.trustedtranslations.com\/fr\/","name":"Trusted Translations, Inc.","description":"Leader in translation and interpretation services.","publisher":{"@id":"https:\/\/www.trustedtranslations.com\/fr\/#organization"},"alternateName":"Trusted Translations","potentialAction":[{"@type":"SearchAction","target":{"@type":"EntryPoint","urlTemplate":"https:\/\/www.trustedtranslations.com\/fr\/?s={search_term_string}"},"query-input":{"@type":"PropertyValueSpecification","valueRequired":true,"valueName":"search_term_string"}}],"inLanguage":"fr-FR"},{"@type":"Organization","@id":"https:\/\/www.trustedtranslations.com\/fr\/#organization","name":"Trusted Translations","alternateName":"Trusted Translations, Inc.","url":"https:\/\/www.trustedtranslations.com\/fr\/","logo":{"@type":"ImageObject","inLanguage":"fr-FR","@id":"https:\/\/www.trustedtranslations.com\/fr\/#\/schema\/logo\/image\/","url":"https:\/\/static.trustedtranslations.com\/wp-content\/uploads\/2022\/01\/TT_logo_WSIColors-2.png","contentUrl":"https:\/\/static.trustedtranslations.com\/wp-content\/uploads\/2022\/01\/TT_logo_WSIColors-2.png","width":500,"height":196,"caption":"Trusted Translations"},"image":{"@id":"https:\/\/www.trustedtranslations.com\/fr\/#\/schema\/logo\/image\/"},"sameAs":["https:\/\/www.facebook.com\/Trusted.Translations","https:\/\/x.com\/TrustedT9ns","https:\/\/www.linkedin.com\/company\/trusted-translations"]}]}},"toolset-meta":{"dyk":{"mensaje-1":{"type":"textfield","raw":"Le doublage avec voix humaine restitue le ton, l\u2019\u00e9motion et les nuances d\u2019interpr\u00e9tation que les voix g\u00e9n\u00e9r\u00e9es par IA ne peuvent pas encore reproduire pleinement."},"mensaje-2":{"type":"textfield","raw":"Le doublage professionnel comprend l\u2019adaptation du script, la direction vocale et la synchronisation audio afin d\u2019assurer un rendu naturel dans chaque langue."},"mensaje-3":{"type":"textfield","raw":"Le doublage avec voix humaine est souvent privil\u00e9gi\u00e9 pour les contenus marketing, les productions de divertissement et les formations \u00e0 fort impact, o\u00f9 l\u2019engagement du public est essentiel."},"mensaje-4":{"type":"textfield","raw":"Des com\u00e9diens de doublage exp\u00e9riment\u00e9s contribuent \u00e0 pr\u00e9server l\u2019identit\u00e9 de marque en maintenant un rythme, un style et une pr\u00e9sence vocale coh\u00e9rents dans les projets multilingues."},"mensaje-5":{"type":"textfield","raw":""},"mensaje-6":{"type":"textfield","raw":""}},"single-page-template-fields":{"imgs-temp":{"type":"image","raw":["https:\/\/www.trustedtranslations.com\/wp-content\/uploads\/2026\/02\/human-voice.webp"],"repeatable":[{"raw":"https:\/\/www.trustedtranslations.com\/wp-content\/uploads\/2026\/02\/human-voice.webp","attachment_id":293730}]},"imgs-temp-cel":{"type":"image","raw":[""],"repeatable":[{"raw":""}]},"img-temp-one-cel":{"type":"image","raw":"","attachment_id":null},"quotes":{"type":"textarea","raw":"<h1 style=\"margin-bottom: 12px;\">Services de doublage par voix humaine<\/h1>Trusted Translations propose des services professionnels de doublage avec voix humaines pour les organisations qui ont besoin d\u2019une narration de qualit\u00e9 studio et d\u2019une interpr\u00e9tation naturelle. Cette option est le choix standard lorsque les clients requi\u00e8rent un doublage, une voix off, un enregistrement vocal ou les services de com\u00e9diens professionnels. \r\n\r\nLe doublage avec voix humaine offre le plus haut niveau de qualit\u00e9 audio et est recommand\u00e9 lorsque l\u2019authenticit\u00e9, le contr\u00f4le du ton et l\u2019engagement du public sont essentiels. <div style=\"margin-top: 2.5vw;\"><a class=\"tt-btn-main-cta\" href=\"\/fr\/devis-traduction\">Demandez un devis gratuit<\/a><\/div>"},"text-1":{"type":"textarea","raw":"<h2>Doublage professionnel avec des voix humaines<\/h2>\r\n\r\n<p>Le doublage avec des voix humaines remplace l\u2019audio original par des voix enregistr\u00e9es de mani\u00e8re professionnelle dans la langue cible. Cette approche est particuli\u00e8rement adapt\u00e9e aux contenus qui n\u00e9cessitent un style de lecture naturel, une prononciation claire et un son de qualit\u00e9 studio.<\/p>\r\n\r\n<p>Trusted Translations travaille directement \u00e0 partir de la source audio ou vid\u00e9o d\u2019origine afin d\u2019assurer une synchronisation, un minutage et un rendu pr\u00e9cis. Le doublage avec voix humaine est l\u2019option par d\u00e9faut, sauf si le client demande explicitement des voix synth\u00e9tiques ou g\u00e9n\u00e9r\u00e9es par IA.<\/p>\r\n\r\n<h3>Ce que vous recevez<\/h3>\r\n\r\n<p>Trusted Translations fournit des fichiers de doublage avec voix humaine con\u00e7us pour s\u2019int\u00e9grer \u00e0 des flux de postproduction professionnels, notamment\u00a0:<\/p>\r\n\r\n<ul>\r\n  <li>Des pistes vocales enregistr\u00e9es en studio dans la langue cible<\/li>\r\n  <li>Un rythme, un ton et une prononciation naturels<\/li>\r\n  <li>Un audio synchronis\u00e9 avec le contenu source original<\/li>\r\n  <li>Des fichiers propres et pr\u00eats pour la production, pr\u00e9par\u00e9s pour la livraison finale<\/li>\r\n<\/ul>\r\n\r\n<p>Des options suppl\u00e9mentaires, comme la synchronisation labiale, l\u2019interpr\u00e9tation de personnages ou l\u2019utilisation de plusieurs voix, peuvent \u00eatre propos\u00e9es selon les besoins du projet et peuvent avoir une incidence sur les d\u00e9lais et les co\u00fbts.<\/p>\r\n\r\n<h3>Qualit\u00e9 et confidentialit\u00e9<\/h3>\r\n\r\n<p>Trusted Translations applique des normes strictes en mati\u00e8re de confidentialit\u00e9 et de qualit\u00e9 pour chaque projet de doublage avec des voix humaines. Notre \u00e9quipe veille \u00e0 l\u2019exactitude, \u00e0 la coh\u00e9rence et \u00e0 une livraison audio professionnelle tout au long du processus.<\/p>\r\n\r\n<p>Nos flux de travail sont conformes aux normes ISO 9001, ce qui garantit la gestion de la qualit\u00e9, la exactitude linguistique et les meilleures pratiques de post-\u00e9dition pour tous nos services de doublage.<\/p>"},"shortcode-map":{"type":"textfield","raw":""},"dyk-shortcode":{"type":"textfield","raw":"[elementor-template id=\"146546\"]"},"text-2":{"type":"textarea","raw":"<h2>Comment le doublage avec voix humaine peut vous aider \u00e0 am\u00e9liorer la diffusion de contenu<\/h2>\r\n\r\n<p>Le doublage avec voix humaine est recommand\u00e9 lorsque le contenu exige un haut niveau de r\u00e9alisme et d\u2019engagement du public. Les projets sont trait\u00e9s \u00e0 partir de la source audio ou vid\u00e9o d\u2019origine, ce qui permet d\u2019assurer un minutage pr\u00e9cis, un alignement rigoureux et un contr\u00f4le qualit\u00e9 tout au long de la postproduction.<\/p>\r\n\r\n<p>Le doublage avec voix humaine est couramment utilis\u00e9 pour\u00a0:<\/p>\r\n\r\n<ul>\r\n  <li>Les programmes de formation et d\u2019apprentissage en ligne<\/li>\r\n  <li>Les vid\u00e9os marketing et les contenus ax\u00e9s sur une marque<\/li>\r\n  <li>Les communications d\u2019entreprise et les messages de la direction<\/li>\r\n  <li>Les supports p\u00e9dagogiques et d\u2019int\u00e9gration<\/li>\r\n  <li>Les contenus exigeant un ton professionnel et un d\u00e9bit naturel<\/li>\r\n<\/ul>\r\n\r\n<p>Les projets de doublage avec voix humaine impliquent souvent une coordination entre les \u00e9quipes linguistiques, les sp\u00e9cialistes de la postproduction et les \u00e9ch\u00e9ances de livraison. Trusted Translations g\u00e8re ce processus gr\u00e2ce \u00e0 des flux de travail structur\u00e9s et \u00e0 des contr\u00f4les qualit\u00e9 clairs, afin de garantir que l\u2019audio final s\u2019int\u00e8gre parfaitement \u00e0 votre environnement de production.<\/p>"},"state":{"type":"textfield","raw":""},"city":{"type":"textarea","raw":[""]}}},"_links":{"self":[{"href":"https:\/\/www.trustedtranslations.com\/fr\/wp-json\/wp\/v2\/pages\/294146","targetHints":{"allow":["GET"]}}],"collection":[{"href":"https:\/\/www.trustedtranslations.com\/fr\/wp-json\/wp\/v2\/pages"}],"about":[{"href":"https:\/\/www.trustedtranslations.com\/fr\/wp-json\/wp\/v2\/types\/page"}],"author":[{"embeddable":true,"href":"https:\/\/www.trustedtranslations.com\/fr\/wp-json\/wp\/v2\/users\/1"}],"replies":[{"embeddable":true,"href":"https:\/\/www.trustedtranslations.com\/fr\/wp-json\/wp\/v2\/comments?post=294146"}],"version-history":[{"count":1,"href":"https:\/\/www.trustedtranslations.com\/fr\/wp-json\/wp\/v2\/pages\/294146\/revisions"}],"predecessor-version":[{"id":294252,"href":"https:\/\/www.trustedtranslations.com\/fr\/wp-json\/wp\/v2\/pages\/294146\/revisions\/294252"}],"up":[{"embeddable":true,"href":"https:\/\/www.trustedtranslations.com\/fr\/wp-json\/wp\/v2\/pages\/294109"}],"wp:featuredmedia":[{"embeddable":true,"href":"https:\/\/www.trustedtranslations.com\/fr\/wp-json\/wp\/v2\/media\/246603"}],"wp:attachment":[{"href":"https:\/\/www.trustedtranslations.com\/fr\/wp-json\/wp\/v2\/media?parent=294146"}],"curies":[{"name":"wp","href":"https:\/\/api.w.org\/{rel}","templated":true}]}}