{"id":123105,"date":"2021-01-25T19:03:02","date_gmt":"2021-01-25T19:03:02","guid":{"rendered":"https:\/\/www.trustedtranslations.com\/?page_id=123105"},"modified":"2024-10-30T15:32:13","modified_gmt":"2024-10-30T18:32:13","slug":"zoom","status":"publish","type":"page","link":"https:\/\/www.trustedtranslations.com\/it\/servizi\/vri\/zoom","title":{"rendered":"Zoom"},"content":{"rendered":"","protected":false},"excerpt":{"rendered":"","protected":false},"author":1,"featured_media":244642,"parent":160045,"menu_order":0,"comment_status":"closed","ping_status":"closed","template":"","meta":{"site-sidebar-layout":"default","site-content-layout":"default","ast-site-content-layout":"default","site-content-style":"default","site-sidebar-style":"default","ast-global-header-display":"","ast-banner-title-visibility":"","ast-main-header-display":"","ast-hfb-above-header-display":"","ast-hfb-below-header-display":"","ast-hfb-mobile-header-display":"","site-post-title":"disabled","ast-breadcrumbs-content":"","ast-featured-img":"","footer-sml-layout":"","theme-transparent-header-meta":"default","adv-header-id-meta":"","stick-header-meta":"","header-above-stick-meta":"","header-main-stick-meta":"","header-below-stick-meta":"","astra-migrate-meta-layouts":"set","ast-page-background-enabled":"default","ast-page-background-meta":{"desktop":{"background-color":"var(--ast-global-color-4)","background-image":"","background-repeat":"repeat","background-position":"center center","background-size":"auto","background-attachment":"scroll","background-type":"","background-media":"","overlay-type":"","overlay-color":"","overlay-opacity":"","overlay-gradient":""},"tablet":{"background-color":"","background-image":"","background-repeat":"repeat","background-position":"center center","background-size":"auto","background-attachment":"scroll","background-type":"","background-media":"","overlay-type":"","overlay-color":"","overlay-opacity":"","overlay-gradient":""},"mobile":{"background-color":"","background-image":"","background-repeat":"repeat","background-position":"center center","background-size":"auto","background-attachment":"scroll","background-type":"","background-media":"","overlay-type":"","overlay-color":"","overlay-opacity":"","overlay-gradient":""}},"ast-content-background-meta":{"desktop":{"background-color":"var(--ast-global-color-5)","background-image":"","background-repeat":"repeat","background-position":"center center","background-size":"auto","background-attachment":"scroll","background-type":"","background-media":"","overlay-type":"","overlay-color":"","overlay-opacity":"","overlay-gradient":""},"tablet":{"background-color":"var(--ast-global-color-5)","background-image":"","background-repeat":"repeat","background-position":"center center","background-size":"auto","background-attachment":"scroll","background-type":"","background-media":"","overlay-type":"","overlay-color":"","overlay-opacity":"","overlay-gradient":""},"mobile":{"background-color":"var(--ast-global-color-5)","background-image":"","background-repeat":"repeat","background-position":"center center","background-size":"auto","background-attachment":"scroll","background-type":"","background-media":"","overlay-type":"","overlay-color":"","overlay-opacity":"","overlay-gradient":""}},"footnotes":""},"class_list":["post-123105","page","type-page","status-publish","has-post-thumbnail","hentry"],"yoast_head":"<!-- This site is optimized with the Yoast SEO plugin v27.5 - https:\/\/yoast.com\/product\/yoast-seo-wordpress\/ -->\n<title>Servizio di interpretariato su Zoom di Trusted Translations<\/title>\n<meta name=\"description\" content=\"Trusted Translations \u00e8 leader nei servizi di interpretariato linguistico per chiamate, riunioni e webinar su Zoom. Chiamateci per richiedere un preventivo o una consulenza gratuita.\" \/>\n<meta name=\"robots\" content=\"index, follow, max-snippet:-1, max-image-preview:large, max-video-preview:-1\" \/>\n<link rel=\"canonical\" href=\"https:\/\/www.trustedtranslations.com\/it\/servizi\/vri\/zoom\" \/>\n<meta property=\"og:locale\" content=\"it_IT\" \/>\n<meta property=\"og:type\" content=\"article\" \/>\n<meta property=\"og:title\" content=\"Servizio di interpretariato su Zoom di Trusted Translations\" \/>\n<meta property=\"og:description\" content=\"Trusted Translations \u00e8 leader nei servizi di interpretariato linguistico per chiamate, riunioni e webinar su Zoom. Chiamateci per richiedere un preventivo o una consulenza gratuita.\" \/>\n<meta property=\"og:url\" content=\"https:\/\/www.trustedtranslations.com\/it\/servizi\/vri\/zoom\" \/>\n<meta property=\"og:site_name\" content=\"Trusted Translations, Inc.\" \/>\n<meta property=\"article:publisher\" content=\"https:\/\/www.facebook.com\/Trusted.Translations\" \/>\n<meta property=\"article:modified_time\" content=\"2024-10-30T18:32:13+00:00\" \/>\n<meta property=\"og:image\" content=\"https:\/\/static.trustedtranslations.com\/wp-content\/uploads\/2024\/02\/TT-ICON_Remote-Multilingual-Inte-8.webp\" \/>\n\t<meta property=\"og:image:width\" content=\"151\" \/>\n\t<meta property=\"og:image:height\" content=\"151\" \/>\n\t<meta property=\"og:image:type\" content=\"image\/webp\" \/>\n<meta name=\"twitter:card\" content=\"summary_large_image\" \/>\n<meta name=\"twitter:site\" content=\"@TrustedT9ns\" \/>\n<script type=\"application\/ld+json\" class=\"yoast-schema-graph\">{\"@context\":\"https:\\\/\\\/schema.org\",\"@graph\":[{\"@type\":\"WebPage\",\"@id\":\"https:\\\/\\\/www.trustedtranslations.com\\\/it\\\/servizi\\\/vri\\\/zoom\",\"url\":\"https:\\\/\\\/www.trustedtranslations.com\\\/it\\\/servizi\\\/vri\\\/zoom\",\"name\":\"Servizio di interpretariato su Zoom di Trusted Translations\",\"isPartOf\":{\"@id\":\"https:\\\/\\\/www.trustedtranslations.com\\\/it\\\/#website\"},\"primaryImageOfPage\":{\"@id\":\"https:\\\/\\\/www.trustedtranslations.com\\\/it\\\/servizi\\\/vri\\\/zoom#primaryimage\"},\"image\":{\"@id\":\"https:\\\/\\\/www.trustedtranslations.com\\\/it\\\/servizi\\\/vri\\\/zoom#primaryimage\"},\"thumbnailUrl\":\"https:\\\/\\\/www.trustedtranslations.com\\\/wp-content\\\/uploads\\\/2024\\\/02\\\/TT-ICON_Remote-Multilingual-Inte-8.webp\",\"description\":\"Trusted Translations \u00e8 leader nei servizi di interpretariato linguistico per chiamate, riunioni e webinar su Zoom. Chiamateci per richiedere un preventivo o una consulenza gratuita.\",\"breadcrumb\":{\"@id\":\"https:\\\/\\\/www.trustedtranslations.com\\\/it\\\/servizi\\\/vri\\\/zoom#breadcrumb\"},\"inLanguage\":\"it-IT\",\"potentialAction\":[{\"@type\":\"ReadAction\",\"target\":[\"https:\\\/\\\/www.trustedtranslations.com\\\/it\\\/servizi\\\/vri\\\/zoom\"]}]},{\"@type\":\"ImageObject\",\"inLanguage\":\"it-IT\",\"@id\":\"https:\\\/\\\/www.trustedtranslations.com\\\/it\\\/servizi\\\/vri\\\/zoom#primaryimage\",\"url\":\"https:\\\/\\\/www.trustedtranslations.com\\\/wp-content\\\/uploads\\\/2024\\\/02\\\/TT-ICON_Remote-Multilingual-Inte-8.webp\",\"contentUrl\":\"https:\\\/\\\/www.trustedtranslations.com\\\/wp-content\\\/uploads\\\/2024\\\/02\\\/TT-ICON_Remote-Multilingual-Inte-8.webp\",\"width\":151,\"height\":151,\"caption\":\"TT ICON Remote Multilingual Inte 8\"},{\"@type\":\"BreadcrumbList\",\"@id\":\"https:\\\/\\\/www.trustedtranslations.com\\\/it\\\/servizi\\\/vri\\\/zoom#breadcrumb\",\"itemListElement\":[{\"@type\":\"ListItem\",\"position\":1,\"name\":\"Home\",\"item\":\"https:\\\/\\\/www.trustedtranslations.com\\\/it\"},{\"@type\":\"ListItem\",\"position\":2,\"name\":\"Servizi\",\"item\":\"https:\\\/\\\/www.trustedtranslations.com\\\/it\\\/servizi\"},{\"@type\":\"ListItem\",\"position\":3,\"name\":\"Interpretariato video da remoto (VRI)\",\"item\":\"https:\\\/\\\/www.trustedtranslations.com\\\/it\\\/servizi\\\/vri\"},{\"@type\":\"ListItem\",\"position\":4,\"name\":\"Zoom\"}]},{\"@type\":\"WebSite\",\"@id\":\"https:\\\/\\\/www.trustedtranslations.com\\\/it\\\/#website\",\"url\":\"https:\\\/\\\/www.trustedtranslations.com\\\/it\\\/\",\"name\":\"Trusted Translations, Inc.\",\"description\":\"Leader in translation and interpretation services.\",\"publisher\":{\"@id\":\"https:\\\/\\\/www.trustedtranslations.com\\\/it\\\/#organization\"},\"alternateName\":\"Trusted Translations\",\"potentialAction\":[{\"@type\":\"SearchAction\",\"target\":{\"@type\":\"EntryPoint\",\"urlTemplate\":\"https:\\\/\\\/www.trustedtranslations.com\\\/it\\\/?s={search_term_string}\"},\"query-input\":{\"@type\":\"PropertyValueSpecification\",\"valueRequired\":true,\"valueName\":\"search_term_string\"}}],\"inLanguage\":\"it-IT\"},{\"@type\":\"Organization\",\"@id\":\"https:\\\/\\\/www.trustedtranslations.com\\\/it\\\/#organization\",\"name\":\"Trusted Translations\",\"alternateName\":\"Trusted Translations, Inc.\",\"url\":\"https:\\\/\\\/www.trustedtranslations.com\\\/it\\\/\",\"logo\":{\"@type\":\"ImageObject\",\"inLanguage\":\"it-IT\",\"@id\":\"https:\\\/\\\/www.trustedtranslations.com\\\/it\\\/#\\\/schema\\\/logo\\\/image\\\/\",\"url\":\"https:\\\/\\\/static.trustedtranslations.com\\\/wp-content\\\/uploads\\\/2022\\\/01\\\/TT_logo_WSIColors-2.png\",\"contentUrl\":\"https:\\\/\\\/static.trustedtranslations.com\\\/wp-content\\\/uploads\\\/2022\\\/01\\\/TT_logo_WSIColors-2.png\",\"width\":500,\"height\":196,\"caption\":\"Trusted Translations\"},\"image\":{\"@id\":\"https:\\\/\\\/www.trustedtranslations.com\\\/it\\\/#\\\/schema\\\/logo\\\/image\\\/\"},\"sameAs\":[\"https:\\\/\\\/www.facebook.com\\\/Trusted.Translations\",\"https:\\\/\\\/x.com\\\/TrustedT9ns\",\"https:\\\/\\\/www.linkedin.com\\\/company\\\/trusted-translations\"]}]}<\/script>\n<!-- \/ Yoast SEO plugin. -->","yoast_head_json":{"title":"Servizio di interpretariato su Zoom di Trusted Translations","description":"Trusted Translations \u00e8 leader nei servizi di interpretariato linguistico per chiamate, riunioni e webinar su Zoom. Chiamateci per richiedere un preventivo o una consulenza gratuita.","robots":{"index":"index","follow":"follow","max-snippet":"max-snippet:-1","max-image-preview":"max-image-preview:large","max-video-preview":"max-video-preview:-1"},"canonical":"https:\/\/www.trustedtranslations.com\/it\/servizi\/vri\/zoom","og_locale":"it_IT","og_type":"article","og_title":"Servizio di interpretariato su Zoom di Trusted Translations","og_description":"Trusted Translations \u00e8 leader nei servizi di interpretariato linguistico per chiamate, riunioni e webinar su Zoom. Chiamateci per richiedere un preventivo o una consulenza gratuita.","og_url":"https:\/\/www.trustedtranslations.com\/it\/servizi\/vri\/zoom","og_site_name":"Trusted Translations, Inc.","article_publisher":"https:\/\/www.facebook.com\/Trusted.Translations","article_modified_time":"2024-10-30T18:32:13+00:00","og_image":[{"width":151,"height":151,"url":"https:\/\/static.trustedtranslations.com\/wp-content\/uploads\/2024\/02\/TT-ICON_Remote-Multilingual-Inte-8.webp","type":"image\/webp"}],"twitter_card":"summary_large_image","twitter_site":"@TrustedT9ns","schema":{"@context":"https:\/\/schema.org","@graph":[{"@type":"WebPage","@id":"https:\/\/www.trustedtranslations.com\/it\/servizi\/vri\/zoom","url":"https:\/\/www.trustedtranslations.com\/it\/servizi\/vri\/zoom","name":"Servizio di interpretariato su Zoom di Trusted Translations","isPartOf":{"@id":"https:\/\/www.trustedtranslations.com\/it\/#website"},"primaryImageOfPage":{"@id":"https:\/\/www.trustedtranslations.com\/it\/servizi\/vri\/zoom#primaryimage"},"image":{"@id":"https:\/\/www.trustedtranslations.com\/it\/servizi\/vri\/zoom#primaryimage"},"thumbnailUrl":"https:\/\/www.trustedtranslations.com\/wp-content\/uploads\/2024\/02\/TT-ICON_Remote-Multilingual-Inte-8.webp","description":"Trusted Translations \u00e8 leader nei servizi di interpretariato linguistico per chiamate, riunioni e webinar su Zoom. Chiamateci per richiedere un preventivo o una consulenza gratuita.","breadcrumb":{"@id":"https:\/\/www.trustedtranslations.com\/it\/servizi\/vri\/zoom#breadcrumb"},"inLanguage":"it-IT","potentialAction":[{"@type":"ReadAction","target":["https:\/\/www.trustedtranslations.com\/it\/servizi\/vri\/zoom"]}]},{"@type":"ImageObject","inLanguage":"it-IT","@id":"https:\/\/www.trustedtranslations.com\/it\/servizi\/vri\/zoom#primaryimage","url":"https:\/\/www.trustedtranslations.com\/wp-content\/uploads\/2024\/02\/TT-ICON_Remote-Multilingual-Inte-8.webp","contentUrl":"https:\/\/www.trustedtranslations.com\/wp-content\/uploads\/2024\/02\/TT-ICON_Remote-Multilingual-Inte-8.webp","width":151,"height":151,"caption":"TT ICON Remote Multilingual Inte 8"},{"@type":"BreadcrumbList","@id":"https:\/\/www.trustedtranslations.com\/it\/servizi\/vri\/zoom#breadcrumb","itemListElement":[{"@type":"ListItem","position":1,"name":"Home","item":"https:\/\/www.trustedtranslations.com\/it"},{"@type":"ListItem","position":2,"name":"Servizi","item":"https:\/\/www.trustedtranslations.com\/it\/servizi"},{"@type":"ListItem","position":3,"name":"Interpretariato video da remoto (VRI)","item":"https:\/\/www.trustedtranslations.com\/it\/servizi\/vri"},{"@type":"ListItem","position":4,"name":"Zoom"}]},{"@type":"WebSite","@id":"https:\/\/www.trustedtranslations.com\/it\/#website","url":"https:\/\/www.trustedtranslations.com\/it\/","name":"Trusted Translations, Inc.","description":"Leader in translation and interpretation services.","publisher":{"@id":"https:\/\/www.trustedtranslations.com\/it\/#organization"},"alternateName":"Trusted Translations","potentialAction":[{"@type":"SearchAction","target":{"@type":"EntryPoint","urlTemplate":"https:\/\/www.trustedtranslations.com\/it\/?s={search_term_string}"},"query-input":{"@type":"PropertyValueSpecification","valueRequired":true,"valueName":"search_term_string"}}],"inLanguage":"it-IT"},{"@type":"Organization","@id":"https:\/\/www.trustedtranslations.com\/it\/#organization","name":"Trusted Translations","alternateName":"Trusted Translations, Inc.","url":"https:\/\/www.trustedtranslations.com\/it\/","logo":{"@type":"ImageObject","inLanguage":"it-IT","@id":"https:\/\/www.trustedtranslations.com\/it\/#\/schema\/logo\/image\/","url":"https:\/\/static.trustedtranslations.com\/wp-content\/uploads\/2022\/01\/TT_logo_WSIColors-2.png","contentUrl":"https:\/\/static.trustedtranslations.com\/wp-content\/uploads\/2022\/01\/TT_logo_WSIColors-2.png","width":500,"height":196,"caption":"Trusted Translations"},"image":{"@id":"https:\/\/www.trustedtranslations.com\/it\/#\/schema\/logo\/image\/"},"sameAs":["https:\/\/www.facebook.com\/Trusted.Translations","https:\/\/x.com\/TrustedT9ns","https:\/\/www.linkedin.com\/company\/trusted-translations"]}]}},"toolset-meta":{"dyk":{"mensaje-1":{"type":"textfield","raw":"Zoom ha una media di oltre 350 milioni di partecipanti giornalieri alle riunioni."},"mensaje-2":{"type":"textfield","raw":"Zoom \u00e8 la piattaforma preferita da quasi il 75% degli interpreti a distanza."},"mensaje-3":{"type":"textfield","raw":"L\u201986% dei tribunali statunitensi prevede di avviare procedimenti virtuali in futuro."},"mensaje-4":{"type":"textfield","raw":"Il 34% degli organizzatori di eventi prevede di investire di pi\u00f9 in eventi ibridi."},"mensaje-5":{"type":"textfield","raw":""},"mensaje-6":{"type":"textfield","raw":""}},"single-page-template-fields":{"imgs-temp":{"type":"image","raw":["https:\/\/static.trustedtranslations.com\/wp-content\/uploads\/2024\/07\/zoom-final-1.webp","https:\/\/static.trustedtranslations.com\/wp-content\/uploads\/2024\/07\/zoom-final-2-1.webp"],"repeatable":[{"raw":"https:\/\/static.trustedtranslations.com\/wp-content\/uploads\/2024\/07\/zoom-final-1.webp"},{"raw":"https:\/\/static.trustedtranslations.com\/wp-content\/uploads\/2024\/07\/zoom-final-2-1.webp"}]},"imgs-temp-cel":{"type":"image","raw":[""],"repeatable":[{"raw":""}]},"img-temp-one-cel":{"type":"image","raw":"https:\/\/static.trustedtranslations.com\/wp-content\/uploads\/2024\/07\/businessman-speak-talk-video-cal.webp","attachment_id":null},"quotes":{"type":"textarea","raw":"<h1 style=\"margin-bottom: 12px;\">Servizi di interpretariato\r\nda remoto multilingue su Zoom<\/h1>\r\nIl lavoro da remoto \u00e8 diventato una realt\u00e0 quotidiana per molte organizzazioni, e Zoom rimane una delle piattaforme pi\u00f9 utilizzate in tutto il mondo. Gli esperti linguisti di Trusted Translations sono specializzati nel fornire <strong>interpretariato impeccabile e professionale su Zoom<\/strong> per riunioni, webinar e conferenze. Che necessitiate di <strong>servizi di interpretariato aziendale su Zoom<\/strong> o <strong>servizi di interpretariato professionale su Zoom<\/strong>, siamo il partner ideale per tutte le vostre esigenze di interpretariato da remoto.\r\n<div style=\"margin-top: 2.5vw;\"><a class=\"tt-btn-main-cta\" href=\"\/it\/quote\">Richiedi un preventivo gratuito<\/a><\/div>"},"text-1":{"type":"textarea","raw":"<h2>Varianti dei servizi di interpretariato da remoto<\/h2>\r\nL\u2019interpretariato da remoto pu\u00f2 avvenire in simultanea o in consecutiva. L'interpretariato in simultanea (RSI) viene solitamente utilizzato per un pubblico vasto in contesti come conferenze e presentazioni. Al contrario, nell\u2019interpretariato in consecutiva l\u2019interprete ascolta il discorso dell\u2019oratore, che effettua delle pause per consentirgli di tradurre il messaggio nella lingua di destinazione.\r\n\r\nL\u2019interpretariato in consecutiva \u00e8 adatto a gruppi di dimensioni pi\u00f9 ridotte; tuttavia, le pause necessarie per la traduzione possono prolungare la durata dell\u2019interazione. Si tratta di una buona opzione per le sessioni di gruppo in cui la funzionalit\u00e0 di interpretariato linguistico non \u00e8 disponibile. Per le riunioni multilingue che richiedono una maggior interazione di gruppo, \u00e8 possibile allestire delle sale riunioni in cui un interprete pu\u00f2 unirsi per fornire almeno interpretariato in consecutiva per specifiche combinazioni linguistiche. Trusted Translations \u00e8 orgogliosa di offrire <strong>servizi di interpretariato su Zoom<\/strong> sia in simultanea che in consecutiva su base oraria, per soddisfare le esigenze dei propri clienti in modo accurato ed efficiente.\r\n<h2>Interpretariato in consecutiva e in simultanea da remoto<\/h2>\r\nUna volta acquisita familiarit\u00e0 con i due tipi di servizi di interpretariato summenzionati, \u00e8 giunto il momento di scoprire in che modo una piattaforma intuitiva come Zoom possa soddisfare le proprie specifiche esigenze. Trusted Translations pu\u00f2 fornirvi gli interpreti pi\u00f9 adatti alla vostra riunione, mentre Zoom vi offre la piattaforma ideale per supportare gli incarichi da remoto.\r\n\r\nI servizi di interpretariato in consecutiva sono disponibili per tutti i piani Zoom, dalla versione gratuita a Pro, Business o Enterprise. \u00c8 possibile coinvolgere un interprete su Zoom in modo simile a come si utilizza un bridge per conferenze per i servizi di interpretariato telefonico, con l\u2019ulteriore vantaggio della condivisione dello schermo, che consente di comprendere il linguaggio del corpo durante la sessione.\r\n\r\nI servizi di interpretariato in simultanea sono disponibili solo tramite webinar Zoom. Tuttavia, l\u2019interpretariato in simultanea non pu\u00f2 essere utilizzato per le sessioni di gruppo all\u2019interno di un webinar. In questi casi \u00e8 possibile combinare l\u2019interpretariato in simultanea per la sessione principale e quello in consecutiva per i gruppi di discussione. Per le riunioni multilingue, \u00e8 possibile organizzare sessioni di approfondimento in base alla combinazione linguistica per ottimizzare la comunicazione, utilizzando in modo efficace i <strong>servizi di interpretazione aziendale su Zoom<\/strong>."},"shortcode-map":{"type":"textfield","raw":""},"dyk-shortcode":{"type":"textfield","raw":"[elementor-template id=\"146751\"]"},"text-2":{"type":"textarea","raw":"<h2>Interpretariato professionale per riunioni su Zoom e webinar<\/h2>\r\nPrima di assumere un interprete da remoto per una riunione su Zoom, accertatevi che la funzionalit\u00e0 di interpretariato linguistico sia abilitata sul vostro account. Tale funzionalit\u00e0 \u00e8 attualmente disponibile per tutti gli utenti con account Pro, Business ed Enterprise. Se non siete sicuri o sapete che la funzionalit\u00e0 non \u00e8 attivata, contattate immediatamente l\u2019assistenza Zoom, poich\u00e9 la configurazione potrebbe richiedere fino a tre giorni lavorativi.\r\n\r\nUna volta abilitata l\u2019opzione \u201cInterpretariato linguistico\u201d su Zoom, sarete pronti per designare i partecipanti come interpreti alle vostre riunioni o webinar.\r\n\r\nSe ritenete che la vostra prossima riunione, conferenza, webinar o sessione di formazione online richieda pi\u00f9 lingue per raggiungere efficacemente il pubblico di destinazione, dovrete impostare manualmente la riunione o il webinar al fine di abilitare canali audio in pi\u00f9 lingue. Purtroppo questa funzione non pu\u00f2 essere attivata durante la riunione.\r\n\r\nL\u2019interpretariato linguistico pu\u00f2 essere abilitato a livello di account, gruppo o utente, quindi \u00e8 pronto per impostazione predefinita. Pu\u00f2 anche essere attivato per una riunione o un webinar specifico se non \u00e8 impostato di default, cosa che pu\u00f2 accadere quando si utilizza un account Enterprise.\r\n\r\nQuando si programma una riunione, l\u2019organizzatore pu\u00f2 assegnare gli interpreti per una o pi\u00f9 lingue utilizzando l\u2019indirizzo e-mail dell\u2019interprete. In questo modo si garantisce che gli interpreti possano accedere direttamente ai canali assegnati all\u2019inizio della riunione. Tuttavia, gli interpreti possono anche essere assegnati a un canale dall\u2019host in qualsiasi momento durante la sessione.\r\n\r\nAll\u2019inizio della riunione o del webinar, l'organizzatore attiver\u00e0 la funzione di interpretariato. Gli interpreti forniranno un feed audio nella lingua di destinazione e i partecipanti potranno selezionare il loro canale audio preferito e scegliere se disattivare l'audio dell\u2019oratore originale o ascoltare entrambi (oratore originale e interprete) a volume pi\u00f9 basso. Offriamo anche <strong>traduzione professionale su Zoom<\/strong> per documenti scritti e presentazioni, nonch\u00e9 <strong>servizi di traduzione professionale su Zoom<\/strong>.\r\n<h2>Il nostro team per le tutte vostre esigenze di interpretariato su Zoom<\/h2>\r\nIl nostro team di interpreti e Calendar Manager professionisti ha grande esperienza nell\u2019interpretariato su Zoom. I nostri linguisti certificati hanno la competenza e la precisione necessarie per offrire servizi di interpretariato accurati e di alta qualit\u00e0 in oltre 200 lingue, tra cui lingue dei segni come l\u2019ASL. Effettuiamo un attento processo di selezione per garantire che i nostri interpreti siano pienamente qualificati, per garantire ai nostri clienti servizi professionali, dettagliati e affidabili. Trusted Translations \u00e8 attrezzata per gestire sia le richieste di servizi standard che quelle dell\u2019ultimo minuto, tra cui <strong>servizi di interpretariato su Zoom su base oraria<\/strong> e <strong>servizi di traduzione su Zoom su base oraria<\/strong>.\r\n<h2>ASL e interpretariato nella lingua dei segni<\/h2>\r\nZoom pu\u00f2 creare un ambiente pi\u00f9 inclusivo e accessibile per le conversazioni a distanza integrando l\u2019interpretazione in lingua dei segni (come l\u2019ASL) durante le sessioni. Gli organizzatori di riunioni e webinar possono assegnare pi\u00f9 interpreti della lingua dei segni ad appositi canali, consentendo ai partecipanti di selezionare l\u2019interpretariato in lingua dei segni che preferiscono visualizzare.\r\n<h2>Un servizio con aggiornamenti costanti<\/h2>\r\nTenete presente che piattaforme come Zoom sono in continua evoluzione: nuove funzionalit\u00e0 vengono aggiunte di frequente, come parte di un programma di ricerca e sviluppo costante. Per mantenervi aggiornati, assicuratevi di consultare il loro sito web o di contattare il team di assistenza tecnica. \u00c8 anche possibile contattare i nostri Calendar Manager, che saranno lieti di condividere la loro competenza per aiutarvi a scegliere tra <strong>servizi di traduzione aziendale su Zoom<\/strong> e <strong>servizi di traduzione professionale su Zoom<\/strong>.\r\n<h2>Vantaggi delle riunioni e dei webinar multilingue su Zoom<\/h2>\r\nOltre agli evidenti vantaggi in termini di sicurezza sanitaria, un aspetto che preoccupa il pubblico globale nella \u201cnuova normalit\u00e0\u201d, altri vantaggi fondamentali includono:\r\n<ul>\r\n \t<li>la possibilit\u00e0 di raggiungere un pubblico pi\u00f9 ampio e di comunicare efficacemente in pi\u00f9 lingue tramite una piattaforma digitale<\/li>\r\n \t<li>accessibilit\u00e0 in tutto il mondo, poich\u00e9 gli interpreti possono lavorare da remoto da qualsiasi luogo<\/li>\r\n \t<li>risparmio sui costi, poich\u00e9 non sono necessarie spese di viaggio o per il noleggio di attrezzatura<\/li>\r\n \t<li>accesso a oltre 200 lingue, tra cui le lingue dei segni<\/li>\r\n \t<li>flessibilit\u00e0 per incarichi con breve preavviso, inclusi <strong>servizi di interpretariato su Zoom su base oraria<\/strong><\/li>\r\n \t<li>procedura di installazione semplice e diretta<\/li>\r\n<\/ul>"},"state":{"type":"textfield","raw":""},"city":{"type":"textarea","raw":[]}}},"_links":{"self":[{"href":"https:\/\/www.trustedtranslations.com\/it\/wp-json\/wp\/v2\/pages\/123105","targetHints":{"allow":["GET"]}}],"collection":[{"href":"https:\/\/www.trustedtranslations.com\/it\/wp-json\/wp\/v2\/pages"}],"about":[{"href":"https:\/\/www.trustedtranslations.com\/it\/wp-json\/wp\/v2\/types\/page"}],"author":[{"embeddable":true,"href":"https:\/\/www.trustedtranslations.com\/it\/wp-json\/wp\/v2\/users\/1"}],"replies":[{"embeddable":true,"href":"https:\/\/www.trustedtranslations.com\/it\/wp-json\/wp\/v2\/comments?post=123105"}],"version-history":[{"count":0,"href":"https:\/\/www.trustedtranslations.com\/it\/wp-json\/wp\/v2\/pages\/123105\/revisions"}],"up":[{"embeddable":true,"href":"https:\/\/www.trustedtranslations.com\/it\/wp-json\/wp\/v2\/pages\/160045"}],"wp:featuredmedia":[{"embeddable":true,"href":"https:\/\/www.trustedtranslations.com\/it\/wp-json\/wp\/v2\/media\/244642"}],"wp:attachment":[{"href":"https:\/\/www.trustedtranslations.com\/it\/wp-json\/wp\/v2\/media?parent=123105"}],"curies":[{"name":"wp","href":"https:\/\/api.w.org\/{rel}","templated":true}]}}