{"id":123155,"date":"2020-01-21T12:52:31","date_gmt":"2020-01-21T12:52:31","guid":{"rendered":"https:\/\/www.trustedtranslations.com\/?page_id=123155"},"modified":"2025-11-21T13:13:43","modified_gmt":"2025-11-21T16:13:43","slug":"new-york","status":"publish","type":"page","link":"https:\/\/www.trustedtranslations.com\/it\/chi-siamo\/contatti\/new-york","title":{"rendered":"New York"},"content":{"rendered":"","protected":false},"excerpt":{"rendered":"","protected":false},"author":1,"featured_media":256744,"parent":123250,"menu_order":0,"comment_status":"closed","ping_status":"closed","template":"","meta":{"site-sidebar-layout":"default","site-content-layout":"default","ast-site-content-layout":"default","site-content-style":"default","site-sidebar-style":"default","ast-global-header-display":"","ast-banner-title-visibility":"","ast-main-header-display":"","ast-hfb-above-header-display":"","ast-hfb-below-header-display":"","ast-hfb-mobile-header-display":"","site-post-title":"disabled","ast-breadcrumbs-content":"","ast-featured-img":"","footer-sml-layout":"","theme-transparent-header-meta":"default","adv-header-id-meta":"","stick-header-meta":"","header-above-stick-meta":"","header-main-stick-meta":"","header-below-stick-meta":"","astra-migrate-meta-layouts":"set","ast-page-background-enabled":"default","ast-page-background-meta":{"desktop":{"background-color":"var(--ast-global-color-4)","background-image":"","background-repeat":"repeat","background-position":"center center","background-size":"auto","background-attachment":"scroll","background-type":"","background-media":"","overlay-type":"","overlay-color":"","overlay-opacity":"","overlay-gradient":""},"tablet":{"background-color":"","background-image":"","background-repeat":"repeat","background-position":"center center","background-size":"auto","background-attachment":"scroll","background-type":"","background-media":"","overlay-type":"","overlay-color":"","overlay-opacity":"","overlay-gradient":""},"mobile":{"background-color":"","background-image":"","background-repeat":"repeat","background-position":"center center","background-size":"auto","background-attachment":"scroll","background-type":"","background-media":"","overlay-type":"","overlay-color":"","overlay-opacity":"","overlay-gradient":""}},"ast-content-background-meta":{"desktop":{"background-color":"var(--ast-global-color-5)","background-image":"","background-repeat":"repeat","background-position":"center center","background-size":"auto","background-attachment":"scroll","background-type":"","background-media":"","overlay-type":"","overlay-color":"","overlay-opacity":"","overlay-gradient":""},"tablet":{"background-color":"var(--ast-global-color-5)","background-image":"","background-repeat":"repeat","background-position":"center center","background-size":"auto","background-attachment":"scroll","background-type":"","background-media":"","overlay-type":"","overlay-color":"","overlay-opacity":"","overlay-gradient":""},"mobile":{"background-color":"var(--ast-global-color-5)","background-image":"","background-repeat":"repeat","background-position":"center center","background-size":"auto","background-attachment":"scroll","background-type":"","background-media":"","overlay-type":"","overlay-color":"","overlay-opacity":"","overlay-gradient":""}},"footnotes":""},"class_list":["post-123155","page","type-page","status-publish","has-post-thumbnail","hentry"],"yoast_head":"<!-- This site is optimized with the Yoast SEO plugin v27.5 - https:\/\/yoast.com\/product\/yoast-seo-wordpress\/ -->\n<title>Servizi di traduzione a New York - Azienda leader nella traduzione a New York - Trusted Translations, Inc.<\/title>\n<meta name=\"description\" content=\"Trusted Translations, Inc. New York, New York. Servizi di traduzione di comprovata qualit\u00e0 alle migliori tariffe. Richiedi un preventivo o una consulenza gratuita. Contattaci oggi stesso.\" \/>\n<meta name=\"robots\" content=\"index, follow, max-snippet:-1, max-image-preview:large, max-video-preview:-1\" \/>\n<link rel=\"canonical\" href=\"https:\/\/www.trustedtranslations.com\/it\/chi-siamo\/contatti\/new-york\" \/>\n<meta property=\"og:locale\" content=\"it_IT\" \/>\n<meta property=\"og:type\" content=\"article\" \/>\n<meta property=\"og:title\" content=\"Servizi di traduzione a New York - Azienda leader nella traduzione a New York - Trusted Translations, Inc.\" \/>\n<meta property=\"og:description\" content=\"Trusted Translations, Inc. New York, New York. Servizi di traduzione di comprovata qualit\u00e0 alle migliori tariffe. Richiedi un preventivo o una consulenza gratuita. Contattaci oggi stesso.\" \/>\n<meta property=\"og:url\" content=\"https:\/\/www.trustedtranslations.com\/it\/chi-siamo\/contatti\/new-york\" \/>\n<meta property=\"og:site_name\" content=\"Trusted Translations, Inc.\" \/>\n<meta property=\"article:publisher\" content=\"https:\/\/www.facebook.com\/Trusted.Translations\" \/>\n<meta property=\"article:modified_time\" content=\"2025-11-21T16:13:43+00:00\" \/>\n<meta property=\"og:image\" content=\"https:\/\/www.trustedtranslations.com\/wp-content\/uploads\/2024\/05\/ny-final-1-1-e1702998557540.webp\" \/>\n\t<meta property=\"og:image:width\" content=\"600\" \/>\n\t<meta property=\"og:image:height\" content=\"400\" \/>\n\t<meta property=\"og:image:type\" content=\"image\/webp\" \/>\n<meta name=\"twitter:card\" content=\"summary_large_image\" \/>\n<meta name=\"twitter:site\" content=\"@TrustedT9ns\" \/>\n<script type=\"application\/ld+json\" class=\"yoast-schema-graph\">{\"@context\":\"https:\\\/\\\/schema.org\",\"@graph\":[{\"@type\":\"WebPage\",\"@id\":\"https:\\\/\\\/www.trustedtranslations.com\\\/it\\\/chi-siamo\\\/contatti\\\/new-york\",\"url\":\"https:\\\/\\\/www.trustedtranslations.com\\\/it\\\/chi-siamo\\\/contatti\\\/new-york\",\"name\":\"Servizi di traduzione a New York - Azienda leader nella traduzione a New York - Trusted Translations, Inc.\",\"isPartOf\":{\"@id\":\"https:\\\/\\\/www.trustedtranslations.com\\\/it\\\/#website\"},\"primaryImageOfPage\":{\"@id\":\"https:\\\/\\\/www.trustedtranslations.com\\\/it\\\/chi-siamo\\\/contatti\\\/new-york#primaryimage\"},\"image\":{\"@id\":\"https:\\\/\\\/www.trustedtranslations.com\\\/it\\\/chi-siamo\\\/contatti\\\/new-york#primaryimage\"},\"thumbnailUrl\":\"https:\\\/\\\/www.trustedtranslations.com\\\/wp-content\\\/uploads\\\/2024\\\/05\\\/ny-final-1-1-e1702998557540.webp\",\"description\":\"Trusted Translations, Inc. New York, New York. Servizi di traduzione di comprovata qualit\u00e0 alle migliori tariffe. Richiedi un preventivo o una consulenza gratuita. Contattaci oggi stesso.\",\"breadcrumb\":{\"@id\":\"https:\\\/\\\/www.trustedtranslations.com\\\/it\\\/chi-siamo\\\/contatti\\\/new-york#breadcrumb\"},\"inLanguage\":\"it-IT\",\"potentialAction\":[{\"@type\":\"ReadAction\",\"target\":[\"https:\\\/\\\/www.trustedtranslations.com\\\/it\\\/chi-siamo\\\/contatti\\\/new-york\"]}]},{\"@type\":\"ImageObject\",\"inLanguage\":\"it-IT\",\"@id\":\"https:\\\/\\\/www.trustedtranslations.com\\\/it\\\/chi-siamo\\\/contatti\\\/new-york#primaryimage\",\"url\":\"https:\\\/\\\/www.trustedtranslations.com\\\/wp-content\\\/uploads\\\/2024\\\/05\\\/ny-final-1-1-e1702998557540.webp\",\"contentUrl\":\"https:\\\/\\\/www.trustedtranslations.com\\\/wp-content\\\/uploads\\\/2024\\\/05\\\/ny-final-1-1-e1702998557540.webp\",\"width\":600,\"height\":400,\"caption\":\"ny final 1 1 e1702998557540\"},{\"@type\":\"BreadcrumbList\",\"@id\":\"https:\\\/\\\/www.trustedtranslations.com\\\/it\\\/chi-siamo\\\/contatti\\\/new-york#breadcrumb\",\"itemListElement\":[{\"@type\":\"ListItem\",\"position\":1,\"name\":\"Home\",\"item\":\"https:\\\/\\\/www.trustedtranslations.com\\\/it\"},{\"@type\":\"ListItem\",\"position\":2,\"name\":\"Chi siamo\",\"item\":\"https:\\\/\\\/www.trustedtranslations.com\\\/it\\\/chi-siamo\"},{\"@type\":\"ListItem\",\"position\":3,\"name\":\"Contatti\",\"item\":\"https:\\\/\\\/www.trustedtranslations.com\\\/it\\\/chi-siamo\\\/contatti\"},{\"@type\":\"ListItem\",\"position\":4,\"name\":\"New York\"}]},{\"@type\":\"WebSite\",\"@id\":\"https:\\\/\\\/www.trustedtranslations.com\\\/it\\\/#website\",\"url\":\"https:\\\/\\\/www.trustedtranslations.com\\\/it\\\/\",\"name\":\"Trusted Translations, Inc.\",\"description\":\"Leader in translation and interpretation services.\",\"publisher\":{\"@id\":\"https:\\\/\\\/www.trustedtranslations.com\\\/it\\\/#organization\"},\"alternateName\":\"Trusted Translations\",\"potentialAction\":[{\"@type\":\"SearchAction\",\"target\":{\"@type\":\"EntryPoint\",\"urlTemplate\":\"https:\\\/\\\/www.trustedtranslations.com\\\/it\\\/?s={search_term_string}\"},\"query-input\":{\"@type\":\"PropertyValueSpecification\",\"valueRequired\":true,\"valueName\":\"search_term_string\"}}],\"inLanguage\":\"it-IT\"},{\"@type\":\"Organization\",\"@id\":\"https:\\\/\\\/www.trustedtranslations.com\\\/it\\\/#organization\",\"name\":\"Trusted Translations\",\"alternateName\":\"Trusted Translations, Inc.\",\"url\":\"https:\\\/\\\/www.trustedtranslations.com\\\/it\\\/\",\"logo\":{\"@type\":\"ImageObject\",\"inLanguage\":\"it-IT\",\"@id\":\"https:\\\/\\\/www.trustedtranslations.com\\\/it\\\/#\\\/schema\\\/logo\\\/image\\\/\",\"url\":\"https:\\\/\\\/static.trustedtranslations.com\\\/wp-content\\\/uploads\\\/2022\\\/01\\\/TT_logo_WSIColors-2.png\",\"contentUrl\":\"https:\\\/\\\/static.trustedtranslations.com\\\/wp-content\\\/uploads\\\/2022\\\/01\\\/TT_logo_WSIColors-2.png\",\"width\":500,\"height\":196,\"caption\":\"Trusted Translations\"},\"image\":{\"@id\":\"https:\\\/\\\/www.trustedtranslations.com\\\/it\\\/#\\\/schema\\\/logo\\\/image\\\/\"},\"sameAs\":[\"https:\\\/\\\/www.facebook.com\\\/Trusted.Translations\",\"https:\\\/\\\/x.com\\\/TrustedT9ns\",\"https:\\\/\\\/www.linkedin.com\\\/company\\\/trusted-translations\"]}]}<\/script>\n<!-- \/ Yoast SEO plugin. -->","yoast_head_json":{"title":"Servizi di traduzione a New York - Azienda leader nella traduzione a New York - Trusted Translations, Inc.","description":"Trusted Translations, Inc. New York, New York. Servizi di traduzione di comprovata qualit\u00e0 alle migliori tariffe. Richiedi un preventivo o una consulenza gratuita. Contattaci oggi stesso.","robots":{"index":"index","follow":"follow","max-snippet":"max-snippet:-1","max-image-preview":"max-image-preview:large","max-video-preview":"max-video-preview:-1"},"canonical":"https:\/\/www.trustedtranslations.com\/it\/chi-siamo\/contatti\/new-york","og_locale":"it_IT","og_type":"article","og_title":"Servizi di traduzione a New York - Azienda leader nella traduzione a New York - Trusted Translations, Inc.","og_description":"Trusted Translations, Inc. New York, New York. Servizi di traduzione di comprovata qualit\u00e0 alle migliori tariffe. Richiedi un preventivo o una consulenza gratuita. Contattaci oggi stesso.","og_url":"https:\/\/www.trustedtranslations.com\/it\/chi-siamo\/contatti\/new-york","og_site_name":"Trusted Translations, Inc.","article_publisher":"https:\/\/www.facebook.com\/Trusted.Translations","article_modified_time":"2025-11-21T16:13:43+00:00","og_image":[{"width":600,"height":400,"url":"https:\/\/www.trustedtranslations.com\/wp-content\/uploads\/2024\/05\/ny-final-1-1-e1702998557540.webp","type":"image\/webp"}],"twitter_card":"summary_large_image","twitter_site":"@TrustedT9ns","schema":{"@context":"https:\/\/schema.org","@graph":[{"@type":"WebPage","@id":"https:\/\/www.trustedtranslations.com\/it\/chi-siamo\/contatti\/new-york","url":"https:\/\/www.trustedtranslations.com\/it\/chi-siamo\/contatti\/new-york","name":"Servizi di traduzione a New York - Azienda leader nella traduzione a New York - Trusted Translations, Inc.","isPartOf":{"@id":"https:\/\/www.trustedtranslations.com\/it\/#website"},"primaryImageOfPage":{"@id":"https:\/\/www.trustedtranslations.com\/it\/chi-siamo\/contatti\/new-york#primaryimage"},"image":{"@id":"https:\/\/www.trustedtranslations.com\/it\/chi-siamo\/contatti\/new-york#primaryimage"},"thumbnailUrl":"https:\/\/www.trustedtranslations.com\/wp-content\/uploads\/2024\/05\/ny-final-1-1-e1702998557540.webp","description":"Trusted Translations, Inc. New York, New York. Servizi di traduzione di comprovata qualit\u00e0 alle migliori tariffe. Richiedi un preventivo o una consulenza gratuita. Contattaci oggi stesso.","breadcrumb":{"@id":"https:\/\/www.trustedtranslations.com\/it\/chi-siamo\/contatti\/new-york#breadcrumb"},"inLanguage":"it-IT","potentialAction":[{"@type":"ReadAction","target":["https:\/\/www.trustedtranslations.com\/it\/chi-siamo\/contatti\/new-york"]}]},{"@type":"ImageObject","inLanguage":"it-IT","@id":"https:\/\/www.trustedtranslations.com\/it\/chi-siamo\/contatti\/new-york#primaryimage","url":"https:\/\/www.trustedtranslations.com\/wp-content\/uploads\/2024\/05\/ny-final-1-1-e1702998557540.webp","contentUrl":"https:\/\/www.trustedtranslations.com\/wp-content\/uploads\/2024\/05\/ny-final-1-1-e1702998557540.webp","width":600,"height":400,"caption":"ny final 1 1 e1702998557540"},{"@type":"BreadcrumbList","@id":"https:\/\/www.trustedtranslations.com\/it\/chi-siamo\/contatti\/new-york#breadcrumb","itemListElement":[{"@type":"ListItem","position":1,"name":"Home","item":"https:\/\/www.trustedtranslations.com\/it"},{"@type":"ListItem","position":2,"name":"Chi siamo","item":"https:\/\/www.trustedtranslations.com\/it\/chi-siamo"},{"@type":"ListItem","position":3,"name":"Contatti","item":"https:\/\/www.trustedtranslations.com\/it\/chi-siamo\/contatti"},{"@type":"ListItem","position":4,"name":"New York"}]},{"@type":"WebSite","@id":"https:\/\/www.trustedtranslations.com\/it\/#website","url":"https:\/\/www.trustedtranslations.com\/it\/","name":"Trusted Translations, Inc.","description":"Leader in translation and interpretation services.","publisher":{"@id":"https:\/\/www.trustedtranslations.com\/it\/#organization"},"alternateName":"Trusted Translations","potentialAction":[{"@type":"SearchAction","target":{"@type":"EntryPoint","urlTemplate":"https:\/\/www.trustedtranslations.com\/it\/?s={search_term_string}"},"query-input":{"@type":"PropertyValueSpecification","valueRequired":true,"valueName":"search_term_string"}}],"inLanguage":"it-IT"},{"@type":"Organization","@id":"https:\/\/www.trustedtranslations.com\/it\/#organization","name":"Trusted Translations","alternateName":"Trusted Translations, Inc.","url":"https:\/\/www.trustedtranslations.com\/it\/","logo":{"@type":"ImageObject","inLanguage":"it-IT","@id":"https:\/\/www.trustedtranslations.com\/it\/#\/schema\/logo\/image\/","url":"https:\/\/static.trustedtranslations.com\/wp-content\/uploads\/2022\/01\/TT_logo_WSIColors-2.png","contentUrl":"https:\/\/static.trustedtranslations.com\/wp-content\/uploads\/2022\/01\/TT_logo_WSIColors-2.png","width":500,"height":196,"caption":"Trusted Translations"},"image":{"@id":"https:\/\/www.trustedtranslations.com\/it\/#\/schema\/logo\/image\/"},"sameAs":["https:\/\/www.facebook.com\/Trusted.Translations","https:\/\/x.com\/TrustedT9ns","https:\/\/www.linkedin.com\/company\/trusted-translations"]}]}},"toolset-meta":{"dyk":{"mensaje-1":{"type":"textfield","raw":"I nostri team di esperti forniscono servizi di traduzione di alta qualit\u00e0 a New York da oltre vent\u2019anni."},"mensaje-2":{"type":"textfield","raw":"New York \u00e8 considerata la citt\u00e0 pi\u00f9 linguisticamente diversificata al mondo."},"mensaje-3":{"type":"textfield","raw":"I nostri rappresentanti locali sono disponibili 18 ore al giorno, 7 giorni su 7."},"mensaje-4":{"type":"textfield","raw":""},"mensaje-5":{"type":"textfield","raw":""},"mensaje-6":{"type":"textfield","raw":""}},"single-page-template-fields":{"imgs-temp":{"type":"image","raw":["https:\/\/static.trustedtranslations.com\/wp-content\/uploads\/2024\/05\/ny-final-2.webp"],"repeatable":[{"raw":"https:\/\/static.trustedtranslations.com\/wp-content\/uploads\/2024\/05\/ny-final-2.webp"}]},"imgs-temp-cel":{"type":"image","raw":[""],"repeatable":[{"raw":""}]},"img-temp-one-cel":{"type":"image","raw":"https:\/\/static.trustedtranslations.com\/wp-content\/uploads\/2024\/05\/ny-final-1-1-e1702998557540.webp","attachment_id":null},"quotes":{"type":"textarea","raw":"<h1 style=\"margin-bottom:12px\">Servizi di traduzione a New York<\/h1>\r\n<p>\r\n    <a style=\"color: #2a2a2a; text-decoration: none;\" href=\"https:\/\/goo.gl\/maps\/3sk7ZTfC25kM7CVEA\"><i class=\"fa fa-map-pin\"><\/i> 445 Park Avenue, 9th Floor\r\n        New York, NY, 10022,\r\n        United States<\/a>\r\n    <a style=\"color: #2a2a2a; text-decoration: none;\" href=\"tel:+19174709130\"><i class=\"fa fa-phone\"><\/i> +1 (917) 470-9130<\/a>\r\n    <a style=\"color: #2a2a2a; text-decoration: none;\" href=\"mailto:newyork@trustedtranslations.com\"><i class=\"fa fa-envelope\"><\/i>newyork@trustedtranslations.com<\/a>\r\n<\/p>\r\n<div style=\"margin-top: 2.5vw;\"><a class=\"tt-btn-main-cta\" href=\"#tree-form\">Richiedi un preventivo gratuito<\/a><\/div>"},"text-1":{"type":"textarea","raw":"<h2>Mappa della filiale di New York<\/h2>"},"shortcode-map":{"type":"textfield","raw":"[mostrar_mapa url=\"https:\/\/www.google.com\/maps\/embed?pb=!1m18!1m12!1m3!1d3022.0426312271056!2d-73.97275414891463!3d40.76108707922515!2m3!1f0!2f0!3f0!3m2!1i1024!2i768!4f13.1!3m3!1m2!1s0x89c258e52f3aa7bf%3A0xf16a6ddd28a753ec!2s445+Park+Ave+9th+Floor%2C+New+York%2C+NY+10022%2C+EE.+UU.!5e0!3m2!1ses-419!2sar!4v1532979261487\" width=\"600px\" height=\"450px\"]"},"dyk-shortcode":{"type":"textfield","raw":"[elementor-template id=\"146751\"]"},"text-2":{"type":"textarea","raw":"<h2>Servizi di traduzione professionale a New York City<\/h2>\r\n<img class=\"wp-image-140024 alignright\" src=\"https:\/\/www.trustedtranslations.com\/wp-content\/uploads\/2022\/03\/trusted-translations-new-york-1-300x170.png\" alt=\"\" width=\"450\" height=\"255\" \/>\r\n\r\nNew York City ospita molte aziende Fortune 500 e <a href=\"https:\/\/www.trustedtranslations.com\/it\/industrie\/business\">grandi multinazionali<\/a>, con una scena imprenditoriale particolarmente fiorente nei settori <a href=\"https:\/\/www.trustedtranslations.com\/it\/industrie\/settore-finanziario\">finanziario<\/a> e <a href=\"https:\/\/www.trustedtranslations.com\/it\/industrie\/giuridiche\">legale<\/a>. In qualit\u00e0 di fornitore di servizi linguistici di lunga data nell\u2019area metropolitana di New York, <strong><em>Trusted Translations<\/em><\/strong> ha fornito traduzioni di alta qualit\u00e0 a numerose organizzazioni come Cayuga Centers, The Institute for Family Health, National Hemophilia Foundation, Fletcher Recovery Group e molte altre.\r\n\r\nLa nostra combinazione di conoscenze aziendali e locali ci consente di fornire traduzioni che affrontano perfettamente la natura multiculturale e poliglotta di New York City. Oltre il 35% della popolazione di New York \u00e8 nato all\u2019estero e nell\u2019area si parlano <a href=\"https:\/\/www.trustedtranslations.com\/it\/lingua\/multilingue\">oltre 150 lingue<\/a>. I madrelingua <a href=\"https:\/\/www.trustedtranslations.com\/it\/lingua\/spagnolo\">spagnoli<\/a> hanno una presenza particolarmente notevole, con forti <a href=\"https:\/\/www.trustedtranslations.com\/it\/lingua\/spagnolo\/caratteristiche\/spagnolo-americano\">influenze<\/a> portoricane, messicane e dominicane che devono essere prese in considerazione nelle traduzioni. New York presenta anche alcune delle maggiori concentrazioni al mondo di persone che parlano <a href=\"https:\/\/www.trustedtranslations.com\/it\/lingua\/cinese\">cinese<\/a>, <a href=\"https:\/\/www.trustedtranslations.com\/it\/lingua\/russo\">russo<\/a> e yiddish, nonch\u00e9 un settore turistico in forte espansione con milioni di visitatori ogni anno provenienti da tutto il mondo.\r\n<h2 style=\"margin-bottom:20px\">Informazioni su New York<\/h2>\r\nNew York, la pi\u00f9 grande area metropolitana degli Stati Uniti, \u00e8 anche considerata il pi\u00f9 potente centro economico del paese. Nota anche come la \u201cGrande Mela\u201d, New York City \u00e8 l\u2019epicentro dell\u2019attivit\u00e0 finanziaria mondiale, nonch\u00e9 centro di rilievo per una miriade di altri importanti settori tra cui moda, ricerca, istruzione, servizi legali e intrattenimento. In quanto sede delle Nazioni Unite, la citt\u00e0 \u00e8 un attore fondamentale negli affari e nella politica di governo internazionale."},"state":{"type":"textfield","raw":""},"city":{"type":"textarea","raw":[""]}}},"_links":{"self":[{"href":"https:\/\/www.trustedtranslations.com\/it\/wp-json\/wp\/v2\/pages\/123155","targetHints":{"allow":["GET"]}}],"collection":[{"href":"https:\/\/www.trustedtranslations.com\/it\/wp-json\/wp\/v2\/pages"}],"about":[{"href":"https:\/\/www.trustedtranslations.com\/it\/wp-json\/wp\/v2\/types\/page"}],"author":[{"embeddable":true,"href":"https:\/\/www.trustedtranslations.com\/it\/wp-json\/wp\/v2\/users\/1"}],"replies":[{"embeddable":true,"href":"https:\/\/www.trustedtranslations.com\/it\/wp-json\/wp\/v2\/comments?post=123155"}],"version-history":[{"count":0,"href":"https:\/\/www.trustedtranslations.com\/it\/wp-json\/wp\/v2\/pages\/123155\/revisions"}],"up":[{"embeddable":true,"href":"https:\/\/www.trustedtranslations.com\/it\/wp-json\/wp\/v2\/pages\/123250"}],"wp:featuredmedia":[{"embeddable":true,"href":"https:\/\/www.trustedtranslations.com\/it\/wp-json\/wp\/v2\/media\/256744"}],"wp:attachment":[{"href":"https:\/\/www.trustedtranslations.com\/it\/wp-json\/wp\/v2\/media?parent=123155"}],"curies":[{"name":"wp","href":"https:\/\/api.w.org\/{rel}","templated":true}]}}