{"id":123168,"date":"2020-01-21T12:51:12","date_gmt":"2020-01-21T12:51:12","guid":{"rendered":"https:\/\/www.trustedtranslations.com\/?page_id=123168"},"modified":"2024-09-02T17:17:30","modified_gmt":"2024-09-02T20:17:30","slug":"asl","status":"publish","type":"page","link":"https:\/\/www.trustedtranslations.com\/it\/servizi\/interpretariato-in-loco\/asl","title":{"rendered":"ASL"},"content":{"rendered":"","protected":false},"excerpt":{"rendered":"","protected":false},"author":1,"featured_media":177437,"parent":123301,"menu_order":0,"comment_status":"closed","ping_status":"closed","template":"","meta":{"site-sidebar-layout":"default","site-content-layout":"default","ast-site-content-layout":"default","site-content-style":"default","site-sidebar-style":"default","ast-global-header-display":"","ast-banner-title-visibility":"","ast-main-header-display":"","ast-hfb-above-header-display":"","ast-hfb-below-header-display":"","ast-hfb-mobile-header-display":"","site-post-title":"disabled","ast-breadcrumbs-content":"","ast-featured-img":"","footer-sml-layout":"","ast-disable-related-posts":"","theme-transparent-header-meta":"default","adv-header-id-meta":"","stick-header-meta":"","header-above-stick-meta":"","header-main-stick-meta":"","header-below-stick-meta":"","astra-migrate-meta-layouts":"set","ast-page-background-enabled":"default","ast-page-background-meta":{"desktop":{"background-color":"var(--ast-global-color-4)","background-image":"","background-repeat":"repeat","background-position":"center center","background-size":"auto","background-attachment":"scroll","background-type":"","background-media":"","overlay-type":"","overlay-color":"","overlay-opacity":"","overlay-gradient":""},"tablet":{"background-color":"","background-image":"","background-repeat":"repeat","background-position":"center center","background-size":"auto","background-attachment":"scroll","background-type":"","background-media":"","overlay-type":"","overlay-color":"","overlay-opacity":"","overlay-gradient":""},"mobile":{"background-color":"","background-image":"","background-repeat":"repeat","background-position":"center center","background-size":"auto","background-attachment":"scroll","background-type":"","background-media":"","overlay-type":"","overlay-color":"","overlay-opacity":"","overlay-gradient":""}},"ast-content-background-meta":{"desktop":{"background-color":"var(--ast-global-color-5)","background-image":"","background-repeat":"repeat","background-position":"center center","background-size":"auto","background-attachment":"scroll","background-type":"","background-media":"","overlay-type":"","overlay-color":"","overlay-opacity":"","overlay-gradient":""},"tablet":{"background-color":"var(--ast-global-color-5)","background-image":"","background-repeat":"repeat","background-position":"center center","background-size":"auto","background-attachment":"scroll","background-type":"","background-media":"","overlay-type":"","overlay-color":"","overlay-opacity":"","overlay-gradient":""},"mobile":{"background-color":"var(--ast-global-color-5)","background-image":"","background-repeat":"repeat","background-position":"center center","background-size":"auto","background-attachment":"scroll","background-type":"","background-media":"","overlay-type":"","overlay-color":"","overlay-opacity":"","overlay-gradient":""}},"footnotes":""},"class_list":["post-123168","page","type-page","status-publish","has-post-thumbnail","hentry"],"yoast_head":"<!-- This site is optimized with the Yoast SEO plugin v27.6 - https:\/\/yoast.com\/product\/yoast-seo-wordpress\/ -->\n<title>Servizi di interpretariato in ASL e lingua dei segni - Trusted Translations, Inc.<\/title>\n<meta name=\"description\" content=\"Trusted Translations \u00e8 leader nei servizi di interpretazione della lingua dei segni americana (ASL) e della lingua dei segni. Contattateci per un preventivo gratuito per traduzioni in ASL o lingua dei segni.\" \/>\n<meta name=\"robots\" content=\"index, follow, max-snippet:-1, max-image-preview:large, max-video-preview:-1\" \/>\n<link rel=\"canonical\" href=\"https:\/\/www.trustedtranslations.com\/it\/servizi\/interpretariato-in-loco\/asl\" \/>\n<meta property=\"og:locale\" content=\"it_IT\" \/>\n<meta property=\"og:type\" content=\"article\" \/>\n<meta property=\"og:title\" content=\"Servizi di interpretariato in ASL e lingua dei segni - Trusted Translations, Inc.\" \/>\n<meta property=\"og:description\" content=\"Trusted Translations \u00e8 leader nei servizi di interpretazione della lingua dei segni americana (ASL) e della lingua dei segni. Contattateci per un preventivo gratuito per traduzioni in ASL o lingua dei segni.\" \/>\n<meta property=\"og:url\" content=\"https:\/\/www.trustedtranslations.com\/it\/servizi\/interpretariato-in-loco\/asl\" \/>\n<meta property=\"og:site_name\" content=\"Trusted Translations, Inc.\" \/>\n<meta property=\"article:publisher\" content=\"https:\/\/www.facebook.com\/Trusted.Translations\" \/>\n<meta property=\"article:modified_time\" content=\"2024-09-02T20:17:30+00:00\" \/>\n<meta property=\"og:image\" content=\"https:\/\/www.trustedtranslations.com\/wp-content\/uploads\/2022\/06\/tt-logo-2-1.webp\" \/>\n\t<meta property=\"og:image:width\" content=\"216\" \/>\n\t<meta property=\"og:image:height\" content=\"94\" \/>\n\t<meta property=\"og:image:type\" content=\"image\/webp\" \/>\n<meta name=\"twitter:card\" content=\"summary_large_image\" \/>\n<meta name=\"twitter:site\" content=\"@TrustedT9ns\" \/>\n<script type=\"application\/ld+json\" class=\"yoast-schema-graph\">{\"@context\":\"https:\\\/\\\/schema.org\",\"@graph\":[{\"@type\":\"WebPage\",\"@id\":\"https:\\\/\\\/www.trustedtranslations.com\\\/it\\\/servizi\\\/interpretariato-in-loco\\\/asl\",\"url\":\"https:\\\/\\\/www.trustedtranslations.com\\\/it\\\/servizi\\\/interpretariato-in-loco\\\/asl\",\"name\":\"Servizi di interpretariato in ASL e lingua dei segni - Trusted Translations, Inc.\",\"isPartOf\":{\"@id\":\"https:\\\/\\\/www.trustedtranslations.com\\\/it\\\/#website\"},\"primaryImageOfPage\":{\"@id\":\"https:\\\/\\\/www.trustedtranslations.com\\\/it\\\/servizi\\\/interpretariato-in-loco\\\/asl#primaryimage\"},\"image\":{\"@id\":\"https:\\\/\\\/www.trustedtranslations.com\\\/it\\\/servizi\\\/interpretariato-in-loco\\\/asl#primaryimage\"},\"thumbnailUrl\":\"\",\"description\":\"Trusted Translations \u00e8 leader nei servizi di interpretazione della lingua dei segni americana (ASL) e della lingua dei segni. Contattateci per un preventivo gratuito per traduzioni in ASL o lingua dei segni.\",\"breadcrumb\":{\"@id\":\"https:\\\/\\\/www.trustedtranslations.com\\\/it\\\/servizi\\\/interpretariato-in-loco\\\/asl#breadcrumb\"},\"inLanguage\":\"it-IT\",\"potentialAction\":[{\"@type\":\"ReadAction\",\"target\":[\"https:\\\/\\\/www.trustedtranslations.com\\\/it\\\/servizi\\\/interpretariato-in-loco\\\/asl\"]}]},{\"@type\":\"ImageObject\",\"inLanguage\":\"it-IT\",\"@id\":\"https:\\\/\\\/www.trustedtranslations.com\\\/it\\\/servizi\\\/interpretariato-in-loco\\\/asl#primaryimage\",\"url\":\"\",\"contentUrl\":\"\"},{\"@type\":\"BreadcrumbList\",\"@id\":\"https:\\\/\\\/www.trustedtranslations.com\\\/it\\\/servizi\\\/interpretariato-in-loco\\\/asl#breadcrumb\",\"itemListElement\":[{\"@type\":\"ListItem\",\"position\":1,\"name\":\"Home\",\"item\":\"https:\\\/\\\/www.trustedtranslations.com\\\/it\"},{\"@type\":\"ListItem\",\"position\":2,\"name\":\"Servizi\",\"item\":\"https:\\\/\\\/www.trustedtranslations.com\\\/it\\\/servizi\"},{\"@type\":\"ListItem\",\"position\":3,\"name\":\"Interpretariato in loco\",\"item\":\"https:\\\/\\\/www.trustedtranslations.com\\\/it\\\/servizi\\\/interpretariato-in-loco\"},{\"@type\":\"ListItem\",\"position\":4,\"name\":\"ASL\"}]},{\"@type\":\"WebSite\",\"@id\":\"https:\\\/\\\/www.trustedtranslations.com\\\/it\\\/#website\",\"url\":\"https:\\\/\\\/www.trustedtranslations.com\\\/it\\\/\",\"name\":\"Trusted Translations, Inc.\",\"description\":\"Leader in translation and interpretation services.\",\"publisher\":{\"@id\":\"https:\\\/\\\/www.trustedtranslations.com\\\/it\\\/#organization\"},\"alternateName\":\"Trusted Translations\",\"potentialAction\":[{\"@type\":\"SearchAction\",\"target\":{\"@type\":\"EntryPoint\",\"urlTemplate\":\"https:\\\/\\\/www.trustedtranslations.com\\\/it\\\/?s={search_term_string}\"},\"query-input\":{\"@type\":\"PropertyValueSpecification\",\"valueRequired\":true,\"valueName\":\"search_term_string\"}}],\"inLanguage\":\"it-IT\"},{\"@type\":\"Organization\",\"@id\":\"https:\\\/\\\/www.trustedtranslations.com\\\/it\\\/#organization\",\"name\":\"Trusted Translations\",\"alternateName\":\"Trusted Translations, Inc.\",\"url\":\"https:\\\/\\\/www.trustedtranslations.com\\\/it\\\/\",\"logo\":{\"@type\":\"ImageObject\",\"inLanguage\":\"it-IT\",\"@id\":\"https:\\\/\\\/www.trustedtranslations.com\\\/it\\\/#\\\/schema\\\/logo\\\/image\\\/\",\"url\":\"https:\\\/\\\/static.trustedtranslations.com\\\/wp-content\\\/uploads\\\/2022\\\/01\\\/TT_logo_WSIColors-2.png\",\"contentUrl\":\"https:\\\/\\\/static.trustedtranslations.com\\\/wp-content\\\/uploads\\\/2022\\\/01\\\/TT_logo_WSIColors-2.png\",\"width\":500,\"height\":196,\"caption\":\"Trusted Translations\"},\"image\":{\"@id\":\"https:\\\/\\\/www.trustedtranslations.com\\\/it\\\/#\\\/schema\\\/logo\\\/image\\\/\"},\"sameAs\":[\"https:\\\/\\\/www.facebook.com\\\/Trusted.Translations\",\"https:\\\/\\\/x.com\\\/TrustedT9ns\",\"https:\\\/\\\/www.linkedin.com\\\/company\\\/trusted-translations\"]}]}<\/script>\n<!-- \/ Yoast SEO plugin. -->","yoast_head_json":{"title":"Servizi di interpretariato in ASL e lingua dei segni - Trusted Translations, Inc.","description":"Trusted Translations \u00e8 leader nei servizi di interpretazione della lingua dei segni americana (ASL) e della lingua dei segni. Contattateci per un preventivo gratuito per traduzioni in ASL o lingua dei segni.","robots":{"index":"index","follow":"follow","max-snippet":"max-snippet:-1","max-image-preview":"max-image-preview:large","max-video-preview":"max-video-preview:-1"},"canonical":"https:\/\/www.trustedtranslations.com\/it\/servizi\/interpretariato-in-loco\/asl","og_locale":"it_IT","og_type":"article","og_title":"Servizi di interpretariato in ASL e lingua dei segni - Trusted Translations, Inc.","og_description":"Trusted Translations \u00e8 leader nei servizi di interpretazione della lingua dei segni americana (ASL) e della lingua dei segni. Contattateci per un preventivo gratuito per traduzioni in ASL o lingua dei segni.","og_url":"https:\/\/www.trustedtranslations.com\/it\/servizi\/interpretariato-in-loco\/asl","og_site_name":"Trusted Translations, Inc.","article_publisher":"https:\/\/www.facebook.com\/Trusted.Translations","article_modified_time":"2024-09-02T20:17:30+00:00","og_image":[{"width":216,"height":94,"url":"https:\/\/www.trustedtranslations.com\/wp-content\/uploads\/2022\/06\/tt-logo-2-1.webp","type":"image\/webp"}],"twitter_card":"summary_large_image","twitter_site":"@TrustedT9ns","schema":{"@context":"https:\/\/schema.org","@graph":[{"@type":"WebPage","@id":"https:\/\/www.trustedtranslations.com\/it\/servizi\/interpretariato-in-loco\/asl","url":"https:\/\/www.trustedtranslations.com\/it\/servizi\/interpretariato-in-loco\/asl","name":"Servizi di interpretariato in ASL e lingua dei segni - Trusted Translations, Inc.","isPartOf":{"@id":"https:\/\/www.trustedtranslations.com\/it\/#website"},"primaryImageOfPage":{"@id":"https:\/\/www.trustedtranslations.com\/it\/servizi\/interpretariato-in-loco\/asl#primaryimage"},"image":{"@id":"https:\/\/www.trustedtranslations.com\/it\/servizi\/interpretariato-in-loco\/asl#primaryimage"},"thumbnailUrl":"","description":"Trusted Translations \u00e8 leader nei servizi di interpretazione della lingua dei segni americana (ASL) e della lingua dei segni. Contattateci per un preventivo gratuito per traduzioni in ASL o lingua dei segni.","breadcrumb":{"@id":"https:\/\/www.trustedtranslations.com\/it\/servizi\/interpretariato-in-loco\/asl#breadcrumb"},"inLanguage":"it-IT","potentialAction":[{"@type":"ReadAction","target":["https:\/\/www.trustedtranslations.com\/it\/servizi\/interpretariato-in-loco\/asl"]}]},{"@type":"ImageObject","inLanguage":"it-IT","@id":"https:\/\/www.trustedtranslations.com\/it\/servizi\/interpretariato-in-loco\/asl#primaryimage","url":"","contentUrl":""},{"@type":"BreadcrumbList","@id":"https:\/\/www.trustedtranslations.com\/it\/servizi\/interpretariato-in-loco\/asl#breadcrumb","itemListElement":[{"@type":"ListItem","position":1,"name":"Home","item":"https:\/\/www.trustedtranslations.com\/it"},{"@type":"ListItem","position":2,"name":"Servizi","item":"https:\/\/www.trustedtranslations.com\/it\/servizi"},{"@type":"ListItem","position":3,"name":"Interpretariato in loco","item":"https:\/\/www.trustedtranslations.com\/it\/servizi\/interpretariato-in-loco"},{"@type":"ListItem","position":4,"name":"ASL"}]},{"@type":"WebSite","@id":"https:\/\/www.trustedtranslations.com\/it\/#website","url":"https:\/\/www.trustedtranslations.com\/it\/","name":"Trusted Translations, Inc.","description":"Leader in translation and interpretation services.","publisher":{"@id":"https:\/\/www.trustedtranslations.com\/it\/#organization"},"alternateName":"Trusted Translations","potentialAction":[{"@type":"SearchAction","target":{"@type":"EntryPoint","urlTemplate":"https:\/\/www.trustedtranslations.com\/it\/?s={search_term_string}"},"query-input":{"@type":"PropertyValueSpecification","valueRequired":true,"valueName":"search_term_string"}}],"inLanguage":"it-IT"},{"@type":"Organization","@id":"https:\/\/www.trustedtranslations.com\/it\/#organization","name":"Trusted Translations","alternateName":"Trusted Translations, Inc.","url":"https:\/\/www.trustedtranslations.com\/it\/","logo":{"@type":"ImageObject","inLanguage":"it-IT","@id":"https:\/\/www.trustedtranslations.com\/it\/#\/schema\/logo\/image\/","url":"https:\/\/static.trustedtranslations.com\/wp-content\/uploads\/2022\/01\/TT_logo_WSIColors-2.png","contentUrl":"https:\/\/static.trustedtranslations.com\/wp-content\/uploads\/2022\/01\/TT_logo_WSIColors-2.png","width":500,"height":196,"caption":"Trusted Translations"},"image":{"@id":"https:\/\/www.trustedtranslations.com\/it\/#\/schema\/logo\/image\/"},"sameAs":["https:\/\/www.facebook.com\/Trusted.Translations","https:\/\/x.com\/TrustedT9ns","https:\/\/www.linkedin.com\/company\/trusted-translations"]}]}},"toolset-meta":{"dyk":{"mensaje-1":{"type":"textfield","raw":"Offriamo una consulenza gratuita per determinare i servizi ASL che meglio rispondono alle vostre esigenze."},"mensaje-2":{"type":"textfield","raw":"Possiamo anche fornire servizi di post-produzione completi, inclusi doppiaggio e sottotitolaggio."},"mensaje-3":{"type":"textfield","raw":""},"mensaje-4":{"type":"textfield","raw":"Almeno mezzo milione di persone negli Stati Uniti usa la lingua dei segni come mezzo di comunicazione principale."},"mensaje-5":{"type":"textfield","raw":""},"mensaje-6":{"type":"textfield","raw":""}},"single-page-template-fields":{"imgs-temp":{"type":"image","raw":["https:\/\/static.trustedtranslations.com\/wp-content\/uploads\/2024\/07\/services-final-4-1.webp"],"repeatable":[{"raw":"https:\/\/static.trustedtranslations.com\/wp-content\/uploads\/2024\/07\/services-final-4-1.webp"}]},"imgs-temp-cel":{"type":"image","raw":[""],"repeatable":[{"raw":""}]},"img-temp-one-cel":{"type":"image","raw":"https:\/\/static.trustedtranslations.com\/wp-content\/uploads\/2024\/07\/AdobeStock_381182014-3-1.webp","attachment_id":null},"quotes":{"type":"textarea","raw":"<h1 style=\"margin-bottom: 12px;\">Servizi di interpretariato in ASL e lingua dei segni<\/h1>\r\n<em>Trusted Translations<\/em> dispone di una divisione specializzata che si concentra sulla lingua dei segni americana (ASL) e sui servizi di interpretariato nella lingua dei segni. La nostra divisione ASL e lingua dei segni \u00e8 esperta nelle sfumature speciali associate alla fornitura di questo prezioso servizio e lavoriamo a stretto contatto con ciascun cliente per garantirne la completa soddisfazione.\r\n<div style=\"margin-top: 2.5vw;\"><a class=\"tt-btn-main-cta\" href=\"https:\/\/www.trustedtranslations.com\/it\/quote\">Richiedi un preventivo gratuito<\/a><\/div>"},"text-1":{"type":"textarea","raw":"<h2>Servizi di interpretariato professionale in ASL e lingua dei segni<\/h2>\r\nAderiamo ai pi\u00f9 elevati standard del settore per la fornitura di servizi ASL e lingua dei segni. Che richiediate servizi di interpretariato ASL in consecutiva o in simultanea o altri servizi di interpretariato nella lingua dei segni, vi forniremo una soluzione professionale, di alta qualit\u00e0 e conveniente.\r\n<h2>Cos\u2019\u00e8 l\u2019ASL?<\/h2>\r\nASL \u00e8 l\u2019abbreviazione di American Sign Language, un linguaggio in cui si comunica attraverso l\u2019uso di gesti delle mani accompagnati da espressioni facciali, movimenti del corpo e linguaggio del corpo in generale. L\u2019ASL \u00e8 la lingua principale delle comunit\u00e0 di non udenti e ipoudenti negli Stati Uniti, nelle regioni di lingua inglese del Canada e in alcune parti del Messico. Proprio come molte lingue parlate, l\u2019ASL include varianti regionali negli Stati Uniti e in Canada.\r\n<em>Trusted Translations<\/em> conosce bene i dettagli della lingua dei segni americana. I nostri interpreti ASL certificati sono pronti a gestire le vostre esigenze di interpretariato ASL in modo efficace, con la ricchezza di conoscenze ed esperienze necessarie per fornire interpretazioni accurate e affidabili.\r\n<h2>La differenza tra ASL e Signed English<\/h2>\r\nNonostante la confusione generale in materia, ASL e Signed English non sono la stessa lingua. Il Signed English (SEE) \u00e8 un sistema di comunicazione che cerca di seguire esattamente la grammatica della lingua inglese, abbinando ogni parola di una frase pronunciata a un segno. L\u2019ASL, d\u2019altra parte, \u00e8 un linguaggio unico a s\u00e9 stante, con grammatica e sintassi proprie. Questa differenza cruciale \u00e8 evidente nell\u2019ordine delle parole e nella struttura della frase delle due lingue.\r\nUna tipica frase in ASL sarebbe grammaticalmente errata se tradotta in inglese e l\u2019ASL \u00e8 ampiamente preferita dagli adulti sordi negli Stati Uniti. La forte padronanza dell\u2019ASL e dell\u2019inglese da parte dei nostri interpreti garantisce di poter contare su un\u2019interpretazione di qualit\u00e0."},"shortcode-map":{"type":"textfield","raw":""},"dyk-shortcode":{"type":"textfield","raw":"[elementor-template id=\"146751\"]"},"text-2":{"type":"textarea","raw":"<h2>Servizi di interpretariato trilingue ASL<\/h2>\r\nNell\u2019ambiente globalizzato odierno i servizi di interpretariato trilingue ASL stanno diventando sempre pi\u00f9 importanti. L\u2019interpretariato trilingue comporta l\u2019interpretazione dell\u2019ASL da e verso pi\u00f9 di una lingua parlata. In altre parole, l\u2019interprete parla correntemente l\u2019ASL e pi\u00f9 di una lingua parlata. Questo servizio \u00e8 particolarmente diffuso nelle aree con alto tasso di popolazione di lingua spagnola, dove disporre di due interpreti ASL separati (uno per l\u2019inglese e uno per lo spagnolo) non \u00e8 conveniente o efficace dal punto di vista dei costi.\r\n<h2>Tariffe e prezzi dell\u2019interpretariato ASL<\/h2>\r\nNoi di <em>Trusted Translations<\/em> forniamo servizi in ASL e lingua dei segni a prezzi competitivi, pur mantenendo il livello di qualit\u00e0 che i clienti si aspettano.\r\n\r\nI servizi ASL sono normalmente tariffati all\u2019ora per interprete, con un numero minimo di ore di assegnazione al giorno. Date le esigenze fisiche legate allo svolgimento dei servizi ASL e di lingua dei segni, \u00e8 spesso necessario lavorare in team di due persone per consentire a ciascun interprete di riposare. Disporre di team per sessioni intense o pi\u00f9 lunghe non solo garantisce un\u2019interpretazione di qualit\u00e0 superiore, ma pu\u00f2 anche essere necessario per garantire il benessere dell\u2019interprete.\r\n\r\nNoi di <em>Trusted Translations<\/em> bilanciamo la necessit\u00e0 di fornire prezzi competitivi con la qualit\u00e0 dell\u2019interpretazione e la salute dei nostri interpreti. I nostri esperti possono fornirvi una consulenza gratuita per valutare se per il progetto sar\u00e0 necessario pi\u00f9 di un interprete ASL o di lingua dei segni. Vi preghiamo di contattarci oggi stesso se avete domande sulla procedura ASL o desiderate un preventivo gratuito per servizi ASL o lingua dei segni."},"state":{"type":"textfield","raw":""},"city":{"type":"textarea","raw":[]}}},"_links":{"self":[{"href":"https:\/\/www.trustedtranslations.com\/it\/wp-json\/wp\/v2\/pages\/123168","targetHints":{"allow":["GET"]}}],"collection":[{"href":"https:\/\/www.trustedtranslations.com\/it\/wp-json\/wp\/v2\/pages"}],"about":[{"href":"https:\/\/www.trustedtranslations.com\/it\/wp-json\/wp\/v2\/types\/page"}],"author":[{"embeddable":true,"href":"https:\/\/www.trustedtranslations.com\/it\/wp-json\/wp\/v2\/users\/1"}],"replies":[{"embeddable":true,"href":"https:\/\/www.trustedtranslations.com\/it\/wp-json\/wp\/v2\/comments?post=123168"}],"version-history":[{"count":0,"href":"https:\/\/www.trustedtranslations.com\/it\/wp-json\/wp\/v2\/pages\/123168\/revisions"}],"up":[{"embeddable":true,"href":"https:\/\/www.trustedtranslations.com\/it\/wp-json\/wp\/v2\/pages\/123301"}],"wp:featuredmedia":[{"embeddable":true,"href":"https:\/\/www.trustedtranslations.com\/it\/wp-json\/"}],"wp:attachment":[{"href":"https:\/\/www.trustedtranslations.com\/it\/wp-json\/wp\/v2\/media?parent=123168"}],"curies":[{"name":"wp","href":"https:\/\/api.w.org\/{rel}","templated":true}]}}