{"id":123170,"date":"2020-01-21T12:50:37","date_gmt":"2020-01-21T12:50:37","guid":{"rendered":"https:\/\/www.trustedtranslations.com\/?page_id=123170"},"modified":"2025-11-21T14:37:11","modified_gmt":"2025-11-21T17:37:11","slug":"chicago","status":"publish","type":"page","link":"https:\/\/www.trustedtranslations.com\/it\/chi-siamo\/contatti\/chicago","title":{"rendered":"Chicago"},"content":{"rendered":"","protected":false},"excerpt":{"rendered":"","protected":false},"author":1,"featured_media":0,"parent":123250,"menu_order":0,"comment_status":"closed","ping_status":"closed","template":"","meta":{"site-sidebar-layout":"default","site-content-layout":"default","ast-site-content-layout":"default","site-content-style":"default","site-sidebar-style":"default","ast-global-header-display":"","ast-banner-title-visibility":"","ast-main-header-display":"","ast-hfb-above-header-display":"","ast-hfb-below-header-display":"","ast-hfb-mobile-header-display":"","site-post-title":"disabled","ast-breadcrumbs-content":"","ast-featured-img":"","footer-sml-layout":"","ast-disable-related-posts":"","theme-transparent-header-meta":"default","adv-header-id-meta":"","stick-header-meta":"","header-above-stick-meta":"","header-main-stick-meta":"","header-below-stick-meta":"","astra-migrate-meta-layouts":"set","ast-page-background-enabled":"default","ast-page-background-meta":{"desktop":{"background-color":"var(--ast-global-color-4)","background-image":"","background-repeat":"repeat","background-position":"center center","background-size":"auto","background-attachment":"scroll","background-type":"","background-media":"","overlay-type":"","overlay-color":"","overlay-opacity":"","overlay-gradient":""},"tablet":{"background-color":"","background-image":"","background-repeat":"repeat","background-position":"center center","background-size":"auto","background-attachment":"scroll","background-type":"","background-media":"","overlay-type":"","overlay-color":"","overlay-opacity":"","overlay-gradient":""},"mobile":{"background-color":"","background-image":"","background-repeat":"repeat","background-position":"center center","background-size":"auto","background-attachment":"scroll","background-type":"","background-media":"","overlay-type":"","overlay-color":"","overlay-opacity":"","overlay-gradient":""}},"ast-content-background-meta":{"desktop":{"background-color":"var(--ast-global-color-5)","background-image":"","background-repeat":"repeat","background-position":"center center","background-size":"auto","background-attachment":"scroll","background-type":"","background-media":"","overlay-type":"","overlay-color":"","overlay-opacity":"","overlay-gradient":""},"tablet":{"background-color":"var(--ast-global-color-5)","background-image":"","background-repeat":"repeat","background-position":"center center","background-size":"auto","background-attachment":"scroll","background-type":"","background-media":"","overlay-type":"","overlay-color":"","overlay-opacity":"","overlay-gradient":""},"mobile":{"background-color":"var(--ast-global-color-5)","background-image":"","background-repeat":"repeat","background-position":"center center","background-size":"auto","background-attachment":"scroll","background-type":"","background-media":"","overlay-type":"","overlay-color":"","overlay-opacity":"","overlay-gradient":""}},"footnotes":""},"class_list":["post-123170","page","type-page","status-publish","hentry"],"yoast_head":"<!-- This site is optimized with the Yoast SEO plugin v27.5 - https:\/\/yoast.com\/product\/yoast-seo-wordpress\/ -->\n<title>Servizi di traduzione a Chicago - Azienda di traduzione leader in Illinois - Trusted Translations, Inc.<\/title>\n<meta name=\"description\" content=\"Trusted Translations, Inc. Chicago, Illinois. Servizi di traduzione di comprovata qualit\u00e0 alle migliori tariffe. Richiedi un preventivo o una consulenza gratuita. Contattaci oggi stesso.\" \/>\n<meta name=\"robots\" content=\"index, follow, max-snippet:-1, max-image-preview:large, max-video-preview:-1\" \/>\n<link rel=\"canonical\" href=\"https:\/\/www.trustedtranslations.com\/it\/chi-siamo\/contatti\/chicago\" \/>\n<meta property=\"og:locale\" content=\"it_IT\" \/>\n<meta property=\"og:type\" content=\"article\" \/>\n<meta property=\"og:title\" content=\"Servizi di traduzione a Chicago - Azienda di traduzione leader in Illinois - Trusted Translations, Inc.\" \/>\n<meta property=\"og:description\" content=\"Trusted Translations, Inc. Chicago, Illinois. Servizi di traduzione di comprovata qualit\u00e0 alle migliori tariffe. Richiedi un preventivo o una consulenza gratuita. Contattaci oggi stesso.\" \/>\n<meta property=\"og:url\" content=\"https:\/\/www.trustedtranslations.com\/it\/chi-siamo\/contatti\/chicago\" \/>\n<meta property=\"og:site_name\" content=\"Trusted Translations, Inc.\" \/>\n<meta property=\"article:publisher\" content=\"https:\/\/www.facebook.com\/Trusted.Translations\" \/>\n<meta property=\"article:modified_time\" content=\"2025-11-21T17:37:11+00:00\" \/>\n<meta property=\"og:image\" content=\"https:\/\/www.trustedtranslations.com\/wp-content\/uploads\/2022\/06\/tt-logo-2-1.webp\" \/>\n\t<meta property=\"og:image:width\" content=\"216\" \/>\n\t<meta property=\"og:image:height\" content=\"94\" \/>\n\t<meta property=\"og:image:type\" content=\"image\/webp\" \/>\n<meta name=\"twitter:card\" content=\"summary_large_image\" \/>\n<meta name=\"twitter:site\" content=\"@TrustedT9ns\" \/>\n<script type=\"application\/ld+json\" class=\"yoast-schema-graph\">{\"@context\":\"https:\\\/\\\/schema.org\",\"@graph\":[{\"@type\":\"WebPage\",\"@id\":\"https:\\\/\\\/www.trustedtranslations.com\\\/it\\\/chi-siamo\\\/contatti\\\/chicago\",\"url\":\"https:\\\/\\\/www.trustedtranslations.com\\\/it\\\/chi-siamo\\\/contatti\\\/chicago\",\"name\":\"Servizi di traduzione a Chicago - Azienda di traduzione leader in Illinois - Trusted Translations, Inc.\",\"isPartOf\":{\"@id\":\"https:\\\/\\\/www.trustedtranslations.com\\\/it\\\/#website\"},\"description\":\"Trusted Translations, Inc. Chicago, Illinois. Servizi di traduzione di comprovata qualit\u00e0 alle migliori tariffe. Richiedi un preventivo o una consulenza gratuita. Contattaci oggi stesso.\",\"breadcrumb\":{\"@id\":\"https:\\\/\\\/www.trustedtranslations.com\\\/it\\\/chi-siamo\\\/contatti\\\/chicago#breadcrumb\"},\"inLanguage\":\"it-IT\",\"potentialAction\":[{\"@type\":\"ReadAction\",\"target\":[\"https:\\\/\\\/www.trustedtranslations.com\\\/it\\\/chi-siamo\\\/contatti\\\/chicago\"]}]},{\"@type\":\"BreadcrumbList\",\"@id\":\"https:\\\/\\\/www.trustedtranslations.com\\\/it\\\/chi-siamo\\\/contatti\\\/chicago#breadcrumb\",\"itemListElement\":[{\"@type\":\"ListItem\",\"position\":1,\"name\":\"Home\",\"item\":\"https:\\\/\\\/www.trustedtranslations.com\\\/it\"},{\"@type\":\"ListItem\",\"position\":2,\"name\":\"Chi siamo\",\"item\":\"https:\\\/\\\/www.trustedtranslations.com\\\/it\\\/chi-siamo\"},{\"@type\":\"ListItem\",\"position\":3,\"name\":\"Contatti\",\"item\":\"https:\\\/\\\/www.trustedtranslations.com\\\/it\\\/chi-siamo\\\/contatti\"},{\"@type\":\"ListItem\",\"position\":4,\"name\":\"Chicago\"}]},{\"@type\":\"WebSite\",\"@id\":\"https:\\\/\\\/www.trustedtranslations.com\\\/it\\\/#website\",\"url\":\"https:\\\/\\\/www.trustedtranslations.com\\\/it\\\/\",\"name\":\"Trusted Translations, Inc.\",\"description\":\"Leader in translation and interpretation services.\",\"publisher\":{\"@id\":\"https:\\\/\\\/www.trustedtranslations.com\\\/it\\\/#organization\"},\"alternateName\":\"Trusted Translations\",\"potentialAction\":[{\"@type\":\"SearchAction\",\"target\":{\"@type\":\"EntryPoint\",\"urlTemplate\":\"https:\\\/\\\/www.trustedtranslations.com\\\/it\\\/?s={search_term_string}\"},\"query-input\":{\"@type\":\"PropertyValueSpecification\",\"valueRequired\":true,\"valueName\":\"search_term_string\"}}],\"inLanguage\":\"it-IT\"},{\"@type\":\"Organization\",\"@id\":\"https:\\\/\\\/www.trustedtranslations.com\\\/it\\\/#organization\",\"name\":\"Trusted Translations\",\"alternateName\":\"Trusted Translations, Inc.\",\"url\":\"https:\\\/\\\/www.trustedtranslations.com\\\/it\\\/\",\"logo\":{\"@type\":\"ImageObject\",\"inLanguage\":\"it-IT\",\"@id\":\"https:\\\/\\\/www.trustedtranslations.com\\\/it\\\/#\\\/schema\\\/logo\\\/image\\\/\",\"url\":\"https:\\\/\\\/static.trustedtranslations.com\\\/wp-content\\\/uploads\\\/2022\\\/01\\\/TT_logo_WSIColors-2.png\",\"contentUrl\":\"https:\\\/\\\/static.trustedtranslations.com\\\/wp-content\\\/uploads\\\/2022\\\/01\\\/TT_logo_WSIColors-2.png\",\"width\":500,\"height\":196,\"caption\":\"Trusted Translations\"},\"image\":{\"@id\":\"https:\\\/\\\/www.trustedtranslations.com\\\/it\\\/#\\\/schema\\\/logo\\\/image\\\/\"},\"sameAs\":[\"https:\\\/\\\/www.facebook.com\\\/Trusted.Translations\",\"https:\\\/\\\/x.com\\\/TrustedT9ns\",\"https:\\\/\\\/www.linkedin.com\\\/company\\\/trusted-translations\"]}]}<\/script>\n<!-- \/ Yoast SEO plugin. -->","yoast_head_json":{"title":"Servizi di traduzione a Chicago - Azienda di traduzione leader in Illinois - Trusted Translations, Inc.","description":"Trusted Translations, Inc. Chicago, Illinois. Servizi di traduzione di comprovata qualit\u00e0 alle migliori tariffe. Richiedi un preventivo o una consulenza gratuita. Contattaci oggi stesso.","robots":{"index":"index","follow":"follow","max-snippet":"max-snippet:-1","max-image-preview":"max-image-preview:large","max-video-preview":"max-video-preview:-1"},"canonical":"https:\/\/www.trustedtranslations.com\/it\/chi-siamo\/contatti\/chicago","og_locale":"it_IT","og_type":"article","og_title":"Servizi di traduzione a Chicago - Azienda di traduzione leader in Illinois - Trusted Translations, Inc.","og_description":"Trusted Translations, Inc. Chicago, Illinois. Servizi di traduzione di comprovata qualit\u00e0 alle migliori tariffe. Richiedi un preventivo o una consulenza gratuita. Contattaci oggi stesso.","og_url":"https:\/\/www.trustedtranslations.com\/it\/chi-siamo\/contatti\/chicago","og_site_name":"Trusted Translations, Inc.","article_publisher":"https:\/\/www.facebook.com\/Trusted.Translations","article_modified_time":"2025-11-21T17:37:11+00:00","og_image":[{"width":216,"height":94,"url":"https:\/\/www.trustedtranslations.com\/wp-content\/uploads\/2022\/06\/tt-logo-2-1.webp","type":"image\/webp"}],"twitter_card":"summary_large_image","twitter_site":"@TrustedT9ns","schema":{"@context":"https:\/\/schema.org","@graph":[{"@type":"WebPage","@id":"https:\/\/www.trustedtranslations.com\/it\/chi-siamo\/contatti\/chicago","url":"https:\/\/www.trustedtranslations.com\/it\/chi-siamo\/contatti\/chicago","name":"Servizi di traduzione a Chicago - Azienda di traduzione leader in Illinois - Trusted Translations, Inc.","isPartOf":{"@id":"https:\/\/www.trustedtranslations.com\/it\/#website"},"description":"Trusted Translations, Inc. Chicago, Illinois. Servizi di traduzione di comprovata qualit\u00e0 alle migliori tariffe. Richiedi un preventivo o una consulenza gratuita. Contattaci oggi stesso.","breadcrumb":{"@id":"https:\/\/www.trustedtranslations.com\/it\/chi-siamo\/contatti\/chicago#breadcrumb"},"inLanguage":"it-IT","potentialAction":[{"@type":"ReadAction","target":["https:\/\/www.trustedtranslations.com\/it\/chi-siamo\/contatti\/chicago"]}]},{"@type":"BreadcrumbList","@id":"https:\/\/www.trustedtranslations.com\/it\/chi-siamo\/contatti\/chicago#breadcrumb","itemListElement":[{"@type":"ListItem","position":1,"name":"Home","item":"https:\/\/www.trustedtranslations.com\/it"},{"@type":"ListItem","position":2,"name":"Chi siamo","item":"https:\/\/www.trustedtranslations.com\/it\/chi-siamo"},{"@type":"ListItem","position":3,"name":"Contatti","item":"https:\/\/www.trustedtranslations.com\/it\/chi-siamo\/contatti"},{"@type":"ListItem","position":4,"name":"Chicago"}]},{"@type":"WebSite","@id":"https:\/\/www.trustedtranslations.com\/it\/#website","url":"https:\/\/www.trustedtranslations.com\/it\/","name":"Trusted Translations, Inc.","description":"Leader in translation and interpretation services.","publisher":{"@id":"https:\/\/www.trustedtranslations.com\/it\/#organization"},"alternateName":"Trusted Translations","potentialAction":[{"@type":"SearchAction","target":{"@type":"EntryPoint","urlTemplate":"https:\/\/www.trustedtranslations.com\/it\/?s={search_term_string}"},"query-input":{"@type":"PropertyValueSpecification","valueRequired":true,"valueName":"search_term_string"}}],"inLanguage":"it-IT"},{"@type":"Organization","@id":"https:\/\/www.trustedtranslations.com\/it\/#organization","name":"Trusted Translations","alternateName":"Trusted Translations, Inc.","url":"https:\/\/www.trustedtranslations.com\/it\/","logo":{"@type":"ImageObject","inLanguage":"it-IT","@id":"https:\/\/www.trustedtranslations.com\/it\/#\/schema\/logo\/image\/","url":"https:\/\/static.trustedtranslations.com\/wp-content\/uploads\/2022\/01\/TT_logo_WSIColors-2.png","contentUrl":"https:\/\/static.trustedtranslations.com\/wp-content\/uploads\/2022\/01\/TT_logo_WSIColors-2.png","width":500,"height":196,"caption":"Trusted Translations"},"image":{"@id":"https:\/\/www.trustedtranslations.com\/it\/#\/schema\/logo\/image\/"},"sameAs":["https:\/\/www.facebook.com\/Trusted.Translations","https:\/\/x.com\/TrustedT9ns","https:\/\/www.linkedin.com\/company\/trusted-translations"]}]}},"toolset-meta":{"dyk":{"mensaje-1":{"type":"textfield","raw":"Siamo orgogliosi fornitori delle migliori aziende con sede a Chicago, tra cui Accenture e Duracell."},"mensaje-2":{"type":"textfield","raw":"I nostri rappresentanti locali a Chicago sono disponibili 18 ore al giorno, 7 giorni su 7."},"mensaje-3":{"type":"textfield","raw":""},"mensaje-4":{"type":"textfield","raw":"Chicago \u00e8 la seconda citt\u00e0 negli Stati Uniti con il maggior numero di sedi di societ\u00e0 Fortune 500, dopo New York."},"mensaje-5":{"type":"textfield","raw":"A Chicago risiede la terza popolazione ispanica pi\u00f9 ampia degli Stati Uniti."},"mensaje-6":{"type":"textfield","raw":"Forniamo traduzioni alle aziende Fortune 500 a tariffe inferiori del 25 - 50% rispetto al mercato"}},"single-page-template-fields":{"imgs-temp":{"type":"image","raw":["https:\/\/static.trustedtranslations.com\/wp-content\/uploads\/2024\/05\/chicago-final-2.webp"],"repeatable":[{"raw":"https:\/\/static.trustedtranslations.com\/wp-content\/uploads\/2024\/05\/chicago-final-2.webp"}]},"imgs-temp-cel":{"type":"image","raw":[""],"repeatable":[{"raw":""}]},"img-temp-one-cel":{"type":"image","raw":"https:\/\/static.trustedtranslations.com\/wp-content\/uploads\/2024\/05\/chicago-final-1-1.webp","attachment_id":null},"quotes":{"type":"textarea","raw":"<h1 style=\"margin-bottom:12px\">Servizi di traduzione a Chicago<\/h1>\r\n<p>\r\n        <span><i class=\"fa fa-map-pin\"><\/i> 10 South Riverside Plaza #1800\r\n            Chicago, IL, 60606,\r\n            United States<\/span>\r\n    <a style=\"color: #2a2a2a; text-decoration: none;\" href=\"tel: +17733092028 \"><i class=\"fa fa-phone\"><\/i> +1 (773) 309-2028<\/a>\r\n    <a style=\"color: #2a2a2a; text-decoration: none;\" href=\"mailto:chicago@trustedtranslations.com\"><i class=\"fa fa-envelope\"><\/i> chicago@trustedtranslations.com<\/a>\r\n<\/p>\r\n<div style=\"margin-top: 2.5vw;\"><a class=\"tt-btn-main-cta\" href=\"#tree-form\">Richiedi un preventivo gratuito<\/a><\/div>"},"text-1":{"type":"textarea","raw":"<h2>Mappa della filiale di Chicago<\/h2>"},"shortcode-map":{"type":"textfield","raw":"[mostrar_mapa url=\"https:\/\/www.google.com\/maps\/embed?pb=!1m18!1m12!1m3!1d2970.5348810654964!2d-87.64134474888152!3d41.881352579119955!2m3!1f0!2f0!3f0!3m2!1i1024!2i768!4f13.1!3m3!1m2!1s0x880e2cc7460f8c67%3A0xfa839f397e5ba5e3!2s10+S+Riverside+Plaza+%231800%2C+Chicago%2C+IL+60606%2C+EE.+UU.!5e0!3m2!1ses!2sar!4v1535728492512\" width=\"600px\" height=\"450px\"]"},"dyk-shortcode":{"type":"textfield","raw":"[elementor-template id=\"146751\"]"},"text-2":{"type":"textarea","raw":"<h2>Servizi di traduzione professionale a Chicago<\/h2>\r\n<img class=\"alignright wp-image-139929\" src=\"https:\/\/www.trustedtranslations.com\/wp-content\/uploads\/2022\/03\/989_1-300x200.jpg\" alt=\"\" width=\"450\" height=\"300\" \/>\r\nCon un\u2019ampia forza lavoro in ambito scientifico e ingegneristico, Chicago \u00e8 un hub per i progressi tecnologici e <a href=\"https:\/\/www.trustedtranslations.com\/it\/industrie\/business\">l\u2019industria globale<\/a>. In qualit\u00e0 di leader nelle traduzioni <a href=\"https:\/\/www.trustedtranslations.com\/it\/industrie\/tecnica\">tecniche<\/a> e <a href=\"https:\/\/www.trustedtranslations.com\/it\/industrie\/medico\">mediche<\/a>, <em><strong>Trusted Translations<\/strong><\/em> ha lavorato con alcune delle pi\u00f9 grandi organizzazioni multinazionali di Chicago, come GE e Baxter. Abbiamo anche collaborato con centinaia di altre aziende nella Greater Chicago, tra cui Accenture, The Marmon Group, Duracell e Prince Castle. Inoltre, forniamo traduzioni a diversi distretti scolastici di Chicago, come le scuole pubbliche di Joliet, Lake Zurich e l\u2019area di Elgin (U-46).\r\n\r\nAbbiamo esperienza nel soddisfare le esigenze delle imprese locali e nell\u2019adattare le traduzioni per soddisfare al meglio la diversa composizione etnica di Chicago. <a href=\"https:\/\/www.trustedtranslations.com\/it\/lingua\/spagnolo\/traduzione-dallinglese-allo-spagnolo\">Lo spagnolo<\/a> \u00e8 una lingua fondamentale nell\u2019area di Chicago, con gli ispanici che costituiscono quasi un terzo dell'intera popolazione dell\u2019area metropolitana; in particolare, <a href=\"https:\/\/www.trustedtranslations.com\/it\/lingua\/spagnolo\/caratteristiche\/latino-americano-spagnolo\">i madrelingua spagnoli<\/a> di Chicago sono per oltre tre quarti di origine messicana. Con oltre 1,7 milioni di immigrati in citt\u00e0, sono presenti anche ampie popolazioni di madrelingua<a href=\"https:\/\/www.trustedtranslations.com\/it\/lingua\/cinese\"> cinese<\/a>, polacca, <a href=\"https:\/\/www.trustedtranslations.com\/it\/lingua\/arabo\">araba<\/a>, <a href=\"https:\/\/www.trustedtranslations.com\/it\/lingua\/hindi\">hindi<\/a> e <a href=\"https:\/\/www.trustedtranslations.com\/it\/lingua\/urdu\">urdu<\/a>. Persone provenienti da tutto il mondo visitano Chicago, che \u00e8 anche una delle principali destinazioni mondiali per le convention.\r\n<h2 style=\"padding-bottom:20px\">Informazioni sulla citt\u00e0 di Chicago<\/h2>\r\nComunemente conosciuta come la \u201cCitt\u00e0 del vento\u201d, Chicago \u00e8 una delle aree metropolitane pi\u00f9 importanti degli Stati Uniti con la terza popolazione pi\u00f9 numerosa. L\u2019area metropolitana di Chicago \u00e8 tra le prime trenta pi\u00f9 popolose al mondo, con circa dieci milioni di abitanti. Chicago \u00e8 stata nominata quarto centro d\u2019affari pi\u00f9 importante del mondo, con oltre 500 miliardi di dollari di prodotto lordo per l\u2019area metropolitana."},"state":{"type":"textfield","raw":""},"city":{"type":"textarea","raw":[""]}}},"_links":{"self":[{"href":"https:\/\/www.trustedtranslations.com\/it\/wp-json\/wp\/v2\/pages\/123170","targetHints":{"allow":["GET"]}}],"collection":[{"href":"https:\/\/www.trustedtranslations.com\/it\/wp-json\/wp\/v2\/pages"}],"about":[{"href":"https:\/\/www.trustedtranslations.com\/it\/wp-json\/wp\/v2\/types\/page"}],"author":[{"embeddable":true,"href":"https:\/\/www.trustedtranslations.com\/it\/wp-json\/wp\/v2\/users\/1"}],"replies":[{"embeddable":true,"href":"https:\/\/www.trustedtranslations.com\/it\/wp-json\/wp\/v2\/comments?post=123170"}],"version-history":[{"count":0,"href":"https:\/\/www.trustedtranslations.com\/it\/wp-json\/wp\/v2\/pages\/123170\/revisions"}],"up":[{"embeddable":true,"href":"https:\/\/www.trustedtranslations.com\/it\/wp-json\/wp\/v2\/pages\/123250"}],"wp:attachment":[{"href":"https:\/\/www.trustedtranslations.com\/it\/wp-json\/wp\/v2\/media?parent=123170"}],"curies":[{"name":"wp","href":"https:\/\/api.w.org\/{rel}","templated":true}]}}