{"id":123171,"date":"2020-01-21T12:50:27","date_gmt":"2020-01-21T12:50:27","guid":{"rendered":"https:\/\/www.trustedtranslations.com\/?page_id=123171"},"modified":"2025-11-21T12:36:44","modified_gmt":"2025-11-21T15:36:44","slug":"dallas","status":"publish","type":"page","link":"https:\/\/www.trustedtranslations.com\/it\/chi-siamo\/contatti\/dallas","title":{"rendered":"Dallas"},"content":{"rendered":"","protected":false},"excerpt":{"rendered":"","protected":false},"author":1,"featured_media":256577,"parent":123250,"menu_order":0,"comment_status":"closed","ping_status":"closed","template":"","meta":{"site-sidebar-layout":"default","site-content-layout":"default","ast-site-content-layout":"default","site-content-style":"default","site-sidebar-style":"default","ast-global-header-display":"","ast-banner-title-visibility":"","ast-main-header-display":"","ast-hfb-above-header-display":"","ast-hfb-below-header-display":"","ast-hfb-mobile-header-display":"","site-post-title":"disabled","ast-breadcrumbs-content":"","ast-featured-img":"","footer-sml-layout":"","theme-transparent-header-meta":"default","adv-header-id-meta":"","stick-header-meta":"","header-above-stick-meta":"","header-main-stick-meta":"","header-below-stick-meta":"","astra-migrate-meta-layouts":"set","ast-page-background-enabled":"default","ast-page-background-meta":{"desktop":{"background-color":"var(--ast-global-color-4)","background-image":"","background-repeat":"repeat","background-position":"center center","background-size":"auto","background-attachment":"scroll","background-type":"","background-media":"","overlay-type":"","overlay-color":"","overlay-opacity":"","overlay-gradient":""},"tablet":{"background-color":"","background-image":"","background-repeat":"repeat","background-position":"center center","background-size":"auto","background-attachment":"scroll","background-type":"","background-media":"","overlay-type":"","overlay-color":"","overlay-opacity":"","overlay-gradient":""},"mobile":{"background-color":"","background-image":"","background-repeat":"repeat","background-position":"center center","background-size":"auto","background-attachment":"scroll","background-type":"","background-media":"","overlay-type":"","overlay-color":"","overlay-opacity":"","overlay-gradient":""}},"ast-content-background-meta":{"desktop":{"background-color":"var(--ast-global-color-5)","background-image":"","background-repeat":"repeat","background-position":"center center","background-size":"auto","background-attachment":"scroll","background-type":"","background-media":"","overlay-type":"","overlay-color":"","overlay-opacity":"","overlay-gradient":""},"tablet":{"background-color":"var(--ast-global-color-5)","background-image":"","background-repeat":"repeat","background-position":"center center","background-size":"auto","background-attachment":"scroll","background-type":"","background-media":"","overlay-type":"","overlay-color":"","overlay-opacity":"","overlay-gradient":""},"mobile":{"background-color":"var(--ast-global-color-5)","background-image":"","background-repeat":"repeat","background-position":"center center","background-size":"auto","background-attachment":"scroll","background-type":"","background-media":"","overlay-type":"","overlay-color":"","overlay-opacity":"","overlay-gradient":""}},"footnotes":""},"class_list":["post-123171","page","type-page","status-publish","has-post-thumbnail","hentry"],"yoast_head":"<!-- This site is optimized with the Yoast SEO plugin v27.5 - https:\/\/yoast.com\/product\/yoast-seo-wordpress\/ -->\n<title>Servizi di traduzione a Dallas - Azienda leader nel settore delle traduzioni in Texas - Trusted Translations, Inc.<\/title>\n<meta name=\"description\" content=\"Trusted Translations, Inc. Dallas, Texas. Leader nel settore delle traduzioni. Qualit\u00e0 comprovata alle migliori tariffe. Richiedi un preventivo o una consulenza gratuita.\" \/>\n<meta name=\"robots\" content=\"index, follow, max-snippet:-1, max-image-preview:large, max-video-preview:-1\" \/>\n<link rel=\"canonical\" href=\"https:\/\/www.trustedtranslations.com\/it\/chi-siamo\/contatti\/dallas\" \/>\n<meta property=\"og:locale\" content=\"it_IT\" \/>\n<meta property=\"og:type\" content=\"article\" \/>\n<meta property=\"og:title\" content=\"Servizi di traduzione a Dallas - Azienda leader nel settore delle traduzioni in Texas - Trusted Translations, Inc.\" \/>\n<meta property=\"og:description\" content=\"Trusted Translations, Inc. Dallas, Texas. Leader nel settore delle traduzioni. Qualit\u00e0 comprovata alle migliori tariffe. Richiedi un preventivo o una consulenza gratuita.\" \/>\n<meta property=\"og:url\" content=\"https:\/\/www.trustedtranslations.com\/it\/chi-siamo\/contatti\/dallas\" \/>\n<meta property=\"og:site_name\" content=\"Trusted Translations, Inc.\" \/>\n<meta property=\"article:publisher\" content=\"https:\/\/www.facebook.com\/Trusted.Translations\" \/>\n<meta property=\"article:modified_time\" content=\"2025-11-21T15:36:44+00:00\" \/>\n<meta property=\"og:image\" content=\"https:\/\/www.trustedtranslations.com\/wp-content\/uploads\/2024\/05\/dallas-final-1-1.webp\" \/>\n\t<meta property=\"og:image:width\" content=\"600\" \/>\n\t<meta property=\"og:image:height\" content=\"400\" \/>\n\t<meta property=\"og:image:type\" content=\"image\/webp\" \/>\n<meta name=\"twitter:card\" content=\"summary_large_image\" \/>\n<meta name=\"twitter:site\" content=\"@TrustedT9ns\" \/>\n<script type=\"application\/ld+json\" class=\"yoast-schema-graph\">{\"@context\":\"https:\\\/\\\/schema.org\",\"@graph\":[{\"@type\":\"WebPage\",\"@id\":\"https:\\\/\\\/www.trustedtranslations.com\\\/it\\\/chi-siamo\\\/contatti\\\/dallas\",\"url\":\"https:\\\/\\\/www.trustedtranslations.com\\\/it\\\/chi-siamo\\\/contatti\\\/dallas\",\"name\":\"Servizi di traduzione a Dallas - Azienda leader nel settore delle traduzioni in Texas - Trusted Translations, Inc.\",\"isPartOf\":{\"@id\":\"https:\\\/\\\/www.trustedtranslations.com\\\/it\\\/#website\"},\"primaryImageOfPage\":{\"@id\":\"https:\\\/\\\/www.trustedtranslations.com\\\/it\\\/chi-siamo\\\/contatti\\\/dallas#primaryimage\"},\"image\":{\"@id\":\"https:\\\/\\\/www.trustedtranslations.com\\\/it\\\/chi-siamo\\\/contatti\\\/dallas#primaryimage\"},\"thumbnailUrl\":\"https:\\\/\\\/www.trustedtranslations.com\\\/wp-content\\\/uploads\\\/2024\\\/05\\\/dallas-final-1-1.webp\",\"description\":\"Trusted Translations, Inc. Dallas, Texas. Leader nel settore delle traduzioni. Qualit\u00e0 comprovata alle migliori tariffe. Richiedi un preventivo o una consulenza gratuita.\",\"breadcrumb\":{\"@id\":\"https:\\\/\\\/www.trustedtranslations.com\\\/it\\\/chi-siamo\\\/contatti\\\/dallas#breadcrumb\"},\"inLanguage\":\"it-IT\",\"potentialAction\":[{\"@type\":\"ReadAction\",\"target\":[\"https:\\\/\\\/www.trustedtranslations.com\\\/it\\\/chi-siamo\\\/contatti\\\/dallas\"]}]},{\"@type\":\"ImageObject\",\"inLanguage\":\"it-IT\",\"@id\":\"https:\\\/\\\/www.trustedtranslations.com\\\/it\\\/chi-siamo\\\/contatti\\\/dallas#primaryimage\",\"url\":\"https:\\\/\\\/www.trustedtranslations.com\\\/wp-content\\\/uploads\\\/2024\\\/05\\\/dallas-final-1-1.webp\",\"contentUrl\":\"https:\\\/\\\/www.trustedtranslations.com\\\/wp-content\\\/uploads\\\/2024\\\/05\\\/dallas-final-1-1.webp\",\"width\":600,\"height\":400,\"caption\":\"dallas final 1 1\"},{\"@type\":\"BreadcrumbList\",\"@id\":\"https:\\\/\\\/www.trustedtranslations.com\\\/it\\\/chi-siamo\\\/contatti\\\/dallas#breadcrumb\",\"itemListElement\":[{\"@type\":\"ListItem\",\"position\":1,\"name\":\"Home\",\"item\":\"https:\\\/\\\/www.trustedtranslations.com\\\/it\"},{\"@type\":\"ListItem\",\"position\":2,\"name\":\"Chi siamo\",\"item\":\"https:\\\/\\\/www.trustedtranslations.com\\\/it\\\/chi-siamo\"},{\"@type\":\"ListItem\",\"position\":3,\"name\":\"Contatti\",\"item\":\"https:\\\/\\\/www.trustedtranslations.com\\\/it\\\/chi-siamo\\\/contatti\"},{\"@type\":\"ListItem\",\"position\":4,\"name\":\"Dallas\"}]},{\"@type\":\"WebSite\",\"@id\":\"https:\\\/\\\/www.trustedtranslations.com\\\/it\\\/#website\",\"url\":\"https:\\\/\\\/www.trustedtranslations.com\\\/it\\\/\",\"name\":\"Trusted Translations, Inc.\",\"description\":\"Leader in translation and interpretation services.\",\"publisher\":{\"@id\":\"https:\\\/\\\/www.trustedtranslations.com\\\/it\\\/#organization\"},\"alternateName\":\"Trusted Translations\",\"potentialAction\":[{\"@type\":\"SearchAction\",\"target\":{\"@type\":\"EntryPoint\",\"urlTemplate\":\"https:\\\/\\\/www.trustedtranslations.com\\\/it\\\/?s={search_term_string}\"},\"query-input\":{\"@type\":\"PropertyValueSpecification\",\"valueRequired\":true,\"valueName\":\"search_term_string\"}}],\"inLanguage\":\"it-IT\"},{\"@type\":\"Organization\",\"@id\":\"https:\\\/\\\/www.trustedtranslations.com\\\/it\\\/#organization\",\"name\":\"Trusted Translations\",\"alternateName\":\"Trusted Translations, Inc.\",\"url\":\"https:\\\/\\\/www.trustedtranslations.com\\\/it\\\/\",\"logo\":{\"@type\":\"ImageObject\",\"inLanguage\":\"it-IT\",\"@id\":\"https:\\\/\\\/www.trustedtranslations.com\\\/it\\\/#\\\/schema\\\/logo\\\/image\\\/\",\"url\":\"https:\\\/\\\/static.trustedtranslations.com\\\/wp-content\\\/uploads\\\/2022\\\/01\\\/TT_logo_WSIColors-2.png\",\"contentUrl\":\"https:\\\/\\\/static.trustedtranslations.com\\\/wp-content\\\/uploads\\\/2022\\\/01\\\/TT_logo_WSIColors-2.png\",\"width\":500,\"height\":196,\"caption\":\"Trusted Translations\"},\"image\":{\"@id\":\"https:\\\/\\\/www.trustedtranslations.com\\\/it\\\/#\\\/schema\\\/logo\\\/image\\\/\"},\"sameAs\":[\"https:\\\/\\\/www.facebook.com\\\/Trusted.Translations\",\"https:\\\/\\\/x.com\\\/TrustedT9ns\",\"https:\\\/\\\/www.linkedin.com\\\/company\\\/trusted-translations\"]}]}<\/script>\n<!-- \/ Yoast SEO plugin. -->","yoast_head_json":{"title":"Servizi di traduzione a Dallas - Azienda leader nel settore delle traduzioni in Texas - Trusted Translations, Inc.","description":"Trusted Translations, Inc. Dallas, Texas. Leader nel settore delle traduzioni. Qualit\u00e0 comprovata alle migliori tariffe. Richiedi un preventivo o una consulenza gratuita.","robots":{"index":"index","follow":"follow","max-snippet":"max-snippet:-1","max-image-preview":"max-image-preview:large","max-video-preview":"max-video-preview:-1"},"canonical":"https:\/\/www.trustedtranslations.com\/it\/chi-siamo\/contatti\/dallas","og_locale":"it_IT","og_type":"article","og_title":"Servizi di traduzione a Dallas - Azienda leader nel settore delle traduzioni in Texas - Trusted Translations, Inc.","og_description":"Trusted Translations, Inc. Dallas, Texas. Leader nel settore delle traduzioni. Qualit\u00e0 comprovata alle migliori tariffe. Richiedi un preventivo o una consulenza gratuita.","og_url":"https:\/\/www.trustedtranslations.com\/it\/chi-siamo\/contatti\/dallas","og_site_name":"Trusted Translations, Inc.","article_publisher":"https:\/\/www.facebook.com\/Trusted.Translations","article_modified_time":"2025-11-21T15:36:44+00:00","og_image":[{"width":600,"height":400,"url":"https:\/\/www.trustedtranslations.com\/wp-content\/uploads\/2024\/05\/dallas-final-1-1.webp","type":"image\/webp"}],"twitter_card":"summary_large_image","twitter_site":"@TrustedT9ns","schema":{"@context":"https:\/\/schema.org","@graph":[{"@type":"WebPage","@id":"https:\/\/www.trustedtranslations.com\/it\/chi-siamo\/contatti\/dallas","url":"https:\/\/www.trustedtranslations.com\/it\/chi-siamo\/contatti\/dallas","name":"Servizi di traduzione a Dallas - Azienda leader nel settore delle traduzioni in Texas - Trusted Translations, Inc.","isPartOf":{"@id":"https:\/\/www.trustedtranslations.com\/it\/#website"},"primaryImageOfPage":{"@id":"https:\/\/www.trustedtranslations.com\/it\/chi-siamo\/contatti\/dallas#primaryimage"},"image":{"@id":"https:\/\/www.trustedtranslations.com\/it\/chi-siamo\/contatti\/dallas#primaryimage"},"thumbnailUrl":"https:\/\/www.trustedtranslations.com\/wp-content\/uploads\/2024\/05\/dallas-final-1-1.webp","description":"Trusted Translations, Inc. Dallas, Texas. Leader nel settore delle traduzioni. Qualit\u00e0 comprovata alle migliori tariffe. Richiedi un preventivo o una consulenza gratuita.","breadcrumb":{"@id":"https:\/\/www.trustedtranslations.com\/it\/chi-siamo\/contatti\/dallas#breadcrumb"},"inLanguage":"it-IT","potentialAction":[{"@type":"ReadAction","target":["https:\/\/www.trustedtranslations.com\/it\/chi-siamo\/contatti\/dallas"]}]},{"@type":"ImageObject","inLanguage":"it-IT","@id":"https:\/\/www.trustedtranslations.com\/it\/chi-siamo\/contatti\/dallas#primaryimage","url":"https:\/\/www.trustedtranslations.com\/wp-content\/uploads\/2024\/05\/dallas-final-1-1.webp","contentUrl":"https:\/\/www.trustedtranslations.com\/wp-content\/uploads\/2024\/05\/dallas-final-1-1.webp","width":600,"height":400,"caption":"dallas final 1 1"},{"@type":"BreadcrumbList","@id":"https:\/\/www.trustedtranslations.com\/it\/chi-siamo\/contatti\/dallas#breadcrumb","itemListElement":[{"@type":"ListItem","position":1,"name":"Home","item":"https:\/\/www.trustedtranslations.com\/it"},{"@type":"ListItem","position":2,"name":"Chi siamo","item":"https:\/\/www.trustedtranslations.com\/it\/chi-siamo"},{"@type":"ListItem","position":3,"name":"Contatti","item":"https:\/\/www.trustedtranslations.com\/it\/chi-siamo\/contatti"},{"@type":"ListItem","position":4,"name":"Dallas"}]},{"@type":"WebSite","@id":"https:\/\/www.trustedtranslations.com\/it\/#website","url":"https:\/\/www.trustedtranslations.com\/it\/","name":"Trusted Translations, Inc.","description":"Leader in translation and interpretation services.","publisher":{"@id":"https:\/\/www.trustedtranslations.com\/it\/#organization"},"alternateName":"Trusted Translations","potentialAction":[{"@type":"SearchAction","target":{"@type":"EntryPoint","urlTemplate":"https:\/\/www.trustedtranslations.com\/it\/?s={search_term_string}"},"query-input":{"@type":"PropertyValueSpecification","valueRequired":true,"valueName":"search_term_string"}}],"inLanguage":"it-IT"},{"@type":"Organization","@id":"https:\/\/www.trustedtranslations.com\/it\/#organization","name":"Trusted Translations","alternateName":"Trusted Translations, Inc.","url":"https:\/\/www.trustedtranslations.com\/it\/","logo":{"@type":"ImageObject","inLanguage":"it-IT","@id":"https:\/\/www.trustedtranslations.com\/it\/#\/schema\/logo\/image\/","url":"https:\/\/static.trustedtranslations.com\/wp-content\/uploads\/2022\/01\/TT_logo_WSIColors-2.png","contentUrl":"https:\/\/static.trustedtranslations.com\/wp-content\/uploads\/2022\/01\/TT_logo_WSIColors-2.png","width":500,"height":196,"caption":"Trusted Translations"},"image":{"@id":"https:\/\/www.trustedtranslations.com\/it\/#\/schema\/logo\/image\/"},"sameAs":["https:\/\/www.facebook.com\/Trusted.Translations","https:\/\/x.com\/TrustedT9ns","https:\/\/www.linkedin.com\/company\/trusted-translations"]}]}},"toolset-meta":{"dyk":{"mensaje-1":{"type":"textfield","raw":"Siamo un fornitore comprovato delle migliori aziende con sede a Dallas, tra cui Aetna e Goodman Global."},"mensaje-2":{"type":"textfield","raw":"Siamo orgogliosi partner del Baylor College of Medicine."},"mensaje-3":{"type":"textfield","raw":"I nostri rappresentanti locali a Dallas sono disponibili 18 ore al giorno, 7 giorni su 7."},"mensaje-4":{"type":"textfield","raw":""},"mensaje-5":{"type":"textfield","raw":""},"mensaje-6":{"type":"textfield","raw":""}},"single-page-template-fields":{"imgs-temp":{"type":"image","raw":["https:\/\/static.trustedtranslations.com\/wp-content\/uploads\/2024\/05\/dallas-final-2.webp"],"repeatable":[{"raw":"https:\/\/static.trustedtranslations.com\/wp-content\/uploads\/2024\/05\/dallas-final-2.webp"}]},"imgs-temp-cel":{"type":"image","raw":[""],"repeatable":[{"raw":""}]},"img-temp-one-cel":{"type":"image","raw":"https:\/\/static.trustedtranslations.com\/wp-content\/uploads\/2024\/05\/dallas-final-1-1.webp","attachment_id":null},"quotes":{"type":"textarea","raw":"<h1 style=\"margin-bottom:12px\">Servizi di traduzione a Dallas<\/h1>\r\n<p>\r\n    <span><i class=\"fa fa-map-pin\"><\/i> 17304 Preston Road #800\r\n        Dallas, TX, 75252\r\n        United States<\/span>\r\n    <a style=\"color: #2a2a2a; text-decoration: none;\" href=\"tel:+12144325927\"><i class=\"fa fa-phone\"><\/i>  +1 (214) 432-5927<\/a>\r\n    <a style=\"color: #2a2a2a; text-decoration: none;\" href=\"mailto:dallas@trustedtranslations.com\"><i class=\"fa fa-envelope\"><\/i> dallas@trustedtranslations.com<\/a>\r\n<\/p>\r\n<div style=\"margin-top: 2.5vw;\"><a class=\"tt-btn-main-cta\" href=\"#tree-form\">Richiedi un preventivo gratuito<\/a><\/div>"},"text-1":{"type":"textarea","raw":"<h2>Mappa della filiale di Dallas<\/h2>"},"shortcode-map":{"type":"textfield","raw":"[mostrar_mapa url=\"https:\/\/www.google.com\/maps\/embed?pb=!1m18!1m12!1m3!1d3346.647927535265!2d-96.80438964912328!3d32.98668938081559!2m3!1f0!2f0!3f0!3m2!1i1024!2i768!4f13.1!3m3!1m2!1s0x864c23d7778f108d%3A0x69f03468019a74a3!2s17304+Preston+Rd+%23800%2C+Dallas%2C+TX+75252%2C+EE.+UU.!5e0!3m2!1ses-419!2sar!4v1532979382001\" width=\"600px\" height=\"450px\"]"},"dyk-shortcode":{"type":"textfield","raw":"[elementor-template id=\"146751\"]"},"text-2":{"type":"textarea","raw":"<h2>Servizi di traduzione professionale a Dallas<\/h2>\r\n<img class=\"wp-image-139949 alignright\" src=\"https:\/\/www.trustedtranslations.com\/wp-content\/uploads\/2022\/03\/dallas-300x186.jpg\" alt=\"\" width=\"450\" height=\"279\" \/>\r\nL\u2019area di Dallas-Fort Worth ospita il terzo maggior numero di uffici delle aziende Fortune 500 negli Stati Uniti, in particolare nei settori dell\u2019energia, <a href=\"https:\/\/www.trustedtranslations.com\/it\/industrie\/settore-finanziario\">delle banche<\/a>, <a href=\"https:\/\/www.trustedtranslations.com\/it\/industrie\/tecnica\">della tecnologia<\/a>, <a href=\"https:\/\/www.trustedtranslations.com\/it\/servizi\/interpretariato-telefonico\">delle telecomunicazioni<\/a> e dei trasporti. <em><strong>Trusted Translations<\/strong><\/em> ha collaborato con alcune delle <a href=\"https:\/\/www.trustedtranslations.com\/it\/industrie\/business\">multinazionali<\/a> pi\u00f9 affermate di Dallas in questi settori, tra cui Aetna, Goodman Global, Baylor College of Medicine, Precision Document Solutions e Resourcing Edge.\r\n\r\n<em><strong>Trusted Translations<\/strong><\/em> sfrutta la propria conoscenza della zona per adattare le traduzioni al pubblico locale. Oltre il 34% della popolazione di Dallas \u00e8 composta da <a href=\"https:\/\/www.trustedtranslations.com\/it\/lingua\/spagnolo\/caratteristiche\/spagnolo-americano\">residenti ispanici<\/a> e <a href=\"https:\/\/www.trustedtranslations.com\/it\/lingua\/spagnolo\/traduzione-dallinglese-allo-spagnolo\">lo spagnolo<\/a> \u00e8 la seconda lingua pi\u00f9 parlata della zona. In effetti, la Federal Reserve Bank di Dallas ha rilevato che il 95% dei manager e degli imprenditori di Dallas utilizza un po\u2019 di spagnolo al lavoro. Data la vicinanza di Dallas al Messico, la variante spagnola parlata a Dallas \u00e8 prevalentemente lo <a href=\"https:\/\/www.trustedtranslations.com\/it\/lingua\/spagnolo\/caratteristiche\/latino-americano-spagnolo\">spagnolo messicano<\/a>. Dallas si caratterizza anche per un gran numero di residenti dal forte <a href=\"https:\/\/www.trustedtranslations.com\/it\/lingua\/cinese\">background asiatico<\/a>.\r\n<h2 style=\"padding-bottom: 20px\">Informazioni sulla citt\u00e0 di Dallas<\/h2>\r\nDallas \u00e8 l\u2019ottava citt\u00e0 pi\u00f9 grande degli Stati Uniti e la terza pi\u00f9 grande del Texas. L\u2019area metropolitana di Dallas, composta da Dallas, Fort Worth e Arlington, \u00e8 la quarta area metropolitana degli Stati Uniti con una popolazione totale di oltre sette milioni di persone."},"state":{"type":"textfield","raw":""},"city":{"type":"textarea","raw":[""]}}},"_links":{"self":[{"href":"https:\/\/www.trustedtranslations.com\/it\/wp-json\/wp\/v2\/pages\/123171","targetHints":{"allow":["GET"]}}],"collection":[{"href":"https:\/\/www.trustedtranslations.com\/it\/wp-json\/wp\/v2\/pages"}],"about":[{"href":"https:\/\/www.trustedtranslations.com\/it\/wp-json\/wp\/v2\/types\/page"}],"author":[{"embeddable":true,"href":"https:\/\/www.trustedtranslations.com\/it\/wp-json\/wp\/v2\/users\/1"}],"replies":[{"embeddable":true,"href":"https:\/\/www.trustedtranslations.com\/it\/wp-json\/wp\/v2\/comments?post=123171"}],"version-history":[{"count":0,"href":"https:\/\/www.trustedtranslations.com\/it\/wp-json\/wp\/v2\/pages\/123171\/revisions"}],"up":[{"embeddable":true,"href":"https:\/\/www.trustedtranslations.com\/it\/wp-json\/wp\/v2\/pages\/123250"}],"wp:featuredmedia":[{"embeddable":true,"href":"https:\/\/www.trustedtranslations.com\/it\/wp-json\/wp\/v2\/media\/256577"}],"wp:attachment":[{"href":"https:\/\/www.trustedtranslations.com\/it\/wp-json\/wp\/v2\/media?parent=123171"}],"curies":[{"name":"wp","href":"https:\/\/api.w.org\/{rel}","templated":true}]}}