{"id":123185,"date":"2020-01-08T13:50:14","date_gmt":"2020-01-08T13:50:14","guid":{"rendered":"https:\/\/www.trustedtranslations.com\/?page_id=123185"},"modified":"2024-11-06T16:14:00","modified_gmt":"2024-11-06T19:14:00","slug":"russo","status":"publish","type":"page","link":"https:\/\/www.trustedtranslations.com\/it\/lingua\/russo","title":{"rendered":"Russo"},"content":{"rendered":"","protected":false},"excerpt":{"rendered":"","protected":false},"author":1,"featured_media":177437,"parent":123365,"menu_order":0,"comment_status":"closed","ping_status":"closed","template":"","meta":{"site-sidebar-layout":"default","site-content-layout":"default","ast-site-content-layout":"default","site-content-style":"default","site-sidebar-style":"default","ast-global-header-display":"","ast-banner-title-visibility":"","ast-main-header-display":"","ast-hfb-above-header-display":"","ast-hfb-below-header-display":"","ast-hfb-mobile-header-display":"","site-post-title":"disabled","ast-breadcrumbs-content":"","ast-featured-img":"","footer-sml-layout":"","theme-transparent-header-meta":"default","adv-header-id-meta":"","stick-header-meta":"","header-above-stick-meta":"","header-main-stick-meta":"","header-below-stick-meta":"","astra-migrate-meta-layouts":"set","ast-page-background-enabled":"default","ast-page-background-meta":{"desktop":{"background-color":"var(--ast-global-color-4)","background-image":"","background-repeat":"repeat","background-position":"center center","background-size":"auto","background-attachment":"scroll","background-type":"","background-media":"","overlay-type":"","overlay-color":"","overlay-opacity":"","overlay-gradient":""},"tablet":{"background-color":"","background-image":"","background-repeat":"repeat","background-position":"center center","background-size":"auto","background-attachment":"scroll","background-type":"","background-media":"","overlay-type":"","overlay-color":"","overlay-opacity":"","overlay-gradient":""},"mobile":{"background-color":"","background-image":"","background-repeat":"repeat","background-position":"center center","background-size":"auto","background-attachment":"scroll","background-type":"","background-media":"","overlay-type":"","overlay-color":"","overlay-opacity":"","overlay-gradient":""}},"ast-content-background-meta":{"desktop":{"background-color":"var(--ast-global-color-5)","background-image":"","background-repeat":"repeat","background-position":"center center","background-size":"auto","background-attachment":"scroll","background-type":"","background-media":"","overlay-type":"","overlay-color":"","overlay-opacity":"","overlay-gradient":""},"tablet":{"background-color":"var(--ast-global-color-5)","background-image":"","background-repeat":"repeat","background-position":"center center","background-size":"auto","background-attachment":"scroll","background-type":"","background-media":"","overlay-type":"","overlay-color":"","overlay-opacity":"","overlay-gradient":""},"mobile":{"background-color":"var(--ast-global-color-5)","background-image":"","background-repeat":"repeat","background-position":"center center","background-size":"auto","background-attachment":"scroll","background-type":"","background-media":"","overlay-type":"","overlay-color":"","overlay-opacity":"","overlay-gradient":""}},"footnotes":""},"class_list":["post-123185","page","type-page","status-publish","has-post-thumbnail","hentry"],"yoast_head":"<!-- This site is optimized with the Yoast SEO plugin v27.5 - https:\/\/yoast.com\/product\/yoast-seo-wordpress\/ -->\n<title>Servizi di traduzione da e verso il russo - Trusted Translations, Inc.<\/title>\n<meta name=\"description\" content=\"Ottieni servizi di traduzione in russo da parte di esperti con Trusted Translations. I nostri traduttori madrelingua garantiscono traduzioni precise e accurate. Contattaci oggi stesso\" \/>\n<meta name=\"robots\" content=\"index, follow, max-snippet:-1, max-image-preview:large, max-video-preview:-1\" \/>\n<link rel=\"canonical\" href=\"https:\/\/www.trustedtranslations.com\/it\/lingua\/russo\" \/>\n<meta property=\"og:locale\" content=\"it_IT\" \/>\n<meta property=\"og:type\" content=\"article\" \/>\n<meta property=\"og:title\" content=\"Servizi di traduzione da e verso il russo - Trusted Translations, Inc.\" \/>\n<meta property=\"og:description\" content=\"Ottieni servizi di traduzione in russo da parte di esperti con Trusted Translations. I nostri traduttori madrelingua garantiscono traduzioni precise e accurate. Contattaci oggi stesso\" \/>\n<meta property=\"og:url\" content=\"https:\/\/www.trustedtranslations.com\/it\/lingua\/russo\" \/>\n<meta property=\"og:site_name\" content=\"Trusted Translations, Inc.\" \/>\n<meta property=\"article:publisher\" content=\"https:\/\/www.facebook.com\/Trusted.Translations\" \/>\n<meta property=\"article:modified_time\" content=\"2024-11-06T19:14:00+00:00\" \/>\n<meta property=\"og:image\" content=\"https:\/\/www.trustedtranslations.com\/wp-content\/uploads\/2022\/06\/tt-logo-2-1.webp\" \/>\n\t<meta property=\"og:image:width\" content=\"216\" \/>\n\t<meta property=\"og:image:height\" content=\"94\" \/>\n\t<meta property=\"og:image:type\" content=\"image\/webp\" \/>\n<meta name=\"twitter:card\" content=\"summary_large_image\" \/>\n<meta name=\"twitter:site\" content=\"@TrustedT9ns\" \/>\n<script type=\"application\/ld+json\" class=\"yoast-schema-graph\">{\"@context\":\"https:\\\/\\\/schema.org\",\"@graph\":[{\"@type\":\"WebPage\",\"@id\":\"https:\\\/\\\/www.trustedtranslations.com\\\/it\\\/lingua\\\/russo\",\"url\":\"https:\\\/\\\/www.trustedtranslations.com\\\/it\\\/lingua\\\/russo\",\"name\":\"Servizi di traduzione da e verso il russo - Trusted Translations, Inc.\",\"isPartOf\":{\"@id\":\"https:\\\/\\\/www.trustedtranslations.com\\\/it\\\/#website\"},\"primaryImageOfPage\":{\"@id\":\"https:\\\/\\\/www.trustedtranslations.com\\\/it\\\/lingua\\\/russo#primaryimage\"},\"image\":{\"@id\":\"https:\\\/\\\/www.trustedtranslations.com\\\/it\\\/lingua\\\/russo#primaryimage\"},\"thumbnailUrl\":\"\",\"description\":\"Ottieni servizi di traduzione in russo da parte di esperti con Trusted Translations. I nostri traduttori madrelingua garantiscono traduzioni precise e accurate. Contattaci oggi stesso\",\"breadcrumb\":{\"@id\":\"https:\\\/\\\/www.trustedtranslations.com\\\/it\\\/lingua\\\/russo#breadcrumb\"},\"inLanguage\":\"it-IT\",\"potentialAction\":[{\"@type\":\"ReadAction\",\"target\":[\"https:\\\/\\\/www.trustedtranslations.com\\\/it\\\/lingua\\\/russo\"]}]},{\"@type\":\"ImageObject\",\"inLanguage\":\"it-IT\",\"@id\":\"https:\\\/\\\/www.trustedtranslations.com\\\/it\\\/lingua\\\/russo#primaryimage\",\"url\":\"\",\"contentUrl\":\"\"},{\"@type\":\"BreadcrumbList\",\"@id\":\"https:\\\/\\\/www.trustedtranslations.com\\\/it\\\/lingua\\\/russo#breadcrumb\",\"itemListElement\":[{\"@type\":\"ListItem\",\"position\":1,\"name\":\"Home\",\"item\":\"https:\\\/\\\/www.trustedtranslations.com\\\/it\"},{\"@type\":\"ListItem\",\"position\":2,\"name\":\"Lingue\",\"item\":\"https:\\\/\\\/www.trustedtranslations.com\\\/it\\\/lingua\"},{\"@type\":\"ListItem\",\"position\":3,\"name\":\"Russo\"}]},{\"@type\":\"WebSite\",\"@id\":\"https:\\\/\\\/www.trustedtranslations.com\\\/it\\\/#website\",\"url\":\"https:\\\/\\\/www.trustedtranslations.com\\\/it\\\/\",\"name\":\"Trusted Translations, Inc.\",\"description\":\"Leader in translation and interpretation services.\",\"publisher\":{\"@id\":\"https:\\\/\\\/www.trustedtranslations.com\\\/it\\\/#organization\"},\"alternateName\":\"Trusted Translations\",\"potentialAction\":[{\"@type\":\"SearchAction\",\"target\":{\"@type\":\"EntryPoint\",\"urlTemplate\":\"https:\\\/\\\/www.trustedtranslations.com\\\/it\\\/?s={search_term_string}\"},\"query-input\":{\"@type\":\"PropertyValueSpecification\",\"valueRequired\":true,\"valueName\":\"search_term_string\"}}],\"inLanguage\":\"it-IT\"},{\"@type\":\"Organization\",\"@id\":\"https:\\\/\\\/www.trustedtranslations.com\\\/it\\\/#organization\",\"name\":\"Trusted Translations\",\"alternateName\":\"Trusted Translations, Inc.\",\"url\":\"https:\\\/\\\/www.trustedtranslations.com\\\/it\\\/\",\"logo\":{\"@type\":\"ImageObject\",\"inLanguage\":\"it-IT\",\"@id\":\"https:\\\/\\\/www.trustedtranslations.com\\\/it\\\/#\\\/schema\\\/logo\\\/image\\\/\",\"url\":\"https:\\\/\\\/static.trustedtranslations.com\\\/wp-content\\\/uploads\\\/2022\\\/01\\\/TT_logo_WSIColors-2.png\",\"contentUrl\":\"https:\\\/\\\/static.trustedtranslations.com\\\/wp-content\\\/uploads\\\/2022\\\/01\\\/TT_logo_WSIColors-2.png\",\"width\":500,\"height\":196,\"caption\":\"Trusted Translations\"},\"image\":{\"@id\":\"https:\\\/\\\/www.trustedtranslations.com\\\/it\\\/#\\\/schema\\\/logo\\\/image\\\/\"},\"sameAs\":[\"https:\\\/\\\/www.facebook.com\\\/Trusted.Translations\",\"https:\\\/\\\/x.com\\\/TrustedT9ns\",\"https:\\\/\\\/www.linkedin.com\\\/company\\\/trusted-translations\"]}]}<\/script>\n<!-- \/ Yoast SEO plugin. -->","yoast_head_json":{"title":"Servizi di traduzione da e verso il russo - Trusted Translations, Inc.","description":"Ottieni servizi di traduzione in russo da parte di esperti con Trusted Translations. I nostri traduttori madrelingua garantiscono traduzioni precise e accurate. Contattaci oggi stesso","robots":{"index":"index","follow":"follow","max-snippet":"max-snippet:-1","max-image-preview":"max-image-preview:large","max-video-preview":"max-video-preview:-1"},"canonical":"https:\/\/www.trustedtranslations.com\/it\/lingua\/russo","og_locale":"it_IT","og_type":"article","og_title":"Servizi di traduzione da e verso il russo - Trusted Translations, Inc.","og_description":"Ottieni servizi di traduzione in russo da parte di esperti con Trusted Translations. I nostri traduttori madrelingua garantiscono traduzioni precise e accurate. Contattaci oggi stesso","og_url":"https:\/\/www.trustedtranslations.com\/it\/lingua\/russo","og_site_name":"Trusted Translations, Inc.","article_publisher":"https:\/\/www.facebook.com\/Trusted.Translations","article_modified_time":"2024-11-06T19:14:00+00:00","og_image":[{"width":216,"height":94,"url":"https:\/\/www.trustedtranslations.com\/wp-content\/uploads\/2022\/06\/tt-logo-2-1.webp","type":"image\/webp"}],"twitter_card":"summary_large_image","twitter_site":"@TrustedT9ns","schema":{"@context":"https:\/\/schema.org","@graph":[{"@type":"WebPage","@id":"https:\/\/www.trustedtranslations.com\/it\/lingua\/russo","url":"https:\/\/www.trustedtranslations.com\/it\/lingua\/russo","name":"Servizi di traduzione da e verso il russo - Trusted Translations, Inc.","isPartOf":{"@id":"https:\/\/www.trustedtranslations.com\/it\/#website"},"primaryImageOfPage":{"@id":"https:\/\/www.trustedtranslations.com\/it\/lingua\/russo#primaryimage"},"image":{"@id":"https:\/\/www.trustedtranslations.com\/it\/lingua\/russo#primaryimage"},"thumbnailUrl":"","description":"Ottieni servizi di traduzione in russo da parte di esperti con Trusted Translations. I nostri traduttori madrelingua garantiscono traduzioni precise e accurate. Contattaci oggi stesso","breadcrumb":{"@id":"https:\/\/www.trustedtranslations.com\/it\/lingua\/russo#breadcrumb"},"inLanguage":"it-IT","potentialAction":[{"@type":"ReadAction","target":["https:\/\/www.trustedtranslations.com\/it\/lingua\/russo"]}]},{"@type":"ImageObject","inLanguage":"it-IT","@id":"https:\/\/www.trustedtranslations.com\/it\/lingua\/russo#primaryimage","url":"","contentUrl":""},{"@type":"BreadcrumbList","@id":"https:\/\/www.trustedtranslations.com\/it\/lingua\/russo#breadcrumb","itemListElement":[{"@type":"ListItem","position":1,"name":"Home","item":"https:\/\/www.trustedtranslations.com\/it"},{"@type":"ListItem","position":2,"name":"Lingue","item":"https:\/\/www.trustedtranslations.com\/it\/lingua"},{"@type":"ListItem","position":3,"name":"Russo"}]},{"@type":"WebSite","@id":"https:\/\/www.trustedtranslations.com\/it\/#website","url":"https:\/\/www.trustedtranslations.com\/it\/","name":"Trusted Translations, Inc.","description":"Leader in translation and interpretation services.","publisher":{"@id":"https:\/\/www.trustedtranslations.com\/it\/#organization"},"alternateName":"Trusted Translations","potentialAction":[{"@type":"SearchAction","target":{"@type":"EntryPoint","urlTemplate":"https:\/\/www.trustedtranslations.com\/it\/?s={search_term_string}"},"query-input":{"@type":"PropertyValueSpecification","valueRequired":true,"valueName":"search_term_string"}}],"inLanguage":"it-IT"},{"@type":"Organization","@id":"https:\/\/www.trustedtranslations.com\/it\/#organization","name":"Trusted Translations","alternateName":"Trusted Translations, Inc.","url":"https:\/\/www.trustedtranslations.com\/it\/","logo":{"@type":"ImageObject","inLanguage":"it-IT","@id":"https:\/\/www.trustedtranslations.com\/it\/#\/schema\/logo\/image\/","url":"https:\/\/static.trustedtranslations.com\/wp-content\/uploads\/2022\/01\/TT_logo_WSIColors-2.png","contentUrl":"https:\/\/static.trustedtranslations.com\/wp-content\/uploads\/2022\/01\/TT_logo_WSIColors-2.png","width":500,"height":196,"caption":"Trusted Translations"},"image":{"@id":"https:\/\/www.trustedtranslations.com\/it\/#\/schema\/logo\/image\/"},"sameAs":["https:\/\/www.facebook.com\/Trusted.Translations","https:\/\/x.com\/TrustedT9ns","https:\/\/www.linkedin.com\/company\/trusted-translations"]}]}},"toolset-meta":{"dyk":{"mensaje-1":{"type":"textfield","raw":"Il 25% di tutte le pubblicazioni scientifiche prodotte a livello globale \u00e8 in lingua russa."},"mensaje-2":{"type":"textfield","raw":"Il russo \u00e8 la seconda lingua pi\u00f9 utilizzata su Internet."},"mensaje-3":{"type":"textfield","raw":"Il russo \u00e8 una delle sei lingue ufficiali delle Nazioni Unite."},"mensaje-4":{"type":"textfield","raw":"Siamo il fornitore preferito di traduzioni in russo di alta qualit\u00e0 delle migliori aziende globali."},"mensaje-5":{"type":"textfield","raw":"Siamo il fornitore preferito di traduzioni in russo di alta qualit\u00e0 delle migliori aziende globali"},"mensaje-6":{"type":"textfield","raw":"Superiamo gli standard di qualit\u00e0 ISO 9001:2015 e certifichiamo le nostre traduzioni tecniche"}},"single-page-template-fields":{"imgs-temp":{"type":"image","raw":["https:\/\/static.trustedtranslations.com\/wp-content\/uploads\/2024\/06\/russian-1.webp"],"repeatable":[{"raw":"https:\/\/static.trustedtranslations.com\/wp-content\/uploads\/2024\/06\/russian-1.webp"}]},"imgs-temp-cel":{"type":"image","raw":[""],"repeatable":[{"raw":""}]},"img-temp-one-cel":{"type":"image","raw":"https:\/\/static.trustedtranslations.com\/wp-content\/uploads\/2024\/06\/saint-basil-s-cathedral-red-squa.webp","attachment_id":null},"quotes":{"type":"textarea","raw":"<h1 style=\"margin-bottom: 12px;\">Servizi di traduzione in russo<\/h1>Il russo \u00e8 tra le prime dieci lingue pi\u00f9 parlate al mondo, nella Federazione Russa, nell\u2019Europa orientale e in varie comunit\u00e0 di immigrati. Poich\u00e9 la maggior parte dei madrelingua accede esclusivamente a contenuti in russo, una traduzione precisa \u00e8 fondamentale per sfruttare il valore geopolitico, finanziario e scientifico del russo. I traduttori di Trusted Translations sono esperti nelle complessit\u00e0 della lingua russa, inclusa la localizzazione dei progetti di traduzione in russo per specifiche comunit\u00e0 e aree geografiche.<div style=\"margin-top: 2.5vw;\"><a class=\"tt-btn-main-cta\" href=\"\/it\/quote\">RICHIEDI UN PREVENTIVO GRATUITO<\/a><\/div>"},"text-1":{"type":"textarea","raw":"<h2>Traduzioni in russo professionali e accurate<\/h2>\r\n<em>Trusted Translations<\/em> \u00e8 molto orgogliosa di fornire traduzioni professionali in russo di alta qualit\u00e0 a prezzi competitivi.\r\n\r\nMolti dei nostri clienti si collocano tra alcune delle migliori aziende e organizzazioni al mondo; ci troviamo quindi in una posizione unica per gestire qualsiasi tipo di progetto di traduzione professionale in russo di cui potreste necessitare. Dalle piccole start-up alle grandi multinazionali, <em>Trusted Translations<\/em> porta alla vostra organizzazione una vasta esperienza nelle traduzioni professionali in russo.\r\n<h2 style=\"margin-bottom: 20px\">Traduzioni in lingua russa<\/h2>\r\nIl russo \u00e8 la lingua ufficiale della Federazione Russa, la lingua coufficiale in Bielorussia, Kazakistan e Kirghizistan ed \u00e8 anche ampiamente parlato in Ucraina, Moldova, Tagikistan, Uzbekistan e in altre ex repubbliche sovietiche. A causa della vasta migrazione, il russo \u00e8 utilizzato anche in molte altre comunit\u00e0 pi\u00f9 ridotte in tutto il mondo. In Israele, ad esempio, i produttori e gli importatori di medicinali sono tenuti a includere le informazioni sul prodotto in russo sulla confezione. Circa un quarto di tutte le pubblicazioni scientifiche viene prodotto in russo, una delle sei lingue ufficiali delle Nazioni Unite. Per via della significativa presenza della lingua russa sul mercato globale, i servizi di traduzione professionale in russo sono spesso richiesti da qualsiasi organizzazione che voglia davvero destreggiarsi su tale mercato.\r\n\r\nUna delle sfide associate all\u2019utilizzo della lingua russa \u00e8 la localizzazione. Sebbene la lingua russa segua ufficialmente regole standardizzate, molte comunit\u00e0 hanno adattato la lingua per riflettere la propria posizione e ambiente specifici. Molti degli immigrati in paesi come Stati Uniti, Israele, Germania, Canada e Australia usano il russo con una terminologia locale \u201crussificata\u201d. A Brooklyn, New York, ad esempio, \u00e8 prassi comune utilizzare alcune parole in lingua inglese traslitterate nel corpo di un testo prevalentemente in lingua russa. Indipendentemente dalle sfide, <em>Trusted Translations<\/em> \u00e8 attrezzata per gestire ogni progetto particolare e fornirvi servizi di traduzione o localizzazione della massima qualit\u00e0.\r\n\r\nIndipendentemente dal tipo di contenuto delle vostre traduzioni in russo, disponiamo di team di traduttori professionisti specializzati in diversi campi. Ci\u00f2 include competenze nelle seguenti aree: finanza, IT, vendite, marketing, media, diritto, viaggi, software, comunicazioni ai consumatori, affari, telecomunicazioni, aziende, tecniche, PR, servizi medici e sanitari, governo, assicurazioni e letteratura."},"shortcode-map":{"type":"textfield","raw":""},"dyk-shortcode":{"type":"textfield","raw":"[elementor-template id=\"146751\"]"},"text-2":{"type":"textarea","raw":"<h2 style=\"margin-bottom: 20px\">Traduzione inglese \u2013 russo e traduzione spagnolo \u2013 russo<\/h2>\r\nSiamo orgogliosi della nostra eccellente reputazione per traduzioni affidabili e di alta qualit\u00e0 dall\u2019inglese al russo, dallo spagnolo al russo, dal russo all\u2019inglese e dal russo allo spagnolo. Abbiamo riunito squadre di traduttori di lingua russa con una vasta gamma di competenze e specialit\u00e0, in grado di lavorare con tutte le complessit\u00e0 di questa lingua. Adattiamo le conoscenze e i punti di forza dei nostri team di traduttori in russo al vostro specifico progetto e alle vostre specifiche esigenze di mercato di lingua russa.\r\n<h2 style=\"margin-bottom: 20px\">Team di esperti di traduzione in russo<\/h2>\r\nIl servizio svolto dai nostri team di traduzione professionale in russo include la revisione e la correzione di bozze da parte di esperti indipendenti senza costi aggiuntivi. I nostri team di professionisti offrono anche l\u2019editing e la correzione di bozze in russo per le traduzioni completate da altri fornitori."},"state":{"type":"textfield","raw":""},"city":{"type":"textarea","raw":[]}}},"_links":{"self":[{"href":"https:\/\/www.trustedtranslations.com\/it\/wp-json\/wp\/v2\/pages\/123185","targetHints":{"allow":["GET"]}}],"collection":[{"href":"https:\/\/www.trustedtranslations.com\/it\/wp-json\/wp\/v2\/pages"}],"about":[{"href":"https:\/\/www.trustedtranslations.com\/it\/wp-json\/wp\/v2\/types\/page"}],"author":[{"embeddable":true,"href":"https:\/\/www.trustedtranslations.com\/it\/wp-json\/wp\/v2\/users\/1"}],"replies":[{"embeddable":true,"href":"https:\/\/www.trustedtranslations.com\/it\/wp-json\/wp\/v2\/comments?post=123185"}],"version-history":[{"count":0,"href":"https:\/\/www.trustedtranslations.com\/it\/wp-json\/wp\/v2\/pages\/123185\/revisions"}],"up":[{"embeddable":true,"href":"https:\/\/www.trustedtranslations.com\/it\/wp-json\/wp\/v2\/pages\/123365"}],"wp:featuredmedia":[{"embeddable":true,"href":"https:\/\/www.trustedtranslations.com\/it\/wp-json\/"}],"wp:attachment":[{"href":"https:\/\/www.trustedtranslations.com\/it\/wp-json\/wp\/v2\/media?parent=123185"}],"curies":[{"name":"wp","href":"https:\/\/api.w.org\/{rel}","templated":true}]}}